{"id":2299,"date":"2022-07-02T13:02:17","date_gmt":"2022-07-02T10:02:17","guid":{"rendered":"https:\/\/www.megaguvenlik.com\/?post_type=product&#038;p=2299"},"modified":"2022-07-02T13:22:41","modified_gmt":"2022-07-02T10:22:41","slug":"rolp-r-lx-w-wf-flasorlu-yangin-alarm-sireni","status":"publish","type":"product","link":"https:\/\/www.megaguvenlik.com\/?product=rolp-r-lx-w-wf-flasorlu-yangin-alarm-sireni","title":{"rendered":"ROLP-R-LX-W-WF, Fla\u015f\u00f6rl\u00fc Yang\u0131n Alarm Sireni"},"content":{"rendered":"<p>[vc_row][vc_column width=&#8221;1\/2&#8243;][vc_column_text]<\/p>\n<ul>\n<li>Alg\u0131lama alan\u0131:<\/li>\n<li>Montaj Y\u00fcksekli\u011fi (En Fazla):<\/li>\n<li>Modeli: ROLP-R-LX-W-WF<\/li>\n<li>Paketli A\u011f\u0131rl\u0131k: 220.00 g<\/li>\n<li>Paketsiz A\u011f\u0131rl\u0131k: 200.00 g<\/li>\n<li>Boyutlar: 9135.00mm x 95.00mm x 95.00mm<\/li>\n<li>Stok Kodu: ROLP-R-LX-W-WF<\/li>\n<li>EAN:<\/li>\n<li>GT\u0130P KODU: 8531<\/li>\n<li>MPN: ROLP-R-LX-W-WF<\/li>\n<li>Marka: BOSCH<\/li>\n<\/ul>\n<p>LX Fla\u015f\u00f6rl\u00fc Sirenler sesli alarm\u0131n yan\u0131nda g\u00f6rsel alarm cihaz\u0131n\u0131n da gerekli oldu\u011fu \u00e7ift kullan\u0131m uygulamalar\u0131 i\u00e7indir.<\/p>\n<p>Cihaz, EN54-23 taraf\u0131ndan belirlenen gerekli ayd\u0131nlatmay\u0131 sa\u011flama ama\u00e7l\u0131 benzersiz bir mercek tasar\u0131m\u0131na sahiptir. Yan\u0131p s\u00f6nme h\u0131z\u0131 ve d\u00fc\u015f\u00fck kapsama alan\u0131 hacmi DIP anahtar\u0131yla ayarlanabilir. Duvar uygulamalar\u0131nda \u0131\u015f\u0131k k\u00fcbik \u015fekilde da\u011f\u0131t\u0131l\u0131r. Dahili ses transformat\u00f6r\u00fc, yang\u0131n alarmlar\u0131 i\u00e7in \u00e7e\u015fitli sinyalleri kapsayan 32 de\u011fi\u015fik ses tonu se\u00e7ene\u011fi sunar (\u00f6rne\u011fin, DIN 33404 ile uygun olarak DIN tonu) ve di\u011fer \u00f6zel mod\u00fclasyonlar.<\/p>\n<p>Sinyal cihaz\u0131nda tonlar ve ses seviyeleri 6 pinli DIP anahtar\u0131yla ayarlan\u0131r. Se\u00e7ili bir ton tipinde, ikinci giri\u015fin aktivasyonu \u00fczerine ikinci ton tipi a\u00e7\u0131l\u0131r. Ses bas\u0131nc\u0131, ton tipine, ses seviyesi ayar\u0131na ve \u00e7al\u0131\u015fma gerilimine ba\u011fl\u0131 olarak de\u011fi\u015fir. Cihaz \u00e7e\u015fitli uygulamalar i\u00e7in tasarlanm\u0131\u015ft\u0131r.<\/p>\n<ul>\n<li>Ak\u0131m t\u00fcketimi sesli cihaz\u0131n ton tipine, yan\u0131p s\u00f6nme h\u0131z\u0131na ve optik sinyal cihaz\u0131n\u0131n kapsama alan\u0131na ba\u011fl\u0131d\u0131r. Fla\u015f\u00f6rl\u00fc sirenin toplam ak\u0131m t\u00fcketimini hesaplamak i\u00e7in her iki ak\u0131m t\u00fcketimi de\u011ferini toplay\u0131n.<\/li>\n<li>A\u015fa\u011f\u0131daki yang\u0131n panellerine ba\u011flanabilir:\n<ul>\n<li>NZM 0002 A ile FPA-5000 \/ FPA-1200 veya<\/li>\n<li>FLM-420-NAC<\/li>\n<li>\u00a0FPC-500 Konvansiyonel Yang\u0131n Paneli<\/li>\n<\/ul>\n<\/li>\n<li>Cihaz, duvar uygulamalar\u0131 i\u00e7in uygundur.<\/li>\n<li>Cihaz i\u00e7 ve d\u0131\u015f mekan kullan\u0131m\u0131 i\u00e7in uygundur. (D\u0131\u015f mekan kullan\u0131m\u0131 yaln\u0131zca kablo ba\u011flant\u0131 elemanlar\u0131yla m\u00fcmk\u00fcnd\u00fcr. Bunlar \u00fcr\u00fcnle birlikte verilmez.)<\/li>\n<li>Cihaz\u0131n kapsama alan\u0131 ortam\u0131n \u0131\u015f\u0131k seviyesine ba\u011fl\u0131d\u0131r.<\/li>\n<\/ul>\n<p>Ayr\u0131ca cihaz\u0131n montaj y\u00fcksekli\u011fini de dikkate almay\u0131 unutmay\u0131n.<\/p>\n<p><strong>Sipari\u015f Kodlar\u0131:<\/strong><\/p>\n<ul>\n<li>ROLP-W-LX-W-WF, Beyaz Fla\u015f\u00f6r, Beyaz G\u00f6vde<\/li>\n<li>ROLP-W-LX-W-RF, K\u0131rm\u0131z\u0131 Fla\u015f\u00f6r, Beyaz G\u00f6vde<\/li>\n<li>ROLP-R-LX-W-WF, Beyaz Fla\u015f\u00f6r, K\u0131rm\u0131z\u0131 G\u00f6vde<\/li>\n<li>ROLP-R-LX-W-RF, K\u0131rm\u0131z\u0131 Fla\u015f\u00f6r, K\u0131rm\u0131z\u0131 G\u00f6vde<\/li>\n<\/ul>\n<pre><img loading=\"lazy\" decoding=\"async\" class=\"alignnone wp-image-2300\" src=\"https:\/\/www.megaguvenlik.com\/wp-content\/uploads\/2021\/11\/ROLP-R-LX-W-WF_dimensions-300x188.jpg\" alt=\"\" width=\"551\" height=\"345\" srcset=\"https:\/\/www.megaguvenlik.com\/wp-content\/uploads\/2021\/11\/ROLP-R-LX-W-WF_dimensions-300x188.jpg 300w, https:\/\/www.megaguvenlik.com\/wp-content\/uploads\/2021\/11\/ROLP-R-LX-W-WF_dimensions-600x376.jpg 600w, https:\/\/www.megaguvenlik.com\/wp-content\/uploads\/2021\/11\/ROLP-R-LX-W-WF_dimensions-768x482.jpg 768w, https:\/\/www.megaguvenlik.com\/wp-content\/uploads\/2021\/11\/ROLP-R-LX-W-WF_dimensions-368x230.jpg 368w, https:\/\/www.megaguvenlik.com\/wp-content\/uploads\/2021\/11\/ROLP-R-LX-W-WF_dimensions-450x282.jpg 450w, https:\/\/www.megaguvenlik.com\/wp-content\/uploads\/2021\/11\/ROLP-R-LX-W-WF_dimensions-595x373.jpg 595w, https:\/\/www.megaguvenlik.com\/wp-content\/uploads\/2021\/11\/ROLP-R-LX-W-WF_dimensions.jpg 1033w\" sizes=\"auto, (max-width: 551px) 100vw, 551px\" \/><\/pre>\n<div class=\"row\">\n<div class=\"large-12 columns margin-bottom-10\" style=\"font-weight: 300;\">\n<p>[\/vc_column_text][\/vc_column][vc_column width=&#8221;1\/2&#8243;][vc_column_text][\/vc_column_text][\/vc_column][\/vc_row]<\/p>\n<\/div>\n<\/div>\n","protected":false},"excerpt":{"rendered":"<p>ROLP-R-LX-W-WF, Fla\u015f\u00f6rl\u00fc Yang\u0131n Alarm SireniLX Fla\u015f\u00f6rl\u00fc Sirenler sesli alarm\u0131n yan\u0131nda g\u00f6rsel alarm cihaz\u0131n\u0131n da gerekli oldu\u011fu \u00e7ift kullan\u0131m uygulamalar\u0131 i\u00e7indir.Cihaz, EN54-23 taraf\u0131ndan belirlenen gerekli ayd\u0131nlatmay\u0131 sa\u011flama ama\u00e7l\u0131 benzersiz bir mercek tasar\u0131m\u0131na sahiptir. Yan\u0131p s\u00f6nme h\u0131z\u0131 ve d\u00fc\u015f\u00fck kapsama alan\u0131 hacmi DIP anahtar\u0131yla ayarlanabilir.<\/p>\n","protected":false},"featured_media":2298,"comment_status":"open","ping_status":"closed","template":"","meta":[],"product_brand":[],"product_cat":[171,169],"product_tag":[162,224,222,221,223,225],"class_list":{"0":"post-2299","1":"product","2":"type-product","3":"status-publish","4":"has-post-thumbnail","6":"product_cat-sirenler-flasorler","7":"product_cat-yangin-alarm-sistemleri","8":"product_tag-bosch","9":"product_tag-flasorlu","10":"product_tag-flasorlu-yangin-alarm-sireni","11":"product_tag-rolp-r-lx-w-wf","12":"product_tag-siren","13":"product_tag-yangin-alarm","15":"first","16":"instock","17":"taxable","18":"shipping-taxable","19":"product-type-variable","20":"has-default-attributes"},"yoast_head":"<!-- This site is optimized with the Yoast SEO plugin v26.0 - https:\/\/yoast.com\/wordpress\/plugins\/seo\/ -->\n<title>ROLP-R-LX-W-WF, Fla\u015f\u00f6rl\u00fc Yang\u0131n Alarm Sireni - Mega G\u00fcvenlik Sistemleri<\/title>\n<meta name=\"robots\" content=\"index, follow, max-snippet:-1, max-image-preview:large, max-video-preview:-1\" \/>\n<link rel=\"canonical\" href=\"https:\/\/www.megaguvenlik.com\/?product=rolp-r-lx-w-wf-flasorlu-yangin-alarm-sireni\" \/>\n<meta property=\"og:locale\" content=\"tr_TR\" \/>\n<meta property=\"og:type\" content=\"article\" \/>\n<meta property=\"og:title\" content=\"ROLP-R-LX-W-WF, Fla\u015f\u00f6rl\u00fc Yang\u0131n Alarm Sireni - Mega G\u00fcvenlik Sistemleri\" \/>\n<meta property=\"og:description\" content=\"ROLP-R-LX-W-WF, Fla\u015f\u00f6rl\u00fc Yang\u0131n Alarm SireniLX Fla\u015f\u00f6rl\u00fc Sirenler sesli alarm\u0131n yan\u0131nda g\u00f6rsel alarm cihaz\u0131n\u0131n da gerekli oldu\u011fu \u00e7ift kullan\u0131m uygulamalar\u0131 i\u00e7indir.Cihaz, EN54-23 taraf\u0131ndan belirlenen gerekli ayd\u0131nlatmay\u0131 sa\u011flama ama\u00e7l\u0131 benzersiz bir mercek tasar\u0131m\u0131na sahiptir. Yan\u0131p s\u00f6nme h\u0131z\u0131 ve d\u00fc\u015f\u00fck kapsama alan\u0131 hacmi DIP anahtar\u0131yla ayarlanabilir.\" \/>\n<meta property=\"og:url\" content=\"https:\/\/www.megaguvenlik.com\/?product=rolp-r-lx-w-wf-flasorlu-yangin-alarm-sireni\" \/>\n<meta property=\"og:site_name\" content=\"Mega G\u00fcvenlik Sistemleri\" \/>\n<meta property=\"article:modified_time\" content=\"2022-07-02T10:22:41+00:00\" \/>\n<meta property=\"og:image\" content=\"https:\/\/www.megaguvenlik.com\/wp-content\/uploads\/2021\/11\/ROLP-R-LX-W-WF-500x500-1.jpg\" \/>\n\t<meta property=\"og:image:width\" content=\"500\" \/>\n\t<meta property=\"og:image:height\" content=\"500\" \/>\n\t<meta property=\"og:image:type\" content=\"image\/jpeg\" \/>\n<meta name=\"twitter:card\" content=\"summary_large_image\" \/>\n<meta name=\"twitter:label1\" content=\"Tahmini okuma s\u00fcresi\" \/>\n\t<meta name=\"twitter:data1\" content=\"2 dakika\" \/>\n<script type=\"application\/ld+json\" class=\"yoast-schema-graph\">{\"@context\":\"https:\/\/schema.org\",\"@graph\":[{\"@type\":\"WebPage\",\"@id\":\"https:\/\/www.megaguvenlik.com\/?product=rolp-r-lx-w-wf-flasorlu-yangin-alarm-sireni\",\"url\":\"https:\/\/www.megaguvenlik.com\/?product=rolp-r-lx-w-wf-flasorlu-yangin-alarm-sireni\",\"name\":\"ROLP-R-LX-W-WF, Fla\u015f\u00f6rl\u00fc Yang\u0131n Alarm Sireni - Mega G\u00fcvenlik Sistemleri\",\"isPartOf\":{\"@id\":\"https:\/\/www.megaguvenlik.com\/#website\"},\"primaryImageOfPage\":{\"@id\":\"https:\/\/www.megaguvenlik.com\/?product=rolp-r-lx-w-wf-flasorlu-yangin-alarm-sireni#primaryimage\"},\"image\":{\"@id\":\"https:\/\/www.megaguvenlik.com\/?product=rolp-r-lx-w-wf-flasorlu-yangin-alarm-sireni#primaryimage\"},\"thumbnailUrl\":\"https:\/\/www.megaguvenlik.com\/wp-content\/uploads\/2021\/11\/ROLP-R-LX-W-WF-500x500-1.jpg\",\"datePublished\":\"2022-07-02T10:02:17+00:00\",\"dateModified\":\"2022-07-02T10:22:41+00:00\",\"breadcrumb\":{\"@id\":\"https:\/\/www.megaguvenlik.com\/?product=rolp-r-lx-w-wf-flasorlu-yangin-alarm-sireni#breadcrumb\"},\"inLanguage\":\"tr\",\"potentialAction\":[{\"@type\":\"ReadAction\",\"target\":[\"https:\/\/www.megaguvenlik.com\/?product=rolp-r-lx-w-wf-flasorlu-yangin-alarm-sireni\"]}]},{\"@type\":\"ImageObject\",\"inLanguage\":\"tr\",\"@id\":\"https:\/\/www.megaguvenlik.com\/?product=rolp-r-lx-w-wf-flasorlu-yangin-alarm-sireni#primaryimage\",\"url\":\"https:\/\/www.megaguvenlik.com\/wp-content\/uploads\/2021\/11\/ROLP-R-LX-W-WF-500x500-1.jpg\",\"contentUrl\":\"https:\/\/www.megaguvenlik.com\/wp-content\/uploads\/2021\/11\/ROLP-R-LX-W-WF-500x500-1.jpg\",\"width\":500,\"height\":500,\"caption\":\"ROLP-R-LX-W-WF-Fla\u015f\u00f6rl\u00fc Yang\u0131n Alarm Sireni\"},{\"@type\":\"BreadcrumbList\",\"@id\":\"https:\/\/www.megaguvenlik.com\/?product=rolp-r-lx-w-wf-flasorlu-yangin-alarm-sireni#breadcrumb\",\"itemListElement\":[{\"@type\":\"ListItem\",\"position\":1,\"name\":\"Anasayfa\",\"item\":\"https:\/\/www.megaguvenlik.com\/\"},{\"@type\":\"ListItem\",\"position\":2,\"name\":\"Ma\u011faza\",\"item\":\"https:\/\/www.megaguvenlik.com\/?page_id=323\"},{\"@type\":\"ListItem\",\"position\":3,\"name\":\"ROLP-R-LX-W-WF, Fla\u015f\u00f6rl\u00fc Yang\u0131n Alarm Sireni\"}]},{\"@type\":\"WebSite\",\"@id\":\"https:\/\/www.megaguvenlik.com\/#website\",\"url\":\"https:\/\/www.megaguvenlik.com\/\",\"name\":\"Mega G\u00fcvenlik Sistemleri\",\"description\":\"Kamera | Yang\u0131n Alarm | Network | Acil Anons\",\"potentialAction\":[{\"@type\":\"SearchAction\",\"target\":{\"@type\":\"EntryPoint\",\"urlTemplate\":\"https:\/\/www.megaguvenlik.com\/?s={search_term_string}\"},\"query-input\":{\"@type\":\"PropertyValueSpecification\",\"valueRequired\":true,\"valueName\":\"search_term_string\"}}],\"inLanguage\":\"tr\"}]}<\/script>\n<!-- \/ Yoast SEO plugin. -->","yoast_head_json":{"title":"ROLP-R-LX-W-WF, Fla\u015f\u00f6rl\u00fc Yang\u0131n Alarm Sireni - Mega G\u00fcvenlik Sistemleri","robots":{"index":"index","follow":"follow","max-snippet":"max-snippet:-1","max-image-preview":"max-image-preview:large","max-video-preview":"max-video-preview:-1"},"canonical":"https:\/\/www.megaguvenlik.com\/?product=rolp-r-lx-w-wf-flasorlu-yangin-alarm-sireni","og_locale":"tr_TR","og_type":"article","og_title":"ROLP-R-LX-W-WF, Fla\u015f\u00f6rl\u00fc Yang\u0131n Alarm Sireni - Mega G\u00fcvenlik Sistemleri","og_description":"ROLP-R-LX-W-WF, Fla\u015f\u00f6rl\u00fc Yang\u0131n Alarm SireniLX Fla\u015f\u00f6rl\u00fc Sirenler sesli alarm\u0131n yan\u0131nda g\u00f6rsel alarm cihaz\u0131n\u0131n da gerekli oldu\u011fu \u00e7ift kullan\u0131m uygulamalar\u0131 i\u00e7indir.Cihaz, EN54-23 taraf\u0131ndan belirlenen gerekli ayd\u0131nlatmay\u0131 sa\u011flama ama\u00e7l\u0131 benzersiz bir mercek tasar\u0131m\u0131na sahiptir. Yan\u0131p s\u00f6nme h\u0131z\u0131 ve d\u00fc\u015f\u00fck kapsama alan\u0131 hacmi DIP anahtar\u0131yla ayarlanabilir.","og_url":"https:\/\/www.megaguvenlik.com\/?product=rolp-r-lx-w-wf-flasorlu-yangin-alarm-sireni","og_site_name":"Mega G\u00fcvenlik Sistemleri","article_modified_time":"2022-07-02T10:22:41+00:00","og_image":[{"width":500,"height":500,"url":"https:\/\/www.megaguvenlik.com\/wp-content\/uploads\/2021\/11\/ROLP-R-LX-W-WF-500x500-1.jpg","type":"image\/jpeg"}],"twitter_card":"summary_large_image","twitter_misc":{"Tahmini okuma s\u00fcresi":"2 dakika"},"schema":{"@context":"https:\/\/schema.org","@graph":[{"@type":"WebPage","@id":"https:\/\/www.megaguvenlik.com\/?product=rolp-r-lx-w-wf-flasorlu-yangin-alarm-sireni","url":"https:\/\/www.megaguvenlik.com\/?product=rolp-r-lx-w-wf-flasorlu-yangin-alarm-sireni","name":"ROLP-R-LX-W-WF, Fla\u015f\u00f6rl\u00fc Yang\u0131n Alarm Sireni - Mega G\u00fcvenlik Sistemleri","isPartOf":{"@id":"https:\/\/www.megaguvenlik.com\/#website"},"primaryImageOfPage":{"@id":"https:\/\/www.megaguvenlik.com\/?product=rolp-r-lx-w-wf-flasorlu-yangin-alarm-sireni#primaryimage"},"image":{"@id":"https:\/\/www.megaguvenlik.com\/?product=rolp-r-lx-w-wf-flasorlu-yangin-alarm-sireni#primaryimage"},"thumbnailUrl":"https:\/\/www.megaguvenlik.com\/wp-content\/uploads\/2021\/11\/ROLP-R-LX-W-WF-500x500-1.jpg","datePublished":"2022-07-02T10:02:17+00:00","dateModified":"2022-07-02T10:22:41+00:00","breadcrumb":{"@id":"https:\/\/www.megaguvenlik.com\/?product=rolp-r-lx-w-wf-flasorlu-yangin-alarm-sireni#breadcrumb"},"inLanguage":"tr","potentialAction":[{"@type":"ReadAction","target":["https:\/\/www.megaguvenlik.com\/?product=rolp-r-lx-w-wf-flasorlu-yangin-alarm-sireni"]}]},{"@type":"ImageObject","inLanguage":"tr","@id":"https:\/\/www.megaguvenlik.com\/?product=rolp-r-lx-w-wf-flasorlu-yangin-alarm-sireni#primaryimage","url":"https:\/\/www.megaguvenlik.com\/wp-content\/uploads\/2021\/11\/ROLP-R-LX-W-WF-500x500-1.jpg","contentUrl":"https:\/\/www.megaguvenlik.com\/wp-content\/uploads\/2021\/11\/ROLP-R-LX-W-WF-500x500-1.jpg","width":500,"height":500,"caption":"ROLP-R-LX-W-WF-Fla\u015f\u00f6rl\u00fc Yang\u0131n Alarm Sireni"},{"@type":"BreadcrumbList","@id":"https:\/\/www.megaguvenlik.com\/?product=rolp-r-lx-w-wf-flasorlu-yangin-alarm-sireni#breadcrumb","itemListElement":[{"@type":"ListItem","position":1,"name":"Anasayfa","item":"https:\/\/www.megaguvenlik.com\/"},{"@type":"ListItem","position":2,"name":"Ma\u011faza","item":"https:\/\/www.megaguvenlik.com\/?page_id=323"},{"@type":"ListItem","position":3,"name":"ROLP-R-LX-W-WF, Fla\u015f\u00f6rl\u00fc Yang\u0131n Alarm Sireni"}]},{"@type":"WebSite","@id":"https:\/\/www.megaguvenlik.com\/#website","url":"https:\/\/www.megaguvenlik.com\/","name":"Mega G\u00fcvenlik Sistemleri","description":"Kamera | Yang\u0131n Alarm | Network | Acil Anons","potentialAction":[{"@type":"SearchAction","target":{"@type":"EntryPoint","urlTemplate":"https:\/\/www.megaguvenlik.com\/?s={search_term_string}"},"query-input":{"@type":"PropertyValueSpecification","valueRequired":true,"valueName":"search_term_string"}}],"inLanguage":"tr"}]}},"_links":{"self":[{"href":"https:\/\/www.megaguvenlik.com\/index.php?rest_route=\/wp\/v2\/product\/2299","targetHints":{"allow":["GET"]}}],"collection":[{"href":"https:\/\/www.megaguvenlik.com\/index.php?rest_route=\/wp\/v2\/product"}],"about":[{"href":"https:\/\/www.megaguvenlik.com\/index.php?rest_route=\/wp\/v2\/types\/product"}],"replies":[{"embeddable":true,"href":"https:\/\/www.megaguvenlik.com\/index.php?rest_route=%2Fwp%2Fv2%2Fcomments&post=2299"}],"wp:featuredmedia":[{"embeddable":true,"href":"https:\/\/www.megaguvenlik.com\/index.php?rest_route=\/wp\/v2\/media\/2298"}],"wp:attachment":[{"href":"https:\/\/www.megaguvenlik.com\/index.php?rest_route=%2Fwp%2Fv2%2Fmedia&parent=2299"}],"wp:term":[{"taxonomy":"product_brand","embeddable":true,"href":"https:\/\/www.megaguvenlik.com\/index.php?rest_route=%2Fwp%2Fv2%2Fproduct_brand&post=2299"},{"taxonomy":"product_cat","embeddable":true,"href":"https:\/\/www.megaguvenlik.com\/index.php?rest_route=%2Fwp%2Fv2%2Fproduct_cat&post=2299"},{"taxonomy":"product_tag","embeddable":true,"href":"https:\/\/www.megaguvenlik.com\/index.php?rest_route=%2Fwp%2Fv2%2Fproduct_tag&post=2299"}],"curies":[{"name":"wp","href":"https:\/\/api.w.org\/{rel}","templated":true}]}}