{"id":2369,"date":"2021-11-12T15:18:26","date_gmt":"2021-11-12T12:18:26","guid":{"rendered":"https:\/\/www.megaguvenlik.com\/?post_type=product&#038;p=2369"},"modified":"2022-02-14T22:34:45","modified_gmt":"2022-02-14T19:34:45","slug":"flm%e2%80%90420%e2%80%90nac-s-elektronik-adreslenebilir-siren-kontrol-modulu","status":"publish","type":"product","link":"https:\/\/www.megaguvenlik.com\/?product=flm%e2%80%90420%e2%80%90nac-s-elektronik-adreslenebilir-siren-kontrol-modulu","title":{"rendered":"FLM\u2010420\u2010NAC-S, Elektronik Adreslenebilir Siren Kontrol Mod\u00fcl\u00fc"},"content":{"rendered":"<p>[vc_row][vc_column width=&#8221;1\/2&#8243;][vc_column_text]<\/p>\n<div class=\"row\">\n<div class=\"large-12 columns margin-bottom-10\" style=\"font-weight: 300;\">\n<ul>\n<li class=\"product-model\"><b>Modeli: <\/b>FLM\u2010420\u2010NAC-S<\/li>\n<li class=\"product-weight\"><b>A\u011f\u0131rl\u0131k: <\/b>390.00g<\/li>\n<li class=\"product-dimension\"><b>Boyutlar: <\/b>126.00mm x 126.00mm x 71.00mm<\/li>\n<li class=\"product-sku\"><b>Stok Kodu: <\/b>FLM\u2010420\u2010NAC-S<\/li>\n<li class=\"product-isbn\"><b>GT\u0130P KODU: <\/b>90319000<\/li>\n<li class=\"product-mpn\"><b>MPN: <\/b>FLM\u2010420\u2010NAC-S<\/li>\n<\/ul>\n<p><span style=\"color: #e76363;\"><b>Y\u00fczeye montaj tipi kutulu Sinyal Cihaz\u0131 Arabirim Mod\u00fcl\u00fc<\/b><\/span><\/p>\n<p>FLM\u2010420\u2010NAC Sinyal Cihaz\u0131 Arabirim Mod\u00fclleri, LSN Yerel G\u00fcvenlik A\u011f\u0131ndaki bir grup sinyal cihaz\u0131n\u0131n (NAC = Notification Appliance Circuit: Bildirim Mekanizmas\u0131 Devresi) izlenebilmesini ve etkinle\u015ftirilebilmesini sa\u011flar.<\/p>\n<p>Her bir arabirim mod\u00fcl\u00fc bir izlemeli birincil hat sa\u011flar. B\u00f6ylece bir sinyal cihaz\u0131 hatt\u0131 a\u015fa\u011f\u0131daki LSN yang\u0131n panellerine ba\u011flanabilir.<\/p>\n<p><b>A\u015fa\u011f\u0131dakiler ba\u011flanabilir:<\/b><\/p>\n<ul>\n<li>Sirenler<\/li>\n<li>Yan\u0131p s\u00f6nen \u0131\u015f\u0131klar (Fla\u015f\u00f6rler)<\/li>\n<li>Kornalar<\/li>\n<\/ul>\n<p><b>\u00d6zellikleri<\/b><\/p>\n<ul>\n<li>Otomatik ve manuel adres ayarlar\u0131 i\u00e7in d\u00f6ner anahtarlar<\/li>\n<li>Kutup \u00e7evrimi ile sinyal cihaz\u0131 hatt\u0131 kontrol\u00fc<\/li>\n<li>FLM\u2010420\u2010NAC Sinyal Cihaz\u0131 Arabirim Mod\u00fcl\u00fc \u00fczerinden LSN mod\u00fcl\u00fcne ba\u011fl\u0131 t\u00fcm sinyal cihazlar\u0131n\u0131n senkronize olarak etkinle\u015ftirilmesi<\/li>\n<li>Se\u00e7ilebilir LSN \u00fczerinden on farkl\u0131 \u00e7\u0131k\u0131\u015f sinyali<\/li>\n<li>Kablo kesintisi veya k\u0131sa devre durumunda, iki entegre yal\u0131t\u0131c\u0131 sayesinde LSN devre fonksiyonlar\u0131n\u0131 korur<\/li>\n<li>Y\u00fczeye montajl\u0131 muhafaza veya DIN ray\u0131 adapt\u00f6r\u00fc ile kullan\u0131labilir<\/li>\n<\/ul>\n<\/div>\n<\/div>\n<p>[\/vc_column_text][\/vc_column][vc_column width=&#8221;1\/2&#8243;][vc_column_text][\/vc_column_text][\/vc_column][\/vc_row]<\/p>\n","protected":false},"excerpt":{"rendered":"<p><span style=\"color: #e76363;\"><b>Y\u00fczeye montaj tipi kutulu Sinyal Cihaz\u0131 Arabirim Mod\u00fcl\u00fc<\/b><\/span><\/p>\n<p>FLM\u2010420\u2010NAC Sinyal Cihaz\u0131 Arabirim Mod\u00fclleri, LSN Yerel G\u00fcvenlik A\u011f\u0131ndaki bir grup sinyal cihaz\u0131n\u0131n (NAC = Notification Appliance Circuit: Bildirim Mekanizmas\u0131 Devresi) izlenebilmesini ve etkinle\u015ftirilebilmesini sa\u011flar.<\/p>\n<p>Her bir arabirim mod\u00fcl\u00fc bir izlemeli birincil hat sa\u011flar. B\u00f6ylece bir sinyal cihaz\u0131 hatt\u0131 a\u015fa\u011f\u0131daki LSN yang\u0131n panellerine ba\u011flanabilir.<\/p>\n","protected":false},"featured_media":2371,"comment_status":"open","ping_status":"closed","template":"","meta":[],"product_brand":[],"product_cat":[175,171,169],"product_tag":[162,232,231,188],"class_list":{"0":"post-2369","1":"product","2":"type-product","3":"status-publish","4":"has-post-thumbnail","6":"product_cat-giris-cikis-modulleri","7":"product_cat-sirenler-flasorler","8":"product_cat-yangin-alarm-sistemleri","9":"product_tag-bosch","10":"product_tag-elektronik-adreslenebilir-siren-kontrol-modulu","11":"product_tag-flm420nac-s","12":"product_tag-lsn","14":"first","15":"instock","16":"featured","17":"taxable","18":"shipping-taxable","19":"product-type-simple"},"yoast_head":"<!-- This site is optimized with the Yoast SEO plugin v26.0 - https:\/\/yoast.com\/wordpress\/plugins\/seo\/ -->\n<title>FLM\u2010420\u2010NAC-S, Elektronik Adreslenebilir Siren Kontrol Mod\u00fcl\u00fc - Mega G\u00fcvenlik Sistemleri<\/title>\n<meta name=\"robots\" content=\"index, follow, max-snippet:-1, max-image-preview:large, max-video-preview:-1\" \/>\n<link rel=\"canonical\" href=\"https:\/\/www.megaguvenlik.com\/?product=flm\u2010420\u2010nac-s-elektronik-adreslenebilir-siren-kontrol-modulu\" \/>\n<meta property=\"og:locale\" content=\"tr_TR\" \/>\n<meta property=\"og:type\" content=\"article\" \/>\n<meta property=\"og:title\" content=\"FLM\u2010420\u2010NAC-S, Elektronik Adreslenebilir Siren Kontrol Mod\u00fcl\u00fc - Mega G\u00fcvenlik Sistemleri\" \/>\n<meta property=\"og:description\" content=\"Y\u00fczeye montaj tipi kutulu Sinyal Cihaz\u0131 Arabirim Mod\u00fcl\u00fc  FLM\u2010420\u2010NAC Sinyal Cihaz\u0131 Arabirim Mod\u00fclleri, LSN Yerel G\u00fcvenlik A\u011f\u0131ndaki bir grup sinyal cihaz\u0131n\u0131n (NAC = Notification Appliance Circuit: Bildirim Mekanizmas\u0131 Devresi) izlenebilmesini ve etkinle\u015ftirilebilmesini sa\u011flar.  Her bir arabirim mod\u00fcl\u00fc bir izlemeli birincil hat sa\u011flar. B\u00f6ylece bir sinyal cihaz\u0131 hatt\u0131 a\u015fa\u011f\u0131daki LSN yang\u0131n panellerine ba\u011flanabilir.\" \/>\n<meta property=\"og:url\" content=\"https:\/\/www.megaguvenlik.com\/?product=flm\u2010420\u2010nac-s-elektronik-adreslenebilir-siren-kontrol-modulu\" \/>\n<meta property=\"og:site_name\" content=\"Mega G\u00fcvenlik Sistemleri\" \/>\n<meta property=\"article:modified_time\" content=\"2022-02-14T19:34:45+00:00\" \/>\n<meta property=\"og:image\" content=\"https:\/\/www.megaguvenlik.com\/wp-content\/uploads\/2021\/11\/FLM-420-NAC-S-1.jpg\" \/>\n\t<meta property=\"og:image:width\" content=\"500\" \/>\n\t<meta property=\"og:image:height\" content=\"500\" \/>\n\t<meta property=\"og:image:type\" content=\"image\/jpeg\" \/>\n<meta name=\"twitter:card\" content=\"summary_large_image\" \/>\n<meta name=\"twitter:label1\" content=\"Tahmini okuma s\u00fcresi\" \/>\n\t<meta name=\"twitter:data1\" content=\"1 dakika\" \/>\n<script type=\"application\/ld+json\" class=\"yoast-schema-graph\">{\"@context\":\"https:\/\/schema.org\",\"@graph\":[{\"@type\":\"WebPage\",\"@id\":\"https:\/\/www.megaguvenlik.com\/?product=flm%e2%80%90420%e2%80%90nac-s-elektronik-adreslenebilir-siren-kontrol-modulu\",\"url\":\"https:\/\/www.megaguvenlik.com\/?product=flm%e2%80%90420%e2%80%90nac-s-elektronik-adreslenebilir-siren-kontrol-modulu\",\"name\":\"FLM\u2010420\u2010NAC-S, Elektronik Adreslenebilir Siren Kontrol Mod\u00fcl\u00fc - Mega G\u00fcvenlik Sistemleri\",\"isPartOf\":{\"@id\":\"https:\/\/www.megaguvenlik.com\/#website\"},\"primaryImageOfPage\":{\"@id\":\"https:\/\/www.megaguvenlik.com\/?product=flm%e2%80%90420%e2%80%90nac-s-elektronik-adreslenebilir-siren-kontrol-modulu#primaryimage\"},\"image\":{\"@id\":\"https:\/\/www.megaguvenlik.com\/?product=flm%e2%80%90420%e2%80%90nac-s-elektronik-adreslenebilir-siren-kontrol-modulu#primaryimage\"},\"thumbnailUrl\":\"https:\/\/www.megaguvenlik.com\/wp-content\/uploads\/2021\/11\/FLM-420-NAC-S-1.jpg\",\"datePublished\":\"2021-11-12T12:18:26+00:00\",\"dateModified\":\"2022-02-14T19:34:45+00:00\",\"breadcrumb\":{\"@id\":\"https:\/\/www.megaguvenlik.com\/?product=flm%e2%80%90420%e2%80%90nac-s-elektronik-adreslenebilir-siren-kontrol-modulu#breadcrumb\"},\"inLanguage\":\"tr\",\"potentialAction\":[{\"@type\":\"ReadAction\",\"target\":[\"https:\/\/www.megaguvenlik.com\/?product=flm%e2%80%90420%e2%80%90nac-s-elektronik-adreslenebilir-siren-kontrol-modulu\"]}]},{\"@type\":\"ImageObject\",\"inLanguage\":\"tr\",\"@id\":\"https:\/\/www.megaguvenlik.com\/?product=flm%e2%80%90420%e2%80%90nac-s-elektronik-adreslenebilir-siren-kontrol-modulu#primaryimage\",\"url\":\"https:\/\/www.megaguvenlik.com\/wp-content\/uploads\/2021\/11\/FLM-420-NAC-S-1.jpg\",\"contentUrl\":\"https:\/\/www.megaguvenlik.com\/wp-content\/uploads\/2021\/11\/FLM-420-NAC-S-1.jpg\",\"width\":500,\"height\":500},{\"@type\":\"BreadcrumbList\",\"@id\":\"https:\/\/www.megaguvenlik.com\/?product=flm%e2%80%90420%e2%80%90nac-s-elektronik-adreslenebilir-siren-kontrol-modulu#breadcrumb\",\"itemListElement\":[{\"@type\":\"ListItem\",\"position\":1,\"name\":\"Anasayfa\",\"item\":\"https:\/\/www.megaguvenlik.com\/\"},{\"@type\":\"ListItem\",\"position\":2,\"name\":\"Ma\u011faza\",\"item\":\"https:\/\/www.megaguvenlik.com\/?page_id=323\"},{\"@type\":\"ListItem\",\"position\":3,\"name\":\"FLM\u2010420\u2010NAC-S, Elektronik Adreslenebilir Siren Kontrol Mod\u00fcl\u00fc\"}]},{\"@type\":\"WebSite\",\"@id\":\"https:\/\/www.megaguvenlik.com\/#website\",\"url\":\"https:\/\/www.megaguvenlik.com\/\",\"name\":\"Mega G\u00fcvenlik Sistemleri\",\"description\":\"Kamera | Yang\u0131n Alarm | Network | Acil Anons\",\"potentialAction\":[{\"@type\":\"SearchAction\",\"target\":{\"@type\":\"EntryPoint\",\"urlTemplate\":\"https:\/\/www.megaguvenlik.com\/?s={search_term_string}\"},\"query-input\":{\"@type\":\"PropertyValueSpecification\",\"valueRequired\":true,\"valueName\":\"search_term_string\"}}],\"inLanguage\":\"tr\"}]}<\/script>\n<!-- \/ Yoast SEO plugin. -->","yoast_head_json":{"title":"FLM\u2010420\u2010NAC-S, Elektronik Adreslenebilir Siren Kontrol Mod\u00fcl\u00fc - Mega G\u00fcvenlik Sistemleri","robots":{"index":"index","follow":"follow","max-snippet":"max-snippet:-1","max-image-preview":"max-image-preview:large","max-video-preview":"max-video-preview:-1"},"canonical":"https:\/\/www.megaguvenlik.com\/?product=flm\u2010420\u2010nac-s-elektronik-adreslenebilir-siren-kontrol-modulu","og_locale":"tr_TR","og_type":"article","og_title":"FLM\u2010420\u2010NAC-S, Elektronik Adreslenebilir Siren Kontrol Mod\u00fcl\u00fc - Mega G\u00fcvenlik Sistemleri","og_description":"Y\u00fczeye montaj tipi kutulu Sinyal Cihaz\u0131 Arabirim Mod\u00fcl\u00fc  FLM\u2010420\u2010NAC Sinyal Cihaz\u0131 Arabirim Mod\u00fclleri, LSN Yerel G\u00fcvenlik A\u011f\u0131ndaki bir grup sinyal cihaz\u0131n\u0131n (NAC = Notification Appliance Circuit: Bildirim Mekanizmas\u0131 Devresi) izlenebilmesini ve etkinle\u015ftirilebilmesini sa\u011flar.  Her bir arabirim mod\u00fcl\u00fc bir izlemeli birincil hat sa\u011flar. B\u00f6ylece bir sinyal cihaz\u0131 hatt\u0131 a\u015fa\u011f\u0131daki LSN yang\u0131n panellerine ba\u011flanabilir.","og_url":"https:\/\/www.megaguvenlik.com\/?product=flm\u2010420\u2010nac-s-elektronik-adreslenebilir-siren-kontrol-modulu","og_site_name":"Mega G\u00fcvenlik Sistemleri","article_modified_time":"2022-02-14T19:34:45+00:00","og_image":[{"width":500,"height":500,"url":"https:\/\/www.megaguvenlik.com\/wp-content\/uploads\/2021\/11\/FLM-420-NAC-S-1.jpg","type":"image\/jpeg"}],"twitter_card":"summary_large_image","twitter_misc":{"Tahmini okuma s\u00fcresi":"1 dakika"},"schema":{"@context":"https:\/\/schema.org","@graph":[{"@type":"WebPage","@id":"https:\/\/www.megaguvenlik.com\/?product=flm%e2%80%90420%e2%80%90nac-s-elektronik-adreslenebilir-siren-kontrol-modulu","url":"https:\/\/www.megaguvenlik.com\/?product=flm%e2%80%90420%e2%80%90nac-s-elektronik-adreslenebilir-siren-kontrol-modulu","name":"FLM\u2010420\u2010NAC-S, Elektronik Adreslenebilir Siren Kontrol Mod\u00fcl\u00fc - Mega G\u00fcvenlik Sistemleri","isPartOf":{"@id":"https:\/\/www.megaguvenlik.com\/#website"},"primaryImageOfPage":{"@id":"https:\/\/www.megaguvenlik.com\/?product=flm%e2%80%90420%e2%80%90nac-s-elektronik-adreslenebilir-siren-kontrol-modulu#primaryimage"},"image":{"@id":"https:\/\/www.megaguvenlik.com\/?product=flm%e2%80%90420%e2%80%90nac-s-elektronik-adreslenebilir-siren-kontrol-modulu#primaryimage"},"thumbnailUrl":"https:\/\/www.megaguvenlik.com\/wp-content\/uploads\/2021\/11\/FLM-420-NAC-S-1.jpg","datePublished":"2021-11-12T12:18:26+00:00","dateModified":"2022-02-14T19:34:45+00:00","breadcrumb":{"@id":"https:\/\/www.megaguvenlik.com\/?product=flm%e2%80%90420%e2%80%90nac-s-elektronik-adreslenebilir-siren-kontrol-modulu#breadcrumb"},"inLanguage":"tr","potentialAction":[{"@type":"ReadAction","target":["https:\/\/www.megaguvenlik.com\/?product=flm%e2%80%90420%e2%80%90nac-s-elektronik-adreslenebilir-siren-kontrol-modulu"]}]},{"@type":"ImageObject","inLanguage":"tr","@id":"https:\/\/www.megaguvenlik.com\/?product=flm%e2%80%90420%e2%80%90nac-s-elektronik-adreslenebilir-siren-kontrol-modulu#primaryimage","url":"https:\/\/www.megaguvenlik.com\/wp-content\/uploads\/2021\/11\/FLM-420-NAC-S-1.jpg","contentUrl":"https:\/\/www.megaguvenlik.com\/wp-content\/uploads\/2021\/11\/FLM-420-NAC-S-1.jpg","width":500,"height":500},{"@type":"BreadcrumbList","@id":"https:\/\/www.megaguvenlik.com\/?product=flm%e2%80%90420%e2%80%90nac-s-elektronik-adreslenebilir-siren-kontrol-modulu#breadcrumb","itemListElement":[{"@type":"ListItem","position":1,"name":"Anasayfa","item":"https:\/\/www.megaguvenlik.com\/"},{"@type":"ListItem","position":2,"name":"Ma\u011faza","item":"https:\/\/www.megaguvenlik.com\/?page_id=323"},{"@type":"ListItem","position":3,"name":"FLM\u2010420\u2010NAC-S, Elektronik Adreslenebilir Siren Kontrol Mod\u00fcl\u00fc"}]},{"@type":"WebSite","@id":"https:\/\/www.megaguvenlik.com\/#website","url":"https:\/\/www.megaguvenlik.com\/","name":"Mega G\u00fcvenlik Sistemleri","description":"Kamera | Yang\u0131n Alarm | Network | Acil Anons","potentialAction":[{"@type":"SearchAction","target":{"@type":"EntryPoint","urlTemplate":"https:\/\/www.megaguvenlik.com\/?s={search_term_string}"},"query-input":{"@type":"PropertyValueSpecification","valueRequired":true,"valueName":"search_term_string"}}],"inLanguage":"tr"}]}},"_links":{"self":[{"href":"https:\/\/www.megaguvenlik.com\/index.php?rest_route=\/wp\/v2\/product\/2369","targetHints":{"allow":["GET"]}}],"collection":[{"href":"https:\/\/www.megaguvenlik.com\/index.php?rest_route=\/wp\/v2\/product"}],"about":[{"href":"https:\/\/www.megaguvenlik.com\/index.php?rest_route=\/wp\/v2\/types\/product"}],"replies":[{"embeddable":true,"href":"https:\/\/www.megaguvenlik.com\/index.php?rest_route=%2Fwp%2Fv2%2Fcomments&post=2369"}],"wp:featuredmedia":[{"embeddable":true,"href":"https:\/\/www.megaguvenlik.com\/index.php?rest_route=\/wp\/v2\/media\/2371"}],"wp:attachment":[{"href":"https:\/\/www.megaguvenlik.com\/index.php?rest_route=%2Fwp%2Fv2%2Fmedia&parent=2369"}],"wp:term":[{"taxonomy":"product_brand","embeddable":true,"href":"https:\/\/www.megaguvenlik.com\/index.php?rest_route=%2Fwp%2Fv2%2Fproduct_brand&post=2369"},{"taxonomy":"product_cat","embeddable":true,"href":"https:\/\/www.megaguvenlik.com\/index.php?rest_route=%2Fwp%2Fv2%2Fproduct_cat&post=2369"},{"taxonomy":"product_tag","embeddable":true,"href":"https:\/\/www.megaguvenlik.com\/index.php?rest_route=%2Fwp%2Fv2%2Fproduct_tag&post=2369"}],"curies":[{"name":"wp","href":"https:\/\/api.w.org\/{rel}","templated":true}]}}