{"id":2372,"date":"2021-11-12T15:34:08","date_gmt":"2021-11-12T12:34:08","guid":{"rendered":"https:\/\/www.megaguvenlik.com\/?post_type=product&#038;p=2372"},"modified":"2022-02-14T22:34:30","modified_gmt":"2022-02-14T19:34:30","slug":"nzm-0002a-siren-cikis-modulu","status":"publish","type":"product","link":"https:\/\/www.megaguvenlik.com\/?product=nzm-0002a-siren-cikis-modulu","title":{"rendered":"NZM-0002A, Siren \u00c7\u0131k\u0131\u015f Mod\u00fcl\u00fc"},"content":{"rendered":"<p>[vc_row][vc_column width=&#8221;1\/2&#8243;][vc_column_text]<\/p>\n<div class=\"row\">\n<div class=\"large-12 columns margin-bottom-10\" style=\"font-weight: 300;\">\n<ul class=\"list-unstyled\">\n<li class=\"product-model\"><b>Modeli:<\/b>NZM-0002A<\/li>\n<li class=\"product-weight\"><b>A\u011f\u0131rl\u0131k:<\/b>135.00g<\/li>\n<li class=\"product-dimension\"><b>Boyutlar:<\/b>60.00mm x 96.00mm x 127.00mm<\/li>\n<li class=\"product-sku\"><b>Stok Kodu:<\/b>NZM-0002A<\/li>\n<li class=\"product-isbn\"><b>GT\u0130P KODU:<\/b>90319000<\/li>\n<li class=\"product-mpn\"><b>MPN:<\/b>NZM-0002A<\/li>\n<\/ul>\n<p>NZM 0002 A Bildirim Mekanizmas\u0131 B\u00f6lge Mod\u00fcl\u00fc iki adet izlenen birinci hat sa\u011flar. \u0130ki ayr\u0131 bildirim mekanizmas\u0131 b\u00f6lge hatt\u0131n\u0131n ba\u011flanabilmesini sa\u011flar.<\/p>\n<ul>\n<li>Sinyalleme cihazlar\u0131n\u0131n gerilim kutup de\u011fi\u015fimi ile izlemeli kontrol\u00fc<\/li>\n<li>Tak ve \u00e7al\u0131\u015ft\u0131r teknolojisi ve tak\u0131labilir terminal bloklar\u0131 sayesinde kullan\u0131ma haz\u0131r<\/li>\n<\/ul>\n<p><b>Ba\u011flant\u0131:<\/b><\/p>\n<ul>\n<li>Sirenler<\/li>\n<li>Yan\u0131p s\u00f6nen \u0131\u015f\u0131klar<\/li>\n<li>Kornalar<\/li>\n<\/ul>\n<p>Her bir b\u00f6lgenin \u00e7al\u0131\u015fma durumu birer adet k\u0131rm\u0131z\u0131 ve sar\u0131 LED ile g\u00f6sterilir.<\/p>\n<\/div>\n<\/div>\n<p>[\/vc_column_text][\/vc_column][vc_column width=&#8221;1\/2&#8243;][vc_column_text][\/vc_column_text][\/vc_column][\/vc_row]<\/p>\n","protected":false},"excerpt":{"rendered":"<p>NZM 0002 A Bildirim Mekanizmas\u0131 B\u00f6lge Mod\u00fcl\u00fc iki adet izlenen birinci hat sa\u011flar. \u0130ki ayr\u0131 bildirim mekanizmas\u0131 b\u00f6lge hatt\u0131n\u0131n ba\u011flanabilmesini sa\u011flar.<\/p>\n","protected":false},"featured_media":2373,"comment_status":"open","ping_status":"closed","template":"","meta":[],"product_brand":[],"product_cat":[175,171,169],"product_tag":[162,234,233,223,235],"class_list":{"0":"post-2372","1":"product","2":"type-product","3":"status-publish","4":"has-post-thumbnail","6":"product_cat-giris-cikis-modulleri","7":"product_cat-sirenler-flasorler","8":"product_cat-yangin-alarm-sistemleri","9":"product_tag-bosch","10":"product_tag-cikis-modulu","11":"product_tag-nzm-0002a","12":"product_tag-siren","13":"product_tag-siren-cikis-modulu","15":"first","16":"instock","17":"featured","18":"taxable","19":"shipping-taxable","20":"product-type-simple"},"yoast_head":"<!-- This site is optimized with the Yoast SEO plugin v26.0 - https:\/\/yoast.com\/wordpress\/plugins\/seo\/ -->\n<title>NZM-0002A, Siren \u00c7\u0131k\u0131\u015f Mod\u00fcl\u00fc - Mega G\u00fcvenlik Sistemleri<\/title>\n<meta name=\"robots\" content=\"index, follow, max-snippet:-1, max-image-preview:large, max-video-preview:-1\" \/>\n<link rel=\"canonical\" href=\"https:\/\/www.megaguvenlik.com\/?product=nzm-0002a-siren-cikis-modulu\" \/>\n<meta property=\"og:locale\" content=\"tr_TR\" \/>\n<meta property=\"og:type\" content=\"article\" \/>\n<meta property=\"og:title\" content=\"NZM-0002A, Siren \u00c7\u0131k\u0131\u015f Mod\u00fcl\u00fc - Mega G\u00fcvenlik Sistemleri\" \/>\n<meta property=\"og:description\" content=\"NZM 0002 A Bildirim Mekanizmas\u0131 B\u00f6lge Mod\u00fcl\u00fc iki adet izlenen birinci hat sa\u011flar. \u0130ki ayr\u0131 bildirim mekanizmas\u0131 b\u00f6lge hatt\u0131n\u0131n ba\u011flanabilmesini sa\u011flar.\" \/>\n<meta property=\"og:url\" content=\"https:\/\/www.megaguvenlik.com\/?product=nzm-0002a-siren-cikis-modulu\" \/>\n<meta property=\"og:site_name\" content=\"Mega G\u00fcvenlik Sistemleri\" \/>\n<meta property=\"article:modified_time\" content=\"2022-02-14T19:34:30+00:00\" \/>\n<meta property=\"og:image\" content=\"https:\/\/www.megaguvenlik.com\/wp-content\/uploads\/2021\/11\/NZM-002A-1000x1000-1.jpg\" \/>\n\t<meta property=\"og:image:width\" content=\"1000\" \/>\n\t<meta property=\"og:image:height\" content=\"1000\" \/>\n\t<meta property=\"og:image:type\" content=\"image\/jpeg\" \/>\n<meta name=\"twitter:card\" content=\"summary_large_image\" \/>\n<meta name=\"twitter:label1\" content=\"Tahmini okuma s\u00fcresi\" \/>\n\t<meta name=\"twitter:data1\" content=\"1 dakika\" \/>\n<script type=\"application\/ld+json\" class=\"yoast-schema-graph\">{\"@context\":\"https:\/\/schema.org\",\"@graph\":[{\"@type\":\"WebPage\",\"@id\":\"https:\/\/www.megaguvenlik.com\/?product=nzm-0002a-siren-cikis-modulu\",\"url\":\"https:\/\/www.megaguvenlik.com\/?product=nzm-0002a-siren-cikis-modulu\",\"name\":\"NZM-0002A, Siren \u00c7\u0131k\u0131\u015f Mod\u00fcl\u00fc - Mega G\u00fcvenlik Sistemleri\",\"isPartOf\":{\"@id\":\"https:\/\/www.megaguvenlik.com\/#website\"},\"primaryImageOfPage\":{\"@id\":\"https:\/\/www.megaguvenlik.com\/?product=nzm-0002a-siren-cikis-modulu#primaryimage\"},\"image\":{\"@id\":\"https:\/\/www.megaguvenlik.com\/?product=nzm-0002a-siren-cikis-modulu#primaryimage\"},\"thumbnailUrl\":\"https:\/\/www.megaguvenlik.com\/wp-content\/uploads\/2021\/11\/NZM-002A-1000x1000-1.jpg\",\"datePublished\":\"2021-11-12T12:34:08+00:00\",\"dateModified\":\"2022-02-14T19:34:30+00:00\",\"breadcrumb\":{\"@id\":\"https:\/\/www.megaguvenlik.com\/?product=nzm-0002a-siren-cikis-modulu#breadcrumb\"},\"inLanguage\":\"tr\",\"potentialAction\":[{\"@type\":\"ReadAction\",\"target\":[\"https:\/\/www.megaguvenlik.com\/?product=nzm-0002a-siren-cikis-modulu\"]}]},{\"@type\":\"ImageObject\",\"inLanguage\":\"tr\",\"@id\":\"https:\/\/www.megaguvenlik.com\/?product=nzm-0002a-siren-cikis-modulu#primaryimage\",\"url\":\"https:\/\/www.megaguvenlik.com\/wp-content\/uploads\/2021\/11\/NZM-002A-1000x1000-1.jpg\",\"contentUrl\":\"https:\/\/www.megaguvenlik.com\/wp-content\/uploads\/2021\/11\/NZM-002A-1000x1000-1.jpg\",\"width\":1000,\"height\":1000,\"caption\":\"Siren \u00c7\u0131k\u0131\u015f Mod\u00fcl\u00fc\"},{\"@type\":\"BreadcrumbList\",\"@id\":\"https:\/\/www.megaguvenlik.com\/?product=nzm-0002a-siren-cikis-modulu#breadcrumb\",\"itemListElement\":[{\"@type\":\"ListItem\",\"position\":1,\"name\":\"Anasayfa\",\"item\":\"https:\/\/www.megaguvenlik.com\/\"},{\"@type\":\"ListItem\",\"position\":2,\"name\":\"Ma\u011faza\",\"item\":\"https:\/\/www.megaguvenlik.com\/?page_id=323\"},{\"@type\":\"ListItem\",\"position\":3,\"name\":\"NZM-0002A, Siren \u00c7\u0131k\u0131\u015f Mod\u00fcl\u00fc\"}]},{\"@type\":\"WebSite\",\"@id\":\"https:\/\/www.megaguvenlik.com\/#website\",\"url\":\"https:\/\/www.megaguvenlik.com\/\",\"name\":\"Mega G\u00fcvenlik Sistemleri\",\"description\":\"Kamera | Yang\u0131n Alarm | Network | Acil Anons\",\"potentialAction\":[{\"@type\":\"SearchAction\",\"target\":{\"@type\":\"EntryPoint\",\"urlTemplate\":\"https:\/\/www.megaguvenlik.com\/?s={search_term_string}\"},\"query-input\":{\"@type\":\"PropertyValueSpecification\",\"valueRequired\":true,\"valueName\":\"search_term_string\"}}],\"inLanguage\":\"tr\"}]}<\/script>\n<!-- \/ Yoast SEO plugin. -->","yoast_head_json":{"title":"NZM-0002A, Siren \u00c7\u0131k\u0131\u015f Mod\u00fcl\u00fc - Mega G\u00fcvenlik Sistemleri","robots":{"index":"index","follow":"follow","max-snippet":"max-snippet:-1","max-image-preview":"max-image-preview:large","max-video-preview":"max-video-preview:-1"},"canonical":"https:\/\/www.megaguvenlik.com\/?product=nzm-0002a-siren-cikis-modulu","og_locale":"tr_TR","og_type":"article","og_title":"NZM-0002A, Siren \u00c7\u0131k\u0131\u015f Mod\u00fcl\u00fc - Mega G\u00fcvenlik Sistemleri","og_description":"NZM 0002 A Bildirim Mekanizmas\u0131 B\u00f6lge Mod\u00fcl\u00fc iki adet izlenen birinci hat sa\u011flar. \u0130ki ayr\u0131 bildirim mekanizmas\u0131 b\u00f6lge hatt\u0131n\u0131n ba\u011flanabilmesini sa\u011flar.","og_url":"https:\/\/www.megaguvenlik.com\/?product=nzm-0002a-siren-cikis-modulu","og_site_name":"Mega G\u00fcvenlik Sistemleri","article_modified_time":"2022-02-14T19:34:30+00:00","og_image":[{"width":1000,"height":1000,"url":"https:\/\/www.megaguvenlik.com\/wp-content\/uploads\/2021\/11\/NZM-002A-1000x1000-1.jpg","type":"image\/jpeg"}],"twitter_card":"summary_large_image","twitter_misc":{"Tahmini okuma s\u00fcresi":"1 dakika"},"schema":{"@context":"https:\/\/schema.org","@graph":[{"@type":"WebPage","@id":"https:\/\/www.megaguvenlik.com\/?product=nzm-0002a-siren-cikis-modulu","url":"https:\/\/www.megaguvenlik.com\/?product=nzm-0002a-siren-cikis-modulu","name":"NZM-0002A, Siren \u00c7\u0131k\u0131\u015f Mod\u00fcl\u00fc - Mega G\u00fcvenlik Sistemleri","isPartOf":{"@id":"https:\/\/www.megaguvenlik.com\/#website"},"primaryImageOfPage":{"@id":"https:\/\/www.megaguvenlik.com\/?product=nzm-0002a-siren-cikis-modulu#primaryimage"},"image":{"@id":"https:\/\/www.megaguvenlik.com\/?product=nzm-0002a-siren-cikis-modulu#primaryimage"},"thumbnailUrl":"https:\/\/www.megaguvenlik.com\/wp-content\/uploads\/2021\/11\/NZM-002A-1000x1000-1.jpg","datePublished":"2021-11-12T12:34:08+00:00","dateModified":"2022-02-14T19:34:30+00:00","breadcrumb":{"@id":"https:\/\/www.megaguvenlik.com\/?product=nzm-0002a-siren-cikis-modulu#breadcrumb"},"inLanguage":"tr","potentialAction":[{"@type":"ReadAction","target":["https:\/\/www.megaguvenlik.com\/?product=nzm-0002a-siren-cikis-modulu"]}]},{"@type":"ImageObject","inLanguage":"tr","@id":"https:\/\/www.megaguvenlik.com\/?product=nzm-0002a-siren-cikis-modulu#primaryimage","url":"https:\/\/www.megaguvenlik.com\/wp-content\/uploads\/2021\/11\/NZM-002A-1000x1000-1.jpg","contentUrl":"https:\/\/www.megaguvenlik.com\/wp-content\/uploads\/2021\/11\/NZM-002A-1000x1000-1.jpg","width":1000,"height":1000,"caption":"Siren \u00c7\u0131k\u0131\u015f Mod\u00fcl\u00fc"},{"@type":"BreadcrumbList","@id":"https:\/\/www.megaguvenlik.com\/?product=nzm-0002a-siren-cikis-modulu#breadcrumb","itemListElement":[{"@type":"ListItem","position":1,"name":"Anasayfa","item":"https:\/\/www.megaguvenlik.com\/"},{"@type":"ListItem","position":2,"name":"Ma\u011faza","item":"https:\/\/www.megaguvenlik.com\/?page_id=323"},{"@type":"ListItem","position":3,"name":"NZM-0002A, Siren \u00c7\u0131k\u0131\u015f Mod\u00fcl\u00fc"}]},{"@type":"WebSite","@id":"https:\/\/www.megaguvenlik.com\/#website","url":"https:\/\/www.megaguvenlik.com\/","name":"Mega G\u00fcvenlik Sistemleri","description":"Kamera | Yang\u0131n Alarm | Network | Acil Anons","potentialAction":[{"@type":"SearchAction","target":{"@type":"EntryPoint","urlTemplate":"https:\/\/www.megaguvenlik.com\/?s={search_term_string}"},"query-input":{"@type":"PropertyValueSpecification","valueRequired":true,"valueName":"search_term_string"}}],"inLanguage":"tr"}]}},"_links":{"self":[{"href":"https:\/\/www.megaguvenlik.com\/index.php?rest_route=\/wp\/v2\/product\/2372","targetHints":{"allow":["GET"]}}],"collection":[{"href":"https:\/\/www.megaguvenlik.com\/index.php?rest_route=\/wp\/v2\/product"}],"about":[{"href":"https:\/\/www.megaguvenlik.com\/index.php?rest_route=\/wp\/v2\/types\/product"}],"replies":[{"embeddable":true,"href":"https:\/\/www.megaguvenlik.com\/index.php?rest_route=%2Fwp%2Fv2%2Fcomments&post=2372"}],"wp:featuredmedia":[{"embeddable":true,"href":"https:\/\/www.megaguvenlik.com\/index.php?rest_route=\/wp\/v2\/media\/2373"}],"wp:attachment":[{"href":"https:\/\/www.megaguvenlik.com\/index.php?rest_route=%2Fwp%2Fv2%2Fmedia&parent=2372"}],"wp:term":[{"taxonomy":"product_brand","embeddable":true,"href":"https:\/\/www.megaguvenlik.com\/index.php?rest_route=%2Fwp%2Fv2%2Fproduct_brand&post=2372"},{"taxonomy":"product_cat","embeddable":true,"href":"https:\/\/www.megaguvenlik.com\/index.php?rest_route=%2Fwp%2Fv2%2Fproduct_cat&post=2372"},{"taxonomy":"product_tag","embeddable":true,"href":"https:\/\/www.megaguvenlik.com\/index.php?rest_route=%2Fwp%2Fv2%2Fproduct_tag&post=2372"}],"curies":[{"name":"wp","href":"https:\/\/api.w.org\/{rel}","templated":true}]}}