{"id":2558,"date":"2022-04-06T02:07:07","date_gmt":"2022-04-05T23:07:07","guid":{"rendered":"https:\/\/www.megaguvenlik.com\/?product=bosch-bis-bis-building-integration-system-bina-entegrasyon-sistemi"},"modified":"2022-04-06T02:07:31","modified_gmt":"2022-04-05T23:07:31","slug":"bosch-bis-bis-building-integration-system-bina-entegrasyon-sistemi","status":"publish","type":"product","link":"https:\/\/www.megaguvenlik.com\/?product=bosch-bis-bis-building-integration-system-bina-entegrasyon-sistemi","title":{"rendered":"Bosch Bis \/ BIS Building \u0130ntegration System ( Bina Entegrasyon Sistemi )"},"content":{"rendered":"<p>Bina Entegrasyon Sistemi (BIS), 7\/24 kuruluma y\u00f6nelik sa\u011flam ve g\u00fcvenilir bir mal ve can g\u00fcvenli\u011fi sistemidir. D\u00fcnya genelinde 10 milyon dedekt\u00f6r\u00fcn entegre edilmesi ile yap\u0131lan 3000 kurulum, BIS&#8217;nin g\u00fcvenilirli\u011fini kan\u0131tlamaktad\u0131r. T\u00fcm bunlar Bosch&#8217;un h\u0131rs\u0131z alarm y\u00f6netimi yaz\u0131l\u0131m\u0131n\u0131 amiral gemisi haline getirmektedir.<\/p>\n<p>Bosch Building Integration System (BIS), kartl\u0131 ge\u00e7i\u015f, video g\u00f6zetim, yang\u0131n alg\u0131lama, genel seslendirme veya h\u0131rs\u0131z alarm sistemleri gibi farkl\u0131 Bosch g\u00fcvenlik alt sistemlerini tek bir platformda y\u00f6netmeye y\u00f6nelik bir yaz\u0131l\u0131m \u00e7\u00f6z\u00fcm\u00fcd\u00fcr.<\/p>\n<p>Bunun yan\u0131 s\u0131ra Bosch BIS, a\u00e7\u0131k standartlar ve Yaz\u0131l\u0131m Geli\u015ftirme Kitleri (SDK) arac\u0131l\u0131\u011f\u0131yla \u00fc\u00e7\u00fcnc\u00fc parti uygulamalar\u0131na entegrasyon sa\u011flamak amac\u0131yla bir \u201cara\u00e7 kutusu\u201d sunar.<\/p>\n<p>BIS, sa\u011flam ve emniyetli ki\u015fi, mal ve varl\u0131klar\u0131 koruma sistemidir. D\u00fcnya genelinde 10 milyon dedekt\u00f6r\u00fcn entegre edilmesi ile yap\u0131lan 3000 kurulum, BIS&#8217;nin g\u00fcvenilirli\u011fini kan\u0131tlamaktad\u0131r. T\u00fcm bunlar Bosch&#8217;un h\u0131rs\u0131z alarm y\u00f6netimi yaz\u0131l\u0131m\u0131n\u0131 amiral gemisi haline getirmektedir<\/p>\n<p>Access Engine (ACE) yaz\u0131l\u0131m\u0131 Bosch giri\u015f donan\u0131m\u0131yla ba\u011flant\u0131l\u0131 olarak Building Integration System (BIS) i\u00e7indeki eksiksiz bir kartl\u0131 ge\u00e7i\u015f sistemidir. Herhangi bir tek kartl\u0131 ge\u00e7i\u015f sisteminin \u00f6nemli \u00f6zelliklerinin yan\u0131 s\u0131ra geni\u015f bir iste\u011fe ba\u011fl\u0131 iyile\u015ftirme dizisi i\u00e7erir.<\/p>\n<p>Access Engine, biyometrik okuyucular veya ara\u00e7 plaka okuyucular\u0131, ziyaret\u00e7i veya kimlik y\u00f6netim sistemlerinin yan\u0131 s\u0131ra kartl\u0131 ge\u00e7i\u015fle ilgili di\u011fer uygulamalar gibi \u00fc\u00e7\u00fcnc\u00fc parti entegrasyonlar\u0131na olanak veren a\u00e7\u0131k aray\u00fczler veya SDK&#8217;ler sunar.<\/p>\n<p>Orta \u00f6l\u00e7ekli projelerden b\u00fcy\u00fck da\u011f\u0131t\u0131lm\u0131\u015f kurumsal sistemlere kadar d\u00fcnya genelindeki sunucularla, \u00f6l\u00e7eklenebilir bir \u00e7\u00f6z\u00fcmd\u00fcr. \u015eifreli ileti\u015fim ve kimlik denetimi, kartl\u0131 ge\u00e7i\u015f sisteminin her b\u00f6l\u00fcm\u00fcnde veri g\u00fcvenli\u011fi ve veri korumas\u0131 sa\u011flar.<\/p>\n","protected":false},"excerpt":{"rendered":"<p>Bina Entegrasyon Sistemi (BIS), 7\/24 kuruluma y\u00f6nelik sa\u011flam ve g\u00fcvenilir bir mal ve can g\u00fcvenli\u011fi sistemidir. D\u00fcnya genelinde 10 milyon dedekt\u00f6r\u00fcn entegre edilmesi ile yap\u0131lan 3000 kurulum, BIS&#8217;nin g\u00fcvenilirli\u011fini kan\u0131tlamaktad\u0131r. T\u00fcm bunlar Bosch&#8217;un h\u0131rs\u0131z alarm y\u00f6netimi yaz\u0131l\u0131m\u0131n\u0131 amiral gemisi haline getirmektedir. Bosch Building Integration System (BIS), kartl\u0131 ge\u00e7i\u015f, video g\u00f6zetim, yang\u0131n alg\u0131lama, genel seslendirme veya [&hellip;]<\/p>\n","protected":false},"featured_media":2554,"comment_status":"open","ping_status":"closed","template":"","meta":[],"product_brand":[],"product_cat":[15,174,169],"product_tag":[],"class_list":{"0":"post-2558","1":"product","2":"type-product","3":"status-publish","4":"has-post-thumbnail","6":"product_cat-genel","7":"product_cat-grafik-ekran-yazilimi","8":"product_cat-yangin-alarm-sistemleri","10":"first","11":"instock","12":"sold-individually","13":"taxable","14":"shipping-taxable","15":"product-type-simple"},"yoast_head":"<!-- This site is optimized with the Yoast SEO plugin v26.0 - https:\/\/yoast.com\/wordpress\/plugins\/seo\/ -->\n<title>Bosch Bis \/ BIS Building \u0130ntegration System ( Bina Entegrasyon Sistemi ) - Mega G\u00fcvenlik Sistemleri<\/title>\n<meta name=\"robots\" content=\"index, follow, max-snippet:-1, max-image-preview:large, max-video-preview:-1\" \/>\n<link rel=\"canonical\" href=\"https:\/\/www.megaguvenlik.com\/?product=bosch-bis-bis-building-integration-system-bina-entegrasyon-sistemi\" \/>\n<meta property=\"og:locale\" content=\"tr_TR\" \/>\n<meta property=\"og:type\" content=\"article\" \/>\n<meta property=\"og:title\" content=\"Bosch Bis \/ BIS Building \u0130ntegration System ( Bina Entegrasyon Sistemi ) - Mega G\u00fcvenlik Sistemleri\" \/>\n<meta property=\"og:description\" content=\"Bina Entegrasyon Sistemi (BIS), 7\/24 kuruluma y\u00f6nelik sa\u011flam ve g\u00fcvenilir bir mal ve can g\u00fcvenli\u011fi sistemidir. D\u00fcnya genelinde 10 milyon dedekt\u00f6r\u00fcn entegre edilmesi ile yap\u0131lan 3000 kurulum, BIS&#8217;nin g\u00fcvenilirli\u011fini kan\u0131tlamaktad\u0131r. T\u00fcm bunlar Bosch&#8217;un h\u0131rs\u0131z alarm y\u00f6netimi yaz\u0131l\u0131m\u0131n\u0131 amiral gemisi haline getirmektedir. Bosch Building Integration System (BIS), kartl\u0131 ge\u00e7i\u015f, video g\u00f6zetim, yang\u0131n alg\u0131lama, genel seslendirme veya [&hellip;]\" \/>\n<meta property=\"og:url\" content=\"https:\/\/www.megaguvenlik.com\/?product=bosch-bis-bis-building-integration-system-bina-entegrasyon-sistemi\" \/>\n<meta property=\"og:site_name\" content=\"Mega G\u00fcvenlik Sistemleri\" \/>\n<meta property=\"article:modified_time\" content=\"2022-04-05T23:07:31+00:00\" \/>\n<meta property=\"og:image\" content=\"https:\/\/www.megaguvenlik.com\/wp-content\/uploads\/2022\/04\/96770.jpg\" \/>\n\t<meta property=\"og:image:width\" content=\"1600\" \/>\n\t<meta property=\"og:image:height\" content=\"900\" \/>\n\t<meta property=\"og:image:type\" content=\"image\/jpeg\" \/>\n<meta name=\"twitter:card\" content=\"summary_large_image\" \/>\n<meta name=\"twitter:label1\" content=\"Tahmini okuma s\u00fcresi\" \/>\n\t<meta name=\"twitter:data1\" content=\"2 dakika\" \/>\n<script type=\"application\/ld+json\" class=\"yoast-schema-graph\">{\"@context\":\"https:\/\/schema.org\",\"@graph\":[{\"@type\":\"WebPage\",\"@id\":\"https:\/\/www.megaguvenlik.com\/?product=bosch-bis-bis-building-integration-system-bina-entegrasyon-sistemi\",\"url\":\"https:\/\/www.megaguvenlik.com\/?product=bosch-bis-bis-building-integration-system-bina-entegrasyon-sistemi\",\"name\":\"Bosch Bis \/ BIS Building \u0130ntegration System ( Bina Entegrasyon Sistemi ) - Mega G\u00fcvenlik Sistemleri\",\"isPartOf\":{\"@id\":\"https:\/\/www.megaguvenlik.com\/#website\"},\"primaryImageOfPage\":{\"@id\":\"https:\/\/www.megaguvenlik.com\/?product=bosch-bis-bis-building-integration-system-bina-entegrasyon-sistemi#primaryimage\"},\"image\":{\"@id\":\"https:\/\/www.megaguvenlik.com\/?product=bosch-bis-bis-building-integration-system-bina-entegrasyon-sistemi#primaryimage\"},\"thumbnailUrl\":\"https:\/\/www.megaguvenlik.com\/wp-content\/uploads\/2022\/04\/96770.jpg\",\"datePublished\":\"2022-04-05T23:07:07+00:00\",\"dateModified\":\"2022-04-05T23:07:31+00:00\",\"breadcrumb\":{\"@id\":\"https:\/\/www.megaguvenlik.com\/?product=bosch-bis-bis-building-integration-system-bina-entegrasyon-sistemi#breadcrumb\"},\"inLanguage\":\"tr\",\"potentialAction\":[{\"@type\":\"ReadAction\",\"target\":[\"https:\/\/www.megaguvenlik.com\/?product=bosch-bis-bis-building-integration-system-bina-entegrasyon-sistemi\"]}]},{\"@type\":\"ImageObject\",\"inLanguage\":\"tr\",\"@id\":\"https:\/\/www.megaguvenlik.com\/?product=bosch-bis-bis-building-integration-system-bina-entegrasyon-sistemi#primaryimage\",\"url\":\"https:\/\/www.megaguvenlik.com\/wp-content\/uploads\/2022\/04\/96770.jpg\",\"contentUrl\":\"https:\/\/www.megaguvenlik.com\/wp-content\/uploads\/2022\/04\/96770.jpg\",\"width\":1600,\"height\":900},{\"@type\":\"BreadcrumbList\",\"@id\":\"https:\/\/www.megaguvenlik.com\/?product=bosch-bis-bis-building-integration-system-bina-entegrasyon-sistemi#breadcrumb\",\"itemListElement\":[{\"@type\":\"ListItem\",\"position\":1,\"name\":\"Anasayfa\",\"item\":\"https:\/\/www.megaguvenlik.com\/\"},{\"@type\":\"ListItem\",\"position\":2,\"name\":\"Ma\u011faza\",\"item\":\"https:\/\/www.megaguvenlik.com\/?page_id=323\"},{\"@type\":\"ListItem\",\"position\":3,\"name\":\"Bosch Bis \/ BIS Building \u0130ntegration System ( Bina Entegrasyon Sistemi )\"}]},{\"@type\":\"WebSite\",\"@id\":\"https:\/\/www.megaguvenlik.com\/#website\",\"url\":\"https:\/\/www.megaguvenlik.com\/\",\"name\":\"Mega G\u00fcvenlik Sistemleri\",\"description\":\"Kamera | Yang\u0131n Alarm | Network | Acil Anons\",\"potentialAction\":[{\"@type\":\"SearchAction\",\"target\":{\"@type\":\"EntryPoint\",\"urlTemplate\":\"https:\/\/www.megaguvenlik.com\/?s={search_term_string}\"},\"query-input\":{\"@type\":\"PropertyValueSpecification\",\"valueRequired\":true,\"valueName\":\"search_term_string\"}}],\"inLanguage\":\"tr\"}]}<\/script>\n<!-- \/ Yoast SEO plugin. -->","yoast_head_json":{"title":"Bosch Bis \/ BIS Building \u0130ntegration System ( Bina Entegrasyon Sistemi ) - Mega G\u00fcvenlik Sistemleri","robots":{"index":"index","follow":"follow","max-snippet":"max-snippet:-1","max-image-preview":"max-image-preview:large","max-video-preview":"max-video-preview:-1"},"canonical":"https:\/\/www.megaguvenlik.com\/?product=bosch-bis-bis-building-integration-system-bina-entegrasyon-sistemi","og_locale":"tr_TR","og_type":"article","og_title":"Bosch Bis \/ BIS Building \u0130ntegration System ( Bina Entegrasyon Sistemi ) - Mega G\u00fcvenlik Sistemleri","og_description":"Bina Entegrasyon Sistemi (BIS), 7\/24 kuruluma y\u00f6nelik sa\u011flam ve g\u00fcvenilir bir mal ve can g\u00fcvenli\u011fi sistemidir. D\u00fcnya genelinde 10 milyon dedekt\u00f6r\u00fcn entegre edilmesi ile yap\u0131lan 3000 kurulum, BIS&#8217;nin g\u00fcvenilirli\u011fini kan\u0131tlamaktad\u0131r. T\u00fcm bunlar Bosch&#8217;un h\u0131rs\u0131z alarm y\u00f6netimi yaz\u0131l\u0131m\u0131n\u0131 amiral gemisi haline getirmektedir. Bosch Building Integration System (BIS), kartl\u0131 ge\u00e7i\u015f, video g\u00f6zetim, yang\u0131n alg\u0131lama, genel seslendirme veya [&hellip;]","og_url":"https:\/\/www.megaguvenlik.com\/?product=bosch-bis-bis-building-integration-system-bina-entegrasyon-sistemi","og_site_name":"Mega G\u00fcvenlik Sistemleri","article_modified_time":"2022-04-05T23:07:31+00:00","og_image":[{"width":1600,"height":900,"url":"https:\/\/www.megaguvenlik.com\/wp-content\/uploads\/2022\/04\/96770.jpg","type":"image\/jpeg"}],"twitter_card":"summary_large_image","twitter_misc":{"Tahmini okuma s\u00fcresi":"2 dakika"},"schema":{"@context":"https:\/\/schema.org","@graph":[{"@type":"WebPage","@id":"https:\/\/www.megaguvenlik.com\/?product=bosch-bis-bis-building-integration-system-bina-entegrasyon-sistemi","url":"https:\/\/www.megaguvenlik.com\/?product=bosch-bis-bis-building-integration-system-bina-entegrasyon-sistemi","name":"Bosch Bis \/ BIS Building \u0130ntegration System ( Bina Entegrasyon Sistemi ) - Mega G\u00fcvenlik Sistemleri","isPartOf":{"@id":"https:\/\/www.megaguvenlik.com\/#website"},"primaryImageOfPage":{"@id":"https:\/\/www.megaguvenlik.com\/?product=bosch-bis-bis-building-integration-system-bina-entegrasyon-sistemi#primaryimage"},"image":{"@id":"https:\/\/www.megaguvenlik.com\/?product=bosch-bis-bis-building-integration-system-bina-entegrasyon-sistemi#primaryimage"},"thumbnailUrl":"https:\/\/www.megaguvenlik.com\/wp-content\/uploads\/2022\/04\/96770.jpg","datePublished":"2022-04-05T23:07:07+00:00","dateModified":"2022-04-05T23:07:31+00:00","breadcrumb":{"@id":"https:\/\/www.megaguvenlik.com\/?product=bosch-bis-bis-building-integration-system-bina-entegrasyon-sistemi#breadcrumb"},"inLanguage":"tr","potentialAction":[{"@type":"ReadAction","target":["https:\/\/www.megaguvenlik.com\/?product=bosch-bis-bis-building-integration-system-bina-entegrasyon-sistemi"]}]},{"@type":"ImageObject","inLanguage":"tr","@id":"https:\/\/www.megaguvenlik.com\/?product=bosch-bis-bis-building-integration-system-bina-entegrasyon-sistemi#primaryimage","url":"https:\/\/www.megaguvenlik.com\/wp-content\/uploads\/2022\/04\/96770.jpg","contentUrl":"https:\/\/www.megaguvenlik.com\/wp-content\/uploads\/2022\/04\/96770.jpg","width":1600,"height":900},{"@type":"BreadcrumbList","@id":"https:\/\/www.megaguvenlik.com\/?product=bosch-bis-bis-building-integration-system-bina-entegrasyon-sistemi#breadcrumb","itemListElement":[{"@type":"ListItem","position":1,"name":"Anasayfa","item":"https:\/\/www.megaguvenlik.com\/"},{"@type":"ListItem","position":2,"name":"Ma\u011faza","item":"https:\/\/www.megaguvenlik.com\/?page_id=323"},{"@type":"ListItem","position":3,"name":"Bosch Bis \/ BIS Building \u0130ntegration System ( Bina Entegrasyon Sistemi )"}]},{"@type":"WebSite","@id":"https:\/\/www.megaguvenlik.com\/#website","url":"https:\/\/www.megaguvenlik.com\/","name":"Mega G\u00fcvenlik Sistemleri","description":"Kamera | Yang\u0131n Alarm | Network | Acil Anons","potentialAction":[{"@type":"SearchAction","target":{"@type":"EntryPoint","urlTemplate":"https:\/\/www.megaguvenlik.com\/?s={search_term_string}"},"query-input":{"@type":"PropertyValueSpecification","valueRequired":true,"valueName":"search_term_string"}}],"inLanguage":"tr"}]}},"_links":{"self":[{"href":"https:\/\/www.megaguvenlik.com\/index.php?rest_route=\/wp\/v2\/product\/2558","targetHints":{"allow":["GET"]}}],"collection":[{"href":"https:\/\/www.megaguvenlik.com\/index.php?rest_route=\/wp\/v2\/product"}],"about":[{"href":"https:\/\/www.megaguvenlik.com\/index.php?rest_route=\/wp\/v2\/types\/product"}],"replies":[{"embeddable":true,"href":"https:\/\/www.megaguvenlik.com\/index.php?rest_route=%2Fwp%2Fv2%2Fcomments&post=2558"}],"wp:featuredmedia":[{"embeddable":true,"href":"https:\/\/www.megaguvenlik.com\/index.php?rest_route=\/wp\/v2\/media\/2554"}],"wp:attachment":[{"href":"https:\/\/www.megaguvenlik.com\/index.php?rest_route=%2Fwp%2Fv2%2Fmedia&parent=2558"}],"wp:term":[{"taxonomy":"product_brand","embeddable":true,"href":"https:\/\/www.megaguvenlik.com\/index.php?rest_route=%2Fwp%2Fv2%2Fproduct_brand&post=2558"},{"taxonomy":"product_cat","embeddable":true,"href":"https:\/\/www.megaguvenlik.com\/index.php?rest_route=%2Fwp%2Fv2%2Fproduct_cat&post=2558"},{"taxonomy":"product_tag","embeddable":true,"href":"https:\/\/www.megaguvenlik.com\/index.php?rest_route=%2Fwp%2Fv2%2Fproduct_tag&post=2558"}],"curies":[{"name":"wp","href":"https:\/\/api.w.org\/{rel}","templated":true}]}}