{"id":2710,"date":"2022-06-17T01:33:31","date_gmt":"2022-06-16T22:33:31","guid":{"rendered":"https:\/\/www.megaguvenlik.com\/?post_type=product&#038;p=2710"},"modified":"2023-01-15T23:42:39","modified_gmt":"2023-01-15T20:42:39","slug":"bosch-fap-425-ot","status":"publish","type":"product","link":"https:\/\/www.megaguvenlik.com\/?product=bosch-fap-425-ot","title":{"rendered":"BOSCH  FAP-425-OT"},"content":{"rendered":"","protected":false},"excerpt":{"rendered":"<p>Elektronik Adreslenebilir Mikroi\u015flemci Kontroll\u00fc Kombine Optik Duman ve S\u0131cakl\u0131k Dedekt\u00f6r\u00fc, Entegre K\u0131sadevre \u0130zolat\u00f6rl\u00fc,<\/p>\n","protected":false},"featured_media":2711,"comment_status":"open","ping_status":"closed","template":"","meta":[],"product_brand":[],"product_cat":[168],"product_tag":[],"class_list":{"0":"post-2710","1":"product","2":"type-product","3":"status-publish","4":"has-post-thumbnail","6":"product_cat-yangin-algilama-dedektorleri","8":"first","9":"instock","10":"taxable","11":"shipping-taxable","12":"product-type-simple"},"yoast_head":"<!-- This site is optimized with the Yoast SEO plugin v26.0 - https:\/\/yoast.com\/wordpress\/plugins\/seo\/ -->\n<title>BOSCH FAP-425-OT - Mega G\u00fcvenlik Sistemleri<\/title>\n<meta name=\"robots\" content=\"index, follow, max-snippet:-1, max-image-preview:large, max-video-preview:-1\" \/>\n<link rel=\"canonical\" href=\"https:\/\/www.megaguvenlik.com\/?product=bosch-fap-425-ot\" \/>\n<meta property=\"og:locale\" content=\"tr_TR\" \/>\n<meta property=\"og:type\" content=\"article\" \/>\n<meta property=\"og:title\" content=\"BOSCH FAP-425-OT - Mega G\u00fcvenlik Sistemleri\" \/>\n<meta property=\"og:description\" content=\"Elektronik Adreslenebilir Mikroi\u015flemci Kontroll\u00fc Kombine Optik Duman ve S\u0131cakl\u0131k Dedekt\u00f6r\u00fc, Entegre K\u0131sadevre \u0130zolat\u00f6rl\u00fc,\" \/>\n<meta property=\"og:url\" content=\"https:\/\/www.megaguvenlik.com\/?product=bosch-fap-425-ot\" \/>\n<meta property=\"og:site_name\" content=\"Mega G\u00fcvenlik Sistemleri\" \/>\n<meta property=\"article:modified_time\" content=\"2023-01-15T20:42:39+00:00\" \/>\n<meta property=\"og:image\" content=\"https:\/\/www.megaguvenlik.com\/wp-content\/uploads\/2022\/06\/BOSCH-FAP-425-OT.png\" \/>\n\t<meta property=\"og:image:width\" content=\"500\" \/>\n\t<meta property=\"og:image:height\" content=\"500\" \/>\n\t<meta property=\"og:image:type\" content=\"image\/png\" \/>\n<meta name=\"twitter:card\" content=\"summary_large_image\" \/>\n<script type=\"application\/ld+json\" class=\"yoast-schema-graph\">{\"@context\":\"https:\/\/schema.org\",\"@graph\":[{\"@type\":\"WebPage\",\"@id\":\"https:\/\/www.megaguvenlik.com\/?product=bosch-fap-425-ot\",\"url\":\"https:\/\/www.megaguvenlik.com\/?product=bosch-fap-425-ot\",\"name\":\"BOSCH FAP-425-OT - Mega G\u00fcvenlik Sistemleri\",\"isPartOf\":{\"@id\":\"https:\/\/www.megaguvenlik.com\/#website\"},\"primaryImageOfPage\":{\"@id\":\"https:\/\/www.megaguvenlik.com\/?product=bosch-fap-425-ot#primaryimage\"},\"image\":{\"@id\":\"https:\/\/www.megaguvenlik.com\/?product=bosch-fap-425-ot#primaryimage\"},\"thumbnailUrl\":\"https:\/\/www.megaguvenlik.com\/wp-content\/uploads\/2022\/06\/BOSCH-FAP-425-OT.png\",\"datePublished\":\"2022-06-16T22:33:31+00:00\",\"dateModified\":\"2023-01-15T20:42:39+00:00\",\"breadcrumb\":{\"@id\":\"https:\/\/www.megaguvenlik.com\/?product=bosch-fap-425-ot#breadcrumb\"},\"inLanguage\":\"tr\",\"potentialAction\":[{\"@type\":\"ReadAction\",\"target\":[\"https:\/\/www.megaguvenlik.com\/?product=bosch-fap-425-ot\"]}]},{\"@type\":\"ImageObject\",\"inLanguage\":\"tr\",\"@id\":\"https:\/\/www.megaguvenlik.com\/?product=bosch-fap-425-ot#primaryimage\",\"url\":\"https:\/\/www.megaguvenlik.com\/wp-content\/uploads\/2022\/06\/BOSCH-FAP-425-OT.png\",\"contentUrl\":\"https:\/\/www.megaguvenlik.com\/wp-content\/uploads\/2022\/06\/BOSCH-FAP-425-OT.png\",\"width\":500,\"height\":500},{\"@type\":\"BreadcrumbList\",\"@id\":\"https:\/\/www.megaguvenlik.com\/?product=bosch-fap-425-ot#breadcrumb\",\"itemListElement\":[{\"@type\":\"ListItem\",\"position\":1,\"name\":\"Anasayfa\",\"item\":\"https:\/\/www.megaguvenlik.com\/\"},{\"@type\":\"ListItem\",\"position\":2,\"name\":\"Ma\u011faza\",\"item\":\"https:\/\/www.megaguvenlik.com\/?page_id=323\"},{\"@type\":\"ListItem\",\"position\":3,\"name\":\"BOSCH FAP-425-OT\"}]},{\"@type\":\"WebSite\",\"@id\":\"https:\/\/www.megaguvenlik.com\/#website\",\"url\":\"https:\/\/www.megaguvenlik.com\/\",\"name\":\"Mega G\u00fcvenlik Sistemleri\",\"description\":\"Kamera | Yang\u0131n Alarm | Network | Acil Anons\",\"potentialAction\":[{\"@type\":\"SearchAction\",\"target\":{\"@type\":\"EntryPoint\",\"urlTemplate\":\"https:\/\/www.megaguvenlik.com\/?s={search_term_string}\"},\"query-input\":{\"@type\":\"PropertyValueSpecification\",\"valueRequired\":true,\"valueName\":\"search_term_string\"}}],\"inLanguage\":\"tr\"}]}<\/script>\n<!-- \/ Yoast SEO plugin. -->","yoast_head_json":{"title":"BOSCH FAP-425-OT - Mega G\u00fcvenlik Sistemleri","robots":{"index":"index","follow":"follow","max-snippet":"max-snippet:-1","max-image-preview":"max-image-preview:large","max-video-preview":"max-video-preview:-1"},"canonical":"https:\/\/www.megaguvenlik.com\/?product=bosch-fap-425-ot","og_locale":"tr_TR","og_type":"article","og_title":"BOSCH FAP-425-OT - Mega G\u00fcvenlik Sistemleri","og_description":"Elektronik Adreslenebilir Mikroi\u015flemci Kontroll\u00fc Kombine Optik Duman ve S\u0131cakl\u0131k Dedekt\u00f6r\u00fc, Entegre K\u0131sadevre \u0130zolat\u00f6rl\u00fc,","og_url":"https:\/\/www.megaguvenlik.com\/?product=bosch-fap-425-ot","og_site_name":"Mega G\u00fcvenlik Sistemleri","article_modified_time":"2023-01-15T20:42:39+00:00","og_image":[{"width":500,"height":500,"url":"https:\/\/www.megaguvenlik.com\/wp-content\/uploads\/2022\/06\/BOSCH-FAP-425-OT.png","type":"image\/png"}],"twitter_card":"summary_large_image","schema":{"@context":"https:\/\/schema.org","@graph":[{"@type":"WebPage","@id":"https:\/\/www.megaguvenlik.com\/?product=bosch-fap-425-ot","url":"https:\/\/www.megaguvenlik.com\/?product=bosch-fap-425-ot","name":"BOSCH FAP-425-OT - Mega G\u00fcvenlik Sistemleri","isPartOf":{"@id":"https:\/\/www.megaguvenlik.com\/#website"},"primaryImageOfPage":{"@id":"https:\/\/www.megaguvenlik.com\/?product=bosch-fap-425-ot#primaryimage"},"image":{"@id":"https:\/\/www.megaguvenlik.com\/?product=bosch-fap-425-ot#primaryimage"},"thumbnailUrl":"https:\/\/www.megaguvenlik.com\/wp-content\/uploads\/2022\/06\/BOSCH-FAP-425-OT.png","datePublished":"2022-06-16T22:33:31+00:00","dateModified":"2023-01-15T20:42:39+00:00","breadcrumb":{"@id":"https:\/\/www.megaguvenlik.com\/?product=bosch-fap-425-ot#breadcrumb"},"inLanguage":"tr","potentialAction":[{"@type":"ReadAction","target":["https:\/\/www.megaguvenlik.com\/?product=bosch-fap-425-ot"]}]},{"@type":"ImageObject","inLanguage":"tr","@id":"https:\/\/www.megaguvenlik.com\/?product=bosch-fap-425-ot#primaryimage","url":"https:\/\/www.megaguvenlik.com\/wp-content\/uploads\/2022\/06\/BOSCH-FAP-425-OT.png","contentUrl":"https:\/\/www.megaguvenlik.com\/wp-content\/uploads\/2022\/06\/BOSCH-FAP-425-OT.png","width":500,"height":500},{"@type":"BreadcrumbList","@id":"https:\/\/www.megaguvenlik.com\/?product=bosch-fap-425-ot#breadcrumb","itemListElement":[{"@type":"ListItem","position":1,"name":"Anasayfa","item":"https:\/\/www.megaguvenlik.com\/"},{"@type":"ListItem","position":2,"name":"Ma\u011faza","item":"https:\/\/www.megaguvenlik.com\/?page_id=323"},{"@type":"ListItem","position":3,"name":"BOSCH FAP-425-OT"}]},{"@type":"WebSite","@id":"https:\/\/www.megaguvenlik.com\/#website","url":"https:\/\/www.megaguvenlik.com\/","name":"Mega G\u00fcvenlik Sistemleri","description":"Kamera | Yang\u0131n Alarm | Network | Acil Anons","potentialAction":[{"@type":"SearchAction","target":{"@type":"EntryPoint","urlTemplate":"https:\/\/www.megaguvenlik.com\/?s={search_term_string}"},"query-input":{"@type":"PropertyValueSpecification","valueRequired":true,"valueName":"search_term_string"}}],"inLanguage":"tr"}]}},"_links":{"self":[{"href":"https:\/\/www.megaguvenlik.com\/index.php?rest_route=\/wp\/v2\/product\/2710","targetHints":{"allow":["GET"]}}],"collection":[{"href":"https:\/\/www.megaguvenlik.com\/index.php?rest_route=\/wp\/v2\/product"}],"about":[{"href":"https:\/\/www.megaguvenlik.com\/index.php?rest_route=\/wp\/v2\/types\/product"}],"replies":[{"embeddable":true,"href":"https:\/\/www.megaguvenlik.com\/index.php?rest_route=%2Fwp%2Fv2%2Fcomments&post=2710"}],"wp:featuredmedia":[{"embeddable":true,"href":"https:\/\/www.megaguvenlik.com\/index.php?rest_route=\/wp\/v2\/media\/2711"}],"wp:attachment":[{"href":"https:\/\/www.megaguvenlik.com\/index.php?rest_route=%2Fwp%2Fv2%2Fmedia&parent=2710"}],"wp:term":[{"taxonomy":"product_brand","embeddable":true,"href":"https:\/\/www.megaguvenlik.com\/index.php?rest_route=%2Fwp%2Fv2%2Fproduct_brand&post=2710"},{"taxonomy":"product_cat","embeddable":true,"href":"https:\/\/www.megaguvenlik.com\/index.php?rest_route=%2Fwp%2Fv2%2Fproduct_cat&post=2710"},{"taxonomy":"product_tag","embeddable":true,"href":"https:\/\/www.megaguvenlik.com\/index.php?rest_route=%2Fwp%2Fv2%2Fproduct_tag&post=2710"}],"curies":[{"name":"wp","href":"https:\/\/api.w.org\/{rel}","templated":true}]}}