{"id":4019,"date":"2021-10-28T01:49:54","date_gmt":"2021-10-27T22:49:54","guid":{"rendered":"https:\/\/www.megaguvenlik.com\/?post_type=product&#038;p=4019"},"modified":"2022-11-10T19:03:51","modified_gmt":"2022-11-10T16:03:51","slug":"sismik-panel-kontrol-paneli-4-in-4-out","status":"publish","type":"product","link":"https:\/\/www.megaguvenlik.com\/?product=sismik-panel-kontrol-paneli-4-in-4-out","title":{"rendered":"S\u0130SM\u0130K PANEL | Kontrol Paneli | 4 IN \/ 4 OUT"},"content":{"rendered":"<div>\n<div>Ne i\u015fe yarar?<\/div>\n<div>End\u00fcstriyel Tip Gaz Alg\u0131lama cihazlar\u0131,Exproof gaz alarm cihazlar\u0131 ve konut tipi gaz alarm cihazlar\u0131 ile beraber kullan\u0131lan Sismik Panel; Birbirinden ba\u011f\u0131ms\u0131z d\u00f6rt adet giri\u015fleri sayesinde farkl\u0131 noktalarda yer alan dedekt\u00f6rlerin izlenmesini sa\u011flamaktad\u0131r. Herhangi bir alarm durumunda; elektrik, su,\u00a0do\u011falgaz, jenerat\u00f6r, asans\u00f6r, yang\u0131n panelleri vb\u2026 sistemlere ayr\u0131 ayr\u0131 sinyal g\u00f6ndermektedir. Ayn\u0131\u00a0zamanda, ba\u011fl\u0131 olan sens\u00f6rlerin devrede olup olmad\u0131\u011f\u0131 ve ar\u0131za gibi durumlar\u0131 kullan\u0131c\u0131\u00a0g\u00f6zlemlenebilmektedir.<br \/>\nTeknik \u00d6zellikler<\/p>\n<ul>\n<li>\u00c7al\u0131\u015fma voltaj\u0131 (\u015eebekede):Giri\u015f ; 170\/250VAC 50Hz<\/li>\n<li>Sens\u00f6r Giri\u015fleri : 4 Adet<\/li>\n<li>Tetikleme :\u00a0(NC\/C) Kuru Kontak ile<\/li>\n<li>Alarm \u00c7\u0131k\u0131\u015f\u0131 :\u00a04 Adet (NC\/C\/NO) Kuru Kontak<\/li>\n<li>Buzzer : 85 dB Ses \u00c7\u0131k\u0131\u015f\u0131<\/li>\n<li>G\u00f6sterge :\u00a0LCD Ekran<\/li>\n<li>Dedekt\u00f6r \u0130zleme :\u00a0Devred\u0131\u015f\u0131 \/Devrede \/ Alarm<\/li>\n<li>Resetleme : Manual<\/li>\n<li>Uygulama Alanlar\u0131 : Tehlikeli Ortam D\u0131\u015f\u0131na<\/li>\n<li>Kasa Tipi : Plastik Kasa<\/li>\n<li>Boyutlar :\u00a0158x86x58mm<\/li>\n<\/ul>\n<\/div>\n<\/div>\n","protected":false},"excerpt":{"rendered":"<p style=\"text-align: justify;\">Panel,Kontrol Paneli,Gaz Alarm Paneli, End\u00fcstriyel Dedekt\u00f6r Paneli, Dedekt\u00f6r Paneli<br \/>\n*<strong>Gedsis G\u00fcvenlik Sistemleri Yetkili Sismik Ankara Bayisidir.<\/strong><\/p>\n","protected":false},"featured_media":4020,"comment_status":"open","ping_status":"closed","template":"","meta":[],"product_brand":[],"product_cat":[314,289,295,169],"product_tag":[298],"class_list":{"0":"post-4019","1":"product","2":"type-product","3":"status-publish","4":"has-post-thumbnail","6":"product_cat-kontrol-panelleri","7":"product_cat-populer","8":"product_cat-sismik","9":"product_cat-yangin-alarm-sistemleri","10":"product_tag-sismik","12":"first","13":"instock","14":"featured","15":"taxable","16":"shipping-taxable","17":"product-type-simple"},"yoast_head":"<!-- This site is optimized with the Yoast SEO plugin v26.0 - https:\/\/yoast.com\/wordpress\/plugins\/seo\/ -->\n<title>S\u0130SM\u0130K PANEL | Kontrol Paneli | 4 IN \/ 4 OUT - Mega G\u00fcvenlik Sistemleri<\/title>\n<meta name=\"description\" content=\"Gedsis G\u00fcvenlik Sistemleri Yetkili Sismik Ankara Bayisidir. Kontak \u00c7o\u011falt\u0131c\u0131 (Elektronik deprem sens\u00f6rleri ile birlikte kullan\u0131l\u0131r)\" \/>\n<meta name=\"robots\" content=\"index, follow, max-snippet:-1, max-image-preview:large, max-video-preview:-1\" \/>\n<link rel=\"canonical\" href=\"https:\/\/www.megaguvenlik.com\/?product=sismik-panel-kontrol-paneli-4-in-4-out\" \/>\n<meta property=\"og:locale\" content=\"tr_TR\" \/>\n<meta property=\"og:type\" content=\"article\" \/>\n<meta property=\"og:title\" content=\"S\u0130SM\u0130K PANEL | Kontrol Paneli | 4 IN \/ 4 OUT - Mega G\u00fcvenlik Sistemleri\" \/>\n<meta property=\"og:description\" content=\"Gedsis G\u00fcvenlik Sistemleri Yetkili Sismik Ankara Bayisidir. Kontak \u00c7o\u011falt\u0131c\u0131 (Elektronik deprem sens\u00f6rleri ile birlikte kullan\u0131l\u0131r)\" \/>\n<meta property=\"og:url\" content=\"https:\/\/www.megaguvenlik.com\/?product=sismik-panel-kontrol-paneli-4-in-4-out\" \/>\n<meta property=\"og:site_name\" content=\"Mega G\u00fcvenlik Sistemleri\" \/>\n<meta property=\"article:modified_time\" content=\"2022-11-10T16:03:51+00:00\" \/>\n<meta property=\"og:image\" content=\"https:\/\/www.megaguvenlik.com\/wp-content\/uploads\/2022\/10\/14.png\" \/>\n\t<meta property=\"og:image:width\" content=\"500\" \/>\n\t<meta property=\"og:image:height\" content=\"500\" \/>\n\t<meta property=\"og:image:type\" content=\"image\/png\" \/>\n<meta name=\"twitter:card\" content=\"summary_large_image\" \/>\n<meta name=\"twitter:label1\" content=\"Tahmini okuma s\u00fcresi\" \/>\n\t<meta name=\"twitter:data1\" content=\"1 dakika\" \/>\n<script type=\"application\/ld+json\" class=\"yoast-schema-graph\">{\"@context\":\"https:\/\/schema.org\",\"@graph\":[{\"@type\":\"WebPage\",\"@id\":\"https:\/\/www.megaguvenlik.com\/?product=sismik-panel-kontrol-paneli-4-in-4-out\",\"url\":\"https:\/\/www.megaguvenlik.com\/?product=sismik-panel-kontrol-paneli-4-in-4-out\",\"name\":\"S\u0130SM\u0130K PANEL | Kontrol Paneli | 4 IN \/ 4 OUT - Mega G\u00fcvenlik Sistemleri\",\"isPartOf\":{\"@id\":\"https:\/\/www.megaguvenlik.com\/#website\"},\"primaryImageOfPage\":{\"@id\":\"https:\/\/www.megaguvenlik.com\/?product=sismik-panel-kontrol-paneli-4-in-4-out#primaryimage\"},\"image\":{\"@id\":\"https:\/\/www.megaguvenlik.com\/?product=sismik-panel-kontrol-paneli-4-in-4-out#primaryimage\"},\"thumbnailUrl\":\"https:\/\/www.megaguvenlik.com\/wp-content\/uploads\/2022\/10\/14.png\",\"datePublished\":\"2021-10-27T22:49:54+00:00\",\"dateModified\":\"2022-11-10T16:03:51+00:00\",\"description\":\"Gedsis G\u00fcvenlik Sistemleri Yetkili Sismik Ankara Bayisidir. Kontak \u00c7o\u011falt\u0131c\u0131 (Elektronik deprem sens\u00f6rleri ile birlikte kullan\u0131l\u0131r)\",\"breadcrumb\":{\"@id\":\"https:\/\/www.megaguvenlik.com\/?product=sismik-panel-kontrol-paneli-4-in-4-out#breadcrumb\"},\"inLanguage\":\"tr\",\"potentialAction\":[{\"@type\":\"ReadAction\",\"target\":[\"https:\/\/www.megaguvenlik.com\/?product=sismik-panel-kontrol-paneli-4-in-4-out\"]}]},{\"@type\":\"ImageObject\",\"inLanguage\":\"tr\",\"@id\":\"https:\/\/www.megaguvenlik.com\/?product=sismik-panel-kontrol-paneli-4-in-4-out#primaryimage\",\"url\":\"https:\/\/www.megaguvenlik.com\/wp-content\/uploads\/2022\/10\/14.png\",\"contentUrl\":\"https:\/\/www.megaguvenlik.com\/wp-content\/uploads\/2022\/10\/14.png\",\"width\":500,\"height\":500,\"caption\":\"S\u0130SM\u0130K PANEL | Kontrol Paneli | 4 IN \/ 4 OUT\"},{\"@type\":\"BreadcrumbList\",\"@id\":\"https:\/\/www.megaguvenlik.com\/?product=sismik-panel-kontrol-paneli-4-in-4-out#breadcrumb\",\"itemListElement\":[{\"@type\":\"ListItem\",\"position\":1,\"name\":\"Anasayfa\",\"item\":\"https:\/\/www.megaguvenlik.com\/\"},{\"@type\":\"ListItem\",\"position\":2,\"name\":\"Ma\u011faza\",\"item\":\"https:\/\/www.megaguvenlik.com\/?page_id=323\"},{\"@type\":\"ListItem\",\"position\":3,\"name\":\"S\u0130SM\u0130K PANEL | Kontrol Paneli | 4 IN \/ 4 OUT\"}]},{\"@type\":\"WebSite\",\"@id\":\"https:\/\/www.megaguvenlik.com\/#website\",\"url\":\"https:\/\/www.megaguvenlik.com\/\",\"name\":\"Mega G\u00fcvenlik Sistemleri\",\"description\":\"Kamera | Yang\u0131n Alarm | Network | Acil Anons\",\"potentialAction\":[{\"@type\":\"SearchAction\",\"target\":{\"@type\":\"EntryPoint\",\"urlTemplate\":\"https:\/\/www.megaguvenlik.com\/?s={search_term_string}\"},\"query-input\":{\"@type\":\"PropertyValueSpecification\",\"valueRequired\":true,\"valueName\":\"search_term_string\"}}],\"inLanguage\":\"tr\"}]}<\/script>\n<!-- \/ Yoast SEO plugin. -->","yoast_head_json":{"title":"S\u0130SM\u0130K PANEL | Kontrol Paneli | 4 IN \/ 4 OUT - Mega G\u00fcvenlik Sistemleri","description":"Gedsis G\u00fcvenlik Sistemleri Yetkili Sismik Ankara Bayisidir. Kontak \u00c7o\u011falt\u0131c\u0131 (Elektronik deprem sens\u00f6rleri ile birlikte kullan\u0131l\u0131r)","robots":{"index":"index","follow":"follow","max-snippet":"max-snippet:-1","max-image-preview":"max-image-preview:large","max-video-preview":"max-video-preview:-1"},"canonical":"https:\/\/www.megaguvenlik.com\/?product=sismik-panel-kontrol-paneli-4-in-4-out","og_locale":"tr_TR","og_type":"article","og_title":"S\u0130SM\u0130K PANEL | Kontrol Paneli | 4 IN \/ 4 OUT - Mega G\u00fcvenlik Sistemleri","og_description":"Gedsis G\u00fcvenlik Sistemleri Yetkili Sismik Ankara Bayisidir. Kontak \u00c7o\u011falt\u0131c\u0131 (Elektronik deprem sens\u00f6rleri ile birlikte kullan\u0131l\u0131r)","og_url":"https:\/\/www.megaguvenlik.com\/?product=sismik-panel-kontrol-paneli-4-in-4-out","og_site_name":"Mega G\u00fcvenlik Sistemleri","article_modified_time":"2022-11-10T16:03:51+00:00","og_image":[{"width":500,"height":500,"url":"https:\/\/www.megaguvenlik.com\/wp-content\/uploads\/2022\/10\/14.png","type":"image\/png"}],"twitter_card":"summary_large_image","twitter_misc":{"Tahmini okuma s\u00fcresi":"1 dakika"},"schema":{"@context":"https:\/\/schema.org","@graph":[{"@type":"WebPage","@id":"https:\/\/www.megaguvenlik.com\/?product=sismik-panel-kontrol-paneli-4-in-4-out","url":"https:\/\/www.megaguvenlik.com\/?product=sismik-panel-kontrol-paneli-4-in-4-out","name":"S\u0130SM\u0130K PANEL | Kontrol Paneli | 4 IN \/ 4 OUT - Mega G\u00fcvenlik Sistemleri","isPartOf":{"@id":"https:\/\/www.megaguvenlik.com\/#website"},"primaryImageOfPage":{"@id":"https:\/\/www.megaguvenlik.com\/?product=sismik-panel-kontrol-paneli-4-in-4-out#primaryimage"},"image":{"@id":"https:\/\/www.megaguvenlik.com\/?product=sismik-panel-kontrol-paneli-4-in-4-out#primaryimage"},"thumbnailUrl":"https:\/\/www.megaguvenlik.com\/wp-content\/uploads\/2022\/10\/14.png","datePublished":"2021-10-27T22:49:54+00:00","dateModified":"2022-11-10T16:03:51+00:00","description":"Gedsis G\u00fcvenlik Sistemleri Yetkili Sismik Ankara Bayisidir. Kontak \u00c7o\u011falt\u0131c\u0131 (Elektronik deprem sens\u00f6rleri ile birlikte kullan\u0131l\u0131r)","breadcrumb":{"@id":"https:\/\/www.megaguvenlik.com\/?product=sismik-panel-kontrol-paneli-4-in-4-out#breadcrumb"},"inLanguage":"tr","potentialAction":[{"@type":"ReadAction","target":["https:\/\/www.megaguvenlik.com\/?product=sismik-panel-kontrol-paneli-4-in-4-out"]}]},{"@type":"ImageObject","inLanguage":"tr","@id":"https:\/\/www.megaguvenlik.com\/?product=sismik-panel-kontrol-paneli-4-in-4-out#primaryimage","url":"https:\/\/www.megaguvenlik.com\/wp-content\/uploads\/2022\/10\/14.png","contentUrl":"https:\/\/www.megaguvenlik.com\/wp-content\/uploads\/2022\/10\/14.png","width":500,"height":500,"caption":"S\u0130SM\u0130K PANEL | Kontrol Paneli | 4 IN \/ 4 OUT"},{"@type":"BreadcrumbList","@id":"https:\/\/www.megaguvenlik.com\/?product=sismik-panel-kontrol-paneli-4-in-4-out#breadcrumb","itemListElement":[{"@type":"ListItem","position":1,"name":"Anasayfa","item":"https:\/\/www.megaguvenlik.com\/"},{"@type":"ListItem","position":2,"name":"Ma\u011faza","item":"https:\/\/www.megaguvenlik.com\/?page_id=323"},{"@type":"ListItem","position":3,"name":"S\u0130SM\u0130K PANEL | Kontrol Paneli | 4 IN \/ 4 OUT"}]},{"@type":"WebSite","@id":"https:\/\/www.megaguvenlik.com\/#website","url":"https:\/\/www.megaguvenlik.com\/","name":"Mega G\u00fcvenlik Sistemleri","description":"Kamera | Yang\u0131n Alarm | Network | Acil Anons","potentialAction":[{"@type":"SearchAction","target":{"@type":"EntryPoint","urlTemplate":"https:\/\/www.megaguvenlik.com\/?s={search_term_string}"},"query-input":{"@type":"PropertyValueSpecification","valueRequired":true,"valueName":"search_term_string"}}],"inLanguage":"tr"}]}},"_links":{"self":[{"href":"https:\/\/www.megaguvenlik.com\/index.php?rest_route=\/wp\/v2\/product\/4019","targetHints":{"allow":["GET"]}}],"collection":[{"href":"https:\/\/www.megaguvenlik.com\/index.php?rest_route=\/wp\/v2\/product"}],"about":[{"href":"https:\/\/www.megaguvenlik.com\/index.php?rest_route=\/wp\/v2\/types\/product"}],"replies":[{"embeddable":true,"href":"https:\/\/www.megaguvenlik.com\/index.php?rest_route=%2Fwp%2Fv2%2Fcomments&post=4019"}],"wp:featuredmedia":[{"embeddable":true,"href":"https:\/\/www.megaguvenlik.com\/index.php?rest_route=\/wp\/v2\/media\/4020"}],"wp:attachment":[{"href":"https:\/\/www.megaguvenlik.com\/index.php?rest_route=%2Fwp%2Fv2%2Fmedia&parent=4019"}],"wp:term":[{"taxonomy":"product_brand","embeddable":true,"href":"https:\/\/www.megaguvenlik.com\/index.php?rest_route=%2Fwp%2Fv2%2Fproduct_brand&post=4019"},{"taxonomy":"product_cat","embeddable":true,"href":"https:\/\/www.megaguvenlik.com\/index.php?rest_route=%2Fwp%2Fv2%2Fproduct_cat&post=4019"},{"taxonomy":"product_tag","embeddable":true,"href":"https:\/\/www.megaguvenlik.com\/index.php?rest_route=%2Fwp%2Fv2%2Fproduct_tag&post=4019"}],"curies":[{"name":"wp","href":"https:\/\/api.w.org\/{rel}","templated":true}]}}