{"id":4027,"date":"2021-10-28T00:07:04","date_gmt":"2021-10-27T21:07:04","guid":{"rendered":"https:\/\/www.megaguvenlik.com\/?post_type=product&#038;p=4027"},"modified":"2022-11-10T19:05:06","modified_gmt":"2022-11-10T16:05:06","slug":"gasis-ex-220v-ac-cikis","status":"publish","type":"product","link":"https:\/\/www.megaguvenlik.com\/?product=gasis-ex-220v-ac-cikis","title":{"rendered":"GaSis-EX | 220V AC \u00c7\u0131k\u0131\u015f"},"content":{"rendered":"<div>Ne i\u015fe yarar?<\/div>\n<div><\/div>\n<div>Sanayi tipi mutfaklar, kazan daireleri, merkezi sistemler, LPG benzin istasyonlar\u0131nda yan\u0131c\u0131 ve patlay\u0131c\u0131 gazlar\u0131 alg\u0131lar. Sesli ve \u0131\u015f\u0131kl\u0131 uyar\u0131 verir. Ortamda %7LEL (\u00b1%0,4LEL) s\u0131n\u0131r\u0131n\u0131n \u00fczerinde gaz ka\u00e7a\u011f\u0131 olmas\u0131 halinde, kontak \u00e7\u0131k\u0131\u015f\u0131 sayesinde; korna, siren, gaz kesici vana(selenoid valf) gibi sistemlere sinyal g\u00f6ndererek \u00e7al\u0131\u015fmas\u0131n\u0131 sa\u011flar.<\/div>\n<div><\/div>\n<div>Cihaz iki k\u0131s\u0131mdan olu\u015fur;<\/div>\n<div><\/div>\n<div>1.K\u0131s\u0131m (Fonksiyon)<\/div>\n<div><\/div>\n<div>\u00dcr\u00fcn\u00fcn g\u00f6rsel ve sesli uyar\u0131 verdi\u011fi k\u0131s\u0131m olan fonksiyon k\u0131sm\u0131 i\u00e7erisinde elektronik kart yer almaktad\u0131r. Ipx2d koruma s\u0131n\u0131f\u0131na sahip olan plastik kutu i\u00e7erisine yer alan elektronik kart bu y\u00f6ntem ile muhafaza edilmektedir. TSE EN 50194-1 standard\u0131 ve CE sertifikas\u0131na sahip olan bu cihaz patlama k\u0131sm\u0131n\u0131n d\u0131\u015f\u0131nda g\u00fcvenli b\u00f6lgede bulundurulmal\u0131d\u0131r.<\/div>\n<div><\/div>\n<div>2.K\u0131s\u0131m (Alg\u0131lama)<\/div>\n<div>\u00dcr\u00fcn\u00fcn tehlikeli ortamda bulunan bu k\u0131sm\u0131 iki ana malzemeden olu\u015fmaktad\u0131r. Sert al\u00fcminyumdan imal edilen koruma rakoru ve i\u00e7erisinde bulunan tehlikeli gaz\u0131 alg\u0131lama \u00f6zelli\u011fine sahip, gaz sens\u00f6r\u00fcnden meydana gelmektedir. Sens\u00f6r koruma rakorunun i\u00e7erisine plastik soket ile yerle\u015ftirilmektedir. Gerekli ba\u011flant\u0131 noktalar\u0131na ba\u011flanan kablo ile fonksiyon k\u0131sm\u0131 ili\u015fkilendirmesi sa\u011flanmaktad\u0131r. Rakor i\u00e7erisine yetkisiz ki\u015filerce m\u00fcdahale engellenmi\u015ftir.<\/div>\n<div><\/div>\n<div>\n<hr \/>\n<\/div>\n<div>\n<p>Teknik \u00d6zellikler<\/p>\n<ul>\n<li>\u00c7al\u0131\u015fma voltaj\u0131 :Giri\u015f ; 230VAC 50Hz<\/li>\n<li>\u00c7\u0131k\u0131\u015f Voltaj\u0131: 230VAC 50Hz<\/li>\n<li>\u00c7al\u0131\u015fma G\u00fcc\u00fc(Stand by): 2,5 W<\/li>\n<li>Sens\u00f6r: Yar\u0131 iletken<\/li>\n<li>Kalibrasyon S\u00fcresi: 20 &#8211; 60 sn Aras\u0131<\/li>\n<li>Buzzer Ses \u00c7\u0131k\u0131\u015f\u0131: 85 dB<\/li>\n<li>Sens\u00f6r \u00d6l\u00e7\u00fcm Standard\u0131: TSE EN 50194-1<\/li>\n<li>Sens\u00f6r ve Cihaz \u00d6mr\u00fc: 5 Y\u0131l<\/li>\n<li>Alarm Seviyesi: Metan(Do\u011falgaz) % 7 LEL (\u00b1%0,4 LEL) GaSis-Metan Alt Patlama S\u0131n\u0131r\u0131.<\/li>\n<li>\u00c7al\u0131\u015fma S\u0131cakl\u0131\u011f\u0131: -20 \u00b0 \u0421 ile 50 \u00b0 \u0421<\/li>\n<li>Koruma Derecesi: IPX2D<\/li>\n<li>\u00d6l\u00e7\u00fcler: 68mmX112mmX38mm<\/li>\n<li>A\u011f\u0131rl\u0131k: 500 gr<\/li>\n<\/ul>\n<hr \/>\n<div>G\u00f6sterge ve Alarm \u00d6zellikleri<\/div>\n<ul>\n<li>Alarm : I\u015f\u0131kl\u0131 g\u00f6sterge ve sesli(K\u0131rm\u0131z\u0131)<\/li>\n<li>Power \u00e7al\u0131\u015fma g\u00f6stergesi: I\u015f\u0131kl\u0131 g\u00f6sterge,220V sisteme ba\u011fland\u0131\u011f\u0131 anda yanar.(Ye\u015fil)<\/li>\n<li>Ready: Sistem ilk \u00e7al\u0131\u015fmaya ba\u015flad\u0131\u011f\u0131nda anca sens\u00f6r \u0131s\u0131nana denk 30sn ile 60sn aras\u0131 yanar. I\u015f\u0131kl\u0131 g\u00f6sterge(Sar\u0131)<\/li>\n<li>Fault: Sens\u00f6r \u00fczerinde herhangi bir ar\u0131za meydana geldi\u011fi zaman yanar.I\u015f\u0131kl\u0131 g\u00f6sterge.(Sar\u0131)<\/li>\n<li>\u0130stenilirse Test butonu ile montaj\u0131 yap\u0131ld\u0131ktan sonra sistemin \u00e7al\u0131\u015fabilirli\u011fini kontrol etmek amac\u0131 ile test yap\u0131l\u0131r.<\/li>\n<\/ul>\n<\/div>\n","protected":false},"excerpt":{"rendered":"<p style=\"text-align: justify;\">Exproof Gaz Alarm Cihaz\u0131 220 V AC Giri\u015f ve 220 V AC \u00c7\u0131k\u0131\u015f vermektedir.<br \/>\n*<strong>Gedsis G\u00fcvenlik Sistemleri Yetkili Sismik Ankara Bayisidir.<\/strong><\/p>\n","protected":false},"featured_media":4028,"comment_status":"open","ping_status":"closed","template":"","meta":[],"product_brand":[],"product_cat":[285,307,289,295,169],"product_tag":[311,310,298],"class_list":{"0":"post-4027","1":"product","2":"type-product","3":"status-publish","4":"has-post-thumbnail","6":"product_cat-exproof","7":"product_cat-gaz-alarm-cihazlari","8":"product_cat-populer","9":"product_cat-sismik","10":"product_cat-yangin-alarm-sistemleri","11":"product_tag-endustriyel-exproof","12":"product_tag-exproof","13":"product_tag-sismik","15":"first","16":"instock","17":"featured","18":"taxable","19":"shipping-taxable","20":"product-type-simple"},"yoast_head":"<!-- This site is optimized with the Yoast SEO plugin v26.0 - https:\/\/yoast.com\/wordpress\/plugins\/seo\/ -->\n<title>GaSis-EX | 220V AC \u00c7\u0131k\u0131\u015f - Mega G\u00fcvenlik Sistemleri<\/title>\n<meta name=\"description\" content=\"Gedsis G\u00fcvenlik Sistemleri Yetkili Sismik Ankara Bayisidir. Exproof Gaz Alarm Cihaz\u0131 220 V AC Giri\u015f ve 220 V AC \u00c7\u0131k\u0131\u015f vermektedir.\" \/>\n<meta name=\"robots\" content=\"index, follow, max-snippet:-1, max-image-preview:large, max-video-preview:-1\" \/>\n<link rel=\"canonical\" href=\"https:\/\/www.megaguvenlik.com\/?product=gasis-ex-220v-ac-cikis\" \/>\n<meta property=\"og:locale\" content=\"tr_TR\" \/>\n<meta property=\"og:type\" content=\"article\" \/>\n<meta property=\"og:title\" content=\"GaSis-EX | 220V AC \u00c7\u0131k\u0131\u015f - Mega G\u00fcvenlik Sistemleri\" \/>\n<meta property=\"og:description\" content=\"Gedsis G\u00fcvenlik Sistemleri Yetkili Sismik Ankara Bayisidir. Exproof Gaz Alarm Cihaz\u0131 220 V AC Giri\u015f ve 220 V AC \u00c7\u0131k\u0131\u015f vermektedir.\" \/>\n<meta property=\"og:url\" content=\"https:\/\/www.megaguvenlik.com\/?product=gasis-ex-220v-ac-cikis\" \/>\n<meta property=\"og:site_name\" content=\"Mega G\u00fcvenlik Sistemleri\" \/>\n<meta property=\"article:modified_time\" content=\"2022-11-10T16:05:06+00:00\" \/>\n<meta property=\"og:image\" content=\"https:\/\/www.megaguvenlik.com\/wp-content\/uploads\/2022\/10\/6-1.png\" \/>\n\t<meta property=\"og:image:width\" content=\"500\" \/>\n\t<meta property=\"og:image:height\" content=\"500\" \/>\n\t<meta property=\"og:image:type\" content=\"image\/png\" \/>\n<meta name=\"twitter:card\" content=\"summary_large_image\" \/>\n<meta name=\"twitter:label1\" content=\"Tahmini okuma s\u00fcresi\" \/>\n\t<meta name=\"twitter:data1\" content=\"2 dakika\" \/>\n<script type=\"application\/ld+json\" class=\"yoast-schema-graph\">{\"@context\":\"https:\/\/schema.org\",\"@graph\":[{\"@type\":\"WebPage\",\"@id\":\"https:\/\/www.megaguvenlik.com\/?product=gasis-ex-220v-ac-cikis\",\"url\":\"https:\/\/www.megaguvenlik.com\/?product=gasis-ex-220v-ac-cikis\",\"name\":\"GaSis-EX | 220V AC \u00c7\u0131k\u0131\u015f - Mega G\u00fcvenlik Sistemleri\",\"isPartOf\":{\"@id\":\"https:\/\/www.megaguvenlik.com\/#website\"},\"primaryImageOfPage\":{\"@id\":\"https:\/\/www.megaguvenlik.com\/?product=gasis-ex-220v-ac-cikis#primaryimage\"},\"image\":{\"@id\":\"https:\/\/www.megaguvenlik.com\/?product=gasis-ex-220v-ac-cikis#primaryimage\"},\"thumbnailUrl\":\"https:\/\/www.megaguvenlik.com\/wp-content\/uploads\/2022\/10\/6-1.png\",\"datePublished\":\"2021-10-27T21:07:04+00:00\",\"dateModified\":\"2022-11-10T16:05:06+00:00\",\"description\":\"Gedsis G\u00fcvenlik Sistemleri Yetkili Sismik Ankara Bayisidir. Exproof Gaz Alarm Cihaz\u0131 220 V AC Giri\u015f ve 220 V AC \u00c7\u0131k\u0131\u015f vermektedir.\",\"breadcrumb\":{\"@id\":\"https:\/\/www.megaguvenlik.com\/?product=gasis-ex-220v-ac-cikis#breadcrumb\"},\"inLanguage\":\"tr\",\"potentialAction\":[{\"@type\":\"ReadAction\",\"target\":[\"https:\/\/www.megaguvenlik.com\/?product=gasis-ex-220v-ac-cikis\"]}]},{\"@type\":\"ImageObject\",\"inLanguage\":\"tr\",\"@id\":\"https:\/\/www.megaguvenlik.com\/?product=gasis-ex-220v-ac-cikis#primaryimage\",\"url\":\"https:\/\/www.megaguvenlik.com\/wp-content\/uploads\/2022\/10\/6-1.png\",\"contentUrl\":\"https:\/\/www.megaguvenlik.com\/wp-content\/uploads\/2022\/10\/6-1.png\",\"width\":500,\"height\":500,\"caption\":\"GaSis-EX | 220V AC \u00c7\u0131k\u0131\u015f\"},{\"@type\":\"BreadcrumbList\",\"@id\":\"https:\/\/www.megaguvenlik.com\/?product=gasis-ex-220v-ac-cikis#breadcrumb\",\"itemListElement\":[{\"@type\":\"ListItem\",\"position\":1,\"name\":\"Anasayfa\",\"item\":\"https:\/\/www.megaguvenlik.com\/\"},{\"@type\":\"ListItem\",\"position\":2,\"name\":\"Ma\u011faza\",\"item\":\"https:\/\/www.megaguvenlik.com\/?page_id=323\"},{\"@type\":\"ListItem\",\"position\":3,\"name\":\"GaSis-EX | 220V AC \u00c7\u0131k\u0131\u015f\"}]},{\"@type\":\"WebSite\",\"@id\":\"https:\/\/www.megaguvenlik.com\/#website\",\"url\":\"https:\/\/www.megaguvenlik.com\/\",\"name\":\"Mega G\u00fcvenlik Sistemleri\",\"description\":\"Kamera | Yang\u0131n Alarm | Network | Acil Anons\",\"potentialAction\":[{\"@type\":\"SearchAction\",\"target\":{\"@type\":\"EntryPoint\",\"urlTemplate\":\"https:\/\/www.megaguvenlik.com\/?s={search_term_string}\"},\"query-input\":{\"@type\":\"PropertyValueSpecification\",\"valueRequired\":true,\"valueName\":\"search_term_string\"}}],\"inLanguage\":\"tr\"}]}<\/script>\n<!-- \/ Yoast SEO plugin. -->","yoast_head_json":{"title":"GaSis-EX | 220V AC \u00c7\u0131k\u0131\u015f - Mega G\u00fcvenlik Sistemleri","description":"Gedsis G\u00fcvenlik Sistemleri Yetkili Sismik Ankara Bayisidir. Exproof Gaz Alarm Cihaz\u0131 220 V AC Giri\u015f ve 220 V AC \u00c7\u0131k\u0131\u015f vermektedir.","robots":{"index":"index","follow":"follow","max-snippet":"max-snippet:-1","max-image-preview":"max-image-preview:large","max-video-preview":"max-video-preview:-1"},"canonical":"https:\/\/www.megaguvenlik.com\/?product=gasis-ex-220v-ac-cikis","og_locale":"tr_TR","og_type":"article","og_title":"GaSis-EX | 220V AC \u00c7\u0131k\u0131\u015f - Mega G\u00fcvenlik Sistemleri","og_description":"Gedsis G\u00fcvenlik Sistemleri Yetkili Sismik Ankara Bayisidir. Exproof Gaz Alarm Cihaz\u0131 220 V AC Giri\u015f ve 220 V AC \u00c7\u0131k\u0131\u015f vermektedir.","og_url":"https:\/\/www.megaguvenlik.com\/?product=gasis-ex-220v-ac-cikis","og_site_name":"Mega G\u00fcvenlik Sistemleri","article_modified_time":"2022-11-10T16:05:06+00:00","og_image":[{"width":500,"height":500,"url":"https:\/\/www.megaguvenlik.com\/wp-content\/uploads\/2022\/10\/6-1.png","type":"image\/png"}],"twitter_card":"summary_large_image","twitter_misc":{"Tahmini okuma s\u00fcresi":"2 dakika"},"schema":{"@context":"https:\/\/schema.org","@graph":[{"@type":"WebPage","@id":"https:\/\/www.megaguvenlik.com\/?product=gasis-ex-220v-ac-cikis","url":"https:\/\/www.megaguvenlik.com\/?product=gasis-ex-220v-ac-cikis","name":"GaSis-EX | 220V AC \u00c7\u0131k\u0131\u015f - Mega G\u00fcvenlik Sistemleri","isPartOf":{"@id":"https:\/\/www.megaguvenlik.com\/#website"},"primaryImageOfPage":{"@id":"https:\/\/www.megaguvenlik.com\/?product=gasis-ex-220v-ac-cikis#primaryimage"},"image":{"@id":"https:\/\/www.megaguvenlik.com\/?product=gasis-ex-220v-ac-cikis#primaryimage"},"thumbnailUrl":"https:\/\/www.megaguvenlik.com\/wp-content\/uploads\/2022\/10\/6-1.png","datePublished":"2021-10-27T21:07:04+00:00","dateModified":"2022-11-10T16:05:06+00:00","description":"Gedsis G\u00fcvenlik Sistemleri Yetkili Sismik Ankara Bayisidir. Exproof Gaz Alarm Cihaz\u0131 220 V AC Giri\u015f ve 220 V AC \u00c7\u0131k\u0131\u015f vermektedir.","breadcrumb":{"@id":"https:\/\/www.megaguvenlik.com\/?product=gasis-ex-220v-ac-cikis#breadcrumb"},"inLanguage":"tr","potentialAction":[{"@type":"ReadAction","target":["https:\/\/www.megaguvenlik.com\/?product=gasis-ex-220v-ac-cikis"]}]},{"@type":"ImageObject","inLanguage":"tr","@id":"https:\/\/www.megaguvenlik.com\/?product=gasis-ex-220v-ac-cikis#primaryimage","url":"https:\/\/www.megaguvenlik.com\/wp-content\/uploads\/2022\/10\/6-1.png","contentUrl":"https:\/\/www.megaguvenlik.com\/wp-content\/uploads\/2022\/10\/6-1.png","width":500,"height":500,"caption":"GaSis-EX | 220V AC \u00c7\u0131k\u0131\u015f"},{"@type":"BreadcrumbList","@id":"https:\/\/www.megaguvenlik.com\/?product=gasis-ex-220v-ac-cikis#breadcrumb","itemListElement":[{"@type":"ListItem","position":1,"name":"Anasayfa","item":"https:\/\/www.megaguvenlik.com\/"},{"@type":"ListItem","position":2,"name":"Ma\u011faza","item":"https:\/\/www.megaguvenlik.com\/?page_id=323"},{"@type":"ListItem","position":3,"name":"GaSis-EX | 220V AC \u00c7\u0131k\u0131\u015f"}]},{"@type":"WebSite","@id":"https:\/\/www.megaguvenlik.com\/#website","url":"https:\/\/www.megaguvenlik.com\/","name":"Mega G\u00fcvenlik Sistemleri","description":"Kamera | Yang\u0131n Alarm | Network | Acil Anons","potentialAction":[{"@type":"SearchAction","target":{"@type":"EntryPoint","urlTemplate":"https:\/\/www.megaguvenlik.com\/?s={search_term_string}"},"query-input":{"@type":"PropertyValueSpecification","valueRequired":true,"valueName":"search_term_string"}}],"inLanguage":"tr"}]}},"_links":{"self":[{"href":"https:\/\/www.megaguvenlik.com\/index.php?rest_route=\/wp\/v2\/product\/4027","targetHints":{"allow":["GET"]}}],"collection":[{"href":"https:\/\/www.megaguvenlik.com\/index.php?rest_route=\/wp\/v2\/product"}],"about":[{"href":"https:\/\/www.megaguvenlik.com\/index.php?rest_route=\/wp\/v2\/types\/product"}],"replies":[{"embeddable":true,"href":"https:\/\/www.megaguvenlik.com\/index.php?rest_route=%2Fwp%2Fv2%2Fcomments&post=4027"}],"wp:featuredmedia":[{"embeddable":true,"href":"https:\/\/www.megaguvenlik.com\/index.php?rest_route=\/wp\/v2\/media\/4028"}],"wp:attachment":[{"href":"https:\/\/www.megaguvenlik.com\/index.php?rest_route=%2Fwp%2Fv2%2Fmedia&parent=4027"}],"wp:term":[{"taxonomy":"product_brand","embeddable":true,"href":"https:\/\/www.megaguvenlik.com\/index.php?rest_route=%2Fwp%2Fv2%2Fproduct_brand&post=4027"},{"taxonomy":"product_cat","embeddable":true,"href":"https:\/\/www.megaguvenlik.com\/index.php?rest_route=%2Fwp%2Fv2%2Fproduct_cat&post=4027"},{"taxonomy":"product_tag","embeddable":true,"href":"https:\/\/www.megaguvenlik.com\/index.php?rest_route=%2Fwp%2Fv2%2Fproduct_tag&post=4027"}],"curies":[{"name":"wp","href":"https:\/\/api.w.org\/{rel}","templated":true}]}}