{"id":4136,"date":"2022-01-15T17:16:48","date_gmt":"2022-01-15T14:16:48","guid":{"rendered":"https:\/\/www.megaguvenlik.com\/?post_type=product&#038;p=4136"},"modified":"2023-01-15T18:05:40","modified_gmt":"2023-01-15T15:05:40","slug":"teknim-tfs-1181-akilli-adresli-dahili-izolatorlu-yangin-alarm-sireni","status":"publish","type":"product","link":"https:\/\/www.megaguvenlik.com\/?product=teknim-tfs-1181-akilli-adresli-dahili-izolatorlu-yangin-alarm-sireni","title":{"rendered":"TEKN\u0130M TFS-1181 Ak\u0131ll\u0131 Adresli Dahili \u0130zolat\u00f6rl\u00fc Yang\u0131n Alarm Sireni"},"content":{"rendered":"<p>EN54-3 Sertifikal\u0131d\u0131r<br \/>\nLoop Hatt\u0131ndan Beslenebilir<br \/>\n42 Farkl\u0131 Ses Tonu \u00d6zelli\u011fi<br \/>\n3 Farkl\u0131 Ses Seviyesi<br \/>\nS\u0131zd\u0131rmaz M\u0131knat\u0131sl\u0131 piezo<br \/>\nK\u0131rm\u0131z\u0131, UL94 Yanmaz Polikarbonat Plastik \u00c7er\u00e7eve<br \/>\nD\u00fc\u015f\u00fck Ak\u0131m\u0131 T\u00fcketimi <\/p>\n<p>TFS-1181, do\u011frudan Loop Line&#8217;a ba\u011flanabilen ve tamamen loop&#8217;tan beslenebilen bir Ak\u0131ll\u0131 Adresli Dahili \u0130zolat\u00f6rl\u00fc Yang\u0131n Alarm sirenidir.<br \/>\nT\u00fcm Teknim Adreslenebilir Yang\u0131n Alarm Kontrol Panelleri ile kullan\u0131labilir.<\/p>\n","protected":false},"excerpt":{"rendered":"<p>EN54-3 Sertifikal\u0131d\u0131r Loop Hatt\u0131ndan Beslenebilir 42 Farkl\u0131 Ses Tonu \u00d6zelli\u011fi 3 Farkl\u0131 Ses Seviyesi S\u0131zd\u0131rmaz M\u0131knat\u0131sl\u0131 piezo K\u0131rm\u0131z\u0131, UL94 Yanmaz Polikarbonat Plastik \u00c7er\u00e7eve D\u00fc\u015f\u00fck Ak\u0131m\u0131 T\u00fcketimi TFS-1181, do\u011frudan Loop Line&#8217;a ba\u011flanabilen ve tamamen loop&#8217;tan beslenebilen bir Ak\u0131ll\u0131 Adresli Dahili \u0130zolat\u00f6rl\u00fc Yang\u0131n Alarm sirenidir. T\u00fcm Teknim Adreslenebilir Yang\u0131n Alarm Kontrol Panelleri ile kullan\u0131labilir.<\/p>\n","protected":false},"featured_media":4137,"comment_status":"open","ping_status":"closed","template":"","meta":[],"product_brand":[],"product_cat":[322],"product_tag":[],"class_list":{"0":"post-4136","1":"product","2":"type-product","3":"status-publish","4":"has-post-thumbnail","6":"product_cat-adresli-yangin-alarm-sistemleri","8":"first","9":"instock","10":"taxable","11":"shipping-taxable","12":"product-type-simple"},"yoast_head":"<!-- This site is optimized with the Yoast SEO plugin v26.0 - https:\/\/yoast.com\/wordpress\/plugins\/seo\/ -->\n<title>TEKN\u0130M TFS-1181 Ak\u0131ll\u0131 Adresli Dahili \u0130zolat\u00f6rl\u00fc Yang\u0131n Alarm Sireni - Mega G\u00fcvenlik Sistemleri<\/title>\n<meta name=\"robots\" content=\"index, follow, max-snippet:-1, max-image-preview:large, max-video-preview:-1\" \/>\n<link rel=\"canonical\" href=\"https:\/\/www.megaguvenlik.com\/?product=teknim-tfs-1181-akilli-adresli-dahili-izolatorlu-yangin-alarm-sireni\" \/>\n<meta property=\"og:locale\" content=\"tr_TR\" \/>\n<meta property=\"og:type\" content=\"article\" \/>\n<meta property=\"og:title\" content=\"TEKN\u0130M TFS-1181 Ak\u0131ll\u0131 Adresli Dahili \u0130zolat\u00f6rl\u00fc Yang\u0131n Alarm Sireni - Mega G\u00fcvenlik Sistemleri\" \/>\n<meta property=\"og:description\" content=\"EN54-3 Sertifikal\u0131d\u0131r Loop Hatt\u0131ndan Beslenebilir 42 Farkl\u0131 Ses Tonu \u00d6zelli\u011fi 3 Farkl\u0131 Ses Seviyesi S\u0131zd\u0131rmaz M\u0131knat\u0131sl\u0131 piezo K\u0131rm\u0131z\u0131, UL94 Yanmaz Polikarbonat Plastik \u00c7er\u00e7eve D\u00fc\u015f\u00fck Ak\u0131m\u0131 T\u00fcketimi TFS-1181, do\u011frudan Loop Line&#8217;a ba\u011flanabilen ve tamamen loop&#8217;tan beslenebilen bir Ak\u0131ll\u0131 Adresli Dahili \u0130zolat\u00f6rl\u00fc Yang\u0131n Alarm sirenidir. T\u00fcm Teknim Adreslenebilir Yang\u0131n Alarm Kontrol Panelleri ile kullan\u0131labilir.\" \/>\n<meta property=\"og:url\" content=\"https:\/\/www.megaguvenlik.com\/?product=teknim-tfs-1181-akilli-adresli-dahili-izolatorlu-yangin-alarm-sireni\" \/>\n<meta property=\"og:site_name\" content=\"Mega G\u00fcvenlik Sistemleri\" \/>\n<meta property=\"article:modified_time\" content=\"2023-01-15T15:05:40+00:00\" \/>\n<meta property=\"og:image\" content=\"https:\/\/www.megaguvenlik.com\/wp-content\/uploads\/2023\/01\/TFS-1181.png\" \/>\n\t<meta property=\"og:image:width\" content=\"800\" \/>\n\t<meta property=\"og:image:height\" content=\"700\" \/>\n\t<meta property=\"og:image:type\" content=\"image\/png\" \/>\n<meta name=\"twitter:card\" content=\"summary_large_image\" \/>\n<script type=\"application\/ld+json\" class=\"yoast-schema-graph\">{\"@context\":\"https:\/\/schema.org\",\"@graph\":[{\"@type\":\"WebPage\",\"@id\":\"https:\/\/www.megaguvenlik.com\/?product=teknim-tfs-1181-akilli-adresli-dahili-izolatorlu-yangin-alarm-sireni\",\"url\":\"https:\/\/www.megaguvenlik.com\/?product=teknim-tfs-1181-akilli-adresli-dahili-izolatorlu-yangin-alarm-sireni\",\"name\":\"TEKN\u0130M TFS-1181 Ak\u0131ll\u0131 Adresli Dahili \u0130zolat\u00f6rl\u00fc Yang\u0131n Alarm Sireni - Mega G\u00fcvenlik Sistemleri\",\"isPartOf\":{\"@id\":\"https:\/\/www.megaguvenlik.com\/#website\"},\"primaryImageOfPage\":{\"@id\":\"https:\/\/www.megaguvenlik.com\/?product=teknim-tfs-1181-akilli-adresli-dahili-izolatorlu-yangin-alarm-sireni#primaryimage\"},\"image\":{\"@id\":\"https:\/\/www.megaguvenlik.com\/?product=teknim-tfs-1181-akilli-adresli-dahili-izolatorlu-yangin-alarm-sireni#primaryimage\"},\"thumbnailUrl\":\"https:\/\/www.megaguvenlik.com\/wp-content\/uploads\/2023\/01\/TFS-1181.png\",\"datePublished\":\"2022-01-15T14:16:48+00:00\",\"dateModified\":\"2023-01-15T15:05:40+00:00\",\"breadcrumb\":{\"@id\":\"https:\/\/www.megaguvenlik.com\/?product=teknim-tfs-1181-akilli-adresli-dahili-izolatorlu-yangin-alarm-sireni#breadcrumb\"},\"inLanguage\":\"tr\",\"potentialAction\":[{\"@type\":\"ReadAction\",\"target\":[\"https:\/\/www.megaguvenlik.com\/?product=teknim-tfs-1181-akilli-adresli-dahili-izolatorlu-yangin-alarm-sireni\"]}]},{\"@type\":\"ImageObject\",\"inLanguage\":\"tr\",\"@id\":\"https:\/\/www.megaguvenlik.com\/?product=teknim-tfs-1181-akilli-adresli-dahili-izolatorlu-yangin-alarm-sireni#primaryimage\",\"url\":\"https:\/\/www.megaguvenlik.com\/wp-content\/uploads\/2023\/01\/TFS-1181.png\",\"contentUrl\":\"https:\/\/www.megaguvenlik.com\/wp-content\/uploads\/2023\/01\/TFS-1181.png\",\"width\":800,\"height\":700},{\"@type\":\"BreadcrumbList\",\"@id\":\"https:\/\/www.megaguvenlik.com\/?product=teknim-tfs-1181-akilli-adresli-dahili-izolatorlu-yangin-alarm-sireni#breadcrumb\",\"itemListElement\":[{\"@type\":\"ListItem\",\"position\":1,\"name\":\"Anasayfa\",\"item\":\"https:\/\/www.megaguvenlik.com\/\"},{\"@type\":\"ListItem\",\"position\":2,\"name\":\"Ma\u011faza\",\"item\":\"https:\/\/www.megaguvenlik.com\/?page_id=323\"},{\"@type\":\"ListItem\",\"position\":3,\"name\":\"TEKN\u0130M TFS-1181 Ak\u0131ll\u0131 Adresli Dahili \u0130zolat\u00f6rl\u00fc Yang\u0131n Alarm Sireni\"}]},{\"@type\":\"WebSite\",\"@id\":\"https:\/\/www.megaguvenlik.com\/#website\",\"url\":\"https:\/\/www.megaguvenlik.com\/\",\"name\":\"Mega G\u00fcvenlik Sistemleri\",\"description\":\"Kamera | Yang\u0131n Alarm | Network | Acil Anons\",\"potentialAction\":[{\"@type\":\"SearchAction\",\"target\":{\"@type\":\"EntryPoint\",\"urlTemplate\":\"https:\/\/www.megaguvenlik.com\/?s={search_term_string}\"},\"query-input\":{\"@type\":\"PropertyValueSpecification\",\"valueRequired\":true,\"valueName\":\"search_term_string\"}}],\"inLanguage\":\"tr\"}]}<\/script>\n<!-- \/ Yoast SEO plugin. -->","yoast_head_json":{"title":"TEKN\u0130M TFS-1181 Ak\u0131ll\u0131 Adresli Dahili \u0130zolat\u00f6rl\u00fc Yang\u0131n Alarm Sireni - Mega G\u00fcvenlik Sistemleri","robots":{"index":"index","follow":"follow","max-snippet":"max-snippet:-1","max-image-preview":"max-image-preview:large","max-video-preview":"max-video-preview:-1"},"canonical":"https:\/\/www.megaguvenlik.com\/?product=teknim-tfs-1181-akilli-adresli-dahili-izolatorlu-yangin-alarm-sireni","og_locale":"tr_TR","og_type":"article","og_title":"TEKN\u0130M TFS-1181 Ak\u0131ll\u0131 Adresli Dahili \u0130zolat\u00f6rl\u00fc Yang\u0131n Alarm Sireni - Mega G\u00fcvenlik Sistemleri","og_description":"EN54-3 Sertifikal\u0131d\u0131r Loop Hatt\u0131ndan Beslenebilir 42 Farkl\u0131 Ses Tonu \u00d6zelli\u011fi 3 Farkl\u0131 Ses Seviyesi S\u0131zd\u0131rmaz M\u0131knat\u0131sl\u0131 piezo K\u0131rm\u0131z\u0131, UL94 Yanmaz Polikarbonat Plastik \u00c7er\u00e7eve D\u00fc\u015f\u00fck Ak\u0131m\u0131 T\u00fcketimi TFS-1181, do\u011frudan Loop Line&#8217;a ba\u011flanabilen ve tamamen loop&#8217;tan beslenebilen bir Ak\u0131ll\u0131 Adresli Dahili \u0130zolat\u00f6rl\u00fc Yang\u0131n Alarm sirenidir. T\u00fcm Teknim Adreslenebilir Yang\u0131n Alarm Kontrol Panelleri ile kullan\u0131labilir.","og_url":"https:\/\/www.megaguvenlik.com\/?product=teknim-tfs-1181-akilli-adresli-dahili-izolatorlu-yangin-alarm-sireni","og_site_name":"Mega G\u00fcvenlik Sistemleri","article_modified_time":"2023-01-15T15:05:40+00:00","og_image":[{"width":800,"height":700,"url":"https:\/\/www.megaguvenlik.com\/wp-content\/uploads\/2023\/01\/TFS-1181.png","type":"image\/png"}],"twitter_card":"summary_large_image","schema":{"@context":"https:\/\/schema.org","@graph":[{"@type":"WebPage","@id":"https:\/\/www.megaguvenlik.com\/?product=teknim-tfs-1181-akilli-adresli-dahili-izolatorlu-yangin-alarm-sireni","url":"https:\/\/www.megaguvenlik.com\/?product=teknim-tfs-1181-akilli-adresli-dahili-izolatorlu-yangin-alarm-sireni","name":"TEKN\u0130M TFS-1181 Ak\u0131ll\u0131 Adresli Dahili \u0130zolat\u00f6rl\u00fc Yang\u0131n Alarm Sireni - Mega G\u00fcvenlik Sistemleri","isPartOf":{"@id":"https:\/\/www.megaguvenlik.com\/#website"},"primaryImageOfPage":{"@id":"https:\/\/www.megaguvenlik.com\/?product=teknim-tfs-1181-akilli-adresli-dahili-izolatorlu-yangin-alarm-sireni#primaryimage"},"image":{"@id":"https:\/\/www.megaguvenlik.com\/?product=teknim-tfs-1181-akilli-adresli-dahili-izolatorlu-yangin-alarm-sireni#primaryimage"},"thumbnailUrl":"https:\/\/www.megaguvenlik.com\/wp-content\/uploads\/2023\/01\/TFS-1181.png","datePublished":"2022-01-15T14:16:48+00:00","dateModified":"2023-01-15T15:05:40+00:00","breadcrumb":{"@id":"https:\/\/www.megaguvenlik.com\/?product=teknim-tfs-1181-akilli-adresli-dahili-izolatorlu-yangin-alarm-sireni#breadcrumb"},"inLanguage":"tr","potentialAction":[{"@type":"ReadAction","target":["https:\/\/www.megaguvenlik.com\/?product=teknim-tfs-1181-akilli-adresli-dahili-izolatorlu-yangin-alarm-sireni"]}]},{"@type":"ImageObject","inLanguage":"tr","@id":"https:\/\/www.megaguvenlik.com\/?product=teknim-tfs-1181-akilli-adresli-dahili-izolatorlu-yangin-alarm-sireni#primaryimage","url":"https:\/\/www.megaguvenlik.com\/wp-content\/uploads\/2023\/01\/TFS-1181.png","contentUrl":"https:\/\/www.megaguvenlik.com\/wp-content\/uploads\/2023\/01\/TFS-1181.png","width":800,"height":700},{"@type":"BreadcrumbList","@id":"https:\/\/www.megaguvenlik.com\/?product=teknim-tfs-1181-akilli-adresli-dahili-izolatorlu-yangin-alarm-sireni#breadcrumb","itemListElement":[{"@type":"ListItem","position":1,"name":"Anasayfa","item":"https:\/\/www.megaguvenlik.com\/"},{"@type":"ListItem","position":2,"name":"Ma\u011faza","item":"https:\/\/www.megaguvenlik.com\/?page_id=323"},{"@type":"ListItem","position":3,"name":"TEKN\u0130M TFS-1181 Ak\u0131ll\u0131 Adresli Dahili \u0130zolat\u00f6rl\u00fc Yang\u0131n Alarm Sireni"}]},{"@type":"WebSite","@id":"https:\/\/www.megaguvenlik.com\/#website","url":"https:\/\/www.megaguvenlik.com\/","name":"Mega G\u00fcvenlik Sistemleri","description":"Kamera | Yang\u0131n Alarm | Network | Acil Anons","potentialAction":[{"@type":"SearchAction","target":{"@type":"EntryPoint","urlTemplate":"https:\/\/www.megaguvenlik.com\/?s={search_term_string}"},"query-input":{"@type":"PropertyValueSpecification","valueRequired":true,"valueName":"search_term_string"}}],"inLanguage":"tr"}]}},"_links":{"self":[{"href":"https:\/\/www.megaguvenlik.com\/index.php?rest_route=\/wp\/v2\/product\/4136","targetHints":{"allow":["GET"]}}],"collection":[{"href":"https:\/\/www.megaguvenlik.com\/index.php?rest_route=\/wp\/v2\/product"}],"about":[{"href":"https:\/\/www.megaguvenlik.com\/index.php?rest_route=\/wp\/v2\/types\/product"}],"replies":[{"embeddable":true,"href":"https:\/\/www.megaguvenlik.com\/index.php?rest_route=%2Fwp%2Fv2%2Fcomments&post=4136"}],"wp:featuredmedia":[{"embeddable":true,"href":"https:\/\/www.megaguvenlik.com\/index.php?rest_route=\/wp\/v2\/media\/4137"}],"wp:attachment":[{"href":"https:\/\/www.megaguvenlik.com\/index.php?rest_route=%2Fwp%2Fv2%2Fmedia&parent=4136"}],"wp:term":[{"taxonomy":"product_brand","embeddable":true,"href":"https:\/\/www.megaguvenlik.com\/index.php?rest_route=%2Fwp%2Fv2%2Fproduct_brand&post=4136"},{"taxonomy":"product_cat","embeddable":true,"href":"https:\/\/www.megaguvenlik.com\/index.php?rest_route=%2Fwp%2Fv2%2Fproduct_cat&post=4136"},{"taxonomy":"product_tag","embeddable":true,"href":"https:\/\/www.megaguvenlik.com\/index.php?rest_route=%2Fwp%2Fv2%2Fproduct_tag&post=4136"}],"curies":[{"name":"wp","href":"https:\/\/api.w.org\/{rel}","templated":true}]}}