{"id":4140,"date":"2022-01-15T17:19:11","date_gmt":"2022-01-15T14:19:11","guid":{"rendered":"https:\/\/www.megaguvenlik.com\/?post_type=product&#038;p=4140"},"modified":"2023-01-15T18:05:21","modified_gmt":"2023-01-15T15:05:21","slug":"teknim-tfd-1270-akilli-adresli-optik-duman-isi-dedektoru-multisensor","status":"publish","type":"product","link":"https:\/\/www.megaguvenlik.com\/?product=teknim-tfd-1270-akilli-adresli-optik-duman-isi-dedektoru-multisensor","title":{"rendered":"TEKN\u0130M TFD-1270 Ak\u0131ll\u0131 Adresli Optik Duman + Is\u0131 Dedekt\u00f6r\u00fc (Multisens\u00f6r)"},"content":{"rendered":"<p>TFD-1270 Adreslenebilir optik duman + \u0131s\u0131 dedekt\u00f6r\u00fc yang\u0131n\u0131 alg\u0131lamak i\u00e7in optik ve \u0131s\u0131 alg\u0131lama teknolojilerini bir arada kullanmaktad\u0131r. Adreslenebilir optik duman + \u0131s\u0131 dedekt\u00f6r\u00fcnde, Teknim m\u00fchendislerince tasarlanan ve uzun s\u00fcreli ak\u0131\u015fkanlar mekani\u011fi ve optik k\u0131r\u0131l\u0131m testleri sonucu m\u00fckemmel hale getirilen \u00f6zg\u00fcn duman odas\u0131 kullan\u0131lmaktad\u0131r. Yang\u0131n alg\u0131lamalar\u0131 optik alg\u0131lama teknolojisi ile yap\u0131lmaktad\u0131r. Olu\u015fabilecek hatal\u0131 alarmlar\u0131 en aza indirmek ve kirlilik uyar\u0131lar\u0131 i\u00e7in geli\u015ftirilmi\u015f bir dizi algoritmaya sahiptir. Kontrol paneli \u00fczerinden yap\u0131land\u0131rma se\u00e7enekleri ile esnek bir \u00e7al\u0131\u015fma imkan\u0131 sunmaktad\u0131r. Hassasiyet seviyeleri ayarlanabilmektedir. A\u015f\u0131r\u0131 tozlu ortamlarda olu\u015fabilecek kirlilik durumlar\u0131nda duman odas\u0131 kolayl\u0131kla \u00e7\u0131kar\u0131l\u0131p temizlenebilir.<\/p>\n<p>\u00bb EN54-7 ve EN54-5 sertifikal\u0131d\u0131r<br \/>\n\u00bb Light Scatter prensibi ile bulundu\u011fu ortamdaki duman partik\u00fcllerini alg\u0131layarak alarm \u00fcretir<br \/>\n\u00bb Dedekt\u00f6r A2S s\u0131n\u0131f\u0131nda olup bu \u00e7er\u00e7evede 55\u00b0C\u2019 de alarm verir<br \/>\n\u00bb TFCM-1801 Cihaz Programlama-Adresleme mod\u00fcl\u00fc (opsiyonel) ile adresleme imkan\u0131<br \/>\n\u00bb Her \u00e7evrimde 240 adet adresleyebilme imkan\u0131<br \/>\n\u00bb Her a\u00e7\u0131dan g\u00f6r\u00fc\u015f imkan\u0131 sa\u011flamak amac\u0131 ile 2 adet LED g\u00f6sterge<\/p>\n<p>\u00bb Hata ve alarm durumlar\u0131n\u0131 ayr\u0131 ayr\u0131 g\u00f6stermek amac\u0131yla iki ayr\u0131 renk ile LED bildirim (Mavi\/K\u0131rm\u0131z\u0131)<br \/>\n\u00bb Dedekt\u00f6r\u00fcn \u00e7al\u0131\u015f\u0131r oldu\u011funu g\u00f6steren LED ler iste\u011fe ba\u011fl\u0131 olarak pasif yap\u0131labilir<br \/>\n\u00bb Kontrol paneli veya konfig\u00fcrasyon yaz\u0131l\u0131m\u0131 \u00fczerinden ayarlanabilir 3 farkl\u0131 alg\u0131lama hassasiyet se\u00e7ene\u011fi (Y\u00fcksek, Orta, D\u00fc\u015f\u00fck)<br \/>\n\u00bb EMC ve LVD dayan\u0131kl\u0131l\u0131\u011f\u0131n\u0131 art\u0131rmak ve buna ba\u011fl\u0131 hatal\u0131 alarmlar\u0131 \u00f6nlemek i\u00e7in metalik kafes ve \u00f6zel koruma devre elemanlar\u0131<br \/>\n\u00bb Yanl\u0131\u015f alarma sebebiyet verebilecek ani toz, duman vb. d\u0131\u015f etmenleri elemine edecek \u00f6zel yaz\u0131l\u0131m algoritmalar\u0131<br \/>\n\u00bb B\u00f6cek, sinek ve yabanc\u0131 cisimlerin dedekt\u00f6r alg\u0131lama odas\u0131na girmesini engelleyecek metalik kafes<br \/>\n\u00bb Bulundu\u011fu ortam\u0131 s\u00fcrekli \u00f6rnekleyerek hatal\u0131 alarmlar\u0131 \u00f6nleyen adaptif koruma<br \/>\n\u00bb Stabil ve do\u011fru \u00e7al\u0131\u015fma amac\u0131yla kirlilik seviyesini s\u00fcrekli \u00f6l\u00e7en ve kullan\u0131c\u0131ya dedekt\u00f6r \u00fczerinde ve panel ekran\u0131nda uyar\u0131 veren geli\u015fmi\u015f kirlilik algoritmas\u0131<br \/>\n\u00bb Alarm do\u011frulama amac\u0131yla, kullan\u0131c\u0131 taraf\u0131ndan veya otomatik olarak programlanabilen Gece\/G\u00fcnd\u00fcz \u00e7al\u0131\u015fma modu.<br \/>\n\u00bb Kolay test imkan\u0131 sa\u011flayan manyetik test \u00f6zelli\u011fi (M\u0131knat\u0131s ile test)<br \/>\n\u00bb Temass\u0131zl\u0131\u011f\u0131 \u00f6nleyen ge\u00e7meli kontak yap\u0131s\u0131<br \/>\n\u00bb Paralel ihbar lambas\u0131 ba\u011flama imkan\u0131<br \/>\n\u00bb Kolay temizlenebilir duman odas\u0131<br \/>\n\u00bb Estetik ve \u015f\u0131k tasar\u0131m\u0131 ile her t\u00fcrl\u00fc mekana uyum sa\u011flar<br \/>\n\u00bb Teknik personelin dedekt\u00f6r\u00fcn adresini kolay g\u00f6rebilmesi i\u00e7in dedekt\u00f6r taban\u0131na tak\u0131labilir etiket aparat\u0131 (Opsiyonel)<\/p>\n","protected":false},"excerpt":{"rendered":"<p>TFD-1270 Adreslenebilir optik duman + \u0131s\u0131 dedekt\u00f6r\u00fc yang\u0131n\u0131 alg\u0131lamak i\u00e7in optik ve \u0131s\u0131 alg\u0131lama teknolojilerini bir arada kullanmaktad\u0131r. Adreslenebilir optik duman + \u0131s\u0131 dedekt\u00f6r\u00fcnde, Teknim m\u00fchendislerince tasarlanan ve uzun s\u00fcreli ak\u0131\u015fkanlar mekani\u011fi ve optik k\u0131r\u0131l\u0131m testleri sonucu m\u00fckemmel hale getirilen \u00f6zg\u00fcn duman odas\u0131 kullan\u0131lmaktad\u0131r. Yang\u0131n alg\u0131lamalar\u0131 optik alg\u0131lama teknolojisi ile yap\u0131lmaktad\u0131r. Olu\u015fabilecek hatal\u0131 alarmlar\u0131 en [&hellip;]<\/p>\n","protected":false},"featured_media":4139,"comment_status":"open","ping_status":"closed","template":"","meta":[],"product_brand":[],"product_cat":[322],"product_tag":[],"class_list":{"0":"post-4140","1":"product","2":"type-product","3":"status-publish","4":"has-post-thumbnail","6":"product_cat-adresli-yangin-alarm-sistemleri","8":"first","9":"instock","10":"taxable","11":"shipping-taxable","12":"product-type-simple"},"yoast_head":"<!-- This site is optimized with the Yoast SEO plugin v26.0 - https:\/\/yoast.com\/wordpress\/plugins\/seo\/ -->\n<title>TEKN\u0130M TFD-1270 Ak\u0131ll\u0131 Adresli Optik Duman + Is\u0131 Dedekt\u00f6r\u00fc (Multisens\u00f6r) - Mega G\u00fcvenlik Sistemleri<\/title>\n<meta name=\"robots\" content=\"index, follow, max-snippet:-1, max-image-preview:large, max-video-preview:-1\" \/>\n<link rel=\"canonical\" href=\"https:\/\/www.megaguvenlik.com\/?product=teknim-tfd-1270-akilli-adresli-optik-duman-isi-dedektoru-multisensor\" \/>\n<meta property=\"og:locale\" content=\"tr_TR\" \/>\n<meta property=\"og:type\" content=\"article\" \/>\n<meta property=\"og:title\" content=\"TEKN\u0130M TFD-1270 Ak\u0131ll\u0131 Adresli Optik Duman + Is\u0131 Dedekt\u00f6r\u00fc (Multisens\u00f6r) - Mega G\u00fcvenlik Sistemleri\" \/>\n<meta property=\"og:description\" content=\"TFD-1270 Adreslenebilir optik duman + \u0131s\u0131 dedekt\u00f6r\u00fc yang\u0131n\u0131 alg\u0131lamak i\u00e7in optik ve \u0131s\u0131 alg\u0131lama teknolojilerini bir arada kullanmaktad\u0131r. Adreslenebilir optik duman + \u0131s\u0131 dedekt\u00f6r\u00fcnde, Teknim m\u00fchendislerince tasarlanan ve uzun s\u00fcreli ak\u0131\u015fkanlar mekani\u011fi ve optik k\u0131r\u0131l\u0131m testleri sonucu m\u00fckemmel hale getirilen \u00f6zg\u00fcn duman odas\u0131 kullan\u0131lmaktad\u0131r. Yang\u0131n alg\u0131lamalar\u0131 optik alg\u0131lama teknolojisi ile yap\u0131lmaktad\u0131r. Olu\u015fabilecek hatal\u0131 alarmlar\u0131 en [&hellip;]\" \/>\n<meta property=\"og:url\" content=\"https:\/\/www.megaguvenlik.com\/?product=teknim-tfd-1270-akilli-adresli-optik-duman-isi-dedektoru-multisensor\" \/>\n<meta property=\"og:site_name\" content=\"Mega G\u00fcvenlik Sistemleri\" \/>\n<meta property=\"article:modified_time\" content=\"2023-01-15T15:05:21+00:00\" \/>\n<meta property=\"og:image\" content=\"https:\/\/www.megaguvenlik.com\/wp-content\/uploads\/2023\/01\/TFD-1271.png\" \/>\n\t<meta property=\"og:image:width\" content=\"800\" \/>\n\t<meta property=\"og:image:height\" content=\"700\" \/>\n\t<meta property=\"og:image:type\" content=\"image\/png\" \/>\n<meta name=\"twitter:card\" content=\"summary_large_image\" \/>\n<meta name=\"twitter:label1\" content=\"Tahmini okuma s\u00fcresi\" \/>\n\t<meta name=\"twitter:data1\" content=\"2 dakika\" \/>\n<script type=\"application\/ld+json\" class=\"yoast-schema-graph\">{\"@context\":\"https:\/\/schema.org\",\"@graph\":[{\"@type\":\"WebPage\",\"@id\":\"https:\/\/www.megaguvenlik.com\/?product=teknim-tfd-1270-akilli-adresli-optik-duman-isi-dedektoru-multisensor\",\"url\":\"https:\/\/www.megaguvenlik.com\/?product=teknim-tfd-1270-akilli-adresli-optik-duman-isi-dedektoru-multisensor\",\"name\":\"TEKN\u0130M TFD-1270 Ak\u0131ll\u0131 Adresli Optik Duman + Is\u0131 Dedekt\u00f6r\u00fc (Multisens\u00f6r) - Mega G\u00fcvenlik Sistemleri\",\"isPartOf\":{\"@id\":\"https:\/\/www.megaguvenlik.com\/#website\"},\"primaryImageOfPage\":{\"@id\":\"https:\/\/www.megaguvenlik.com\/?product=teknim-tfd-1270-akilli-adresli-optik-duman-isi-dedektoru-multisensor#primaryimage\"},\"image\":{\"@id\":\"https:\/\/www.megaguvenlik.com\/?product=teknim-tfd-1270-akilli-adresli-optik-duman-isi-dedektoru-multisensor#primaryimage\"},\"thumbnailUrl\":\"https:\/\/www.megaguvenlik.com\/wp-content\/uploads\/2023\/01\/TFD-1271.png\",\"datePublished\":\"2022-01-15T14:19:11+00:00\",\"dateModified\":\"2023-01-15T15:05:21+00:00\",\"breadcrumb\":{\"@id\":\"https:\/\/www.megaguvenlik.com\/?product=teknim-tfd-1270-akilli-adresli-optik-duman-isi-dedektoru-multisensor#breadcrumb\"},\"inLanguage\":\"tr\",\"potentialAction\":[{\"@type\":\"ReadAction\",\"target\":[\"https:\/\/www.megaguvenlik.com\/?product=teknim-tfd-1270-akilli-adresli-optik-duman-isi-dedektoru-multisensor\"]}]},{\"@type\":\"ImageObject\",\"inLanguage\":\"tr\",\"@id\":\"https:\/\/www.megaguvenlik.com\/?product=teknim-tfd-1270-akilli-adresli-optik-duman-isi-dedektoru-multisensor#primaryimage\",\"url\":\"https:\/\/www.megaguvenlik.com\/wp-content\/uploads\/2023\/01\/TFD-1271.png\",\"contentUrl\":\"https:\/\/www.megaguvenlik.com\/wp-content\/uploads\/2023\/01\/TFD-1271.png\",\"width\":800,\"height\":700},{\"@type\":\"BreadcrumbList\",\"@id\":\"https:\/\/www.megaguvenlik.com\/?product=teknim-tfd-1270-akilli-adresli-optik-duman-isi-dedektoru-multisensor#breadcrumb\",\"itemListElement\":[{\"@type\":\"ListItem\",\"position\":1,\"name\":\"Anasayfa\",\"item\":\"https:\/\/www.megaguvenlik.com\/\"},{\"@type\":\"ListItem\",\"position\":2,\"name\":\"Ma\u011faza\",\"item\":\"https:\/\/www.megaguvenlik.com\/?page_id=323\"},{\"@type\":\"ListItem\",\"position\":3,\"name\":\"TEKN\u0130M TFD-1270 Ak\u0131ll\u0131 Adresli Optik Duman + Is\u0131 Dedekt\u00f6r\u00fc (Multisens\u00f6r)\"}]},{\"@type\":\"WebSite\",\"@id\":\"https:\/\/www.megaguvenlik.com\/#website\",\"url\":\"https:\/\/www.megaguvenlik.com\/\",\"name\":\"Mega G\u00fcvenlik Sistemleri\",\"description\":\"Kamera | Yang\u0131n Alarm | Network | Acil Anons\",\"potentialAction\":[{\"@type\":\"SearchAction\",\"target\":{\"@type\":\"EntryPoint\",\"urlTemplate\":\"https:\/\/www.megaguvenlik.com\/?s={search_term_string}\"},\"query-input\":{\"@type\":\"PropertyValueSpecification\",\"valueRequired\":true,\"valueName\":\"search_term_string\"}}],\"inLanguage\":\"tr\"}]}<\/script>\n<!-- \/ Yoast SEO plugin. -->","yoast_head_json":{"title":"TEKN\u0130M TFD-1270 Ak\u0131ll\u0131 Adresli Optik Duman + Is\u0131 Dedekt\u00f6r\u00fc (Multisens\u00f6r) - Mega G\u00fcvenlik Sistemleri","robots":{"index":"index","follow":"follow","max-snippet":"max-snippet:-1","max-image-preview":"max-image-preview:large","max-video-preview":"max-video-preview:-1"},"canonical":"https:\/\/www.megaguvenlik.com\/?product=teknim-tfd-1270-akilli-adresli-optik-duman-isi-dedektoru-multisensor","og_locale":"tr_TR","og_type":"article","og_title":"TEKN\u0130M TFD-1270 Ak\u0131ll\u0131 Adresli Optik Duman + Is\u0131 Dedekt\u00f6r\u00fc (Multisens\u00f6r) - Mega G\u00fcvenlik Sistemleri","og_description":"TFD-1270 Adreslenebilir optik duman + \u0131s\u0131 dedekt\u00f6r\u00fc yang\u0131n\u0131 alg\u0131lamak i\u00e7in optik ve \u0131s\u0131 alg\u0131lama teknolojilerini bir arada kullanmaktad\u0131r. Adreslenebilir optik duman + \u0131s\u0131 dedekt\u00f6r\u00fcnde, Teknim m\u00fchendislerince tasarlanan ve uzun s\u00fcreli ak\u0131\u015fkanlar mekani\u011fi ve optik k\u0131r\u0131l\u0131m testleri sonucu m\u00fckemmel hale getirilen \u00f6zg\u00fcn duman odas\u0131 kullan\u0131lmaktad\u0131r. Yang\u0131n alg\u0131lamalar\u0131 optik alg\u0131lama teknolojisi ile yap\u0131lmaktad\u0131r. Olu\u015fabilecek hatal\u0131 alarmlar\u0131 en [&hellip;]","og_url":"https:\/\/www.megaguvenlik.com\/?product=teknim-tfd-1270-akilli-adresli-optik-duman-isi-dedektoru-multisensor","og_site_name":"Mega G\u00fcvenlik Sistemleri","article_modified_time":"2023-01-15T15:05:21+00:00","og_image":[{"width":800,"height":700,"url":"https:\/\/www.megaguvenlik.com\/wp-content\/uploads\/2023\/01\/TFD-1271.png","type":"image\/png"}],"twitter_card":"summary_large_image","twitter_misc":{"Tahmini okuma s\u00fcresi":"2 dakika"},"schema":{"@context":"https:\/\/schema.org","@graph":[{"@type":"WebPage","@id":"https:\/\/www.megaguvenlik.com\/?product=teknim-tfd-1270-akilli-adresli-optik-duman-isi-dedektoru-multisensor","url":"https:\/\/www.megaguvenlik.com\/?product=teknim-tfd-1270-akilli-adresli-optik-duman-isi-dedektoru-multisensor","name":"TEKN\u0130M TFD-1270 Ak\u0131ll\u0131 Adresli Optik Duman + Is\u0131 Dedekt\u00f6r\u00fc (Multisens\u00f6r) - Mega G\u00fcvenlik Sistemleri","isPartOf":{"@id":"https:\/\/www.megaguvenlik.com\/#website"},"primaryImageOfPage":{"@id":"https:\/\/www.megaguvenlik.com\/?product=teknim-tfd-1270-akilli-adresli-optik-duman-isi-dedektoru-multisensor#primaryimage"},"image":{"@id":"https:\/\/www.megaguvenlik.com\/?product=teknim-tfd-1270-akilli-adresli-optik-duman-isi-dedektoru-multisensor#primaryimage"},"thumbnailUrl":"https:\/\/www.megaguvenlik.com\/wp-content\/uploads\/2023\/01\/TFD-1271.png","datePublished":"2022-01-15T14:19:11+00:00","dateModified":"2023-01-15T15:05:21+00:00","breadcrumb":{"@id":"https:\/\/www.megaguvenlik.com\/?product=teknim-tfd-1270-akilli-adresli-optik-duman-isi-dedektoru-multisensor#breadcrumb"},"inLanguage":"tr","potentialAction":[{"@type":"ReadAction","target":["https:\/\/www.megaguvenlik.com\/?product=teknim-tfd-1270-akilli-adresli-optik-duman-isi-dedektoru-multisensor"]}]},{"@type":"ImageObject","inLanguage":"tr","@id":"https:\/\/www.megaguvenlik.com\/?product=teknim-tfd-1270-akilli-adresli-optik-duman-isi-dedektoru-multisensor#primaryimage","url":"https:\/\/www.megaguvenlik.com\/wp-content\/uploads\/2023\/01\/TFD-1271.png","contentUrl":"https:\/\/www.megaguvenlik.com\/wp-content\/uploads\/2023\/01\/TFD-1271.png","width":800,"height":700},{"@type":"BreadcrumbList","@id":"https:\/\/www.megaguvenlik.com\/?product=teknim-tfd-1270-akilli-adresli-optik-duman-isi-dedektoru-multisensor#breadcrumb","itemListElement":[{"@type":"ListItem","position":1,"name":"Anasayfa","item":"https:\/\/www.megaguvenlik.com\/"},{"@type":"ListItem","position":2,"name":"Ma\u011faza","item":"https:\/\/www.megaguvenlik.com\/?page_id=323"},{"@type":"ListItem","position":3,"name":"TEKN\u0130M TFD-1270 Ak\u0131ll\u0131 Adresli Optik Duman + Is\u0131 Dedekt\u00f6r\u00fc (Multisens\u00f6r)"}]},{"@type":"WebSite","@id":"https:\/\/www.megaguvenlik.com\/#website","url":"https:\/\/www.megaguvenlik.com\/","name":"Mega G\u00fcvenlik Sistemleri","description":"Kamera | Yang\u0131n Alarm | Network | Acil Anons","potentialAction":[{"@type":"SearchAction","target":{"@type":"EntryPoint","urlTemplate":"https:\/\/www.megaguvenlik.com\/?s={search_term_string}"},"query-input":{"@type":"PropertyValueSpecification","valueRequired":true,"valueName":"search_term_string"}}],"inLanguage":"tr"}]}},"_links":{"self":[{"href":"https:\/\/www.megaguvenlik.com\/index.php?rest_route=\/wp\/v2\/product\/4140","targetHints":{"allow":["GET"]}}],"collection":[{"href":"https:\/\/www.megaguvenlik.com\/index.php?rest_route=\/wp\/v2\/product"}],"about":[{"href":"https:\/\/www.megaguvenlik.com\/index.php?rest_route=\/wp\/v2\/types\/product"}],"replies":[{"embeddable":true,"href":"https:\/\/www.megaguvenlik.com\/index.php?rest_route=%2Fwp%2Fv2%2Fcomments&post=4140"}],"wp:featuredmedia":[{"embeddable":true,"href":"https:\/\/www.megaguvenlik.com\/index.php?rest_route=\/wp\/v2\/media\/4139"}],"wp:attachment":[{"href":"https:\/\/www.megaguvenlik.com\/index.php?rest_route=%2Fwp%2Fv2%2Fmedia&parent=4140"}],"wp:term":[{"taxonomy":"product_brand","embeddable":true,"href":"https:\/\/www.megaguvenlik.com\/index.php?rest_route=%2Fwp%2Fv2%2Fproduct_brand&post=4140"},{"taxonomy":"product_cat","embeddable":true,"href":"https:\/\/www.megaguvenlik.com\/index.php?rest_route=%2Fwp%2Fv2%2Fproduct_cat&post=4140"},{"taxonomy":"product_tag","embeddable":true,"href":"https:\/\/www.megaguvenlik.com\/index.php?rest_route=%2Fwp%2Fv2%2Fproduct_tag&post=4140"}],"curies":[{"name":"wp","href":"https:\/\/api.w.org\/{rel}","templated":true}]}}