{"id":4258,"date":"2025-10-07T13:29:18","date_gmt":"2025-10-07T10:29:18","guid":{"rendered":"https:\/\/www.megaguvenlik.com\/?post_type=product&#038;p=4258"},"modified":"2025-10-08T10:50:06","modified_gmt":"2025-10-08T07:50:06","slug":"ipc-hfw1249s-s-il-2","status":"publish","type":"product","link":"https:\/\/www.megaguvenlik.com\/?product=ipc-hfw1249s-s-il-2","title":{"rendered":"DAHUA IPC-HFW2231S-S-0280B-S2"},"content":{"rendered":"<p>2 MP H.265+ IR Bullet Starlight Kamera(30m IR) 1 \/ 2.8 &#8221; CMOS, 3.6mm Sabit Lens, 0.002 L\u00fcx Renkli BLC\/HLC\/WDR(120dB), 3DNR, AWB, AGC, ICR,<br \/>\nSD Kart Deste\u011fi (256GB) Tripwire (Sanal S\u0131n\u0131r), Intrusion (Alan \u0130hlali) Analiz IP67, PoE, 25fps@2MP (1920&#215;1080), Metal Kasa.<\/p>\n","protected":false},"excerpt":{"rendered":"<p>2 MP H.265+ IR Bullet Starlight Kamera(30m IR) 1 \/ 2.8 &#8221; CMOS, 3.6mm Sabit Lens, 0.002 L\u00fcx Renkli BLC\/HLC\/WDR(120dB), 3DNR, AWB, AGC, ICR,<br \/>\nSD Kart Deste\u011fi (256GB) Tripwire (Sanal S\u0131n\u0131r), Intrusion (Alan \u0130hlali) Analiz IP67, PoE, 25fps@2MP (1920&#215;1080), Metal Kasa<\/p>\n","protected":false},"featured_media":4259,"comment_status":"open","ping_status":"closed","template":"","meta":[],"product_brand":[],"product_cat":[338,236,199],"product_tag":[340,339],"class_list":{"0":"post-4258","1":"product","2":"type-product","3":"status-publish","4":"has-post-thumbnail","6":"product_cat-dahua","7":"product_cat-ip-kamera","8":"product_cat-kamera-sistemleri","9":"product_tag-alhua","10":"product_tag-dahua","12":"first","13":"instock","14":"taxable","15":"shipping-taxable","16":"product-type-simple"},"yoast_head":"<!-- This site is optimized with the Yoast SEO plugin v26.0 - https:\/\/yoast.com\/wordpress\/plugins\/seo\/ -->\n<title>DAHUA IPC-HFW2231S-S-0280B-S2 - Mega G\u00fcvenlik Sistemleri<\/title>\n<meta name=\"description\" content=\"2 MP H.265+ IR Bullet Starlight Kamera(30m IR) 1 \/ 2.8 &quot; CMOS, 3.6mm Sabit\" \/>\n<meta name=\"robots\" content=\"index, follow, max-snippet:-1, max-image-preview:large, max-video-preview:-1\" \/>\n<link rel=\"canonical\" href=\"https:\/\/www.megaguvenlik.com\/?product=ipc-hfw1249s-s-il-2\" \/>\n<meta property=\"og:locale\" content=\"tr_TR\" \/>\n<meta property=\"og:type\" content=\"article\" \/>\n<meta property=\"og:title\" content=\"DAHUA IPC-HFW2231S-S-0280B-S2 - Mega G\u00fcvenlik Sistemleri\" \/>\n<meta property=\"og:description\" content=\"2 MP H.265+ IR Bullet Starlight Kamera(30m IR) 1 \/ 2.8 &quot; CMOS, 3.6mm Sabit\" \/>\n<meta property=\"og:url\" content=\"https:\/\/www.megaguvenlik.com\/?product=ipc-hfw1249s-s-il-2\" \/>\n<meta property=\"og:site_name\" content=\"Mega G\u00fcvenlik Sistemleri\" \/>\n<meta property=\"article:modified_time\" content=\"2025-10-08T07:50:06+00:00\" \/>\n<meta property=\"og:image\" content=\"https:\/\/www.megaguvenlik.com\/wp-content\/uploads\/2025\/10\/IPC-HFW2231S-S-0280B-S2.webp\" \/>\n\t<meta property=\"og:image:width\" content=\"300\" \/>\n\t<meta property=\"og:image:height\" content=\"267\" \/>\n\t<meta property=\"og:image:type\" content=\"image\/webp\" \/>\n<meta name=\"twitter:card\" content=\"summary_large_image\" \/>\n<meta name=\"twitter:label1\" content=\"Tahmini okuma s\u00fcresi\" \/>\n\t<meta name=\"twitter:data1\" content=\"1 dakika\" \/>\n<script type=\"application\/ld+json\" class=\"yoast-schema-graph\">{\"@context\":\"https:\/\/schema.org\",\"@graph\":[{\"@type\":\"WebPage\",\"@id\":\"https:\/\/www.megaguvenlik.com\/?product=ipc-hfw1249s-s-il-2\",\"url\":\"https:\/\/www.megaguvenlik.com\/?product=ipc-hfw1249s-s-il-2\",\"name\":\"DAHUA IPC-HFW2231S-S-0280B-S2 - Mega G\u00fcvenlik Sistemleri\",\"isPartOf\":{\"@id\":\"https:\/\/www.megaguvenlik.com\/#website\"},\"primaryImageOfPage\":{\"@id\":\"https:\/\/www.megaguvenlik.com\/?product=ipc-hfw1249s-s-il-2#primaryimage\"},\"image\":{\"@id\":\"https:\/\/www.megaguvenlik.com\/?product=ipc-hfw1249s-s-il-2#primaryimage\"},\"thumbnailUrl\":\"https:\/\/www.megaguvenlik.com\/wp-content\/uploads\/2025\/10\/IPC-HFW2231S-S-0280B-S2.webp\",\"datePublished\":\"2025-10-07T10:29:18+00:00\",\"dateModified\":\"2025-10-08T07:50:06+00:00\",\"description\":\"2 MP H.265+ IR Bullet Starlight Kamera(30m IR) 1 \/ 2.8 \\\" CMOS, 3.6mm Sabit\",\"breadcrumb\":{\"@id\":\"https:\/\/www.megaguvenlik.com\/?product=ipc-hfw1249s-s-il-2#breadcrumb\"},\"inLanguage\":\"tr\",\"potentialAction\":[{\"@type\":\"ReadAction\",\"target\":[\"https:\/\/www.megaguvenlik.com\/?product=ipc-hfw1249s-s-il-2\"]}]},{\"@type\":\"ImageObject\",\"inLanguage\":\"tr\",\"@id\":\"https:\/\/www.megaguvenlik.com\/?product=ipc-hfw1249s-s-il-2#primaryimage\",\"url\":\"https:\/\/www.megaguvenlik.com\/wp-content\/uploads\/2025\/10\/IPC-HFW2231S-S-0280B-S2.webp\",\"contentUrl\":\"https:\/\/www.megaguvenlik.com\/wp-content\/uploads\/2025\/10\/IPC-HFW2231S-S-0280B-S2.webp\",\"width\":300,\"height\":267,\"caption\":\"IPC-HFW2231S-S-0280B-S2\"},{\"@type\":\"BreadcrumbList\",\"@id\":\"https:\/\/www.megaguvenlik.com\/?product=ipc-hfw1249s-s-il-2#breadcrumb\",\"itemListElement\":[{\"@type\":\"ListItem\",\"position\":1,\"name\":\"Anasayfa\",\"item\":\"https:\/\/www.megaguvenlik.com\/\"},{\"@type\":\"ListItem\",\"position\":2,\"name\":\"Ma\u011faza\",\"item\":\"https:\/\/www.megaguvenlik.com\/?page_id=323\"},{\"@type\":\"ListItem\",\"position\":3,\"name\":\"DAHUA IPC-HFW2231S-S-0280B-S2\"}]},{\"@type\":\"WebSite\",\"@id\":\"https:\/\/www.megaguvenlik.com\/#website\",\"url\":\"https:\/\/www.megaguvenlik.com\/\",\"name\":\"Mega G\u00fcvenlik Sistemleri\",\"description\":\"Kamera | Yang\u0131n Alarm | Network | Acil Anons\",\"potentialAction\":[{\"@type\":\"SearchAction\",\"target\":{\"@type\":\"EntryPoint\",\"urlTemplate\":\"https:\/\/www.megaguvenlik.com\/?s={search_term_string}\"},\"query-input\":{\"@type\":\"PropertyValueSpecification\",\"valueRequired\":true,\"valueName\":\"search_term_string\"}}],\"inLanguage\":\"tr\"}]}<\/script>\n<!-- \/ Yoast SEO plugin. -->","yoast_head_json":{"title":"DAHUA IPC-HFW2231S-S-0280B-S2 - Mega G\u00fcvenlik Sistemleri","description":"2 MP H.265+ IR Bullet Starlight Kamera(30m IR) 1 \/ 2.8 \" CMOS, 3.6mm Sabit","robots":{"index":"index","follow":"follow","max-snippet":"max-snippet:-1","max-image-preview":"max-image-preview:large","max-video-preview":"max-video-preview:-1"},"canonical":"https:\/\/www.megaguvenlik.com\/?product=ipc-hfw1249s-s-il-2","og_locale":"tr_TR","og_type":"article","og_title":"DAHUA IPC-HFW2231S-S-0280B-S2 - Mega G\u00fcvenlik Sistemleri","og_description":"2 MP H.265+ IR Bullet Starlight Kamera(30m IR) 1 \/ 2.8 \" CMOS, 3.6mm Sabit","og_url":"https:\/\/www.megaguvenlik.com\/?product=ipc-hfw1249s-s-il-2","og_site_name":"Mega G\u00fcvenlik Sistemleri","article_modified_time":"2025-10-08T07:50:06+00:00","og_image":[{"width":300,"height":267,"url":"https:\/\/www.megaguvenlik.com\/wp-content\/uploads\/2025\/10\/IPC-HFW2231S-S-0280B-S2.webp","type":"image\/webp"}],"twitter_card":"summary_large_image","twitter_misc":{"Tahmini okuma s\u00fcresi":"1 dakika"},"schema":{"@context":"https:\/\/schema.org","@graph":[{"@type":"WebPage","@id":"https:\/\/www.megaguvenlik.com\/?product=ipc-hfw1249s-s-il-2","url":"https:\/\/www.megaguvenlik.com\/?product=ipc-hfw1249s-s-il-2","name":"DAHUA IPC-HFW2231S-S-0280B-S2 - Mega G\u00fcvenlik Sistemleri","isPartOf":{"@id":"https:\/\/www.megaguvenlik.com\/#website"},"primaryImageOfPage":{"@id":"https:\/\/www.megaguvenlik.com\/?product=ipc-hfw1249s-s-il-2#primaryimage"},"image":{"@id":"https:\/\/www.megaguvenlik.com\/?product=ipc-hfw1249s-s-il-2#primaryimage"},"thumbnailUrl":"https:\/\/www.megaguvenlik.com\/wp-content\/uploads\/2025\/10\/IPC-HFW2231S-S-0280B-S2.webp","datePublished":"2025-10-07T10:29:18+00:00","dateModified":"2025-10-08T07:50:06+00:00","description":"2 MP H.265+ IR Bullet Starlight Kamera(30m IR) 1 \/ 2.8 \" CMOS, 3.6mm Sabit","breadcrumb":{"@id":"https:\/\/www.megaguvenlik.com\/?product=ipc-hfw1249s-s-il-2#breadcrumb"},"inLanguage":"tr","potentialAction":[{"@type":"ReadAction","target":["https:\/\/www.megaguvenlik.com\/?product=ipc-hfw1249s-s-il-2"]}]},{"@type":"ImageObject","inLanguage":"tr","@id":"https:\/\/www.megaguvenlik.com\/?product=ipc-hfw1249s-s-il-2#primaryimage","url":"https:\/\/www.megaguvenlik.com\/wp-content\/uploads\/2025\/10\/IPC-HFW2231S-S-0280B-S2.webp","contentUrl":"https:\/\/www.megaguvenlik.com\/wp-content\/uploads\/2025\/10\/IPC-HFW2231S-S-0280B-S2.webp","width":300,"height":267,"caption":"IPC-HFW2231S-S-0280B-S2"},{"@type":"BreadcrumbList","@id":"https:\/\/www.megaguvenlik.com\/?product=ipc-hfw1249s-s-il-2#breadcrumb","itemListElement":[{"@type":"ListItem","position":1,"name":"Anasayfa","item":"https:\/\/www.megaguvenlik.com\/"},{"@type":"ListItem","position":2,"name":"Ma\u011faza","item":"https:\/\/www.megaguvenlik.com\/?page_id=323"},{"@type":"ListItem","position":3,"name":"DAHUA IPC-HFW2231S-S-0280B-S2"}]},{"@type":"WebSite","@id":"https:\/\/www.megaguvenlik.com\/#website","url":"https:\/\/www.megaguvenlik.com\/","name":"Mega G\u00fcvenlik Sistemleri","description":"Kamera | Yang\u0131n Alarm | Network | Acil Anons","potentialAction":[{"@type":"SearchAction","target":{"@type":"EntryPoint","urlTemplate":"https:\/\/www.megaguvenlik.com\/?s={search_term_string}"},"query-input":{"@type":"PropertyValueSpecification","valueRequired":true,"valueName":"search_term_string"}}],"inLanguage":"tr"}]}},"_links":{"self":[{"href":"https:\/\/www.megaguvenlik.com\/index.php?rest_route=\/wp\/v2\/product\/4258","targetHints":{"allow":["GET"]}}],"collection":[{"href":"https:\/\/www.megaguvenlik.com\/index.php?rest_route=\/wp\/v2\/product"}],"about":[{"href":"https:\/\/www.megaguvenlik.com\/index.php?rest_route=\/wp\/v2\/types\/product"}],"replies":[{"embeddable":true,"href":"https:\/\/www.megaguvenlik.com\/index.php?rest_route=%2Fwp%2Fv2%2Fcomments&post=4258"}],"wp:featuredmedia":[{"embeddable":true,"href":"https:\/\/www.megaguvenlik.com\/index.php?rest_route=\/wp\/v2\/media\/4259"}],"wp:attachment":[{"href":"https:\/\/www.megaguvenlik.com\/index.php?rest_route=%2Fwp%2Fv2%2Fmedia&parent=4258"}],"wp:term":[{"taxonomy":"product_brand","embeddable":true,"href":"https:\/\/www.megaguvenlik.com\/index.php?rest_route=%2Fwp%2Fv2%2Fproduct_brand&post=4258"},{"taxonomy":"product_cat","embeddable":true,"href":"https:\/\/www.megaguvenlik.com\/index.php?rest_route=%2Fwp%2Fv2%2Fproduct_cat&post=4258"},{"taxonomy":"product_tag","embeddable":true,"href":"https:\/\/www.megaguvenlik.com\/index.php?rest_route=%2Fwp%2Fv2%2Fproduct_tag&post=4258"}],"curies":[{"name":"wp","href":"https:\/\/api.w.org\/{rel}","templated":true}]}}