{"id":4326,"date":"2025-10-08T12:13:02","date_gmt":"2025-10-08T09:13:02","guid":{"rendered":"https:\/\/www.megaguvenlik.com\/?post_type=product&#038;p=4326"},"modified":"2025-10-08T12:13:03","modified_gmt":"2025-10-08T09:13:03","slug":"dahua-ipc-hdw2239t-as-led-0280b-s2","status":"publish","type":"product","link":"https:\/\/www.megaguvenlik.com\/?product=dahua-ipc-hdw2239t-as-led-0280b-s2","title":{"rendered":"DAHUA IPC-HDW2239T-AS-LED-0280B\u00ad S2"},"content":{"rendered":"<p>2 MP Full Color H.265+ IR Dome Kamera(30m Tamamlay\u0131c\u0131 \u0131\u015f\u0131k))1 \/ 2.8 &#8221; CMOS, 3.6mm Sabit Lens, 0.0017 L\u00fcx RenkliBLC\/HLC\/WDR(120dB), 3DNR, AWB, AGC, ICR, SD Kart Deste\u011fi(256GB)Tripwire(Sanal S\u0131n\u0131r),Intrusion(Alan \u0130hlali) AnalizIP67, PoE, 25fps@2MP(1920&#215;1080),Dahili Mikrofon, Metal Kasa<\/p>\n","protected":false},"excerpt":{"rendered":"<p>2 MP Full Color H.265+ IR Dome Kamera(30m Tamamlay\u0131c\u0131 \u0131\u015f\u0131k))1 \/ 2.8 &#8221; CMOS, 3.6mm Sabit Lens, 0.0017 L\u00fcx RenkliBLC\/HLC\/WDR(120dB), 3DNR, AWB, AGC, ICR, SD Kart Deste\u011fi(256GB)Tripwire(Sanal S\u0131n\u0131r),Intrusion(Alan \u0130hlali) AnalizIP67, PoE, 25fps@2MP(1920&#215;1080),Dahili Mikrofon, Metal Kasa<\/p>\n","protected":false},"featured_media":4327,"comment_status":"open","ping_status":"closed","template":"","meta":[],"product_brand":[],"product_cat":[338,236,199],"product_tag":[340,339,341],"class_list":{"0":"post-4326","1":"product","2":"type-product","3":"status-publish","4":"has-post-thumbnail","6":"product_cat-dahua","7":"product_cat-ip-kamera","8":"product_cat-kamera-sistemleri","9":"product_tag-alhua","10":"product_tag-dahua","11":"product_tag-ip-camera","13":"first","14":"instock","15":"taxable","16":"shipping-taxable","17":"product-type-simple"},"yoast_head":"<!-- This site is optimized with the Yoast SEO plugin v26.0 - https:\/\/yoast.com\/wordpress\/plugins\/seo\/ -->\n<title>DAHUA IPC-HDW2239T-AS-LED-0280B\u00ad S2 - Mega G\u00fcvenlik Sistemleri<\/title>\n<meta name=\"description\" content=\"Dahua IPC-HDW2239T-AS-LED-0280B-S2 2MP IR Dome Kamera, LED ayd\u0131nlatma, 30m gece g\u00f6r\u00fc\u015f, H.265+ codec ve IP67 metal kasa ile profesyonel g\u00fcvenlik sa\u011flar.\" \/>\n<meta name=\"robots\" content=\"index, follow, max-snippet:-1, max-image-preview:large, max-video-preview:-1\" \/>\n<link rel=\"canonical\" href=\"https:\/\/www.megaguvenlik.com\/?product=dahua-ipc-hdw2239t-as-led-0280b-s2\" \/>\n<meta property=\"og:locale\" content=\"tr_TR\" \/>\n<meta property=\"og:type\" content=\"article\" \/>\n<meta property=\"og:title\" content=\"DAHUA IPC-HDW2239T-AS-LED-0280B\u00ad S2 - Mega G\u00fcvenlik Sistemleri\" \/>\n<meta property=\"og:description\" content=\"Dahua IPC-HDW2239T-AS-LED-0280B-S2 2MP IR Dome Kamera, LED ayd\u0131nlatma, 30m gece g\u00f6r\u00fc\u015f, H.265+ codec ve IP67 metal kasa ile profesyonel g\u00fcvenlik sa\u011flar.\" \/>\n<meta property=\"og:url\" content=\"https:\/\/www.megaguvenlik.com\/?product=dahua-ipc-hdw2239t-as-led-0280b-s2\" \/>\n<meta property=\"og:site_name\" content=\"Mega G\u00fcvenlik Sistemleri\" \/>\n<meta property=\"article:modified_time\" content=\"2025-10-08T09:13:03+00:00\" \/>\n<meta property=\"og:image\" content=\"https:\/\/www.megaguvenlik.com\/wp-content\/uploads\/2025\/10\/IPC-HDW2239T-AS-LED-0280B\u00ad-S2.jpeg\" \/>\n\t<meta property=\"og:image:width\" content=\"225\" \/>\n\t<meta property=\"og:image:height\" content=\"225\" \/>\n\t<meta property=\"og:image:type\" content=\"image\/jpeg\" \/>\n<meta name=\"twitter:card\" content=\"summary_large_image\" \/>\n<meta name=\"twitter:label1\" content=\"Tahmini okuma s\u00fcresi\" \/>\n\t<meta name=\"twitter:data1\" content=\"1 dakika\" \/>\n<script type=\"application\/ld+json\" class=\"yoast-schema-graph\">{\"@context\":\"https:\/\/schema.org\",\"@graph\":[{\"@type\":\"WebPage\",\"@id\":\"https:\/\/www.megaguvenlik.com\/?product=dahua-ipc-hdw2239t-as-led-0280b-s2\",\"url\":\"https:\/\/www.megaguvenlik.com\/?product=dahua-ipc-hdw2239t-as-led-0280b-s2\",\"name\":\"DAHUA IPC-HDW2239T-AS-LED-0280B\u00ad S2 - Mega G\u00fcvenlik Sistemleri\",\"isPartOf\":{\"@id\":\"https:\/\/www.megaguvenlik.com\/#website\"},\"primaryImageOfPage\":{\"@id\":\"https:\/\/www.megaguvenlik.com\/?product=dahua-ipc-hdw2239t-as-led-0280b-s2#primaryimage\"},\"image\":{\"@id\":\"https:\/\/www.megaguvenlik.com\/?product=dahua-ipc-hdw2239t-as-led-0280b-s2#primaryimage\"},\"thumbnailUrl\":\"https:\/\/www.megaguvenlik.com\/wp-content\/uploads\/2025\/10\/IPC-HDW2239T-AS-LED-0280B\u00ad-S2.jpeg\",\"datePublished\":\"2025-10-08T09:13:02+00:00\",\"dateModified\":\"2025-10-08T09:13:03+00:00\",\"description\":\"Dahua IPC-HDW2239T-AS-LED-0280B-S2 2MP IR Dome Kamera, LED ayd\u0131nlatma, 30m gece g\u00f6r\u00fc\u015f, H.265+ codec ve IP67 metal kasa ile profesyonel g\u00fcvenlik sa\u011flar.\",\"breadcrumb\":{\"@id\":\"https:\/\/www.megaguvenlik.com\/?product=dahua-ipc-hdw2239t-as-led-0280b-s2#breadcrumb\"},\"inLanguage\":\"tr\",\"potentialAction\":[{\"@type\":\"ReadAction\",\"target\":[\"https:\/\/www.megaguvenlik.com\/?product=dahua-ipc-hdw2239t-as-led-0280b-s2\"]}]},{\"@type\":\"ImageObject\",\"inLanguage\":\"tr\",\"@id\":\"https:\/\/www.megaguvenlik.com\/?product=dahua-ipc-hdw2239t-as-led-0280b-s2#primaryimage\",\"url\":\"https:\/\/www.megaguvenlik.com\/wp-content\/uploads\/2025\/10\/IPC-HDW2239T-AS-LED-0280B\u00ad-S2.jpeg\",\"contentUrl\":\"https:\/\/www.megaguvenlik.com\/wp-content\/uploads\/2025\/10\/IPC-HDW2239T-AS-LED-0280B\u00ad-S2.jpeg\",\"width\":225,\"height\":225},{\"@type\":\"BreadcrumbList\",\"@id\":\"https:\/\/www.megaguvenlik.com\/?product=dahua-ipc-hdw2239t-as-led-0280b-s2#breadcrumb\",\"itemListElement\":[{\"@type\":\"ListItem\",\"position\":1,\"name\":\"Anasayfa\",\"item\":\"https:\/\/www.megaguvenlik.com\/\"},{\"@type\":\"ListItem\",\"position\":2,\"name\":\"Ma\u011faza\",\"item\":\"https:\/\/www.megaguvenlik.com\/?page_id=323\"},{\"@type\":\"ListItem\",\"position\":3,\"name\":\"DAHUA IPC-HDW2239T-AS-LED-0280B\u00ad S2\"}]},{\"@type\":\"WebSite\",\"@id\":\"https:\/\/www.megaguvenlik.com\/#website\",\"url\":\"https:\/\/www.megaguvenlik.com\/\",\"name\":\"Mega G\u00fcvenlik Sistemleri\",\"description\":\"Kamera | Yang\u0131n Alarm | Network | Acil Anons\",\"potentialAction\":[{\"@type\":\"SearchAction\",\"target\":{\"@type\":\"EntryPoint\",\"urlTemplate\":\"https:\/\/www.megaguvenlik.com\/?s={search_term_string}\"},\"query-input\":{\"@type\":\"PropertyValueSpecification\",\"valueRequired\":true,\"valueName\":\"search_term_string\"}}],\"inLanguage\":\"tr\"}]}<\/script>\n<!-- \/ Yoast SEO plugin. -->","yoast_head_json":{"title":"DAHUA IPC-HDW2239T-AS-LED-0280B\u00ad S2 - Mega G\u00fcvenlik Sistemleri","description":"Dahua IPC-HDW2239T-AS-LED-0280B-S2 2MP IR Dome Kamera, LED ayd\u0131nlatma, 30m gece g\u00f6r\u00fc\u015f, H.265+ codec ve IP67 metal kasa ile profesyonel g\u00fcvenlik sa\u011flar.","robots":{"index":"index","follow":"follow","max-snippet":"max-snippet:-1","max-image-preview":"max-image-preview:large","max-video-preview":"max-video-preview:-1"},"canonical":"https:\/\/www.megaguvenlik.com\/?product=dahua-ipc-hdw2239t-as-led-0280b-s2","og_locale":"tr_TR","og_type":"article","og_title":"DAHUA IPC-HDW2239T-AS-LED-0280B\u00ad S2 - Mega G\u00fcvenlik Sistemleri","og_description":"Dahua IPC-HDW2239T-AS-LED-0280B-S2 2MP IR Dome Kamera, LED ayd\u0131nlatma, 30m gece g\u00f6r\u00fc\u015f, H.265+ codec ve IP67 metal kasa ile profesyonel g\u00fcvenlik sa\u011flar.","og_url":"https:\/\/www.megaguvenlik.com\/?product=dahua-ipc-hdw2239t-as-led-0280b-s2","og_site_name":"Mega G\u00fcvenlik Sistemleri","article_modified_time":"2025-10-08T09:13:03+00:00","og_image":[{"width":225,"height":225,"url":"https:\/\/www.megaguvenlik.com\/wp-content\/uploads\/2025\/10\/IPC-HDW2239T-AS-LED-0280B\u00ad-S2.jpeg","type":"image\/jpeg"}],"twitter_card":"summary_large_image","twitter_misc":{"Tahmini okuma s\u00fcresi":"1 dakika"},"schema":{"@context":"https:\/\/schema.org","@graph":[{"@type":"WebPage","@id":"https:\/\/www.megaguvenlik.com\/?product=dahua-ipc-hdw2239t-as-led-0280b-s2","url":"https:\/\/www.megaguvenlik.com\/?product=dahua-ipc-hdw2239t-as-led-0280b-s2","name":"DAHUA IPC-HDW2239T-AS-LED-0280B\u00ad S2 - Mega G\u00fcvenlik Sistemleri","isPartOf":{"@id":"https:\/\/www.megaguvenlik.com\/#website"},"primaryImageOfPage":{"@id":"https:\/\/www.megaguvenlik.com\/?product=dahua-ipc-hdw2239t-as-led-0280b-s2#primaryimage"},"image":{"@id":"https:\/\/www.megaguvenlik.com\/?product=dahua-ipc-hdw2239t-as-led-0280b-s2#primaryimage"},"thumbnailUrl":"https:\/\/www.megaguvenlik.com\/wp-content\/uploads\/2025\/10\/IPC-HDW2239T-AS-LED-0280B\u00ad-S2.jpeg","datePublished":"2025-10-08T09:13:02+00:00","dateModified":"2025-10-08T09:13:03+00:00","description":"Dahua IPC-HDW2239T-AS-LED-0280B-S2 2MP IR Dome Kamera, LED ayd\u0131nlatma, 30m gece g\u00f6r\u00fc\u015f, H.265+ codec ve IP67 metal kasa ile profesyonel g\u00fcvenlik sa\u011flar.","breadcrumb":{"@id":"https:\/\/www.megaguvenlik.com\/?product=dahua-ipc-hdw2239t-as-led-0280b-s2#breadcrumb"},"inLanguage":"tr","potentialAction":[{"@type":"ReadAction","target":["https:\/\/www.megaguvenlik.com\/?product=dahua-ipc-hdw2239t-as-led-0280b-s2"]}]},{"@type":"ImageObject","inLanguage":"tr","@id":"https:\/\/www.megaguvenlik.com\/?product=dahua-ipc-hdw2239t-as-led-0280b-s2#primaryimage","url":"https:\/\/www.megaguvenlik.com\/wp-content\/uploads\/2025\/10\/IPC-HDW2239T-AS-LED-0280B\u00ad-S2.jpeg","contentUrl":"https:\/\/www.megaguvenlik.com\/wp-content\/uploads\/2025\/10\/IPC-HDW2239T-AS-LED-0280B\u00ad-S2.jpeg","width":225,"height":225},{"@type":"BreadcrumbList","@id":"https:\/\/www.megaguvenlik.com\/?product=dahua-ipc-hdw2239t-as-led-0280b-s2#breadcrumb","itemListElement":[{"@type":"ListItem","position":1,"name":"Anasayfa","item":"https:\/\/www.megaguvenlik.com\/"},{"@type":"ListItem","position":2,"name":"Ma\u011faza","item":"https:\/\/www.megaguvenlik.com\/?page_id=323"},{"@type":"ListItem","position":3,"name":"DAHUA IPC-HDW2239T-AS-LED-0280B\u00ad S2"}]},{"@type":"WebSite","@id":"https:\/\/www.megaguvenlik.com\/#website","url":"https:\/\/www.megaguvenlik.com\/","name":"Mega G\u00fcvenlik Sistemleri","description":"Kamera | Yang\u0131n Alarm | Network | Acil Anons","potentialAction":[{"@type":"SearchAction","target":{"@type":"EntryPoint","urlTemplate":"https:\/\/www.megaguvenlik.com\/?s={search_term_string}"},"query-input":{"@type":"PropertyValueSpecification","valueRequired":true,"valueName":"search_term_string"}}],"inLanguage":"tr"}]}},"_links":{"self":[{"href":"https:\/\/www.megaguvenlik.com\/index.php?rest_route=\/wp\/v2\/product\/4326","targetHints":{"allow":["GET"]}}],"collection":[{"href":"https:\/\/www.megaguvenlik.com\/index.php?rest_route=\/wp\/v2\/product"}],"about":[{"href":"https:\/\/www.megaguvenlik.com\/index.php?rest_route=\/wp\/v2\/types\/product"}],"replies":[{"embeddable":true,"href":"https:\/\/www.megaguvenlik.com\/index.php?rest_route=%2Fwp%2Fv2%2Fcomments&post=4326"}],"wp:featuredmedia":[{"embeddable":true,"href":"https:\/\/www.megaguvenlik.com\/index.php?rest_route=\/wp\/v2\/media\/4327"}],"wp:attachment":[{"href":"https:\/\/www.megaguvenlik.com\/index.php?rest_route=%2Fwp%2Fv2%2Fmedia&parent=4326"}],"wp:term":[{"taxonomy":"product_brand","embeddable":true,"href":"https:\/\/www.megaguvenlik.com\/index.php?rest_route=%2Fwp%2Fv2%2Fproduct_brand&post=4326"},{"taxonomy":"product_cat","embeddable":true,"href":"https:\/\/www.megaguvenlik.com\/index.php?rest_route=%2Fwp%2Fv2%2Fproduct_cat&post=4326"},{"taxonomy":"product_tag","embeddable":true,"href":"https:\/\/www.megaguvenlik.com\/index.php?rest_route=%2Fwp%2Fv2%2Fproduct_tag&post=4326"}],"curies":[{"name":"wp","href":"https:\/\/api.w.org\/{rel}","templated":true}]}}