{"id":4374,"date":"2025-10-09T09:42:31","date_gmt":"2025-10-09T06:42:31","guid":{"rendered":"https:\/\/www.megaguvenlik.com\/?post_type=product&#038;p=4374"},"modified":"2025-10-09T09:42:31","modified_gmt":"2025-10-09T06:42:31","slug":"ipc-hfw2431t-as-0360b-s2","status":"publish","type":"product","link":"https:\/\/www.megaguvenlik.com\/?product=ipc-hfw2431t-as-0360b-s2","title":{"rendered":"IPC-HFW2431T-AS-0360B-S2"},"content":{"rendered":"<p>4MP Lite IR Sabit Odakl\u0131 Bullet Network Kamera 4MP, 1\/3 \u201cCMOS g\u00f6r\u00fcnt\u00fc<br \/>\nsens\u00f6r\u00fc, d\u00fc\u015f\u00fck ayd\u0131nlatma, y\u00fcksek g\u00f6r\u00fcnt\u00fc tan\u0131m\u0131 \u00c7\u0131k\u0131\u015flar maks. 4MP (2688<br \/>\n\u00d7 1520) @ 20 fps ve 2560 \u00d7 1440 (2560 \u00d7 1440) @ 25\/30 fps\u2019yi destekler.<br \/>\nH.265 kodek, y\u00fcksek s\u0131k\u0131\u015ft\u0131rma oran\u0131, ultra d\u00fc\u015f\u00fck bit h\u0131z\u0131 Dahili IR LED, maks. IR mesafesi: 80 m RoI, SMART H.264 + \/ H.265 +, esnek kodlama, \u00e7e\u015fitli bant geni\u015fli\u011fi ve depolama ortamlar\u0131na uygulanabilir. Rotasyon modu, WDR, 3D NR, HLC, BLC, dijital filigran, \u00e7e\u015fitli izleme sahnelerine uygulanabilir.12V DC<br \/>\n\/ POE g\u00fc\u00e7 destek kayna\u011f\u0131 IP67, IK10 ( Opsiyonel)<\/p>\n","protected":false},"excerpt":{"rendered":"<p>4MP Lite IR Sabit Odakl\u0131 Bullet Network Kamera 4MP, 1\/3 \u201cCMOS g\u00f6r\u00fcnt\u00fc<br \/>\nsens\u00f6r\u00fc, d\u00fc\u015f\u00fck ayd\u0131nlatma, y\u00fcksek g\u00f6r\u00fcnt\u00fc tan\u0131m\u0131 \u00c7\u0131k\u0131\u015flar maks. 4MP (2688<br \/>\n\u00d7 1520) @ 20 fps ve 2560 \u00d7 1440 (2560 \u00d7 1440) @ 25\/30 fps\u2019yi destekler.<br \/>\nH.265 kodek, y\u00fcksek s\u0131k\u0131\u015ft\u0131rma oran\u0131, ultra d\u00fc\u015f\u00fck bit h\u0131z\u0131 Dahili IR LED, maks. IR mesafesi: 80 m RoI, SMART H.264 + \/ H.265 +, esnek kodlama, \u00e7e\u015fitli bant geni\u015fli\u011fi ve depolama ortamlar\u0131na uygulanabilir. Rotasyon modu, WDR, 3D NR, HLC, BLC, dijital filigran, \u00e7e\u015fitli izleme sahnelerine uygulanabilir.12V DC<br \/>\n\/ POE g\u00fc\u00e7 destek kayna\u011f\u0131 IP67, IK10 ( Opsiyonel)<\/p>\n","protected":false},"featured_media":4375,"comment_status":"open","ping_status":"closed","template":"","meta":[],"product_brand":[],"product_cat":[338,236,199],"product_tag":[340,339,341],"class_list":{"0":"post-4374","1":"product","2":"type-product","3":"status-publish","4":"has-post-thumbnail","6":"product_cat-dahua","7":"product_cat-ip-kamera","8":"product_cat-kamera-sistemleri","9":"product_tag-alhua","10":"product_tag-dahua","11":"product_tag-ip-camera","13":"first","14":"instock","15":"taxable","16":"shipping-taxable","17":"product-type-simple"},"yoast_head":"<!-- This site is optimized with the Yoast SEO plugin v26.0 - https:\/\/yoast.com\/wordpress\/plugins\/seo\/ -->\n<title>IPC-HFW2431T-AS-0360B-S2 - Mega G\u00fcvenlik Sistemleri<\/title>\n<meta name=\"description\" content=\"IPC-HFW2431T-AS-0360B-S2, Dahua g\u00fcvenlik kameras\u0131, 4MP IP kamera, PoE IP kamera, sesli g\u00fcvenlik kameras\u0131, gece g\u00f6r\u00fc\u015fl\u00fc IP kamera, d\u0131\u015f mek\u00e2n kamera, H.265 g\u00fcvenlik kameras\u0131, ak\u0131ll\u0131 video analizli kamera\" \/>\n<meta name=\"robots\" content=\"index, follow, max-snippet:-1, max-image-preview:large, max-video-preview:-1\" \/>\n<link rel=\"canonical\" href=\"https:\/\/www.megaguvenlik.com\/?product=ipc-hfw2431t-as-0360b-s2\" \/>\n<meta property=\"og:locale\" content=\"tr_TR\" \/>\n<meta property=\"og:type\" content=\"article\" \/>\n<meta property=\"og:title\" content=\"IPC-HFW2431T-AS-0360B-S2 - Mega G\u00fcvenlik Sistemleri\" \/>\n<meta property=\"og:description\" content=\"IPC-HFW2431T-AS-0360B-S2, Dahua g\u00fcvenlik kameras\u0131, 4MP IP kamera, PoE IP kamera, sesli g\u00fcvenlik kameras\u0131, gece g\u00f6r\u00fc\u015fl\u00fc IP kamera, d\u0131\u015f mek\u00e2n kamera, H.265 g\u00fcvenlik kameras\u0131, ak\u0131ll\u0131 video analizli kamera\" \/>\n<meta property=\"og:url\" content=\"https:\/\/www.megaguvenlik.com\/?product=ipc-hfw2431t-as-0360b-s2\" \/>\n<meta property=\"og:site_name\" content=\"Mega G\u00fcvenlik Sistemleri\" \/>\n<meta property=\"og:image\" content=\"https:\/\/www.megaguvenlik.com\/wp-content\/uploads\/2025\/10\/IPC-HFW2431T-AS-0360B-S2.jpeg\" \/>\n\t<meta property=\"og:image:width\" content=\"225\" \/>\n\t<meta property=\"og:image:height\" content=\"225\" \/>\n\t<meta property=\"og:image:type\" content=\"image\/jpeg\" \/>\n<meta name=\"twitter:card\" content=\"summary_large_image\" \/>\n<meta name=\"twitter:label1\" content=\"Tahmini okuma s\u00fcresi\" \/>\n\t<meta name=\"twitter:data1\" content=\"1 dakika\" \/>\n<script type=\"application\/ld+json\" class=\"yoast-schema-graph\">{\"@context\":\"https:\/\/schema.org\",\"@graph\":[{\"@type\":\"WebPage\",\"@id\":\"https:\/\/www.megaguvenlik.com\/?product=ipc-hfw2431t-as-0360b-s2\",\"url\":\"https:\/\/www.megaguvenlik.com\/?product=ipc-hfw2431t-as-0360b-s2\",\"name\":\"IPC-HFW2431T-AS-0360B-S2 - Mega G\u00fcvenlik Sistemleri\",\"isPartOf\":{\"@id\":\"https:\/\/www.megaguvenlik.com\/#website\"},\"primaryImageOfPage\":{\"@id\":\"https:\/\/www.megaguvenlik.com\/?product=ipc-hfw2431t-as-0360b-s2#primaryimage\"},\"image\":{\"@id\":\"https:\/\/www.megaguvenlik.com\/?product=ipc-hfw2431t-as-0360b-s2#primaryimage\"},\"thumbnailUrl\":\"https:\/\/www.megaguvenlik.com\/wp-content\/uploads\/2025\/10\/IPC-HFW2431T-AS-0360B-S2.jpeg\",\"datePublished\":\"2025-10-09T06:42:31+00:00\",\"description\":\"IPC-HFW2431T-AS-0360B-S2, Dahua g\u00fcvenlik kameras\u0131, 4MP IP kamera, PoE IP kamera, sesli g\u00fcvenlik kameras\u0131, gece g\u00f6r\u00fc\u015fl\u00fc IP kamera, d\u0131\u015f mek\u00e2n kamera, H.265 g\u00fcvenlik kameras\u0131, ak\u0131ll\u0131 video analizli kamera\",\"breadcrumb\":{\"@id\":\"https:\/\/www.megaguvenlik.com\/?product=ipc-hfw2431t-as-0360b-s2#breadcrumb\"},\"inLanguage\":\"tr\",\"potentialAction\":[{\"@type\":\"ReadAction\",\"target\":[\"https:\/\/www.megaguvenlik.com\/?product=ipc-hfw2431t-as-0360b-s2\"]}]},{\"@type\":\"ImageObject\",\"inLanguage\":\"tr\",\"@id\":\"https:\/\/www.megaguvenlik.com\/?product=ipc-hfw2431t-as-0360b-s2#primaryimage\",\"url\":\"https:\/\/www.megaguvenlik.com\/wp-content\/uploads\/2025\/10\/IPC-HFW2431T-AS-0360B-S2.jpeg\",\"contentUrl\":\"https:\/\/www.megaguvenlik.com\/wp-content\/uploads\/2025\/10\/IPC-HFW2431T-AS-0360B-S2.jpeg\",\"width\":225,\"height\":225},{\"@type\":\"BreadcrumbList\",\"@id\":\"https:\/\/www.megaguvenlik.com\/?product=ipc-hfw2431t-as-0360b-s2#breadcrumb\",\"itemListElement\":[{\"@type\":\"ListItem\",\"position\":1,\"name\":\"Anasayfa\",\"item\":\"https:\/\/www.megaguvenlik.com\/\"},{\"@type\":\"ListItem\",\"position\":2,\"name\":\"Ma\u011faza\",\"item\":\"https:\/\/www.megaguvenlik.com\/?page_id=323\"},{\"@type\":\"ListItem\",\"position\":3,\"name\":\"IPC-HFW2431T-AS-0360B-S2\"}]},{\"@type\":\"WebSite\",\"@id\":\"https:\/\/www.megaguvenlik.com\/#website\",\"url\":\"https:\/\/www.megaguvenlik.com\/\",\"name\":\"Mega G\u00fcvenlik Sistemleri\",\"description\":\"Kamera | Yang\u0131n Alarm | Network | Acil Anons\",\"potentialAction\":[{\"@type\":\"SearchAction\",\"target\":{\"@type\":\"EntryPoint\",\"urlTemplate\":\"https:\/\/www.megaguvenlik.com\/?s={search_term_string}\"},\"query-input\":{\"@type\":\"PropertyValueSpecification\",\"valueRequired\":true,\"valueName\":\"search_term_string\"}}],\"inLanguage\":\"tr\"}]}<\/script>\n<!-- \/ Yoast SEO plugin. -->","yoast_head_json":{"title":"IPC-HFW2431T-AS-0360B-S2 - Mega G\u00fcvenlik Sistemleri","description":"IPC-HFW2431T-AS-0360B-S2, Dahua g\u00fcvenlik kameras\u0131, 4MP IP kamera, PoE IP kamera, sesli g\u00fcvenlik kameras\u0131, gece g\u00f6r\u00fc\u015fl\u00fc IP kamera, d\u0131\u015f mek\u00e2n kamera, H.265 g\u00fcvenlik kameras\u0131, ak\u0131ll\u0131 video analizli kamera","robots":{"index":"index","follow":"follow","max-snippet":"max-snippet:-1","max-image-preview":"max-image-preview:large","max-video-preview":"max-video-preview:-1"},"canonical":"https:\/\/www.megaguvenlik.com\/?product=ipc-hfw2431t-as-0360b-s2","og_locale":"tr_TR","og_type":"article","og_title":"IPC-HFW2431T-AS-0360B-S2 - Mega G\u00fcvenlik Sistemleri","og_description":"IPC-HFW2431T-AS-0360B-S2, Dahua g\u00fcvenlik kameras\u0131, 4MP IP kamera, PoE IP kamera, sesli g\u00fcvenlik kameras\u0131, gece g\u00f6r\u00fc\u015fl\u00fc IP kamera, d\u0131\u015f mek\u00e2n kamera, H.265 g\u00fcvenlik kameras\u0131, ak\u0131ll\u0131 video analizli kamera","og_url":"https:\/\/www.megaguvenlik.com\/?product=ipc-hfw2431t-as-0360b-s2","og_site_name":"Mega G\u00fcvenlik Sistemleri","og_image":[{"width":225,"height":225,"url":"https:\/\/www.megaguvenlik.com\/wp-content\/uploads\/2025\/10\/IPC-HFW2431T-AS-0360B-S2.jpeg","type":"image\/jpeg"}],"twitter_card":"summary_large_image","twitter_misc":{"Tahmini okuma s\u00fcresi":"1 dakika"},"schema":{"@context":"https:\/\/schema.org","@graph":[{"@type":"WebPage","@id":"https:\/\/www.megaguvenlik.com\/?product=ipc-hfw2431t-as-0360b-s2","url":"https:\/\/www.megaguvenlik.com\/?product=ipc-hfw2431t-as-0360b-s2","name":"IPC-HFW2431T-AS-0360B-S2 - Mega G\u00fcvenlik Sistemleri","isPartOf":{"@id":"https:\/\/www.megaguvenlik.com\/#website"},"primaryImageOfPage":{"@id":"https:\/\/www.megaguvenlik.com\/?product=ipc-hfw2431t-as-0360b-s2#primaryimage"},"image":{"@id":"https:\/\/www.megaguvenlik.com\/?product=ipc-hfw2431t-as-0360b-s2#primaryimage"},"thumbnailUrl":"https:\/\/www.megaguvenlik.com\/wp-content\/uploads\/2025\/10\/IPC-HFW2431T-AS-0360B-S2.jpeg","datePublished":"2025-10-09T06:42:31+00:00","description":"IPC-HFW2431T-AS-0360B-S2, Dahua g\u00fcvenlik kameras\u0131, 4MP IP kamera, PoE IP kamera, sesli g\u00fcvenlik kameras\u0131, gece g\u00f6r\u00fc\u015fl\u00fc IP kamera, d\u0131\u015f mek\u00e2n kamera, H.265 g\u00fcvenlik kameras\u0131, ak\u0131ll\u0131 video analizli kamera","breadcrumb":{"@id":"https:\/\/www.megaguvenlik.com\/?product=ipc-hfw2431t-as-0360b-s2#breadcrumb"},"inLanguage":"tr","potentialAction":[{"@type":"ReadAction","target":["https:\/\/www.megaguvenlik.com\/?product=ipc-hfw2431t-as-0360b-s2"]}]},{"@type":"ImageObject","inLanguage":"tr","@id":"https:\/\/www.megaguvenlik.com\/?product=ipc-hfw2431t-as-0360b-s2#primaryimage","url":"https:\/\/www.megaguvenlik.com\/wp-content\/uploads\/2025\/10\/IPC-HFW2431T-AS-0360B-S2.jpeg","contentUrl":"https:\/\/www.megaguvenlik.com\/wp-content\/uploads\/2025\/10\/IPC-HFW2431T-AS-0360B-S2.jpeg","width":225,"height":225},{"@type":"BreadcrumbList","@id":"https:\/\/www.megaguvenlik.com\/?product=ipc-hfw2431t-as-0360b-s2#breadcrumb","itemListElement":[{"@type":"ListItem","position":1,"name":"Anasayfa","item":"https:\/\/www.megaguvenlik.com\/"},{"@type":"ListItem","position":2,"name":"Ma\u011faza","item":"https:\/\/www.megaguvenlik.com\/?page_id=323"},{"@type":"ListItem","position":3,"name":"IPC-HFW2431T-AS-0360B-S2"}]},{"@type":"WebSite","@id":"https:\/\/www.megaguvenlik.com\/#website","url":"https:\/\/www.megaguvenlik.com\/","name":"Mega G\u00fcvenlik Sistemleri","description":"Kamera | Yang\u0131n Alarm | Network | Acil Anons","potentialAction":[{"@type":"SearchAction","target":{"@type":"EntryPoint","urlTemplate":"https:\/\/www.megaguvenlik.com\/?s={search_term_string}"},"query-input":{"@type":"PropertyValueSpecification","valueRequired":true,"valueName":"search_term_string"}}],"inLanguage":"tr"}]}},"_links":{"self":[{"href":"https:\/\/www.megaguvenlik.com\/index.php?rest_route=\/wp\/v2\/product\/4374","targetHints":{"allow":["GET"]}}],"collection":[{"href":"https:\/\/www.megaguvenlik.com\/index.php?rest_route=\/wp\/v2\/product"}],"about":[{"href":"https:\/\/www.megaguvenlik.com\/index.php?rest_route=\/wp\/v2\/types\/product"}],"replies":[{"embeddable":true,"href":"https:\/\/www.megaguvenlik.com\/index.php?rest_route=%2Fwp%2Fv2%2Fcomments&post=4374"}],"wp:featuredmedia":[{"embeddable":true,"href":"https:\/\/www.megaguvenlik.com\/index.php?rest_route=\/wp\/v2\/media\/4375"}],"wp:attachment":[{"href":"https:\/\/www.megaguvenlik.com\/index.php?rest_route=%2Fwp%2Fv2%2Fmedia&parent=4374"}],"wp:term":[{"taxonomy":"product_brand","embeddable":true,"href":"https:\/\/www.megaguvenlik.com\/index.php?rest_route=%2Fwp%2Fv2%2Fproduct_brand&post=4374"},{"taxonomy":"product_cat","embeddable":true,"href":"https:\/\/www.megaguvenlik.com\/index.php?rest_route=%2Fwp%2Fv2%2Fproduct_cat&post=4374"},{"taxonomy":"product_tag","embeddable":true,"href":"https:\/\/www.megaguvenlik.com\/index.php?rest_route=%2Fwp%2Fv2%2Fproduct_tag&post=4374"}],"curies":[{"name":"wp","href":"https:\/\/api.w.org\/{rel}","templated":true}]}}