{"id":4376,"date":"2025-10-09T09:44:34","date_gmt":"2025-10-09T06:44:34","guid":{"rendered":"https:\/\/www.megaguvenlik.com\/?post_type=product&#038;p=4376"},"modified":"2025-10-09T09:44:35","modified_gmt":"2025-10-09T06:44:35","slug":"dahua-ipc-hfw2449m-s-b-pro","status":"publish","type":"product","link":"https:\/\/www.megaguvenlik.com\/?product=dahua-ipc-hfw2449m-s-b-pro","title":{"rendered":"DAHUA IPC-HFW2449M-S-B-PRO"},"content":{"rendered":"<p>4MP WizColor Sabit Odak Network Bullet Kamera 4MP 1\/1.8&#8243; CMOS sens\u00f6r, 4MP@20fps, 1440p@25\/30fps, H.265, d\u00fc\u015f\u00fck bit h\u0131z\u0131, 50 m s\u0131cak \u0131\u015f\u0131k ayd\u0131nlatma, Ak\u0131ll\u0131 H.264+\/H.265+, ROI, WDR, 3D NR, HLC, BLC, filigran, Ak\u0131ll\u0131 izleme: giri\u015f &amp; \u00e7izgi, ara\u00e7\/insan s\u0131n\u0131flama, Anormallik alg\u0131lama: hareket, sabotaj, ses, SD kart, a\u011f, eri\u015fim, 256 GB SD kart, 12 VDC \/ PoE, IP67 koruma, Dahili Mikrofon, Metal + Plastik Kasa<\/p>\n","protected":false},"excerpt":{"rendered":"<p>4MP WizColor Sabit Odak Network Bullet Kamera 4MP 1\/1.8&#8243; CMOS sens\u00f6r, 4MP@20fps, 1440p@25\/30fps, H.265, d\u00fc\u015f\u00fck bit h\u0131z\u0131, 50 m s\u0131cak \u0131\u015f\u0131k ayd\u0131nlatma, Ak\u0131ll\u0131 H.264+\/H.265+, ROI, WDR, 3D NR, HLC, BLC, filigran, Ak\u0131ll\u0131 izleme: giri\u015f &amp; \u00e7izgi, ara\u00e7\/insan s\u0131n\u0131flama, Anormallik alg\u0131lama: hareket, sabotaj, ses, SD kart, a\u011f, eri\u015fim, 256 GB SD kart, 12 VDC \/ PoE, IP67 koruma, Dahili Mikrofon, Metal + Plastik Kasa<\/p>\n","protected":false},"featured_media":4377,"comment_status":"open","ping_status":"closed","template":"","meta":[],"product_brand":[],"product_cat":[338,236,199],"product_tag":[340,339,341],"class_list":{"0":"post-4376","1":"product","2":"type-product","3":"status-publish","4":"has-post-thumbnail","6":"product_cat-dahua","7":"product_cat-ip-kamera","8":"product_cat-kamera-sistemleri","9":"product_tag-alhua","10":"product_tag-dahua","11":"product_tag-ip-camera","13":"first","14":"instock","15":"taxable","16":"shipping-taxable","17":"product-type-simple"},"yoast_head":"<!-- This site is optimized with the Yoast SEO plugin v26.0 - https:\/\/yoast.com\/wordpress\/plugins\/seo\/ -->\n<title>DAHUA IPC-HFW2449M-S-B-PRO - Mega G\u00fcvenlik Sistemleri<\/title>\n<meta name=\"description\" content=\"IPC-HFW2449M-S-B-PRO, Dahua Full Color kamera, 4MP IP kamera, renkli gece g\u00f6r\u00fc\u015fl\u00fc kamera, PoE IP kamera, sesli g\u00fcvenlik kameras\u0131, d\u0131\u015f mek\u00e2n g\u00fcvenlik kameras\u0131, H.265 kamera, ak\u0131ll\u0131 video analizli kamera, Dahua Pro serisi\" \/>\n<meta name=\"robots\" content=\"index, follow, max-snippet:-1, max-image-preview:large, max-video-preview:-1\" \/>\n<link rel=\"canonical\" href=\"https:\/\/www.megaguvenlik.com\/?product=dahua-ipc-hfw2449m-s-b-pro\" \/>\n<meta property=\"og:locale\" content=\"tr_TR\" \/>\n<meta property=\"og:type\" content=\"article\" \/>\n<meta property=\"og:title\" content=\"DAHUA IPC-HFW2449M-S-B-PRO - Mega G\u00fcvenlik Sistemleri\" \/>\n<meta property=\"og:description\" content=\"IPC-HFW2449M-S-B-PRO, Dahua Full Color kamera, 4MP IP kamera, renkli gece g\u00f6r\u00fc\u015fl\u00fc kamera, PoE IP kamera, sesli g\u00fcvenlik kameras\u0131, d\u0131\u015f mek\u00e2n g\u00fcvenlik kameras\u0131, H.265 kamera, ak\u0131ll\u0131 video analizli kamera, Dahua Pro serisi\" \/>\n<meta property=\"og:url\" content=\"https:\/\/www.megaguvenlik.com\/?product=dahua-ipc-hfw2449m-s-b-pro\" \/>\n<meta property=\"og:site_name\" content=\"Mega G\u00fcvenlik Sistemleri\" \/>\n<meta property=\"article:modified_time\" content=\"2025-10-09T06:44:35+00:00\" \/>\n<meta property=\"og:image\" content=\"https:\/\/www.megaguvenlik.com\/wp-content\/uploads\/2025\/10\/IPC-HFW2449M-S-B-PRO.jpeg\" \/>\n\t<meta property=\"og:image:width\" content=\"225\" \/>\n\t<meta property=\"og:image:height\" content=\"225\" \/>\n\t<meta property=\"og:image:type\" content=\"image\/jpeg\" \/>\n<meta name=\"twitter:card\" content=\"summary_large_image\" \/>\n<meta name=\"twitter:label1\" content=\"Tahmini okuma s\u00fcresi\" \/>\n\t<meta name=\"twitter:data1\" content=\"1 dakika\" \/>\n<script type=\"application\/ld+json\" class=\"yoast-schema-graph\">{\"@context\":\"https:\/\/schema.org\",\"@graph\":[{\"@type\":\"WebPage\",\"@id\":\"https:\/\/www.megaguvenlik.com\/?product=dahua-ipc-hfw2449m-s-b-pro\",\"url\":\"https:\/\/www.megaguvenlik.com\/?product=dahua-ipc-hfw2449m-s-b-pro\",\"name\":\"DAHUA IPC-HFW2449M-S-B-PRO - Mega G\u00fcvenlik Sistemleri\",\"isPartOf\":{\"@id\":\"https:\/\/www.megaguvenlik.com\/#website\"},\"primaryImageOfPage\":{\"@id\":\"https:\/\/www.megaguvenlik.com\/?product=dahua-ipc-hfw2449m-s-b-pro#primaryimage\"},\"image\":{\"@id\":\"https:\/\/www.megaguvenlik.com\/?product=dahua-ipc-hfw2449m-s-b-pro#primaryimage\"},\"thumbnailUrl\":\"https:\/\/www.megaguvenlik.com\/wp-content\/uploads\/2025\/10\/IPC-HFW2449M-S-B-PRO.jpeg\",\"datePublished\":\"2025-10-09T06:44:34+00:00\",\"dateModified\":\"2025-10-09T06:44:35+00:00\",\"description\":\"IPC-HFW2449M-S-B-PRO, Dahua Full Color kamera, 4MP IP kamera, renkli gece g\u00f6r\u00fc\u015fl\u00fc kamera, PoE IP kamera, sesli g\u00fcvenlik kameras\u0131, d\u0131\u015f mek\u00e2n g\u00fcvenlik kameras\u0131, H.265 kamera, ak\u0131ll\u0131 video analizli kamera, Dahua Pro serisi\",\"breadcrumb\":{\"@id\":\"https:\/\/www.megaguvenlik.com\/?product=dahua-ipc-hfw2449m-s-b-pro#breadcrumb\"},\"inLanguage\":\"tr\",\"potentialAction\":[{\"@type\":\"ReadAction\",\"target\":[\"https:\/\/www.megaguvenlik.com\/?product=dahua-ipc-hfw2449m-s-b-pro\"]}]},{\"@type\":\"ImageObject\",\"inLanguage\":\"tr\",\"@id\":\"https:\/\/www.megaguvenlik.com\/?product=dahua-ipc-hfw2449m-s-b-pro#primaryimage\",\"url\":\"https:\/\/www.megaguvenlik.com\/wp-content\/uploads\/2025\/10\/IPC-HFW2449M-S-B-PRO.jpeg\",\"contentUrl\":\"https:\/\/www.megaguvenlik.com\/wp-content\/uploads\/2025\/10\/IPC-HFW2449M-S-B-PRO.jpeg\",\"width\":225,\"height\":225},{\"@type\":\"BreadcrumbList\",\"@id\":\"https:\/\/www.megaguvenlik.com\/?product=dahua-ipc-hfw2449m-s-b-pro#breadcrumb\",\"itemListElement\":[{\"@type\":\"ListItem\",\"position\":1,\"name\":\"Anasayfa\",\"item\":\"https:\/\/www.megaguvenlik.com\/\"},{\"@type\":\"ListItem\",\"position\":2,\"name\":\"Ma\u011faza\",\"item\":\"https:\/\/www.megaguvenlik.com\/?page_id=323\"},{\"@type\":\"ListItem\",\"position\":3,\"name\":\"DAHUA IPC-HFW2449M-S-B-PRO\"}]},{\"@type\":\"WebSite\",\"@id\":\"https:\/\/www.megaguvenlik.com\/#website\",\"url\":\"https:\/\/www.megaguvenlik.com\/\",\"name\":\"Mega G\u00fcvenlik Sistemleri\",\"description\":\"Kamera | Yang\u0131n Alarm | Network | Acil Anons\",\"potentialAction\":[{\"@type\":\"SearchAction\",\"target\":{\"@type\":\"EntryPoint\",\"urlTemplate\":\"https:\/\/www.megaguvenlik.com\/?s={search_term_string}\"},\"query-input\":{\"@type\":\"PropertyValueSpecification\",\"valueRequired\":true,\"valueName\":\"search_term_string\"}}],\"inLanguage\":\"tr\"}]}<\/script>\n<!-- \/ Yoast SEO plugin. -->","yoast_head_json":{"title":"DAHUA IPC-HFW2449M-S-B-PRO - Mega G\u00fcvenlik Sistemleri","description":"IPC-HFW2449M-S-B-PRO, Dahua Full Color kamera, 4MP IP kamera, renkli gece g\u00f6r\u00fc\u015fl\u00fc kamera, PoE IP kamera, sesli g\u00fcvenlik kameras\u0131, d\u0131\u015f mek\u00e2n g\u00fcvenlik kameras\u0131, H.265 kamera, ak\u0131ll\u0131 video analizli kamera, Dahua Pro serisi","robots":{"index":"index","follow":"follow","max-snippet":"max-snippet:-1","max-image-preview":"max-image-preview:large","max-video-preview":"max-video-preview:-1"},"canonical":"https:\/\/www.megaguvenlik.com\/?product=dahua-ipc-hfw2449m-s-b-pro","og_locale":"tr_TR","og_type":"article","og_title":"DAHUA IPC-HFW2449M-S-B-PRO - Mega G\u00fcvenlik Sistemleri","og_description":"IPC-HFW2449M-S-B-PRO, Dahua Full Color kamera, 4MP IP kamera, renkli gece g\u00f6r\u00fc\u015fl\u00fc kamera, PoE IP kamera, sesli g\u00fcvenlik kameras\u0131, d\u0131\u015f mek\u00e2n g\u00fcvenlik kameras\u0131, H.265 kamera, ak\u0131ll\u0131 video analizli kamera, Dahua Pro serisi","og_url":"https:\/\/www.megaguvenlik.com\/?product=dahua-ipc-hfw2449m-s-b-pro","og_site_name":"Mega G\u00fcvenlik Sistemleri","article_modified_time":"2025-10-09T06:44:35+00:00","og_image":[{"width":225,"height":225,"url":"https:\/\/www.megaguvenlik.com\/wp-content\/uploads\/2025\/10\/IPC-HFW2449M-S-B-PRO.jpeg","type":"image\/jpeg"}],"twitter_card":"summary_large_image","twitter_misc":{"Tahmini okuma s\u00fcresi":"1 dakika"},"schema":{"@context":"https:\/\/schema.org","@graph":[{"@type":"WebPage","@id":"https:\/\/www.megaguvenlik.com\/?product=dahua-ipc-hfw2449m-s-b-pro","url":"https:\/\/www.megaguvenlik.com\/?product=dahua-ipc-hfw2449m-s-b-pro","name":"DAHUA IPC-HFW2449M-S-B-PRO - Mega G\u00fcvenlik Sistemleri","isPartOf":{"@id":"https:\/\/www.megaguvenlik.com\/#website"},"primaryImageOfPage":{"@id":"https:\/\/www.megaguvenlik.com\/?product=dahua-ipc-hfw2449m-s-b-pro#primaryimage"},"image":{"@id":"https:\/\/www.megaguvenlik.com\/?product=dahua-ipc-hfw2449m-s-b-pro#primaryimage"},"thumbnailUrl":"https:\/\/www.megaguvenlik.com\/wp-content\/uploads\/2025\/10\/IPC-HFW2449M-S-B-PRO.jpeg","datePublished":"2025-10-09T06:44:34+00:00","dateModified":"2025-10-09T06:44:35+00:00","description":"IPC-HFW2449M-S-B-PRO, Dahua Full Color kamera, 4MP IP kamera, renkli gece g\u00f6r\u00fc\u015fl\u00fc kamera, PoE IP kamera, sesli g\u00fcvenlik kameras\u0131, d\u0131\u015f mek\u00e2n g\u00fcvenlik kameras\u0131, H.265 kamera, ak\u0131ll\u0131 video analizli kamera, Dahua Pro serisi","breadcrumb":{"@id":"https:\/\/www.megaguvenlik.com\/?product=dahua-ipc-hfw2449m-s-b-pro#breadcrumb"},"inLanguage":"tr","potentialAction":[{"@type":"ReadAction","target":["https:\/\/www.megaguvenlik.com\/?product=dahua-ipc-hfw2449m-s-b-pro"]}]},{"@type":"ImageObject","inLanguage":"tr","@id":"https:\/\/www.megaguvenlik.com\/?product=dahua-ipc-hfw2449m-s-b-pro#primaryimage","url":"https:\/\/www.megaguvenlik.com\/wp-content\/uploads\/2025\/10\/IPC-HFW2449M-S-B-PRO.jpeg","contentUrl":"https:\/\/www.megaguvenlik.com\/wp-content\/uploads\/2025\/10\/IPC-HFW2449M-S-B-PRO.jpeg","width":225,"height":225},{"@type":"BreadcrumbList","@id":"https:\/\/www.megaguvenlik.com\/?product=dahua-ipc-hfw2449m-s-b-pro#breadcrumb","itemListElement":[{"@type":"ListItem","position":1,"name":"Anasayfa","item":"https:\/\/www.megaguvenlik.com\/"},{"@type":"ListItem","position":2,"name":"Ma\u011faza","item":"https:\/\/www.megaguvenlik.com\/?page_id=323"},{"@type":"ListItem","position":3,"name":"DAHUA IPC-HFW2449M-S-B-PRO"}]},{"@type":"WebSite","@id":"https:\/\/www.megaguvenlik.com\/#website","url":"https:\/\/www.megaguvenlik.com\/","name":"Mega G\u00fcvenlik Sistemleri","description":"Kamera | Yang\u0131n Alarm | Network | Acil Anons","potentialAction":[{"@type":"SearchAction","target":{"@type":"EntryPoint","urlTemplate":"https:\/\/www.megaguvenlik.com\/?s={search_term_string}"},"query-input":{"@type":"PropertyValueSpecification","valueRequired":true,"valueName":"search_term_string"}}],"inLanguage":"tr"}]}},"_links":{"self":[{"href":"https:\/\/www.megaguvenlik.com\/index.php?rest_route=\/wp\/v2\/product\/4376","targetHints":{"allow":["GET"]}}],"collection":[{"href":"https:\/\/www.megaguvenlik.com\/index.php?rest_route=\/wp\/v2\/product"}],"about":[{"href":"https:\/\/www.megaguvenlik.com\/index.php?rest_route=\/wp\/v2\/types\/product"}],"replies":[{"embeddable":true,"href":"https:\/\/www.megaguvenlik.com\/index.php?rest_route=%2Fwp%2Fv2%2Fcomments&post=4376"}],"wp:featuredmedia":[{"embeddable":true,"href":"https:\/\/www.megaguvenlik.com\/index.php?rest_route=\/wp\/v2\/media\/4377"}],"wp:attachment":[{"href":"https:\/\/www.megaguvenlik.com\/index.php?rest_route=%2Fwp%2Fv2%2Fmedia&parent=4376"}],"wp:term":[{"taxonomy":"product_brand","embeddable":true,"href":"https:\/\/www.megaguvenlik.com\/index.php?rest_route=%2Fwp%2Fv2%2Fproduct_brand&post=4376"},{"taxonomy":"product_cat","embeddable":true,"href":"https:\/\/www.megaguvenlik.com\/index.php?rest_route=%2Fwp%2Fv2%2Fproduct_cat&post=4376"},{"taxonomy":"product_tag","embeddable":true,"href":"https:\/\/www.megaguvenlik.com\/index.php?rest_route=%2Fwp%2Fv2%2Fproduct_tag&post=4376"}],"curies":[{"name":"wp","href":"https:\/\/api.w.org\/{rel}","templated":true}]}}