{"id":4378,"date":"2025-10-09T09:46:31","date_gmt":"2025-10-09T06:46:31","guid":{"rendered":"https:\/\/www.megaguvenlik.com\/?post_type=product&#038;p=4378"},"modified":"2025-10-09T09:46:32","modified_gmt":"2025-10-09T06:46:32","slug":"dahua-ipc-hfw2449tl-s-led-pro-0360b","status":"publish","type":"product","link":"https:\/\/www.megaguvenlik.com\/?product=dahua-ipc-hfw2449tl-s-led-pro-0360b","title":{"rendered":"DAHUA IPC-HFW2449TL-S-LED-PRO\u00ad 0360B"},"content":{"rendered":"<p>4MP WizColor Sabit Odak Network Bullet Kamera Kamera 4MP 1\/1.8&#8243; CMOS sens\u00f6r, 3.6 mm Sabit lens, 4MP@20fps, 1440p@25\/30fps, H.265, y\u00fcksek s\u0131k\u0131\u015ft\u0131rma, 50 m s\u0131cak \u0131\u015f\u0131k ayd\u0131nlatma, Ak\u0131ll\u0131 H.264+\/H.265+, ROI, WDR, 3D NR, HLC, BLC, filigran, Ara\u00e7\/insan s\u0131n\u0131flamal\u0131 \u00e7izgi &amp; giri\u015f alg\u0131lama. Hareket, sabotaj, ses, SD kart, a\u011f hatas\u0131 alg\u0131lama. 256 GB SD kart, 12 VDC \/ PoE, IP67 koruma, Dahili mikrofon, Metal Kasa<\/p>\n","protected":false},"excerpt":{"rendered":"<p>4MP WizColor Sabit Odak Network Bullet Kamera Kamera 4MP 1\/1.8&#8243; CMOS sens\u00f6r, 3.6 mm Sabit lens, 4MP@20fps, 1440p@25\/30fps, H.265, y\u00fcksek s\u0131k\u0131\u015ft\u0131rma, 50 m s\u0131cak \u0131\u015f\u0131k ayd\u0131nlatma, Ak\u0131ll\u0131 H.264+\/H.265+, ROI, WDR, 3D NR, HLC, BLC, filigran, Ara\u00e7\/insan s\u0131n\u0131flamal\u0131 \u00e7izgi &amp; giri\u015f alg\u0131lama. Hareket, sabotaj, ses, SD kart, a\u011f hatas\u0131 alg\u0131lama. 256 GB SD kart, 12 VDC \/ PoE, IP67 koruma, Dahili mikrofon, Metal Kasa<\/p>\n","protected":false},"featured_media":4379,"comment_status":"open","ping_status":"closed","template":"","meta":[],"product_brand":[],"product_cat":[338,236,199],"product_tag":[340,339,341],"class_list":{"0":"post-4378","1":"product","2":"type-product","3":"status-publish","4":"has-post-thumbnail","6":"product_cat-dahua","7":"product_cat-ip-kamera","8":"product_cat-kamera-sistemleri","9":"product_tag-alhua","10":"product_tag-dahua","11":"product_tag-ip-camera","13":"first","14":"instock","15":"taxable","16":"shipping-taxable","17":"product-type-simple"},"yoast_head":"<!-- This site is optimized with the Yoast SEO plugin v26.0 - https:\/\/yoast.com\/wordpress\/plugins\/seo\/ -->\n<title>DAHUA IPC-HFW2449TL-S-LED-PRO\u00ad 0360B - Mega G\u00fcvenlik Sistemleri<\/title>\n<meta name=\"description\" content=\"IPC-HFW2449TL-S-LED-PRO-0360B, Dahua Full Color kamera, 4MP IP kamera, PoE g\u00fcvenlik kameras\u0131, sesli kay\u0131t kameras\u0131, LED ayd\u0131nlatmal\u0131 IP kamera, renkli gece g\u00f6r\u00fc\u015fl\u00fc kamera, d\u0131\u015f mek\u00e2n g\u00fcvenlik kameras\u0131, H.265 IP kamera, ak\u0131ll\u0131 video analizli kamera\" \/>\n<meta name=\"robots\" content=\"index, follow, max-snippet:-1, max-image-preview:large, max-video-preview:-1\" \/>\n<link rel=\"canonical\" href=\"https:\/\/www.megaguvenlik.com\/?product=dahua-ipc-hfw2449tl-s-led-pro-0360b\" \/>\n<meta property=\"og:locale\" content=\"tr_TR\" \/>\n<meta property=\"og:type\" content=\"article\" \/>\n<meta property=\"og:title\" content=\"DAHUA IPC-HFW2449TL-S-LED-PRO\u00ad 0360B - Mega G\u00fcvenlik Sistemleri\" \/>\n<meta property=\"og:description\" content=\"IPC-HFW2449TL-S-LED-PRO-0360B, Dahua Full Color kamera, 4MP IP kamera, PoE g\u00fcvenlik kameras\u0131, sesli kay\u0131t kameras\u0131, LED ayd\u0131nlatmal\u0131 IP kamera, renkli gece g\u00f6r\u00fc\u015fl\u00fc kamera, d\u0131\u015f mek\u00e2n g\u00fcvenlik kameras\u0131, H.265 IP kamera, ak\u0131ll\u0131 video analizli kamera\" \/>\n<meta property=\"og:url\" content=\"https:\/\/www.megaguvenlik.com\/?product=dahua-ipc-hfw2449tl-s-led-pro-0360b\" \/>\n<meta property=\"og:site_name\" content=\"Mega G\u00fcvenlik Sistemleri\" \/>\n<meta property=\"article:modified_time\" content=\"2025-10-09T06:46:32+00:00\" \/>\n<meta property=\"og:image\" content=\"https:\/\/www.megaguvenlik.com\/wp-content\/uploads\/2025\/10\/IPC-HFW2449TL-S-LED-PRO\u00ad-0360B.jpeg\" \/>\n\t<meta property=\"og:image:width\" content=\"225\" \/>\n\t<meta property=\"og:image:height\" content=\"225\" \/>\n\t<meta property=\"og:image:type\" content=\"image\/jpeg\" \/>\n<meta name=\"twitter:card\" content=\"summary_large_image\" \/>\n<meta name=\"twitter:label1\" content=\"Tahmini okuma s\u00fcresi\" \/>\n\t<meta name=\"twitter:data1\" content=\"1 dakika\" \/>\n<script type=\"application\/ld+json\" class=\"yoast-schema-graph\">{\"@context\":\"https:\/\/schema.org\",\"@graph\":[{\"@type\":\"WebPage\",\"@id\":\"https:\/\/www.megaguvenlik.com\/?product=dahua-ipc-hfw2449tl-s-led-pro-0360b\",\"url\":\"https:\/\/www.megaguvenlik.com\/?product=dahua-ipc-hfw2449tl-s-led-pro-0360b\",\"name\":\"DAHUA IPC-HFW2449TL-S-LED-PRO\u00ad 0360B - Mega G\u00fcvenlik Sistemleri\",\"isPartOf\":{\"@id\":\"https:\/\/www.megaguvenlik.com\/#website\"},\"primaryImageOfPage\":{\"@id\":\"https:\/\/www.megaguvenlik.com\/?product=dahua-ipc-hfw2449tl-s-led-pro-0360b#primaryimage\"},\"image\":{\"@id\":\"https:\/\/www.megaguvenlik.com\/?product=dahua-ipc-hfw2449tl-s-led-pro-0360b#primaryimage\"},\"thumbnailUrl\":\"https:\/\/www.megaguvenlik.com\/wp-content\/uploads\/2025\/10\/IPC-HFW2449TL-S-LED-PRO\u00ad-0360B.jpeg\",\"datePublished\":\"2025-10-09T06:46:31+00:00\",\"dateModified\":\"2025-10-09T06:46:32+00:00\",\"description\":\"IPC-HFW2449TL-S-LED-PRO-0360B, Dahua Full Color kamera, 4MP IP kamera, PoE g\u00fcvenlik kameras\u0131, sesli kay\u0131t kameras\u0131, LED ayd\u0131nlatmal\u0131 IP kamera, renkli gece g\u00f6r\u00fc\u015fl\u00fc kamera, d\u0131\u015f mek\u00e2n g\u00fcvenlik kameras\u0131, H.265 IP kamera, ak\u0131ll\u0131 video analizli kamera\",\"breadcrumb\":{\"@id\":\"https:\/\/www.megaguvenlik.com\/?product=dahua-ipc-hfw2449tl-s-led-pro-0360b#breadcrumb\"},\"inLanguage\":\"tr\",\"potentialAction\":[{\"@type\":\"ReadAction\",\"target\":[\"https:\/\/www.megaguvenlik.com\/?product=dahua-ipc-hfw2449tl-s-led-pro-0360b\"]}]},{\"@type\":\"ImageObject\",\"inLanguage\":\"tr\",\"@id\":\"https:\/\/www.megaguvenlik.com\/?product=dahua-ipc-hfw2449tl-s-led-pro-0360b#primaryimage\",\"url\":\"https:\/\/www.megaguvenlik.com\/wp-content\/uploads\/2025\/10\/IPC-HFW2449TL-S-LED-PRO\u00ad-0360B.jpeg\",\"contentUrl\":\"https:\/\/www.megaguvenlik.com\/wp-content\/uploads\/2025\/10\/IPC-HFW2449TL-S-LED-PRO\u00ad-0360B.jpeg\",\"width\":225,\"height\":225},{\"@type\":\"BreadcrumbList\",\"@id\":\"https:\/\/www.megaguvenlik.com\/?product=dahua-ipc-hfw2449tl-s-led-pro-0360b#breadcrumb\",\"itemListElement\":[{\"@type\":\"ListItem\",\"position\":1,\"name\":\"Anasayfa\",\"item\":\"https:\/\/www.megaguvenlik.com\/\"},{\"@type\":\"ListItem\",\"position\":2,\"name\":\"Ma\u011faza\",\"item\":\"https:\/\/www.megaguvenlik.com\/?page_id=323\"},{\"@type\":\"ListItem\",\"position\":3,\"name\":\"DAHUA IPC-HFW2449TL-S-LED-PRO\u00ad 0360B\"}]},{\"@type\":\"WebSite\",\"@id\":\"https:\/\/www.megaguvenlik.com\/#website\",\"url\":\"https:\/\/www.megaguvenlik.com\/\",\"name\":\"Mega G\u00fcvenlik Sistemleri\",\"description\":\"Kamera | Yang\u0131n Alarm | Network | Acil Anons\",\"potentialAction\":[{\"@type\":\"SearchAction\",\"target\":{\"@type\":\"EntryPoint\",\"urlTemplate\":\"https:\/\/www.megaguvenlik.com\/?s={search_term_string}\"},\"query-input\":{\"@type\":\"PropertyValueSpecification\",\"valueRequired\":true,\"valueName\":\"search_term_string\"}}],\"inLanguage\":\"tr\"}]}<\/script>\n<!-- \/ Yoast SEO plugin. -->","yoast_head_json":{"title":"DAHUA IPC-HFW2449TL-S-LED-PRO\u00ad 0360B - Mega G\u00fcvenlik Sistemleri","description":"IPC-HFW2449TL-S-LED-PRO-0360B, Dahua Full Color kamera, 4MP IP kamera, PoE g\u00fcvenlik kameras\u0131, sesli kay\u0131t kameras\u0131, LED ayd\u0131nlatmal\u0131 IP kamera, renkli gece g\u00f6r\u00fc\u015fl\u00fc kamera, d\u0131\u015f mek\u00e2n g\u00fcvenlik kameras\u0131, H.265 IP kamera, ak\u0131ll\u0131 video analizli kamera","robots":{"index":"index","follow":"follow","max-snippet":"max-snippet:-1","max-image-preview":"max-image-preview:large","max-video-preview":"max-video-preview:-1"},"canonical":"https:\/\/www.megaguvenlik.com\/?product=dahua-ipc-hfw2449tl-s-led-pro-0360b","og_locale":"tr_TR","og_type":"article","og_title":"DAHUA IPC-HFW2449TL-S-LED-PRO\u00ad 0360B - Mega G\u00fcvenlik Sistemleri","og_description":"IPC-HFW2449TL-S-LED-PRO-0360B, Dahua Full Color kamera, 4MP IP kamera, PoE g\u00fcvenlik kameras\u0131, sesli kay\u0131t kameras\u0131, LED ayd\u0131nlatmal\u0131 IP kamera, renkli gece g\u00f6r\u00fc\u015fl\u00fc kamera, d\u0131\u015f mek\u00e2n g\u00fcvenlik kameras\u0131, H.265 IP kamera, ak\u0131ll\u0131 video analizli kamera","og_url":"https:\/\/www.megaguvenlik.com\/?product=dahua-ipc-hfw2449tl-s-led-pro-0360b","og_site_name":"Mega G\u00fcvenlik Sistemleri","article_modified_time":"2025-10-09T06:46:32+00:00","og_image":[{"width":225,"height":225,"url":"https:\/\/www.megaguvenlik.com\/wp-content\/uploads\/2025\/10\/IPC-HFW2449TL-S-LED-PRO\u00ad-0360B.jpeg","type":"image\/jpeg"}],"twitter_card":"summary_large_image","twitter_misc":{"Tahmini okuma s\u00fcresi":"1 dakika"},"schema":{"@context":"https:\/\/schema.org","@graph":[{"@type":"WebPage","@id":"https:\/\/www.megaguvenlik.com\/?product=dahua-ipc-hfw2449tl-s-led-pro-0360b","url":"https:\/\/www.megaguvenlik.com\/?product=dahua-ipc-hfw2449tl-s-led-pro-0360b","name":"DAHUA IPC-HFW2449TL-S-LED-PRO\u00ad 0360B - Mega G\u00fcvenlik Sistemleri","isPartOf":{"@id":"https:\/\/www.megaguvenlik.com\/#website"},"primaryImageOfPage":{"@id":"https:\/\/www.megaguvenlik.com\/?product=dahua-ipc-hfw2449tl-s-led-pro-0360b#primaryimage"},"image":{"@id":"https:\/\/www.megaguvenlik.com\/?product=dahua-ipc-hfw2449tl-s-led-pro-0360b#primaryimage"},"thumbnailUrl":"https:\/\/www.megaguvenlik.com\/wp-content\/uploads\/2025\/10\/IPC-HFW2449TL-S-LED-PRO\u00ad-0360B.jpeg","datePublished":"2025-10-09T06:46:31+00:00","dateModified":"2025-10-09T06:46:32+00:00","description":"IPC-HFW2449TL-S-LED-PRO-0360B, Dahua Full Color kamera, 4MP IP kamera, PoE g\u00fcvenlik kameras\u0131, sesli kay\u0131t kameras\u0131, LED ayd\u0131nlatmal\u0131 IP kamera, renkli gece g\u00f6r\u00fc\u015fl\u00fc kamera, d\u0131\u015f mek\u00e2n g\u00fcvenlik kameras\u0131, H.265 IP kamera, ak\u0131ll\u0131 video analizli kamera","breadcrumb":{"@id":"https:\/\/www.megaguvenlik.com\/?product=dahua-ipc-hfw2449tl-s-led-pro-0360b#breadcrumb"},"inLanguage":"tr","potentialAction":[{"@type":"ReadAction","target":["https:\/\/www.megaguvenlik.com\/?product=dahua-ipc-hfw2449tl-s-led-pro-0360b"]}]},{"@type":"ImageObject","inLanguage":"tr","@id":"https:\/\/www.megaguvenlik.com\/?product=dahua-ipc-hfw2449tl-s-led-pro-0360b#primaryimage","url":"https:\/\/www.megaguvenlik.com\/wp-content\/uploads\/2025\/10\/IPC-HFW2449TL-S-LED-PRO\u00ad-0360B.jpeg","contentUrl":"https:\/\/www.megaguvenlik.com\/wp-content\/uploads\/2025\/10\/IPC-HFW2449TL-S-LED-PRO\u00ad-0360B.jpeg","width":225,"height":225},{"@type":"BreadcrumbList","@id":"https:\/\/www.megaguvenlik.com\/?product=dahua-ipc-hfw2449tl-s-led-pro-0360b#breadcrumb","itemListElement":[{"@type":"ListItem","position":1,"name":"Anasayfa","item":"https:\/\/www.megaguvenlik.com\/"},{"@type":"ListItem","position":2,"name":"Ma\u011faza","item":"https:\/\/www.megaguvenlik.com\/?page_id=323"},{"@type":"ListItem","position":3,"name":"DAHUA IPC-HFW2449TL-S-LED-PRO\u00ad 0360B"}]},{"@type":"WebSite","@id":"https:\/\/www.megaguvenlik.com\/#website","url":"https:\/\/www.megaguvenlik.com\/","name":"Mega G\u00fcvenlik Sistemleri","description":"Kamera | Yang\u0131n Alarm | Network | Acil Anons","potentialAction":[{"@type":"SearchAction","target":{"@type":"EntryPoint","urlTemplate":"https:\/\/www.megaguvenlik.com\/?s={search_term_string}"},"query-input":{"@type":"PropertyValueSpecification","valueRequired":true,"valueName":"search_term_string"}}],"inLanguage":"tr"}]}},"_links":{"self":[{"href":"https:\/\/www.megaguvenlik.com\/index.php?rest_route=\/wp\/v2\/product\/4378","targetHints":{"allow":["GET"]}}],"collection":[{"href":"https:\/\/www.megaguvenlik.com\/index.php?rest_route=\/wp\/v2\/product"}],"about":[{"href":"https:\/\/www.megaguvenlik.com\/index.php?rest_route=\/wp\/v2\/types\/product"}],"replies":[{"embeddable":true,"href":"https:\/\/www.megaguvenlik.com\/index.php?rest_route=%2Fwp%2Fv2%2Fcomments&post=4378"}],"wp:featuredmedia":[{"embeddable":true,"href":"https:\/\/www.megaguvenlik.com\/index.php?rest_route=\/wp\/v2\/media\/4379"}],"wp:attachment":[{"href":"https:\/\/www.megaguvenlik.com\/index.php?rest_route=%2Fwp%2Fv2%2Fmedia&parent=4378"}],"wp:term":[{"taxonomy":"product_brand","embeddable":true,"href":"https:\/\/www.megaguvenlik.com\/index.php?rest_route=%2Fwp%2Fv2%2Fproduct_brand&post=4378"},{"taxonomy":"product_cat","embeddable":true,"href":"https:\/\/www.megaguvenlik.com\/index.php?rest_route=%2Fwp%2Fv2%2Fproduct_cat&post=4378"},{"taxonomy":"product_tag","embeddable":true,"href":"https:\/\/www.megaguvenlik.com\/index.php?rest_route=%2Fwp%2Fv2%2Fproduct_tag&post=4378"}],"curies":[{"name":"wp","href":"https:\/\/api.w.org\/{rel}","templated":true}]}}