{"id":4384,"date":"2025-10-09T09:53:31","date_gmt":"2025-10-09T06:53:31","guid":{"rendered":"https:\/\/www.megaguvenlik.com\/?post_type=product&#038;p=4384"},"modified":"2025-10-09T09:53:32","modified_gmt":"2025-10-09T06:53:32","slug":"dahua-ipc-hfw2431t-zas-27135-s2","status":"publish","type":"product","link":"https:\/\/www.megaguvenlik.com\/?product=dahua-ipc-hfw2431t-zas-27135-s2","title":{"rendered":"DAHUA IPC-HFW2431T-ZAS-27135-S2"},"content":{"rendered":"<p>4 MP H.265+ IR Bullet Starlight Kamera(60m IR)1 \/ 3 &#8221; CMOS, 2.7mm\u00ad 13.5mm Motorize Lens, 0.008 L\u00fcx RenkliBLC\/HLC\/WDR(120dB), 3DNR, AWB, AGC, ICR, SD-Kart Deste\u011fi(256GB)Tripwire(Sanal S\u0131n\u0131r), Intrusion(Alan \u0130hlali) AnalizIP67, PoE, 20fps@4MP(2688&#215;1520), Alarm Giri\u015f\/\u00c7\u0131k\u0131\u015f: 1\/1, Ses Giri\u015f\/\u00c7\u0131k\u0131\u015f: 1\/1, Metal Kasa<\/p>\n","protected":false},"excerpt":{"rendered":"<p>4 MP H.265+ IR Bullet Starlight Kamera(60m IR)1 \/ 3 &#8221; CMOS, 2.7mm\u00ad 13.5mm Motorize Lens, 0.008 L\u00fcx RenkliBLC\/HLC\/WDR(120dB), 3DNR, AWB, AGC, ICR, SD-Kart Deste\u011fi(256GB)Tripwire(Sanal S\u0131n\u0131r), Intrusion(Alan \u0130hlali) AnalizIP67, PoE, 20fps@4MP(2688&#215;1520), Alarm Giri\u015f\/\u00c7\u0131k\u0131\u015f: 1\/1, Ses Giri\u015f\/\u00c7\u0131k\u0131\u015f: 1\/1, Metal Kasa<\/p>\n","protected":false},"featured_media":4385,"comment_status":"open","ping_status":"closed","template":"","meta":[],"product_brand":[],"product_cat":[338,236,199],"product_tag":[340,339,341],"class_list":{"0":"post-4384","1":"product","2":"type-product","3":"status-publish","4":"has-post-thumbnail","6":"product_cat-dahua","7":"product_cat-ip-kamera","8":"product_cat-kamera-sistemleri","9":"product_tag-alhua","10":"product_tag-dahua","11":"product_tag-ip-camera","13":"first","14":"instock","15":"taxable","16":"shipping-taxable","17":"product-type-simple"},"yoast_head":"<!-- This site is optimized with the Yoast SEO plugin v26.0 - https:\/\/yoast.com\/wordpress\/plugins\/seo\/ -->\n<title>DAHUA IPC-HFW2431T-ZAS-27135-S2 - Mega G\u00fcvenlik Sistemleri<\/title>\n<meta name=\"description\" content=\"IPC-HFW2431T-ZAS-27135-S2, \u00fcst\u00fcn g\u00f6r\u00fcnt\u00fc kalitesi ve geli\u015fmi\u015f ak\u0131ll\u0131 video analiz \u00f6zellikleriyle profesyonel g\u00fcvenlik ihtiya\u00e7lar\u0131na yan\u0131t verir. 4MP \u00e7\u00f6z\u00fcn\u00fcrl\u00fc\u011fe sahip bu IP bullet kamera, de\u011fi\u015fken odakl\u0131 motorize lensi sayesinde geni\u015f alanlar\u0131 y\u00fcksek netlikte izleme olana\u011f\u0131 sunar. Dahili mikrofon, gece g\u00f6r\u00fc\u015f deste\u011fi ve WDR teknolojisi ile karanl\u0131k ortamlarda bile net g\u00f6r\u00fcnt\u00fcler elde edilir. H.265+ s\u0131k\u0131\u015ft\u0131rma teknolojisi, depolama alan\u0131ndan maksimum tasarruf sa\u011flar. Dayan\u0131kl\u0131 metal g\u00f6vdesiyle d\u0131\u015f mekan ko\u015fullar\u0131na kar\u015f\u0131 IP67 koruma standard\u0131nda \u00fcretilmi\u015ftir. IPC-HFW2431T-ZAS-27135-S2, profesyonel g\u00fcvenlik sistemlerinde y\u00fcksek performans ve uzun \u00f6m\u00fcr arayanlar i\u00e7in m\u00fckemmel bir \u00e7\u00f6z\u00fcmd\u00fcr.\" \/>\n<meta name=\"robots\" content=\"index, follow, max-snippet:-1, max-image-preview:large, max-video-preview:-1\" \/>\n<link rel=\"canonical\" href=\"https:\/\/www.megaguvenlik.com\/?product=dahua-ipc-hfw2431t-zas-27135-s2\" \/>\n<meta property=\"og:locale\" content=\"tr_TR\" \/>\n<meta property=\"og:type\" content=\"article\" \/>\n<meta property=\"og:title\" content=\"DAHUA IPC-HFW2431T-ZAS-27135-S2 - Mega G\u00fcvenlik Sistemleri\" \/>\n<meta property=\"og:description\" content=\"IPC-HFW2431T-ZAS-27135-S2, \u00fcst\u00fcn g\u00f6r\u00fcnt\u00fc kalitesi ve geli\u015fmi\u015f ak\u0131ll\u0131 video analiz \u00f6zellikleriyle profesyonel g\u00fcvenlik ihtiya\u00e7lar\u0131na yan\u0131t verir. 4MP \u00e7\u00f6z\u00fcn\u00fcrl\u00fc\u011fe sahip bu IP bullet kamera, de\u011fi\u015fken odakl\u0131 motorize lensi sayesinde geni\u015f alanlar\u0131 y\u00fcksek netlikte izleme olana\u011f\u0131 sunar. Dahili mikrofon, gece g\u00f6r\u00fc\u015f deste\u011fi ve WDR teknolojisi ile karanl\u0131k ortamlarda bile net g\u00f6r\u00fcnt\u00fcler elde edilir. H.265+ s\u0131k\u0131\u015ft\u0131rma teknolojisi, depolama alan\u0131ndan maksimum tasarruf sa\u011flar. Dayan\u0131kl\u0131 metal g\u00f6vdesiyle d\u0131\u015f mekan ko\u015fullar\u0131na kar\u015f\u0131 IP67 koruma standard\u0131nda \u00fcretilmi\u015ftir. IPC-HFW2431T-ZAS-27135-S2, profesyonel g\u00fcvenlik sistemlerinde y\u00fcksek performans ve uzun \u00f6m\u00fcr arayanlar i\u00e7in m\u00fckemmel bir \u00e7\u00f6z\u00fcmd\u00fcr.\" \/>\n<meta property=\"og:url\" content=\"https:\/\/www.megaguvenlik.com\/?product=dahua-ipc-hfw2431t-zas-27135-s2\" \/>\n<meta property=\"og:site_name\" content=\"Mega G\u00fcvenlik Sistemleri\" \/>\n<meta property=\"article:modified_time\" content=\"2025-10-09T06:53:32+00:00\" \/>\n<meta property=\"og:image\" content=\"https:\/\/www.megaguvenlik.com\/wp-content\/uploads\/2025\/10\/IPC-HFW2431T-ZAS-27135-S2.jpeg\" \/>\n\t<meta property=\"og:image:width\" content=\"225\" \/>\n\t<meta property=\"og:image:height\" content=\"225\" \/>\n\t<meta property=\"og:image:type\" content=\"image\/jpeg\" \/>\n<meta name=\"twitter:card\" content=\"summary_large_image\" \/>\n<meta name=\"twitter:label1\" content=\"Tahmini okuma s\u00fcresi\" \/>\n\t<meta name=\"twitter:data1\" content=\"1 dakika\" \/>\n<script type=\"application\/ld+json\" class=\"yoast-schema-graph\">{\"@context\":\"https:\/\/schema.org\",\"@graph\":[{\"@type\":\"WebPage\",\"@id\":\"https:\/\/www.megaguvenlik.com\/?product=dahua-ipc-hfw2431t-zas-27135-s2\",\"url\":\"https:\/\/www.megaguvenlik.com\/?product=dahua-ipc-hfw2431t-zas-27135-s2\",\"name\":\"DAHUA IPC-HFW2431T-ZAS-27135-S2 - Mega G\u00fcvenlik Sistemleri\",\"isPartOf\":{\"@id\":\"https:\/\/www.megaguvenlik.com\/#website\"},\"primaryImageOfPage\":{\"@id\":\"https:\/\/www.megaguvenlik.com\/?product=dahua-ipc-hfw2431t-zas-27135-s2#primaryimage\"},\"image\":{\"@id\":\"https:\/\/www.megaguvenlik.com\/?product=dahua-ipc-hfw2431t-zas-27135-s2#primaryimage\"},\"thumbnailUrl\":\"https:\/\/www.megaguvenlik.com\/wp-content\/uploads\/2025\/10\/IPC-HFW2431T-ZAS-27135-S2.jpeg\",\"datePublished\":\"2025-10-09T06:53:31+00:00\",\"dateModified\":\"2025-10-09T06:53:32+00:00\",\"description\":\"IPC-HFW2431T-ZAS-27135-S2, \u00fcst\u00fcn g\u00f6r\u00fcnt\u00fc kalitesi ve geli\u015fmi\u015f ak\u0131ll\u0131 video analiz \u00f6zellikleriyle profesyonel g\u00fcvenlik ihtiya\u00e7lar\u0131na yan\u0131t verir. 4MP \u00e7\u00f6z\u00fcn\u00fcrl\u00fc\u011fe sahip bu IP bullet kamera, de\u011fi\u015fken odakl\u0131 motorize lensi sayesinde geni\u015f alanlar\u0131 y\u00fcksek netlikte izleme olana\u011f\u0131 sunar. Dahili mikrofon, gece g\u00f6r\u00fc\u015f deste\u011fi ve WDR teknolojisi ile karanl\u0131k ortamlarda bile net g\u00f6r\u00fcnt\u00fcler elde edilir. H.265+ s\u0131k\u0131\u015ft\u0131rma teknolojisi, depolama alan\u0131ndan maksimum tasarruf sa\u011flar. Dayan\u0131kl\u0131 metal g\u00f6vdesiyle d\u0131\u015f mekan ko\u015fullar\u0131na kar\u015f\u0131 IP67 koruma standard\u0131nda \u00fcretilmi\u015ftir. IPC-HFW2431T-ZAS-27135-S2, profesyonel g\u00fcvenlik sistemlerinde y\u00fcksek performans ve uzun \u00f6m\u00fcr arayanlar i\u00e7in m\u00fckemmel bir \u00e7\u00f6z\u00fcmd\u00fcr.\",\"breadcrumb\":{\"@id\":\"https:\/\/www.megaguvenlik.com\/?product=dahua-ipc-hfw2431t-zas-27135-s2#breadcrumb\"},\"inLanguage\":\"tr\",\"potentialAction\":[{\"@type\":\"ReadAction\",\"target\":[\"https:\/\/www.megaguvenlik.com\/?product=dahua-ipc-hfw2431t-zas-27135-s2\"]}]},{\"@type\":\"ImageObject\",\"inLanguage\":\"tr\",\"@id\":\"https:\/\/www.megaguvenlik.com\/?product=dahua-ipc-hfw2431t-zas-27135-s2#primaryimage\",\"url\":\"https:\/\/www.megaguvenlik.com\/wp-content\/uploads\/2025\/10\/IPC-HFW2431T-ZAS-27135-S2.jpeg\",\"contentUrl\":\"https:\/\/www.megaguvenlik.com\/wp-content\/uploads\/2025\/10\/IPC-HFW2431T-ZAS-27135-S2.jpeg\",\"width\":225,\"height\":225},{\"@type\":\"BreadcrumbList\",\"@id\":\"https:\/\/www.megaguvenlik.com\/?product=dahua-ipc-hfw2431t-zas-27135-s2#breadcrumb\",\"itemListElement\":[{\"@type\":\"ListItem\",\"position\":1,\"name\":\"Anasayfa\",\"item\":\"https:\/\/www.megaguvenlik.com\/\"},{\"@type\":\"ListItem\",\"position\":2,\"name\":\"Ma\u011faza\",\"item\":\"https:\/\/www.megaguvenlik.com\/?page_id=323\"},{\"@type\":\"ListItem\",\"position\":3,\"name\":\"DAHUA IPC-HFW2431T-ZAS-27135-S2\"}]},{\"@type\":\"WebSite\",\"@id\":\"https:\/\/www.megaguvenlik.com\/#website\",\"url\":\"https:\/\/www.megaguvenlik.com\/\",\"name\":\"Mega G\u00fcvenlik Sistemleri\",\"description\":\"Kamera | Yang\u0131n Alarm | Network | Acil Anons\",\"potentialAction\":[{\"@type\":\"SearchAction\",\"target\":{\"@type\":\"EntryPoint\",\"urlTemplate\":\"https:\/\/www.megaguvenlik.com\/?s={search_term_string}\"},\"query-input\":{\"@type\":\"PropertyValueSpecification\",\"valueRequired\":true,\"valueName\":\"search_term_string\"}}],\"inLanguage\":\"tr\"}]}<\/script>\n<!-- \/ Yoast SEO plugin. -->","yoast_head_json":{"title":"DAHUA IPC-HFW2431T-ZAS-27135-S2 - Mega G\u00fcvenlik Sistemleri","description":"IPC-HFW2431T-ZAS-27135-S2, \u00fcst\u00fcn g\u00f6r\u00fcnt\u00fc kalitesi ve geli\u015fmi\u015f ak\u0131ll\u0131 video analiz \u00f6zellikleriyle profesyonel g\u00fcvenlik ihtiya\u00e7lar\u0131na yan\u0131t verir. 4MP \u00e7\u00f6z\u00fcn\u00fcrl\u00fc\u011fe sahip bu IP bullet kamera, de\u011fi\u015fken odakl\u0131 motorize lensi sayesinde geni\u015f alanlar\u0131 y\u00fcksek netlikte izleme olana\u011f\u0131 sunar. Dahili mikrofon, gece g\u00f6r\u00fc\u015f deste\u011fi ve WDR teknolojisi ile karanl\u0131k ortamlarda bile net g\u00f6r\u00fcnt\u00fcler elde edilir. H.265+ s\u0131k\u0131\u015ft\u0131rma teknolojisi, depolama alan\u0131ndan maksimum tasarruf sa\u011flar. Dayan\u0131kl\u0131 metal g\u00f6vdesiyle d\u0131\u015f mekan ko\u015fullar\u0131na kar\u015f\u0131 IP67 koruma standard\u0131nda \u00fcretilmi\u015ftir. IPC-HFW2431T-ZAS-27135-S2, profesyonel g\u00fcvenlik sistemlerinde y\u00fcksek performans ve uzun \u00f6m\u00fcr arayanlar i\u00e7in m\u00fckemmel bir \u00e7\u00f6z\u00fcmd\u00fcr.","robots":{"index":"index","follow":"follow","max-snippet":"max-snippet:-1","max-image-preview":"max-image-preview:large","max-video-preview":"max-video-preview:-1"},"canonical":"https:\/\/www.megaguvenlik.com\/?product=dahua-ipc-hfw2431t-zas-27135-s2","og_locale":"tr_TR","og_type":"article","og_title":"DAHUA IPC-HFW2431T-ZAS-27135-S2 - Mega G\u00fcvenlik Sistemleri","og_description":"IPC-HFW2431T-ZAS-27135-S2, \u00fcst\u00fcn g\u00f6r\u00fcnt\u00fc kalitesi ve geli\u015fmi\u015f ak\u0131ll\u0131 video analiz \u00f6zellikleriyle profesyonel g\u00fcvenlik ihtiya\u00e7lar\u0131na yan\u0131t verir. 4MP \u00e7\u00f6z\u00fcn\u00fcrl\u00fc\u011fe sahip bu IP bullet kamera, de\u011fi\u015fken odakl\u0131 motorize lensi sayesinde geni\u015f alanlar\u0131 y\u00fcksek netlikte izleme olana\u011f\u0131 sunar. Dahili mikrofon, gece g\u00f6r\u00fc\u015f deste\u011fi ve WDR teknolojisi ile karanl\u0131k ortamlarda bile net g\u00f6r\u00fcnt\u00fcler elde edilir. H.265+ s\u0131k\u0131\u015ft\u0131rma teknolojisi, depolama alan\u0131ndan maksimum tasarruf sa\u011flar. Dayan\u0131kl\u0131 metal g\u00f6vdesiyle d\u0131\u015f mekan ko\u015fullar\u0131na kar\u015f\u0131 IP67 koruma standard\u0131nda \u00fcretilmi\u015ftir. IPC-HFW2431T-ZAS-27135-S2, profesyonel g\u00fcvenlik sistemlerinde y\u00fcksek performans ve uzun \u00f6m\u00fcr arayanlar i\u00e7in m\u00fckemmel bir \u00e7\u00f6z\u00fcmd\u00fcr.","og_url":"https:\/\/www.megaguvenlik.com\/?product=dahua-ipc-hfw2431t-zas-27135-s2","og_site_name":"Mega G\u00fcvenlik Sistemleri","article_modified_time":"2025-10-09T06:53:32+00:00","og_image":[{"width":225,"height":225,"url":"https:\/\/www.megaguvenlik.com\/wp-content\/uploads\/2025\/10\/IPC-HFW2431T-ZAS-27135-S2.jpeg","type":"image\/jpeg"}],"twitter_card":"summary_large_image","twitter_misc":{"Tahmini okuma s\u00fcresi":"1 dakika"},"schema":{"@context":"https:\/\/schema.org","@graph":[{"@type":"WebPage","@id":"https:\/\/www.megaguvenlik.com\/?product=dahua-ipc-hfw2431t-zas-27135-s2","url":"https:\/\/www.megaguvenlik.com\/?product=dahua-ipc-hfw2431t-zas-27135-s2","name":"DAHUA IPC-HFW2431T-ZAS-27135-S2 - Mega G\u00fcvenlik Sistemleri","isPartOf":{"@id":"https:\/\/www.megaguvenlik.com\/#website"},"primaryImageOfPage":{"@id":"https:\/\/www.megaguvenlik.com\/?product=dahua-ipc-hfw2431t-zas-27135-s2#primaryimage"},"image":{"@id":"https:\/\/www.megaguvenlik.com\/?product=dahua-ipc-hfw2431t-zas-27135-s2#primaryimage"},"thumbnailUrl":"https:\/\/www.megaguvenlik.com\/wp-content\/uploads\/2025\/10\/IPC-HFW2431T-ZAS-27135-S2.jpeg","datePublished":"2025-10-09T06:53:31+00:00","dateModified":"2025-10-09T06:53:32+00:00","description":"IPC-HFW2431T-ZAS-27135-S2, \u00fcst\u00fcn g\u00f6r\u00fcnt\u00fc kalitesi ve geli\u015fmi\u015f ak\u0131ll\u0131 video analiz \u00f6zellikleriyle profesyonel g\u00fcvenlik ihtiya\u00e7lar\u0131na yan\u0131t verir. 4MP \u00e7\u00f6z\u00fcn\u00fcrl\u00fc\u011fe sahip bu IP bullet kamera, de\u011fi\u015fken odakl\u0131 motorize lensi sayesinde geni\u015f alanlar\u0131 y\u00fcksek netlikte izleme olana\u011f\u0131 sunar. Dahili mikrofon, gece g\u00f6r\u00fc\u015f deste\u011fi ve WDR teknolojisi ile karanl\u0131k ortamlarda bile net g\u00f6r\u00fcnt\u00fcler elde edilir. H.265+ s\u0131k\u0131\u015ft\u0131rma teknolojisi, depolama alan\u0131ndan maksimum tasarruf sa\u011flar. Dayan\u0131kl\u0131 metal g\u00f6vdesiyle d\u0131\u015f mekan ko\u015fullar\u0131na kar\u015f\u0131 IP67 koruma standard\u0131nda \u00fcretilmi\u015ftir. IPC-HFW2431T-ZAS-27135-S2, profesyonel g\u00fcvenlik sistemlerinde y\u00fcksek performans ve uzun \u00f6m\u00fcr arayanlar i\u00e7in m\u00fckemmel bir \u00e7\u00f6z\u00fcmd\u00fcr.","breadcrumb":{"@id":"https:\/\/www.megaguvenlik.com\/?product=dahua-ipc-hfw2431t-zas-27135-s2#breadcrumb"},"inLanguage":"tr","potentialAction":[{"@type":"ReadAction","target":["https:\/\/www.megaguvenlik.com\/?product=dahua-ipc-hfw2431t-zas-27135-s2"]}]},{"@type":"ImageObject","inLanguage":"tr","@id":"https:\/\/www.megaguvenlik.com\/?product=dahua-ipc-hfw2431t-zas-27135-s2#primaryimage","url":"https:\/\/www.megaguvenlik.com\/wp-content\/uploads\/2025\/10\/IPC-HFW2431T-ZAS-27135-S2.jpeg","contentUrl":"https:\/\/www.megaguvenlik.com\/wp-content\/uploads\/2025\/10\/IPC-HFW2431T-ZAS-27135-S2.jpeg","width":225,"height":225},{"@type":"BreadcrumbList","@id":"https:\/\/www.megaguvenlik.com\/?product=dahua-ipc-hfw2431t-zas-27135-s2#breadcrumb","itemListElement":[{"@type":"ListItem","position":1,"name":"Anasayfa","item":"https:\/\/www.megaguvenlik.com\/"},{"@type":"ListItem","position":2,"name":"Ma\u011faza","item":"https:\/\/www.megaguvenlik.com\/?page_id=323"},{"@type":"ListItem","position":3,"name":"DAHUA IPC-HFW2431T-ZAS-27135-S2"}]},{"@type":"WebSite","@id":"https:\/\/www.megaguvenlik.com\/#website","url":"https:\/\/www.megaguvenlik.com\/","name":"Mega G\u00fcvenlik Sistemleri","description":"Kamera | Yang\u0131n Alarm | Network | Acil Anons","potentialAction":[{"@type":"SearchAction","target":{"@type":"EntryPoint","urlTemplate":"https:\/\/www.megaguvenlik.com\/?s={search_term_string}"},"query-input":{"@type":"PropertyValueSpecification","valueRequired":true,"valueName":"search_term_string"}}],"inLanguage":"tr"}]}},"_links":{"self":[{"href":"https:\/\/www.megaguvenlik.com\/index.php?rest_route=\/wp\/v2\/product\/4384","targetHints":{"allow":["GET"]}}],"collection":[{"href":"https:\/\/www.megaguvenlik.com\/index.php?rest_route=\/wp\/v2\/product"}],"about":[{"href":"https:\/\/www.megaguvenlik.com\/index.php?rest_route=\/wp\/v2\/types\/product"}],"replies":[{"embeddable":true,"href":"https:\/\/www.megaguvenlik.com\/index.php?rest_route=%2Fwp%2Fv2%2Fcomments&post=4384"}],"wp:featuredmedia":[{"embeddable":true,"href":"https:\/\/www.megaguvenlik.com\/index.php?rest_route=\/wp\/v2\/media\/4385"}],"wp:attachment":[{"href":"https:\/\/www.megaguvenlik.com\/index.php?rest_route=%2Fwp%2Fv2%2Fmedia&parent=4384"}],"wp:term":[{"taxonomy":"product_brand","embeddable":true,"href":"https:\/\/www.megaguvenlik.com\/index.php?rest_route=%2Fwp%2Fv2%2Fproduct_brand&post=4384"},{"taxonomy":"product_cat","embeddable":true,"href":"https:\/\/www.megaguvenlik.com\/index.php?rest_route=%2Fwp%2Fv2%2Fproduct_cat&post=4384"},{"taxonomy":"product_tag","embeddable":true,"href":"https:\/\/www.megaguvenlik.com\/index.php?rest_route=%2Fwp%2Fv2%2Fproduct_tag&post=4384"}],"curies":[{"name":"wp","href":"https:\/\/api.w.org\/{rel}","templated":true}]}}