{"id":4388,"date":"2025-10-09T10:06:06","date_gmt":"2025-10-09T07:06:06","guid":{"rendered":"https:\/\/www.megaguvenlik.com\/?post_type=product&#038;p=4388"},"modified":"2025-10-09T10:06:07","modified_gmt":"2025-10-09T07:06:07","slug":"dahua-ipc-hfw3449t1-as-pv-0360b-s4","status":"publish","type":"product","link":"https:\/\/www.megaguvenlik.com\/?product=dahua-ipc-hfw3449t1-as-pv-0360b-s4","title":{"rendered":"DAHUA IPC-HFW3449T1-AS-PV-0360B\u00ad S4"},"content":{"rendered":"<p>4 MP Full Color H.265+ Bullet Kamera (30m Tamamlay\u0131c\u0131 \u0131\u015f\u0131k+30m IR)<br \/>\n1 \/ 2.7 &#8221; CMOS, 3.6 mm Sabit Lens, 0.003L\u00fcx Renkli, K\u0131rm\u0131z\u0131 ve Mavi I\u015f\u0131k Deste\u011fi BLC\/HLC\/WDR(120dB), 3DNR, AWB, AGC, ICR, SD Kart<br \/>\nDeste\u011fi(256GB) Sanal S\u0131n\u0131r, Alan \u0130hlali, SMD 4.0 Ak\u0131ll\u0131 Hareket Alg\u0131lama, \u00c7evre Koruma Analizi (\u0130nsan&amp;Ara\u00e7 Ayr\u0131m\u0131) Ak\u0131ll\u0131 Arama ( Se\u00e7ilen \u0130nsan\/Ara\u00e7 g\u00f6re arama ) AI Nvr ile birlikte IP67, PoE, 30fps@4MP(2688&#215;1520), Dahili Mikrofon and hoparl\u00f6r, Metal+Plastik Kasa<\/p>\n","protected":false},"excerpt":{"rendered":"<p>4 MP Full Color H.265+ Bullet Kamera (30m Tamamlay\u0131c\u0131 \u0131\u015f\u0131k+30m IR)<br \/>\n1 \/ 2.7 &#8221; CMOS, 3.6 mm Sabit Lens, 0.003L\u00fcx Renkli, K\u0131rm\u0131z\u0131 ve Mavi I\u015f\u0131k Deste\u011fi BLC\/HLC\/WDR(120dB), 3DNR, AWB, AGC, ICR, SD Kart<br \/>\nDeste\u011fi(256GB) Sanal S\u0131n\u0131r, Alan \u0130hlali, SMD 4.0 Ak\u0131ll\u0131 Hareket Alg\u0131lama, \u00c7evre Koruma Analizi (\u0130nsan&amp;Ara\u00e7 Ayr\u0131m\u0131) Ak\u0131ll\u0131 Arama ( Se\u00e7ilen \u0130nsan\/Ara\u00e7 g\u00f6re arama ) AI Nvr ile birlikte IP67, PoE, 30fps@4MP(2688&#215;1520), Dahili Mikrofon and hoparl\u00f6r, Metal+Plastik Kasa<\/p>\n","protected":false},"featured_media":4389,"comment_status":"open","ping_status":"closed","template":"","meta":[],"product_brand":[],"product_cat":[338,236,199],"product_tag":[340,339,341],"class_list":{"0":"post-4388","1":"product","2":"type-product","3":"status-publish","4":"has-post-thumbnail","6":"product_cat-dahua","7":"product_cat-ip-kamera","8":"product_cat-kamera-sistemleri","9":"product_tag-alhua","10":"product_tag-dahua","11":"product_tag-ip-camera","13":"first","14":"instock","15":"taxable","16":"shipping-taxable","17":"product-type-simple"},"yoast_head":"<!-- This site is optimized with the Yoast SEO plugin v26.0 - https:\/\/yoast.com\/wordpress\/plugins\/seo\/ -->\n<title>DAHUA IPC-HFW3449T1-AS-PV-0360B\u00ad S4 - Mega G\u00fcvenlik Sistemleri<\/title>\n<meta name=\"description\" content=\"IPC-HFW3449T1-AS-PV-0360B-S4, 4MP \u00e7\u00f6z\u00fcn\u00fcrl\u00fck, dahili mikrofon ve ak\u0131ll\u0131 insan\/ara\u00e7 alg\u0131lama \u00f6zellikleriyle profesyonel g\u00fcvenlik sistemleri i\u00e7in \u00fcst\u00fcn performans sunar. Full-color teknolojisi sayesinde d\u00fc\u015f\u00fck \u0131\u015f\u0131k ko\u015fullar\u0131nda bile canl\u0131 ve net renkli g\u00f6r\u00fcnt\u00fcler sa\u011flar. Dahili LED ayd\u0131nlatma ve aktif cayd\u0131rma \u00f6zellikleri (\u0131\u015f\u0131k ve ses uyar\u0131s\u0131) ile g\u00fcvenli\u011fi en \u00fcst d\u00fczeye \u00e7\u0131kar\u0131r. H.265+ s\u0131k\u0131\u015ft\u0131rma teknolojisi, depolama alan\u0131ndan tasarruf sa\u011flarken PoE deste\u011fi kurulumu kolayla\u015ft\u0131r\u0131r. IP67 koruma standard\u0131na sahip sa\u011flam g\u00f6vdesiyle d\u0131\u015f mek\u00e2nlarda uzun \u00f6m\u00fcrl\u00fc kullan\u0131m sunar. IPC-HFW3449T1-AS-PV-0360B-S4, konut, i\u015f yeri ve a\u00e7\u0131k alan g\u00fcvenli\u011fi i\u00e7in g\u00fc\u00e7l\u00fc bir \u00e7\u00f6z\u00fcmd\u00fcr.\" \/>\n<meta name=\"robots\" content=\"index, follow, max-snippet:-1, max-image-preview:large, max-video-preview:-1\" \/>\n<link rel=\"canonical\" href=\"https:\/\/www.megaguvenlik.com\/?product=dahua-ipc-hfw3449t1-as-pv-0360b-s4\" \/>\n<meta property=\"og:locale\" content=\"tr_TR\" \/>\n<meta property=\"og:type\" content=\"article\" \/>\n<meta property=\"og:title\" content=\"DAHUA IPC-HFW3449T1-AS-PV-0360B\u00ad S4 - Mega G\u00fcvenlik Sistemleri\" \/>\n<meta property=\"og:description\" content=\"IPC-HFW3449T1-AS-PV-0360B-S4, 4MP \u00e7\u00f6z\u00fcn\u00fcrl\u00fck, dahili mikrofon ve ak\u0131ll\u0131 insan\/ara\u00e7 alg\u0131lama \u00f6zellikleriyle profesyonel g\u00fcvenlik sistemleri i\u00e7in \u00fcst\u00fcn performans sunar. Full-color teknolojisi sayesinde d\u00fc\u015f\u00fck \u0131\u015f\u0131k ko\u015fullar\u0131nda bile canl\u0131 ve net renkli g\u00f6r\u00fcnt\u00fcler sa\u011flar. Dahili LED ayd\u0131nlatma ve aktif cayd\u0131rma \u00f6zellikleri (\u0131\u015f\u0131k ve ses uyar\u0131s\u0131) ile g\u00fcvenli\u011fi en \u00fcst d\u00fczeye \u00e7\u0131kar\u0131r. H.265+ s\u0131k\u0131\u015ft\u0131rma teknolojisi, depolama alan\u0131ndan tasarruf sa\u011flarken PoE deste\u011fi kurulumu kolayla\u015ft\u0131r\u0131r. IP67 koruma standard\u0131na sahip sa\u011flam g\u00f6vdesiyle d\u0131\u015f mek\u00e2nlarda uzun \u00f6m\u00fcrl\u00fc kullan\u0131m sunar. IPC-HFW3449T1-AS-PV-0360B-S4, konut, i\u015f yeri ve a\u00e7\u0131k alan g\u00fcvenli\u011fi i\u00e7in g\u00fc\u00e7l\u00fc bir \u00e7\u00f6z\u00fcmd\u00fcr.\" \/>\n<meta property=\"og:url\" content=\"https:\/\/www.megaguvenlik.com\/?product=dahua-ipc-hfw3449t1-as-pv-0360b-s4\" \/>\n<meta property=\"og:site_name\" content=\"Mega G\u00fcvenlik Sistemleri\" \/>\n<meta property=\"article:modified_time\" content=\"2025-10-09T07:06:07+00:00\" \/>\n<meta property=\"og:image\" content=\"https:\/\/www.megaguvenlik.com\/wp-content\/uploads\/2025\/10\/IPC-HFW3449T1-AS-PV-0360B\u00ad-S4.jpeg\" \/>\n\t<meta property=\"og:image:width\" content=\"225\" \/>\n\t<meta property=\"og:image:height\" content=\"225\" \/>\n\t<meta property=\"og:image:type\" content=\"image\/jpeg\" \/>\n<meta name=\"twitter:card\" content=\"summary_large_image\" \/>\n<meta name=\"twitter:label1\" content=\"Tahmini okuma s\u00fcresi\" \/>\n\t<meta name=\"twitter:data1\" content=\"1 dakika\" \/>\n<script type=\"application\/ld+json\" class=\"yoast-schema-graph\">{\"@context\":\"https:\/\/schema.org\",\"@graph\":[{\"@type\":\"WebPage\",\"@id\":\"https:\/\/www.megaguvenlik.com\/?product=dahua-ipc-hfw3449t1-as-pv-0360b-s4\",\"url\":\"https:\/\/www.megaguvenlik.com\/?product=dahua-ipc-hfw3449t1-as-pv-0360b-s4\",\"name\":\"DAHUA IPC-HFW3449T1-AS-PV-0360B\u00ad S4 - Mega G\u00fcvenlik Sistemleri\",\"isPartOf\":{\"@id\":\"https:\/\/www.megaguvenlik.com\/#website\"},\"primaryImageOfPage\":{\"@id\":\"https:\/\/www.megaguvenlik.com\/?product=dahua-ipc-hfw3449t1-as-pv-0360b-s4#primaryimage\"},\"image\":{\"@id\":\"https:\/\/www.megaguvenlik.com\/?product=dahua-ipc-hfw3449t1-as-pv-0360b-s4#primaryimage\"},\"thumbnailUrl\":\"https:\/\/www.megaguvenlik.com\/wp-content\/uploads\/2025\/10\/IPC-HFW3449T1-AS-PV-0360B\u00ad-S4.jpeg\",\"datePublished\":\"2025-10-09T07:06:06+00:00\",\"dateModified\":\"2025-10-09T07:06:07+00:00\",\"description\":\"IPC-HFW3449T1-AS-PV-0360B-S4, 4MP \u00e7\u00f6z\u00fcn\u00fcrl\u00fck, dahili mikrofon ve ak\u0131ll\u0131 insan\/ara\u00e7 alg\u0131lama \u00f6zellikleriyle profesyonel g\u00fcvenlik sistemleri i\u00e7in \u00fcst\u00fcn performans sunar. Full-color teknolojisi sayesinde d\u00fc\u015f\u00fck \u0131\u015f\u0131k ko\u015fullar\u0131nda bile canl\u0131 ve net renkli g\u00f6r\u00fcnt\u00fcler sa\u011flar. Dahili LED ayd\u0131nlatma ve aktif cayd\u0131rma \u00f6zellikleri (\u0131\u015f\u0131k ve ses uyar\u0131s\u0131) ile g\u00fcvenli\u011fi en \u00fcst d\u00fczeye \u00e7\u0131kar\u0131r. H.265+ s\u0131k\u0131\u015ft\u0131rma teknolojisi, depolama alan\u0131ndan tasarruf sa\u011flarken PoE deste\u011fi kurulumu kolayla\u015ft\u0131r\u0131r. IP67 koruma standard\u0131na sahip sa\u011flam g\u00f6vdesiyle d\u0131\u015f mek\u00e2nlarda uzun \u00f6m\u00fcrl\u00fc kullan\u0131m sunar. IPC-HFW3449T1-AS-PV-0360B-S4, konut, i\u015f yeri ve a\u00e7\u0131k alan g\u00fcvenli\u011fi i\u00e7in g\u00fc\u00e7l\u00fc bir \u00e7\u00f6z\u00fcmd\u00fcr.\",\"breadcrumb\":{\"@id\":\"https:\/\/www.megaguvenlik.com\/?product=dahua-ipc-hfw3449t1-as-pv-0360b-s4#breadcrumb\"},\"inLanguage\":\"tr\",\"potentialAction\":[{\"@type\":\"ReadAction\",\"target\":[\"https:\/\/www.megaguvenlik.com\/?product=dahua-ipc-hfw3449t1-as-pv-0360b-s4\"]}]},{\"@type\":\"ImageObject\",\"inLanguage\":\"tr\",\"@id\":\"https:\/\/www.megaguvenlik.com\/?product=dahua-ipc-hfw3449t1-as-pv-0360b-s4#primaryimage\",\"url\":\"https:\/\/www.megaguvenlik.com\/wp-content\/uploads\/2025\/10\/IPC-HFW3449T1-AS-PV-0360B\u00ad-S4.jpeg\",\"contentUrl\":\"https:\/\/www.megaguvenlik.com\/wp-content\/uploads\/2025\/10\/IPC-HFW3449T1-AS-PV-0360B\u00ad-S4.jpeg\",\"width\":225,\"height\":225},{\"@type\":\"BreadcrumbList\",\"@id\":\"https:\/\/www.megaguvenlik.com\/?product=dahua-ipc-hfw3449t1-as-pv-0360b-s4#breadcrumb\",\"itemListElement\":[{\"@type\":\"ListItem\",\"position\":1,\"name\":\"Anasayfa\",\"item\":\"https:\/\/www.megaguvenlik.com\/\"},{\"@type\":\"ListItem\",\"position\":2,\"name\":\"Ma\u011faza\",\"item\":\"https:\/\/www.megaguvenlik.com\/?page_id=323\"},{\"@type\":\"ListItem\",\"position\":3,\"name\":\"DAHUA IPC-HFW3449T1-AS-PV-0360B\u00ad S4\"}]},{\"@type\":\"WebSite\",\"@id\":\"https:\/\/www.megaguvenlik.com\/#website\",\"url\":\"https:\/\/www.megaguvenlik.com\/\",\"name\":\"Mega G\u00fcvenlik Sistemleri\",\"description\":\"Kamera | Yang\u0131n Alarm | Network | Acil Anons\",\"potentialAction\":[{\"@type\":\"SearchAction\",\"target\":{\"@type\":\"EntryPoint\",\"urlTemplate\":\"https:\/\/www.megaguvenlik.com\/?s={search_term_string}\"},\"query-input\":{\"@type\":\"PropertyValueSpecification\",\"valueRequired\":true,\"valueName\":\"search_term_string\"}}],\"inLanguage\":\"tr\"}]}<\/script>\n<!-- \/ Yoast SEO plugin. -->","yoast_head_json":{"title":"DAHUA IPC-HFW3449T1-AS-PV-0360B\u00ad S4 - Mega G\u00fcvenlik Sistemleri","description":"IPC-HFW3449T1-AS-PV-0360B-S4, 4MP \u00e7\u00f6z\u00fcn\u00fcrl\u00fck, dahili mikrofon ve ak\u0131ll\u0131 insan\/ara\u00e7 alg\u0131lama \u00f6zellikleriyle profesyonel g\u00fcvenlik sistemleri i\u00e7in \u00fcst\u00fcn performans sunar. Full-color teknolojisi sayesinde d\u00fc\u015f\u00fck \u0131\u015f\u0131k ko\u015fullar\u0131nda bile canl\u0131 ve net renkli g\u00f6r\u00fcnt\u00fcler sa\u011flar. Dahili LED ayd\u0131nlatma ve aktif cayd\u0131rma \u00f6zellikleri (\u0131\u015f\u0131k ve ses uyar\u0131s\u0131) ile g\u00fcvenli\u011fi en \u00fcst d\u00fczeye \u00e7\u0131kar\u0131r. H.265+ s\u0131k\u0131\u015ft\u0131rma teknolojisi, depolama alan\u0131ndan tasarruf sa\u011flarken PoE deste\u011fi kurulumu kolayla\u015ft\u0131r\u0131r. IP67 koruma standard\u0131na sahip sa\u011flam g\u00f6vdesiyle d\u0131\u015f mek\u00e2nlarda uzun \u00f6m\u00fcrl\u00fc kullan\u0131m sunar. IPC-HFW3449T1-AS-PV-0360B-S4, konut, i\u015f yeri ve a\u00e7\u0131k alan g\u00fcvenli\u011fi i\u00e7in g\u00fc\u00e7l\u00fc bir \u00e7\u00f6z\u00fcmd\u00fcr.","robots":{"index":"index","follow":"follow","max-snippet":"max-snippet:-1","max-image-preview":"max-image-preview:large","max-video-preview":"max-video-preview:-1"},"canonical":"https:\/\/www.megaguvenlik.com\/?product=dahua-ipc-hfw3449t1-as-pv-0360b-s4","og_locale":"tr_TR","og_type":"article","og_title":"DAHUA IPC-HFW3449T1-AS-PV-0360B\u00ad S4 - Mega G\u00fcvenlik Sistemleri","og_description":"IPC-HFW3449T1-AS-PV-0360B-S4, 4MP \u00e7\u00f6z\u00fcn\u00fcrl\u00fck, dahili mikrofon ve ak\u0131ll\u0131 insan\/ara\u00e7 alg\u0131lama \u00f6zellikleriyle profesyonel g\u00fcvenlik sistemleri i\u00e7in \u00fcst\u00fcn performans sunar. Full-color teknolojisi sayesinde d\u00fc\u015f\u00fck \u0131\u015f\u0131k ko\u015fullar\u0131nda bile canl\u0131 ve net renkli g\u00f6r\u00fcnt\u00fcler sa\u011flar. Dahili LED ayd\u0131nlatma ve aktif cayd\u0131rma \u00f6zellikleri (\u0131\u015f\u0131k ve ses uyar\u0131s\u0131) ile g\u00fcvenli\u011fi en \u00fcst d\u00fczeye \u00e7\u0131kar\u0131r. H.265+ s\u0131k\u0131\u015ft\u0131rma teknolojisi, depolama alan\u0131ndan tasarruf sa\u011flarken PoE deste\u011fi kurulumu kolayla\u015ft\u0131r\u0131r. IP67 koruma standard\u0131na sahip sa\u011flam g\u00f6vdesiyle d\u0131\u015f mek\u00e2nlarda uzun \u00f6m\u00fcrl\u00fc kullan\u0131m sunar. IPC-HFW3449T1-AS-PV-0360B-S4, konut, i\u015f yeri ve a\u00e7\u0131k alan g\u00fcvenli\u011fi i\u00e7in g\u00fc\u00e7l\u00fc bir \u00e7\u00f6z\u00fcmd\u00fcr.","og_url":"https:\/\/www.megaguvenlik.com\/?product=dahua-ipc-hfw3449t1-as-pv-0360b-s4","og_site_name":"Mega G\u00fcvenlik Sistemleri","article_modified_time":"2025-10-09T07:06:07+00:00","og_image":[{"width":225,"height":225,"url":"https:\/\/www.megaguvenlik.com\/wp-content\/uploads\/2025\/10\/IPC-HFW3449T1-AS-PV-0360B\u00ad-S4.jpeg","type":"image\/jpeg"}],"twitter_card":"summary_large_image","twitter_misc":{"Tahmini okuma s\u00fcresi":"1 dakika"},"schema":{"@context":"https:\/\/schema.org","@graph":[{"@type":"WebPage","@id":"https:\/\/www.megaguvenlik.com\/?product=dahua-ipc-hfw3449t1-as-pv-0360b-s4","url":"https:\/\/www.megaguvenlik.com\/?product=dahua-ipc-hfw3449t1-as-pv-0360b-s4","name":"DAHUA IPC-HFW3449T1-AS-PV-0360B\u00ad S4 - Mega G\u00fcvenlik Sistemleri","isPartOf":{"@id":"https:\/\/www.megaguvenlik.com\/#website"},"primaryImageOfPage":{"@id":"https:\/\/www.megaguvenlik.com\/?product=dahua-ipc-hfw3449t1-as-pv-0360b-s4#primaryimage"},"image":{"@id":"https:\/\/www.megaguvenlik.com\/?product=dahua-ipc-hfw3449t1-as-pv-0360b-s4#primaryimage"},"thumbnailUrl":"https:\/\/www.megaguvenlik.com\/wp-content\/uploads\/2025\/10\/IPC-HFW3449T1-AS-PV-0360B\u00ad-S4.jpeg","datePublished":"2025-10-09T07:06:06+00:00","dateModified":"2025-10-09T07:06:07+00:00","description":"IPC-HFW3449T1-AS-PV-0360B-S4, 4MP \u00e7\u00f6z\u00fcn\u00fcrl\u00fck, dahili mikrofon ve ak\u0131ll\u0131 insan\/ara\u00e7 alg\u0131lama \u00f6zellikleriyle profesyonel g\u00fcvenlik sistemleri i\u00e7in \u00fcst\u00fcn performans sunar. Full-color teknolojisi sayesinde d\u00fc\u015f\u00fck \u0131\u015f\u0131k ko\u015fullar\u0131nda bile canl\u0131 ve net renkli g\u00f6r\u00fcnt\u00fcler sa\u011flar. Dahili LED ayd\u0131nlatma ve aktif cayd\u0131rma \u00f6zellikleri (\u0131\u015f\u0131k ve ses uyar\u0131s\u0131) ile g\u00fcvenli\u011fi en \u00fcst d\u00fczeye \u00e7\u0131kar\u0131r. H.265+ s\u0131k\u0131\u015ft\u0131rma teknolojisi, depolama alan\u0131ndan tasarruf sa\u011flarken PoE deste\u011fi kurulumu kolayla\u015ft\u0131r\u0131r. IP67 koruma standard\u0131na sahip sa\u011flam g\u00f6vdesiyle d\u0131\u015f mek\u00e2nlarda uzun \u00f6m\u00fcrl\u00fc kullan\u0131m sunar. IPC-HFW3449T1-AS-PV-0360B-S4, konut, i\u015f yeri ve a\u00e7\u0131k alan g\u00fcvenli\u011fi i\u00e7in g\u00fc\u00e7l\u00fc bir \u00e7\u00f6z\u00fcmd\u00fcr.","breadcrumb":{"@id":"https:\/\/www.megaguvenlik.com\/?product=dahua-ipc-hfw3449t1-as-pv-0360b-s4#breadcrumb"},"inLanguage":"tr","potentialAction":[{"@type":"ReadAction","target":["https:\/\/www.megaguvenlik.com\/?product=dahua-ipc-hfw3449t1-as-pv-0360b-s4"]}]},{"@type":"ImageObject","inLanguage":"tr","@id":"https:\/\/www.megaguvenlik.com\/?product=dahua-ipc-hfw3449t1-as-pv-0360b-s4#primaryimage","url":"https:\/\/www.megaguvenlik.com\/wp-content\/uploads\/2025\/10\/IPC-HFW3449T1-AS-PV-0360B\u00ad-S4.jpeg","contentUrl":"https:\/\/www.megaguvenlik.com\/wp-content\/uploads\/2025\/10\/IPC-HFW3449T1-AS-PV-0360B\u00ad-S4.jpeg","width":225,"height":225},{"@type":"BreadcrumbList","@id":"https:\/\/www.megaguvenlik.com\/?product=dahua-ipc-hfw3449t1-as-pv-0360b-s4#breadcrumb","itemListElement":[{"@type":"ListItem","position":1,"name":"Anasayfa","item":"https:\/\/www.megaguvenlik.com\/"},{"@type":"ListItem","position":2,"name":"Ma\u011faza","item":"https:\/\/www.megaguvenlik.com\/?page_id=323"},{"@type":"ListItem","position":3,"name":"DAHUA IPC-HFW3449T1-AS-PV-0360B\u00ad S4"}]},{"@type":"WebSite","@id":"https:\/\/www.megaguvenlik.com\/#website","url":"https:\/\/www.megaguvenlik.com\/","name":"Mega G\u00fcvenlik Sistemleri","description":"Kamera | Yang\u0131n Alarm | Network | Acil Anons","potentialAction":[{"@type":"SearchAction","target":{"@type":"EntryPoint","urlTemplate":"https:\/\/www.megaguvenlik.com\/?s={search_term_string}"},"query-input":{"@type":"PropertyValueSpecification","valueRequired":true,"valueName":"search_term_string"}}],"inLanguage":"tr"}]}},"_links":{"self":[{"href":"https:\/\/www.megaguvenlik.com\/index.php?rest_route=\/wp\/v2\/product\/4388","targetHints":{"allow":["GET"]}}],"collection":[{"href":"https:\/\/www.megaguvenlik.com\/index.php?rest_route=\/wp\/v2\/product"}],"about":[{"href":"https:\/\/www.megaguvenlik.com\/index.php?rest_route=\/wp\/v2\/types\/product"}],"replies":[{"embeddable":true,"href":"https:\/\/www.megaguvenlik.com\/index.php?rest_route=%2Fwp%2Fv2%2Fcomments&post=4388"}],"wp:featuredmedia":[{"embeddable":true,"href":"https:\/\/www.megaguvenlik.com\/index.php?rest_route=\/wp\/v2\/media\/4389"}],"wp:attachment":[{"href":"https:\/\/www.megaguvenlik.com\/index.php?rest_route=%2Fwp%2Fv2%2Fmedia&parent=4388"}],"wp:term":[{"taxonomy":"product_brand","embeddable":true,"href":"https:\/\/www.megaguvenlik.com\/index.php?rest_route=%2Fwp%2Fv2%2Fproduct_brand&post=4388"},{"taxonomy":"product_cat","embeddable":true,"href":"https:\/\/www.megaguvenlik.com\/index.php?rest_route=%2Fwp%2Fv2%2Fproduct_cat&post=4388"},{"taxonomy":"product_tag","embeddable":true,"href":"https:\/\/www.megaguvenlik.com\/index.php?rest_route=%2Fwp%2Fv2%2Fproduct_tag&post=4388"}],"curies":[{"name":"wp","href":"https:\/\/api.w.org\/{rel}","templated":true}]}}