{"id":4396,"date":"2025-10-09T10:22:13","date_gmt":"2025-10-09T07:22:13","guid":{"rendered":"https:\/\/www.megaguvenlik.com\/?post_type=product&#038;p=4396"},"modified":"2025-10-09T10:22:14","modified_gmt":"2025-10-09T07:22:14","slug":"dahua-ipc-hfw7442h-z-2712f-dc12ac24v","status":"publish","type":"product","link":"https:\/\/www.megaguvenlik.com\/?product=dahua-ipc-hfw7442h-z-2712f-dc12ac24v","title":{"rendered":"DAHUA IPC-HFW7442H-Z-2712F DC12AC24V"},"content":{"rendered":"<p>4 MP H.265+ AI IR Bullet Starlight Kamera(60m IR)1 \/ 1.8 &#8221; CMOS, 2.7mm\u00ad 12mm Motorize Lens, 0.001 L\u00fcx Renkli, ePoE destekli(800 metre mesafeli)BLC\/HLC\/WDR(140dB), 3DNR, AWB, AGC, ICR, EIS, DEFOG, 5<br \/>\nAk\u0131\u015f(3&#8217;\u00fc HD),SD-Kart Deste\u011fi(256GB)Yapay Zeka: Y\u00fcz Yakalama, 6 Farkl\u0131 Y\u00fcz \u00d6zelli\u011fi \u00c7\u0131kar\u0131m\u0131(Ya\u015f, Cinsiyet, Y\u00fcz \u0130fadesi(8 Farkl\u0131), G\u00f6zl\u00fck, A\u011f\u0131zda Maske, Sakal&amp;B\u0131y\u0131k), Y\u00fcz A\u00e7\u0131 Filtreleme\u00c7evre Korumas\u0131: (Tripwire(Sanal S\u0131n\u0131r \u0130hlali), Intrusion(Alan \u0130hlali) ve H\u0131zl\u0131 Hareket Alg\u0131lama-\u0130nsan ve Ara\u00e7 olarak s\u0131n\u0131fland\u0131rma), Park Alg\u0131lama, Kalabal\u0131k Olu\u015fumu, Loitering Alg\u0131lamaVideo Metadata: \u0130nsan V\u00fccudu ve Y\u00fcz\u00fc, Motorlu ve Motorsuz Ara\u00e7lar&#8217;dan g\u00f6r\u00fcnt\u00fc yakalama ve \u00f6zellik \u00e7\u0131kar\u0131m\u0131ANPR: Ara\u00e7 Plakas\u0131, Ara\u00e7 Tipi, Ara\u00e7 Rengi, Ara\u00e7 Markas\u0131, G\u00fcne\u015flik, Sigara \u0130\u00e7imi, Emniyet Kemeri, Telefon \u0130le Konu\u015fma, Ara\u00e7\u00ad i\u00e7i Aksesuarlar\u0131, Y\u0131ll\u0131k Ara\u00e7 Muayenesi \u0130\u015fareti Alg\u0131lama Ki\u015fi Sayma: \u00c7izgisel Ki\u015fi Sayma, B\u00f6lgesel Ki\u015fi SaymaKay\u0131p\/Terkedilmi\u015f Nesne Alg\u0131lama, Ak\u0131ll\u0131 NVR ile Ak\u0131ll\u0131 Arama(\u00d6zelliklere G\u00f6re)IP67, IK10, PoE, 50fps@4MP(2688\u00d71520), Alarm Giri\u015f\/\u00c7\u0131k\u0131\u015f: 3\/2, Ses Giri\u015f\/\u00c7\u0131k\u0131\u015f: 1\/1, Metal+Plastik Kasa<\/p>\n","protected":false},"excerpt":{"rendered":"<p>4 MP H.265+ AI IR Bullet Starlight Kamera(60m IR)1 \/ 1.8 &#8221; CMOS, 2.7mm\u00ad 12mm Motorize Lens, 0.001 L\u00fcx Renkli, ePoE destekli(800 metre mesafeli)BLC\/HLC\/WDR(140dB), 3DNR, AWB, AGC, ICR, EIS, DEFOG, 5<br \/>\nAk\u0131\u015f(3&#8217;\u00fc HD),SD-Kart Deste\u011fi(256GB)Yapay Zeka: Y\u00fcz Yakalama, 6 Farkl\u0131 Y\u00fcz \u00d6zelli\u011fi \u00c7\u0131kar\u0131m\u0131(Ya\u015f, Cinsiyet, Y\u00fcz \u0130fadesi(8 Farkl\u0131), G\u00f6zl\u00fck, A\u011f\u0131zda Maske, Sakal&amp;B\u0131y\u0131k), Y\u00fcz A\u00e7\u0131 Filtreleme\u00c7evre Korumas\u0131: (Tripwire(Sanal S\u0131n\u0131r \u0130hlali), Intrusion(Alan \u0130hlali) ve H\u0131zl\u0131 Hareket Alg\u0131lama-\u0130nsan ve Ara\u00e7 olarak s\u0131n\u0131fland\u0131rma), Park Alg\u0131lama, Kalabal\u0131k Olu\u015fumu, Loitering Alg\u0131lamaVideo Metadata: \u0130nsan V\u00fccudu ve Y\u00fcz\u00fc, Motorlu ve Motorsuz Ara\u00e7lar&#8217;dan g\u00f6r\u00fcnt\u00fc yakalama ve \u00f6zellik \u00e7\u0131kar\u0131m\u0131ANPR: Ara\u00e7 Plakas\u0131, Ara\u00e7 Tipi, Ara\u00e7 Rengi, Ara\u00e7 Markas\u0131, G\u00fcne\u015flik, Sigara \u0130\u00e7imi, Emniyet Kemeri, Telefon \u0130le Konu\u015fma, Ara\u00e7\u00ad i\u00e7i Aksesuarlar\u0131, Y\u0131ll\u0131k Ara\u00e7 Muayenesi \u0130\u015fareti Alg\u0131lama Ki\u015fi Sayma: \u00c7izgisel Ki\u015fi Sayma, B\u00f6lgesel Ki\u015fi SaymaKay\u0131p\/Terkedilmi\u015f Nesne Alg\u0131lama, Ak\u0131ll\u0131 NVR ile Ak\u0131ll\u0131 Arama(\u00d6zelliklere G\u00f6re)IP67, IK10, PoE, 50fps@4MP(2688\u00d71520), Alarm Giri\u015f\/\u00c7\u0131k\u0131\u015f: 3\/2, Ses Giri\u015f\/\u00c7\u0131k\u0131\u015f: 1\/1, Metal+Plastik Kasa<\/p>\n","protected":false},"featured_media":4397,"comment_status":"open","ping_status":"closed","template":"","meta":[],"product_brand":[],"product_cat":[338,236,199],"product_tag":[340,339,341],"class_list":{"0":"post-4396","1":"product","2":"type-product","3":"status-publish","4":"has-post-thumbnail","6":"product_cat-dahua","7":"product_cat-ip-kamera","8":"product_cat-kamera-sistemleri","9":"product_tag-alhua","10":"product_tag-dahua","11":"product_tag-ip-camera","13":"first","14":"instock","15":"taxable","16":"shipping-taxable","17":"product-type-simple"},"yoast_head":"<!-- This site is optimized with the Yoast SEO plugin v26.0 - https:\/\/yoast.com\/wordpress\/plugins\/seo\/ -->\n<title>DAHUA IPC-HFW7442H-Z-2712F DC12AC24V - Mega G\u00fcvenlik Sistemleri<\/title>\n<meta name=\"description\" content=\"IPC-HFW7442H-Z-2712F DC12AC24V, 4K ultra y\u00fcksek \u00e7\u00f6z\u00fcn\u00fcrl\u00fck (8MP) ve motorize zoom lensi ile profesyonel g\u00fcvenlik sistemleri i\u00e7in geli\u015ftirilmi\u015f IP bullet kamerad\u0131r. Geli\u015fmi\u015f WDR ve 3D DNR teknolojileri sayesinde ayd\u0131nl\u0131k ve karanl\u0131k ortamlarda net ve detayl\u0131 g\u00f6r\u00fcnt\u00fcler sa\u011flar. H.265+ video s\u0131k\u0131\u015ft\u0131rma deste\u011fi ile depolama alan\u0131ndan tasarruf ederken, PoE ve DC12\/AC24V se\u00e7enekleri sayesinde esnek kurulum imk\u00e2n\u0131 sunar. Dahili mikrofon ile sesli kay\u0131t imk\u00e2n\u0131 sa\u011flayan kamera, IP67 koruma s\u0131n\u0131f\u0131 ile d\u0131\u015f mek\u00e2n ko\u015fullar\u0131na kar\u015f\u0131 dayan\u0131kl\u0131d\u0131r. IPC-HFW7442H-Z-2712F DC12AC24V, otoparklar, geni\u015f a\u00e7\u0131k alanlar ve kritik g\u00fcvenlik gerektiren tesisler i\u00e7in ideal bir \u00e7\u00f6z\u00fcmd\u00fcr.\" \/>\n<meta name=\"robots\" content=\"index, follow, max-snippet:-1, max-image-preview:large, max-video-preview:-1\" \/>\n<link rel=\"canonical\" href=\"https:\/\/www.megaguvenlik.com\/?product=dahua-ipc-hfw7442h-z-2712f-dc12ac24v\" \/>\n<meta property=\"og:locale\" content=\"tr_TR\" \/>\n<meta property=\"og:type\" content=\"article\" \/>\n<meta property=\"og:title\" content=\"DAHUA IPC-HFW7442H-Z-2712F DC12AC24V - Mega G\u00fcvenlik Sistemleri\" \/>\n<meta property=\"og:description\" content=\"IPC-HFW7442H-Z-2712F DC12AC24V, 4K ultra y\u00fcksek \u00e7\u00f6z\u00fcn\u00fcrl\u00fck (8MP) ve motorize zoom lensi ile profesyonel g\u00fcvenlik sistemleri i\u00e7in geli\u015ftirilmi\u015f IP bullet kamerad\u0131r. Geli\u015fmi\u015f WDR ve 3D DNR teknolojileri sayesinde ayd\u0131nl\u0131k ve karanl\u0131k ortamlarda net ve detayl\u0131 g\u00f6r\u00fcnt\u00fcler sa\u011flar. H.265+ video s\u0131k\u0131\u015ft\u0131rma deste\u011fi ile depolama alan\u0131ndan tasarruf ederken, PoE ve DC12\/AC24V se\u00e7enekleri sayesinde esnek kurulum imk\u00e2n\u0131 sunar. Dahili mikrofon ile sesli kay\u0131t imk\u00e2n\u0131 sa\u011flayan kamera, IP67 koruma s\u0131n\u0131f\u0131 ile d\u0131\u015f mek\u00e2n ko\u015fullar\u0131na kar\u015f\u0131 dayan\u0131kl\u0131d\u0131r. IPC-HFW7442H-Z-2712F DC12AC24V, otoparklar, geni\u015f a\u00e7\u0131k alanlar ve kritik g\u00fcvenlik gerektiren tesisler i\u00e7in ideal bir \u00e7\u00f6z\u00fcmd\u00fcr.\" \/>\n<meta property=\"og:url\" content=\"https:\/\/www.megaguvenlik.com\/?product=dahua-ipc-hfw7442h-z-2712f-dc12ac24v\" \/>\n<meta property=\"og:site_name\" content=\"Mega G\u00fcvenlik Sistemleri\" \/>\n<meta property=\"article:modified_time\" content=\"2025-10-09T07:22:14+00:00\" \/>\n<meta property=\"og:image\" content=\"https:\/\/www.megaguvenlik.com\/wp-content\/uploads\/2025\/10\/IPC-HFW7442H-Z-2712F-DC12AC24V.jpeg\" \/>\n\t<meta property=\"og:image:width\" content=\"225\" \/>\n\t<meta property=\"og:image:height\" content=\"225\" \/>\n\t<meta property=\"og:image:type\" content=\"image\/jpeg\" \/>\n<meta name=\"twitter:card\" content=\"summary_large_image\" \/>\n<meta name=\"twitter:label1\" content=\"Tahmini okuma s\u00fcresi\" \/>\n\t<meta name=\"twitter:data1\" content=\"2 dakika\" \/>\n<script type=\"application\/ld+json\" class=\"yoast-schema-graph\">{\"@context\":\"https:\/\/schema.org\",\"@graph\":[{\"@type\":\"WebPage\",\"@id\":\"https:\/\/www.megaguvenlik.com\/?product=dahua-ipc-hfw7442h-z-2712f-dc12ac24v\",\"url\":\"https:\/\/www.megaguvenlik.com\/?product=dahua-ipc-hfw7442h-z-2712f-dc12ac24v\",\"name\":\"DAHUA IPC-HFW7442H-Z-2712F DC12AC24V - Mega G\u00fcvenlik Sistemleri\",\"isPartOf\":{\"@id\":\"https:\/\/www.megaguvenlik.com\/#website\"},\"primaryImageOfPage\":{\"@id\":\"https:\/\/www.megaguvenlik.com\/?product=dahua-ipc-hfw7442h-z-2712f-dc12ac24v#primaryimage\"},\"image\":{\"@id\":\"https:\/\/www.megaguvenlik.com\/?product=dahua-ipc-hfw7442h-z-2712f-dc12ac24v#primaryimage\"},\"thumbnailUrl\":\"https:\/\/www.megaguvenlik.com\/wp-content\/uploads\/2025\/10\/IPC-HFW7442H-Z-2712F-DC12AC24V.jpeg\",\"datePublished\":\"2025-10-09T07:22:13+00:00\",\"dateModified\":\"2025-10-09T07:22:14+00:00\",\"description\":\"IPC-HFW7442H-Z-2712F DC12AC24V, 4K ultra y\u00fcksek \u00e7\u00f6z\u00fcn\u00fcrl\u00fck (8MP) ve motorize zoom lensi ile profesyonel g\u00fcvenlik sistemleri i\u00e7in geli\u015ftirilmi\u015f IP bullet kamerad\u0131r. Geli\u015fmi\u015f WDR ve 3D DNR teknolojileri sayesinde ayd\u0131nl\u0131k ve karanl\u0131k ortamlarda net ve detayl\u0131 g\u00f6r\u00fcnt\u00fcler sa\u011flar. H.265+ video s\u0131k\u0131\u015ft\u0131rma deste\u011fi ile depolama alan\u0131ndan tasarruf ederken, PoE ve DC12\/AC24V se\u00e7enekleri sayesinde esnek kurulum imk\u00e2n\u0131 sunar. Dahili mikrofon ile sesli kay\u0131t imk\u00e2n\u0131 sa\u011flayan kamera, IP67 koruma s\u0131n\u0131f\u0131 ile d\u0131\u015f mek\u00e2n ko\u015fullar\u0131na kar\u015f\u0131 dayan\u0131kl\u0131d\u0131r. IPC-HFW7442H-Z-2712F DC12AC24V, otoparklar, geni\u015f a\u00e7\u0131k alanlar ve kritik g\u00fcvenlik gerektiren tesisler i\u00e7in ideal bir \u00e7\u00f6z\u00fcmd\u00fcr.\",\"breadcrumb\":{\"@id\":\"https:\/\/www.megaguvenlik.com\/?product=dahua-ipc-hfw7442h-z-2712f-dc12ac24v#breadcrumb\"},\"inLanguage\":\"tr\",\"potentialAction\":[{\"@type\":\"ReadAction\",\"target\":[\"https:\/\/www.megaguvenlik.com\/?product=dahua-ipc-hfw7442h-z-2712f-dc12ac24v\"]}]},{\"@type\":\"ImageObject\",\"inLanguage\":\"tr\",\"@id\":\"https:\/\/www.megaguvenlik.com\/?product=dahua-ipc-hfw7442h-z-2712f-dc12ac24v#primaryimage\",\"url\":\"https:\/\/www.megaguvenlik.com\/wp-content\/uploads\/2025\/10\/IPC-HFW7442H-Z-2712F-DC12AC24V.jpeg\",\"contentUrl\":\"https:\/\/www.megaguvenlik.com\/wp-content\/uploads\/2025\/10\/IPC-HFW7442H-Z-2712F-DC12AC24V.jpeg\",\"width\":225,\"height\":225},{\"@type\":\"BreadcrumbList\",\"@id\":\"https:\/\/www.megaguvenlik.com\/?product=dahua-ipc-hfw7442h-z-2712f-dc12ac24v#breadcrumb\",\"itemListElement\":[{\"@type\":\"ListItem\",\"position\":1,\"name\":\"Anasayfa\",\"item\":\"https:\/\/www.megaguvenlik.com\/\"},{\"@type\":\"ListItem\",\"position\":2,\"name\":\"Ma\u011faza\",\"item\":\"https:\/\/www.megaguvenlik.com\/?page_id=323\"},{\"@type\":\"ListItem\",\"position\":3,\"name\":\"DAHUA IPC-HFW7442H-Z-2712F DC12AC24V\"}]},{\"@type\":\"WebSite\",\"@id\":\"https:\/\/www.megaguvenlik.com\/#website\",\"url\":\"https:\/\/www.megaguvenlik.com\/\",\"name\":\"Mega G\u00fcvenlik Sistemleri\",\"description\":\"Kamera | Yang\u0131n Alarm | Network | Acil Anons\",\"potentialAction\":[{\"@type\":\"SearchAction\",\"target\":{\"@type\":\"EntryPoint\",\"urlTemplate\":\"https:\/\/www.megaguvenlik.com\/?s={search_term_string}\"},\"query-input\":{\"@type\":\"PropertyValueSpecification\",\"valueRequired\":true,\"valueName\":\"search_term_string\"}}],\"inLanguage\":\"tr\"}]}<\/script>\n<!-- \/ Yoast SEO plugin. -->","yoast_head_json":{"title":"DAHUA IPC-HFW7442H-Z-2712F DC12AC24V - Mega G\u00fcvenlik Sistemleri","description":"IPC-HFW7442H-Z-2712F DC12AC24V, 4K ultra y\u00fcksek \u00e7\u00f6z\u00fcn\u00fcrl\u00fck (8MP) ve motorize zoom lensi ile profesyonel g\u00fcvenlik sistemleri i\u00e7in geli\u015ftirilmi\u015f IP bullet kamerad\u0131r. Geli\u015fmi\u015f WDR ve 3D DNR teknolojileri sayesinde ayd\u0131nl\u0131k ve karanl\u0131k ortamlarda net ve detayl\u0131 g\u00f6r\u00fcnt\u00fcler sa\u011flar. H.265+ video s\u0131k\u0131\u015ft\u0131rma deste\u011fi ile depolama alan\u0131ndan tasarruf ederken, PoE ve DC12\/AC24V se\u00e7enekleri sayesinde esnek kurulum imk\u00e2n\u0131 sunar. Dahili mikrofon ile sesli kay\u0131t imk\u00e2n\u0131 sa\u011flayan kamera, IP67 koruma s\u0131n\u0131f\u0131 ile d\u0131\u015f mek\u00e2n ko\u015fullar\u0131na kar\u015f\u0131 dayan\u0131kl\u0131d\u0131r. IPC-HFW7442H-Z-2712F DC12AC24V, otoparklar, geni\u015f a\u00e7\u0131k alanlar ve kritik g\u00fcvenlik gerektiren tesisler i\u00e7in ideal bir \u00e7\u00f6z\u00fcmd\u00fcr.","robots":{"index":"index","follow":"follow","max-snippet":"max-snippet:-1","max-image-preview":"max-image-preview:large","max-video-preview":"max-video-preview:-1"},"canonical":"https:\/\/www.megaguvenlik.com\/?product=dahua-ipc-hfw7442h-z-2712f-dc12ac24v","og_locale":"tr_TR","og_type":"article","og_title":"DAHUA IPC-HFW7442H-Z-2712F DC12AC24V - Mega G\u00fcvenlik Sistemleri","og_description":"IPC-HFW7442H-Z-2712F DC12AC24V, 4K ultra y\u00fcksek \u00e7\u00f6z\u00fcn\u00fcrl\u00fck (8MP) ve motorize zoom lensi ile profesyonel g\u00fcvenlik sistemleri i\u00e7in geli\u015ftirilmi\u015f IP bullet kamerad\u0131r. Geli\u015fmi\u015f WDR ve 3D DNR teknolojileri sayesinde ayd\u0131nl\u0131k ve karanl\u0131k ortamlarda net ve detayl\u0131 g\u00f6r\u00fcnt\u00fcler sa\u011flar. H.265+ video s\u0131k\u0131\u015ft\u0131rma deste\u011fi ile depolama alan\u0131ndan tasarruf ederken, PoE ve DC12\/AC24V se\u00e7enekleri sayesinde esnek kurulum imk\u00e2n\u0131 sunar. Dahili mikrofon ile sesli kay\u0131t imk\u00e2n\u0131 sa\u011flayan kamera, IP67 koruma s\u0131n\u0131f\u0131 ile d\u0131\u015f mek\u00e2n ko\u015fullar\u0131na kar\u015f\u0131 dayan\u0131kl\u0131d\u0131r. IPC-HFW7442H-Z-2712F DC12AC24V, otoparklar, geni\u015f a\u00e7\u0131k alanlar ve kritik g\u00fcvenlik gerektiren tesisler i\u00e7in ideal bir \u00e7\u00f6z\u00fcmd\u00fcr.","og_url":"https:\/\/www.megaguvenlik.com\/?product=dahua-ipc-hfw7442h-z-2712f-dc12ac24v","og_site_name":"Mega G\u00fcvenlik Sistemleri","article_modified_time":"2025-10-09T07:22:14+00:00","og_image":[{"width":225,"height":225,"url":"https:\/\/www.megaguvenlik.com\/wp-content\/uploads\/2025\/10\/IPC-HFW7442H-Z-2712F-DC12AC24V.jpeg","type":"image\/jpeg"}],"twitter_card":"summary_large_image","twitter_misc":{"Tahmini okuma s\u00fcresi":"2 dakika"},"schema":{"@context":"https:\/\/schema.org","@graph":[{"@type":"WebPage","@id":"https:\/\/www.megaguvenlik.com\/?product=dahua-ipc-hfw7442h-z-2712f-dc12ac24v","url":"https:\/\/www.megaguvenlik.com\/?product=dahua-ipc-hfw7442h-z-2712f-dc12ac24v","name":"DAHUA IPC-HFW7442H-Z-2712F DC12AC24V - Mega G\u00fcvenlik Sistemleri","isPartOf":{"@id":"https:\/\/www.megaguvenlik.com\/#website"},"primaryImageOfPage":{"@id":"https:\/\/www.megaguvenlik.com\/?product=dahua-ipc-hfw7442h-z-2712f-dc12ac24v#primaryimage"},"image":{"@id":"https:\/\/www.megaguvenlik.com\/?product=dahua-ipc-hfw7442h-z-2712f-dc12ac24v#primaryimage"},"thumbnailUrl":"https:\/\/www.megaguvenlik.com\/wp-content\/uploads\/2025\/10\/IPC-HFW7442H-Z-2712F-DC12AC24V.jpeg","datePublished":"2025-10-09T07:22:13+00:00","dateModified":"2025-10-09T07:22:14+00:00","description":"IPC-HFW7442H-Z-2712F DC12AC24V, 4K ultra y\u00fcksek \u00e7\u00f6z\u00fcn\u00fcrl\u00fck (8MP) ve motorize zoom lensi ile profesyonel g\u00fcvenlik sistemleri i\u00e7in geli\u015ftirilmi\u015f IP bullet kamerad\u0131r. Geli\u015fmi\u015f WDR ve 3D DNR teknolojileri sayesinde ayd\u0131nl\u0131k ve karanl\u0131k ortamlarda net ve detayl\u0131 g\u00f6r\u00fcnt\u00fcler sa\u011flar. H.265+ video s\u0131k\u0131\u015ft\u0131rma deste\u011fi ile depolama alan\u0131ndan tasarruf ederken, PoE ve DC12\/AC24V se\u00e7enekleri sayesinde esnek kurulum imk\u00e2n\u0131 sunar. Dahili mikrofon ile sesli kay\u0131t imk\u00e2n\u0131 sa\u011flayan kamera, IP67 koruma s\u0131n\u0131f\u0131 ile d\u0131\u015f mek\u00e2n ko\u015fullar\u0131na kar\u015f\u0131 dayan\u0131kl\u0131d\u0131r. IPC-HFW7442H-Z-2712F DC12AC24V, otoparklar, geni\u015f a\u00e7\u0131k alanlar ve kritik g\u00fcvenlik gerektiren tesisler i\u00e7in ideal bir \u00e7\u00f6z\u00fcmd\u00fcr.","breadcrumb":{"@id":"https:\/\/www.megaguvenlik.com\/?product=dahua-ipc-hfw7442h-z-2712f-dc12ac24v#breadcrumb"},"inLanguage":"tr","potentialAction":[{"@type":"ReadAction","target":["https:\/\/www.megaguvenlik.com\/?product=dahua-ipc-hfw7442h-z-2712f-dc12ac24v"]}]},{"@type":"ImageObject","inLanguage":"tr","@id":"https:\/\/www.megaguvenlik.com\/?product=dahua-ipc-hfw7442h-z-2712f-dc12ac24v#primaryimage","url":"https:\/\/www.megaguvenlik.com\/wp-content\/uploads\/2025\/10\/IPC-HFW7442H-Z-2712F-DC12AC24V.jpeg","contentUrl":"https:\/\/www.megaguvenlik.com\/wp-content\/uploads\/2025\/10\/IPC-HFW7442H-Z-2712F-DC12AC24V.jpeg","width":225,"height":225},{"@type":"BreadcrumbList","@id":"https:\/\/www.megaguvenlik.com\/?product=dahua-ipc-hfw7442h-z-2712f-dc12ac24v#breadcrumb","itemListElement":[{"@type":"ListItem","position":1,"name":"Anasayfa","item":"https:\/\/www.megaguvenlik.com\/"},{"@type":"ListItem","position":2,"name":"Ma\u011faza","item":"https:\/\/www.megaguvenlik.com\/?page_id=323"},{"@type":"ListItem","position":3,"name":"DAHUA IPC-HFW7442H-Z-2712F DC12AC24V"}]},{"@type":"WebSite","@id":"https:\/\/www.megaguvenlik.com\/#website","url":"https:\/\/www.megaguvenlik.com\/","name":"Mega G\u00fcvenlik Sistemleri","description":"Kamera | Yang\u0131n Alarm | Network | Acil Anons","potentialAction":[{"@type":"SearchAction","target":{"@type":"EntryPoint","urlTemplate":"https:\/\/www.megaguvenlik.com\/?s={search_term_string}"},"query-input":{"@type":"PropertyValueSpecification","valueRequired":true,"valueName":"search_term_string"}}],"inLanguage":"tr"}]}},"_links":{"self":[{"href":"https:\/\/www.megaguvenlik.com\/index.php?rest_route=\/wp\/v2\/product\/4396","targetHints":{"allow":["GET"]}}],"collection":[{"href":"https:\/\/www.megaguvenlik.com\/index.php?rest_route=\/wp\/v2\/product"}],"about":[{"href":"https:\/\/www.megaguvenlik.com\/index.php?rest_route=\/wp\/v2\/types\/product"}],"replies":[{"embeddable":true,"href":"https:\/\/www.megaguvenlik.com\/index.php?rest_route=%2Fwp%2Fv2%2Fcomments&post=4396"}],"wp:featuredmedia":[{"embeddable":true,"href":"https:\/\/www.megaguvenlik.com\/index.php?rest_route=\/wp\/v2\/media\/4397"}],"wp:attachment":[{"href":"https:\/\/www.megaguvenlik.com\/index.php?rest_route=%2Fwp%2Fv2%2Fmedia&parent=4396"}],"wp:term":[{"taxonomy":"product_brand","embeddable":true,"href":"https:\/\/www.megaguvenlik.com\/index.php?rest_route=%2Fwp%2Fv2%2Fproduct_brand&post=4396"},{"taxonomy":"product_cat","embeddable":true,"href":"https:\/\/www.megaguvenlik.com\/index.php?rest_route=%2Fwp%2Fv2%2Fproduct_cat&post=4396"},{"taxonomy":"product_tag","embeddable":true,"href":"https:\/\/www.megaguvenlik.com\/index.php?rest_route=%2Fwp%2Fv2%2Fproduct_tag&post=4396"}],"curies":[{"name":"wp","href":"https:\/\/api.w.org\/{rel}","templated":true}]}}