{"id":4404,"date":"2025-10-09T10:34:01","date_gmt":"2025-10-09T07:34:01","guid":{"rendered":"https:\/\/www.megaguvenlik.com\/?post_type=product&#038;p=4404"},"modified":"2025-10-09T10:34:02","modified_gmt":"2025-10-09T07:34:02","slug":"dahua-ipc-hdbw1431e-0280b-s4","status":"publish","type":"product","link":"https:\/\/www.megaguvenlik.com\/?product=dahua-ipc-hdbw1431e-0280b-s4","title":{"rendered":"DAHUA IPC-HDBW1431E-0280B-S4"},"content":{"rendered":"<article class=\"text-token-text-primary w-full focus:outline-none [--shadow-height:45px] has-data-writing-block:pointer-events-none has-data-writing-block:-mt-(--shadow-height) has-data-writing-block:pt-(--shadow-height) [&amp;:has([data-writing-block])&gt;*]:pointer-events-auto [content-visibility:auto] supports-[content-visibility:auto]:[contain-intrinsic-size:auto_100lvh] scroll-mt-[calc(var(--header-height)+min(200px,max(70px,20svh)))]\" dir=\"auto\" data-turn-id=\"request-WEB:255ef892-b588-4b17-ae8a-a26ebc3ec4ce-17\" data-testid=\"conversation-turn-36\" data-scroll-anchor=\"true\" data-turn=\"assistant\">\n<div class=\"text-base my-auto mx-auto pb-10 [--thread-content-margin:--spacing(4)] thread-sm:[--thread-content-margin:--spacing(6)] thread-lg:[--thread-content-margin:--spacing(16)] px-(--thread-content-margin)\">\n<div class=\"[--thread-content-max-width:40rem] thread-lg:[--thread-content-max-width:48rem] mx-auto max-w-(--thread-content-max-width) flex-1 group\/turn-messages focus-visible:outline-hidden relative flex w-full min-w-0 flex-col agent-turn\">\n<div class=\"flex max-w-full flex-col grow\">\n<div class=\"min-h-8 text-message relative flex w-full flex-col items-end gap-2 text-start break-words whitespace-normal [.text-message+&amp;]:mt-5\" dir=\"auto\" data-message-author-role=\"assistant\" data-message-id=\"9c0cd32c-7569-43db-b2ad-cfa4b6a71d27\" data-message-model-slug=\"gpt-5-mini\">\n<div class=\"flex w-full flex-col gap-1 empty:hidden first:pt-[1px]\">\n<div class=\"markdown prose dark:prose-invert w-full break-words dark markdown-new-styling\"><\/div>\n<\/div>\n<\/div>\n<\/div>\n<div class=\"z-0 flex min-h-[46px] justify-start\">4MP H.265+ IR Dome Kamera (30m IR)1\/3&#8243; CMOS, 2.8mm, 3.6mm Sabit Lens Se\u00e7ene\u011fi,0.03 Lux RenkliBLC\/HLC\/WDR(120dB), 3DNR, AWB, AGC, ICRHareket alg\u0131lama, Sabotaj alarm\u0131IP67,IK10,POE,20fps@4MP(2688 \u00d7 1520), Metal Kasa<\/div>\n<\/div>\n<\/div>\n<\/article>\n","protected":false},"excerpt":{"rendered":"<p>4MP H.265+ IR Dome Kamera (30m IR)1\/3&#8243; CMOS, 2.8mm, 3.6mm Sabit Lens Se\u00e7ene\u011fi,0.03 Lux RenkliBLC\/HLC\/WDR(120dB), 3DNR, AWB, AGC, ICRHareket alg\u0131lama, Sabotaj alarm\u0131IP67,IK10,POE,20fps@4MP(2688 \u00d7 1520), Metal Kasa<\/p>\n","protected":false},"featured_media":4405,"comment_status":"open","ping_status":"closed","template":"","meta":[],"product_brand":[],"product_cat":[338,236,199],"product_tag":[340,339,341],"class_list":{"0":"post-4404","1":"product","2":"type-product","3":"status-publish","4":"has-post-thumbnail","6":"product_cat-dahua","7":"product_cat-ip-kamera","8":"product_cat-kamera-sistemleri","9":"product_tag-alhua","10":"product_tag-dahua","11":"product_tag-ip-camera","13":"first","14":"instock","15":"taxable","16":"shipping-taxable","17":"product-type-simple"},"yoast_head":"<!-- This site is optimized with the Yoast SEO plugin v26.0 - https:\/\/yoast.com\/wordpress\/plugins\/seo\/ -->\n<title>DAHUA IPC-HDBW1431E-0280B-S4 - Mega G\u00fcvenlik Sistemleri<\/title>\n<meta name=\"description\" content=\"IPC-HDBW1431E-0280B-S4, 4MP \u00e7\u00f6z\u00fcn\u00fcrl\u00fck ve sabit lensi ile y\u00fcksek kaliteli IP dome kamera performans\u0131 sunar. Geli\u015fmi\u015f WDR ve 3D DNR teknolojileri sayesinde hem ayd\u0131nl\u0131k hem karanl\u0131k ortamlarda net ve detayl\u0131 g\u00f6r\u00fcnt\u00fc sa\u011flar. H.265+ video s\u0131k\u0131\u015ft\u0131rma deste\u011fi, depolama alan\u0131ndan tasarruf sa\u011flar. Dahili mikrofon ile sesli kay\u0131t yap\u0131labilir ve PoE deste\u011fi sayesinde kolay kurulum imk\u00e2n\u0131 sunar. IP67 sertifikal\u0131 dayan\u0131kl\u0131 g\u00f6vdesi, d\u0131\u015f mek\u00e2n ko\u015fullar\u0131na kar\u015f\u0131 uzun \u00f6m\u00fcrl\u00fc performans sa\u011flar. IPC-HDBW1431E-0280B-S4, ofisler, ma\u011fazalar, siteler ve otoparklar gibi alanlarda profesyonel g\u00fcvenlik i\u00e7in ideal bir \u00e7\u00f6z\u00fcmd\u00fcr.\" \/>\n<meta name=\"robots\" content=\"index, follow, max-snippet:-1, max-image-preview:large, max-video-preview:-1\" \/>\n<link rel=\"canonical\" href=\"https:\/\/www.megaguvenlik.com\/?product=dahua-ipc-hdbw1431e-0280b-s4\" \/>\n<meta property=\"og:locale\" content=\"tr_TR\" \/>\n<meta property=\"og:type\" content=\"article\" \/>\n<meta property=\"og:title\" content=\"DAHUA IPC-HDBW1431E-0280B-S4 - Mega G\u00fcvenlik Sistemleri\" \/>\n<meta property=\"og:description\" content=\"IPC-HDBW1431E-0280B-S4, 4MP \u00e7\u00f6z\u00fcn\u00fcrl\u00fck ve sabit lensi ile y\u00fcksek kaliteli IP dome kamera performans\u0131 sunar. Geli\u015fmi\u015f WDR ve 3D DNR teknolojileri sayesinde hem ayd\u0131nl\u0131k hem karanl\u0131k ortamlarda net ve detayl\u0131 g\u00f6r\u00fcnt\u00fc sa\u011flar. H.265+ video s\u0131k\u0131\u015ft\u0131rma deste\u011fi, depolama alan\u0131ndan tasarruf sa\u011flar. Dahili mikrofon ile sesli kay\u0131t yap\u0131labilir ve PoE deste\u011fi sayesinde kolay kurulum imk\u00e2n\u0131 sunar. IP67 sertifikal\u0131 dayan\u0131kl\u0131 g\u00f6vdesi, d\u0131\u015f mek\u00e2n ko\u015fullar\u0131na kar\u015f\u0131 uzun \u00f6m\u00fcrl\u00fc performans sa\u011flar. IPC-HDBW1431E-0280B-S4, ofisler, ma\u011fazalar, siteler ve otoparklar gibi alanlarda profesyonel g\u00fcvenlik i\u00e7in ideal bir \u00e7\u00f6z\u00fcmd\u00fcr.\" \/>\n<meta property=\"og:url\" content=\"https:\/\/www.megaguvenlik.com\/?product=dahua-ipc-hdbw1431e-0280b-s4\" \/>\n<meta property=\"og:site_name\" content=\"Mega G\u00fcvenlik Sistemleri\" \/>\n<meta property=\"article:modified_time\" content=\"2025-10-09T07:34:02+00:00\" \/>\n<meta property=\"og:image\" content=\"https:\/\/www.megaguvenlik.com\/wp-content\/uploads\/2025\/10\/IPC-HDBW1431E-0280B-S4.jpeg\" \/>\n\t<meta property=\"og:image:width\" content=\"225\" \/>\n\t<meta property=\"og:image:height\" content=\"225\" \/>\n\t<meta property=\"og:image:type\" content=\"image\/jpeg\" \/>\n<meta name=\"twitter:card\" content=\"summary_large_image\" \/>\n<meta name=\"twitter:label1\" content=\"Tahmini okuma s\u00fcresi\" \/>\n\t<meta name=\"twitter:data1\" content=\"1 dakika\" \/>\n<script type=\"application\/ld+json\" class=\"yoast-schema-graph\">{\"@context\":\"https:\/\/schema.org\",\"@graph\":[{\"@type\":\"WebPage\",\"@id\":\"https:\/\/www.megaguvenlik.com\/?product=dahua-ipc-hdbw1431e-0280b-s4\",\"url\":\"https:\/\/www.megaguvenlik.com\/?product=dahua-ipc-hdbw1431e-0280b-s4\",\"name\":\"DAHUA IPC-HDBW1431E-0280B-S4 - Mega G\u00fcvenlik Sistemleri\",\"isPartOf\":{\"@id\":\"https:\/\/www.megaguvenlik.com\/#website\"},\"primaryImageOfPage\":{\"@id\":\"https:\/\/www.megaguvenlik.com\/?product=dahua-ipc-hdbw1431e-0280b-s4#primaryimage\"},\"image\":{\"@id\":\"https:\/\/www.megaguvenlik.com\/?product=dahua-ipc-hdbw1431e-0280b-s4#primaryimage\"},\"thumbnailUrl\":\"https:\/\/www.megaguvenlik.com\/wp-content\/uploads\/2025\/10\/IPC-HDBW1431E-0280B-S4.jpeg\",\"datePublished\":\"2025-10-09T07:34:01+00:00\",\"dateModified\":\"2025-10-09T07:34:02+00:00\",\"description\":\"IPC-HDBW1431E-0280B-S4, 4MP \u00e7\u00f6z\u00fcn\u00fcrl\u00fck ve sabit lensi ile y\u00fcksek kaliteli IP dome kamera performans\u0131 sunar. Geli\u015fmi\u015f WDR ve 3D DNR teknolojileri sayesinde hem ayd\u0131nl\u0131k hem karanl\u0131k ortamlarda net ve detayl\u0131 g\u00f6r\u00fcnt\u00fc sa\u011flar. H.265+ video s\u0131k\u0131\u015ft\u0131rma deste\u011fi, depolama alan\u0131ndan tasarruf sa\u011flar. Dahili mikrofon ile sesli kay\u0131t yap\u0131labilir ve PoE deste\u011fi sayesinde kolay kurulum imk\u00e2n\u0131 sunar. IP67 sertifikal\u0131 dayan\u0131kl\u0131 g\u00f6vdesi, d\u0131\u015f mek\u00e2n ko\u015fullar\u0131na kar\u015f\u0131 uzun \u00f6m\u00fcrl\u00fc performans sa\u011flar. IPC-HDBW1431E-0280B-S4, ofisler, ma\u011fazalar, siteler ve otoparklar gibi alanlarda profesyonel g\u00fcvenlik i\u00e7in ideal bir \u00e7\u00f6z\u00fcmd\u00fcr.\",\"breadcrumb\":{\"@id\":\"https:\/\/www.megaguvenlik.com\/?product=dahua-ipc-hdbw1431e-0280b-s4#breadcrumb\"},\"inLanguage\":\"tr\",\"potentialAction\":[{\"@type\":\"ReadAction\",\"target\":[\"https:\/\/www.megaguvenlik.com\/?product=dahua-ipc-hdbw1431e-0280b-s4\"]}]},{\"@type\":\"ImageObject\",\"inLanguage\":\"tr\",\"@id\":\"https:\/\/www.megaguvenlik.com\/?product=dahua-ipc-hdbw1431e-0280b-s4#primaryimage\",\"url\":\"https:\/\/www.megaguvenlik.com\/wp-content\/uploads\/2025\/10\/IPC-HDBW1431E-0280B-S4.jpeg\",\"contentUrl\":\"https:\/\/www.megaguvenlik.com\/wp-content\/uploads\/2025\/10\/IPC-HDBW1431E-0280B-S4.jpeg\",\"width\":225,\"height\":225},{\"@type\":\"BreadcrumbList\",\"@id\":\"https:\/\/www.megaguvenlik.com\/?product=dahua-ipc-hdbw1431e-0280b-s4#breadcrumb\",\"itemListElement\":[{\"@type\":\"ListItem\",\"position\":1,\"name\":\"Anasayfa\",\"item\":\"https:\/\/www.megaguvenlik.com\/\"},{\"@type\":\"ListItem\",\"position\":2,\"name\":\"Ma\u011faza\",\"item\":\"https:\/\/www.megaguvenlik.com\/?page_id=323\"},{\"@type\":\"ListItem\",\"position\":3,\"name\":\"DAHUA IPC-HDBW1431E-0280B-S4\"}]},{\"@type\":\"WebSite\",\"@id\":\"https:\/\/www.megaguvenlik.com\/#website\",\"url\":\"https:\/\/www.megaguvenlik.com\/\",\"name\":\"Mega G\u00fcvenlik Sistemleri\",\"description\":\"Kamera | Yang\u0131n Alarm | Network | Acil Anons\",\"potentialAction\":[{\"@type\":\"SearchAction\",\"target\":{\"@type\":\"EntryPoint\",\"urlTemplate\":\"https:\/\/www.megaguvenlik.com\/?s={search_term_string}\"},\"query-input\":{\"@type\":\"PropertyValueSpecification\",\"valueRequired\":true,\"valueName\":\"search_term_string\"}}],\"inLanguage\":\"tr\"}]}<\/script>\n<!-- \/ Yoast SEO plugin. -->","yoast_head_json":{"title":"DAHUA IPC-HDBW1431E-0280B-S4 - Mega G\u00fcvenlik Sistemleri","description":"IPC-HDBW1431E-0280B-S4, 4MP \u00e7\u00f6z\u00fcn\u00fcrl\u00fck ve sabit lensi ile y\u00fcksek kaliteli IP dome kamera performans\u0131 sunar. Geli\u015fmi\u015f WDR ve 3D DNR teknolojileri sayesinde hem ayd\u0131nl\u0131k hem karanl\u0131k ortamlarda net ve detayl\u0131 g\u00f6r\u00fcnt\u00fc sa\u011flar. H.265+ video s\u0131k\u0131\u015ft\u0131rma deste\u011fi, depolama alan\u0131ndan tasarruf sa\u011flar. Dahili mikrofon ile sesli kay\u0131t yap\u0131labilir ve PoE deste\u011fi sayesinde kolay kurulum imk\u00e2n\u0131 sunar. IP67 sertifikal\u0131 dayan\u0131kl\u0131 g\u00f6vdesi, d\u0131\u015f mek\u00e2n ko\u015fullar\u0131na kar\u015f\u0131 uzun \u00f6m\u00fcrl\u00fc performans sa\u011flar. IPC-HDBW1431E-0280B-S4, ofisler, ma\u011fazalar, siteler ve otoparklar gibi alanlarda profesyonel g\u00fcvenlik i\u00e7in ideal bir \u00e7\u00f6z\u00fcmd\u00fcr.","robots":{"index":"index","follow":"follow","max-snippet":"max-snippet:-1","max-image-preview":"max-image-preview:large","max-video-preview":"max-video-preview:-1"},"canonical":"https:\/\/www.megaguvenlik.com\/?product=dahua-ipc-hdbw1431e-0280b-s4","og_locale":"tr_TR","og_type":"article","og_title":"DAHUA IPC-HDBW1431E-0280B-S4 - Mega G\u00fcvenlik Sistemleri","og_description":"IPC-HDBW1431E-0280B-S4, 4MP \u00e7\u00f6z\u00fcn\u00fcrl\u00fck ve sabit lensi ile y\u00fcksek kaliteli IP dome kamera performans\u0131 sunar. Geli\u015fmi\u015f WDR ve 3D DNR teknolojileri sayesinde hem ayd\u0131nl\u0131k hem karanl\u0131k ortamlarda net ve detayl\u0131 g\u00f6r\u00fcnt\u00fc sa\u011flar. H.265+ video s\u0131k\u0131\u015ft\u0131rma deste\u011fi, depolama alan\u0131ndan tasarruf sa\u011flar. Dahili mikrofon ile sesli kay\u0131t yap\u0131labilir ve PoE deste\u011fi sayesinde kolay kurulum imk\u00e2n\u0131 sunar. IP67 sertifikal\u0131 dayan\u0131kl\u0131 g\u00f6vdesi, d\u0131\u015f mek\u00e2n ko\u015fullar\u0131na kar\u015f\u0131 uzun \u00f6m\u00fcrl\u00fc performans sa\u011flar. IPC-HDBW1431E-0280B-S4, ofisler, ma\u011fazalar, siteler ve otoparklar gibi alanlarda profesyonel g\u00fcvenlik i\u00e7in ideal bir \u00e7\u00f6z\u00fcmd\u00fcr.","og_url":"https:\/\/www.megaguvenlik.com\/?product=dahua-ipc-hdbw1431e-0280b-s4","og_site_name":"Mega G\u00fcvenlik Sistemleri","article_modified_time":"2025-10-09T07:34:02+00:00","og_image":[{"width":225,"height":225,"url":"https:\/\/www.megaguvenlik.com\/wp-content\/uploads\/2025\/10\/IPC-HDBW1431E-0280B-S4.jpeg","type":"image\/jpeg"}],"twitter_card":"summary_large_image","twitter_misc":{"Tahmini okuma s\u00fcresi":"1 dakika"},"schema":{"@context":"https:\/\/schema.org","@graph":[{"@type":"WebPage","@id":"https:\/\/www.megaguvenlik.com\/?product=dahua-ipc-hdbw1431e-0280b-s4","url":"https:\/\/www.megaguvenlik.com\/?product=dahua-ipc-hdbw1431e-0280b-s4","name":"DAHUA IPC-HDBW1431E-0280B-S4 - Mega G\u00fcvenlik Sistemleri","isPartOf":{"@id":"https:\/\/www.megaguvenlik.com\/#website"},"primaryImageOfPage":{"@id":"https:\/\/www.megaguvenlik.com\/?product=dahua-ipc-hdbw1431e-0280b-s4#primaryimage"},"image":{"@id":"https:\/\/www.megaguvenlik.com\/?product=dahua-ipc-hdbw1431e-0280b-s4#primaryimage"},"thumbnailUrl":"https:\/\/www.megaguvenlik.com\/wp-content\/uploads\/2025\/10\/IPC-HDBW1431E-0280B-S4.jpeg","datePublished":"2025-10-09T07:34:01+00:00","dateModified":"2025-10-09T07:34:02+00:00","description":"IPC-HDBW1431E-0280B-S4, 4MP \u00e7\u00f6z\u00fcn\u00fcrl\u00fck ve sabit lensi ile y\u00fcksek kaliteli IP dome kamera performans\u0131 sunar. Geli\u015fmi\u015f WDR ve 3D DNR teknolojileri sayesinde hem ayd\u0131nl\u0131k hem karanl\u0131k ortamlarda net ve detayl\u0131 g\u00f6r\u00fcnt\u00fc sa\u011flar. H.265+ video s\u0131k\u0131\u015ft\u0131rma deste\u011fi, depolama alan\u0131ndan tasarruf sa\u011flar. Dahili mikrofon ile sesli kay\u0131t yap\u0131labilir ve PoE deste\u011fi sayesinde kolay kurulum imk\u00e2n\u0131 sunar. IP67 sertifikal\u0131 dayan\u0131kl\u0131 g\u00f6vdesi, d\u0131\u015f mek\u00e2n ko\u015fullar\u0131na kar\u015f\u0131 uzun \u00f6m\u00fcrl\u00fc performans sa\u011flar. IPC-HDBW1431E-0280B-S4, ofisler, ma\u011fazalar, siteler ve otoparklar gibi alanlarda profesyonel g\u00fcvenlik i\u00e7in ideal bir \u00e7\u00f6z\u00fcmd\u00fcr.","breadcrumb":{"@id":"https:\/\/www.megaguvenlik.com\/?product=dahua-ipc-hdbw1431e-0280b-s4#breadcrumb"},"inLanguage":"tr","potentialAction":[{"@type":"ReadAction","target":["https:\/\/www.megaguvenlik.com\/?product=dahua-ipc-hdbw1431e-0280b-s4"]}]},{"@type":"ImageObject","inLanguage":"tr","@id":"https:\/\/www.megaguvenlik.com\/?product=dahua-ipc-hdbw1431e-0280b-s4#primaryimage","url":"https:\/\/www.megaguvenlik.com\/wp-content\/uploads\/2025\/10\/IPC-HDBW1431E-0280B-S4.jpeg","contentUrl":"https:\/\/www.megaguvenlik.com\/wp-content\/uploads\/2025\/10\/IPC-HDBW1431E-0280B-S4.jpeg","width":225,"height":225},{"@type":"BreadcrumbList","@id":"https:\/\/www.megaguvenlik.com\/?product=dahua-ipc-hdbw1431e-0280b-s4#breadcrumb","itemListElement":[{"@type":"ListItem","position":1,"name":"Anasayfa","item":"https:\/\/www.megaguvenlik.com\/"},{"@type":"ListItem","position":2,"name":"Ma\u011faza","item":"https:\/\/www.megaguvenlik.com\/?page_id=323"},{"@type":"ListItem","position":3,"name":"DAHUA IPC-HDBW1431E-0280B-S4"}]},{"@type":"WebSite","@id":"https:\/\/www.megaguvenlik.com\/#website","url":"https:\/\/www.megaguvenlik.com\/","name":"Mega G\u00fcvenlik Sistemleri","description":"Kamera | Yang\u0131n Alarm | Network | Acil Anons","potentialAction":[{"@type":"SearchAction","target":{"@type":"EntryPoint","urlTemplate":"https:\/\/www.megaguvenlik.com\/?s={search_term_string}"},"query-input":{"@type":"PropertyValueSpecification","valueRequired":true,"valueName":"search_term_string"}}],"inLanguage":"tr"}]}},"_links":{"self":[{"href":"https:\/\/www.megaguvenlik.com\/index.php?rest_route=\/wp\/v2\/product\/4404","targetHints":{"allow":["GET"]}}],"collection":[{"href":"https:\/\/www.megaguvenlik.com\/index.php?rest_route=\/wp\/v2\/product"}],"about":[{"href":"https:\/\/www.megaguvenlik.com\/index.php?rest_route=\/wp\/v2\/types\/product"}],"replies":[{"embeddable":true,"href":"https:\/\/www.megaguvenlik.com\/index.php?rest_route=%2Fwp%2Fv2%2Fcomments&post=4404"}],"wp:featuredmedia":[{"embeddable":true,"href":"https:\/\/www.megaguvenlik.com\/index.php?rest_route=\/wp\/v2\/media\/4405"}],"wp:attachment":[{"href":"https:\/\/www.megaguvenlik.com\/index.php?rest_route=%2Fwp%2Fv2%2Fmedia&parent=4404"}],"wp:term":[{"taxonomy":"product_brand","embeddable":true,"href":"https:\/\/www.megaguvenlik.com\/index.php?rest_route=%2Fwp%2Fv2%2Fproduct_brand&post=4404"},{"taxonomy":"product_cat","embeddable":true,"href":"https:\/\/www.megaguvenlik.com\/index.php?rest_route=%2Fwp%2Fv2%2Fproduct_cat&post=4404"},{"taxonomy":"product_tag","embeddable":true,"href":"https:\/\/www.megaguvenlik.com\/index.php?rest_route=%2Fwp%2Fv2%2Fproduct_tag&post=4404"}],"curies":[{"name":"wp","href":"https:\/\/api.w.org\/{rel}","templated":true}]}}