{"id":4412,"date":"2025-10-09T10:47:39","date_gmt":"2025-10-09T07:47:39","guid":{"rendered":"https:\/\/www.megaguvenlik.com\/?post_type=product&#038;p=4412"},"modified":"2025-10-09T10:47:39","modified_gmt":"2025-10-09T07:47:39","slug":"dahua-ipc-hdw2431t-as-0280b","status":"publish","type":"product","link":"https:\/\/www.megaguvenlik.com\/?product=dahua-ipc-hdw2431t-as-0280b","title":{"rendered":"DAHUA IPC-HDW2431T-AS-0280B"},"content":{"rendered":"<p>4 MP H.265+ IR Dome Starlight SESL\u0130 Kamera(30m IR) 1 \/ 2.7 &#8221; CMOS, 2.8mm Sabit Lens, 0.008 L\u00fcx Renkli BLC\/HLC\/WDR(120dB), 3DNR, AWB, AGC, ICR, SD Kart Deste\u011fi(256GB) Tripwire(Sanal S\u0131n\u0131r),Intrusion(Alan \u0130hlali) Analiz IP67, PoE, 20fps@5MP(2592&#215;1944), Dahili Mikrofon, Metal Kasa<\/p>\n","protected":false},"excerpt":{"rendered":"<p>4 MP H.265+ IR Dome Starlight SESL\u0130 Kamera(30m IR) 1 \/ 2.7 &#8221; CMOS, 2.8mm Sabit Lens, 0.008 L\u00fcx Renkli BLC\/HLC\/WDR(120dB), 3DNR, AWB, AGC, ICR, SD Kart Deste\u011fi(256GB) Tripwire(Sanal S\u0131n\u0131r),Intrusion(Alan \u0130hlali) Analiz IP67, PoE, 20fps@5MP(2592&#215;1944), Dahili Mikrofon, Metal Kasa<\/p>\n","protected":false},"featured_media":4413,"comment_status":"open","ping_status":"closed","template":"","meta":[],"product_brand":[],"product_cat":[338,236,199],"product_tag":[340,339,341],"class_list":{"0":"post-4412","1":"product","2":"type-product","3":"status-publish","4":"has-post-thumbnail","6":"product_cat-dahua","7":"product_cat-ip-kamera","8":"product_cat-kamera-sistemleri","9":"product_tag-alhua","10":"product_tag-dahua","11":"product_tag-ip-camera","13":"first","14":"instock","15":"taxable","16":"shipping-taxable","17":"product-type-simple"},"yoast_head":"<!-- This site is optimized with the Yoast SEO plugin v26.0 - https:\/\/yoast.com\/wordpress\/plugins\/seo\/ -->\n<title>DAHUA IPC-HDW2431T-AS-0280B - Mega G\u00fcvenlik Sistemleri<\/title>\n<meta name=\"description\" content=\"IPC-HDW2431T-AS-0280B, 4MP y\u00fcksek \u00e7\u00f6z\u00fcn\u00fcrl\u00fck ve g\u00fc\u00e7l\u00fc g\u00f6r\u00fcnt\u00fc i\u015fleme teknolojisiyle profesyonel IP turret kamerad\u0131r. Geli\u015fmi\u015f WDR ve 3D DNR \u00f6zellikleri sayesinde hem ayd\u0131nl\u0131k hem karanl\u0131k ortamlarda net ve detayl\u0131 g\u00f6r\u00fcnt\u00fcler sunar. H.265+ video s\u0131k\u0131\u015ft\u0131rma teknolojisi, depolama alan\u0131ndan maksimum tasarruf sa\u011flar. Dahili mikrofon ile sesli kay\u0131t imk\u00e2n\u0131 sunan kamera, PoE deste\u011fi sayesinde kolay kurulum avantaj\u0131 sa\u011flar. IP67 sertifikal\u0131 sa\u011flam g\u00f6vdesi ile d\u0131\u015f mek\u00e2n ko\u015fullar\u0131na dayan\u0131kl\u0131d\u0131r. IPC-HDW2431T-AS-0280B, ev, ofis, ma\u011faza ve bina \u00e7evresi g\u00fcvenli\u011fi i\u00e7in ideal, y\u00fcksek performansl\u0131 bir \u00e7\u00f6z\u00fcmd\u00fcr.\" \/>\n<meta name=\"robots\" content=\"index, follow, max-snippet:-1, max-image-preview:large, max-video-preview:-1\" \/>\n<link rel=\"canonical\" href=\"https:\/\/www.megaguvenlik.com\/?product=dahua-ipc-hdw2431t-as-0280b\" \/>\n<meta property=\"og:locale\" content=\"tr_TR\" \/>\n<meta property=\"og:type\" content=\"article\" \/>\n<meta property=\"og:title\" content=\"DAHUA IPC-HDW2431T-AS-0280B - Mega G\u00fcvenlik Sistemleri\" \/>\n<meta property=\"og:description\" content=\"IPC-HDW2431T-AS-0280B, 4MP y\u00fcksek \u00e7\u00f6z\u00fcn\u00fcrl\u00fck ve g\u00fc\u00e7l\u00fc g\u00f6r\u00fcnt\u00fc i\u015fleme teknolojisiyle profesyonel IP turret kamerad\u0131r. Geli\u015fmi\u015f WDR ve 3D DNR \u00f6zellikleri sayesinde hem ayd\u0131nl\u0131k hem karanl\u0131k ortamlarda net ve detayl\u0131 g\u00f6r\u00fcnt\u00fcler sunar. H.265+ video s\u0131k\u0131\u015ft\u0131rma teknolojisi, depolama alan\u0131ndan maksimum tasarruf sa\u011flar. Dahili mikrofon ile sesli kay\u0131t imk\u00e2n\u0131 sunan kamera, PoE deste\u011fi sayesinde kolay kurulum avantaj\u0131 sa\u011flar. IP67 sertifikal\u0131 sa\u011flam g\u00f6vdesi ile d\u0131\u015f mek\u00e2n ko\u015fullar\u0131na dayan\u0131kl\u0131d\u0131r. IPC-HDW2431T-AS-0280B, ev, ofis, ma\u011faza ve bina \u00e7evresi g\u00fcvenli\u011fi i\u00e7in ideal, y\u00fcksek performansl\u0131 bir \u00e7\u00f6z\u00fcmd\u00fcr.\" \/>\n<meta property=\"og:url\" content=\"https:\/\/www.megaguvenlik.com\/?product=dahua-ipc-hdw2431t-as-0280b\" \/>\n<meta property=\"og:site_name\" content=\"Mega G\u00fcvenlik Sistemleri\" \/>\n<meta property=\"og:image\" content=\"https:\/\/www.megaguvenlik.com\/wp-content\/uploads\/2025\/10\/IPC-HDW2431T-AS-0280B.jpeg\" \/>\n\t<meta property=\"og:image:width\" content=\"224\" \/>\n\t<meta property=\"og:image:height\" content=\"224\" \/>\n\t<meta property=\"og:image:type\" content=\"image\/jpeg\" \/>\n<meta name=\"twitter:card\" content=\"summary_large_image\" \/>\n<meta name=\"twitter:label1\" content=\"Tahmini okuma s\u00fcresi\" \/>\n\t<meta name=\"twitter:data1\" content=\"1 dakika\" \/>\n<script type=\"application\/ld+json\" class=\"yoast-schema-graph\">{\"@context\":\"https:\/\/schema.org\",\"@graph\":[{\"@type\":\"WebPage\",\"@id\":\"https:\/\/www.megaguvenlik.com\/?product=dahua-ipc-hdw2431t-as-0280b\",\"url\":\"https:\/\/www.megaguvenlik.com\/?product=dahua-ipc-hdw2431t-as-0280b\",\"name\":\"DAHUA IPC-HDW2431T-AS-0280B - Mega G\u00fcvenlik Sistemleri\",\"isPartOf\":{\"@id\":\"https:\/\/www.megaguvenlik.com\/#website\"},\"primaryImageOfPage\":{\"@id\":\"https:\/\/www.megaguvenlik.com\/?product=dahua-ipc-hdw2431t-as-0280b#primaryimage\"},\"image\":{\"@id\":\"https:\/\/www.megaguvenlik.com\/?product=dahua-ipc-hdw2431t-as-0280b#primaryimage\"},\"thumbnailUrl\":\"https:\/\/www.megaguvenlik.com\/wp-content\/uploads\/2025\/10\/IPC-HDW2431T-AS-0280B.jpeg\",\"datePublished\":\"2025-10-09T07:47:39+00:00\",\"description\":\"IPC-HDW2431T-AS-0280B, 4MP y\u00fcksek \u00e7\u00f6z\u00fcn\u00fcrl\u00fck ve g\u00fc\u00e7l\u00fc g\u00f6r\u00fcnt\u00fc i\u015fleme teknolojisiyle profesyonel IP turret kamerad\u0131r. Geli\u015fmi\u015f WDR ve 3D DNR \u00f6zellikleri sayesinde hem ayd\u0131nl\u0131k hem karanl\u0131k ortamlarda net ve detayl\u0131 g\u00f6r\u00fcnt\u00fcler sunar. H.265+ video s\u0131k\u0131\u015ft\u0131rma teknolojisi, depolama alan\u0131ndan maksimum tasarruf sa\u011flar. Dahili mikrofon ile sesli kay\u0131t imk\u00e2n\u0131 sunan kamera, PoE deste\u011fi sayesinde kolay kurulum avantaj\u0131 sa\u011flar. IP67 sertifikal\u0131 sa\u011flam g\u00f6vdesi ile d\u0131\u015f mek\u00e2n ko\u015fullar\u0131na dayan\u0131kl\u0131d\u0131r. IPC-HDW2431T-AS-0280B, ev, ofis, ma\u011faza ve bina \u00e7evresi g\u00fcvenli\u011fi i\u00e7in ideal, y\u00fcksek performansl\u0131 bir \u00e7\u00f6z\u00fcmd\u00fcr.\",\"breadcrumb\":{\"@id\":\"https:\/\/www.megaguvenlik.com\/?product=dahua-ipc-hdw2431t-as-0280b#breadcrumb\"},\"inLanguage\":\"tr\",\"potentialAction\":[{\"@type\":\"ReadAction\",\"target\":[\"https:\/\/www.megaguvenlik.com\/?product=dahua-ipc-hdw2431t-as-0280b\"]}]},{\"@type\":\"ImageObject\",\"inLanguage\":\"tr\",\"@id\":\"https:\/\/www.megaguvenlik.com\/?product=dahua-ipc-hdw2431t-as-0280b#primaryimage\",\"url\":\"https:\/\/www.megaguvenlik.com\/wp-content\/uploads\/2025\/10\/IPC-HDW2431T-AS-0280B.jpeg\",\"contentUrl\":\"https:\/\/www.megaguvenlik.com\/wp-content\/uploads\/2025\/10\/IPC-HDW2431T-AS-0280B.jpeg\",\"width\":224,\"height\":224},{\"@type\":\"BreadcrumbList\",\"@id\":\"https:\/\/www.megaguvenlik.com\/?product=dahua-ipc-hdw2431t-as-0280b#breadcrumb\",\"itemListElement\":[{\"@type\":\"ListItem\",\"position\":1,\"name\":\"Anasayfa\",\"item\":\"https:\/\/www.megaguvenlik.com\/\"},{\"@type\":\"ListItem\",\"position\":2,\"name\":\"Ma\u011faza\",\"item\":\"https:\/\/www.megaguvenlik.com\/?page_id=323\"},{\"@type\":\"ListItem\",\"position\":3,\"name\":\"DAHUA IPC-HDW2431T-AS-0280B\"}]},{\"@type\":\"WebSite\",\"@id\":\"https:\/\/www.megaguvenlik.com\/#website\",\"url\":\"https:\/\/www.megaguvenlik.com\/\",\"name\":\"Mega G\u00fcvenlik Sistemleri\",\"description\":\"Kamera | Yang\u0131n Alarm | Network | Acil Anons\",\"potentialAction\":[{\"@type\":\"SearchAction\",\"target\":{\"@type\":\"EntryPoint\",\"urlTemplate\":\"https:\/\/www.megaguvenlik.com\/?s={search_term_string}\"},\"query-input\":{\"@type\":\"PropertyValueSpecification\",\"valueRequired\":true,\"valueName\":\"search_term_string\"}}],\"inLanguage\":\"tr\"}]}<\/script>\n<!-- \/ Yoast SEO plugin. -->","yoast_head_json":{"title":"DAHUA IPC-HDW2431T-AS-0280B - Mega G\u00fcvenlik Sistemleri","description":"IPC-HDW2431T-AS-0280B, 4MP y\u00fcksek \u00e7\u00f6z\u00fcn\u00fcrl\u00fck ve g\u00fc\u00e7l\u00fc g\u00f6r\u00fcnt\u00fc i\u015fleme teknolojisiyle profesyonel IP turret kamerad\u0131r. Geli\u015fmi\u015f WDR ve 3D DNR \u00f6zellikleri sayesinde hem ayd\u0131nl\u0131k hem karanl\u0131k ortamlarda net ve detayl\u0131 g\u00f6r\u00fcnt\u00fcler sunar. H.265+ video s\u0131k\u0131\u015ft\u0131rma teknolojisi, depolama alan\u0131ndan maksimum tasarruf sa\u011flar. Dahili mikrofon ile sesli kay\u0131t imk\u00e2n\u0131 sunan kamera, PoE deste\u011fi sayesinde kolay kurulum avantaj\u0131 sa\u011flar. IP67 sertifikal\u0131 sa\u011flam g\u00f6vdesi ile d\u0131\u015f mek\u00e2n ko\u015fullar\u0131na dayan\u0131kl\u0131d\u0131r. IPC-HDW2431T-AS-0280B, ev, ofis, ma\u011faza ve bina \u00e7evresi g\u00fcvenli\u011fi i\u00e7in ideal, y\u00fcksek performansl\u0131 bir \u00e7\u00f6z\u00fcmd\u00fcr.","robots":{"index":"index","follow":"follow","max-snippet":"max-snippet:-1","max-image-preview":"max-image-preview:large","max-video-preview":"max-video-preview:-1"},"canonical":"https:\/\/www.megaguvenlik.com\/?product=dahua-ipc-hdw2431t-as-0280b","og_locale":"tr_TR","og_type":"article","og_title":"DAHUA IPC-HDW2431T-AS-0280B - Mega G\u00fcvenlik Sistemleri","og_description":"IPC-HDW2431T-AS-0280B, 4MP y\u00fcksek \u00e7\u00f6z\u00fcn\u00fcrl\u00fck ve g\u00fc\u00e7l\u00fc g\u00f6r\u00fcnt\u00fc i\u015fleme teknolojisiyle profesyonel IP turret kamerad\u0131r. Geli\u015fmi\u015f WDR ve 3D DNR \u00f6zellikleri sayesinde hem ayd\u0131nl\u0131k hem karanl\u0131k ortamlarda net ve detayl\u0131 g\u00f6r\u00fcnt\u00fcler sunar. H.265+ video s\u0131k\u0131\u015ft\u0131rma teknolojisi, depolama alan\u0131ndan maksimum tasarruf sa\u011flar. Dahili mikrofon ile sesli kay\u0131t imk\u00e2n\u0131 sunan kamera, PoE deste\u011fi sayesinde kolay kurulum avantaj\u0131 sa\u011flar. IP67 sertifikal\u0131 sa\u011flam g\u00f6vdesi ile d\u0131\u015f mek\u00e2n ko\u015fullar\u0131na dayan\u0131kl\u0131d\u0131r. IPC-HDW2431T-AS-0280B, ev, ofis, ma\u011faza ve bina \u00e7evresi g\u00fcvenli\u011fi i\u00e7in ideal, y\u00fcksek performansl\u0131 bir \u00e7\u00f6z\u00fcmd\u00fcr.","og_url":"https:\/\/www.megaguvenlik.com\/?product=dahua-ipc-hdw2431t-as-0280b","og_site_name":"Mega G\u00fcvenlik Sistemleri","og_image":[{"width":224,"height":224,"url":"https:\/\/www.megaguvenlik.com\/wp-content\/uploads\/2025\/10\/IPC-HDW2431T-AS-0280B.jpeg","type":"image\/jpeg"}],"twitter_card":"summary_large_image","twitter_misc":{"Tahmini okuma s\u00fcresi":"1 dakika"},"schema":{"@context":"https:\/\/schema.org","@graph":[{"@type":"WebPage","@id":"https:\/\/www.megaguvenlik.com\/?product=dahua-ipc-hdw2431t-as-0280b","url":"https:\/\/www.megaguvenlik.com\/?product=dahua-ipc-hdw2431t-as-0280b","name":"DAHUA IPC-HDW2431T-AS-0280B - Mega G\u00fcvenlik Sistemleri","isPartOf":{"@id":"https:\/\/www.megaguvenlik.com\/#website"},"primaryImageOfPage":{"@id":"https:\/\/www.megaguvenlik.com\/?product=dahua-ipc-hdw2431t-as-0280b#primaryimage"},"image":{"@id":"https:\/\/www.megaguvenlik.com\/?product=dahua-ipc-hdw2431t-as-0280b#primaryimage"},"thumbnailUrl":"https:\/\/www.megaguvenlik.com\/wp-content\/uploads\/2025\/10\/IPC-HDW2431T-AS-0280B.jpeg","datePublished":"2025-10-09T07:47:39+00:00","description":"IPC-HDW2431T-AS-0280B, 4MP y\u00fcksek \u00e7\u00f6z\u00fcn\u00fcrl\u00fck ve g\u00fc\u00e7l\u00fc g\u00f6r\u00fcnt\u00fc i\u015fleme teknolojisiyle profesyonel IP turret kamerad\u0131r. Geli\u015fmi\u015f WDR ve 3D DNR \u00f6zellikleri sayesinde hem ayd\u0131nl\u0131k hem karanl\u0131k ortamlarda net ve detayl\u0131 g\u00f6r\u00fcnt\u00fcler sunar. H.265+ video s\u0131k\u0131\u015ft\u0131rma teknolojisi, depolama alan\u0131ndan maksimum tasarruf sa\u011flar. Dahili mikrofon ile sesli kay\u0131t imk\u00e2n\u0131 sunan kamera, PoE deste\u011fi sayesinde kolay kurulum avantaj\u0131 sa\u011flar. IP67 sertifikal\u0131 sa\u011flam g\u00f6vdesi ile d\u0131\u015f mek\u00e2n ko\u015fullar\u0131na dayan\u0131kl\u0131d\u0131r. IPC-HDW2431T-AS-0280B, ev, ofis, ma\u011faza ve bina \u00e7evresi g\u00fcvenli\u011fi i\u00e7in ideal, y\u00fcksek performansl\u0131 bir \u00e7\u00f6z\u00fcmd\u00fcr.","breadcrumb":{"@id":"https:\/\/www.megaguvenlik.com\/?product=dahua-ipc-hdw2431t-as-0280b#breadcrumb"},"inLanguage":"tr","potentialAction":[{"@type":"ReadAction","target":["https:\/\/www.megaguvenlik.com\/?product=dahua-ipc-hdw2431t-as-0280b"]}]},{"@type":"ImageObject","inLanguage":"tr","@id":"https:\/\/www.megaguvenlik.com\/?product=dahua-ipc-hdw2431t-as-0280b#primaryimage","url":"https:\/\/www.megaguvenlik.com\/wp-content\/uploads\/2025\/10\/IPC-HDW2431T-AS-0280B.jpeg","contentUrl":"https:\/\/www.megaguvenlik.com\/wp-content\/uploads\/2025\/10\/IPC-HDW2431T-AS-0280B.jpeg","width":224,"height":224},{"@type":"BreadcrumbList","@id":"https:\/\/www.megaguvenlik.com\/?product=dahua-ipc-hdw2431t-as-0280b#breadcrumb","itemListElement":[{"@type":"ListItem","position":1,"name":"Anasayfa","item":"https:\/\/www.megaguvenlik.com\/"},{"@type":"ListItem","position":2,"name":"Ma\u011faza","item":"https:\/\/www.megaguvenlik.com\/?page_id=323"},{"@type":"ListItem","position":3,"name":"DAHUA IPC-HDW2431T-AS-0280B"}]},{"@type":"WebSite","@id":"https:\/\/www.megaguvenlik.com\/#website","url":"https:\/\/www.megaguvenlik.com\/","name":"Mega G\u00fcvenlik Sistemleri","description":"Kamera | Yang\u0131n Alarm | Network | Acil Anons","potentialAction":[{"@type":"SearchAction","target":{"@type":"EntryPoint","urlTemplate":"https:\/\/www.megaguvenlik.com\/?s={search_term_string}"},"query-input":{"@type":"PropertyValueSpecification","valueRequired":true,"valueName":"search_term_string"}}],"inLanguage":"tr"}]}},"_links":{"self":[{"href":"https:\/\/www.megaguvenlik.com\/index.php?rest_route=\/wp\/v2\/product\/4412","targetHints":{"allow":["GET"]}}],"collection":[{"href":"https:\/\/www.megaguvenlik.com\/index.php?rest_route=\/wp\/v2\/product"}],"about":[{"href":"https:\/\/www.megaguvenlik.com\/index.php?rest_route=\/wp\/v2\/types\/product"}],"replies":[{"embeddable":true,"href":"https:\/\/www.megaguvenlik.com\/index.php?rest_route=%2Fwp%2Fv2%2Fcomments&post=4412"}],"wp:featuredmedia":[{"embeddable":true,"href":"https:\/\/www.megaguvenlik.com\/index.php?rest_route=\/wp\/v2\/media\/4413"}],"wp:attachment":[{"href":"https:\/\/www.megaguvenlik.com\/index.php?rest_route=%2Fwp%2Fv2%2Fmedia&parent=4412"}],"wp:term":[{"taxonomy":"product_brand","embeddable":true,"href":"https:\/\/www.megaguvenlik.com\/index.php?rest_route=%2Fwp%2Fv2%2Fproduct_brand&post=4412"},{"taxonomy":"product_cat","embeddable":true,"href":"https:\/\/www.megaguvenlik.com\/index.php?rest_route=%2Fwp%2Fv2%2Fproduct_cat&post=4412"},{"taxonomy":"product_tag","embeddable":true,"href":"https:\/\/www.megaguvenlik.com\/index.php?rest_route=%2Fwp%2Fv2%2Fproduct_tag&post=4412"}],"curies":[{"name":"wp","href":"https:\/\/api.w.org\/{rel}","templated":true}]}}