{"id":4416,"date":"2025-10-09T10:54:53","date_gmt":"2025-10-09T07:54:53","guid":{"rendered":"https:\/\/www.megaguvenlik.com\/?post_type=product&#038;p=4416"},"modified":"2025-10-09T10:54:53","modified_gmt":"2025-10-09T07:54:53","slug":"dahua-ipc-hdbw2431e-s-0280b-s2","status":"publish","type":"product","link":"https:\/\/www.megaguvenlik.com\/?product=dahua-ipc-hdbw2431e-s-0280b-s2","title":{"rendered":"DAHUA IPC-HDBW2431E-S-0280B-S2"},"content":{"rendered":"<p>4 MP H.265+ IR Dome Starlight Kamera(30m IR)1 \/ 3 &#8221; CMOS, 2.8mm Sabit<br \/>\nLens, 0.008 L\u00fcx RenkliBLC\/HLC\/WDR(120dB), 3DNR, AWB, AGC, ICR, SD Kart<br \/>\nDeste\u011fi(256GB)Tripwire(Sanal S\u0131n\u0131r),Intrusion(Alan \u0130hlali) AnalizIP67, IK10, PoE, 20fps@4MP(2688 \u00d7 1520), Metal Kasa<\/p>\n","protected":false},"excerpt":{"rendered":"<p>4 MP H.265+ IR Dome Starlight Kamera(30m IR)1 \/ 3 &#8221; CMOS, 2.8mm Sabit<br \/>\nLens, 0.008 L\u00fcx RenkliBLC\/HLC\/WDR(120dB), 3DNR, AWB, AGC, ICR, SD Kart<br \/>\nDeste\u011fi(256GB)Tripwire(Sanal S\u0131n\u0131r),Intrusion(Alan \u0130hlali) AnalizIP67, IK10, PoE, 20fps@4MP(2688 \u00d7 1520), Metal Kasa<\/p>\n","protected":false},"featured_media":4418,"comment_status":"open","ping_status":"closed","template":"","meta":[],"product_brand":[],"product_cat":[338,236,199],"product_tag":[340,339,341],"class_list":{"0":"post-4416","1":"product","2":"type-product","3":"status-publish","4":"has-post-thumbnail","6":"product_cat-dahua","7":"product_cat-ip-kamera","8":"product_cat-kamera-sistemleri","9":"product_tag-alhua","10":"product_tag-dahua","11":"product_tag-ip-camera","13":"first","14":"instock","15":"taxable","16":"shipping-taxable","17":"product-type-simple"},"yoast_head":"<!-- This site is optimized with the Yoast SEO plugin v26.0 - https:\/\/yoast.com\/wordpress\/plugins\/seo\/ -->\n<title>DAHUA IPC-HDBW2431E-S-0280B-S2 - Mega G\u00fcvenlik Sistemleri<\/title>\n<meta name=\"description\" content=\"IPC-HDBW2431E-S-0280B-S2, 4MP \u00e7\u00f6z\u00fcn\u00fcrl\u00fck ve sabit lensiyle y\u00fcksek kaliteli g\u00f6r\u00fcnt\u00fc sunan kompakt IP dome kamerad\u0131r. Geli\u015fmi\u015f WDR ve 3D DNR teknolojileri sayesinde d\u00fc\u015f\u00fck \u0131\u015f\u0131k ko\u015fullar\u0131nda bile net ve keskin g\u00f6r\u00fcnt\u00fcler elde edilir. H.265+ video s\u0131k\u0131\u015ft\u0131rma teknolojisi, depolama alan\u0131ndan tasarruf sa\u011flarken, dahili mikrofon sesli kay\u0131t imk\u00e2n\u0131 sunar. PoE deste\u011fi sayesinde kolay kurulum yap\u0131labilir. IP67 ve IK10 sertifikalar\u0131, kameray\u0131 suya, toza ve darbelere kar\u015f\u0131 koruyarak d\u0131\u015f mek\u00e2n kullan\u0131m\u0131na uygun hale getirir. IPC-HDBW2431E-S-0280B-S2, ofis, ma\u011faza ve bina \u00e7evresi g\u00fcvenli\u011fi i\u00e7in ideal bir profesyonel \u00e7\u00f6z\u00fcmd\u00fcr.\" \/>\n<meta name=\"robots\" content=\"index, follow, max-snippet:-1, max-image-preview:large, max-video-preview:-1\" \/>\n<link rel=\"canonical\" href=\"https:\/\/www.megaguvenlik.com\/?product=dahua-ipc-hdbw2431e-s-0280b-s2\" \/>\n<meta property=\"og:locale\" content=\"tr_TR\" \/>\n<meta property=\"og:type\" content=\"article\" \/>\n<meta property=\"og:title\" content=\"DAHUA IPC-HDBW2431E-S-0280B-S2 - Mega G\u00fcvenlik Sistemleri\" \/>\n<meta property=\"og:description\" content=\"IPC-HDBW2431E-S-0280B-S2, 4MP \u00e7\u00f6z\u00fcn\u00fcrl\u00fck ve sabit lensiyle y\u00fcksek kaliteli g\u00f6r\u00fcnt\u00fc sunan kompakt IP dome kamerad\u0131r. Geli\u015fmi\u015f WDR ve 3D DNR teknolojileri sayesinde d\u00fc\u015f\u00fck \u0131\u015f\u0131k ko\u015fullar\u0131nda bile net ve keskin g\u00f6r\u00fcnt\u00fcler elde edilir. H.265+ video s\u0131k\u0131\u015ft\u0131rma teknolojisi, depolama alan\u0131ndan tasarruf sa\u011flarken, dahili mikrofon sesli kay\u0131t imk\u00e2n\u0131 sunar. PoE deste\u011fi sayesinde kolay kurulum yap\u0131labilir. IP67 ve IK10 sertifikalar\u0131, kameray\u0131 suya, toza ve darbelere kar\u015f\u0131 koruyarak d\u0131\u015f mek\u00e2n kullan\u0131m\u0131na uygun hale getirir. IPC-HDBW2431E-S-0280B-S2, ofis, ma\u011faza ve bina \u00e7evresi g\u00fcvenli\u011fi i\u00e7in ideal bir profesyonel \u00e7\u00f6z\u00fcmd\u00fcr.\" \/>\n<meta property=\"og:url\" content=\"https:\/\/www.megaguvenlik.com\/?product=dahua-ipc-hdbw2431e-s-0280b-s2\" \/>\n<meta property=\"og:site_name\" content=\"Mega G\u00fcvenlik Sistemleri\" \/>\n<meta property=\"og:image\" content=\"https:\/\/www.megaguvenlik.com\/wp-content\/uploads\/2025\/10\/IPC-HDBW2431E-S-0280B-S2.jpeg\" \/>\n\t<meta property=\"og:image:width\" content=\"225\" \/>\n\t<meta property=\"og:image:height\" content=\"225\" \/>\n\t<meta property=\"og:image:type\" content=\"image\/jpeg\" \/>\n<meta name=\"twitter:card\" content=\"summary_large_image\" \/>\n<meta name=\"twitter:label1\" content=\"Tahmini okuma s\u00fcresi\" \/>\n\t<meta name=\"twitter:data1\" content=\"1 dakika\" \/>\n<script type=\"application\/ld+json\" class=\"yoast-schema-graph\">{\"@context\":\"https:\/\/schema.org\",\"@graph\":[{\"@type\":\"WebPage\",\"@id\":\"https:\/\/www.megaguvenlik.com\/?product=dahua-ipc-hdbw2431e-s-0280b-s2\",\"url\":\"https:\/\/www.megaguvenlik.com\/?product=dahua-ipc-hdbw2431e-s-0280b-s2\",\"name\":\"DAHUA IPC-HDBW2431E-S-0280B-S2 - Mega G\u00fcvenlik Sistemleri\",\"isPartOf\":{\"@id\":\"https:\/\/www.megaguvenlik.com\/#website\"},\"primaryImageOfPage\":{\"@id\":\"https:\/\/www.megaguvenlik.com\/?product=dahua-ipc-hdbw2431e-s-0280b-s2#primaryimage\"},\"image\":{\"@id\":\"https:\/\/www.megaguvenlik.com\/?product=dahua-ipc-hdbw2431e-s-0280b-s2#primaryimage\"},\"thumbnailUrl\":\"https:\/\/www.megaguvenlik.com\/wp-content\/uploads\/2025\/10\/IPC-HDBW2431E-S-0280B-S2.jpeg\",\"datePublished\":\"2025-10-09T07:54:53+00:00\",\"description\":\"IPC-HDBW2431E-S-0280B-S2, 4MP \u00e7\u00f6z\u00fcn\u00fcrl\u00fck ve sabit lensiyle y\u00fcksek kaliteli g\u00f6r\u00fcnt\u00fc sunan kompakt IP dome kamerad\u0131r. Geli\u015fmi\u015f WDR ve 3D DNR teknolojileri sayesinde d\u00fc\u015f\u00fck \u0131\u015f\u0131k ko\u015fullar\u0131nda bile net ve keskin g\u00f6r\u00fcnt\u00fcler elde edilir. H.265+ video s\u0131k\u0131\u015ft\u0131rma teknolojisi, depolama alan\u0131ndan tasarruf sa\u011flarken, dahili mikrofon sesli kay\u0131t imk\u00e2n\u0131 sunar. PoE deste\u011fi sayesinde kolay kurulum yap\u0131labilir. IP67 ve IK10 sertifikalar\u0131, kameray\u0131 suya, toza ve darbelere kar\u015f\u0131 koruyarak d\u0131\u015f mek\u00e2n kullan\u0131m\u0131na uygun hale getirir. IPC-HDBW2431E-S-0280B-S2, ofis, ma\u011faza ve bina \u00e7evresi g\u00fcvenli\u011fi i\u00e7in ideal bir profesyonel \u00e7\u00f6z\u00fcmd\u00fcr.\",\"breadcrumb\":{\"@id\":\"https:\/\/www.megaguvenlik.com\/?product=dahua-ipc-hdbw2431e-s-0280b-s2#breadcrumb\"},\"inLanguage\":\"tr\",\"potentialAction\":[{\"@type\":\"ReadAction\",\"target\":[\"https:\/\/www.megaguvenlik.com\/?product=dahua-ipc-hdbw2431e-s-0280b-s2\"]}]},{\"@type\":\"ImageObject\",\"inLanguage\":\"tr\",\"@id\":\"https:\/\/www.megaguvenlik.com\/?product=dahua-ipc-hdbw2431e-s-0280b-s2#primaryimage\",\"url\":\"https:\/\/www.megaguvenlik.com\/wp-content\/uploads\/2025\/10\/IPC-HDBW2431E-S-0280B-S2.jpeg\",\"contentUrl\":\"https:\/\/www.megaguvenlik.com\/wp-content\/uploads\/2025\/10\/IPC-HDBW2431E-S-0280B-S2.jpeg\",\"width\":225,\"height\":225},{\"@type\":\"BreadcrumbList\",\"@id\":\"https:\/\/www.megaguvenlik.com\/?product=dahua-ipc-hdbw2431e-s-0280b-s2#breadcrumb\",\"itemListElement\":[{\"@type\":\"ListItem\",\"position\":1,\"name\":\"Anasayfa\",\"item\":\"https:\/\/www.megaguvenlik.com\/\"},{\"@type\":\"ListItem\",\"position\":2,\"name\":\"Ma\u011faza\",\"item\":\"https:\/\/www.megaguvenlik.com\/?page_id=323\"},{\"@type\":\"ListItem\",\"position\":3,\"name\":\"DAHUA IPC-HDBW2431E-S-0280B-S2\"}]},{\"@type\":\"WebSite\",\"@id\":\"https:\/\/www.megaguvenlik.com\/#website\",\"url\":\"https:\/\/www.megaguvenlik.com\/\",\"name\":\"Mega G\u00fcvenlik Sistemleri\",\"description\":\"Kamera | Yang\u0131n Alarm | Network | Acil Anons\",\"potentialAction\":[{\"@type\":\"SearchAction\",\"target\":{\"@type\":\"EntryPoint\",\"urlTemplate\":\"https:\/\/www.megaguvenlik.com\/?s={search_term_string}\"},\"query-input\":{\"@type\":\"PropertyValueSpecification\",\"valueRequired\":true,\"valueName\":\"search_term_string\"}}],\"inLanguage\":\"tr\"}]}<\/script>\n<!-- \/ Yoast SEO plugin. -->","yoast_head_json":{"title":"DAHUA IPC-HDBW2431E-S-0280B-S2 - Mega G\u00fcvenlik Sistemleri","description":"IPC-HDBW2431E-S-0280B-S2, 4MP \u00e7\u00f6z\u00fcn\u00fcrl\u00fck ve sabit lensiyle y\u00fcksek kaliteli g\u00f6r\u00fcnt\u00fc sunan kompakt IP dome kamerad\u0131r. Geli\u015fmi\u015f WDR ve 3D DNR teknolojileri sayesinde d\u00fc\u015f\u00fck \u0131\u015f\u0131k ko\u015fullar\u0131nda bile net ve keskin g\u00f6r\u00fcnt\u00fcler elde edilir. H.265+ video s\u0131k\u0131\u015ft\u0131rma teknolojisi, depolama alan\u0131ndan tasarruf sa\u011flarken, dahili mikrofon sesli kay\u0131t imk\u00e2n\u0131 sunar. PoE deste\u011fi sayesinde kolay kurulum yap\u0131labilir. IP67 ve IK10 sertifikalar\u0131, kameray\u0131 suya, toza ve darbelere kar\u015f\u0131 koruyarak d\u0131\u015f mek\u00e2n kullan\u0131m\u0131na uygun hale getirir. IPC-HDBW2431E-S-0280B-S2, ofis, ma\u011faza ve bina \u00e7evresi g\u00fcvenli\u011fi i\u00e7in ideal bir profesyonel \u00e7\u00f6z\u00fcmd\u00fcr.","robots":{"index":"index","follow":"follow","max-snippet":"max-snippet:-1","max-image-preview":"max-image-preview:large","max-video-preview":"max-video-preview:-1"},"canonical":"https:\/\/www.megaguvenlik.com\/?product=dahua-ipc-hdbw2431e-s-0280b-s2","og_locale":"tr_TR","og_type":"article","og_title":"DAHUA IPC-HDBW2431E-S-0280B-S2 - Mega G\u00fcvenlik Sistemleri","og_description":"IPC-HDBW2431E-S-0280B-S2, 4MP \u00e7\u00f6z\u00fcn\u00fcrl\u00fck ve sabit lensiyle y\u00fcksek kaliteli g\u00f6r\u00fcnt\u00fc sunan kompakt IP dome kamerad\u0131r. Geli\u015fmi\u015f WDR ve 3D DNR teknolojileri sayesinde d\u00fc\u015f\u00fck \u0131\u015f\u0131k ko\u015fullar\u0131nda bile net ve keskin g\u00f6r\u00fcnt\u00fcler elde edilir. H.265+ video s\u0131k\u0131\u015ft\u0131rma teknolojisi, depolama alan\u0131ndan tasarruf sa\u011flarken, dahili mikrofon sesli kay\u0131t imk\u00e2n\u0131 sunar. PoE deste\u011fi sayesinde kolay kurulum yap\u0131labilir. IP67 ve IK10 sertifikalar\u0131, kameray\u0131 suya, toza ve darbelere kar\u015f\u0131 koruyarak d\u0131\u015f mek\u00e2n kullan\u0131m\u0131na uygun hale getirir. IPC-HDBW2431E-S-0280B-S2, ofis, ma\u011faza ve bina \u00e7evresi g\u00fcvenli\u011fi i\u00e7in ideal bir profesyonel \u00e7\u00f6z\u00fcmd\u00fcr.","og_url":"https:\/\/www.megaguvenlik.com\/?product=dahua-ipc-hdbw2431e-s-0280b-s2","og_site_name":"Mega G\u00fcvenlik Sistemleri","og_image":[{"width":225,"height":225,"url":"https:\/\/www.megaguvenlik.com\/wp-content\/uploads\/2025\/10\/IPC-HDBW2431E-S-0280B-S2.jpeg","type":"image\/jpeg"}],"twitter_card":"summary_large_image","twitter_misc":{"Tahmini okuma s\u00fcresi":"1 dakika"},"schema":{"@context":"https:\/\/schema.org","@graph":[{"@type":"WebPage","@id":"https:\/\/www.megaguvenlik.com\/?product=dahua-ipc-hdbw2431e-s-0280b-s2","url":"https:\/\/www.megaguvenlik.com\/?product=dahua-ipc-hdbw2431e-s-0280b-s2","name":"DAHUA IPC-HDBW2431E-S-0280B-S2 - Mega G\u00fcvenlik Sistemleri","isPartOf":{"@id":"https:\/\/www.megaguvenlik.com\/#website"},"primaryImageOfPage":{"@id":"https:\/\/www.megaguvenlik.com\/?product=dahua-ipc-hdbw2431e-s-0280b-s2#primaryimage"},"image":{"@id":"https:\/\/www.megaguvenlik.com\/?product=dahua-ipc-hdbw2431e-s-0280b-s2#primaryimage"},"thumbnailUrl":"https:\/\/www.megaguvenlik.com\/wp-content\/uploads\/2025\/10\/IPC-HDBW2431E-S-0280B-S2.jpeg","datePublished":"2025-10-09T07:54:53+00:00","description":"IPC-HDBW2431E-S-0280B-S2, 4MP \u00e7\u00f6z\u00fcn\u00fcrl\u00fck ve sabit lensiyle y\u00fcksek kaliteli g\u00f6r\u00fcnt\u00fc sunan kompakt IP dome kamerad\u0131r. Geli\u015fmi\u015f WDR ve 3D DNR teknolojileri sayesinde d\u00fc\u015f\u00fck \u0131\u015f\u0131k ko\u015fullar\u0131nda bile net ve keskin g\u00f6r\u00fcnt\u00fcler elde edilir. H.265+ video s\u0131k\u0131\u015ft\u0131rma teknolojisi, depolama alan\u0131ndan tasarruf sa\u011flarken, dahili mikrofon sesli kay\u0131t imk\u00e2n\u0131 sunar. PoE deste\u011fi sayesinde kolay kurulum yap\u0131labilir. IP67 ve IK10 sertifikalar\u0131, kameray\u0131 suya, toza ve darbelere kar\u015f\u0131 koruyarak d\u0131\u015f mek\u00e2n kullan\u0131m\u0131na uygun hale getirir. IPC-HDBW2431E-S-0280B-S2, ofis, ma\u011faza ve bina \u00e7evresi g\u00fcvenli\u011fi i\u00e7in ideal bir profesyonel \u00e7\u00f6z\u00fcmd\u00fcr.","breadcrumb":{"@id":"https:\/\/www.megaguvenlik.com\/?product=dahua-ipc-hdbw2431e-s-0280b-s2#breadcrumb"},"inLanguage":"tr","potentialAction":[{"@type":"ReadAction","target":["https:\/\/www.megaguvenlik.com\/?product=dahua-ipc-hdbw2431e-s-0280b-s2"]}]},{"@type":"ImageObject","inLanguage":"tr","@id":"https:\/\/www.megaguvenlik.com\/?product=dahua-ipc-hdbw2431e-s-0280b-s2#primaryimage","url":"https:\/\/www.megaguvenlik.com\/wp-content\/uploads\/2025\/10\/IPC-HDBW2431E-S-0280B-S2.jpeg","contentUrl":"https:\/\/www.megaguvenlik.com\/wp-content\/uploads\/2025\/10\/IPC-HDBW2431E-S-0280B-S2.jpeg","width":225,"height":225},{"@type":"BreadcrumbList","@id":"https:\/\/www.megaguvenlik.com\/?product=dahua-ipc-hdbw2431e-s-0280b-s2#breadcrumb","itemListElement":[{"@type":"ListItem","position":1,"name":"Anasayfa","item":"https:\/\/www.megaguvenlik.com\/"},{"@type":"ListItem","position":2,"name":"Ma\u011faza","item":"https:\/\/www.megaguvenlik.com\/?page_id=323"},{"@type":"ListItem","position":3,"name":"DAHUA IPC-HDBW2431E-S-0280B-S2"}]},{"@type":"WebSite","@id":"https:\/\/www.megaguvenlik.com\/#website","url":"https:\/\/www.megaguvenlik.com\/","name":"Mega G\u00fcvenlik Sistemleri","description":"Kamera | Yang\u0131n Alarm | Network | Acil Anons","potentialAction":[{"@type":"SearchAction","target":{"@type":"EntryPoint","urlTemplate":"https:\/\/www.megaguvenlik.com\/?s={search_term_string}"},"query-input":{"@type":"PropertyValueSpecification","valueRequired":true,"valueName":"search_term_string"}}],"inLanguage":"tr"}]}},"_links":{"self":[{"href":"https:\/\/www.megaguvenlik.com\/index.php?rest_route=\/wp\/v2\/product\/4416","targetHints":{"allow":["GET"]}}],"collection":[{"href":"https:\/\/www.megaguvenlik.com\/index.php?rest_route=\/wp\/v2\/product"}],"about":[{"href":"https:\/\/www.megaguvenlik.com\/index.php?rest_route=\/wp\/v2\/types\/product"}],"replies":[{"embeddable":true,"href":"https:\/\/www.megaguvenlik.com\/index.php?rest_route=%2Fwp%2Fv2%2Fcomments&post=4416"}],"wp:featuredmedia":[{"embeddable":true,"href":"https:\/\/www.megaguvenlik.com\/index.php?rest_route=\/wp\/v2\/media\/4418"}],"wp:attachment":[{"href":"https:\/\/www.megaguvenlik.com\/index.php?rest_route=%2Fwp%2Fv2%2Fmedia&parent=4416"}],"wp:term":[{"taxonomy":"product_brand","embeddable":true,"href":"https:\/\/www.megaguvenlik.com\/index.php?rest_route=%2Fwp%2Fv2%2Fproduct_brand&post=4416"},{"taxonomy":"product_cat","embeddable":true,"href":"https:\/\/www.megaguvenlik.com\/index.php?rest_route=%2Fwp%2Fv2%2Fproduct_cat&post=4416"},{"taxonomy":"product_tag","embeddable":true,"href":"https:\/\/www.megaguvenlik.com\/index.php?rest_route=%2Fwp%2Fv2%2Fproduct_tag&post=4416"}],"curies":[{"name":"wp","href":"https:\/\/api.w.org\/{rel}","templated":true}]}}