{"id":4419,"date":"2025-10-09T10:57:18","date_gmt":"2025-10-09T07:57:18","guid":{"rendered":"https:\/\/www.megaguvenlik.com\/?post_type=product&#038;p=4419"},"modified":"2025-10-09T10:57:18","modified_gmt":"2025-10-09T07:57:18","slug":"dahua-ipc-hdw2449t-s-il-0280b","status":"publish","type":"product","link":"https:\/\/www.megaguvenlik.com\/?product=dahua-ipc-hdw2449t-s-il-0280b","title":{"rendered":"DAHUA IPC-HDW2449T-S-IL-0280B"},"content":{"rendered":"<p>4 MP Ak\u0131ll\u0131 \u00c7ift I\u015f\u0131kl\u0131 Dome Kamera (30m IR+30m Beyaz I\u015f\u0131k)<br \/>\n1 \/ 2.8 &#8221; CMOS, 2.8 mm Sabit Lens, 0.002 L\u00fcx Renkli,Ak\u0131ll\u0131 ikili ayd\u0131nlatma BLC\/HLC\/WDR(120dB), 3DNR, AWB, AGC, ICR, SD Kart Deste\u011fi(256GB)<br \/>\nSanal S\u0131n\u0131r, Alan \u0130hlali, Ak\u0131ll\u0131 Hareket Alg\u0131lama(SMD+) Analizi (\u0130nsan&amp;Ara\u00e7 Ayr\u0131m\u0131)<br \/>\nIP67, PoE, 2560 \u00d7 1440 @25\/30 fps, Dahili Mikrofon, Metal Kasa<\/p>\n","protected":false},"excerpt":{"rendered":"<p>4 MP Ak\u0131ll\u0131 \u00c7ift I\u015f\u0131kl\u0131 Dome Kamera (30m IR+30m Beyaz I\u015f\u0131k)<br \/>\n1 \/ 2.8 &#8221; CMOS, 2.8 mm Sabit Lens, 0.002 L\u00fcx Renkli,Ak\u0131ll\u0131 ikili ayd\u0131nlatma BLC\/HLC\/WDR(120dB), 3DNR, AWB, AGC, ICR, SD Kart Deste\u011fi(256GB)<br \/>\nSanal S\u0131n\u0131r, Alan \u0130hlali, Ak\u0131ll\u0131 Hareket Alg\u0131lama(SMD+) Analizi (\u0130nsan&amp;Ara\u00e7 Ayr\u0131m\u0131)<br \/>\nIP67, PoE, 2560 \u00d7 1440 @25\/30 fps, Dahili Mikrofon, Metal Kasa<\/p>\n","protected":false},"featured_media":4420,"comment_status":"open","ping_status":"closed","template":"","meta":[],"product_brand":[],"product_cat":[338,236,199],"product_tag":[340,339,347,341],"class_list":{"0":"post-4419","1":"product","2":"type-product","3":"status-publish","4":"has-post-thumbnail","6":"product_cat-dahua","7":"product_cat-ip-kamera","8":"product_cat-kamera-sistemleri","9":"product_tag-alhua","10":"product_tag-dahua","11":"product_tag-full-color","12":"product_tag-ip-camera","14":"first","15":"instock","16":"taxable","17":"shipping-taxable","18":"product-type-simple"},"yoast_head":"<!-- This site is optimized with the Yoast SEO plugin v26.0 - https:\/\/yoast.com\/wordpress\/plugins\/seo\/ -->\n<title>DAHUA IPC-HDW2449T-S-IL-0280B - Mega G\u00fcvenlik Sistemleri<\/title>\n<meta name=\"description\" content=\"IPC-HDW2449T-S-IL-0280B, 4MP \u00e7\u00f6z\u00fcn\u00fcrl\u00fck ve Full-color teknolojisiyle d\u00fc\u015f\u00fck \u0131\u015f\u0131kta bile canl\u0131 ve renkli g\u00f6r\u00fcnt\u00fcler sunan IP turret kamerad\u0131r. Ak\u0131ll\u0131 IR ve entegre LED ayd\u0131nlatma \u00f6zellikleri sayesinde gece g\u00f6r\u00fc\u015f performans\u0131 maksimum seviyededir. H.265+ video s\u0131k\u0131\u015ft\u0131rma teknolojisi, depolama alan\u0131ndan tasarruf sa\u011flarken, dahili mikrofon sesli kay\u0131t imk\u00e2n\u0131 sunar. PoE deste\u011fi sayesinde kurulumu kolay ve h\u0131zl\u0131d\u0131r. IP67 koruma standard\u0131na sahip sa\u011flam yap\u0131s\u0131, zorlu d\u0131\u015f mek\u00e2n ko\u015fullar\u0131na kar\u015f\u0131 dayan\u0131kl\u0131l\u0131k sa\u011flar. IPC-HDW2449T-S-IL-0280B, ev, ofis ve ticari alan g\u00fcvenli\u011fi i\u00e7in y\u00fcksek performansl\u0131 bir \u00e7\u00f6z\u00fcmd\u00fcr.\" \/>\n<meta name=\"robots\" content=\"index, follow, max-snippet:-1, max-image-preview:large, max-video-preview:-1\" \/>\n<link rel=\"canonical\" href=\"https:\/\/www.megaguvenlik.com\/?product=dahua-ipc-hdw2449t-s-il-0280b\" \/>\n<meta property=\"og:locale\" content=\"tr_TR\" \/>\n<meta property=\"og:type\" content=\"article\" \/>\n<meta property=\"og:title\" content=\"DAHUA IPC-HDW2449T-S-IL-0280B - Mega G\u00fcvenlik Sistemleri\" \/>\n<meta property=\"og:description\" content=\"IPC-HDW2449T-S-IL-0280B, 4MP \u00e7\u00f6z\u00fcn\u00fcrl\u00fck ve Full-color teknolojisiyle d\u00fc\u015f\u00fck \u0131\u015f\u0131kta bile canl\u0131 ve renkli g\u00f6r\u00fcnt\u00fcler sunan IP turret kamerad\u0131r. Ak\u0131ll\u0131 IR ve entegre LED ayd\u0131nlatma \u00f6zellikleri sayesinde gece g\u00f6r\u00fc\u015f performans\u0131 maksimum seviyededir. H.265+ video s\u0131k\u0131\u015ft\u0131rma teknolojisi, depolama alan\u0131ndan tasarruf sa\u011flarken, dahili mikrofon sesli kay\u0131t imk\u00e2n\u0131 sunar. PoE deste\u011fi sayesinde kurulumu kolay ve h\u0131zl\u0131d\u0131r. IP67 koruma standard\u0131na sahip sa\u011flam yap\u0131s\u0131, zorlu d\u0131\u015f mek\u00e2n ko\u015fullar\u0131na kar\u015f\u0131 dayan\u0131kl\u0131l\u0131k sa\u011flar. IPC-HDW2449T-S-IL-0280B, ev, ofis ve ticari alan g\u00fcvenli\u011fi i\u00e7in y\u00fcksek performansl\u0131 bir \u00e7\u00f6z\u00fcmd\u00fcr.\" \/>\n<meta property=\"og:url\" content=\"https:\/\/www.megaguvenlik.com\/?product=dahua-ipc-hdw2449t-s-il-0280b\" \/>\n<meta property=\"og:site_name\" content=\"Mega G\u00fcvenlik Sistemleri\" \/>\n<meta property=\"og:image\" content=\"https:\/\/www.megaguvenlik.com\/wp-content\/uploads\/2025\/10\/IPC-HDW2449T-S-IL-0280B.jpeg\" \/>\n\t<meta property=\"og:image:width\" content=\"225\" \/>\n\t<meta property=\"og:image:height\" content=\"225\" \/>\n\t<meta property=\"og:image:type\" content=\"image\/jpeg\" \/>\n<meta name=\"twitter:card\" content=\"summary_large_image\" \/>\n<meta name=\"twitter:label1\" content=\"Tahmini okuma s\u00fcresi\" \/>\n\t<meta name=\"twitter:data1\" content=\"1 dakika\" \/>\n<script type=\"application\/ld+json\" class=\"yoast-schema-graph\">{\"@context\":\"https:\/\/schema.org\",\"@graph\":[{\"@type\":\"WebPage\",\"@id\":\"https:\/\/www.megaguvenlik.com\/?product=dahua-ipc-hdw2449t-s-il-0280b\",\"url\":\"https:\/\/www.megaguvenlik.com\/?product=dahua-ipc-hdw2449t-s-il-0280b\",\"name\":\"DAHUA IPC-HDW2449T-S-IL-0280B - Mega G\u00fcvenlik Sistemleri\",\"isPartOf\":{\"@id\":\"https:\/\/www.megaguvenlik.com\/#website\"},\"primaryImageOfPage\":{\"@id\":\"https:\/\/www.megaguvenlik.com\/?product=dahua-ipc-hdw2449t-s-il-0280b#primaryimage\"},\"image\":{\"@id\":\"https:\/\/www.megaguvenlik.com\/?product=dahua-ipc-hdw2449t-s-il-0280b#primaryimage\"},\"thumbnailUrl\":\"https:\/\/www.megaguvenlik.com\/wp-content\/uploads\/2025\/10\/IPC-HDW2449T-S-IL-0280B.jpeg\",\"datePublished\":\"2025-10-09T07:57:18+00:00\",\"description\":\"IPC-HDW2449T-S-IL-0280B, 4MP \u00e7\u00f6z\u00fcn\u00fcrl\u00fck ve Full-color teknolojisiyle d\u00fc\u015f\u00fck \u0131\u015f\u0131kta bile canl\u0131 ve renkli g\u00f6r\u00fcnt\u00fcler sunan IP turret kamerad\u0131r. Ak\u0131ll\u0131 IR ve entegre LED ayd\u0131nlatma \u00f6zellikleri sayesinde gece g\u00f6r\u00fc\u015f performans\u0131 maksimum seviyededir. H.265+ video s\u0131k\u0131\u015ft\u0131rma teknolojisi, depolama alan\u0131ndan tasarruf sa\u011flarken, dahili mikrofon sesli kay\u0131t imk\u00e2n\u0131 sunar. PoE deste\u011fi sayesinde kurulumu kolay ve h\u0131zl\u0131d\u0131r. IP67 koruma standard\u0131na sahip sa\u011flam yap\u0131s\u0131, zorlu d\u0131\u015f mek\u00e2n ko\u015fullar\u0131na kar\u015f\u0131 dayan\u0131kl\u0131l\u0131k sa\u011flar. IPC-HDW2449T-S-IL-0280B, ev, ofis ve ticari alan g\u00fcvenli\u011fi i\u00e7in y\u00fcksek performansl\u0131 bir \u00e7\u00f6z\u00fcmd\u00fcr.\",\"breadcrumb\":{\"@id\":\"https:\/\/www.megaguvenlik.com\/?product=dahua-ipc-hdw2449t-s-il-0280b#breadcrumb\"},\"inLanguage\":\"tr\",\"potentialAction\":[{\"@type\":\"ReadAction\",\"target\":[\"https:\/\/www.megaguvenlik.com\/?product=dahua-ipc-hdw2449t-s-il-0280b\"]}]},{\"@type\":\"ImageObject\",\"inLanguage\":\"tr\",\"@id\":\"https:\/\/www.megaguvenlik.com\/?product=dahua-ipc-hdw2449t-s-il-0280b#primaryimage\",\"url\":\"https:\/\/www.megaguvenlik.com\/wp-content\/uploads\/2025\/10\/IPC-HDW2449T-S-IL-0280B.jpeg\",\"contentUrl\":\"https:\/\/www.megaguvenlik.com\/wp-content\/uploads\/2025\/10\/IPC-HDW2449T-S-IL-0280B.jpeg\",\"width\":225,\"height\":225},{\"@type\":\"BreadcrumbList\",\"@id\":\"https:\/\/www.megaguvenlik.com\/?product=dahua-ipc-hdw2449t-s-il-0280b#breadcrumb\",\"itemListElement\":[{\"@type\":\"ListItem\",\"position\":1,\"name\":\"Anasayfa\",\"item\":\"https:\/\/www.megaguvenlik.com\/\"},{\"@type\":\"ListItem\",\"position\":2,\"name\":\"Ma\u011faza\",\"item\":\"https:\/\/www.megaguvenlik.com\/?page_id=323\"},{\"@type\":\"ListItem\",\"position\":3,\"name\":\"DAHUA IPC-HDW2449T-S-IL-0280B\"}]},{\"@type\":\"WebSite\",\"@id\":\"https:\/\/www.megaguvenlik.com\/#website\",\"url\":\"https:\/\/www.megaguvenlik.com\/\",\"name\":\"Mega G\u00fcvenlik Sistemleri\",\"description\":\"Kamera | Yang\u0131n Alarm | Network | Acil Anons\",\"potentialAction\":[{\"@type\":\"SearchAction\",\"target\":{\"@type\":\"EntryPoint\",\"urlTemplate\":\"https:\/\/www.megaguvenlik.com\/?s={search_term_string}\"},\"query-input\":{\"@type\":\"PropertyValueSpecification\",\"valueRequired\":true,\"valueName\":\"search_term_string\"}}],\"inLanguage\":\"tr\"}]}<\/script>\n<!-- \/ Yoast SEO plugin. -->","yoast_head_json":{"title":"DAHUA IPC-HDW2449T-S-IL-0280B - Mega G\u00fcvenlik Sistemleri","description":"IPC-HDW2449T-S-IL-0280B, 4MP \u00e7\u00f6z\u00fcn\u00fcrl\u00fck ve Full-color teknolojisiyle d\u00fc\u015f\u00fck \u0131\u015f\u0131kta bile canl\u0131 ve renkli g\u00f6r\u00fcnt\u00fcler sunan IP turret kamerad\u0131r. Ak\u0131ll\u0131 IR ve entegre LED ayd\u0131nlatma \u00f6zellikleri sayesinde gece g\u00f6r\u00fc\u015f performans\u0131 maksimum seviyededir. H.265+ video s\u0131k\u0131\u015ft\u0131rma teknolojisi, depolama alan\u0131ndan tasarruf sa\u011flarken, dahili mikrofon sesli kay\u0131t imk\u00e2n\u0131 sunar. PoE deste\u011fi sayesinde kurulumu kolay ve h\u0131zl\u0131d\u0131r. IP67 koruma standard\u0131na sahip sa\u011flam yap\u0131s\u0131, zorlu d\u0131\u015f mek\u00e2n ko\u015fullar\u0131na kar\u015f\u0131 dayan\u0131kl\u0131l\u0131k sa\u011flar. IPC-HDW2449T-S-IL-0280B, ev, ofis ve ticari alan g\u00fcvenli\u011fi i\u00e7in y\u00fcksek performansl\u0131 bir \u00e7\u00f6z\u00fcmd\u00fcr.","robots":{"index":"index","follow":"follow","max-snippet":"max-snippet:-1","max-image-preview":"max-image-preview:large","max-video-preview":"max-video-preview:-1"},"canonical":"https:\/\/www.megaguvenlik.com\/?product=dahua-ipc-hdw2449t-s-il-0280b","og_locale":"tr_TR","og_type":"article","og_title":"DAHUA IPC-HDW2449T-S-IL-0280B - Mega G\u00fcvenlik Sistemleri","og_description":"IPC-HDW2449T-S-IL-0280B, 4MP \u00e7\u00f6z\u00fcn\u00fcrl\u00fck ve Full-color teknolojisiyle d\u00fc\u015f\u00fck \u0131\u015f\u0131kta bile canl\u0131 ve renkli g\u00f6r\u00fcnt\u00fcler sunan IP turret kamerad\u0131r. Ak\u0131ll\u0131 IR ve entegre LED ayd\u0131nlatma \u00f6zellikleri sayesinde gece g\u00f6r\u00fc\u015f performans\u0131 maksimum seviyededir. H.265+ video s\u0131k\u0131\u015ft\u0131rma teknolojisi, depolama alan\u0131ndan tasarruf sa\u011flarken, dahili mikrofon sesli kay\u0131t imk\u00e2n\u0131 sunar. PoE deste\u011fi sayesinde kurulumu kolay ve h\u0131zl\u0131d\u0131r. IP67 koruma standard\u0131na sahip sa\u011flam yap\u0131s\u0131, zorlu d\u0131\u015f mek\u00e2n ko\u015fullar\u0131na kar\u015f\u0131 dayan\u0131kl\u0131l\u0131k sa\u011flar. IPC-HDW2449T-S-IL-0280B, ev, ofis ve ticari alan g\u00fcvenli\u011fi i\u00e7in y\u00fcksek performansl\u0131 bir \u00e7\u00f6z\u00fcmd\u00fcr.","og_url":"https:\/\/www.megaguvenlik.com\/?product=dahua-ipc-hdw2449t-s-il-0280b","og_site_name":"Mega G\u00fcvenlik Sistemleri","og_image":[{"width":225,"height":225,"url":"https:\/\/www.megaguvenlik.com\/wp-content\/uploads\/2025\/10\/IPC-HDW2449T-S-IL-0280B.jpeg","type":"image\/jpeg"}],"twitter_card":"summary_large_image","twitter_misc":{"Tahmini okuma s\u00fcresi":"1 dakika"},"schema":{"@context":"https:\/\/schema.org","@graph":[{"@type":"WebPage","@id":"https:\/\/www.megaguvenlik.com\/?product=dahua-ipc-hdw2449t-s-il-0280b","url":"https:\/\/www.megaguvenlik.com\/?product=dahua-ipc-hdw2449t-s-il-0280b","name":"DAHUA IPC-HDW2449T-S-IL-0280B - Mega G\u00fcvenlik Sistemleri","isPartOf":{"@id":"https:\/\/www.megaguvenlik.com\/#website"},"primaryImageOfPage":{"@id":"https:\/\/www.megaguvenlik.com\/?product=dahua-ipc-hdw2449t-s-il-0280b#primaryimage"},"image":{"@id":"https:\/\/www.megaguvenlik.com\/?product=dahua-ipc-hdw2449t-s-il-0280b#primaryimage"},"thumbnailUrl":"https:\/\/www.megaguvenlik.com\/wp-content\/uploads\/2025\/10\/IPC-HDW2449T-S-IL-0280B.jpeg","datePublished":"2025-10-09T07:57:18+00:00","description":"IPC-HDW2449T-S-IL-0280B, 4MP \u00e7\u00f6z\u00fcn\u00fcrl\u00fck ve Full-color teknolojisiyle d\u00fc\u015f\u00fck \u0131\u015f\u0131kta bile canl\u0131 ve renkli g\u00f6r\u00fcnt\u00fcler sunan IP turret kamerad\u0131r. Ak\u0131ll\u0131 IR ve entegre LED ayd\u0131nlatma \u00f6zellikleri sayesinde gece g\u00f6r\u00fc\u015f performans\u0131 maksimum seviyededir. H.265+ video s\u0131k\u0131\u015ft\u0131rma teknolojisi, depolama alan\u0131ndan tasarruf sa\u011flarken, dahili mikrofon sesli kay\u0131t imk\u00e2n\u0131 sunar. PoE deste\u011fi sayesinde kurulumu kolay ve h\u0131zl\u0131d\u0131r. IP67 koruma standard\u0131na sahip sa\u011flam yap\u0131s\u0131, zorlu d\u0131\u015f mek\u00e2n ko\u015fullar\u0131na kar\u015f\u0131 dayan\u0131kl\u0131l\u0131k sa\u011flar. IPC-HDW2449T-S-IL-0280B, ev, ofis ve ticari alan g\u00fcvenli\u011fi i\u00e7in y\u00fcksek performansl\u0131 bir \u00e7\u00f6z\u00fcmd\u00fcr.","breadcrumb":{"@id":"https:\/\/www.megaguvenlik.com\/?product=dahua-ipc-hdw2449t-s-il-0280b#breadcrumb"},"inLanguage":"tr","potentialAction":[{"@type":"ReadAction","target":["https:\/\/www.megaguvenlik.com\/?product=dahua-ipc-hdw2449t-s-il-0280b"]}]},{"@type":"ImageObject","inLanguage":"tr","@id":"https:\/\/www.megaguvenlik.com\/?product=dahua-ipc-hdw2449t-s-il-0280b#primaryimage","url":"https:\/\/www.megaguvenlik.com\/wp-content\/uploads\/2025\/10\/IPC-HDW2449T-S-IL-0280B.jpeg","contentUrl":"https:\/\/www.megaguvenlik.com\/wp-content\/uploads\/2025\/10\/IPC-HDW2449T-S-IL-0280B.jpeg","width":225,"height":225},{"@type":"BreadcrumbList","@id":"https:\/\/www.megaguvenlik.com\/?product=dahua-ipc-hdw2449t-s-il-0280b#breadcrumb","itemListElement":[{"@type":"ListItem","position":1,"name":"Anasayfa","item":"https:\/\/www.megaguvenlik.com\/"},{"@type":"ListItem","position":2,"name":"Ma\u011faza","item":"https:\/\/www.megaguvenlik.com\/?page_id=323"},{"@type":"ListItem","position":3,"name":"DAHUA IPC-HDW2449T-S-IL-0280B"}]},{"@type":"WebSite","@id":"https:\/\/www.megaguvenlik.com\/#website","url":"https:\/\/www.megaguvenlik.com\/","name":"Mega G\u00fcvenlik Sistemleri","description":"Kamera | Yang\u0131n Alarm | Network | Acil Anons","potentialAction":[{"@type":"SearchAction","target":{"@type":"EntryPoint","urlTemplate":"https:\/\/www.megaguvenlik.com\/?s={search_term_string}"},"query-input":{"@type":"PropertyValueSpecification","valueRequired":true,"valueName":"search_term_string"}}],"inLanguage":"tr"}]}},"_links":{"self":[{"href":"https:\/\/www.megaguvenlik.com\/index.php?rest_route=\/wp\/v2\/product\/4419","targetHints":{"allow":["GET"]}}],"collection":[{"href":"https:\/\/www.megaguvenlik.com\/index.php?rest_route=\/wp\/v2\/product"}],"about":[{"href":"https:\/\/www.megaguvenlik.com\/index.php?rest_route=\/wp\/v2\/types\/product"}],"replies":[{"embeddable":true,"href":"https:\/\/www.megaguvenlik.com\/index.php?rest_route=%2Fwp%2Fv2%2Fcomments&post=4419"}],"wp:featuredmedia":[{"embeddable":true,"href":"https:\/\/www.megaguvenlik.com\/index.php?rest_route=\/wp\/v2\/media\/4420"}],"wp:attachment":[{"href":"https:\/\/www.megaguvenlik.com\/index.php?rest_route=%2Fwp%2Fv2%2Fmedia&parent=4419"}],"wp:term":[{"taxonomy":"product_brand","embeddable":true,"href":"https:\/\/www.megaguvenlik.com\/index.php?rest_route=%2Fwp%2Fv2%2Fproduct_brand&post=4419"},{"taxonomy":"product_cat","embeddable":true,"href":"https:\/\/www.megaguvenlik.com\/index.php?rest_route=%2Fwp%2Fv2%2Fproduct_cat&post=4419"},{"taxonomy":"product_tag","embeddable":true,"href":"https:\/\/www.megaguvenlik.com\/index.php?rest_route=%2Fwp%2Fv2%2Fproduct_tag&post=4419"}],"curies":[{"name":"wp","href":"https:\/\/api.w.org\/{rel}","templated":true}]}}