{"id":4421,"date":"2025-10-09T10:59:15","date_gmt":"2025-10-09T07:59:15","guid":{"rendered":"https:\/\/www.megaguvenlik.com\/?post_type=product&#038;p=4421"},"modified":"2025-10-09T10:59:15","modified_gmt":"2025-10-09T07:59:15","slug":"dahua-ipc-hdbw2441e-s-0280b","status":"publish","type":"product","link":"https:\/\/www.megaguvenlik.com\/?product=dahua-ipc-hdbw2441e-s-0280b","title":{"rendered":"DAHUA IPC-HDBW2441E-S-0280B"},"content":{"rendered":"<p>4MP IR Sabit Odakl\u0131 WizSense IP Dome Kamera 4-MP 1\/2.9&#8243; CMOS, 2.8 mm Sabit Lens, 4MP@20fps, 1440p@25\/30fps destekli, 30 m IR ayd\u0131nlatma, dahili LED, WDR, 3D NR, HLC, BLC, dijital filigran256 GB Micro SD kart deste\u011fi, 12 VDC \/ PoE ile besleme, IP67, IK10 koruma, Dahili Mikrofon, Metal Kasa<\/p>\n","protected":false},"excerpt":{"rendered":"<p>4MP IR Sabit Odakl\u0131 WizSense IP Dome Kamera 4-MP 1\/2.9&#8243; CMOS, 2.8 mm Sabit Lens, 4MP@20fps, 1440p@25\/30fps destekli, 30 m IR ayd\u0131nlatma, dahili LED, WDR, 3D NR, HLC, BLC, dijital filigran256 GB Micro SD kart deste\u011fi, 12 VDC \/ PoE ile besleme, IP67, IK10 koruma, Dahili Mikrofon, Metal Kasa<\/p>\n","protected":false},"featured_media":4422,"comment_status":"open","ping_status":"closed","template":"","meta":[],"product_brand":[],"product_cat":[338,236,199],"product_tag":[340,339,341],"class_list":{"0":"post-4421","1":"product","2":"type-product","3":"status-publish","4":"has-post-thumbnail","6":"product_cat-dahua","7":"product_cat-ip-kamera","8":"product_cat-kamera-sistemleri","9":"product_tag-alhua","10":"product_tag-dahua","11":"product_tag-ip-camera","13":"first","14":"instock","15":"taxable","16":"shipping-taxable","17":"product-type-simple"},"yoast_head":"<!-- This site is optimized with the Yoast SEO plugin v26.0 - https:\/\/yoast.com\/wordpress\/plugins\/seo\/ -->\n<title>DAHUA IPC-HDBW2441E-S-0280B - Mega G\u00fcvenlik Sistemleri<\/title>\n<meta name=\"description\" content=\"IPC-HDBW2441E-S-0280B, 4MP y\u00fcksek \u00e7\u00f6z\u00fcn\u00fcrl\u00fck ve sabit lensi ile net ve detayl\u0131 g\u00f6r\u00fcnt\u00fcler sunan IP dome kamerad\u0131r. Geli\u015fmi\u015f WDR ve 3D DNR teknolojileri, d\u00fc\u015f\u00fck \u0131\u015f\u0131k ko\u015fullar\u0131nda bile \u00fcst\u00fcn g\u00f6r\u00fcnt\u00fc kalitesi sa\u011flar. H.265+ video s\u0131k\u0131\u015ft\u0131rma ile depolama alan\u0131ndan tasarruf edilirken, dahili mikrofon sesli kay\u0131t imk\u00e2n\u0131 sunar. PoE deste\u011fi sayesinde h\u0131zl\u0131 ve kolay kurulum yap\u0131labilir. IP67 ve IK10 sertifikal\u0131 sa\u011flam g\u00f6vdesi, d\u0131\u015f mek\u00e2n ko\u015fullar\u0131na kar\u015f\u0131 dayan\u0131kl\u0131d\u0131r. IPC-HDBW2441E-S-0280B, ofisler, ma\u011fazalar ve bina \u00e7evresi g\u00fcvenli\u011fi i\u00e7in ideal, profesyonel bir g\u00fcvenlik \u00e7\u00f6z\u00fcm\u00fcd\u00fcr.\" \/>\n<meta name=\"robots\" content=\"index, follow, max-snippet:-1, max-image-preview:large, max-video-preview:-1\" \/>\n<link rel=\"canonical\" href=\"https:\/\/www.megaguvenlik.com\/?product=dahua-ipc-hdbw2441e-s-0280b\" \/>\n<meta property=\"og:locale\" content=\"tr_TR\" \/>\n<meta property=\"og:type\" content=\"article\" \/>\n<meta property=\"og:title\" content=\"DAHUA IPC-HDBW2441E-S-0280B - Mega G\u00fcvenlik Sistemleri\" \/>\n<meta property=\"og:description\" content=\"IPC-HDBW2441E-S-0280B, 4MP y\u00fcksek \u00e7\u00f6z\u00fcn\u00fcrl\u00fck ve sabit lensi ile net ve detayl\u0131 g\u00f6r\u00fcnt\u00fcler sunan IP dome kamerad\u0131r. Geli\u015fmi\u015f WDR ve 3D DNR teknolojileri, d\u00fc\u015f\u00fck \u0131\u015f\u0131k ko\u015fullar\u0131nda bile \u00fcst\u00fcn g\u00f6r\u00fcnt\u00fc kalitesi sa\u011flar. H.265+ video s\u0131k\u0131\u015ft\u0131rma ile depolama alan\u0131ndan tasarruf edilirken, dahili mikrofon sesli kay\u0131t imk\u00e2n\u0131 sunar. PoE deste\u011fi sayesinde h\u0131zl\u0131 ve kolay kurulum yap\u0131labilir. IP67 ve IK10 sertifikal\u0131 sa\u011flam g\u00f6vdesi, d\u0131\u015f mek\u00e2n ko\u015fullar\u0131na kar\u015f\u0131 dayan\u0131kl\u0131d\u0131r. IPC-HDBW2441E-S-0280B, ofisler, ma\u011fazalar ve bina \u00e7evresi g\u00fcvenli\u011fi i\u00e7in ideal, profesyonel bir g\u00fcvenlik \u00e7\u00f6z\u00fcm\u00fcd\u00fcr.\" \/>\n<meta property=\"og:url\" content=\"https:\/\/www.megaguvenlik.com\/?product=dahua-ipc-hdbw2441e-s-0280b\" \/>\n<meta property=\"og:site_name\" content=\"Mega G\u00fcvenlik Sistemleri\" \/>\n<meta property=\"og:image\" content=\"https:\/\/www.megaguvenlik.com\/wp-content\/uploads\/2025\/10\/IPC-HDBW2441E-S-0280B.jpeg\" \/>\n\t<meta property=\"og:image:width\" content=\"225\" \/>\n\t<meta property=\"og:image:height\" content=\"225\" \/>\n\t<meta property=\"og:image:type\" content=\"image\/jpeg\" \/>\n<meta name=\"twitter:card\" content=\"summary_large_image\" \/>\n<meta name=\"twitter:label1\" content=\"Tahmini okuma s\u00fcresi\" \/>\n\t<meta name=\"twitter:data1\" content=\"1 dakika\" \/>\n<script type=\"application\/ld+json\" class=\"yoast-schema-graph\">{\"@context\":\"https:\/\/schema.org\",\"@graph\":[{\"@type\":\"WebPage\",\"@id\":\"https:\/\/www.megaguvenlik.com\/?product=dahua-ipc-hdbw2441e-s-0280b\",\"url\":\"https:\/\/www.megaguvenlik.com\/?product=dahua-ipc-hdbw2441e-s-0280b\",\"name\":\"DAHUA IPC-HDBW2441E-S-0280B - Mega G\u00fcvenlik Sistemleri\",\"isPartOf\":{\"@id\":\"https:\/\/www.megaguvenlik.com\/#website\"},\"primaryImageOfPage\":{\"@id\":\"https:\/\/www.megaguvenlik.com\/?product=dahua-ipc-hdbw2441e-s-0280b#primaryimage\"},\"image\":{\"@id\":\"https:\/\/www.megaguvenlik.com\/?product=dahua-ipc-hdbw2441e-s-0280b#primaryimage\"},\"thumbnailUrl\":\"https:\/\/www.megaguvenlik.com\/wp-content\/uploads\/2025\/10\/IPC-HDBW2441E-S-0280B.jpeg\",\"datePublished\":\"2025-10-09T07:59:15+00:00\",\"description\":\"IPC-HDBW2441E-S-0280B, 4MP y\u00fcksek \u00e7\u00f6z\u00fcn\u00fcrl\u00fck ve sabit lensi ile net ve detayl\u0131 g\u00f6r\u00fcnt\u00fcler sunan IP dome kamerad\u0131r. Geli\u015fmi\u015f WDR ve 3D DNR teknolojileri, d\u00fc\u015f\u00fck \u0131\u015f\u0131k ko\u015fullar\u0131nda bile \u00fcst\u00fcn g\u00f6r\u00fcnt\u00fc kalitesi sa\u011flar. H.265+ video s\u0131k\u0131\u015ft\u0131rma ile depolama alan\u0131ndan tasarruf edilirken, dahili mikrofon sesli kay\u0131t imk\u00e2n\u0131 sunar. PoE deste\u011fi sayesinde h\u0131zl\u0131 ve kolay kurulum yap\u0131labilir. IP67 ve IK10 sertifikal\u0131 sa\u011flam g\u00f6vdesi, d\u0131\u015f mek\u00e2n ko\u015fullar\u0131na kar\u015f\u0131 dayan\u0131kl\u0131d\u0131r. IPC-HDBW2441E-S-0280B, ofisler, ma\u011fazalar ve bina \u00e7evresi g\u00fcvenli\u011fi i\u00e7in ideal, profesyonel bir g\u00fcvenlik \u00e7\u00f6z\u00fcm\u00fcd\u00fcr.\",\"breadcrumb\":{\"@id\":\"https:\/\/www.megaguvenlik.com\/?product=dahua-ipc-hdbw2441e-s-0280b#breadcrumb\"},\"inLanguage\":\"tr\",\"potentialAction\":[{\"@type\":\"ReadAction\",\"target\":[\"https:\/\/www.megaguvenlik.com\/?product=dahua-ipc-hdbw2441e-s-0280b\"]}]},{\"@type\":\"ImageObject\",\"inLanguage\":\"tr\",\"@id\":\"https:\/\/www.megaguvenlik.com\/?product=dahua-ipc-hdbw2441e-s-0280b#primaryimage\",\"url\":\"https:\/\/www.megaguvenlik.com\/wp-content\/uploads\/2025\/10\/IPC-HDBW2441E-S-0280B.jpeg\",\"contentUrl\":\"https:\/\/www.megaguvenlik.com\/wp-content\/uploads\/2025\/10\/IPC-HDBW2441E-S-0280B.jpeg\",\"width\":225,\"height\":225},{\"@type\":\"BreadcrumbList\",\"@id\":\"https:\/\/www.megaguvenlik.com\/?product=dahua-ipc-hdbw2441e-s-0280b#breadcrumb\",\"itemListElement\":[{\"@type\":\"ListItem\",\"position\":1,\"name\":\"Anasayfa\",\"item\":\"https:\/\/www.megaguvenlik.com\/\"},{\"@type\":\"ListItem\",\"position\":2,\"name\":\"Ma\u011faza\",\"item\":\"https:\/\/www.megaguvenlik.com\/?page_id=323\"},{\"@type\":\"ListItem\",\"position\":3,\"name\":\"DAHUA IPC-HDBW2441E-S-0280B\"}]},{\"@type\":\"WebSite\",\"@id\":\"https:\/\/www.megaguvenlik.com\/#website\",\"url\":\"https:\/\/www.megaguvenlik.com\/\",\"name\":\"Mega G\u00fcvenlik Sistemleri\",\"description\":\"Kamera | Yang\u0131n Alarm | Network | Acil Anons\",\"potentialAction\":[{\"@type\":\"SearchAction\",\"target\":{\"@type\":\"EntryPoint\",\"urlTemplate\":\"https:\/\/www.megaguvenlik.com\/?s={search_term_string}\"},\"query-input\":{\"@type\":\"PropertyValueSpecification\",\"valueRequired\":true,\"valueName\":\"search_term_string\"}}],\"inLanguage\":\"tr\"}]}<\/script>\n<!-- \/ Yoast SEO plugin. -->","yoast_head_json":{"title":"DAHUA IPC-HDBW2441E-S-0280B - Mega G\u00fcvenlik Sistemleri","description":"IPC-HDBW2441E-S-0280B, 4MP y\u00fcksek \u00e7\u00f6z\u00fcn\u00fcrl\u00fck ve sabit lensi ile net ve detayl\u0131 g\u00f6r\u00fcnt\u00fcler sunan IP dome kamerad\u0131r. Geli\u015fmi\u015f WDR ve 3D DNR teknolojileri, d\u00fc\u015f\u00fck \u0131\u015f\u0131k ko\u015fullar\u0131nda bile \u00fcst\u00fcn g\u00f6r\u00fcnt\u00fc kalitesi sa\u011flar. H.265+ video s\u0131k\u0131\u015ft\u0131rma ile depolama alan\u0131ndan tasarruf edilirken, dahili mikrofon sesli kay\u0131t imk\u00e2n\u0131 sunar. PoE deste\u011fi sayesinde h\u0131zl\u0131 ve kolay kurulum yap\u0131labilir. IP67 ve IK10 sertifikal\u0131 sa\u011flam g\u00f6vdesi, d\u0131\u015f mek\u00e2n ko\u015fullar\u0131na kar\u015f\u0131 dayan\u0131kl\u0131d\u0131r. IPC-HDBW2441E-S-0280B, ofisler, ma\u011fazalar ve bina \u00e7evresi g\u00fcvenli\u011fi i\u00e7in ideal, profesyonel bir g\u00fcvenlik \u00e7\u00f6z\u00fcm\u00fcd\u00fcr.","robots":{"index":"index","follow":"follow","max-snippet":"max-snippet:-1","max-image-preview":"max-image-preview:large","max-video-preview":"max-video-preview:-1"},"canonical":"https:\/\/www.megaguvenlik.com\/?product=dahua-ipc-hdbw2441e-s-0280b","og_locale":"tr_TR","og_type":"article","og_title":"DAHUA IPC-HDBW2441E-S-0280B - Mega G\u00fcvenlik Sistemleri","og_description":"IPC-HDBW2441E-S-0280B, 4MP y\u00fcksek \u00e7\u00f6z\u00fcn\u00fcrl\u00fck ve sabit lensi ile net ve detayl\u0131 g\u00f6r\u00fcnt\u00fcler sunan IP dome kamerad\u0131r. Geli\u015fmi\u015f WDR ve 3D DNR teknolojileri, d\u00fc\u015f\u00fck \u0131\u015f\u0131k ko\u015fullar\u0131nda bile \u00fcst\u00fcn g\u00f6r\u00fcnt\u00fc kalitesi sa\u011flar. H.265+ video s\u0131k\u0131\u015ft\u0131rma ile depolama alan\u0131ndan tasarruf edilirken, dahili mikrofon sesli kay\u0131t imk\u00e2n\u0131 sunar. PoE deste\u011fi sayesinde h\u0131zl\u0131 ve kolay kurulum yap\u0131labilir. IP67 ve IK10 sertifikal\u0131 sa\u011flam g\u00f6vdesi, d\u0131\u015f mek\u00e2n ko\u015fullar\u0131na kar\u015f\u0131 dayan\u0131kl\u0131d\u0131r. IPC-HDBW2441E-S-0280B, ofisler, ma\u011fazalar ve bina \u00e7evresi g\u00fcvenli\u011fi i\u00e7in ideal, profesyonel bir g\u00fcvenlik \u00e7\u00f6z\u00fcm\u00fcd\u00fcr.","og_url":"https:\/\/www.megaguvenlik.com\/?product=dahua-ipc-hdbw2441e-s-0280b","og_site_name":"Mega G\u00fcvenlik Sistemleri","og_image":[{"width":225,"height":225,"url":"https:\/\/www.megaguvenlik.com\/wp-content\/uploads\/2025\/10\/IPC-HDBW2441E-S-0280B.jpeg","type":"image\/jpeg"}],"twitter_card":"summary_large_image","twitter_misc":{"Tahmini okuma s\u00fcresi":"1 dakika"},"schema":{"@context":"https:\/\/schema.org","@graph":[{"@type":"WebPage","@id":"https:\/\/www.megaguvenlik.com\/?product=dahua-ipc-hdbw2441e-s-0280b","url":"https:\/\/www.megaguvenlik.com\/?product=dahua-ipc-hdbw2441e-s-0280b","name":"DAHUA IPC-HDBW2441E-S-0280B - Mega G\u00fcvenlik Sistemleri","isPartOf":{"@id":"https:\/\/www.megaguvenlik.com\/#website"},"primaryImageOfPage":{"@id":"https:\/\/www.megaguvenlik.com\/?product=dahua-ipc-hdbw2441e-s-0280b#primaryimage"},"image":{"@id":"https:\/\/www.megaguvenlik.com\/?product=dahua-ipc-hdbw2441e-s-0280b#primaryimage"},"thumbnailUrl":"https:\/\/www.megaguvenlik.com\/wp-content\/uploads\/2025\/10\/IPC-HDBW2441E-S-0280B.jpeg","datePublished":"2025-10-09T07:59:15+00:00","description":"IPC-HDBW2441E-S-0280B, 4MP y\u00fcksek \u00e7\u00f6z\u00fcn\u00fcrl\u00fck ve sabit lensi ile net ve detayl\u0131 g\u00f6r\u00fcnt\u00fcler sunan IP dome kamerad\u0131r. Geli\u015fmi\u015f WDR ve 3D DNR teknolojileri, d\u00fc\u015f\u00fck \u0131\u015f\u0131k ko\u015fullar\u0131nda bile \u00fcst\u00fcn g\u00f6r\u00fcnt\u00fc kalitesi sa\u011flar. H.265+ video s\u0131k\u0131\u015ft\u0131rma ile depolama alan\u0131ndan tasarruf edilirken, dahili mikrofon sesli kay\u0131t imk\u00e2n\u0131 sunar. PoE deste\u011fi sayesinde h\u0131zl\u0131 ve kolay kurulum yap\u0131labilir. IP67 ve IK10 sertifikal\u0131 sa\u011flam g\u00f6vdesi, d\u0131\u015f mek\u00e2n ko\u015fullar\u0131na kar\u015f\u0131 dayan\u0131kl\u0131d\u0131r. IPC-HDBW2441E-S-0280B, ofisler, ma\u011fazalar ve bina \u00e7evresi g\u00fcvenli\u011fi i\u00e7in ideal, profesyonel bir g\u00fcvenlik \u00e7\u00f6z\u00fcm\u00fcd\u00fcr.","breadcrumb":{"@id":"https:\/\/www.megaguvenlik.com\/?product=dahua-ipc-hdbw2441e-s-0280b#breadcrumb"},"inLanguage":"tr","potentialAction":[{"@type":"ReadAction","target":["https:\/\/www.megaguvenlik.com\/?product=dahua-ipc-hdbw2441e-s-0280b"]}]},{"@type":"ImageObject","inLanguage":"tr","@id":"https:\/\/www.megaguvenlik.com\/?product=dahua-ipc-hdbw2441e-s-0280b#primaryimage","url":"https:\/\/www.megaguvenlik.com\/wp-content\/uploads\/2025\/10\/IPC-HDBW2441E-S-0280B.jpeg","contentUrl":"https:\/\/www.megaguvenlik.com\/wp-content\/uploads\/2025\/10\/IPC-HDBW2441E-S-0280B.jpeg","width":225,"height":225},{"@type":"BreadcrumbList","@id":"https:\/\/www.megaguvenlik.com\/?product=dahua-ipc-hdbw2441e-s-0280b#breadcrumb","itemListElement":[{"@type":"ListItem","position":1,"name":"Anasayfa","item":"https:\/\/www.megaguvenlik.com\/"},{"@type":"ListItem","position":2,"name":"Ma\u011faza","item":"https:\/\/www.megaguvenlik.com\/?page_id=323"},{"@type":"ListItem","position":3,"name":"DAHUA IPC-HDBW2441E-S-0280B"}]},{"@type":"WebSite","@id":"https:\/\/www.megaguvenlik.com\/#website","url":"https:\/\/www.megaguvenlik.com\/","name":"Mega G\u00fcvenlik Sistemleri","description":"Kamera | Yang\u0131n Alarm | Network | Acil Anons","potentialAction":[{"@type":"SearchAction","target":{"@type":"EntryPoint","urlTemplate":"https:\/\/www.megaguvenlik.com\/?s={search_term_string}"},"query-input":{"@type":"PropertyValueSpecification","valueRequired":true,"valueName":"search_term_string"}}],"inLanguage":"tr"}]}},"_links":{"self":[{"href":"https:\/\/www.megaguvenlik.com\/index.php?rest_route=\/wp\/v2\/product\/4421","targetHints":{"allow":["GET"]}}],"collection":[{"href":"https:\/\/www.megaguvenlik.com\/index.php?rest_route=\/wp\/v2\/product"}],"about":[{"href":"https:\/\/www.megaguvenlik.com\/index.php?rest_route=\/wp\/v2\/types\/product"}],"replies":[{"embeddable":true,"href":"https:\/\/www.megaguvenlik.com\/index.php?rest_route=%2Fwp%2Fv2%2Fcomments&post=4421"}],"wp:featuredmedia":[{"embeddable":true,"href":"https:\/\/www.megaguvenlik.com\/index.php?rest_route=\/wp\/v2\/media\/4422"}],"wp:attachment":[{"href":"https:\/\/www.megaguvenlik.com\/index.php?rest_route=%2Fwp%2Fv2%2Fmedia&parent=4421"}],"wp:term":[{"taxonomy":"product_brand","embeddable":true,"href":"https:\/\/www.megaguvenlik.com\/index.php?rest_route=%2Fwp%2Fv2%2Fproduct_brand&post=4421"},{"taxonomy":"product_cat","embeddable":true,"href":"https:\/\/www.megaguvenlik.com\/index.php?rest_route=%2Fwp%2Fv2%2Fproduct_cat&post=4421"},{"taxonomy":"product_tag","embeddable":true,"href":"https:\/\/www.megaguvenlik.com\/index.php?rest_route=%2Fwp%2Fv2%2Fproduct_tag&post=4421"}],"curies":[{"name":"wp","href":"https:\/\/api.w.org\/{rel}","templated":true}]}}