{"id":4436,"date":"2025-10-09T11:25:39","date_gmt":"2025-10-09T08:25:39","guid":{"rendered":"https:\/\/www.megaguvenlik.com\/?post_type=product&#038;p=4436"},"modified":"2025-10-09T11:25:40","modified_gmt":"2025-10-09T08:25:40","slug":"dahua-ipc-hdbw5442r-ase-0280b","status":"publish","type":"product","link":"https:\/\/www.megaguvenlik.com\/?product=dahua-ipc-hdbw5442r-ase-0280b","title":{"rendered":"DAHUA IPC-HDBW5442R-ASE-0280B"},"content":{"rendered":"<p>4 MP H.265+ AI IR Dome Starlight Kamera(50m IR)1 \/ 1.8 &#8221; CMOS, 2.8mm Sabit Lens, 0.002 L\u00fcx Renkli, ePoE destekli(800 metre mesafeli)BLC\/HLC\/WDR(140dB), 3DNR, AWB, AGC, ICR, Defog, SD-Kart Deste\u011fi(256GB)Yapay Zeka: Y\u00fcz Yakalama\u00c7evre Korumas\u0131: Tripwire(Sanal S\u0131n\u0131r \u0130hlali), Intrusion(Alan \u0130hlali)-\u0130nsan ve Ara\u00e7 olarak s\u0131n\u0131fland\u0131rmaKi\u015fi Sayma: \u00c7izgisel Ki\u015fi Sayma, B\u00f6lgesel Ki\u015fi Sayma, Kuyruk Sayma-4 farkl\u0131 Alan Alg\u0131lamaKay\u0131p\/Terkedilmi\u015f Nesne Alg\u0131lama, Is\u0131 haritas\u0131, H\u0131zl\u0131 Hareket\/Gezinme\/Park\/Kalabal\u0131k Toplanmas\u0131 Alg\u0131lamaIP67, IK10, PoE<\/p>\n","protected":false},"excerpt":{"rendered":"<p>4 MP H.265+ AI IR Dome Starlight Kamera(50m IR)1 \/ 1.8 &#8221; CMOS, 2.8mm Sabit Lens, 0.002 L\u00fcx Renkli, ePoE destekli(800 metre mesafeli)BLC\/HLC\/WDR(140dB), 3DNR, AWB, AGC, ICR, Defog, SD-Kart Deste\u011fi(256GB)Yapay Zeka: Y\u00fcz Yakalama\u00c7evre Korumas\u0131: Tripwire(Sanal S\u0131n\u0131r \u0130hlali), Intrusion(Alan \u0130hlali)-\u0130nsan ve Ara\u00e7 olarak s\u0131n\u0131fland\u0131rmaKi\u015fi Sayma: \u00c7izgisel Ki\u015fi Sayma, B\u00f6lgesel Ki\u015fi Sayma, Kuyruk Sayma-4 farkl\u0131 Alan Alg\u0131lamaKay\u0131p\/Terkedilmi\u015f Nesne Alg\u0131lama, Is\u0131 haritas\u0131, H\u0131zl\u0131 Hareket\/Gezinme\/Park\/Kalabal\u0131k Toplanmas\u0131 Alg\u0131lamaIP67, IK10, PoE<\/p>\n","protected":false},"featured_media":4437,"comment_status":"open","ping_status":"closed","template":"","meta":[],"product_brand":[],"product_cat":[338,236,199],"product_tag":[344,340,339,346,341,345],"class_list":{"0":"post-4436","1":"product","2":"type-product","3":"status-publish","4":"has-post-thumbnail","6":"product_cat-dahua","7":"product_cat-ip-kamera","8":"product_cat-kamera-sistemleri","9":"product_tag-acupick","10":"product_tag-alhua","11":"product_tag-dahua","12":"product_tag-epoe","13":"product_tag-ip-camera","14":"product_tag-wizmind","16":"first","17":"instock","18":"taxable","19":"shipping-taxable","20":"product-type-simple"},"yoast_head":"<!-- This site is optimized with the Yoast SEO plugin v26.0 - https:\/\/yoast.com\/wordpress\/plugins\/seo\/ -->\n<title>DAHUA IPC-HDBW5442R-ASE-0280B - Mega G\u00fcvenlik Sistemleri<\/title>\n<meta name=\"description\" content=\"IPC-HDBW5442R-ASE-0280B, 4K ultra y\u00fcksek \u00e7\u00f6z\u00fcn\u00fcrl\u00fck (8MP) ve motorize varifokal lensi ile profesyonel IP dome g\u00fcvenlik kameralar\u0131 aras\u0131nda \u00f6ne \u00e7\u0131kar. Geli\u015fmi\u015f WDR ve 3D DNR teknolojileri sayesinde hem ayd\u0131nl\u0131k hem karanl\u0131k alanlarda net ve detayl\u0131 g\u00f6r\u00fcnt\u00fcler sa\u011flar. H.265+ video s\u0131k\u0131\u015ft\u0131rma ile depolama alan\u0131ndan tasarruf sa\u011flarken, dahili mikrofon sesli kay\u0131t imk\u00e2n\u0131 sunar. PoE deste\u011fi sayesinde h\u0131zl\u0131 ve kolay kurulum yap\u0131labilir. IP67 sertifikal\u0131 dayan\u0131kl\u0131 g\u00f6vdesi, d\u0131\u015f mek\u00e2n ko\u015fullar\u0131na kar\u015f\u0131 y\u00fcksek performans g\u00f6sterir. IPC-HDBW5442R-ASE-0280B, otoparklar, bina \u00e7evreleri ve ticari alanlar i\u00e7in ideal, profesyonel bir g\u00fcvenlik \u00e7\u00f6z\u00fcm\u00fcd\u00fcr.\" \/>\n<meta name=\"robots\" content=\"index, follow, max-snippet:-1, max-image-preview:large, max-video-preview:-1\" \/>\n<link rel=\"canonical\" href=\"https:\/\/www.megaguvenlik.com\/?product=dahua-ipc-hdbw5442r-ase-0280b\" \/>\n<meta property=\"og:locale\" content=\"tr_TR\" \/>\n<meta property=\"og:type\" content=\"article\" \/>\n<meta property=\"og:title\" content=\"DAHUA IPC-HDBW5442R-ASE-0280B - Mega G\u00fcvenlik Sistemleri\" \/>\n<meta property=\"og:description\" content=\"IPC-HDBW5442R-ASE-0280B, 4K ultra y\u00fcksek \u00e7\u00f6z\u00fcn\u00fcrl\u00fck (8MP) ve motorize varifokal lensi ile profesyonel IP dome g\u00fcvenlik kameralar\u0131 aras\u0131nda \u00f6ne \u00e7\u0131kar. Geli\u015fmi\u015f WDR ve 3D DNR teknolojileri sayesinde hem ayd\u0131nl\u0131k hem karanl\u0131k alanlarda net ve detayl\u0131 g\u00f6r\u00fcnt\u00fcler sa\u011flar. H.265+ video s\u0131k\u0131\u015ft\u0131rma ile depolama alan\u0131ndan tasarruf sa\u011flarken, dahili mikrofon sesli kay\u0131t imk\u00e2n\u0131 sunar. PoE deste\u011fi sayesinde h\u0131zl\u0131 ve kolay kurulum yap\u0131labilir. IP67 sertifikal\u0131 dayan\u0131kl\u0131 g\u00f6vdesi, d\u0131\u015f mek\u00e2n ko\u015fullar\u0131na kar\u015f\u0131 y\u00fcksek performans g\u00f6sterir. IPC-HDBW5442R-ASE-0280B, otoparklar, bina \u00e7evreleri ve ticari alanlar i\u00e7in ideal, profesyonel bir g\u00fcvenlik \u00e7\u00f6z\u00fcm\u00fcd\u00fcr.\" \/>\n<meta property=\"og:url\" content=\"https:\/\/www.megaguvenlik.com\/?product=dahua-ipc-hdbw5442r-ase-0280b\" \/>\n<meta property=\"og:site_name\" content=\"Mega G\u00fcvenlik Sistemleri\" \/>\n<meta property=\"article:modified_time\" content=\"2025-10-09T08:25:40+00:00\" \/>\n<meta property=\"og:image\" content=\"https:\/\/www.megaguvenlik.com\/wp-content\/uploads\/2025\/10\/IPC-HDBW5442R-ASE-0280B.jpeg\" \/>\n\t<meta property=\"og:image:width\" content=\"224\" \/>\n\t<meta property=\"og:image:height\" content=\"224\" \/>\n\t<meta property=\"og:image:type\" content=\"image\/jpeg\" \/>\n<meta name=\"twitter:card\" content=\"summary_large_image\" \/>\n<meta name=\"twitter:label1\" content=\"Tahmini okuma s\u00fcresi\" \/>\n\t<meta name=\"twitter:data1\" content=\"1 dakika\" \/>\n<script type=\"application\/ld+json\" class=\"yoast-schema-graph\">{\"@context\":\"https:\/\/schema.org\",\"@graph\":[{\"@type\":\"WebPage\",\"@id\":\"https:\/\/www.megaguvenlik.com\/?product=dahua-ipc-hdbw5442r-ase-0280b\",\"url\":\"https:\/\/www.megaguvenlik.com\/?product=dahua-ipc-hdbw5442r-ase-0280b\",\"name\":\"DAHUA IPC-HDBW5442R-ASE-0280B - Mega G\u00fcvenlik Sistemleri\",\"isPartOf\":{\"@id\":\"https:\/\/www.megaguvenlik.com\/#website\"},\"primaryImageOfPage\":{\"@id\":\"https:\/\/www.megaguvenlik.com\/?product=dahua-ipc-hdbw5442r-ase-0280b#primaryimage\"},\"image\":{\"@id\":\"https:\/\/www.megaguvenlik.com\/?product=dahua-ipc-hdbw5442r-ase-0280b#primaryimage\"},\"thumbnailUrl\":\"https:\/\/www.megaguvenlik.com\/wp-content\/uploads\/2025\/10\/IPC-HDBW5442R-ASE-0280B.jpeg\",\"datePublished\":\"2025-10-09T08:25:39+00:00\",\"dateModified\":\"2025-10-09T08:25:40+00:00\",\"description\":\"IPC-HDBW5442R-ASE-0280B, 4K ultra y\u00fcksek \u00e7\u00f6z\u00fcn\u00fcrl\u00fck (8MP) ve motorize varifokal lensi ile profesyonel IP dome g\u00fcvenlik kameralar\u0131 aras\u0131nda \u00f6ne \u00e7\u0131kar. Geli\u015fmi\u015f WDR ve 3D DNR teknolojileri sayesinde hem ayd\u0131nl\u0131k hem karanl\u0131k alanlarda net ve detayl\u0131 g\u00f6r\u00fcnt\u00fcler sa\u011flar. H.265+ video s\u0131k\u0131\u015ft\u0131rma ile depolama alan\u0131ndan tasarruf sa\u011flarken, dahili mikrofon sesli kay\u0131t imk\u00e2n\u0131 sunar. PoE deste\u011fi sayesinde h\u0131zl\u0131 ve kolay kurulum yap\u0131labilir. IP67 sertifikal\u0131 dayan\u0131kl\u0131 g\u00f6vdesi, d\u0131\u015f mek\u00e2n ko\u015fullar\u0131na kar\u015f\u0131 y\u00fcksek performans g\u00f6sterir. IPC-HDBW5442R-ASE-0280B, otoparklar, bina \u00e7evreleri ve ticari alanlar i\u00e7in ideal, profesyonel bir g\u00fcvenlik \u00e7\u00f6z\u00fcm\u00fcd\u00fcr.\",\"breadcrumb\":{\"@id\":\"https:\/\/www.megaguvenlik.com\/?product=dahua-ipc-hdbw5442r-ase-0280b#breadcrumb\"},\"inLanguage\":\"tr\",\"potentialAction\":[{\"@type\":\"ReadAction\",\"target\":[\"https:\/\/www.megaguvenlik.com\/?product=dahua-ipc-hdbw5442r-ase-0280b\"]}]},{\"@type\":\"ImageObject\",\"inLanguage\":\"tr\",\"@id\":\"https:\/\/www.megaguvenlik.com\/?product=dahua-ipc-hdbw5442r-ase-0280b#primaryimage\",\"url\":\"https:\/\/www.megaguvenlik.com\/wp-content\/uploads\/2025\/10\/IPC-HDBW5442R-ASE-0280B.jpeg\",\"contentUrl\":\"https:\/\/www.megaguvenlik.com\/wp-content\/uploads\/2025\/10\/IPC-HDBW5442R-ASE-0280B.jpeg\",\"width\":224,\"height\":224},{\"@type\":\"BreadcrumbList\",\"@id\":\"https:\/\/www.megaguvenlik.com\/?product=dahua-ipc-hdbw5442r-ase-0280b#breadcrumb\",\"itemListElement\":[{\"@type\":\"ListItem\",\"position\":1,\"name\":\"Anasayfa\",\"item\":\"https:\/\/www.megaguvenlik.com\/\"},{\"@type\":\"ListItem\",\"position\":2,\"name\":\"Ma\u011faza\",\"item\":\"https:\/\/www.megaguvenlik.com\/?page_id=323\"},{\"@type\":\"ListItem\",\"position\":3,\"name\":\"DAHUA IPC-HDBW5442R-ASE-0280B\"}]},{\"@type\":\"WebSite\",\"@id\":\"https:\/\/www.megaguvenlik.com\/#website\",\"url\":\"https:\/\/www.megaguvenlik.com\/\",\"name\":\"Mega G\u00fcvenlik Sistemleri\",\"description\":\"Kamera | Yang\u0131n Alarm | Network | Acil Anons\",\"potentialAction\":[{\"@type\":\"SearchAction\",\"target\":{\"@type\":\"EntryPoint\",\"urlTemplate\":\"https:\/\/www.megaguvenlik.com\/?s={search_term_string}\"},\"query-input\":{\"@type\":\"PropertyValueSpecification\",\"valueRequired\":true,\"valueName\":\"search_term_string\"}}],\"inLanguage\":\"tr\"}]}<\/script>\n<!-- \/ Yoast SEO plugin. -->","yoast_head_json":{"title":"DAHUA IPC-HDBW5442R-ASE-0280B - Mega G\u00fcvenlik Sistemleri","description":"IPC-HDBW5442R-ASE-0280B, 4K ultra y\u00fcksek \u00e7\u00f6z\u00fcn\u00fcrl\u00fck (8MP) ve motorize varifokal lensi ile profesyonel IP dome g\u00fcvenlik kameralar\u0131 aras\u0131nda \u00f6ne \u00e7\u0131kar. Geli\u015fmi\u015f WDR ve 3D DNR teknolojileri sayesinde hem ayd\u0131nl\u0131k hem karanl\u0131k alanlarda net ve detayl\u0131 g\u00f6r\u00fcnt\u00fcler sa\u011flar. H.265+ video s\u0131k\u0131\u015ft\u0131rma ile depolama alan\u0131ndan tasarruf sa\u011flarken, dahili mikrofon sesli kay\u0131t imk\u00e2n\u0131 sunar. PoE deste\u011fi sayesinde h\u0131zl\u0131 ve kolay kurulum yap\u0131labilir. IP67 sertifikal\u0131 dayan\u0131kl\u0131 g\u00f6vdesi, d\u0131\u015f mek\u00e2n ko\u015fullar\u0131na kar\u015f\u0131 y\u00fcksek performans g\u00f6sterir. IPC-HDBW5442R-ASE-0280B, otoparklar, bina \u00e7evreleri ve ticari alanlar i\u00e7in ideal, profesyonel bir g\u00fcvenlik \u00e7\u00f6z\u00fcm\u00fcd\u00fcr.","robots":{"index":"index","follow":"follow","max-snippet":"max-snippet:-1","max-image-preview":"max-image-preview:large","max-video-preview":"max-video-preview:-1"},"canonical":"https:\/\/www.megaguvenlik.com\/?product=dahua-ipc-hdbw5442r-ase-0280b","og_locale":"tr_TR","og_type":"article","og_title":"DAHUA IPC-HDBW5442R-ASE-0280B - Mega G\u00fcvenlik Sistemleri","og_description":"IPC-HDBW5442R-ASE-0280B, 4K ultra y\u00fcksek \u00e7\u00f6z\u00fcn\u00fcrl\u00fck (8MP) ve motorize varifokal lensi ile profesyonel IP dome g\u00fcvenlik kameralar\u0131 aras\u0131nda \u00f6ne \u00e7\u0131kar. Geli\u015fmi\u015f WDR ve 3D DNR teknolojileri sayesinde hem ayd\u0131nl\u0131k hem karanl\u0131k alanlarda net ve detayl\u0131 g\u00f6r\u00fcnt\u00fcler sa\u011flar. H.265+ video s\u0131k\u0131\u015ft\u0131rma ile depolama alan\u0131ndan tasarruf sa\u011flarken, dahili mikrofon sesli kay\u0131t imk\u00e2n\u0131 sunar. PoE deste\u011fi sayesinde h\u0131zl\u0131 ve kolay kurulum yap\u0131labilir. IP67 sertifikal\u0131 dayan\u0131kl\u0131 g\u00f6vdesi, d\u0131\u015f mek\u00e2n ko\u015fullar\u0131na kar\u015f\u0131 y\u00fcksek performans g\u00f6sterir. IPC-HDBW5442R-ASE-0280B, otoparklar, bina \u00e7evreleri ve ticari alanlar i\u00e7in ideal, profesyonel bir g\u00fcvenlik \u00e7\u00f6z\u00fcm\u00fcd\u00fcr.","og_url":"https:\/\/www.megaguvenlik.com\/?product=dahua-ipc-hdbw5442r-ase-0280b","og_site_name":"Mega G\u00fcvenlik Sistemleri","article_modified_time":"2025-10-09T08:25:40+00:00","og_image":[{"width":224,"height":224,"url":"https:\/\/www.megaguvenlik.com\/wp-content\/uploads\/2025\/10\/IPC-HDBW5442R-ASE-0280B.jpeg","type":"image\/jpeg"}],"twitter_card":"summary_large_image","twitter_misc":{"Tahmini okuma s\u00fcresi":"1 dakika"},"schema":{"@context":"https:\/\/schema.org","@graph":[{"@type":"WebPage","@id":"https:\/\/www.megaguvenlik.com\/?product=dahua-ipc-hdbw5442r-ase-0280b","url":"https:\/\/www.megaguvenlik.com\/?product=dahua-ipc-hdbw5442r-ase-0280b","name":"DAHUA IPC-HDBW5442R-ASE-0280B - Mega G\u00fcvenlik Sistemleri","isPartOf":{"@id":"https:\/\/www.megaguvenlik.com\/#website"},"primaryImageOfPage":{"@id":"https:\/\/www.megaguvenlik.com\/?product=dahua-ipc-hdbw5442r-ase-0280b#primaryimage"},"image":{"@id":"https:\/\/www.megaguvenlik.com\/?product=dahua-ipc-hdbw5442r-ase-0280b#primaryimage"},"thumbnailUrl":"https:\/\/www.megaguvenlik.com\/wp-content\/uploads\/2025\/10\/IPC-HDBW5442R-ASE-0280B.jpeg","datePublished":"2025-10-09T08:25:39+00:00","dateModified":"2025-10-09T08:25:40+00:00","description":"IPC-HDBW5442R-ASE-0280B, 4K ultra y\u00fcksek \u00e7\u00f6z\u00fcn\u00fcrl\u00fck (8MP) ve motorize varifokal lensi ile profesyonel IP dome g\u00fcvenlik kameralar\u0131 aras\u0131nda \u00f6ne \u00e7\u0131kar. Geli\u015fmi\u015f WDR ve 3D DNR teknolojileri sayesinde hem ayd\u0131nl\u0131k hem karanl\u0131k alanlarda net ve detayl\u0131 g\u00f6r\u00fcnt\u00fcler sa\u011flar. H.265+ video s\u0131k\u0131\u015ft\u0131rma ile depolama alan\u0131ndan tasarruf sa\u011flarken, dahili mikrofon sesli kay\u0131t imk\u00e2n\u0131 sunar. PoE deste\u011fi sayesinde h\u0131zl\u0131 ve kolay kurulum yap\u0131labilir. IP67 sertifikal\u0131 dayan\u0131kl\u0131 g\u00f6vdesi, d\u0131\u015f mek\u00e2n ko\u015fullar\u0131na kar\u015f\u0131 y\u00fcksek performans g\u00f6sterir. IPC-HDBW5442R-ASE-0280B, otoparklar, bina \u00e7evreleri ve ticari alanlar i\u00e7in ideal, profesyonel bir g\u00fcvenlik \u00e7\u00f6z\u00fcm\u00fcd\u00fcr.","breadcrumb":{"@id":"https:\/\/www.megaguvenlik.com\/?product=dahua-ipc-hdbw5442r-ase-0280b#breadcrumb"},"inLanguage":"tr","potentialAction":[{"@type":"ReadAction","target":["https:\/\/www.megaguvenlik.com\/?product=dahua-ipc-hdbw5442r-ase-0280b"]}]},{"@type":"ImageObject","inLanguage":"tr","@id":"https:\/\/www.megaguvenlik.com\/?product=dahua-ipc-hdbw5442r-ase-0280b#primaryimage","url":"https:\/\/www.megaguvenlik.com\/wp-content\/uploads\/2025\/10\/IPC-HDBW5442R-ASE-0280B.jpeg","contentUrl":"https:\/\/www.megaguvenlik.com\/wp-content\/uploads\/2025\/10\/IPC-HDBW5442R-ASE-0280B.jpeg","width":224,"height":224},{"@type":"BreadcrumbList","@id":"https:\/\/www.megaguvenlik.com\/?product=dahua-ipc-hdbw5442r-ase-0280b#breadcrumb","itemListElement":[{"@type":"ListItem","position":1,"name":"Anasayfa","item":"https:\/\/www.megaguvenlik.com\/"},{"@type":"ListItem","position":2,"name":"Ma\u011faza","item":"https:\/\/www.megaguvenlik.com\/?page_id=323"},{"@type":"ListItem","position":3,"name":"DAHUA IPC-HDBW5442R-ASE-0280B"}]},{"@type":"WebSite","@id":"https:\/\/www.megaguvenlik.com\/#website","url":"https:\/\/www.megaguvenlik.com\/","name":"Mega G\u00fcvenlik Sistemleri","description":"Kamera | Yang\u0131n Alarm | Network | Acil Anons","potentialAction":[{"@type":"SearchAction","target":{"@type":"EntryPoint","urlTemplate":"https:\/\/www.megaguvenlik.com\/?s={search_term_string}"},"query-input":{"@type":"PropertyValueSpecification","valueRequired":true,"valueName":"search_term_string"}}],"inLanguage":"tr"}]}},"_links":{"self":[{"href":"https:\/\/www.megaguvenlik.com\/index.php?rest_route=\/wp\/v2\/product\/4436","targetHints":{"allow":["GET"]}}],"collection":[{"href":"https:\/\/www.megaguvenlik.com\/index.php?rest_route=\/wp\/v2\/product"}],"about":[{"href":"https:\/\/www.megaguvenlik.com\/index.php?rest_route=\/wp\/v2\/types\/product"}],"replies":[{"embeddable":true,"href":"https:\/\/www.megaguvenlik.com\/index.php?rest_route=%2Fwp%2Fv2%2Fcomments&post=4436"}],"wp:featuredmedia":[{"embeddable":true,"href":"https:\/\/www.megaguvenlik.com\/index.php?rest_route=\/wp\/v2\/media\/4437"}],"wp:attachment":[{"href":"https:\/\/www.megaguvenlik.com\/index.php?rest_route=%2Fwp%2Fv2%2Fmedia&parent=4436"}],"wp:term":[{"taxonomy":"product_brand","embeddable":true,"href":"https:\/\/www.megaguvenlik.com\/index.php?rest_route=%2Fwp%2Fv2%2Fproduct_brand&post=4436"},{"taxonomy":"product_cat","embeddable":true,"href":"https:\/\/www.megaguvenlik.com\/index.php?rest_route=%2Fwp%2Fv2%2Fproduct_cat&post=4436"},{"taxonomy":"product_tag","embeddable":true,"href":"https:\/\/www.megaguvenlik.com\/index.php?rest_route=%2Fwp%2Fv2%2Fproduct_tag&post=4436"}],"curies":[{"name":"wp","href":"https:\/\/api.w.org\/{rel}","templated":true}]}}