{"id":4500,"date":"2025-10-13T09:08:13","date_gmt":"2025-10-13T06:08:13","guid":{"rendered":"https:\/\/www.megaguvenlik.com\/?post_type=product&#038;p=4500"},"modified":"2025-10-13T09:08:13","modified_gmt":"2025-10-13T06:08:13","slug":"dahua-ipc-pfw3849s-a180-as-pv","status":"publish","type":"product","link":"https:\/\/www.megaguvenlik.com\/?product=dahua-ipc-pfw3849s-a180-as-pv","title":{"rendered":"DAHUA IPC-PFW3849S-A180-AS-PV"},"content":{"rendered":"<p>2x4MP TiOC Duo S\u00fcper Geni\u015f A\u00e7\u0131 Bullet Kamera(25m IR+20m Beyaz I\u015f\u0131k)<br \/>\n1 \/ 2.7 &#8221; CMOS, 2.8 mm Sabit Lens, 0.005 L\u00fcx Renkli,Ak\u0131ll\u0131 ikili ayd\u0131nlatma BLC\/HLC\/WDR(120dB), 3DNR, AWB, AGC, ICR, SD Kart Deste\u011fi(256GB)<br \/>\nSanal S\u0131n\u0131r, Alan \u0130hlali, Ak\u0131ll\u0131 Hareket Alg\u0131lama(SMD+) Analizi (\u0130nsan&amp;Ara\u00e7 Ayr\u0131m\u0131)<br \/>\nIP67, PoE, 4096 \u00d7 1860(1\u201320 fps), Dahili Mikrofon, Metal Kasa, Hedefi h\u0131zl\u0131 Arama, Ara\u00e7 takip etme 3.0, K\u0131r\u0131m\u0131z ve mavi \u0131\u015f\u0131kl\u0131 uyarma<\/p>\n","protected":false},"excerpt":{"rendered":"<p>2x4MP TiOC Duo S\u00fcper Geni\u015f A\u00e7\u0131 Bullet Kamera(25m IR+20m Beyaz I\u015f\u0131k)<br \/>\n1 \/ 2.7 &#8221; CMOS, 2.8 mm Sabit Lens, 0.005 L\u00fcx Renkli,Ak\u0131ll\u0131 ikili ayd\u0131nlatma BLC\/HLC\/WDR(120dB), 3DNR, AWB, AGC, ICR, SD Kart Deste\u011fi(256GB)<br \/>\nSanal S\u0131n\u0131r, Alan \u0130hlali, Ak\u0131ll\u0131 Hareket Alg\u0131lama(SMD+) Analizi (\u0130nsan&amp;Ara\u00e7 Ayr\u0131m\u0131)<br \/>\nIP67, PoE, 4096 \u00d7 1860(1\u201320 fps), Dahili Mikrofon, Metal Kasa, Hedefi h\u0131zl\u0131 Arama, Ara\u00e7 takip etme 3.0, K\u0131r\u0131m\u0131z ve mavi \u0131\u015f\u0131kl\u0131 uyarma<\/p>\n","protected":false},"featured_media":4501,"comment_status":"open","ping_status":"closed","template":"","meta":[],"product_brand":[],"product_cat":[338,236,199],"product_tag":[340,339,353,347,341,348,349],"class_list":{"0":"post-4500","1":"product","2":"type-product","3":"status-publish","4":"has-post-thumbnail","6":"product_cat-dahua","7":"product_cat-ip-kamera","8":"product_cat-kamera-sistemleri","9":"product_tag-alhua","10":"product_tag-dahua","11":"product_tag-duo","12":"product_tag-full-color","13":"product_tag-ip-camera","14":"product_tag-smartduallight","15":"product_tag-tioc","17":"first","18":"instock","19":"taxable","20":"shipping-taxable","21":"product-type-simple"},"yoast_head":"<!-- This site is optimized with the Yoast SEO plugin v26.0 - https:\/\/yoast.com\/wordpress\/plugins\/seo\/ -->\n<title>DAHUA IPC-PFW3849S-A180-AS-PV - Mega G\u00fcvenlik Sistemleri<\/title>\n<meta name=\"description\" content=\"**DAHUA IPC-PFW3849S-A180-AS-PV SEO A\u00e7\u0131klamas\u0131:**Dahua IPC-PFW3849S-A180-AS-PV, 8 MP \u00e7\u00f6z\u00fcn\u00fcrl\u00fckl\u00fc **Panoramik Ak\u0131ll\u0131 IP kamera** modelidir. 180\u00b0 ultra geni\u015f a\u00e7\u0131ya sahip \u00e7ift lensli yap\u0131s\u0131 sayesinde geni\u015f alanlar\u0131 tek kamerayla izleme imk\u00e2n\u0131 sunar. Geli\u015fmi\u015f Full-Color teknolojisi, karanl\u0131k ortamlarda dahi canl\u0131 renkli g\u00f6r\u00fcnt\u00fcler elde edilmesini sa\u011flar. Dahili mikrofon, hoparl\u00f6r ve LED \u0131\u015f\u0131k deste\u011fiyle aktif cayd\u0131r\u0131c\u0131l\u0131k sa\u011flar; hareket alg\u0131land\u0131\u011f\u0131nda sesli ve \u0131\u015f\u0131kl\u0131 uyar\u0131 verebilir. H.265+ video s\u0131k\u0131\u015ft\u0131rma teknolojisiyle depolama ve a\u011f y\u00fck\u00fcn\u00fc minimuma indirir. 1\/2.7\u201d CMOS sens\u00f6r, 120 dB WDR ve ak\u0131ll\u0131 IVS analiz \u00f6zellikleriyle profesyonel g\u00fcvenlik \u00e7\u00f6z\u00fcmleri sunar. IP67 koruma standard\u0131na sahip olan IPC-PFW3849S-A180-AS-PV, d\u0131\u015f mek\u00e2n ko\u015fullar\u0131na dayan\u0131kl\u0131d\u0131r ve PoE deste\u011fiyle kolay kurulum sa\u011flar. Geni\u015f alan g\u00fcvenli\u011fi, park alanlar\u0131 ve bina \u00e7evresi izleme i\u00e7in m\u00fckemmel bir \u00e7\u00f6z\u00fcmd\u00fcr.\" \/>\n<meta name=\"robots\" content=\"index, follow, max-snippet:-1, max-image-preview:large, max-video-preview:-1\" \/>\n<link rel=\"canonical\" href=\"https:\/\/www.megaguvenlik.com\/?product=dahua-ipc-pfw3849s-a180-as-pv\" \/>\n<meta property=\"og:locale\" content=\"tr_TR\" \/>\n<meta property=\"og:type\" content=\"article\" \/>\n<meta property=\"og:title\" content=\"DAHUA IPC-PFW3849S-A180-AS-PV - Mega G\u00fcvenlik Sistemleri\" \/>\n<meta property=\"og:description\" content=\"**DAHUA IPC-PFW3849S-A180-AS-PV SEO A\u00e7\u0131klamas\u0131:**Dahua IPC-PFW3849S-A180-AS-PV, 8 MP \u00e7\u00f6z\u00fcn\u00fcrl\u00fckl\u00fc **Panoramik Ak\u0131ll\u0131 IP kamera** modelidir. 180\u00b0 ultra geni\u015f a\u00e7\u0131ya sahip \u00e7ift lensli yap\u0131s\u0131 sayesinde geni\u015f alanlar\u0131 tek kamerayla izleme imk\u00e2n\u0131 sunar. Geli\u015fmi\u015f Full-Color teknolojisi, karanl\u0131k ortamlarda dahi canl\u0131 renkli g\u00f6r\u00fcnt\u00fcler elde edilmesini sa\u011flar. Dahili mikrofon, hoparl\u00f6r ve LED \u0131\u015f\u0131k deste\u011fiyle aktif cayd\u0131r\u0131c\u0131l\u0131k sa\u011flar; hareket alg\u0131land\u0131\u011f\u0131nda sesli ve \u0131\u015f\u0131kl\u0131 uyar\u0131 verebilir. H.265+ video s\u0131k\u0131\u015ft\u0131rma teknolojisiyle depolama ve a\u011f y\u00fck\u00fcn\u00fc minimuma indirir. 1\/2.7\u201d CMOS sens\u00f6r, 120 dB WDR ve ak\u0131ll\u0131 IVS analiz \u00f6zellikleriyle profesyonel g\u00fcvenlik \u00e7\u00f6z\u00fcmleri sunar. IP67 koruma standard\u0131na sahip olan IPC-PFW3849S-A180-AS-PV, d\u0131\u015f mek\u00e2n ko\u015fullar\u0131na dayan\u0131kl\u0131d\u0131r ve PoE deste\u011fiyle kolay kurulum sa\u011flar. Geni\u015f alan g\u00fcvenli\u011fi, park alanlar\u0131 ve bina \u00e7evresi izleme i\u00e7in m\u00fckemmel bir \u00e7\u00f6z\u00fcmd\u00fcr.\" \/>\n<meta property=\"og:url\" content=\"https:\/\/www.megaguvenlik.com\/?product=dahua-ipc-pfw3849s-a180-as-pv\" \/>\n<meta property=\"og:site_name\" content=\"Mega G\u00fcvenlik Sistemleri\" \/>\n<meta property=\"og:image\" content=\"https:\/\/www.megaguvenlik.com\/wp-content\/uploads\/2025\/10\/IPC-PFW3849S-A180-AS-PV.jpeg\" \/>\n\t<meta property=\"og:image:width\" content=\"225\" \/>\n\t<meta property=\"og:image:height\" content=\"225\" \/>\n\t<meta property=\"og:image:type\" content=\"image\/jpeg\" \/>\n<meta name=\"twitter:card\" content=\"summary_large_image\" \/>\n<meta name=\"twitter:label1\" content=\"Tahmini okuma s\u00fcresi\" \/>\n\t<meta name=\"twitter:data1\" content=\"1 dakika\" \/>\n<script type=\"application\/ld+json\" class=\"yoast-schema-graph\">{\"@context\":\"https:\/\/schema.org\",\"@graph\":[{\"@type\":\"WebPage\",\"@id\":\"https:\/\/www.megaguvenlik.com\/?product=dahua-ipc-pfw3849s-a180-as-pv\",\"url\":\"https:\/\/www.megaguvenlik.com\/?product=dahua-ipc-pfw3849s-a180-as-pv\",\"name\":\"DAHUA IPC-PFW3849S-A180-AS-PV - Mega G\u00fcvenlik Sistemleri\",\"isPartOf\":{\"@id\":\"https:\/\/www.megaguvenlik.com\/#website\"},\"primaryImageOfPage\":{\"@id\":\"https:\/\/www.megaguvenlik.com\/?product=dahua-ipc-pfw3849s-a180-as-pv#primaryimage\"},\"image\":{\"@id\":\"https:\/\/www.megaguvenlik.com\/?product=dahua-ipc-pfw3849s-a180-as-pv#primaryimage\"},\"thumbnailUrl\":\"https:\/\/www.megaguvenlik.com\/wp-content\/uploads\/2025\/10\/IPC-PFW3849S-A180-AS-PV.jpeg\",\"datePublished\":\"2025-10-13T06:08:13+00:00\",\"description\":\"**DAHUA IPC-PFW3849S-A180-AS-PV SEO A\u00e7\u0131klamas\u0131:**Dahua IPC-PFW3849S-A180-AS-PV, 8 MP \u00e7\u00f6z\u00fcn\u00fcrl\u00fckl\u00fc **Panoramik Ak\u0131ll\u0131 IP kamera** modelidir. 180\u00b0 ultra geni\u015f a\u00e7\u0131ya sahip \u00e7ift lensli yap\u0131s\u0131 sayesinde geni\u015f alanlar\u0131 tek kamerayla izleme imk\u00e2n\u0131 sunar. Geli\u015fmi\u015f Full-Color teknolojisi, karanl\u0131k ortamlarda dahi canl\u0131 renkli g\u00f6r\u00fcnt\u00fcler elde edilmesini sa\u011flar. Dahili mikrofon, hoparl\u00f6r ve LED \u0131\u015f\u0131k deste\u011fiyle aktif cayd\u0131r\u0131c\u0131l\u0131k sa\u011flar; hareket alg\u0131land\u0131\u011f\u0131nda sesli ve \u0131\u015f\u0131kl\u0131 uyar\u0131 verebilir. H.265+ video s\u0131k\u0131\u015ft\u0131rma teknolojisiyle depolama ve a\u011f y\u00fck\u00fcn\u00fc minimuma indirir. 1\/2.7\u201d CMOS sens\u00f6r, 120 dB WDR ve ak\u0131ll\u0131 IVS analiz \u00f6zellikleriyle profesyonel g\u00fcvenlik \u00e7\u00f6z\u00fcmleri sunar. IP67 koruma standard\u0131na sahip olan IPC-PFW3849S-A180-AS-PV, d\u0131\u015f mek\u00e2n ko\u015fullar\u0131na dayan\u0131kl\u0131d\u0131r ve PoE deste\u011fiyle kolay kurulum sa\u011flar. Geni\u015f alan g\u00fcvenli\u011fi, park alanlar\u0131 ve bina \u00e7evresi izleme i\u00e7in m\u00fckemmel bir \u00e7\u00f6z\u00fcmd\u00fcr.\",\"breadcrumb\":{\"@id\":\"https:\/\/www.megaguvenlik.com\/?product=dahua-ipc-pfw3849s-a180-as-pv#breadcrumb\"},\"inLanguage\":\"tr\",\"potentialAction\":[{\"@type\":\"ReadAction\",\"target\":[\"https:\/\/www.megaguvenlik.com\/?product=dahua-ipc-pfw3849s-a180-as-pv\"]}]},{\"@type\":\"ImageObject\",\"inLanguage\":\"tr\",\"@id\":\"https:\/\/www.megaguvenlik.com\/?product=dahua-ipc-pfw3849s-a180-as-pv#primaryimage\",\"url\":\"https:\/\/www.megaguvenlik.com\/wp-content\/uploads\/2025\/10\/IPC-PFW3849S-A180-AS-PV.jpeg\",\"contentUrl\":\"https:\/\/www.megaguvenlik.com\/wp-content\/uploads\/2025\/10\/IPC-PFW3849S-A180-AS-PV.jpeg\",\"width\":225,\"height\":225},{\"@type\":\"BreadcrumbList\",\"@id\":\"https:\/\/www.megaguvenlik.com\/?product=dahua-ipc-pfw3849s-a180-as-pv#breadcrumb\",\"itemListElement\":[{\"@type\":\"ListItem\",\"position\":1,\"name\":\"Anasayfa\",\"item\":\"https:\/\/www.megaguvenlik.com\/\"},{\"@type\":\"ListItem\",\"position\":2,\"name\":\"Ma\u011faza\",\"item\":\"https:\/\/www.megaguvenlik.com\/?page_id=323\"},{\"@type\":\"ListItem\",\"position\":3,\"name\":\"DAHUA IPC-PFW3849S-A180-AS-PV\"}]},{\"@type\":\"WebSite\",\"@id\":\"https:\/\/www.megaguvenlik.com\/#website\",\"url\":\"https:\/\/www.megaguvenlik.com\/\",\"name\":\"Mega G\u00fcvenlik Sistemleri\",\"description\":\"Kamera | Yang\u0131n Alarm | Network | Acil Anons\",\"potentialAction\":[{\"@type\":\"SearchAction\",\"target\":{\"@type\":\"EntryPoint\",\"urlTemplate\":\"https:\/\/www.megaguvenlik.com\/?s={search_term_string}\"},\"query-input\":{\"@type\":\"PropertyValueSpecification\",\"valueRequired\":true,\"valueName\":\"search_term_string\"}}],\"inLanguage\":\"tr\"}]}<\/script>\n<!-- \/ Yoast SEO plugin. -->","yoast_head_json":{"title":"DAHUA IPC-PFW3849S-A180-AS-PV - Mega G\u00fcvenlik Sistemleri","description":"**DAHUA IPC-PFW3849S-A180-AS-PV SEO A\u00e7\u0131klamas\u0131:**Dahua IPC-PFW3849S-A180-AS-PV, 8 MP \u00e7\u00f6z\u00fcn\u00fcrl\u00fckl\u00fc **Panoramik Ak\u0131ll\u0131 IP kamera** modelidir. 180\u00b0 ultra geni\u015f a\u00e7\u0131ya sahip \u00e7ift lensli yap\u0131s\u0131 sayesinde geni\u015f alanlar\u0131 tek kamerayla izleme imk\u00e2n\u0131 sunar. Geli\u015fmi\u015f Full-Color teknolojisi, karanl\u0131k ortamlarda dahi canl\u0131 renkli g\u00f6r\u00fcnt\u00fcler elde edilmesini sa\u011flar. Dahili mikrofon, hoparl\u00f6r ve LED \u0131\u015f\u0131k deste\u011fiyle aktif cayd\u0131r\u0131c\u0131l\u0131k sa\u011flar; hareket alg\u0131land\u0131\u011f\u0131nda sesli ve \u0131\u015f\u0131kl\u0131 uyar\u0131 verebilir. H.265+ video s\u0131k\u0131\u015ft\u0131rma teknolojisiyle depolama ve a\u011f y\u00fck\u00fcn\u00fc minimuma indirir. 1\/2.7\u201d CMOS sens\u00f6r, 120 dB WDR ve ak\u0131ll\u0131 IVS analiz \u00f6zellikleriyle profesyonel g\u00fcvenlik \u00e7\u00f6z\u00fcmleri sunar. IP67 koruma standard\u0131na sahip olan IPC-PFW3849S-A180-AS-PV, d\u0131\u015f mek\u00e2n ko\u015fullar\u0131na dayan\u0131kl\u0131d\u0131r ve PoE deste\u011fiyle kolay kurulum sa\u011flar. Geni\u015f alan g\u00fcvenli\u011fi, park alanlar\u0131 ve bina \u00e7evresi izleme i\u00e7in m\u00fckemmel bir \u00e7\u00f6z\u00fcmd\u00fcr.","robots":{"index":"index","follow":"follow","max-snippet":"max-snippet:-1","max-image-preview":"max-image-preview:large","max-video-preview":"max-video-preview:-1"},"canonical":"https:\/\/www.megaguvenlik.com\/?product=dahua-ipc-pfw3849s-a180-as-pv","og_locale":"tr_TR","og_type":"article","og_title":"DAHUA IPC-PFW3849S-A180-AS-PV - Mega G\u00fcvenlik Sistemleri","og_description":"**DAHUA IPC-PFW3849S-A180-AS-PV SEO A\u00e7\u0131klamas\u0131:**Dahua IPC-PFW3849S-A180-AS-PV, 8 MP \u00e7\u00f6z\u00fcn\u00fcrl\u00fckl\u00fc **Panoramik Ak\u0131ll\u0131 IP kamera** modelidir. 180\u00b0 ultra geni\u015f a\u00e7\u0131ya sahip \u00e7ift lensli yap\u0131s\u0131 sayesinde geni\u015f alanlar\u0131 tek kamerayla izleme imk\u00e2n\u0131 sunar. Geli\u015fmi\u015f Full-Color teknolojisi, karanl\u0131k ortamlarda dahi canl\u0131 renkli g\u00f6r\u00fcnt\u00fcler elde edilmesini sa\u011flar. Dahili mikrofon, hoparl\u00f6r ve LED \u0131\u015f\u0131k deste\u011fiyle aktif cayd\u0131r\u0131c\u0131l\u0131k sa\u011flar; hareket alg\u0131land\u0131\u011f\u0131nda sesli ve \u0131\u015f\u0131kl\u0131 uyar\u0131 verebilir. H.265+ video s\u0131k\u0131\u015ft\u0131rma teknolojisiyle depolama ve a\u011f y\u00fck\u00fcn\u00fc minimuma indirir. 1\/2.7\u201d CMOS sens\u00f6r, 120 dB WDR ve ak\u0131ll\u0131 IVS analiz \u00f6zellikleriyle profesyonel g\u00fcvenlik \u00e7\u00f6z\u00fcmleri sunar. IP67 koruma standard\u0131na sahip olan IPC-PFW3849S-A180-AS-PV, d\u0131\u015f mek\u00e2n ko\u015fullar\u0131na dayan\u0131kl\u0131d\u0131r ve PoE deste\u011fiyle kolay kurulum sa\u011flar. Geni\u015f alan g\u00fcvenli\u011fi, park alanlar\u0131 ve bina \u00e7evresi izleme i\u00e7in m\u00fckemmel bir \u00e7\u00f6z\u00fcmd\u00fcr.","og_url":"https:\/\/www.megaguvenlik.com\/?product=dahua-ipc-pfw3849s-a180-as-pv","og_site_name":"Mega G\u00fcvenlik Sistemleri","og_image":[{"width":225,"height":225,"url":"https:\/\/www.megaguvenlik.com\/wp-content\/uploads\/2025\/10\/IPC-PFW3849S-A180-AS-PV.jpeg","type":"image\/jpeg"}],"twitter_card":"summary_large_image","twitter_misc":{"Tahmini okuma s\u00fcresi":"1 dakika"},"schema":{"@context":"https:\/\/schema.org","@graph":[{"@type":"WebPage","@id":"https:\/\/www.megaguvenlik.com\/?product=dahua-ipc-pfw3849s-a180-as-pv","url":"https:\/\/www.megaguvenlik.com\/?product=dahua-ipc-pfw3849s-a180-as-pv","name":"DAHUA IPC-PFW3849S-A180-AS-PV - Mega G\u00fcvenlik Sistemleri","isPartOf":{"@id":"https:\/\/www.megaguvenlik.com\/#website"},"primaryImageOfPage":{"@id":"https:\/\/www.megaguvenlik.com\/?product=dahua-ipc-pfw3849s-a180-as-pv#primaryimage"},"image":{"@id":"https:\/\/www.megaguvenlik.com\/?product=dahua-ipc-pfw3849s-a180-as-pv#primaryimage"},"thumbnailUrl":"https:\/\/www.megaguvenlik.com\/wp-content\/uploads\/2025\/10\/IPC-PFW3849S-A180-AS-PV.jpeg","datePublished":"2025-10-13T06:08:13+00:00","description":"**DAHUA IPC-PFW3849S-A180-AS-PV SEO A\u00e7\u0131klamas\u0131:**Dahua IPC-PFW3849S-A180-AS-PV, 8 MP \u00e7\u00f6z\u00fcn\u00fcrl\u00fckl\u00fc **Panoramik Ak\u0131ll\u0131 IP kamera** modelidir. 180\u00b0 ultra geni\u015f a\u00e7\u0131ya sahip \u00e7ift lensli yap\u0131s\u0131 sayesinde geni\u015f alanlar\u0131 tek kamerayla izleme imk\u00e2n\u0131 sunar. Geli\u015fmi\u015f Full-Color teknolojisi, karanl\u0131k ortamlarda dahi canl\u0131 renkli g\u00f6r\u00fcnt\u00fcler elde edilmesini sa\u011flar. Dahili mikrofon, hoparl\u00f6r ve LED \u0131\u015f\u0131k deste\u011fiyle aktif cayd\u0131r\u0131c\u0131l\u0131k sa\u011flar; hareket alg\u0131land\u0131\u011f\u0131nda sesli ve \u0131\u015f\u0131kl\u0131 uyar\u0131 verebilir. H.265+ video s\u0131k\u0131\u015ft\u0131rma teknolojisiyle depolama ve a\u011f y\u00fck\u00fcn\u00fc minimuma indirir. 1\/2.7\u201d CMOS sens\u00f6r, 120 dB WDR ve ak\u0131ll\u0131 IVS analiz \u00f6zellikleriyle profesyonel g\u00fcvenlik \u00e7\u00f6z\u00fcmleri sunar. IP67 koruma standard\u0131na sahip olan IPC-PFW3849S-A180-AS-PV, d\u0131\u015f mek\u00e2n ko\u015fullar\u0131na dayan\u0131kl\u0131d\u0131r ve PoE deste\u011fiyle kolay kurulum sa\u011flar. Geni\u015f alan g\u00fcvenli\u011fi, park alanlar\u0131 ve bina \u00e7evresi izleme i\u00e7in m\u00fckemmel bir \u00e7\u00f6z\u00fcmd\u00fcr.","breadcrumb":{"@id":"https:\/\/www.megaguvenlik.com\/?product=dahua-ipc-pfw3849s-a180-as-pv#breadcrumb"},"inLanguage":"tr","potentialAction":[{"@type":"ReadAction","target":["https:\/\/www.megaguvenlik.com\/?product=dahua-ipc-pfw3849s-a180-as-pv"]}]},{"@type":"ImageObject","inLanguage":"tr","@id":"https:\/\/www.megaguvenlik.com\/?product=dahua-ipc-pfw3849s-a180-as-pv#primaryimage","url":"https:\/\/www.megaguvenlik.com\/wp-content\/uploads\/2025\/10\/IPC-PFW3849S-A180-AS-PV.jpeg","contentUrl":"https:\/\/www.megaguvenlik.com\/wp-content\/uploads\/2025\/10\/IPC-PFW3849S-A180-AS-PV.jpeg","width":225,"height":225},{"@type":"BreadcrumbList","@id":"https:\/\/www.megaguvenlik.com\/?product=dahua-ipc-pfw3849s-a180-as-pv#breadcrumb","itemListElement":[{"@type":"ListItem","position":1,"name":"Anasayfa","item":"https:\/\/www.megaguvenlik.com\/"},{"@type":"ListItem","position":2,"name":"Ma\u011faza","item":"https:\/\/www.megaguvenlik.com\/?page_id=323"},{"@type":"ListItem","position":3,"name":"DAHUA IPC-PFW3849S-A180-AS-PV"}]},{"@type":"WebSite","@id":"https:\/\/www.megaguvenlik.com\/#website","url":"https:\/\/www.megaguvenlik.com\/","name":"Mega G\u00fcvenlik Sistemleri","description":"Kamera | Yang\u0131n Alarm | Network | Acil Anons","potentialAction":[{"@type":"SearchAction","target":{"@type":"EntryPoint","urlTemplate":"https:\/\/www.megaguvenlik.com\/?s={search_term_string}"},"query-input":{"@type":"PropertyValueSpecification","valueRequired":true,"valueName":"search_term_string"}}],"inLanguage":"tr"}]}},"_links":{"self":[{"href":"https:\/\/www.megaguvenlik.com\/index.php?rest_route=\/wp\/v2\/product\/4500","targetHints":{"allow":["GET"]}}],"collection":[{"href":"https:\/\/www.megaguvenlik.com\/index.php?rest_route=\/wp\/v2\/product"}],"about":[{"href":"https:\/\/www.megaguvenlik.com\/index.php?rest_route=\/wp\/v2\/types\/product"}],"replies":[{"embeddable":true,"href":"https:\/\/www.megaguvenlik.com\/index.php?rest_route=%2Fwp%2Fv2%2Fcomments&post=4500"}],"wp:featuredmedia":[{"embeddable":true,"href":"https:\/\/www.megaguvenlik.com\/index.php?rest_route=\/wp\/v2\/media\/4501"}],"wp:attachment":[{"href":"https:\/\/www.megaguvenlik.com\/index.php?rest_route=%2Fwp%2Fv2%2Fmedia&parent=4500"}],"wp:term":[{"taxonomy":"product_brand","embeddable":true,"href":"https:\/\/www.megaguvenlik.com\/index.php?rest_route=%2Fwp%2Fv2%2Fproduct_brand&post=4500"},{"taxonomy":"product_cat","embeddable":true,"href":"https:\/\/www.megaguvenlik.com\/index.php?rest_route=%2Fwp%2Fv2%2Fproduct_cat&post=4500"},{"taxonomy":"product_tag","embeddable":true,"href":"https:\/\/www.megaguvenlik.com\/index.php?rest_route=%2Fwp%2Fv2%2Fproduct_tag&post=4500"}],"curies":[{"name":"wp","href":"https:\/\/api.w.org\/{rel}","templated":true}]}}