{"id":4506,"date":"2025-10-13T09:19:40","date_gmt":"2025-10-13T06:19:40","guid":{"rendered":"https:\/\/www.megaguvenlik.com\/?post_type=product&#038;p=4506"},"modified":"2025-10-13T09:19:41","modified_gmt":"2025-10-13T06:19:41","slug":"dahua-ipc-hfw5842e-ze","status":"publish","type":"product","link":"https:\/\/www.megaguvenlik.com\/?product=dahua-ipc-hfw5842e-ze","title":{"rendered":"DAHUA IPC-HFW5842E-ZE"},"content":{"rendered":"<p>8MP IR Vari-focal Bullet WizMind Network Kamera 8 MP 1\/1.8&#8243; CMOS g\u00f6r\u00fcnt\u00fc sens\u00f6r\u00fc ile d\u00fc\u015f\u00fck \u0131\u015f\u0131kta y\u00fcksek \u00e7\u00f6z\u00fcn\u00fcrl\u00fckl\u00fc g\u00f6r\u00fcnt\u00fc. Maksimum 8MP (3840\u00d72160) @25\/30 fps \u00e7\u0131k\u0131\u015f deste\u011fi. Dahili IR LED ile 60 metreye kadar ayd\u0131nlatma mesafesi. ROI, SVC, SMART H.264+\/H.265+, AI H.264\/H.265, filtre sonras\u0131 kodlama, D\u00f6nd\u00fcrme modu, WDR, 3D NR, HLC, BLC ve dijital filigranlama, Derin \u00f6\u011frenme algoritmas\u0131; video metaverisi, ak\u0131ll\u0131 ses alg\u0131lama, IVS, y\u00fcz tan\u0131ma, ak\u0131ll\u0131 nesne alg\u0131lama ve ki\u015fi sayma, Alarm: 2 giri\u015f, 1 \u00e7\u0131k\u0131\u015f; ses: 1 giri\u015f, 1 \u00e7\u0131k\u0131\u015f; maksimum 1 TB Micro SD kart deste\u011fi 12 VDC\/PoE g\u00fc\u00e7 kayna\u011f\u0131; ePoE deste\u011fi. IP67 ve IK10 koruma s\u0131n\u0131f\u0131, Metal + Plastik Kasa, Dahili Mikrofon<\/p>\n","protected":false},"excerpt":{"rendered":"<p>8MP IR Vari-focal Bullet WizMind Network Kamera 8 MP 1\/1.8&#8243; CMOS g\u00f6r\u00fcnt\u00fc sens\u00f6r\u00fc ile d\u00fc\u015f\u00fck \u0131\u015f\u0131kta y\u00fcksek \u00e7\u00f6z\u00fcn\u00fcrl\u00fckl\u00fc g\u00f6r\u00fcnt\u00fc. Maksimum 8MP (3840\u00d72160) @25\/30 fps \u00e7\u0131k\u0131\u015f deste\u011fi. Dahili IR LED ile 60 metreye kadar ayd\u0131nlatma mesafesi. ROI, SVC, SMART H.264+\/H.265+, AI H.264\/H.265, filtre sonras\u0131 kodlama, D\u00f6nd\u00fcrme modu, WDR, 3D NR, HLC, BLC ve dijital filigranlama, Derin \u00f6\u011frenme algoritmas\u0131; video metaverisi, ak\u0131ll\u0131 ses alg\u0131lama, IVS, y\u00fcz tan\u0131ma, ak\u0131ll\u0131 nesne alg\u0131lama ve ki\u015fi sayma, Alarm: 2 giri\u015f, 1 \u00e7\u0131k\u0131\u015f; ses: 1 giri\u015f, 1 \u00e7\u0131k\u0131\u015f; maksimum 1 TB Micro SD kart deste\u011fi 12 VDC\/PoE g\u00fc\u00e7 kayna\u011f\u0131; ePoE deste\u011fi. IP67 ve IK10 koruma s\u0131n\u0131f\u0131, Metal + Plastik Kasa, Dahili Mikrofon<\/p>\n","protected":false},"featured_media":4507,"comment_status":"open","ping_status":"closed","template":"","meta":[],"product_brand":[],"product_cat":[338,236,199],"product_tag":[340,339,341],"class_list":{"0":"post-4506","1":"product","2":"type-product","3":"status-publish","4":"has-post-thumbnail","6":"product_cat-dahua","7":"product_cat-ip-kamera","8":"product_cat-kamera-sistemleri","9":"product_tag-alhua","10":"product_tag-dahua","11":"product_tag-ip-camera","13":"first","14":"instock","15":"taxable","16":"shipping-taxable","17":"product-type-simple"},"yoast_head":"<!-- This site is optimized with the Yoast SEO plugin v26.0 - https:\/\/yoast.com\/wordpress\/plugins\/seo\/ -->\n<title>DAHUA IPC-HFW5842E-ZE - Mega G\u00fcvenlik Sistemleri<\/title>\n<meta name=\"description\" content=\"**DAHUA IPC-HFW5842E-ZE SEO A\u00e7\u0131klamas\u0131:**Dahua IPC-HFW5842E-ZE, 8 MP (4K) \u00e7\u00f6z\u00fcn\u00fcrl\u00fckl\u00fc, **motorize zoom lensli bullet IP kamera** modelidir. 1\/1.8\u201d CMOS sens\u00f6r sayesinde d\u00fc\u015f\u00fck \u0131\u015f\u0131kta bile y\u00fcksek netlikte ve detayl\u0131 g\u00f6r\u00fcnt\u00fcler sunar. **2.7\u201312 mm motorize lens**, uzaktan odak ve zoom ayar\u0131yla esnek izleme imk\u00e2n\u0131 sa\u011flar. **Starlight+ teknolojisi** sayesinde gece ko\u015fullar\u0131nda renkli ve parlak g\u00f6r\u00fcnt\u00fcler elde edilir. **120 dB WDR**, **3D DNR** ve **Smart IR** \u00f6zellikleriyle her ortamda dengeli ve net g\u00f6r\u00fcnt\u00fc sa\u011flar. **IVS (ak\u0131ll\u0131 video analiz)**, hareket alg\u0131lama, y\u00fcz tan\u0131ma ve izinsiz giri\u015f uyar\u0131s\u0131 gibi geli\u015fmi\u015f g\u00fcvenlik fonksiyonlar\u0131na sahiptir. **H.265+ video s\u0131k\u0131\u015ft\u0131rma teknolojisi**, depolama ve a\u011f verimlili\u011fini art\u0131r\u0131r. **IP67** koruma s\u0131n\u0131f\u0131 ile zorlu d\u0131\u015f mek\u00e2n ko\u015fullar\u0131na dayan\u0131kl\u0131d\u0131r. **PoE deste\u011fi** sayesinde kolay kurulum sunan Dahua IPC-HFW5842E-ZE, profesyonel g\u00fcvenlik ve izleme ihtiya\u00e7lar\u0131 i\u00e7in \u00fcst\u00fcn performansl\u0131 bir \u00e7\u00f6z\u00fcmd\u00fcr.\" \/>\n<meta name=\"robots\" content=\"index, follow, max-snippet:-1, max-image-preview:large, max-video-preview:-1\" \/>\n<link rel=\"canonical\" href=\"https:\/\/www.megaguvenlik.com\/?product=dahua-ipc-hfw5842e-ze\" \/>\n<meta property=\"og:locale\" content=\"tr_TR\" \/>\n<meta property=\"og:type\" content=\"article\" \/>\n<meta property=\"og:title\" content=\"DAHUA IPC-HFW5842E-ZE - Mega G\u00fcvenlik Sistemleri\" \/>\n<meta property=\"og:description\" content=\"**DAHUA IPC-HFW5842E-ZE SEO A\u00e7\u0131klamas\u0131:**Dahua IPC-HFW5842E-ZE, 8 MP (4K) \u00e7\u00f6z\u00fcn\u00fcrl\u00fckl\u00fc, **motorize zoom lensli bullet IP kamera** modelidir. 1\/1.8\u201d CMOS sens\u00f6r sayesinde d\u00fc\u015f\u00fck \u0131\u015f\u0131kta bile y\u00fcksek netlikte ve detayl\u0131 g\u00f6r\u00fcnt\u00fcler sunar. **2.7\u201312 mm motorize lens**, uzaktan odak ve zoom ayar\u0131yla esnek izleme imk\u00e2n\u0131 sa\u011flar. **Starlight+ teknolojisi** sayesinde gece ko\u015fullar\u0131nda renkli ve parlak g\u00f6r\u00fcnt\u00fcler elde edilir. **120 dB WDR**, **3D DNR** ve **Smart IR** \u00f6zellikleriyle her ortamda dengeli ve net g\u00f6r\u00fcnt\u00fc sa\u011flar. **IVS (ak\u0131ll\u0131 video analiz)**, hareket alg\u0131lama, y\u00fcz tan\u0131ma ve izinsiz giri\u015f uyar\u0131s\u0131 gibi geli\u015fmi\u015f g\u00fcvenlik fonksiyonlar\u0131na sahiptir. **H.265+ video s\u0131k\u0131\u015ft\u0131rma teknolojisi**, depolama ve a\u011f verimlili\u011fini art\u0131r\u0131r. **IP67** koruma s\u0131n\u0131f\u0131 ile zorlu d\u0131\u015f mek\u00e2n ko\u015fullar\u0131na dayan\u0131kl\u0131d\u0131r. **PoE deste\u011fi** sayesinde kolay kurulum sunan Dahua IPC-HFW5842E-ZE, profesyonel g\u00fcvenlik ve izleme ihtiya\u00e7lar\u0131 i\u00e7in \u00fcst\u00fcn performansl\u0131 bir \u00e7\u00f6z\u00fcmd\u00fcr.\" \/>\n<meta property=\"og:url\" content=\"https:\/\/www.megaguvenlik.com\/?product=dahua-ipc-hfw5842e-ze\" \/>\n<meta property=\"og:site_name\" content=\"Mega G\u00fcvenlik Sistemleri\" \/>\n<meta property=\"article:modified_time\" content=\"2025-10-13T06:19:41+00:00\" \/>\n<meta property=\"og:image\" content=\"https:\/\/www.megaguvenlik.com\/wp-content\/uploads\/2025\/10\/IPC-HFW5842E-ZE.jpeg\" \/>\n\t<meta property=\"og:image:width\" content=\"225\" \/>\n\t<meta property=\"og:image:height\" content=\"225\" \/>\n\t<meta property=\"og:image:type\" content=\"image\/jpeg\" \/>\n<meta name=\"twitter:card\" content=\"summary_large_image\" \/>\n<meta name=\"twitter:label1\" content=\"Tahmini okuma s\u00fcresi\" \/>\n\t<meta name=\"twitter:data1\" content=\"1 dakika\" \/>\n<script type=\"application\/ld+json\" class=\"yoast-schema-graph\">{\"@context\":\"https:\/\/schema.org\",\"@graph\":[{\"@type\":\"WebPage\",\"@id\":\"https:\/\/www.megaguvenlik.com\/?product=dahua-ipc-hfw5842e-ze\",\"url\":\"https:\/\/www.megaguvenlik.com\/?product=dahua-ipc-hfw5842e-ze\",\"name\":\"DAHUA IPC-HFW5842E-ZE - Mega G\u00fcvenlik Sistemleri\",\"isPartOf\":{\"@id\":\"https:\/\/www.megaguvenlik.com\/#website\"},\"primaryImageOfPage\":{\"@id\":\"https:\/\/www.megaguvenlik.com\/?product=dahua-ipc-hfw5842e-ze#primaryimage\"},\"image\":{\"@id\":\"https:\/\/www.megaguvenlik.com\/?product=dahua-ipc-hfw5842e-ze#primaryimage\"},\"thumbnailUrl\":\"https:\/\/www.megaguvenlik.com\/wp-content\/uploads\/2025\/10\/IPC-HFW5842E-ZE.jpeg\",\"datePublished\":\"2025-10-13T06:19:40+00:00\",\"dateModified\":\"2025-10-13T06:19:41+00:00\",\"description\":\"**DAHUA IPC-HFW5842E-ZE SEO A\u00e7\u0131klamas\u0131:**Dahua IPC-HFW5842E-ZE, 8 MP (4K) \u00e7\u00f6z\u00fcn\u00fcrl\u00fckl\u00fc, **motorize zoom lensli bullet IP kamera** modelidir. 1\/1.8\u201d CMOS sens\u00f6r sayesinde d\u00fc\u015f\u00fck \u0131\u015f\u0131kta bile y\u00fcksek netlikte ve detayl\u0131 g\u00f6r\u00fcnt\u00fcler sunar. **2.7\u201312 mm motorize lens**, uzaktan odak ve zoom ayar\u0131yla esnek izleme imk\u00e2n\u0131 sa\u011flar. **Starlight+ teknolojisi** sayesinde gece ko\u015fullar\u0131nda renkli ve parlak g\u00f6r\u00fcnt\u00fcler elde edilir. **120 dB WDR**, **3D DNR** ve **Smart IR** \u00f6zellikleriyle her ortamda dengeli ve net g\u00f6r\u00fcnt\u00fc sa\u011flar. **IVS (ak\u0131ll\u0131 video analiz)**, hareket alg\u0131lama, y\u00fcz tan\u0131ma ve izinsiz giri\u015f uyar\u0131s\u0131 gibi geli\u015fmi\u015f g\u00fcvenlik fonksiyonlar\u0131na sahiptir. **H.265+ video s\u0131k\u0131\u015ft\u0131rma teknolojisi**, depolama ve a\u011f verimlili\u011fini art\u0131r\u0131r. **IP67** koruma s\u0131n\u0131f\u0131 ile zorlu d\u0131\u015f mek\u00e2n ko\u015fullar\u0131na dayan\u0131kl\u0131d\u0131r. **PoE deste\u011fi** sayesinde kolay kurulum sunan Dahua IPC-HFW5842E-ZE, profesyonel g\u00fcvenlik ve izleme ihtiya\u00e7lar\u0131 i\u00e7in \u00fcst\u00fcn performansl\u0131 bir \u00e7\u00f6z\u00fcmd\u00fcr.\",\"breadcrumb\":{\"@id\":\"https:\/\/www.megaguvenlik.com\/?product=dahua-ipc-hfw5842e-ze#breadcrumb\"},\"inLanguage\":\"tr\",\"potentialAction\":[{\"@type\":\"ReadAction\",\"target\":[\"https:\/\/www.megaguvenlik.com\/?product=dahua-ipc-hfw5842e-ze\"]}]},{\"@type\":\"ImageObject\",\"inLanguage\":\"tr\",\"@id\":\"https:\/\/www.megaguvenlik.com\/?product=dahua-ipc-hfw5842e-ze#primaryimage\",\"url\":\"https:\/\/www.megaguvenlik.com\/wp-content\/uploads\/2025\/10\/IPC-HFW5842E-ZE.jpeg\",\"contentUrl\":\"https:\/\/www.megaguvenlik.com\/wp-content\/uploads\/2025\/10\/IPC-HFW5842E-ZE.jpeg\",\"width\":225,\"height\":225},{\"@type\":\"BreadcrumbList\",\"@id\":\"https:\/\/www.megaguvenlik.com\/?product=dahua-ipc-hfw5842e-ze#breadcrumb\",\"itemListElement\":[{\"@type\":\"ListItem\",\"position\":1,\"name\":\"Anasayfa\",\"item\":\"https:\/\/www.megaguvenlik.com\/\"},{\"@type\":\"ListItem\",\"position\":2,\"name\":\"Ma\u011faza\",\"item\":\"https:\/\/www.megaguvenlik.com\/?page_id=323\"},{\"@type\":\"ListItem\",\"position\":3,\"name\":\"DAHUA IPC-HFW5842E-ZE\"}]},{\"@type\":\"WebSite\",\"@id\":\"https:\/\/www.megaguvenlik.com\/#website\",\"url\":\"https:\/\/www.megaguvenlik.com\/\",\"name\":\"Mega G\u00fcvenlik Sistemleri\",\"description\":\"Kamera | Yang\u0131n Alarm | Network | Acil Anons\",\"potentialAction\":[{\"@type\":\"SearchAction\",\"target\":{\"@type\":\"EntryPoint\",\"urlTemplate\":\"https:\/\/www.megaguvenlik.com\/?s={search_term_string}\"},\"query-input\":{\"@type\":\"PropertyValueSpecification\",\"valueRequired\":true,\"valueName\":\"search_term_string\"}}],\"inLanguage\":\"tr\"}]}<\/script>\n<!-- \/ Yoast SEO plugin. -->","yoast_head_json":{"title":"DAHUA IPC-HFW5842E-ZE - Mega G\u00fcvenlik Sistemleri","description":"**DAHUA IPC-HFW5842E-ZE SEO A\u00e7\u0131klamas\u0131:**Dahua IPC-HFW5842E-ZE, 8 MP (4K) \u00e7\u00f6z\u00fcn\u00fcrl\u00fckl\u00fc, **motorize zoom lensli bullet IP kamera** modelidir. 1\/1.8\u201d CMOS sens\u00f6r sayesinde d\u00fc\u015f\u00fck \u0131\u015f\u0131kta bile y\u00fcksek netlikte ve detayl\u0131 g\u00f6r\u00fcnt\u00fcler sunar. **2.7\u201312 mm motorize lens**, uzaktan odak ve zoom ayar\u0131yla esnek izleme imk\u00e2n\u0131 sa\u011flar. **Starlight+ teknolojisi** sayesinde gece ko\u015fullar\u0131nda renkli ve parlak g\u00f6r\u00fcnt\u00fcler elde edilir. **120 dB WDR**, **3D DNR** ve **Smart IR** \u00f6zellikleriyle her ortamda dengeli ve net g\u00f6r\u00fcnt\u00fc sa\u011flar. **IVS (ak\u0131ll\u0131 video analiz)**, hareket alg\u0131lama, y\u00fcz tan\u0131ma ve izinsiz giri\u015f uyar\u0131s\u0131 gibi geli\u015fmi\u015f g\u00fcvenlik fonksiyonlar\u0131na sahiptir. **H.265+ video s\u0131k\u0131\u015ft\u0131rma teknolojisi**, depolama ve a\u011f verimlili\u011fini art\u0131r\u0131r. **IP67** koruma s\u0131n\u0131f\u0131 ile zorlu d\u0131\u015f mek\u00e2n ko\u015fullar\u0131na dayan\u0131kl\u0131d\u0131r. **PoE deste\u011fi** sayesinde kolay kurulum sunan Dahua IPC-HFW5842E-ZE, profesyonel g\u00fcvenlik ve izleme ihtiya\u00e7lar\u0131 i\u00e7in \u00fcst\u00fcn performansl\u0131 bir \u00e7\u00f6z\u00fcmd\u00fcr.","robots":{"index":"index","follow":"follow","max-snippet":"max-snippet:-1","max-image-preview":"max-image-preview:large","max-video-preview":"max-video-preview:-1"},"canonical":"https:\/\/www.megaguvenlik.com\/?product=dahua-ipc-hfw5842e-ze","og_locale":"tr_TR","og_type":"article","og_title":"DAHUA IPC-HFW5842E-ZE - Mega G\u00fcvenlik Sistemleri","og_description":"**DAHUA IPC-HFW5842E-ZE SEO A\u00e7\u0131klamas\u0131:**Dahua IPC-HFW5842E-ZE, 8 MP (4K) \u00e7\u00f6z\u00fcn\u00fcrl\u00fckl\u00fc, **motorize zoom lensli bullet IP kamera** modelidir. 1\/1.8\u201d CMOS sens\u00f6r sayesinde d\u00fc\u015f\u00fck \u0131\u015f\u0131kta bile y\u00fcksek netlikte ve detayl\u0131 g\u00f6r\u00fcnt\u00fcler sunar. **2.7\u201312 mm motorize lens**, uzaktan odak ve zoom ayar\u0131yla esnek izleme imk\u00e2n\u0131 sa\u011flar. **Starlight+ teknolojisi** sayesinde gece ko\u015fullar\u0131nda renkli ve parlak g\u00f6r\u00fcnt\u00fcler elde edilir. **120 dB WDR**, **3D DNR** ve **Smart IR** \u00f6zellikleriyle her ortamda dengeli ve net g\u00f6r\u00fcnt\u00fc sa\u011flar. **IVS (ak\u0131ll\u0131 video analiz)**, hareket alg\u0131lama, y\u00fcz tan\u0131ma ve izinsiz giri\u015f uyar\u0131s\u0131 gibi geli\u015fmi\u015f g\u00fcvenlik fonksiyonlar\u0131na sahiptir. **H.265+ video s\u0131k\u0131\u015ft\u0131rma teknolojisi**, depolama ve a\u011f verimlili\u011fini art\u0131r\u0131r. **IP67** koruma s\u0131n\u0131f\u0131 ile zorlu d\u0131\u015f mek\u00e2n ko\u015fullar\u0131na dayan\u0131kl\u0131d\u0131r. **PoE deste\u011fi** sayesinde kolay kurulum sunan Dahua IPC-HFW5842E-ZE, profesyonel g\u00fcvenlik ve izleme ihtiya\u00e7lar\u0131 i\u00e7in \u00fcst\u00fcn performansl\u0131 bir \u00e7\u00f6z\u00fcmd\u00fcr.","og_url":"https:\/\/www.megaguvenlik.com\/?product=dahua-ipc-hfw5842e-ze","og_site_name":"Mega G\u00fcvenlik Sistemleri","article_modified_time":"2025-10-13T06:19:41+00:00","og_image":[{"width":225,"height":225,"url":"https:\/\/www.megaguvenlik.com\/wp-content\/uploads\/2025\/10\/IPC-HFW5842E-ZE.jpeg","type":"image\/jpeg"}],"twitter_card":"summary_large_image","twitter_misc":{"Tahmini okuma s\u00fcresi":"1 dakika"},"schema":{"@context":"https:\/\/schema.org","@graph":[{"@type":"WebPage","@id":"https:\/\/www.megaguvenlik.com\/?product=dahua-ipc-hfw5842e-ze","url":"https:\/\/www.megaguvenlik.com\/?product=dahua-ipc-hfw5842e-ze","name":"DAHUA IPC-HFW5842E-ZE - Mega G\u00fcvenlik Sistemleri","isPartOf":{"@id":"https:\/\/www.megaguvenlik.com\/#website"},"primaryImageOfPage":{"@id":"https:\/\/www.megaguvenlik.com\/?product=dahua-ipc-hfw5842e-ze#primaryimage"},"image":{"@id":"https:\/\/www.megaguvenlik.com\/?product=dahua-ipc-hfw5842e-ze#primaryimage"},"thumbnailUrl":"https:\/\/www.megaguvenlik.com\/wp-content\/uploads\/2025\/10\/IPC-HFW5842E-ZE.jpeg","datePublished":"2025-10-13T06:19:40+00:00","dateModified":"2025-10-13T06:19:41+00:00","description":"**DAHUA IPC-HFW5842E-ZE SEO A\u00e7\u0131klamas\u0131:**Dahua IPC-HFW5842E-ZE, 8 MP (4K) \u00e7\u00f6z\u00fcn\u00fcrl\u00fckl\u00fc, **motorize zoom lensli bullet IP kamera** modelidir. 1\/1.8\u201d CMOS sens\u00f6r sayesinde d\u00fc\u015f\u00fck \u0131\u015f\u0131kta bile y\u00fcksek netlikte ve detayl\u0131 g\u00f6r\u00fcnt\u00fcler sunar. **2.7\u201312 mm motorize lens**, uzaktan odak ve zoom ayar\u0131yla esnek izleme imk\u00e2n\u0131 sa\u011flar. **Starlight+ teknolojisi** sayesinde gece ko\u015fullar\u0131nda renkli ve parlak g\u00f6r\u00fcnt\u00fcler elde edilir. **120 dB WDR**, **3D DNR** ve **Smart IR** \u00f6zellikleriyle her ortamda dengeli ve net g\u00f6r\u00fcnt\u00fc sa\u011flar. **IVS (ak\u0131ll\u0131 video analiz)**, hareket alg\u0131lama, y\u00fcz tan\u0131ma ve izinsiz giri\u015f uyar\u0131s\u0131 gibi geli\u015fmi\u015f g\u00fcvenlik fonksiyonlar\u0131na sahiptir. **H.265+ video s\u0131k\u0131\u015ft\u0131rma teknolojisi**, depolama ve a\u011f verimlili\u011fini art\u0131r\u0131r. **IP67** koruma s\u0131n\u0131f\u0131 ile zorlu d\u0131\u015f mek\u00e2n ko\u015fullar\u0131na dayan\u0131kl\u0131d\u0131r. **PoE deste\u011fi** sayesinde kolay kurulum sunan Dahua IPC-HFW5842E-ZE, profesyonel g\u00fcvenlik ve izleme ihtiya\u00e7lar\u0131 i\u00e7in \u00fcst\u00fcn performansl\u0131 bir \u00e7\u00f6z\u00fcmd\u00fcr.","breadcrumb":{"@id":"https:\/\/www.megaguvenlik.com\/?product=dahua-ipc-hfw5842e-ze#breadcrumb"},"inLanguage":"tr","potentialAction":[{"@type":"ReadAction","target":["https:\/\/www.megaguvenlik.com\/?product=dahua-ipc-hfw5842e-ze"]}]},{"@type":"ImageObject","inLanguage":"tr","@id":"https:\/\/www.megaguvenlik.com\/?product=dahua-ipc-hfw5842e-ze#primaryimage","url":"https:\/\/www.megaguvenlik.com\/wp-content\/uploads\/2025\/10\/IPC-HFW5842E-ZE.jpeg","contentUrl":"https:\/\/www.megaguvenlik.com\/wp-content\/uploads\/2025\/10\/IPC-HFW5842E-ZE.jpeg","width":225,"height":225},{"@type":"BreadcrumbList","@id":"https:\/\/www.megaguvenlik.com\/?product=dahua-ipc-hfw5842e-ze#breadcrumb","itemListElement":[{"@type":"ListItem","position":1,"name":"Anasayfa","item":"https:\/\/www.megaguvenlik.com\/"},{"@type":"ListItem","position":2,"name":"Ma\u011faza","item":"https:\/\/www.megaguvenlik.com\/?page_id=323"},{"@type":"ListItem","position":3,"name":"DAHUA IPC-HFW5842E-ZE"}]},{"@type":"WebSite","@id":"https:\/\/www.megaguvenlik.com\/#website","url":"https:\/\/www.megaguvenlik.com\/","name":"Mega G\u00fcvenlik Sistemleri","description":"Kamera | Yang\u0131n Alarm | Network | Acil Anons","potentialAction":[{"@type":"SearchAction","target":{"@type":"EntryPoint","urlTemplate":"https:\/\/www.megaguvenlik.com\/?s={search_term_string}"},"query-input":{"@type":"PropertyValueSpecification","valueRequired":true,"valueName":"search_term_string"}}],"inLanguage":"tr"}]}},"_links":{"self":[{"href":"https:\/\/www.megaguvenlik.com\/index.php?rest_route=\/wp\/v2\/product\/4506","targetHints":{"allow":["GET"]}}],"collection":[{"href":"https:\/\/www.megaguvenlik.com\/index.php?rest_route=\/wp\/v2\/product"}],"about":[{"href":"https:\/\/www.megaguvenlik.com\/index.php?rest_route=\/wp\/v2\/types\/product"}],"replies":[{"embeddable":true,"href":"https:\/\/www.megaguvenlik.com\/index.php?rest_route=%2Fwp%2Fv2%2Fcomments&post=4506"}],"wp:featuredmedia":[{"embeddable":true,"href":"https:\/\/www.megaguvenlik.com\/index.php?rest_route=\/wp\/v2\/media\/4507"}],"wp:attachment":[{"href":"https:\/\/www.megaguvenlik.com\/index.php?rest_route=%2Fwp%2Fv2%2Fmedia&parent=4506"}],"wp:term":[{"taxonomy":"product_brand","embeddable":true,"href":"https:\/\/www.megaguvenlik.com\/index.php?rest_route=%2Fwp%2Fv2%2Fproduct_brand&post=4506"},{"taxonomy":"product_cat","embeddable":true,"href":"https:\/\/www.megaguvenlik.com\/index.php?rest_route=%2Fwp%2Fv2%2Fproduct_cat&post=4506"},{"taxonomy":"product_tag","embeddable":true,"href":"https:\/\/www.megaguvenlik.com\/index.php?rest_route=%2Fwp%2Fv2%2Fproduct_tag&post=4506"}],"curies":[{"name":"wp","href":"https:\/\/api.w.org\/{rel}","templated":true}]}}