{"id":4513,"date":"2025-10-13T10:09:29","date_gmt":"2025-10-13T07:09:29","guid":{"rendered":"https:\/\/www.megaguvenlik.com\/?post_type=product&#038;p=4513"},"modified":"2025-10-13T10:09:29","modified_gmt":"2025-10-13T07:09:29","slug":"dahua-sd2a200hb-gn-a-pv-0400-s2","status":"publish","type":"product","link":"https:\/\/www.megaguvenlik.com\/?product=dahua-sd2a200hb-gn-a-pv-0400-s2","title":{"rendered":"DAHUA SD2A200HB-GN-A-PV-0400-S2"},"content":{"rendered":"<p>2 MP H.265+ Sesli I\u015f\u0131kl\u0131 Speed Dome Kamera( 30m IR )1 \/ 2.8 &#8221; CMOS, 4mm Lens, 0.05 L\u00fcx RenkliBLC\/HLC\/DWDR, 3DNR, AWB, AGC, ICR, SD-Kart<br \/>\nDeste\u011fi(512GB), IR and beyaz \u0131\u015f\u0131k, 3 farkl\u0131 gece g\u00f6r\u00fc\u015f moduPan: 0\u00b0 ~ 345\u00b0 sonsuz; Tilt: -0\u00b0 ~ 80\u00b0, 300 PresetTripwire(Sanal S\u0131n\u0131r), Intrusion(Alan \u0130hlali), \u0130nsan Alg\u0131lama, Sesli ve I\u015f\u0131kl\u0131 AlarmIP66, 25fps@1080p,Dahili Hoparl\u00f6r, Dahili Mic, Ses Giri\u015f\/\u00c7\u0131k\u0131\u015f: 1\/1, Metal Kasa12VDC\/1.5A Adapt\u00f6r Dahili<\/p>\n","protected":false},"excerpt":{"rendered":"<p>2 MP H.265+ Sesli I\u015f\u0131kl\u0131 Speed Dome Kamera( 30m IR )1 \/ 2.8 &#8221; CMOS, 4mm Lens, 0.05 L\u00fcx RenkliBLC\/HLC\/DWDR, 3DNR, AWB, AGC, ICR, SD-Kart<br \/>\nDeste\u011fi(512GB), IR and beyaz \u0131\u015f\u0131k, 3 farkl\u0131 gece g\u00f6r\u00fc\u015f moduPan: 0\u00b0 ~ 345\u00b0 sonsuz; Tilt: -0\u00b0 ~ 80\u00b0, 300 PresetTripwire(Sanal S\u0131n\u0131r), Intrusion(Alan \u0130hlali), \u0130nsan Alg\u0131lama, Sesli ve I\u015f\u0131kl\u0131 AlarmIP66, 25fps@1080p,Dahili Hoparl\u00f6r, Dahili Mic, Ses Giri\u015f\/\u00c7\u0131k\u0131\u015f: 1\/1, Metal Kasa12VDC\/1.5A Adapt\u00f6r Dahili<\/p>\n","protected":false},"featured_media":4514,"comment_status":"open","ping_status":"closed","template":"","meta":[],"product_brand":[],"product_cat":[338,236,199],"product_tag":[340,339,341],"class_list":{"0":"post-4513","1":"product","2":"type-product","3":"status-publish","4":"has-post-thumbnail","6":"product_cat-dahua","7":"product_cat-ip-kamera","8":"product_cat-kamera-sistemleri","9":"product_tag-alhua","10":"product_tag-dahua","11":"product_tag-ip-camera","13":"first","14":"instock","15":"taxable","16":"shipping-taxable","17":"product-type-simple"},"yoast_head":"<!-- This site is optimized with the Yoast SEO plugin v26.0 - https:\/\/yoast.com\/wordpress\/plugins\/seo\/ -->\n<title>DAHUA SD2A200HB-GN-A-PV-0400-S2 - Mega G\u00fcvenlik Sistemleri<\/title>\n<meta name=\"description\" content=\"**DAHUA SD2A200HB-GN-A-PV-0400-S2 SEO A\u00e7\u0131klamas\u0131:**Dahua SD2A200HB-GN-A-PV-0400-S2, 2 MP \u00e7\u00f6z\u00fcn\u00fcrl\u00fckl\u00fc **ak\u0131ll\u0131 mini PTZ IP g\u00fcvenlik kameras\u0131** modelidir. 1\/2.8\u201d CMOS sens\u00f6r\u00fc sayesinde d\u00fc\u015f\u00fck \u0131\u015f\u0131k ko\u015fullar\u0131nda dahi net ve y\u00fcksek kaliteli g\u00f6r\u00fcnt\u00fcler sunar. **4 mm lensi** ile geni\u015f g\u00f6r\u00fc\u015f a\u00e7\u0131s\u0131 sa\u011flarken, **355\u00b0 yatay ve 90\u00b0 dikey hareket** kabiliyeti sayesinde her a\u00e7\u0131dan izleme imk\u00e2n\u0131 verir. **Full-Color ve Smart Dual Light** teknolojileri, karanl\u0131k ortamlarda dahi canl\u0131 ve renkli g\u00f6r\u00fcnt\u00fcler sa\u011flar. Dahili mikrofon, hoparl\u00f6r ve LED \u0131\u015f\u0131klar\u0131 ile **aktif cayd\u0131r\u0131c\u0131l\u0131k** \u00f6zelli\u011fi sunar; hareket alg\u0131land\u0131\u011f\u0131nda sesli ve \u0131\u015f\u0131kl\u0131 uyar\u0131 verebilir. **IVS (ak\u0131ll\u0131 video analiz)**, insan ve ara\u00e7 alg\u0131lama gibi geli\u015fmi\u015f g\u00fcvenlik fonksiyonlar\u0131n\u0131 destekler. **H.265+ video s\u0131k\u0131\u015ft\u0131rma teknolojisi**, depolama alan\u0131ndan tasarruf sa\u011flar. **IP66 koruma s\u0131n\u0131f\u0131** sayesinde d\u0131\u015f mek\u00e2n ko\u015fullar\u0131na dayan\u0131kl\u0131d\u0131r. PoE deste\u011fiyle kolay kurulum sa\u011flayan SD2A200HB-GN-A-PV-0400-S2, ev, ofis ve k\u00fc\u00e7\u00fck i\u015fletmeler i\u00e7in ideal PTZ kamera \u00e7\u00f6z\u00fcm\u00fcd\u00fcr.\" \/>\n<meta name=\"robots\" content=\"index, follow, max-snippet:-1, max-image-preview:large, max-video-preview:-1\" \/>\n<link rel=\"canonical\" href=\"https:\/\/www.megaguvenlik.com\/?product=dahua-sd2a200hb-gn-a-pv-0400-s2\" \/>\n<meta property=\"og:locale\" content=\"tr_TR\" \/>\n<meta property=\"og:type\" content=\"article\" \/>\n<meta property=\"og:title\" content=\"DAHUA SD2A200HB-GN-A-PV-0400-S2 - Mega G\u00fcvenlik Sistemleri\" \/>\n<meta property=\"og:description\" content=\"**DAHUA SD2A200HB-GN-A-PV-0400-S2 SEO A\u00e7\u0131klamas\u0131:**Dahua SD2A200HB-GN-A-PV-0400-S2, 2 MP \u00e7\u00f6z\u00fcn\u00fcrl\u00fckl\u00fc **ak\u0131ll\u0131 mini PTZ IP g\u00fcvenlik kameras\u0131** modelidir. 1\/2.8\u201d CMOS sens\u00f6r\u00fc sayesinde d\u00fc\u015f\u00fck \u0131\u015f\u0131k ko\u015fullar\u0131nda dahi net ve y\u00fcksek kaliteli g\u00f6r\u00fcnt\u00fcler sunar. **4 mm lensi** ile geni\u015f g\u00f6r\u00fc\u015f a\u00e7\u0131s\u0131 sa\u011flarken, **355\u00b0 yatay ve 90\u00b0 dikey hareket** kabiliyeti sayesinde her a\u00e7\u0131dan izleme imk\u00e2n\u0131 verir. **Full-Color ve Smart Dual Light** teknolojileri, karanl\u0131k ortamlarda dahi canl\u0131 ve renkli g\u00f6r\u00fcnt\u00fcler sa\u011flar. Dahili mikrofon, hoparl\u00f6r ve LED \u0131\u015f\u0131klar\u0131 ile **aktif cayd\u0131r\u0131c\u0131l\u0131k** \u00f6zelli\u011fi sunar; hareket alg\u0131land\u0131\u011f\u0131nda sesli ve \u0131\u015f\u0131kl\u0131 uyar\u0131 verebilir. **IVS (ak\u0131ll\u0131 video analiz)**, insan ve ara\u00e7 alg\u0131lama gibi geli\u015fmi\u015f g\u00fcvenlik fonksiyonlar\u0131n\u0131 destekler. **H.265+ video s\u0131k\u0131\u015ft\u0131rma teknolojisi**, depolama alan\u0131ndan tasarruf sa\u011flar. **IP66 koruma s\u0131n\u0131f\u0131** sayesinde d\u0131\u015f mek\u00e2n ko\u015fullar\u0131na dayan\u0131kl\u0131d\u0131r. PoE deste\u011fiyle kolay kurulum sa\u011flayan SD2A200HB-GN-A-PV-0400-S2, ev, ofis ve k\u00fc\u00e7\u00fck i\u015fletmeler i\u00e7in ideal PTZ kamera \u00e7\u00f6z\u00fcm\u00fcd\u00fcr.\" \/>\n<meta property=\"og:url\" content=\"https:\/\/www.megaguvenlik.com\/?product=dahua-sd2a200hb-gn-a-pv-0400-s2\" \/>\n<meta property=\"og:site_name\" content=\"Mega G\u00fcvenlik Sistemleri\" \/>\n<meta property=\"og:image\" content=\"https:\/\/www.megaguvenlik.com\/wp-content\/uploads\/2025\/10\/SD2A200HB-GN-A-PV-0400-S2.jpeg\" \/>\n\t<meta property=\"og:image:width\" content=\"225\" \/>\n\t<meta property=\"og:image:height\" content=\"225\" \/>\n\t<meta property=\"og:image:type\" content=\"image\/jpeg\" \/>\n<meta name=\"twitter:card\" content=\"summary_large_image\" \/>\n<meta name=\"twitter:label1\" content=\"Tahmini okuma s\u00fcresi\" \/>\n\t<meta name=\"twitter:data1\" content=\"1 dakika\" \/>\n<script type=\"application\/ld+json\" class=\"yoast-schema-graph\">{\"@context\":\"https:\/\/schema.org\",\"@graph\":[{\"@type\":\"WebPage\",\"@id\":\"https:\/\/www.megaguvenlik.com\/?product=dahua-sd2a200hb-gn-a-pv-0400-s2\",\"url\":\"https:\/\/www.megaguvenlik.com\/?product=dahua-sd2a200hb-gn-a-pv-0400-s2\",\"name\":\"DAHUA SD2A200HB-GN-A-PV-0400-S2 - Mega G\u00fcvenlik Sistemleri\",\"isPartOf\":{\"@id\":\"https:\/\/www.megaguvenlik.com\/#website\"},\"primaryImageOfPage\":{\"@id\":\"https:\/\/www.megaguvenlik.com\/?product=dahua-sd2a200hb-gn-a-pv-0400-s2#primaryimage\"},\"image\":{\"@id\":\"https:\/\/www.megaguvenlik.com\/?product=dahua-sd2a200hb-gn-a-pv-0400-s2#primaryimage\"},\"thumbnailUrl\":\"https:\/\/www.megaguvenlik.com\/wp-content\/uploads\/2025\/10\/SD2A200HB-GN-A-PV-0400-S2.jpeg\",\"datePublished\":\"2025-10-13T07:09:29+00:00\",\"description\":\"**DAHUA SD2A200HB-GN-A-PV-0400-S2 SEO A\u00e7\u0131klamas\u0131:**Dahua SD2A200HB-GN-A-PV-0400-S2, 2 MP \u00e7\u00f6z\u00fcn\u00fcrl\u00fckl\u00fc **ak\u0131ll\u0131 mini PTZ IP g\u00fcvenlik kameras\u0131** modelidir. 1\/2.8\u201d CMOS sens\u00f6r\u00fc sayesinde d\u00fc\u015f\u00fck \u0131\u015f\u0131k ko\u015fullar\u0131nda dahi net ve y\u00fcksek kaliteli g\u00f6r\u00fcnt\u00fcler sunar. **4 mm lensi** ile geni\u015f g\u00f6r\u00fc\u015f a\u00e7\u0131s\u0131 sa\u011flarken, **355\u00b0 yatay ve 90\u00b0 dikey hareket** kabiliyeti sayesinde her a\u00e7\u0131dan izleme imk\u00e2n\u0131 verir. **Full-Color ve Smart Dual Light** teknolojileri, karanl\u0131k ortamlarda dahi canl\u0131 ve renkli g\u00f6r\u00fcnt\u00fcler sa\u011flar. Dahili mikrofon, hoparl\u00f6r ve LED \u0131\u015f\u0131klar\u0131 ile **aktif cayd\u0131r\u0131c\u0131l\u0131k** \u00f6zelli\u011fi sunar; hareket alg\u0131land\u0131\u011f\u0131nda sesli ve \u0131\u015f\u0131kl\u0131 uyar\u0131 verebilir. **IVS (ak\u0131ll\u0131 video analiz)**, insan ve ara\u00e7 alg\u0131lama gibi geli\u015fmi\u015f g\u00fcvenlik fonksiyonlar\u0131n\u0131 destekler. **H.265+ video s\u0131k\u0131\u015ft\u0131rma teknolojisi**, depolama alan\u0131ndan tasarruf sa\u011flar. **IP66 koruma s\u0131n\u0131f\u0131** sayesinde d\u0131\u015f mek\u00e2n ko\u015fullar\u0131na dayan\u0131kl\u0131d\u0131r. PoE deste\u011fiyle kolay kurulum sa\u011flayan SD2A200HB-GN-A-PV-0400-S2, ev, ofis ve k\u00fc\u00e7\u00fck i\u015fletmeler i\u00e7in ideal PTZ kamera \u00e7\u00f6z\u00fcm\u00fcd\u00fcr.\",\"breadcrumb\":{\"@id\":\"https:\/\/www.megaguvenlik.com\/?product=dahua-sd2a200hb-gn-a-pv-0400-s2#breadcrumb\"},\"inLanguage\":\"tr\",\"potentialAction\":[{\"@type\":\"ReadAction\",\"target\":[\"https:\/\/www.megaguvenlik.com\/?product=dahua-sd2a200hb-gn-a-pv-0400-s2\"]}]},{\"@type\":\"ImageObject\",\"inLanguage\":\"tr\",\"@id\":\"https:\/\/www.megaguvenlik.com\/?product=dahua-sd2a200hb-gn-a-pv-0400-s2#primaryimage\",\"url\":\"https:\/\/www.megaguvenlik.com\/wp-content\/uploads\/2025\/10\/SD2A200HB-GN-A-PV-0400-S2.jpeg\",\"contentUrl\":\"https:\/\/www.megaguvenlik.com\/wp-content\/uploads\/2025\/10\/SD2A200HB-GN-A-PV-0400-S2.jpeg\",\"width\":225,\"height\":225},{\"@type\":\"BreadcrumbList\",\"@id\":\"https:\/\/www.megaguvenlik.com\/?product=dahua-sd2a200hb-gn-a-pv-0400-s2#breadcrumb\",\"itemListElement\":[{\"@type\":\"ListItem\",\"position\":1,\"name\":\"Anasayfa\",\"item\":\"https:\/\/www.megaguvenlik.com\/\"},{\"@type\":\"ListItem\",\"position\":2,\"name\":\"Ma\u011faza\",\"item\":\"https:\/\/www.megaguvenlik.com\/?page_id=323\"},{\"@type\":\"ListItem\",\"position\":3,\"name\":\"DAHUA SD2A200HB-GN-A-PV-0400-S2\"}]},{\"@type\":\"WebSite\",\"@id\":\"https:\/\/www.megaguvenlik.com\/#website\",\"url\":\"https:\/\/www.megaguvenlik.com\/\",\"name\":\"Mega G\u00fcvenlik Sistemleri\",\"description\":\"Kamera | Yang\u0131n Alarm | Network | Acil Anons\",\"potentialAction\":[{\"@type\":\"SearchAction\",\"target\":{\"@type\":\"EntryPoint\",\"urlTemplate\":\"https:\/\/www.megaguvenlik.com\/?s={search_term_string}\"},\"query-input\":{\"@type\":\"PropertyValueSpecification\",\"valueRequired\":true,\"valueName\":\"search_term_string\"}}],\"inLanguage\":\"tr\"}]}<\/script>\n<!-- \/ Yoast SEO plugin. -->","yoast_head_json":{"title":"DAHUA SD2A200HB-GN-A-PV-0400-S2 - Mega G\u00fcvenlik Sistemleri","description":"**DAHUA SD2A200HB-GN-A-PV-0400-S2 SEO A\u00e7\u0131klamas\u0131:**Dahua SD2A200HB-GN-A-PV-0400-S2, 2 MP \u00e7\u00f6z\u00fcn\u00fcrl\u00fckl\u00fc **ak\u0131ll\u0131 mini PTZ IP g\u00fcvenlik kameras\u0131** modelidir. 1\/2.8\u201d CMOS sens\u00f6r\u00fc sayesinde d\u00fc\u015f\u00fck \u0131\u015f\u0131k ko\u015fullar\u0131nda dahi net ve y\u00fcksek kaliteli g\u00f6r\u00fcnt\u00fcler sunar. **4 mm lensi** ile geni\u015f g\u00f6r\u00fc\u015f a\u00e7\u0131s\u0131 sa\u011flarken, **355\u00b0 yatay ve 90\u00b0 dikey hareket** kabiliyeti sayesinde her a\u00e7\u0131dan izleme imk\u00e2n\u0131 verir. **Full-Color ve Smart Dual Light** teknolojileri, karanl\u0131k ortamlarda dahi canl\u0131 ve renkli g\u00f6r\u00fcnt\u00fcler sa\u011flar. Dahili mikrofon, hoparl\u00f6r ve LED \u0131\u015f\u0131klar\u0131 ile **aktif cayd\u0131r\u0131c\u0131l\u0131k** \u00f6zelli\u011fi sunar; hareket alg\u0131land\u0131\u011f\u0131nda sesli ve \u0131\u015f\u0131kl\u0131 uyar\u0131 verebilir. **IVS (ak\u0131ll\u0131 video analiz)**, insan ve ara\u00e7 alg\u0131lama gibi geli\u015fmi\u015f g\u00fcvenlik fonksiyonlar\u0131n\u0131 destekler. **H.265+ video s\u0131k\u0131\u015ft\u0131rma teknolojisi**, depolama alan\u0131ndan tasarruf sa\u011flar. **IP66 koruma s\u0131n\u0131f\u0131** sayesinde d\u0131\u015f mek\u00e2n ko\u015fullar\u0131na dayan\u0131kl\u0131d\u0131r. PoE deste\u011fiyle kolay kurulum sa\u011flayan SD2A200HB-GN-A-PV-0400-S2, ev, ofis ve k\u00fc\u00e7\u00fck i\u015fletmeler i\u00e7in ideal PTZ kamera \u00e7\u00f6z\u00fcm\u00fcd\u00fcr.","robots":{"index":"index","follow":"follow","max-snippet":"max-snippet:-1","max-image-preview":"max-image-preview:large","max-video-preview":"max-video-preview:-1"},"canonical":"https:\/\/www.megaguvenlik.com\/?product=dahua-sd2a200hb-gn-a-pv-0400-s2","og_locale":"tr_TR","og_type":"article","og_title":"DAHUA SD2A200HB-GN-A-PV-0400-S2 - Mega G\u00fcvenlik Sistemleri","og_description":"**DAHUA SD2A200HB-GN-A-PV-0400-S2 SEO A\u00e7\u0131klamas\u0131:**Dahua SD2A200HB-GN-A-PV-0400-S2, 2 MP \u00e7\u00f6z\u00fcn\u00fcrl\u00fckl\u00fc **ak\u0131ll\u0131 mini PTZ IP g\u00fcvenlik kameras\u0131** modelidir. 1\/2.8\u201d CMOS sens\u00f6r\u00fc sayesinde d\u00fc\u015f\u00fck \u0131\u015f\u0131k ko\u015fullar\u0131nda dahi net ve y\u00fcksek kaliteli g\u00f6r\u00fcnt\u00fcler sunar. **4 mm lensi** ile geni\u015f g\u00f6r\u00fc\u015f a\u00e7\u0131s\u0131 sa\u011flarken, **355\u00b0 yatay ve 90\u00b0 dikey hareket** kabiliyeti sayesinde her a\u00e7\u0131dan izleme imk\u00e2n\u0131 verir. **Full-Color ve Smart Dual Light** teknolojileri, karanl\u0131k ortamlarda dahi canl\u0131 ve renkli g\u00f6r\u00fcnt\u00fcler sa\u011flar. Dahili mikrofon, hoparl\u00f6r ve LED \u0131\u015f\u0131klar\u0131 ile **aktif cayd\u0131r\u0131c\u0131l\u0131k** \u00f6zelli\u011fi sunar; hareket alg\u0131land\u0131\u011f\u0131nda sesli ve \u0131\u015f\u0131kl\u0131 uyar\u0131 verebilir. **IVS (ak\u0131ll\u0131 video analiz)**, insan ve ara\u00e7 alg\u0131lama gibi geli\u015fmi\u015f g\u00fcvenlik fonksiyonlar\u0131n\u0131 destekler. **H.265+ video s\u0131k\u0131\u015ft\u0131rma teknolojisi**, depolama alan\u0131ndan tasarruf sa\u011flar. **IP66 koruma s\u0131n\u0131f\u0131** sayesinde d\u0131\u015f mek\u00e2n ko\u015fullar\u0131na dayan\u0131kl\u0131d\u0131r. PoE deste\u011fiyle kolay kurulum sa\u011flayan SD2A200HB-GN-A-PV-0400-S2, ev, ofis ve k\u00fc\u00e7\u00fck i\u015fletmeler i\u00e7in ideal PTZ kamera \u00e7\u00f6z\u00fcm\u00fcd\u00fcr.","og_url":"https:\/\/www.megaguvenlik.com\/?product=dahua-sd2a200hb-gn-a-pv-0400-s2","og_site_name":"Mega G\u00fcvenlik Sistemleri","og_image":[{"width":225,"height":225,"url":"https:\/\/www.megaguvenlik.com\/wp-content\/uploads\/2025\/10\/SD2A200HB-GN-A-PV-0400-S2.jpeg","type":"image\/jpeg"}],"twitter_card":"summary_large_image","twitter_misc":{"Tahmini okuma s\u00fcresi":"1 dakika"},"schema":{"@context":"https:\/\/schema.org","@graph":[{"@type":"WebPage","@id":"https:\/\/www.megaguvenlik.com\/?product=dahua-sd2a200hb-gn-a-pv-0400-s2","url":"https:\/\/www.megaguvenlik.com\/?product=dahua-sd2a200hb-gn-a-pv-0400-s2","name":"DAHUA SD2A200HB-GN-A-PV-0400-S2 - Mega G\u00fcvenlik Sistemleri","isPartOf":{"@id":"https:\/\/www.megaguvenlik.com\/#website"},"primaryImageOfPage":{"@id":"https:\/\/www.megaguvenlik.com\/?product=dahua-sd2a200hb-gn-a-pv-0400-s2#primaryimage"},"image":{"@id":"https:\/\/www.megaguvenlik.com\/?product=dahua-sd2a200hb-gn-a-pv-0400-s2#primaryimage"},"thumbnailUrl":"https:\/\/www.megaguvenlik.com\/wp-content\/uploads\/2025\/10\/SD2A200HB-GN-A-PV-0400-S2.jpeg","datePublished":"2025-10-13T07:09:29+00:00","description":"**DAHUA SD2A200HB-GN-A-PV-0400-S2 SEO A\u00e7\u0131klamas\u0131:**Dahua SD2A200HB-GN-A-PV-0400-S2, 2 MP \u00e7\u00f6z\u00fcn\u00fcrl\u00fckl\u00fc **ak\u0131ll\u0131 mini PTZ IP g\u00fcvenlik kameras\u0131** modelidir. 1\/2.8\u201d CMOS sens\u00f6r\u00fc sayesinde d\u00fc\u015f\u00fck \u0131\u015f\u0131k ko\u015fullar\u0131nda dahi net ve y\u00fcksek kaliteli g\u00f6r\u00fcnt\u00fcler sunar. **4 mm lensi** ile geni\u015f g\u00f6r\u00fc\u015f a\u00e7\u0131s\u0131 sa\u011flarken, **355\u00b0 yatay ve 90\u00b0 dikey hareket** kabiliyeti sayesinde her a\u00e7\u0131dan izleme imk\u00e2n\u0131 verir. **Full-Color ve Smart Dual Light** teknolojileri, karanl\u0131k ortamlarda dahi canl\u0131 ve renkli g\u00f6r\u00fcnt\u00fcler sa\u011flar. Dahili mikrofon, hoparl\u00f6r ve LED \u0131\u015f\u0131klar\u0131 ile **aktif cayd\u0131r\u0131c\u0131l\u0131k** \u00f6zelli\u011fi sunar; hareket alg\u0131land\u0131\u011f\u0131nda sesli ve \u0131\u015f\u0131kl\u0131 uyar\u0131 verebilir. **IVS (ak\u0131ll\u0131 video analiz)**, insan ve ara\u00e7 alg\u0131lama gibi geli\u015fmi\u015f g\u00fcvenlik fonksiyonlar\u0131n\u0131 destekler. **H.265+ video s\u0131k\u0131\u015ft\u0131rma teknolojisi**, depolama alan\u0131ndan tasarruf sa\u011flar. **IP66 koruma s\u0131n\u0131f\u0131** sayesinde d\u0131\u015f mek\u00e2n ko\u015fullar\u0131na dayan\u0131kl\u0131d\u0131r. PoE deste\u011fiyle kolay kurulum sa\u011flayan SD2A200HB-GN-A-PV-0400-S2, ev, ofis ve k\u00fc\u00e7\u00fck i\u015fletmeler i\u00e7in ideal PTZ kamera \u00e7\u00f6z\u00fcm\u00fcd\u00fcr.","breadcrumb":{"@id":"https:\/\/www.megaguvenlik.com\/?product=dahua-sd2a200hb-gn-a-pv-0400-s2#breadcrumb"},"inLanguage":"tr","potentialAction":[{"@type":"ReadAction","target":["https:\/\/www.megaguvenlik.com\/?product=dahua-sd2a200hb-gn-a-pv-0400-s2"]}]},{"@type":"ImageObject","inLanguage":"tr","@id":"https:\/\/www.megaguvenlik.com\/?product=dahua-sd2a200hb-gn-a-pv-0400-s2#primaryimage","url":"https:\/\/www.megaguvenlik.com\/wp-content\/uploads\/2025\/10\/SD2A200HB-GN-A-PV-0400-S2.jpeg","contentUrl":"https:\/\/www.megaguvenlik.com\/wp-content\/uploads\/2025\/10\/SD2A200HB-GN-A-PV-0400-S2.jpeg","width":225,"height":225},{"@type":"BreadcrumbList","@id":"https:\/\/www.megaguvenlik.com\/?product=dahua-sd2a200hb-gn-a-pv-0400-s2#breadcrumb","itemListElement":[{"@type":"ListItem","position":1,"name":"Anasayfa","item":"https:\/\/www.megaguvenlik.com\/"},{"@type":"ListItem","position":2,"name":"Ma\u011faza","item":"https:\/\/www.megaguvenlik.com\/?page_id=323"},{"@type":"ListItem","position":3,"name":"DAHUA SD2A200HB-GN-A-PV-0400-S2"}]},{"@type":"WebSite","@id":"https:\/\/www.megaguvenlik.com\/#website","url":"https:\/\/www.megaguvenlik.com\/","name":"Mega G\u00fcvenlik Sistemleri","description":"Kamera | Yang\u0131n Alarm | Network | Acil Anons","potentialAction":[{"@type":"SearchAction","target":{"@type":"EntryPoint","urlTemplate":"https:\/\/www.megaguvenlik.com\/?s={search_term_string}"},"query-input":{"@type":"PropertyValueSpecification","valueRequired":true,"valueName":"search_term_string"}}],"inLanguage":"tr"}]}},"_links":{"self":[{"href":"https:\/\/www.megaguvenlik.com\/index.php?rest_route=\/wp\/v2\/product\/4513","targetHints":{"allow":["GET"]}}],"collection":[{"href":"https:\/\/www.megaguvenlik.com\/index.php?rest_route=\/wp\/v2\/product"}],"about":[{"href":"https:\/\/www.megaguvenlik.com\/index.php?rest_route=\/wp\/v2\/types\/product"}],"replies":[{"embeddable":true,"href":"https:\/\/www.megaguvenlik.com\/index.php?rest_route=%2Fwp%2Fv2%2Fcomments&post=4513"}],"wp:featuredmedia":[{"embeddable":true,"href":"https:\/\/www.megaguvenlik.com\/index.php?rest_route=\/wp\/v2\/media\/4514"}],"wp:attachment":[{"href":"https:\/\/www.megaguvenlik.com\/index.php?rest_route=%2Fwp%2Fv2%2Fmedia&parent=4513"}],"wp:term":[{"taxonomy":"product_brand","embeddable":true,"href":"https:\/\/www.megaguvenlik.com\/index.php?rest_route=%2Fwp%2Fv2%2Fproduct_brand&post=4513"},{"taxonomy":"product_cat","embeddable":true,"href":"https:\/\/www.megaguvenlik.com\/index.php?rest_route=%2Fwp%2Fv2%2Fproduct_cat&post=4513"},{"taxonomy":"product_tag","embeddable":true,"href":"https:\/\/www.megaguvenlik.com\/index.php?rest_route=%2Fwp%2Fv2%2Fproduct_tag&post=4513"}],"curies":[{"name":"wp","href":"https:\/\/api.w.org\/{rel}","templated":true}]}}