{"id":4575,"date":"2025-10-13T15:40:22","date_gmt":"2025-10-13T12:40:22","guid":{"rendered":"https:\/\/www.megaguvenlik.com\/?post_type=product&#038;p=4575"},"modified":"2025-10-13T15:40:22","modified_gmt":"2025-10-13T12:40:22","slug":"dahua-ipc-hpt1530da-stw-2","status":"publish","type":"product","link":"https:\/\/www.megaguvenlik.com\/?product=dahua-ipc-hpt1530da-stw-2","title":{"rendered":"DAHUA IPC-HPT1530DA-STW"},"content":{"rendered":"<p>5MP WiFi IP K\u00fcp PT Dome Kamera 5 MP 1\/3.2&#8243; CMOS sens\u00f6r ile d\u00fc\u015f\u00fck ayd\u0131nlatmada y\u00fcksek \u00e7\u00f6z\u00fcn\u00fcrl\u00fckl\u00fc g\u00f6r\u00fcnt\u00fc sunar. Maksimum 5 MP @25 fps video \u00e7\u0131k\u0131\u015f\u0131 sa\u011flar. H.265 codec ile y\u00fcksek s\u0131k\u0131\u015ft\u0131rma oran\u0131 ve d\u00fc\u015f\u00fck bit h\u0131z\u0131. Dahili IR LED ile 15 metreye kadar gece g\u00f6r\u00fc\u015f deste\u011fi. 256 GB\u2019a kadar Micro SD kart deste\u011fi, dahili mikrofon ve hoparl\u00f6r. 5 VDC g\u00fc\u00e7 kayna\u011f\u0131 ile \u00e7al\u0131\u015f\u0131r. Wi-Fi ba\u011flant\u0131s\u0131n\u0131 destekler. Hareket alg\u0131lama ve insan alg\u0131lama \u00f6zellikleri mevcuttur.<\/p>\n","protected":false},"excerpt":{"rendered":"<p>5MP WiFi IP K\u00fcp PT Dome Kamera 5 MP 1\/3.2&#8243; CMOS sens\u00f6r ile d\u00fc\u015f\u00fck ayd\u0131nlatmada y\u00fcksek \u00e7\u00f6z\u00fcn\u00fcrl\u00fckl\u00fc g\u00f6r\u00fcnt\u00fc sunar. Maksimum 5 MP @25 fps video \u00e7\u0131k\u0131\u015f\u0131 sa\u011flar. H.265 codec ile y\u00fcksek s\u0131k\u0131\u015ft\u0131rma oran\u0131 ve d\u00fc\u015f\u00fck bit h\u0131z\u0131. Dahili IR LED ile 15 metreye kadar gece g\u00f6r\u00fc\u015f deste\u011fi. 256 GB\u2019a kadar Micro SD kart deste\u011fi, dahili mikrofon ve hoparl\u00f6r. 5 VDC g\u00fc\u00e7 kayna\u011f\u0131 ile \u00e7al\u0131\u015f\u0131r. Wi-Fi ba\u011flant\u0131s\u0131n\u0131 destekler. Hareket alg\u0131lama ve insan alg\u0131lama \u00f6zellikleri mevcuttur.<\/p>\n","protected":false},"featured_media":4576,"comment_status":"open","ping_status":"closed","template":"","meta":[],"product_brand":[],"product_cat":[338,354,199],"product_tag":[340,339,355],"class_list":{"0":"post-4575","1":"product","2":"type-product","3":"status-publish","4":"has-post-thumbnail","6":"product_cat-dahua","7":"product_cat-internet-camera","8":"product_cat-kamera-sistemleri","9":"product_tag-alhua","10":"product_tag-dahua","11":"product_tag-internet-camera","13":"first","14":"instock","15":"taxable","16":"shipping-taxable","17":"product-type-simple"},"yoast_head":"<!-- This site is optimized with the Yoast SEO plugin v26.0 - https:\/\/yoast.com\/wordpress\/plugins\/seo\/ -->\n<title>DAHUA IPC-HPT1530DA-STW - Mega G\u00fcvenlik Sistemleri<\/title>\n<meta name=\"description\" content=\"IPC-HPT1530DA-STW, 5 MP \u00e7\u00f6z\u00fcn\u00fcrl\u00fck sunan i\u00e7 mek\u00e2n Wi-Fi pan\/tilt (pan &amp; tilt) kamera modelidir. Bu model, kompakt yap\u0131s\u0131 ve g\u00fc\u00e7l\u00fc \u00f6zellikleriyle ev ve k\u00fc\u00e7\u00fck i\u015fletme g\u00fcvenli\u011fi i\u00e7in ideal bir \u00e7\u00f6z\u00fcmd\u00fcr.\" \/>\n<meta name=\"robots\" content=\"index, follow, max-snippet:-1, max-image-preview:large, max-video-preview:-1\" \/>\n<link rel=\"canonical\" href=\"https:\/\/www.megaguvenlik.com\/?product=dahua-ipc-hpt1530da-stw-2\" \/>\n<meta property=\"og:locale\" content=\"tr_TR\" \/>\n<meta property=\"og:type\" content=\"article\" \/>\n<meta property=\"og:title\" content=\"DAHUA IPC-HPT1530DA-STW - Mega G\u00fcvenlik Sistemleri\" \/>\n<meta property=\"og:description\" content=\"IPC-HPT1530DA-STW, 5 MP \u00e7\u00f6z\u00fcn\u00fcrl\u00fck sunan i\u00e7 mek\u00e2n Wi-Fi pan\/tilt (pan &amp; tilt) kamera modelidir. Bu model, kompakt yap\u0131s\u0131 ve g\u00fc\u00e7l\u00fc \u00f6zellikleriyle ev ve k\u00fc\u00e7\u00fck i\u015fletme g\u00fcvenli\u011fi i\u00e7in ideal bir \u00e7\u00f6z\u00fcmd\u00fcr.\" \/>\n<meta property=\"og:url\" content=\"https:\/\/www.megaguvenlik.com\/?product=dahua-ipc-hpt1530da-stw-2\" \/>\n<meta property=\"og:site_name\" content=\"Mega G\u00fcvenlik Sistemleri\" \/>\n<meta property=\"og:image\" content=\"https:\/\/www.megaguvenlik.com\/wp-content\/uploads\/2025\/10\/IPC-HPT1530DA-STW-1.jpeg\" \/>\n\t<meta property=\"og:image:width\" content=\"225\" \/>\n\t<meta property=\"og:image:height\" content=\"225\" \/>\n\t<meta property=\"og:image:type\" content=\"image\/jpeg\" \/>\n<meta name=\"twitter:card\" content=\"summary_large_image\" \/>\n<meta name=\"twitter:label1\" content=\"Tahmini okuma s\u00fcresi\" \/>\n\t<meta name=\"twitter:data1\" content=\"1 dakika\" \/>\n<script type=\"application\/ld+json\" class=\"yoast-schema-graph\">{\"@context\":\"https:\/\/schema.org\",\"@graph\":[{\"@type\":\"WebPage\",\"@id\":\"https:\/\/www.megaguvenlik.com\/?product=dahua-ipc-hpt1530da-stw-2\",\"url\":\"https:\/\/www.megaguvenlik.com\/?product=dahua-ipc-hpt1530da-stw-2\",\"name\":\"DAHUA IPC-HPT1530DA-STW - Mega G\u00fcvenlik Sistemleri\",\"isPartOf\":{\"@id\":\"https:\/\/www.megaguvenlik.com\/#website\"},\"primaryImageOfPage\":{\"@id\":\"https:\/\/www.megaguvenlik.com\/?product=dahua-ipc-hpt1530da-stw-2#primaryimage\"},\"image\":{\"@id\":\"https:\/\/www.megaguvenlik.com\/?product=dahua-ipc-hpt1530da-stw-2#primaryimage\"},\"thumbnailUrl\":\"https:\/\/www.megaguvenlik.com\/wp-content\/uploads\/2025\/10\/IPC-HPT1530DA-STW-1.jpeg\",\"datePublished\":\"2025-10-13T12:40:22+00:00\",\"description\":\"IPC-HPT1530DA-STW, 5 MP \u00e7\u00f6z\u00fcn\u00fcrl\u00fck sunan i\u00e7 mek\u00e2n Wi-Fi pan\/tilt (pan & tilt) kamera modelidir. Bu model, kompakt yap\u0131s\u0131 ve g\u00fc\u00e7l\u00fc \u00f6zellikleriyle ev ve k\u00fc\u00e7\u00fck i\u015fletme g\u00fcvenli\u011fi i\u00e7in ideal bir \u00e7\u00f6z\u00fcmd\u00fcr.\",\"breadcrumb\":{\"@id\":\"https:\/\/www.megaguvenlik.com\/?product=dahua-ipc-hpt1530da-stw-2#breadcrumb\"},\"inLanguage\":\"tr\",\"potentialAction\":[{\"@type\":\"ReadAction\",\"target\":[\"https:\/\/www.megaguvenlik.com\/?product=dahua-ipc-hpt1530da-stw-2\"]}]},{\"@type\":\"ImageObject\",\"inLanguage\":\"tr\",\"@id\":\"https:\/\/www.megaguvenlik.com\/?product=dahua-ipc-hpt1530da-stw-2#primaryimage\",\"url\":\"https:\/\/www.megaguvenlik.com\/wp-content\/uploads\/2025\/10\/IPC-HPT1530DA-STW-1.jpeg\",\"contentUrl\":\"https:\/\/www.megaguvenlik.com\/wp-content\/uploads\/2025\/10\/IPC-HPT1530DA-STW-1.jpeg\",\"width\":225,\"height\":225},{\"@type\":\"BreadcrumbList\",\"@id\":\"https:\/\/www.megaguvenlik.com\/?product=dahua-ipc-hpt1530da-stw-2#breadcrumb\",\"itemListElement\":[{\"@type\":\"ListItem\",\"position\":1,\"name\":\"Anasayfa\",\"item\":\"https:\/\/www.megaguvenlik.com\/\"},{\"@type\":\"ListItem\",\"position\":2,\"name\":\"Ma\u011faza\",\"item\":\"https:\/\/www.megaguvenlik.com\/?page_id=323\"},{\"@type\":\"ListItem\",\"position\":3,\"name\":\"DAHUA IPC-HPT1530DA-STW\"}]},{\"@type\":\"WebSite\",\"@id\":\"https:\/\/www.megaguvenlik.com\/#website\",\"url\":\"https:\/\/www.megaguvenlik.com\/\",\"name\":\"Mega G\u00fcvenlik Sistemleri\",\"description\":\"Kamera | Yang\u0131n Alarm | Network | Acil Anons\",\"potentialAction\":[{\"@type\":\"SearchAction\",\"target\":{\"@type\":\"EntryPoint\",\"urlTemplate\":\"https:\/\/www.megaguvenlik.com\/?s={search_term_string}\"},\"query-input\":{\"@type\":\"PropertyValueSpecification\",\"valueRequired\":true,\"valueName\":\"search_term_string\"}}],\"inLanguage\":\"tr\"}]}<\/script>\n<!-- \/ Yoast SEO plugin. -->","yoast_head_json":{"title":"DAHUA IPC-HPT1530DA-STW - Mega G\u00fcvenlik Sistemleri","description":"IPC-HPT1530DA-STW, 5 MP \u00e7\u00f6z\u00fcn\u00fcrl\u00fck sunan i\u00e7 mek\u00e2n Wi-Fi pan\/tilt (pan & tilt) kamera modelidir. Bu model, kompakt yap\u0131s\u0131 ve g\u00fc\u00e7l\u00fc \u00f6zellikleriyle ev ve k\u00fc\u00e7\u00fck i\u015fletme g\u00fcvenli\u011fi i\u00e7in ideal bir \u00e7\u00f6z\u00fcmd\u00fcr.","robots":{"index":"index","follow":"follow","max-snippet":"max-snippet:-1","max-image-preview":"max-image-preview:large","max-video-preview":"max-video-preview:-1"},"canonical":"https:\/\/www.megaguvenlik.com\/?product=dahua-ipc-hpt1530da-stw-2","og_locale":"tr_TR","og_type":"article","og_title":"DAHUA IPC-HPT1530DA-STW - Mega G\u00fcvenlik Sistemleri","og_description":"IPC-HPT1530DA-STW, 5 MP \u00e7\u00f6z\u00fcn\u00fcrl\u00fck sunan i\u00e7 mek\u00e2n Wi-Fi pan\/tilt (pan & tilt) kamera modelidir. Bu model, kompakt yap\u0131s\u0131 ve g\u00fc\u00e7l\u00fc \u00f6zellikleriyle ev ve k\u00fc\u00e7\u00fck i\u015fletme g\u00fcvenli\u011fi i\u00e7in ideal bir \u00e7\u00f6z\u00fcmd\u00fcr.","og_url":"https:\/\/www.megaguvenlik.com\/?product=dahua-ipc-hpt1530da-stw-2","og_site_name":"Mega G\u00fcvenlik Sistemleri","og_image":[{"width":225,"height":225,"url":"https:\/\/www.megaguvenlik.com\/wp-content\/uploads\/2025\/10\/IPC-HPT1530DA-STW-1.jpeg","type":"image\/jpeg"}],"twitter_card":"summary_large_image","twitter_misc":{"Tahmini okuma s\u00fcresi":"1 dakika"},"schema":{"@context":"https:\/\/schema.org","@graph":[{"@type":"WebPage","@id":"https:\/\/www.megaguvenlik.com\/?product=dahua-ipc-hpt1530da-stw-2","url":"https:\/\/www.megaguvenlik.com\/?product=dahua-ipc-hpt1530da-stw-2","name":"DAHUA IPC-HPT1530DA-STW - Mega G\u00fcvenlik Sistemleri","isPartOf":{"@id":"https:\/\/www.megaguvenlik.com\/#website"},"primaryImageOfPage":{"@id":"https:\/\/www.megaguvenlik.com\/?product=dahua-ipc-hpt1530da-stw-2#primaryimage"},"image":{"@id":"https:\/\/www.megaguvenlik.com\/?product=dahua-ipc-hpt1530da-stw-2#primaryimage"},"thumbnailUrl":"https:\/\/www.megaguvenlik.com\/wp-content\/uploads\/2025\/10\/IPC-HPT1530DA-STW-1.jpeg","datePublished":"2025-10-13T12:40:22+00:00","description":"IPC-HPT1530DA-STW, 5 MP \u00e7\u00f6z\u00fcn\u00fcrl\u00fck sunan i\u00e7 mek\u00e2n Wi-Fi pan\/tilt (pan & tilt) kamera modelidir. Bu model, kompakt yap\u0131s\u0131 ve g\u00fc\u00e7l\u00fc \u00f6zellikleriyle ev ve k\u00fc\u00e7\u00fck i\u015fletme g\u00fcvenli\u011fi i\u00e7in ideal bir \u00e7\u00f6z\u00fcmd\u00fcr.","breadcrumb":{"@id":"https:\/\/www.megaguvenlik.com\/?product=dahua-ipc-hpt1530da-stw-2#breadcrumb"},"inLanguage":"tr","potentialAction":[{"@type":"ReadAction","target":["https:\/\/www.megaguvenlik.com\/?product=dahua-ipc-hpt1530da-stw-2"]}]},{"@type":"ImageObject","inLanguage":"tr","@id":"https:\/\/www.megaguvenlik.com\/?product=dahua-ipc-hpt1530da-stw-2#primaryimage","url":"https:\/\/www.megaguvenlik.com\/wp-content\/uploads\/2025\/10\/IPC-HPT1530DA-STW-1.jpeg","contentUrl":"https:\/\/www.megaguvenlik.com\/wp-content\/uploads\/2025\/10\/IPC-HPT1530DA-STW-1.jpeg","width":225,"height":225},{"@type":"BreadcrumbList","@id":"https:\/\/www.megaguvenlik.com\/?product=dahua-ipc-hpt1530da-stw-2#breadcrumb","itemListElement":[{"@type":"ListItem","position":1,"name":"Anasayfa","item":"https:\/\/www.megaguvenlik.com\/"},{"@type":"ListItem","position":2,"name":"Ma\u011faza","item":"https:\/\/www.megaguvenlik.com\/?page_id=323"},{"@type":"ListItem","position":3,"name":"DAHUA IPC-HPT1530DA-STW"}]},{"@type":"WebSite","@id":"https:\/\/www.megaguvenlik.com\/#website","url":"https:\/\/www.megaguvenlik.com\/","name":"Mega G\u00fcvenlik Sistemleri","description":"Kamera | Yang\u0131n Alarm | Network | Acil Anons","potentialAction":[{"@type":"SearchAction","target":{"@type":"EntryPoint","urlTemplate":"https:\/\/www.megaguvenlik.com\/?s={search_term_string}"},"query-input":{"@type":"PropertyValueSpecification","valueRequired":true,"valueName":"search_term_string"}}],"inLanguage":"tr"}]}},"_links":{"self":[{"href":"https:\/\/www.megaguvenlik.com\/index.php?rest_route=\/wp\/v2\/product\/4575","targetHints":{"allow":["GET"]}}],"collection":[{"href":"https:\/\/www.megaguvenlik.com\/index.php?rest_route=\/wp\/v2\/product"}],"about":[{"href":"https:\/\/www.megaguvenlik.com\/index.php?rest_route=\/wp\/v2\/types\/product"}],"replies":[{"embeddable":true,"href":"https:\/\/www.megaguvenlik.com\/index.php?rest_route=%2Fwp%2Fv2%2Fcomments&post=4575"}],"wp:featuredmedia":[{"embeddable":true,"href":"https:\/\/www.megaguvenlik.com\/index.php?rest_route=\/wp\/v2\/media\/4576"}],"wp:attachment":[{"href":"https:\/\/www.megaguvenlik.com\/index.php?rest_route=%2Fwp%2Fv2%2Fmedia&parent=4575"}],"wp:term":[{"taxonomy":"product_brand","embeddable":true,"href":"https:\/\/www.megaguvenlik.com\/index.php?rest_route=%2Fwp%2Fv2%2Fproduct_brand&post=4575"},{"taxonomy":"product_cat","embeddable":true,"href":"https:\/\/www.megaguvenlik.com\/index.php?rest_route=%2Fwp%2Fv2%2Fproduct_cat&post=4575"},{"taxonomy":"product_tag","embeddable":true,"href":"https:\/\/www.megaguvenlik.com\/index.php?rest_route=%2Fwp%2Fv2%2Fproduct_tag&post=4575"}],"curies":[{"name":"wp","href":"https:\/\/api.w.org\/{rel}","templated":true}]}}