{"id":4577,"date":"2025-10-13T15:48:30","date_gmt":"2025-10-13T12:48:30","guid":{"rendered":"https:\/\/www.megaguvenlik.com\/?post_type=product&#038;p=4577"},"modified":"2025-10-13T15:48:31","modified_gmt":"2025-10-13T12:48:31","slug":"dahua-t2a-pv","status":"publish","type":"product","link":"https:\/\/www.megaguvenlik.com\/?product=dahua-t2a-pv","title":{"rendered":"DAHUA T2A-PV"},"content":{"rendered":"<p>2MP Sabit Odakl\u0131 Wi-Fi Turret A\u011f Kameras\u0131 Dahua Wireless serisinin alt\u0131nda yer alan Turret Serisi, yaln\u0131zca kurulumu ve kullan\u0131m\u0131 kolay olmakla kalmay\u0131p ayn\u0131 zamanda ola\u011fan\u00fcst\u00fc performans g\u00f6steren ve uygun maliyetli kameralard\u0131r. Sahnelerin keskin, ayr\u0131nt\u0131l\u0131 g\u00f6r\u00fcnt\u00fclerini y\u00fcksek \u00e7\u00f6z\u00fcn\u00fcrl\u00fckte yakalarlar ve alarmlar\u0131 do\u011fru bir \u015fekilde tetiklemek i\u00e7in AI insan alg\u0131lama gibi g\u00fc\u00e7l\u00fc i\u015flevler sunarlar. Ayr\u0131ca, sizi g\u00fcncel tutmak i\u00e7in bilgiler telefonunuza e\u015f zamanl\u0131 olarak g\u00f6nderilir. IP67 derecesiyle bu kameralar zorlu ortamlara dayanabilir ve bu da onlar\u0131 k\u00fc\u00e7\u00fck ve orta \u00f6l\u00e7ekli perakende ma\u011fazalar\u0131 gibi ortamlarda kullan\u0131m i\u00e7in olduk\u00e7a uygun hale getirir.<\/p>\n","protected":false},"excerpt":{"rendered":"<p>2MP Sabit Odakl\u0131 Wi-Fi Turret A\u011f Kameras\u0131 Dahua Wireless serisinin alt\u0131nda yer alan Turret Serisi, yaln\u0131zca kurulumu ve kullan\u0131m\u0131 kolay olmakla kalmay\u0131p ayn\u0131 zamanda ola\u011fan\u00fcst\u00fc performans g\u00f6steren ve uygun maliyetli kameralard\u0131r. Sahnelerin keskin, ayr\u0131nt\u0131l\u0131 g\u00f6r\u00fcnt\u00fclerini y\u00fcksek \u00e7\u00f6z\u00fcn\u00fcrl\u00fckte yakalarlar ve alarmlar\u0131 do\u011fru bir \u015fekilde tetiklemek i\u00e7in AI insan alg\u0131lama gibi g\u00fc\u00e7l\u00fc i\u015flevler sunarlar. Ayr\u0131ca, sizi g\u00fcncel tutmak i\u00e7in bilgiler telefonunuza e\u015f zamanl\u0131 olarak g\u00f6nderilir. IP67 derecesiyle bu kameralar zorlu ortamlara dayanabilir ve bu da onlar\u0131 k\u00fc\u00e7\u00fck ve orta \u00f6l\u00e7ekli perakende ma\u011fazalar\u0131 gibi ortamlarda kullan\u0131m i\u00e7in olduk\u00e7a uygun hale getirir.<\/p>\n","protected":false},"featured_media":4578,"comment_status":"open","ping_status":"closed","template":"","meta":[],"product_brand":[],"product_cat":[338,354,199],"product_tag":[340,339,355],"class_list":{"0":"post-4577","1":"product","2":"type-product","3":"status-publish","4":"has-post-thumbnail","6":"product_cat-dahua","7":"product_cat-internet-camera","8":"product_cat-kamera-sistemleri","9":"product_tag-alhua","10":"product_tag-dahua","11":"product_tag-internet-camera","13":"first","14":"instock","15":"taxable","16":"shipping-taxable","17":"product-type-simple"},"yoast_head":"<!-- This site is optimized with the Yoast SEO plugin v26.0 - https:\/\/yoast.com\/wordpress\/plugins\/seo\/ -->\n<title>DAHUA T2A-PV - Mega G\u00fcvenlik Sistemleri<\/title>\n<meta name=\"description\" content=\"DAHUA T2A-PV, 2 MP sabit odakl\u0131 Wi-Fi turret kamera modelidir. 1080p \u00e7\u00f6z\u00fcn\u00fcrl\u00fck, yapay zeka destekli insan alg\u0131lama ve IP67 derecesiyle hem i\u00e7 hem d\u0131\u015f mek\u00e2nlarda g\u00fcvenli g\u00f6r\u00fcnt\u00fcleme sunar.\" \/>\n<meta name=\"robots\" content=\"index, follow, max-snippet:-1, max-image-preview:large, max-video-preview:-1\" \/>\n<link rel=\"canonical\" href=\"https:\/\/www.megaguvenlik.com\/?product=dahua-t2a-pv\" \/>\n<meta property=\"og:locale\" content=\"tr_TR\" \/>\n<meta property=\"og:type\" content=\"article\" \/>\n<meta property=\"og:title\" content=\"DAHUA T2A-PV - Mega G\u00fcvenlik Sistemleri\" \/>\n<meta property=\"og:description\" content=\"DAHUA T2A-PV, 2 MP sabit odakl\u0131 Wi-Fi turret kamera modelidir. 1080p \u00e7\u00f6z\u00fcn\u00fcrl\u00fck, yapay zeka destekli insan alg\u0131lama ve IP67 derecesiyle hem i\u00e7 hem d\u0131\u015f mek\u00e2nlarda g\u00fcvenli g\u00f6r\u00fcnt\u00fcleme sunar.\" \/>\n<meta property=\"og:url\" content=\"https:\/\/www.megaguvenlik.com\/?product=dahua-t2a-pv\" \/>\n<meta property=\"og:site_name\" content=\"Mega G\u00fcvenlik Sistemleri\" \/>\n<meta property=\"article:modified_time\" content=\"2025-10-13T12:48:31+00:00\" \/>\n<meta property=\"og:image\" content=\"https:\/\/www.megaguvenlik.com\/wp-content\/uploads\/2025\/10\/T2A-PV.jpeg\" \/>\n\t<meta property=\"og:image:width\" content=\"225\" \/>\n\t<meta property=\"og:image:height\" content=\"225\" \/>\n\t<meta property=\"og:image:type\" content=\"image\/jpeg\" \/>\n<meta name=\"twitter:card\" content=\"summary_large_image\" \/>\n<meta name=\"twitter:label1\" content=\"Tahmini okuma s\u00fcresi\" \/>\n\t<meta name=\"twitter:data1\" content=\"1 dakika\" \/>\n<script type=\"application\/ld+json\" class=\"yoast-schema-graph\">{\"@context\":\"https:\/\/schema.org\",\"@graph\":[{\"@type\":\"WebPage\",\"@id\":\"https:\/\/www.megaguvenlik.com\/?product=dahua-t2a-pv\",\"url\":\"https:\/\/www.megaguvenlik.com\/?product=dahua-t2a-pv\",\"name\":\"DAHUA T2A-PV - Mega G\u00fcvenlik Sistemleri\",\"isPartOf\":{\"@id\":\"https:\/\/www.megaguvenlik.com\/#website\"},\"primaryImageOfPage\":{\"@id\":\"https:\/\/www.megaguvenlik.com\/?product=dahua-t2a-pv#primaryimage\"},\"image\":{\"@id\":\"https:\/\/www.megaguvenlik.com\/?product=dahua-t2a-pv#primaryimage\"},\"thumbnailUrl\":\"https:\/\/www.megaguvenlik.com\/wp-content\/uploads\/2025\/10\/T2A-PV.jpeg\",\"datePublished\":\"2025-10-13T12:48:30+00:00\",\"dateModified\":\"2025-10-13T12:48:31+00:00\",\"description\":\"DAHUA T2A-PV, 2 MP sabit odakl\u0131 Wi-Fi turret kamera modelidir. 1080p \u00e7\u00f6z\u00fcn\u00fcrl\u00fck, yapay zeka destekli insan alg\u0131lama ve IP67 derecesiyle hem i\u00e7 hem d\u0131\u015f mek\u00e2nlarda g\u00fcvenli g\u00f6r\u00fcnt\u00fcleme sunar.\",\"breadcrumb\":{\"@id\":\"https:\/\/www.megaguvenlik.com\/?product=dahua-t2a-pv#breadcrumb\"},\"inLanguage\":\"tr\",\"potentialAction\":[{\"@type\":\"ReadAction\",\"target\":[\"https:\/\/www.megaguvenlik.com\/?product=dahua-t2a-pv\"]}]},{\"@type\":\"ImageObject\",\"inLanguage\":\"tr\",\"@id\":\"https:\/\/www.megaguvenlik.com\/?product=dahua-t2a-pv#primaryimage\",\"url\":\"https:\/\/www.megaguvenlik.com\/wp-content\/uploads\/2025\/10\/T2A-PV.jpeg\",\"contentUrl\":\"https:\/\/www.megaguvenlik.com\/wp-content\/uploads\/2025\/10\/T2A-PV.jpeg\",\"width\":225,\"height\":225},{\"@type\":\"BreadcrumbList\",\"@id\":\"https:\/\/www.megaguvenlik.com\/?product=dahua-t2a-pv#breadcrumb\",\"itemListElement\":[{\"@type\":\"ListItem\",\"position\":1,\"name\":\"Anasayfa\",\"item\":\"https:\/\/www.megaguvenlik.com\/\"},{\"@type\":\"ListItem\",\"position\":2,\"name\":\"Ma\u011faza\",\"item\":\"https:\/\/www.megaguvenlik.com\/?page_id=323\"},{\"@type\":\"ListItem\",\"position\":3,\"name\":\"DAHUA T2A-PV\"}]},{\"@type\":\"WebSite\",\"@id\":\"https:\/\/www.megaguvenlik.com\/#website\",\"url\":\"https:\/\/www.megaguvenlik.com\/\",\"name\":\"Mega G\u00fcvenlik Sistemleri\",\"description\":\"Kamera | Yang\u0131n Alarm | Network | Acil Anons\",\"potentialAction\":[{\"@type\":\"SearchAction\",\"target\":{\"@type\":\"EntryPoint\",\"urlTemplate\":\"https:\/\/www.megaguvenlik.com\/?s={search_term_string}\"},\"query-input\":{\"@type\":\"PropertyValueSpecification\",\"valueRequired\":true,\"valueName\":\"search_term_string\"}}],\"inLanguage\":\"tr\"}]}<\/script>\n<!-- \/ Yoast SEO plugin. -->","yoast_head_json":{"title":"DAHUA T2A-PV - Mega G\u00fcvenlik Sistemleri","description":"DAHUA T2A-PV, 2 MP sabit odakl\u0131 Wi-Fi turret kamera modelidir. 1080p \u00e7\u00f6z\u00fcn\u00fcrl\u00fck, yapay zeka destekli insan alg\u0131lama ve IP67 derecesiyle hem i\u00e7 hem d\u0131\u015f mek\u00e2nlarda g\u00fcvenli g\u00f6r\u00fcnt\u00fcleme sunar.","robots":{"index":"index","follow":"follow","max-snippet":"max-snippet:-1","max-image-preview":"max-image-preview:large","max-video-preview":"max-video-preview:-1"},"canonical":"https:\/\/www.megaguvenlik.com\/?product=dahua-t2a-pv","og_locale":"tr_TR","og_type":"article","og_title":"DAHUA T2A-PV - Mega G\u00fcvenlik Sistemleri","og_description":"DAHUA T2A-PV, 2 MP sabit odakl\u0131 Wi-Fi turret kamera modelidir. 1080p \u00e7\u00f6z\u00fcn\u00fcrl\u00fck, yapay zeka destekli insan alg\u0131lama ve IP67 derecesiyle hem i\u00e7 hem d\u0131\u015f mek\u00e2nlarda g\u00fcvenli g\u00f6r\u00fcnt\u00fcleme sunar.","og_url":"https:\/\/www.megaguvenlik.com\/?product=dahua-t2a-pv","og_site_name":"Mega G\u00fcvenlik Sistemleri","article_modified_time":"2025-10-13T12:48:31+00:00","og_image":[{"width":225,"height":225,"url":"https:\/\/www.megaguvenlik.com\/wp-content\/uploads\/2025\/10\/T2A-PV.jpeg","type":"image\/jpeg"}],"twitter_card":"summary_large_image","twitter_misc":{"Tahmini okuma s\u00fcresi":"1 dakika"},"schema":{"@context":"https:\/\/schema.org","@graph":[{"@type":"WebPage","@id":"https:\/\/www.megaguvenlik.com\/?product=dahua-t2a-pv","url":"https:\/\/www.megaguvenlik.com\/?product=dahua-t2a-pv","name":"DAHUA T2A-PV - Mega G\u00fcvenlik Sistemleri","isPartOf":{"@id":"https:\/\/www.megaguvenlik.com\/#website"},"primaryImageOfPage":{"@id":"https:\/\/www.megaguvenlik.com\/?product=dahua-t2a-pv#primaryimage"},"image":{"@id":"https:\/\/www.megaguvenlik.com\/?product=dahua-t2a-pv#primaryimage"},"thumbnailUrl":"https:\/\/www.megaguvenlik.com\/wp-content\/uploads\/2025\/10\/T2A-PV.jpeg","datePublished":"2025-10-13T12:48:30+00:00","dateModified":"2025-10-13T12:48:31+00:00","description":"DAHUA T2A-PV, 2 MP sabit odakl\u0131 Wi-Fi turret kamera modelidir. 1080p \u00e7\u00f6z\u00fcn\u00fcrl\u00fck, yapay zeka destekli insan alg\u0131lama ve IP67 derecesiyle hem i\u00e7 hem d\u0131\u015f mek\u00e2nlarda g\u00fcvenli g\u00f6r\u00fcnt\u00fcleme sunar.","breadcrumb":{"@id":"https:\/\/www.megaguvenlik.com\/?product=dahua-t2a-pv#breadcrumb"},"inLanguage":"tr","potentialAction":[{"@type":"ReadAction","target":["https:\/\/www.megaguvenlik.com\/?product=dahua-t2a-pv"]}]},{"@type":"ImageObject","inLanguage":"tr","@id":"https:\/\/www.megaguvenlik.com\/?product=dahua-t2a-pv#primaryimage","url":"https:\/\/www.megaguvenlik.com\/wp-content\/uploads\/2025\/10\/T2A-PV.jpeg","contentUrl":"https:\/\/www.megaguvenlik.com\/wp-content\/uploads\/2025\/10\/T2A-PV.jpeg","width":225,"height":225},{"@type":"BreadcrumbList","@id":"https:\/\/www.megaguvenlik.com\/?product=dahua-t2a-pv#breadcrumb","itemListElement":[{"@type":"ListItem","position":1,"name":"Anasayfa","item":"https:\/\/www.megaguvenlik.com\/"},{"@type":"ListItem","position":2,"name":"Ma\u011faza","item":"https:\/\/www.megaguvenlik.com\/?page_id=323"},{"@type":"ListItem","position":3,"name":"DAHUA T2A-PV"}]},{"@type":"WebSite","@id":"https:\/\/www.megaguvenlik.com\/#website","url":"https:\/\/www.megaguvenlik.com\/","name":"Mega G\u00fcvenlik Sistemleri","description":"Kamera | Yang\u0131n Alarm | Network | Acil Anons","potentialAction":[{"@type":"SearchAction","target":{"@type":"EntryPoint","urlTemplate":"https:\/\/www.megaguvenlik.com\/?s={search_term_string}"},"query-input":{"@type":"PropertyValueSpecification","valueRequired":true,"valueName":"search_term_string"}}],"inLanguage":"tr"}]}},"_links":{"self":[{"href":"https:\/\/www.megaguvenlik.com\/index.php?rest_route=\/wp\/v2\/product\/4577","targetHints":{"allow":["GET"]}}],"collection":[{"href":"https:\/\/www.megaguvenlik.com\/index.php?rest_route=\/wp\/v2\/product"}],"about":[{"href":"https:\/\/www.megaguvenlik.com\/index.php?rest_route=\/wp\/v2\/types\/product"}],"replies":[{"embeddable":true,"href":"https:\/\/www.megaguvenlik.com\/index.php?rest_route=%2Fwp%2Fv2%2Fcomments&post=4577"}],"wp:featuredmedia":[{"embeddable":true,"href":"https:\/\/www.megaguvenlik.com\/index.php?rest_route=\/wp\/v2\/media\/4578"}],"wp:attachment":[{"href":"https:\/\/www.megaguvenlik.com\/index.php?rest_route=%2Fwp%2Fv2%2Fmedia&parent=4577"}],"wp:term":[{"taxonomy":"product_brand","embeddable":true,"href":"https:\/\/www.megaguvenlik.com\/index.php?rest_route=%2Fwp%2Fv2%2Fproduct_brand&post=4577"},{"taxonomy":"product_cat","embeddable":true,"href":"https:\/\/www.megaguvenlik.com\/index.php?rest_route=%2Fwp%2Fv2%2Fproduct_cat&post=4577"},{"taxonomy":"product_tag","embeddable":true,"href":"https:\/\/www.megaguvenlik.com\/index.php?rest_route=%2Fwp%2Fv2%2Fproduct_tag&post=4577"}],"curies":[{"name":"wp","href":"https:\/\/api.w.org\/{rel}","templated":true}]}}