{"id":4581,"date":"2025-10-13T15:56:46","date_gmt":"2025-10-13T12:56:46","guid":{"rendered":"https:\/\/www.megaguvenlik.com\/?post_type=product&#038;p=4581"},"modified":"2025-10-13T15:56:47","modified_gmt":"2025-10-13T12:56:47","slug":"dahua-p3ae-pv","status":"publish","type":"product","link":"https:\/\/www.megaguvenlik.com\/?product=dahua-p3ae-pv","title":{"rendered":"DAHUA P3AE-PV"},"content":{"rendered":"<p>3MP WiFi Network PT Kamera 1 \/ 2.8 &#8221; CMOS, 4mm Lens, 2.4 GHz Wi-Fi, Micro SD-Kart Deste\u011fi(256GB);FTP, Pan: 0\u00b0 to 345\u00b0;Tilt: 0\u00b0 to +80\u00b0, 2 adet IR LED, 2 adet s\u0131cak \u0131\u015f\u0131k (warm light) LED, Tripwire(Sanal S\u0131n\u0131r), Intrusion(Alan \u0130hlali), \u0130nsan Alg\u0131lama, Sesli ve I\u015f\u0131kl\u0131 Alarm, \u00c7al\u0131\u015fma S\u0131cakl\u0131\u011f\u0131 \u201330 \u00b0C to +55 \u00b0C, \u0130ki y\u00f6nl\u00fc konu\u015fma, her yerden ileti\u015fim, Otomatik hedef takibi, Yapay zek\u00e2 ile ara\u00e7 alg\u0131lama, IP66, 12 VDC, 1 A \u00b1 10%<\/p>\n","protected":false},"excerpt":{"rendered":"<p>3MP WiFi Network PT Kamera 1 \/ 2.8 &#8221; CMOS, 4mm Lens, 2.4 GHz Wi-Fi, Micro SD-Kart Deste\u011fi(256GB);FTP, Pan: 0\u00b0 to 345\u00b0;Tilt: 0\u00b0 to +80\u00b0, 2 adet IR LED, 2 adet s\u0131cak \u0131\u015f\u0131k (warm light) LED, Tripwire(Sanal S\u0131n\u0131r), Intrusion(Alan \u0130hlali), \u0130nsan Alg\u0131lama, Sesli ve I\u015f\u0131kl\u0131 Alarm, \u00c7al\u0131\u015fma S\u0131cakl\u0131\u011f\u0131 \u201330 \u00b0C to +55 \u00b0C, \u0130ki y\u00f6nl\u00fc konu\u015fma, her yerden ileti\u015fim, Otomatik hedef takibi, Yapay zek\u00e2 ile ara\u00e7 alg\u0131lama, IP66, 12 VDC, 1 A \u00b1 10%<\/p>\n","protected":false},"featured_media":4582,"comment_status":"open","ping_status":"closed","template":"","meta":[],"product_brand":[],"product_cat":[338,354,199],"product_tag":[340,339,355],"class_list":{"0":"post-4581","1":"product","2":"type-product","3":"status-publish","4":"has-post-thumbnail","6":"product_cat-dahua","7":"product_cat-internet-camera","8":"product_cat-kamera-sistemleri","9":"product_tag-alhua","10":"product_tag-dahua","11":"product_tag-internet-camera","13":"first","14":"instock","15":"taxable","16":"shipping-taxable","17":"product-type-simple"},"yoast_head":"<!-- This site is optimized with the Yoast SEO plugin v26.0 - https:\/\/yoast.com\/wordpress\/plugins\/seo\/ -->\n<title>DAHUA P3AE-PV - Mega G\u00fcvenlik Sistemleri<\/title>\n<meta name=\"description\" content=\"Dahua P3AE-PV, \u201cActive Defense\u201d serisine ait 3 MP kablosuz pan\/tilt (PT) IP kamera modelidir.\" \/>\n<meta name=\"robots\" content=\"index, follow, max-snippet:-1, max-image-preview:large, max-video-preview:-1\" \/>\n<link rel=\"canonical\" href=\"https:\/\/www.megaguvenlik.com\/?product=dahua-p3ae-pv\" \/>\n<meta property=\"og:locale\" content=\"tr_TR\" \/>\n<meta property=\"og:type\" content=\"article\" \/>\n<meta property=\"og:title\" content=\"DAHUA P3AE-PV - Mega G\u00fcvenlik Sistemleri\" \/>\n<meta property=\"og:description\" content=\"Dahua P3AE-PV, \u201cActive Defense\u201d serisine ait 3 MP kablosuz pan\/tilt (PT) IP kamera modelidir.\" \/>\n<meta property=\"og:url\" content=\"https:\/\/www.megaguvenlik.com\/?product=dahua-p3ae-pv\" \/>\n<meta property=\"og:site_name\" content=\"Mega G\u00fcvenlik Sistemleri\" \/>\n<meta property=\"article:modified_time\" content=\"2025-10-13T12:56:47+00:00\" \/>\n<meta property=\"og:image\" content=\"https:\/\/www.megaguvenlik.com\/wp-content\/uploads\/2025\/10\/P3AE-PV.jpeg\" \/>\n\t<meta property=\"og:image:width\" content=\"224\" \/>\n\t<meta property=\"og:image:height\" content=\"224\" \/>\n\t<meta property=\"og:image:type\" content=\"image\/jpeg\" \/>\n<meta name=\"twitter:card\" content=\"summary_large_image\" \/>\n<meta name=\"twitter:label1\" content=\"Tahmini okuma s\u00fcresi\" \/>\n\t<meta name=\"twitter:data1\" content=\"1 dakika\" \/>\n<script type=\"application\/ld+json\" class=\"yoast-schema-graph\">{\"@context\":\"https:\/\/schema.org\",\"@graph\":[{\"@type\":\"WebPage\",\"@id\":\"https:\/\/www.megaguvenlik.com\/?product=dahua-p3ae-pv\",\"url\":\"https:\/\/www.megaguvenlik.com\/?product=dahua-p3ae-pv\",\"name\":\"DAHUA P3AE-PV - Mega G\u00fcvenlik Sistemleri\",\"isPartOf\":{\"@id\":\"https:\/\/www.megaguvenlik.com\/#website\"},\"primaryImageOfPage\":{\"@id\":\"https:\/\/www.megaguvenlik.com\/?product=dahua-p3ae-pv#primaryimage\"},\"image\":{\"@id\":\"https:\/\/www.megaguvenlik.com\/?product=dahua-p3ae-pv#primaryimage\"},\"thumbnailUrl\":\"https:\/\/www.megaguvenlik.com\/wp-content\/uploads\/2025\/10\/P3AE-PV.jpeg\",\"datePublished\":\"2025-10-13T12:56:46+00:00\",\"dateModified\":\"2025-10-13T12:56:47+00:00\",\"description\":\"Dahua P3AE-PV, \u201cActive Defense\u201d serisine ait 3 MP kablosuz pan\/tilt (PT) IP kamera modelidir.\",\"breadcrumb\":{\"@id\":\"https:\/\/www.megaguvenlik.com\/?product=dahua-p3ae-pv#breadcrumb\"},\"inLanguage\":\"tr\",\"potentialAction\":[{\"@type\":\"ReadAction\",\"target\":[\"https:\/\/www.megaguvenlik.com\/?product=dahua-p3ae-pv\"]}]},{\"@type\":\"ImageObject\",\"inLanguage\":\"tr\",\"@id\":\"https:\/\/www.megaguvenlik.com\/?product=dahua-p3ae-pv#primaryimage\",\"url\":\"https:\/\/www.megaguvenlik.com\/wp-content\/uploads\/2025\/10\/P3AE-PV.jpeg\",\"contentUrl\":\"https:\/\/www.megaguvenlik.com\/wp-content\/uploads\/2025\/10\/P3AE-PV.jpeg\",\"width\":224,\"height\":224},{\"@type\":\"BreadcrumbList\",\"@id\":\"https:\/\/www.megaguvenlik.com\/?product=dahua-p3ae-pv#breadcrumb\",\"itemListElement\":[{\"@type\":\"ListItem\",\"position\":1,\"name\":\"Anasayfa\",\"item\":\"https:\/\/www.megaguvenlik.com\/\"},{\"@type\":\"ListItem\",\"position\":2,\"name\":\"Ma\u011faza\",\"item\":\"https:\/\/www.megaguvenlik.com\/?page_id=323\"},{\"@type\":\"ListItem\",\"position\":3,\"name\":\"DAHUA P3AE-PV\"}]},{\"@type\":\"WebSite\",\"@id\":\"https:\/\/www.megaguvenlik.com\/#website\",\"url\":\"https:\/\/www.megaguvenlik.com\/\",\"name\":\"Mega G\u00fcvenlik Sistemleri\",\"description\":\"Kamera | Yang\u0131n Alarm | Network | Acil Anons\",\"potentialAction\":[{\"@type\":\"SearchAction\",\"target\":{\"@type\":\"EntryPoint\",\"urlTemplate\":\"https:\/\/www.megaguvenlik.com\/?s={search_term_string}\"},\"query-input\":{\"@type\":\"PropertyValueSpecification\",\"valueRequired\":true,\"valueName\":\"search_term_string\"}}],\"inLanguage\":\"tr\"}]}<\/script>\n<!-- \/ Yoast SEO plugin. -->","yoast_head_json":{"title":"DAHUA P3AE-PV - Mega G\u00fcvenlik Sistemleri","description":"Dahua P3AE-PV, \u201cActive Defense\u201d serisine ait 3 MP kablosuz pan\/tilt (PT) IP kamera modelidir.","robots":{"index":"index","follow":"follow","max-snippet":"max-snippet:-1","max-image-preview":"max-image-preview:large","max-video-preview":"max-video-preview:-1"},"canonical":"https:\/\/www.megaguvenlik.com\/?product=dahua-p3ae-pv","og_locale":"tr_TR","og_type":"article","og_title":"DAHUA P3AE-PV - Mega G\u00fcvenlik Sistemleri","og_description":"Dahua P3AE-PV, \u201cActive Defense\u201d serisine ait 3 MP kablosuz pan\/tilt (PT) IP kamera modelidir.","og_url":"https:\/\/www.megaguvenlik.com\/?product=dahua-p3ae-pv","og_site_name":"Mega G\u00fcvenlik Sistemleri","article_modified_time":"2025-10-13T12:56:47+00:00","og_image":[{"width":224,"height":224,"url":"https:\/\/www.megaguvenlik.com\/wp-content\/uploads\/2025\/10\/P3AE-PV.jpeg","type":"image\/jpeg"}],"twitter_card":"summary_large_image","twitter_misc":{"Tahmini okuma s\u00fcresi":"1 dakika"},"schema":{"@context":"https:\/\/schema.org","@graph":[{"@type":"WebPage","@id":"https:\/\/www.megaguvenlik.com\/?product=dahua-p3ae-pv","url":"https:\/\/www.megaguvenlik.com\/?product=dahua-p3ae-pv","name":"DAHUA P3AE-PV - Mega G\u00fcvenlik Sistemleri","isPartOf":{"@id":"https:\/\/www.megaguvenlik.com\/#website"},"primaryImageOfPage":{"@id":"https:\/\/www.megaguvenlik.com\/?product=dahua-p3ae-pv#primaryimage"},"image":{"@id":"https:\/\/www.megaguvenlik.com\/?product=dahua-p3ae-pv#primaryimage"},"thumbnailUrl":"https:\/\/www.megaguvenlik.com\/wp-content\/uploads\/2025\/10\/P3AE-PV.jpeg","datePublished":"2025-10-13T12:56:46+00:00","dateModified":"2025-10-13T12:56:47+00:00","description":"Dahua P3AE-PV, \u201cActive Defense\u201d serisine ait 3 MP kablosuz pan\/tilt (PT) IP kamera modelidir.","breadcrumb":{"@id":"https:\/\/www.megaguvenlik.com\/?product=dahua-p3ae-pv#breadcrumb"},"inLanguage":"tr","potentialAction":[{"@type":"ReadAction","target":["https:\/\/www.megaguvenlik.com\/?product=dahua-p3ae-pv"]}]},{"@type":"ImageObject","inLanguage":"tr","@id":"https:\/\/www.megaguvenlik.com\/?product=dahua-p3ae-pv#primaryimage","url":"https:\/\/www.megaguvenlik.com\/wp-content\/uploads\/2025\/10\/P3AE-PV.jpeg","contentUrl":"https:\/\/www.megaguvenlik.com\/wp-content\/uploads\/2025\/10\/P3AE-PV.jpeg","width":224,"height":224},{"@type":"BreadcrumbList","@id":"https:\/\/www.megaguvenlik.com\/?product=dahua-p3ae-pv#breadcrumb","itemListElement":[{"@type":"ListItem","position":1,"name":"Anasayfa","item":"https:\/\/www.megaguvenlik.com\/"},{"@type":"ListItem","position":2,"name":"Ma\u011faza","item":"https:\/\/www.megaguvenlik.com\/?page_id=323"},{"@type":"ListItem","position":3,"name":"DAHUA P3AE-PV"}]},{"@type":"WebSite","@id":"https:\/\/www.megaguvenlik.com\/#website","url":"https:\/\/www.megaguvenlik.com\/","name":"Mega G\u00fcvenlik Sistemleri","description":"Kamera | Yang\u0131n Alarm | Network | Acil Anons","potentialAction":[{"@type":"SearchAction","target":{"@type":"EntryPoint","urlTemplate":"https:\/\/www.megaguvenlik.com\/?s={search_term_string}"},"query-input":{"@type":"PropertyValueSpecification","valueRequired":true,"valueName":"search_term_string"}}],"inLanguage":"tr"}]}},"_links":{"self":[{"href":"https:\/\/www.megaguvenlik.com\/index.php?rest_route=\/wp\/v2\/product\/4581","targetHints":{"allow":["GET"]}}],"collection":[{"href":"https:\/\/www.megaguvenlik.com\/index.php?rest_route=\/wp\/v2\/product"}],"about":[{"href":"https:\/\/www.megaguvenlik.com\/index.php?rest_route=\/wp\/v2\/types\/product"}],"replies":[{"embeddable":true,"href":"https:\/\/www.megaguvenlik.com\/index.php?rest_route=%2Fwp%2Fv2%2Fcomments&post=4581"}],"wp:featuredmedia":[{"embeddable":true,"href":"https:\/\/www.megaguvenlik.com\/index.php?rest_route=\/wp\/v2\/media\/4582"}],"wp:attachment":[{"href":"https:\/\/www.megaguvenlik.com\/index.php?rest_route=%2Fwp%2Fv2%2Fmedia&parent=4581"}],"wp:term":[{"taxonomy":"product_brand","embeddable":true,"href":"https:\/\/www.megaguvenlik.com\/index.php?rest_route=%2Fwp%2Fv2%2Fproduct_brand&post=4581"},{"taxonomy":"product_cat","embeddable":true,"href":"https:\/\/www.megaguvenlik.com\/index.php?rest_route=%2Fwp%2Fv2%2Fproduct_cat&post=4581"},{"taxonomy":"product_tag","embeddable":true,"href":"https:\/\/www.megaguvenlik.com\/index.php?rest_route=%2Fwp%2Fv2%2Fproduct_tag&post=4581"}],"curies":[{"name":"wp","href":"https:\/\/api.w.org\/{rel}","templated":true}]}}