{"id":4583,"date":"2025-10-13T16:04:13","date_gmt":"2025-10-13T13:04:13","guid":{"rendered":"https:\/\/www.megaguvenlik.com\/?post_type=product&#038;p=4583"},"modified":"2025-10-31T11:05:54","modified_gmt":"2025-10-31T08:05:54","slug":"dahua-p3ae-pv-4g","status":"publish","type":"product","link":"https:\/\/www.megaguvenlik.com\/?product=dahua-p3ae-pv-4g","title":{"rendered":"DAHUA P3AE-PV-4G"},"content":{"rendered":"<p>3MP Sabit Lensli 4G Pan &amp; Tilt Network Kamera<br \/>\nAktif Savunma Serisi\u2019ne ait bu kompakt PT kamera, izinsiz giri\u015f alg\u0131lad\u0131\u011f\u0131nda sesli ve \u0131\u015f\u0131kl\u0131 alarm vererek anl\u0131k mobil bildirim g\u00f6nderir. \u0130ki y\u00f6nl\u00fc konu\u015fma \u00f6zelli\u011fi ile sahadaki ki\u015filerle canl\u0131 ileti\u015fim kurulabilir. Ak\u0131ll\u0131 \u00e7ift ayd\u0131nlatma teknolojisi sayesinde gece ve g\u00fcnd\u00fcz net, renkli g\u00f6r\u00fcnt\u00fc sunar; d\u00fc\u015f\u00fck \u0131\u015f\u0131k kirlili\u011fi sa\u011flar. 4G ba\u011flant\u0131 deste\u011fi ile Wi-Fi olmayan uzak alanlarda da kesintisiz izleme yapabilir. \u00c7iftlikler, araziler ve bah\u00e7eler gibi uzak d\u0131\u015f mek\u00e2nlar i\u00e7in ideal bir \u00e7\u00f6z\u00fcmd\u00fcr.<\/p>\n","protected":false},"excerpt":{"rendered":"<p>3MP Sabit Lensli 4G Pan &amp; Tilt Network Kamera<br \/>\nAktif Savunma Serisi\u2019ne ait bu kompakt PT kamera, izinsiz giri\u015f alg\u0131lad\u0131\u011f\u0131nda sesli ve \u0131\u015f\u0131kl\u0131 alarm vererek anl\u0131k mobil bildirim g\u00f6nderir. \u0130ki y\u00f6nl\u00fc konu\u015fma \u00f6zelli\u011fi ile sahadaki ki\u015filerle canl\u0131 ileti\u015fim kurulabilir. Ak\u0131ll\u0131 \u00e7ift ayd\u0131nlatma teknolojisi sayesinde gece ve g\u00fcnd\u00fcz net, renkli g\u00f6r\u00fcnt\u00fc sunar; d\u00fc\u015f\u00fck \u0131\u015f\u0131k kirlili\u011fi sa\u011flar. 4G ba\u011flant\u0131 deste\u011fi ile Wi-Fi olmayan uzak alanlarda da kesintisiz izleme yapabilir. \u00c7iftlikler, araziler ve bah\u00e7eler gibi uzak d\u0131\u015f mek\u00e2nlar i\u00e7in ideal bir \u00e7\u00f6z\u00fcmd\u00fcr.<\/p>\n","protected":false},"featured_media":4938,"comment_status":"open","ping_status":"closed","template":"","meta":[],"product_brand":[],"product_cat":[338,354,199],"product_tag":[340,339,355],"class_list":{"0":"post-4583","1":"product","2":"type-product","3":"status-publish","4":"has-post-thumbnail","6":"product_cat-dahua","7":"product_cat-internet-camera","8":"product_cat-kamera-sistemleri","9":"product_tag-alhua","10":"product_tag-dahua","11":"product_tag-internet-camera","13":"first","14":"instock","15":"taxable","16":"shipping-taxable","17":"product-type-simple"},"yoast_head":"<!-- This site is optimized with the Yoast SEO plugin v26.0 - https:\/\/yoast.com\/wordpress\/plugins\/seo\/ -->\n<title>DAHUA P3AE-PV-4G - Mega G\u00fcvenlik Sistemleri<\/title>\n<meta name=\"description\" content=\"Dahua P3AE-PV-4G, 3 MP \u00e7\u00f6z\u00fcn\u00fcrl\u00fck, 4G ba\u011flant\u0131 ve pan\/tilt hareket kabiliyeti ile geli\u015fmi\u015f \u00f6zellikler sunan d\u0131\u015f mek\u00e2n bir IP kamerad\u0131r.\" \/>\n<meta name=\"robots\" content=\"index, follow, max-snippet:-1, max-image-preview:large, max-video-preview:-1\" \/>\n<link rel=\"canonical\" href=\"https:\/\/www.megaguvenlik.com\/?product=dahua-p3ae-pv-4g\" \/>\n<meta property=\"og:locale\" content=\"tr_TR\" \/>\n<meta property=\"og:type\" content=\"article\" \/>\n<meta property=\"og:title\" content=\"DAHUA P3AE-PV-4G - Mega G\u00fcvenlik Sistemleri\" \/>\n<meta property=\"og:description\" content=\"Dahua P3AE-PV-4G, 3 MP \u00e7\u00f6z\u00fcn\u00fcrl\u00fck, 4G ba\u011flant\u0131 ve pan\/tilt hareket kabiliyeti ile geli\u015fmi\u015f \u00f6zellikler sunan d\u0131\u015f mek\u00e2n bir IP kamerad\u0131r.\" \/>\n<meta property=\"og:url\" content=\"https:\/\/www.megaguvenlik.com\/?product=dahua-p3ae-pv-4g\" \/>\n<meta property=\"og:site_name\" content=\"Mega G\u00fcvenlik Sistemleri\" \/>\n<meta property=\"article:modified_time\" content=\"2025-10-31T08:05:54+00:00\" \/>\n<meta property=\"og:image\" content=\"https:\/\/www.megaguvenlik.com\/wp-content\/uploads\/2025\/10\/P3AE-PV-4G-2.jpeg\" \/>\n\t<meta property=\"og:image:width\" content=\"225\" \/>\n\t<meta property=\"og:image:height\" content=\"225\" \/>\n\t<meta property=\"og:image:type\" content=\"image\/jpeg\" \/>\n<meta name=\"twitter:card\" content=\"summary_large_image\" \/>\n<meta name=\"twitter:label1\" content=\"Tahmini okuma s\u00fcresi\" \/>\n\t<meta name=\"twitter:data1\" content=\"1 dakika\" \/>\n<script type=\"application\/ld+json\" class=\"yoast-schema-graph\">{\"@context\":\"https:\/\/schema.org\",\"@graph\":[{\"@type\":\"WebPage\",\"@id\":\"https:\/\/www.megaguvenlik.com\/?product=dahua-p3ae-pv-4g\",\"url\":\"https:\/\/www.megaguvenlik.com\/?product=dahua-p3ae-pv-4g\",\"name\":\"DAHUA P3AE-PV-4G - Mega G\u00fcvenlik Sistemleri\",\"isPartOf\":{\"@id\":\"https:\/\/www.megaguvenlik.com\/#website\"},\"primaryImageOfPage\":{\"@id\":\"https:\/\/www.megaguvenlik.com\/?product=dahua-p3ae-pv-4g#primaryimage\"},\"image\":{\"@id\":\"https:\/\/www.megaguvenlik.com\/?product=dahua-p3ae-pv-4g#primaryimage\"},\"thumbnailUrl\":\"https:\/\/www.megaguvenlik.com\/wp-content\/uploads\/2025\/10\/P3AE-PV-4G-2.jpeg\",\"datePublished\":\"2025-10-13T13:04:13+00:00\",\"dateModified\":\"2025-10-31T08:05:54+00:00\",\"description\":\"Dahua P3AE-PV-4G, 3 MP \u00e7\u00f6z\u00fcn\u00fcrl\u00fck, 4G ba\u011flant\u0131 ve pan\/tilt hareket kabiliyeti ile geli\u015fmi\u015f \u00f6zellikler sunan d\u0131\u015f mek\u00e2n bir IP kamerad\u0131r.\",\"breadcrumb\":{\"@id\":\"https:\/\/www.megaguvenlik.com\/?product=dahua-p3ae-pv-4g#breadcrumb\"},\"inLanguage\":\"tr\",\"potentialAction\":[{\"@type\":\"ReadAction\",\"target\":[\"https:\/\/www.megaguvenlik.com\/?product=dahua-p3ae-pv-4g\"]}]},{\"@type\":\"ImageObject\",\"inLanguage\":\"tr\",\"@id\":\"https:\/\/www.megaguvenlik.com\/?product=dahua-p3ae-pv-4g#primaryimage\",\"url\":\"https:\/\/www.megaguvenlik.com\/wp-content\/uploads\/2025\/10\/P3AE-PV-4G-2.jpeg\",\"contentUrl\":\"https:\/\/www.megaguvenlik.com\/wp-content\/uploads\/2025\/10\/P3AE-PV-4G-2.jpeg\",\"width\":225,\"height\":225},{\"@type\":\"BreadcrumbList\",\"@id\":\"https:\/\/www.megaguvenlik.com\/?product=dahua-p3ae-pv-4g#breadcrumb\",\"itemListElement\":[{\"@type\":\"ListItem\",\"position\":1,\"name\":\"Anasayfa\",\"item\":\"https:\/\/www.megaguvenlik.com\/\"},{\"@type\":\"ListItem\",\"position\":2,\"name\":\"Ma\u011faza\",\"item\":\"https:\/\/www.megaguvenlik.com\/?page_id=323\"},{\"@type\":\"ListItem\",\"position\":3,\"name\":\"DAHUA P3AE-PV-4G\"}]},{\"@type\":\"WebSite\",\"@id\":\"https:\/\/www.megaguvenlik.com\/#website\",\"url\":\"https:\/\/www.megaguvenlik.com\/\",\"name\":\"Mega G\u00fcvenlik Sistemleri\",\"description\":\"Kamera | Yang\u0131n Alarm | Network | Acil Anons\",\"potentialAction\":[{\"@type\":\"SearchAction\",\"target\":{\"@type\":\"EntryPoint\",\"urlTemplate\":\"https:\/\/www.megaguvenlik.com\/?s={search_term_string}\"},\"query-input\":{\"@type\":\"PropertyValueSpecification\",\"valueRequired\":true,\"valueName\":\"search_term_string\"}}],\"inLanguage\":\"tr\"}]}<\/script>\n<!-- \/ Yoast SEO plugin. -->","yoast_head_json":{"title":"DAHUA P3AE-PV-4G - Mega G\u00fcvenlik Sistemleri","description":"Dahua P3AE-PV-4G, 3 MP \u00e7\u00f6z\u00fcn\u00fcrl\u00fck, 4G ba\u011flant\u0131 ve pan\/tilt hareket kabiliyeti ile geli\u015fmi\u015f \u00f6zellikler sunan d\u0131\u015f mek\u00e2n bir IP kamerad\u0131r.","robots":{"index":"index","follow":"follow","max-snippet":"max-snippet:-1","max-image-preview":"max-image-preview:large","max-video-preview":"max-video-preview:-1"},"canonical":"https:\/\/www.megaguvenlik.com\/?product=dahua-p3ae-pv-4g","og_locale":"tr_TR","og_type":"article","og_title":"DAHUA P3AE-PV-4G - Mega G\u00fcvenlik Sistemleri","og_description":"Dahua P3AE-PV-4G, 3 MP \u00e7\u00f6z\u00fcn\u00fcrl\u00fck, 4G ba\u011flant\u0131 ve pan\/tilt hareket kabiliyeti ile geli\u015fmi\u015f \u00f6zellikler sunan d\u0131\u015f mek\u00e2n bir IP kamerad\u0131r.","og_url":"https:\/\/www.megaguvenlik.com\/?product=dahua-p3ae-pv-4g","og_site_name":"Mega G\u00fcvenlik Sistemleri","article_modified_time":"2025-10-31T08:05:54+00:00","og_image":[{"width":225,"height":225,"url":"https:\/\/www.megaguvenlik.com\/wp-content\/uploads\/2025\/10\/P3AE-PV-4G-2.jpeg","type":"image\/jpeg"}],"twitter_card":"summary_large_image","twitter_misc":{"Tahmini okuma s\u00fcresi":"1 dakika"},"schema":{"@context":"https:\/\/schema.org","@graph":[{"@type":"WebPage","@id":"https:\/\/www.megaguvenlik.com\/?product=dahua-p3ae-pv-4g","url":"https:\/\/www.megaguvenlik.com\/?product=dahua-p3ae-pv-4g","name":"DAHUA P3AE-PV-4G - Mega G\u00fcvenlik Sistemleri","isPartOf":{"@id":"https:\/\/www.megaguvenlik.com\/#website"},"primaryImageOfPage":{"@id":"https:\/\/www.megaguvenlik.com\/?product=dahua-p3ae-pv-4g#primaryimage"},"image":{"@id":"https:\/\/www.megaguvenlik.com\/?product=dahua-p3ae-pv-4g#primaryimage"},"thumbnailUrl":"https:\/\/www.megaguvenlik.com\/wp-content\/uploads\/2025\/10\/P3AE-PV-4G-2.jpeg","datePublished":"2025-10-13T13:04:13+00:00","dateModified":"2025-10-31T08:05:54+00:00","description":"Dahua P3AE-PV-4G, 3 MP \u00e7\u00f6z\u00fcn\u00fcrl\u00fck, 4G ba\u011flant\u0131 ve pan\/tilt hareket kabiliyeti ile geli\u015fmi\u015f \u00f6zellikler sunan d\u0131\u015f mek\u00e2n bir IP kamerad\u0131r.","breadcrumb":{"@id":"https:\/\/www.megaguvenlik.com\/?product=dahua-p3ae-pv-4g#breadcrumb"},"inLanguage":"tr","potentialAction":[{"@type":"ReadAction","target":["https:\/\/www.megaguvenlik.com\/?product=dahua-p3ae-pv-4g"]}]},{"@type":"ImageObject","inLanguage":"tr","@id":"https:\/\/www.megaguvenlik.com\/?product=dahua-p3ae-pv-4g#primaryimage","url":"https:\/\/www.megaguvenlik.com\/wp-content\/uploads\/2025\/10\/P3AE-PV-4G-2.jpeg","contentUrl":"https:\/\/www.megaguvenlik.com\/wp-content\/uploads\/2025\/10\/P3AE-PV-4G-2.jpeg","width":225,"height":225},{"@type":"BreadcrumbList","@id":"https:\/\/www.megaguvenlik.com\/?product=dahua-p3ae-pv-4g#breadcrumb","itemListElement":[{"@type":"ListItem","position":1,"name":"Anasayfa","item":"https:\/\/www.megaguvenlik.com\/"},{"@type":"ListItem","position":2,"name":"Ma\u011faza","item":"https:\/\/www.megaguvenlik.com\/?page_id=323"},{"@type":"ListItem","position":3,"name":"DAHUA P3AE-PV-4G"}]},{"@type":"WebSite","@id":"https:\/\/www.megaguvenlik.com\/#website","url":"https:\/\/www.megaguvenlik.com\/","name":"Mega G\u00fcvenlik Sistemleri","description":"Kamera | Yang\u0131n Alarm | Network | Acil Anons","potentialAction":[{"@type":"SearchAction","target":{"@type":"EntryPoint","urlTemplate":"https:\/\/www.megaguvenlik.com\/?s={search_term_string}"},"query-input":{"@type":"PropertyValueSpecification","valueRequired":true,"valueName":"search_term_string"}}],"inLanguage":"tr"}]}},"_links":{"self":[{"href":"https:\/\/www.megaguvenlik.com\/index.php?rest_route=\/wp\/v2\/product\/4583","targetHints":{"allow":["GET"]}}],"collection":[{"href":"https:\/\/www.megaguvenlik.com\/index.php?rest_route=\/wp\/v2\/product"}],"about":[{"href":"https:\/\/www.megaguvenlik.com\/index.php?rest_route=\/wp\/v2\/types\/product"}],"replies":[{"embeddable":true,"href":"https:\/\/www.megaguvenlik.com\/index.php?rest_route=%2Fwp%2Fv2%2Fcomments&post=4583"}],"wp:featuredmedia":[{"embeddable":true,"href":"https:\/\/www.megaguvenlik.com\/index.php?rest_route=\/wp\/v2\/media\/4938"}],"wp:attachment":[{"href":"https:\/\/www.megaguvenlik.com\/index.php?rest_route=%2Fwp%2Fv2%2Fmedia&parent=4583"}],"wp:term":[{"taxonomy":"product_brand","embeddable":true,"href":"https:\/\/www.megaguvenlik.com\/index.php?rest_route=%2Fwp%2Fv2%2Fproduct_brand&post=4583"},{"taxonomy":"product_cat","embeddable":true,"href":"https:\/\/www.megaguvenlik.com\/index.php?rest_route=%2Fwp%2Fv2%2Fproduct_cat&post=4583"},{"taxonomy":"product_tag","embeddable":true,"href":"https:\/\/www.megaguvenlik.com\/index.php?rest_route=%2Fwp%2Fv2%2Fproduct_tag&post=4583"}],"curies":[{"name":"wp","href":"https:\/\/api.w.org\/{rel}","templated":true}]}}