{"id":4590,"date":"2025-10-13T16:15:08","date_gmt":"2025-10-13T13:15:08","guid":{"rendered":"https:\/\/www.megaguvenlik.com\/?post_type=product&#038;p=4590"},"modified":"2025-10-13T16:15:09","modified_gmt":"2025-10-13T13:15:09","slug":"dahua-p5ae-pv-4g","status":"publish","type":"product","link":"https:\/\/www.megaguvenlik.com\/?product=dahua-p5ae-pv-4g","title":{"rendered":"DAHUA P5AE-PV-4G"},"content":{"rendered":"<p>5MP Sabit Lensli 4G Pan &amp; Tilt Network Kamera Aktif Savunma Serisi\u2019ne ait bu 5MP PT kamera, izinsiz giri\u015fleri alg\u0131lad\u0131\u011f\u0131nda sesli ve \u0131\u015f\u0131kl\u0131 alarm verirken, anl\u0131k uyar\u0131lar\u0131 mobil cihaza iletir. \u0130ki y\u00f6nl\u00fc sesli ileti\u015fim \u00f6zelli\u011fi sayesinde sahadaki ki\u015filerle do\u011frudan konu\u015fma imk\u00e2n\u0131 sunar. Ak\u0131ll\u0131 \u00c7ift Ayd\u0131nlatma teknolojisi ile gece ve g\u00fcnd\u00fcz renkli, net g\u00f6r\u00fcnt\u00fcler sa\u011flar; \u0131\u015f\u0131k kirlili\u011fini en aza indirir. 4G ba\u011flant\u0131 deste\u011fi sayesinde Wi-Fi olmayan uzak b\u00f6lgelerde de kesintisiz g\u00f6zetim yapabilir. \u00c7iftlik, tarla ve ba\u011f gibi uzak d\u0131\u015f mek\u00e2nlar i\u00e7in ideal \u00e7\u00f6z\u00fcmd\u00fcr.<\/p>\n","protected":false},"excerpt":{"rendered":"<p>5MP Sabit Lensli 4G Pan &amp; Tilt Network Kamera Aktif Savunma Serisi\u2019ne ait bu 5MP PT kamera, izinsiz giri\u015fleri alg\u0131lad\u0131\u011f\u0131nda sesli ve \u0131\u015f\u0131kl\u0131 alarm verirken, anl\u0131k uyar\u0131lar\u0131 mobil cihaza iletir. \u0130ki y\u00f6nl\u00fc sesli ileti\u015fim \u00f6zelli\u011fi sayesinde sahadaki ki\u015filerle do\u011frudan konu\u015fma imk\u00e2n\u0131 sunar. Ak\u0131ll\u0131 \u00c7ift Ayd\u0131nlatma teknolojisi ile gece ve g\u00fcnd\u00fcz renkli, net g\u00f6r\u00fcnt\u00fcler sa\u011flar; \u0131\u015f\u0131k kirlili\u011fini en aza indirir. 4G ba\u011flant\u0131 deste\u011fi sayesinde Wi-Fi olmayan uzak b\u00f6lgelerde de kesintisiz g\u00f6zetim yapabilir. \u00c7iftlik, tarla ve ba\u011f gibi uzak d\u0131\u015f mek\u00e2nlar i\u00e7in ideal \u00e7\u00f6z\u00fcmd\u00fcr.<\/p>\n","protected":false},"featured_media":4591,"comment_status":"open","ping_status":"closed","template":"","meta":[],"product_brand":[],"product_cat":[338,354,199],"product_tag":[340,339,355],"class_list":{"0":"post-4590","1":"product","2":"type-product","3":"status-publish","4":"has-post-thumbnail","6":"product_cat-dahua","7":"product_cat-internet-camera","8":"product_cat-kamera-sistemleri","9":"product_tag-alhua","10":"product_tag-dahua","11":"product_tag-internet-camera","13":"first","14":"instock","15":"taxable","16":"shipping-taxable","17":"product-type-simple"},"yoast_head":"<!-- This site is optimized with the Yoast SEO plugin v26.0 - https:\/\/yoast.com\/wordpress\/plugins\/seo\/ -->\n<title>DAHUA P5AE-PV-4G - Mega G\u00fcvenlik Sistemleri<\/title>\n<meta name=\"description\" content=\"Dahua P5AE-PV-4G, 5 MP \u00e7\u00f6z\u00fcn\u00fcrl\u00fckte g\u00f6r\u00fcnt\u00fc sunan, 4G LTE destekli ak\u0131ll\u0131 kule tipi (bullet) d\u0131\u015f mek\u00e2n g\u00fcvenlik kameras\u0131d\u0131r. Geli\u015fmi\u015f Smart Dual Light ve Active Deterrence (aktif cayd\u0131rma) \u00f6zellikleriyle hem profesyonel hem de ba\u011f\u0131ms\u0131z g\u00fcvenlik \u00e7\u00f6z\u00fcmleri i\u00e7in tasarlanm\u0131\u015ft\u0131r.\" \/>\n<meta name=\"robots\" content=\"index, follow, max-snippet:-1, max-image-preview:large, max-video-preview:-1\" \/>\n<link rel=\"canonical\" href=\"https:\/\/www.megaguvenlik.com\/?product=dahua-p5ae-pv-4g\" \/>\n<meta property=\"og:locale\" content=\"tr_TR\" \/>\n<meta property=\"og:type\" content=\"article\" \/>\n<meta property=\"og:title\" content=\"DAHUA P5AE-PV-4G - Mega G\u00fcvenlik Sistemleri\" \/>\n<meta property=\"og:description\" content=\"Dahua P5AE-PV-4G, 5 MP \u00e7\u00f6z\u00fcn\u00fcrl\u00fckte g\u00f6r\u00fcnt\u00fc sunan, 4G LTE destekli ak\u0131ll\u0131 kule tipi (bullet) d\u0131\u015f mek\u00e2n g\u00fcvenlik kameras\u0131d\u0131r. Geli\u015fmi\u015f Smart Dual Light ve Active Deterrence (aktif cayd\u0131rma) \u00f6zellikleriyle hem profesyonel hem de ba\u011f\u0131ms\u0131z g\u00fcvenlik \u00e7\u00f6z\u00fcmleri i\u00e7in tasarlanm\u0131\u015ft\u0131r.\" \/>\n<meta property=\"og:url\" content=\"https:\/\/www.megaguvenlik.com\/?product=dahua-p5ae-pv-4g\" \/>\n<meta property=\"og:site_name\" content=\"Mega G\u00fcvenlik Sistemleri\" \/>\n<meta property=\"article:modified_time\" content=\"2025-10-13T13:15:09+00:00\" \/>\n<meta property=\"og:image\" content=\"https:\/\/www.megaguvenlik.com\/wp-content\/uploads\/2025\/10\/P5AE-PV-4G.jpeg\" \/>\n\t<meta property=\"og:image:width\" content=\"225\" \/>\n\t<meta property=\"og:image:height\" content=\"225\" \/>\n\t<meta property=\"og:image:type\" content=\"image\/jpeg\" \/>\n<meta name=\"twitter:card\" content=\"summary_large_image\" \/>\n<meta name=\"twitter:label1\" content=\"Tahmini okuma s\u00fcresi\" \/>\n\t<meta name=\"twitter:data1\" content=\"1 dakika\" \/>\n<script type=\"application\/ld+json\" class=\"yoast-schema-graph\">{\"@context\":\"https:\/\/schema.org\",\"@graph\":[{\"@type\":\"WebPage\",\"@id\":\"https:\/\/www.megaguvenlik.com\/?product=dahua-p5ae-pv-4g\",\"url\":\"https:\/\/www.megaguvenlik.com\/?product=dahua-p5ae-pv-4g\",\"name\":\"DAHUA P5AE-PV-4G - Mega G\u00fcvenlik Sistemleri\",\"isPartOf\":{\"@id\":\"https:\/\/www.megaguvenlik.com\/#website\"},\"primaryImageOfPage\":{\"@id\":\"https:\/\/www.megaguvenlik.com\/?product=dahua-p5ae-pv-4g#primaryimage\"},\"image\":{\"@id\":\"https:\/\/www.megaguvenlik.com\/?product=dahua-p5ae-pv-4g#primaryimage\"},\"thumbnailUrl\":\"https:\/\/www.megaguvenlik.com\/wp-content\/uploads\/2025\/10\/P5AE-PV-4G.jpeg\",\"datePublished\":\"2025-10-13T13:15:08+00:00\",\"dateModified\":\"2025-10-13T13:15:09+00:00\",\"description\":\"Dahua P5AE-PV-4G, 5 MP \u00e7\u00f6z\u00fcn\u00fcrl\u00fckte g\u00f6r\u00fcnt\u00fc sunan, 4G LTE destekli ak\u0131ll\u0131 kule tipi (bullet) d\u0131\u015f mek\u00e2n g\u00fcvenlik kameras\u0131d\u0131r. Geli\u015fmi\u015f Smart Dual Light ve Active Deterrence (aktif cayd\u0131rma) \u00f6zellikleriyle hem profesyonel hem de ba\u011f\u0131ms\u0131z g\u00fcvenlik \u00e7\u00f6z\u00fcmleri i\u00e7in tasarlanm\u0131\u015ft\u0131r.\",\"breadcrumb\":{\"@id\":\"https:\/\/www.megaguvenlik.com\/?product=dahua-p5ae-pv-4g#breadcrumb\"},\"inLanguage\":\"tr\",\"potentialAction\":[{\"@type\":\"ReadAction\",\"target\":[\"https:\/\/www.megaguvenlik.com\/?product=dahua-p5ae-pv-4g\"]}]},{\"@type\":\"ImageObject\",\"inLanguage\":\"tr\",\"@id\":\"https:\/\/www.megaguvenlik.com\/?product=dahua-p5ae-pv-4g#primaryimage\",\"url\":\"https:\/\/www.megaguvenlik.com\/wp-content\/uploads\/2025\/10\/P5AE-PV-4G.jpeg\",\"contentUrl\":\"https:\/\/www.megaguvenlik.com\/wp-content\/uploads\/2025\/10\/P5AE-PV-4G.jpeg\",\"width\":225,\"height\":225},{\"@type\":\"BreadcrumbList\",\"@id\":\"https:\/\/www.megaguvenlik.com\/?product=dahua-p5ae-pv-4g#breadcrumb\",\"itemListElement\":[{\"@type\":\"ListItem\",\"position\":1,\"name\":\"Anasayfa\",\"item\":\"https:\/\/www.megaguvenlik.com\/\"},{\"@type\":\"ListItem\",\"position\":2,\"name\":\"Ma\u011faza\",\"item\":\"https:\/\/www.megaguvenlik.com\/?page_id=323\"},{\"@type\":\"ListItem\",\"position\":3,\"name\":\"DAHUA P5AE-PV-4G\"}]},{\"@type\":\"WebSite\",\"@id\":\"https:\/\/www.megaguvenlik.com\/#website\",\"url\":\"https:\/\/www.megaguvenlik.com\/\",\"name\":\"Mega G\u00fcvenlik Sistemleri\",\"description\":\"Kamera | Yang\u0131n Alarm | Network | Acil Anons\",\"potentialAction\":[{\"@type\":\"SearchAction\",\"target\":{\"@type\":\"EntryPoint\",\"urlTemplate\":\"https:\/\/www.megaguvenlik.com\/?s={search_term_string}\"},\"query-input\":{\"@type\":\"PropertyValueSpecification\",\"valueRequired\":true,\"valueName\":\"search_term_string\"}}],\"inLanguage\":\"tr\"}]}<\/script>\n<!-- \/ Yoast SEO plugin. -->","yoast_head_json":{"title":"DAHUA P5AE-PV-4G - Mega G\u00fcvenlik Sistemleri","description":"Dahua P5AE-PV-4G, 5 MP \u00e7\u00f6z\u00fcn\u00fcrl\u00fckte g\u00f6r\u00fcnt\u00fc sunan, 4G LTE destekli ak\u0131ll\u0131 kule tipi (bullet) d\u0131\u015f mek\u00e2n g\u00fcvenlik kameras\u0131d\u0131r. Geli\u015fmi\u015f Smart Dual Light ve Active Deterrence (aktif cayd\u0131rma) \u00f6zellikleriyle hem profesyonel hem de ba\u011f\u0131ms\u0131z g\u00fcvenlik \u00e7\u00f6z\u00fcmleri i\u00e7in tasarlanm\u0131\u015ft\u0131r.","robots":{"index":"index","follow":"follow","max-snippet":"max-snippet:-1","max-image-preview":"max-image-preview:large","max-video-preview":"max-video-preview:-1"},"canonical":"https:\/\/www.megaguvenlik.com\/?product=dahua-p5ae-pv-4g","og_locale":"tr_TR","og_type":"article","og_title":"DAHUA P5AE-PV-4G - Mega G\u00fcvenlik Sistemleri","og_description":"Dahua P5AE-PV-4G, 5 MP \u00e7\u00f6z\u00fcn\u00fcrl\u00fckte g\u00f6r\u00fcnt\u00fc sunan, 4G LTE destekli ak\u0131ll\u0131 kule tipi (bullet) d\u0131\u015f mek\u00e2n g\u00fcvenlik kameras\u0131d\u0131r. Geli\u015fmi\u015f Smart Dual Light ve Active Deterrence (aktif cayd\u0131rma) \u00f6zellikleriyle hem profesyonel hem de ba\u011f\u0131ms\u0131z g\u00fcvenlik \u00e7\u00f6z\u00fcmleri i\u00e7in tasarlanm\u0131\u015ft\u0131r.","og_url":"https:\/\/www.megaguvenlik.com\/?product=dahua-p5ae-pv-4g","og_site_name":"Mega G\u00fcvenlik Sistemleri","article_modified_time":"2025-10-13T13:15:09+00:00","og_image":[{"width":225,"height":225,"url":"https:\/\/www.megaguvenlik.com\/wp-content\/uploads\/2025\/10\/P5AE-PV-4G.jpeg","type":"image\/jpeg"}],"twitter_card":"summary_large_image","twitter_misc":{"Tahmini okuma s\u00fcresi":"1 dakika"},"schema":{"@context":"https:\/\/schema.org","@graph":[{"@type":"WebPage","@id":"https:\/\/www.megaguvenlik.com\/?product=dahua-p5ae-pv-4g","url":"https:\/\/www.megaguvenlik.com\/?product=dahua-p5ae-pv-4g","name":"DAHUA P5AE-PV-4G - Mega G\u00fcvenlik Sistemleri","isPartOf":{"@id":"https:\/\/www.megaguvenlik.com\/#website"},"primaryImageOfPage":{"@id":"https:\/\/www.megaguvenlik.com\/?product=dahua-p5ae-pv-4g#primaryimage"},"image":{"@id":"https:\/\/www.megaguvenlik.com\/?product=dahua-p5ae-pv-4g#primaryimage"},"thumbnailUrl":"https:\/\/www.megaguvenlik.com\/wp-content\/uploads\/2025\/10\/P5AE-PV-4G.jpeg","datePublished":"2025-10-13T13:15:08+00:00","dateModified":"2025-10-13T13:15:09+00:00","description":"Dahua P5AE-PV-4G, 5 MP \u00e7\u00f6z\u00fcn\u00fcrl\u00fckte g\u00f6r\u00fcnt\u00fc sunan, 4G LTE destekli ak\u0131ll\u0131 kule tipi (bullet) d\u0131\u015f mek\u00e2n g\u00fcvenlik kameras\u0131d\u0131r. Geli\u015fmi\u015f Smart Dual Light ve Active Deterrence (aktif cayd\u0131rma) \u00f6zellikleriyle hem profesyonel hem de ba\u011f\u0131ms\u0131z g\u00fcvenlik \u00e7\u00f6z\u00fcmleri i\u00e7in tasarlanm\u0131\u015ft\u0131r.","breadcrumb":{"@id":"https:\/\/www.megaguvenlik.com\/?product=dahua-p5ae-pv-4g#breadcrumb"},"inLanguage":"tr","potentialAction":[{"@type":"ReadAction","target":["https:\/\/www.megaguvenlik.com\/?product=dahua-p5ae-pv-4g"]}]},{"@type":"ImageObject","inLanguage":"tr","@id":"https:\/\/www.megaguvenlik.com\/?product=dahua-p5ae-pv-4g#primaryimage","url":"https:\/\/www.megaguvenlik.com\/wp-content\/uploads\/2025\/10\/P5AE-PV-4G.jpeg","contentUrl":"https:\/\/www.megaguvenlik.com\/wp-content\/uploads\/2025\/10\/P5AE-PV-4G.jpeg","width":225,"height":225},{"@type":"BreadcrumbList","@id":"https:\/\/www.megaguvenlik.com\/?product=dahua-p5ae-pv-4g#breadcrumb","itemListElement":[{"@type":"ListItem","position":1,"name":"Anasayfa","item":"https:\/\/www.megaguvenlik.com\/"},{"@type":"ListItem","position":2,"name":"Ma\u011faza","item":"https:\/\/www.megaguvenlik.com\/?page_id=323"},{"@type":"ListItem","position":3,"name":"DAHUA P5AE-PV-4G"}]},{"@type":"WebSite","@id":"https:\/\/www.megaguvenlik.com\/#website","url":"https:\/\/www.megaguvenlik.com\/","name":"Mega G\u00fcvenlik Sistemleri","description":"Kamera | Yang\u0131n Alarm | Network | Acil Anons","potentialAction":[{"@type":"SearchAction","target":{"@type":"EntryPoint","urlTemplate":"https:\/\/www.megaguvenlik.com\/?s={search_term_string}"},"query-input":{"@type":"PropertyValueSpecification","valueRequired":true,"valueName":"search_term_string"}}],"inLanguage":"tr"}]}},"_links":{"self":[{"href":"https:\/\/www.megaguvenlik.com\/index.php?rest_route=\/wp\/v2\/product\/4590","targetHints":{"allow":["GET"]}}],"collection":[{"href":"https:\/\/www.megaguvenlik.com\/index.php?rest_route=\/wp\/v2\/product"}],"about":[{"href":"https:\/\/www.megaguvenlik.com\/index.php?rest_route=\/wp\/v2\/types\/product"}],"replies":[{"embeddable":true,"href":"https:\/\/www.megaguvenlik.com\/index.php?rest_route=%2Fwp%2Fv2%2Fcomments&post=4590"}],"wp:featuredmedia":[{"embeddable":true,"href":"https:\/\/www.megaguvenlik.com\/index.php?rest_route=\/wp\/v2\/media\/4591"}],"wp:attachment":[{"href":"https:\/\/www.megaguvenlik.com\/index.php?rest_route=%2Fwp%2Fv2%2Fmedia&parent=4590"}],"wp:term":[{"taxonomy":"product_brand","embeddable":true,"href":"https:\/\/www.megaguvenlik.com\/index.php?rest_route=%2Fwp%2Fv2%2Fproduct_brand&post=4590"},{"taxonomy":"product_cat","embeddable":true,"href":"https:\/\/www.megaguvenlik.com\/index.php?rest_route=%2Fwp%2Fv2%2Fproduct_cat&post=4590"},{"taxonomy":"product_tag","embeddable":true,"href":"https:\/\/www.megaguvenlik.com\/index.php?rest_route=%2Fwp%2Fv2%2Fproduct_tag&post=4590"}],"curies":[{"name":"wp","href":"https:\/\/api.w.org\/{rel}","templated":true}]}}