{"id":4592,"date":"2025-10-13T16:28:09","date_gmt":"2025-10-13T13:28:09","guid":{"rendered":"https:\/\/www.megaguvenlik.com\/?post_type=product&#038;p=4592"},"modified":"2025-10-13T16:28:09","modified_gmt":"2025-10-13T13:28:09","slug":"dahua-wpt1339dd-sw-3e2-pv","status":"publish","type":"product","link":"https:\/\/www.megaguvenlik.com\/?product=dahua-wpt1339dd-sw-3e2-pv","title":{"rendered":"DAHUA WPT1339DD-SW-3E2-PV"},"content":{"rendered":"<p>3+3MP D\u0131\u015f Mekan Wi-Fi \u00c7ift Lensli Pan &amp; Tilt Kamera Dahua Wireless serisinin Picoo Dual serisine ait bu model, sabit ve hareketli (PT) lens kombinasyonu ile ayn\u0131 anda iki farkl\u0131 alan\u0131 izleyebilir. \u00c7ift lens yap\u0131s\u0131 sayesinde insan ve ara\u00e7 alg\u0131lama gibi yapay zek\u00e2 destekli ak\u0131ll\u0131 analizler yaparak hatal\u0131 alarmlar\u0131 en aza indirir. PT lens yard\u0131m\u0131yla hareketli nesneleri otomatik takip edebilir. \u0130zinsiz giri\u015f alg\u0131land\u0131\u011f\u0131nda sesli ve \u0131\u015f\u0131kl\u0131 alarm verir, anl\u0131k bildirimleri mobil uygulamaya iletir. K\u00fc\u00e7\u00fck i\u015fletmeler, ma\u011fazalar ve restoranlar gibi alanlar i\u00e7in ideal bir \u00e7\u00f6z\u00fcmd\u00fcr.<\/p>\n","protected":false},"excerpt":{"rendered":"<p>3+3MP D\u0131\u015f Mekan Wi-Fi \u00c7ift Lensli Pan &amp; Tilt Kamera Dahua Wireless serisinin Picoo Dual serisine ait bu model, sabit ve hareketli (PT) lens kombinasyonu ile ayn\u0131 anda iki farkl\u0131 alan\u0131 izleyebilir. \u00c7ift lens yap\u0131s\u0131 sayesinde insan ve ara\u00e7 alg\u0131lama gibi yapay zek\u00e2 destekli ak\u0131ll\u0131 analizler yaparak hatal\u0131 alarmlar\u0131 en aza indirir. PT lens yard\u0131m\u0131yla hareketli nesneleri otomatik takip edebilir. \u0130zinsiz giri\u015f alg\u0131land\u0131\u011f\u0131nda sesli ve \u0131\u015f\u0131kl\u0131 alarm verir, anl\u0131k bildirimleri mobil uygulamaya iletir. K\u00fc\u00e7\u00fck i\u015fletmeler, ma\u011fazalar ve restoranlar gibi alanlar i\u00e7in ideal bir \u00e7\u00f6z\u00fcmd\u00fcr.<\/p>\n","protected":false},"featured_media":4593,"comment_status":"open","ping_status":"closed","template":"","meta":[],"product_brand":[],"product_cat":[338,354,199],"product_tag":[340,339,355],"class_list":{"0":"post-4592","1":"product","2":"type-product","3":"status-publish","4":"has-post-thumbnail","6":"product_cat-dahua","7":"product_cat-internet-camera","8":"product_cat-kamera-sistemleri","9":"product_tag-alhua","10":"product_tag-dahua","11":"product_tag-internet-camera","13":"first","14":"instock","15":"taxable","16":"shipping-taxable","17":"product-type-simple"},"yoast_head":"<!-- This site is optimized with the Yoast SEO plugin v26.0 - https:\/\/yoast.com\/wordpress\/plugins\/seo\/ -->\n<title>DAHUA WPT1339DD-SW-3E2-PV - Mega G\u00fcvenlik Sistemleri<\/title>\n<meta name=\"description\" content=\"IPC-WPT1339DD-SW-3E2-PV, Dahua\u2019n\u0131n Picoo Dual serisinden 3+3 MP \u00e7\u00f6z\u00fcn\u00fcrl\u00fck sunan d\u0131\u015f mek\u00e2n \u00e7ift lensli Pan \/ Tilt Wi-Fi kamera modelidir.\" \/>\n<meta name=\"robots\" content=\"index, follow, max-snippet:-1, max-image-preview:large, max-video-preview:-1\" \/>\n<link rel=\"canonical\" href=\"https:\/\/www.megaguvenlik.com\/?product=dahua-wpt1339dd-sw-3e2-pv\" \/>\n<meta property=\"og:locale\" content=\"tr_TR\" \/>\n<meta property=\"og:type\" content=\"article\" \/>\n<meta property=\"og:title\" content=\"DAHUA WPT1339DD-SW-3E2-PV - Mega G\u00fcvenlik Sistemleri\" \/>\n<meta property=\"og:description\" content=\"IPC-WPT1339DD-SW-3E2-PV, Dahua\u2019n\u0131n Picoo Dual serisinden 3+3 MP \u00e7\u00f6z\u00fcn\u00fcrl\u00fck sunan d\u0131\u015f mek\u00e2n \u00e7ift lensli Pan \/ Tilt Wi-Fi kamera modelidir.\" \/>\n<meta property=\"og:url\" content=\"https:\/\/www.megaguvenlik.com\/?product=dahua-wpt1339dd-sw-3e2-pv\" \/>\n<meta property=\"og:site_name\" content=\"Mega G\u00fcvenlik Sistemleri\" \/>\n<meta property=\"og:image\" content=\"https:\/\/www.megaguvenlik.com\/wp-content\/uploads\/2025\/10\/WPT1339DD-SW-3E2-PV.jpeg\" \/>\n\t<meta property=\"og:image:width\" content=\"225\" \/>\n\t<meta property=\"og:image:height\" content=\"225\" \/>\n\t<meta property=\"og:image:type\" content=\"image\/jpeg\" \/>\n<meta name=\"twitter:card\" content=\"summary_large_image\" \/>\n<meta name=\"twitter:label1\" content=\"Tahmini okuma s\u00fcresi\" \/>\n\t<meta name=\"twitter:data1\" content=\"1 dakika\" \/>\n<script type=\"application\/ld+json\" class=\"yoast-schema-graph\">{\"@context\":\"https:\/\/schema.org\",\"@graph\":[{\"@type\":\"WebPage\",\"@id\":\"https:\/\/www.megaguvenlik.com\/?product=dahua-wpt1339dd-sw-3e2-pv\",\"url\":\"https:\/\/www.megaguvenlik.com\/?product=dahua-wpt1339dd-sw-3e2-pv\",\"name\":\"DAHUA WPT1339DD-SW-3E2-PV - Mega G\u00fcvenlik Sistemleri\",\"isPartOf\":{\"@id\":\"https:\/\/www.megaguvenlik.com\/#website\"},\"primaryImageOfPage\":{\"@id\":\"https:\/\/www.megaguvenlik.com\/?product=dahua-wpt1339dd-sw-3e2-pv#primaryimage\"},\"image\":{\"@id\":\"https:\/\/www.megaguvenlik.com\/?product=dahua-wpt1339dd-sw-3e2-pv#primaryimage\"},\"thumbnailUrl\":\"https:\/\/www.megaguvenlik.com\/wp-content\/uploads\/2025\/10\/WPT1339DD-SW-3E2-PV.jpeg\",\"datePublished\":\"2025-10-13T13:28:09+00:00\",\"description\":\"IPC-WPT1339DD-SW-3E2-PV, Dahua\u2019n\u0131n Picoo Dual serisinden 3+3 MP \u00e7\u00f6z\u00fcn\u00fcrl\u00fck sunan d\u0131\u015f mek\u00e2n \u00e7ift lensli Pan \/ Tilt Wi-Fi kamera modelidir.\",\"breadcrumb\":{\"@id\":\"https:\/\/www.megaguvenlik.com\/?product=dahua-wpt1339dd-sw-3e2-pv#breadcrumb\"},\"inLanguage\":\"tr\",\"potentialAction\":[{\"@type\":\"ReadAction\",\"target\":[\"https:\/\/www.megaguvenlik.com\/?product=dahua-wpt1339dd-sw-3e2-pv\"]}]},{\"@type\":\"ImageObject\",\"inLanguage\":\"tr\",\"@id\":\"https:\/\/www.megaguvenlik.com\/?product=dahua-wpt1339dd-sw-3e2-pv#primaryimage\",\"url\":\"https:\/\/www.megaguvenlik.com\/wp-content\/uploads\/2025\/10\/WPT1339DD-SW-3E2-PV.jpeg\",\"contentUrl\":\"https:\/\/www.megaguvenlik.com\/wp-content\/uploads\/2025\/10\/WPT1339DD-SW-3E2-PV.jpeg\",\"width\":225,\"height\":225},{\"@type\":\"BreadcrumbList\",\"@id\":\"https:\/\/www.megaguvenlik.com\/?product=dahua-wpt1339dd-sw-3e2-pv#breadcrumb\",\"itemListElement\":[{\"@type\":\"ListItem\",\"position\":1,\"name\":\"Anasayfa\",\"item\":\"https:\/\/www.megaguvenlik.com\/\"},{\"@type\":\"ListItem\",\"position\":2,\"name\":\"Ma\u011faza\",\"item\":\"https:\/\/www.megaguvenlik.com\/?page_id=323\"},{\"@type\":\"ListItem\",\"position\":3,\"name\":\"DAHUA WPT1339DD-SW-3E2-PV\"}]},{\"@type\":\"WebSite\",\"@id\":\"https:\/\/www.megaguvenlik.com\/#website\",\"url\":\"https:\/\/www.megaguvenlik.com\/\",\"name\":\"Mega G\u00fcvenlik Sistemleri\",\"description\":\"Kamera | Yang\u0131n Alarm | Network | Acil Anons\",\"potentialAction\":[{\"@type\":\"SearchAction\",\"target\":{\"@type\":\"EntryPoint\",\"urlTemplate\":\"https:\/\/www.megaguvenlik.com\/?s={search_term_string}\"},\"query-input\":{\"@type\":\"PropertyValueSpecification\",\"valueRequired\":true,\"valueName\":\"search_term_string\"}}],\"inLanguage\":\"tr\"}]}<\/script>\n<!-- \/ Yoast SEO plugin. -->","yoast_head_json":{"title":"DAHUA WPT1339DD-SW-3E2-PV - Mega G\u00fcvenlik Sistemleri","description":"IPC-WPT1339DD-SW-3E2-PV, Dahua\u2019n\u0131n Picoo Dual serisinden 3+3 MP \u00e7\u00f6z\u00fcn\u00fcrl\u00fck sunan d\u0131\u015f mek\u00e2n \u00e7ift lensli Pan \/ Tilt Wi-Fi kamera modelidir.","robots":{"index":"index","follow":"follow","max-snippet":"max-snippet:-1","max-image-preview":"max-image-preview:large","max-video-preview":"max-video-preview:-1"},"canonical":"https:\/\/www.megaguvenlik.com\/?product=dahua-wpt1339dd-sw-3e2-pv","og_locale":"tr_TR","og_type":"article","og_title":"DAHUA WPT1339DD-SW-3E2-PV - Mega G\u00fcvenlik Sistemleri","og_description":"IPC-WPT1339DD-SW-3E2-PV, Dahua\u2019n\u0131n Picoo Dual serisinden 3+3 MP \u00e7\u00f6z\u00fcn\u00fcrl\u00fck sunan d\u0131\u015f mek\u00e2n \u00e7ift lensli Pan \/ Tilt Wi-Fi kamera modelidir.","og_url":"https:\/\/www.megaguvenlik.com\/?product=dahua-wpt1339dd-sw-3e2-pv","og_site_name":"Mega G\u00fcvenlik Sistemleri","og_image":[{"width":225,"height":225,"url":"https:\/\/www.megaguvenlik.com\/wp-content\/uploads\/2025\/10\/WPT1339DD-SW-3E2-PV.jpeg","type":"image\/jpeg"}],"twitter_card":"summary_large_image","twitter_misc":{"Tahmini okuma s\u00fcresi":"1 dakika"},"schema":{"@context":"https:\/\/schema.org","@graph":[{"@type":"WebPage","@id":"https:\/\/www.megaguvenlik.com\/?product=dahua-wpt1339dd-sw-3e2-pv","url":"https:\/\/www.megaguvenlik.com\/?product=dahua-wpt1339dd-sw-3e2-pv","name":"DAHUA WPT1339DD-SW-3E2-PV - Mega G\u00fcvenlik Sistemleri","isPartOf":{"@id":"https:\/\/www.megaguvenlik.com\/#website"},"primaryImageOfPage":{"@id":"https:\/\/www.megaguvenlik.com\/?product=dahua-wpt1339dd-sw-3e2-pv#primaryimage"},"image":{"@id":"https:\/\/www.megaguvenlik.com\/?product=dahua-wpt1339dd-sw-3e2-pv#primaryimage"},"thumbnailUrl":"https:\/\/www.megaguvenlik.com\/wp-content\/uploads\/2025\/10\/WPT1339DD-SW-3E2-PV.jpeg","datePublished":"2025-10-13T13:28:09+00:00","description":"IPC-WPT1339DD-SW-3E2-PV, Dahua\u2019n\u0131n Picoo Dual serisinden 3+3 MP \u00e7\u00f6z\u00fcn\u00fcrl\u00fck sunan d\u0131\u015f mek\u00e2n \u00e7ift lensli Pan \/ Tilt Wi-Fi kamera modelidir.","breadcrumb":{"@id":"https:\/\/www.megaguvenlik.com\/?product=dahua-wpt1339dd-sw-3e2-pv#breadcrumb"},"inLanguage":"tr","potentialAction":[{"@type":"ReadAction","target":["https:\/\/www.megaguvenlik.com\/?product=dahua-wpt1339dd-sw-3e2-pv"]}]},{"@type":"ImageObject","inLanguage":"tr","@id":"https:\/\/www.megaguvenlik.com\/?product=dahua-wpt1339dd-sw-3e2-pv#primaryimage","url":"https:\/\/www.megaguvenlik.com\/wp-content\/uploads\/2025\/10\/WPT1339DD-SW-3E2-PV.jpeg","contentUrl":"https:\/\/www.megaguvenlik.com\/wp-content\/uploads\/2025\/10\/WPT1339DD-SW-3E2-PV.jpeg","width":225,"height":225},{"@type":"BreadcrumbList","@id":"https:\/\/www.megaguvenlik.com\/?product=dahua-wpt1339dd-sw-3e2-pv#breadcrumb","itemListElement":[{"@type":"ListItem","position":1,"name":"Anasayfa","item":"https:\/\/www.megaguvenlik.com\/"},{"@type":"ListItem","position":2,"name":"Ma\u011faza","item":"https:\/\/www.megaguvenlik.com\/?page_id=323"},{"@type":"ListItem","position":3,"name":"DAHUA WPT1339DD-SW-3E2-PV"}]},{"@type":"WebSite","@id":"https:\/\/www.megaguvenlik.com\/#website","url":"https:\/\/www.megaguvenlik.com\/","name":"Mega G\u00fcvenlik Sistemleri","description":"Kamera | Yang\u0131n Alarm | Network | Acil Anons","potentialAction":[{"@type":"SearchAction","target":{"@type":"EntryPoint","urlTemplate":"https:\/\/www.megaguvenlik.com\/?s={search_term_string}"},"query-input":{"@type":"PropertyValueSpecification","valueRequired":true,"valueName":"search_term_string"}}],"inLanguage":"tr"}]}},"_links":{"self":[{"href":"https:\/\/www.megaguvenlik.com\/index.php?rest_route=\/wp\/v2\/product\/4592","targetHints":{"allow":["GET"]}}],"collection":[{"href":"https:\/\/www.megaguvenlik.com\/index.php?rest_route=\/wp\/v2\/product"}],"about":[{"href":"https:\/\/www.megaguvenlik.com\/index.php?rest_route=\/wp\/v2\/types\/product"}],"replies":[{"embeddable":true,"href":"https:\/\/www.megaguvenlik.com\/index.php?rest_route=%2Fwp%2Fv2%2Fcomments&post=4592"}],"wp:featuredmedia":[{"embeddable":true,"href":"https:\/\/www.megaguvenlik.com\/index.php?rest_route=\/wp\/v2\/media\/4593"}],"wp:attachment":[{"href":"https:\/\/www.megaguvenlik.com\/index.php?rest_route=%2Fwp%2Fv2%2Fmedia&parent=4592"}],"wp:term":[{"taxonomy":"product_brand","embeddable":true,"href":"https:\/\/www.megaguvenlik.com\/index.php?rest_route=%2Fwp%2Fv2%2Fproduct_brand&post=4592"},{"taxonomy":"product_cat","embeddable":true,"href":"https:\/\/www.megaguvenlik.com\/index.php?rest_route=%2Fwp%2Fv2%2Fproduct_cat&post=4592"},{"taxonomy":"product_tag","embeddable":true,"href":"https:\/\/www.megaguvenlik.com\/index.php?rest_route=%2Fwp%2Fv2%2Fproduct_tag&post=4592"}],"curies":[{"name":"wp","href":"https:\/\/api.w.org\/{rel}","templated":true}]}}