{"id":4594,"date":"2025-10-13T16:38:11","date_gmt":"2025-10-13T13:38:11","guid":{"rendered":"https:\/\/www.megaguvenlik.com\/?post_type=product&#038;p=4594"},"modified":"2025-10-13T16:38:11","modified_gmt":"2025-10-13T13:38:11","slug":"dahua-ipc-hfw2431dg-4g","status":"publish","type":"product","link":"https:\/\/www.megaguvenlik.com\/?product=dahua-ipc-hfw2431dg-4g","title":{"rendered":"DAHUA IPC-HFW2431DG-4G"},"content":{"rendered":"<p>4MP IR Sabit Odakl\u0131 Mermi 4G G\u00fcne\u015f Enerjili A\u011f Kameras\u0131 4-MP 1\/3&#8243; CMOS g\u00f6r\u00fcnt\u00fc sens\u00f6r\u00fc, d\u00fc\u015f\u00fck parlakl\u0131k ve y\u00fcksek \u00e7\u00f6z\u00fcn\u00fcrl\u00fckl\u00fc g\u00f6r\u00fcnt\u00fc. Maksimum 4 MP (2688 \u00d7 1520) @25\/30 fps \u00e7\u0131k\u0131\u015f verir. H.265 codec, y\u00fcksek s\u0131k\u0131\u015ft\u0131rma oran\u0131, ultra d\u00fc\u015f\u00fck bit h\u0131z\u0131. Dahili s\u0131cak \u0131\u015f\u0131k\/IR LED. Ses ve \u0131\u015f\u0131k alarm ba\u011flant\u0131s\u0131. Alarm tetiklendi\u011finde, ses ve \u0131\u015f\u0131k birbirine ba\u011flanacakt\u0131r.T\u00fcm mobil a\u011flara uygun y\u00fcksek performansl\u0131 4G Mod\u00fcl\u00fc yerle\u015fiktir. Kurulum art\u0131k kablolu a\u011flarla s\u0131n\u0131rl\u0131 de\u011fildir. L\u00fctfen kullanmadan \u00f6nce kamerayla yerel 4G a\u011f\u0131n\u0131 test edin.Pasif k\u0131z\u0131l\u00f6tesi ile insan v\u00fccudunu alg\u0131layan ve v\u00fccut s\u0131cakl\u0131\u011f\u0131na duyarl\u0131 dahili PIR sens\u00f6r\u00fc. \u00d6nemli kay\u0131tlar\u0131n kaybolmas\u0131n\u0131 engelleyen dahili 8 GB eMMC bellek \u00e7ipi. G\u00fcne\u015f enerjisini destekledi\u011fi i\u00e7in g\u00fcne\u015f \u0131\u015f\u0131\u011f\u0131na maruz kalan yerlerde kullan\u0131m i\u00e7in idealdir.Dahili g\u00fcne\u015f paneli ve bataryas\u0131 ile ba\u011f\u0131ms\u0131z olarak, pil \u00e7evrim \u00f6mr\u00fc g\u00fcnde 1 saatlik uzaktan canl\u0131 g\u00f6r\u00fcnt\u00fcleme ile 10 g\u00fcne kadar s\u00fcrebilir.Anormallik tespiti: Hareket tespiti, video kurcalama, ses tespiti, SD kart dolu, SD kart hatas\u0131, a\u011f ba\u011flant\u0131s\u0131 kesilmesi, IP \u00e7ak\u0131\u015fmas\u0131 ve yasad\u0131\u015f\u0131 eri\u015fim.Maksimum 256 GB Micro SD kart deste\u011fi; dahili MIC ve hoparl\u00f6r; \u00e7ift y\u00f6nl\u00fc konu\u015fmay\u0131 destekler. IP67 korumas\u0131.<\/p>\n","protected":false},"excerpt":{"rendered":"<p>4MP IR Sabit Odakl\u0131 Mermi 4G G\u00fcne\u015f Enerjili A\u011f Kameras\u0131 4-MP 1\/3&#8243; CMOS g\u00f6r\u00fcnt\u00fc sens\u00f6r\u00fc, d\u00fc\u015f\u00fck parlakl\u0131k ve y\u00fcksek \u00e7\u00f6z\u00fcn\u00fcrl\u00fckl\u00fc g\u00f6r\u00fcnt\u00fc. Maksimum 4 MP (2688 \u00d7 1520) @25\/30 fps \u00e7\u0131k\u0131\u015f verir. H.265 codec, y\u00fcksek s\u0131k\u0131\u015ft\u0131rma oran\u0131, ultra d\u00fc\u015f\u00fck bit h\u0131z\u0131. Dahili s\u0131cak \u0131\u015f\u0131k\/IR LED. Ses ve \u0131\u015f\u0131k alarm ba\u011flant\u0131s\u0131. Alarm tetiklendi\u011finde, ses ve \u0131\u015f\u0131k birbirine ba\u011flanacakt\u0131r.T\u00fcm mobil a\u011flara uygun y\u00fcksek performansl\u0131 4G Mod\u00fcl\u00fc yerle\u015fiktir. Kurulum art\u0131k kablolu a\u011flarla s\u0131n\u0131rl\u0131 de\u011fildir. L\u00fctfen kullanmadan \u00f6nce kamerayla yerel 4G a\u011f\u0131n\u0131 test edin.Pasif k\u0131z\u0131l\u00f6tesi ile insan v\u00fccudunu alg\u0131layan ve v\u00fccut s\u0131cakl\u0131\u011f\u0131na duyarl\u0131 dahili PIR sens\u00f6r\u00fc. \u00d6nemli kay\u0131tlar\u0131n kaybolmas\u0131n\u0131 engelleyen dahili 8 GB eMMC bellek \u00e7ipi. G\u00fcne\u015f enerjisini destekledi\u011fi i\u00e7in g\u00fcne\u015f \u0131\u015f\u0131\u011f\u0131na maruz kalan yerlerde kullan\u0131m i\u00e7in idealdir.Dahili g\u00fcne\u015f paneli ve bataryas\u0131 ile ba\u011f\u0131ms\u0131z olarak, pil \u00e7evrim \u00f6mr\u00fc g\u00fcnde 1 saatlik uzaktan canl\u0131 g\u00f6r\u00fcnt\u00fcleme ile 10 g\u00fcne kadar s\u00fcrebilir.Anormallik tespiti: Hareket tespiti, video kurcalama, ses tespiti, SD kart dolu, SD kart hatas\u0131, a\u011f ba\u011flant\u0131s\u0131 kesilmesi, IP \u00e7ak\u0131\u015fmas\u0131 ve yasad\u0131\u015f\u0131 eri\u015fim.Maksimum 256 GB Micro SD kart deste\u011fi; dahili MIC ve hoparl\u00f6r; \u00e7ift y\u00f6nl\u00fc konu\u015fmay\u0131 destekler. IP67 korumas\u0131.<\/p>\n","protected":false},"featured_media":4595,"comment_status":"open","ping_status":"closed","template":"","meta":[],"product_brand":[],"product_cat":[338,354,199],"product_tag":[340,339,355],"class_list":{"0":"post-4594","1":"product","2":"type-product","3":"status-publish","4":"has-post-thumbnail","6":"product_cat-dahua","7":"product_cat-internet-camera","8":"product_cat-kamera-sistemleri","9":"product_tag-alhua","10":"product_tag-dahua","11":"product_tag-internet-camera","13":"first","14":"instock","15":"taxable","16":"shipping-taxable","17":"product-type-simple"},"yoast_head":"<!-- This site is optimized with the Yoast SEO plugin v26.0 - https:\/\/yoast.com\/wordpress\/plugins\/seo\/ -->\n<title>DAHUA IPC-HFW2431DG-4G - Mega G\u00fcvenlik Sistemleri<\/title>\n<meta name=\"description\" content=\"Dahua IPC-HFW2431DG-4G modeli, 4 MP (2688 \u00d7 1520) \u00e7\u00f6z\u00fcn\u00fcrl\u00fck, sabit lensli d\u0131\u015f mek\u00e2n bullet kamera olarak dikkat \u00e7eker. Bu cihaz, kablo altyap\u0131s\u0131 olmayan alanlarda 4G ba\u011flant\u0131 deste\u011fiyle \u00e7al\u0131\u015fabilir; dahili solar panel ve batarya ile enerji ihtiyac\u0131n\u0131 kar\u015f\u0131lar.\" \/>\n<meta name=\"robots\" content=\"index, follow, max-snippet:-1, max-image-preview:large, max-video-preview:-1\" \/>\n<link rel=\"canonical\" href=\"https:\/\/www.megaguvenlik.com\/?product=dahua-ipc-hfw2431dg-4g\" \/>\n<meta property=\"og:locale\" content=\"tr_TR\" \/>\n<meta property=\"og:type\" content=\"article\" \/>\n<meta property=\"og:title\" content=\"DAHUA IPC-HFW2431DG-4G - Mega G\u00fcvenlik Sistemleri\" \/>\n<meta property=\"og:description\" content=\"Dahua IPC-HFW2431DG-4G modeli, 4 MP (2688 \u00d7 1520) \u00e7\u00f6z\u00fcn\u00fcrl\u00fck, sabit lensli d\u0131\u015f mek\u00e2n bullet kamera olarak dikkat \u00e7eker. Bu cihaz, kablo altyap\u0131s\u0131 olmayan alanlarda 4G ba\u011flant\u0131 deste\u011fiyle \u00e7al\u0131\u015fabilir; dahili solar panel ve batarya ile enerji ihtiyac\u0131n\u0131 kar\u015f\u0131lar.\" \/>\n<meta property=\"og:url\" content=\"https:\/\/www.megaguvenlik.com\/?product=dahua-ipc-hfw2431dg-4g\" \/>\n<meta property=\"og:site_name\" content=\"Mega G\u00fcvenlik Sistemleri\" \/>\n<meta property=\"og:image\" content=\"https:\/\/www.megaguvenlik.com\/wp-content\/uploads\/2025\/10\/IPC-HFW2431DG-4G.jpeg\" \/>\n\t<meta property=\"og:image:width\" content=\"225\" \/>\n\t<meta property=\"og:image:height\" content=\"225\" \/>\n\t<meta property=\"og:image:type\" content=\"image\/jpeg\" \/>\n<meta name=\"twitter:card\" content=\"summary_large_image\" \/>\n<meta name=\"twitter:label1\" content=\"Tahmini okuma s\u00fcresi\" \/>\n\t<meta name=\"twitter:data1\" content=\"2 dakika\" \/>\n<script type=\"application\/ld+json\" class=\"yoast-schema-graph\">{\"@context\":\"https:\/\/schema.org\",\"@graph\":[{\"@type\":\"WebPage\",\"@id\":\"https:\/\/www.megaguvenlik.com\/?product=dahua-ipc-hfw2431dg-4g\",\"url\":\"https:\/\/www.megaguvenlik.com\/?product=dahua-ipc-hfw2431dg-4g\",\"name\":\"DAHUA IPC-HFW2431DG-4G - Mega G\u00fcvenlik Sistemleri\",\"isPartOf\":{\"@id\":\"https:\/\/www.megaguvenlik.com\/#website\"},\"primaryImageOfPage\":{\"@id\":\"https:\/\/www.megaguvenlik.com\/?product=dahua-ipc-hfw2431dg-4g#primaryimage\"},\"image\":{\"@id\":\"https:\/\/www.megaguvenlik.com\/?product=dahua-ipc-hfw2431dg-4g#primaryimage\"},\"thumbnailUrl\":\"https:\/\/www.megaguvenlik.com\/wp-content\/uploads\/2025\/10\/IPC-HFW2431DG-4G.jpeg\",\"datePublished\":\"2025-10-13T13:38:11+00:00\",\"description\":\"Dahua IPC-HFW2431DG-4G modeli, 4 MP (2688 \u00d7 1520) \u00e7\u00f6z\u00fcn\u00fcrl\u00fck, sabit lensli d\u0131\u015f mek\u00e2n bullet kamera olarak dikkat \u00e7eker. Bu cihaz, kablo altyap\u0131s\u0131 olmayan alanlarda 4G ba\u011flant\u0131 deste\u011fiyle \u00e7al\u0131\u015fabilir; dahili solar panel ve batarya ile enerji ihtiyac\u0131n\u0131 kar\u015f\u0131lar.\",\"breadcrumb\":{\"@id\":\"https:\/\/www.megaguvenlik.com\/?product=dahua-ipc-hfw2431dg-4g#breadcrumb\"},\"inLanguage\":\"tr\",\"potentialAction\":[{\"@type\":\"ReadAction\",\"target\":[\"https:\/\/www.megaguvenlik.com\/?product=dahua-ipc-hfw2431dg-4g\"]}]},{\"@type\":\"ImageObject\",\"inLanguage\":\"tr\",\"@id\":\"https:\/\/www.megaguvenlik.com\/?product=dahua-ipc-hfw2431dg-4g#primaryimage\",\"url\":\"https:\/\/www.megaguvenlik.com\/wp-content\/uploads\/2025\/10\/IPC-HFW2431DG-4G.jpeg\",\"contentUrl\":\"https:\/\/www.megaguvenlik.com\/wp-content\/uploads\/2025\/10\/IPC-HFW2431DG-4G.jpeg\",\"width\":225,\"height\":225},{\"@type\":\"BreadcrumbList\",\"@id\":\"https:\/\/www.megaguvenlik.com\/?product=dahua-ipc-hfw2431dg-4g#breadcrumb\",\"itemListElement\":[{\"@type\":\"ListItem\",\"position\":1,\"name\":\"Anasayfa\",\"item\":\"https:\/\/www.megaguvenlik.com\/\"},{\"@type\":\"ListItem\",\"position\":2,\"name\":\"Ma\u011faza\",\"item\":\"https:\/\/www.megaguvenlik.com\/?page_id=323\"},{\"@type\":\"ListItem\",\"position\":3,\"name\":\"DAHUA IPC-HFW2431DG-4G\"}]},{\"@type\":\"WebSite\",\"@id\":\"https:\/\/www.megaguvenlik.com\/#website\",\"url\":\"https:\/\/www.megaguvenlik.com\/\",\"name\":\"Mega G\u00fcvenlik Sistemleri\",\"description\":\"Kamera | Yang\u0131n Alarm | Network | Acil Anons\",\"potentialAction\":[{\"@type\":\"SearchAction\",\"target\":{\"@type\":\"EntryPoint\",\"urlTemplate\":\"https:\/\/www.megaguvenlik.com\/?s={search_term_string}\"},\"query-input\":{\"@type\":\"PropertyValueSpecification\",\"valueRequired\":true,\"valueName\":\"search_term_string\"}}],\"inLanguage\":\"tr\"}]}<\/script>\n<!-- \/ Yoast SEO plugin. -->","yoast_head_json":{"title":"DAHUA IPC-HFW2431DG-4G - Mega G\u00fcvenlik Sistemleri","description":"Dahua IPC-HFW2431DG-4G modeli, 4 MP (2688 \u00d7 1520) \u00e7\u00f6z\u00fcn\u00fcrl\u00fck, sabit lensli d\u0131\u015f mek\u00e2n bullet kamera olarak dikkat \u00e7eker. Bu cihaz, kablo altyap\u0131s\u0131 olmayan alanlarda 4G ba\u011flant\u0131 deste\u011fiyle \u00e7al\u0131\u015fabilir; dahili solar panel ve batarya ile enerji ihtiyac\u0131n\u0131 kar\u015f\u0131lar.","robots":{"index":"index","follow":"follow","max-snippet":"max-snippet:-1","max-image-preview":"max-image-preview:large","max-video-preview":"max-video-preview:-1"},"canonical":"https:\/\/www.megaguvenlik.com\/?product=dahua-ipc-hfw2431dg-4g","og_locale":"tr_TR","og_type":"article","og_title":"DAHUA IPC-HFW2431DG-4G - Mega G\u00fcvenlik Sistemleri","og_description":"Dahua IPC-HFW2431DG-4G modeli, 4 MP (2688 \u00d7 1520) \u00e7\u00f6z\u00fcn\u00fcrl\u00fck, sabit lensli d\u0131\u015f mek\u00e2n bullet kamera olarak dikkat \u00e7eker. Bu cihaz, kablo altyap\u0131s\u0131 olmayan alanlarda 4G ba\u011flant\u0131 deste\u011fiyle \u00e7al\u0131\u015fabilir; dahili solar panel ve batarya ile enerji ihtiyac\u0131n\u0131 kar\u015f\u0131lar.","og_url":"https:\/\/www.megaguvenlik.com\/?product=dahua-ipc-hfw2431dg-4g","og_site_name":"Mega G\u00fcvenlik Sistemleri","og_image":[{"width":225,"height":225,"url":"https:\/\/www.megaguvenlik.com\/wp-content\/uploads\/2025\/10\/IPC-HFW2431DG-4G.jpeg","type":"image\/jpeg"}],"twitter_card":"summary_large_image","twitter_misc":{"Tahmini okuma s\u00fcresi":"2 dakika"},"schema":{"@context":"https:\/\/schema.org","@graph":[{"@type":"WebPage","@id":"https:\/\/www.megaguvenlik.com\/?product=dahua-ipc-hfw2431dg-4g","url":"https:\/\/www.megaguvenlik.com\/?product=dahua-ipc-hfw2431dg-4g","name":"DAHUA IPC-HFW2431DG-4G - Mega G\u00fcvenlik Sistemleri","isPartOf":{"@id":"https:\/\/www.megaguvenlik.com\/#website"},"primaryImageOfPage":{"@id":"https:\/\/www.megaguvenlik.com\/?product=dahua-ipc-hfw2431dg-4g#primaryimage"},"image":{"@id":"https:\/\/www.megaguvenlik.com\/?product=dahua-ipc-hfw2431dg-4g#primaryimage"},"thumbnailUrl":"https:\/\/www.megaguvenlik.com\/wp-content\/uploads\/2025\/10\/IPC-HFW2431DG-4G.jpeg","datePublished":"2025-10-13T13:38:11+00:00","description":"Dahua IPC-HFW2431DG-4G modeli, 4 MP (2688 \u00d7 1520) \u00e7\u00f6z\u00fcn\u00fcrl\u00fck, sabit lensli d\u0131\u015f mek\u00e2n bullet kamera olarak dikkat \u00e7eker. Bu cihaz, kablo altyap\u0131s\u0131 olmayan alanlarda 4G ba\u011flant\u0131 deste\u011fiyle \u00e7al\u0131\u015fabilir; dahili solar panel ve batarya ile enerji ihtiyac\u0131n\u0131 kar\u015f\u0131lar.","breadcrumb":{"@id":"https:\/\/www.megaguvenlik.com\/?product=dahua-ipc-hfw2431dg-4g#breadcrumb"},"inLanguage":"tr","potentialAction":[{"@type":"ReadAction","target":["https:\/\/www.megaguvenlik.com\/?product=dahua-ipc-hfw2431dg-4g"]}]},{"@type":"ImageObject","inLanguage":"tr","@id":"https:\/\/www.megaguvenlik.com\/?product=dahua-ipc-hfw2431dg-4g#primaryimage","url":"https:\/\/www.megaguvenlik.com\/wp-content\/uploads\/2025\/10\/IPC-HFW2431DG-4G.jpeg","contentUrl":"https:\/\/www.megaguvenlik.com\/wp-content\/uploads\/2025\/10\/IPC-HFW2431DG-4G.jpeg","width":225,"height":225},{"@type":"BreadcrumbList","@id":"https:\/\/www.megaguvenlik.com\/?product=dahua-ipc-hfw2431dg-4g#breadcrumb","itemListElement":[{"@type":"ListItem","position":1,"name":"Anasayfa","item":"https:\/\/www.megaguvenlik.com\/"},{"@type":"ListItem","position":2,"name":"Ma\u011faza","item":"https:\/\/www.megaguvenlik.com\/?page_id=323"},{"@type":"ListItem","position":3,"name":"DAHUA IPC-HFW2431DG-4G"}]},{"@type":"WebSite","@id":"https:\/\/www.megaguvenlik.com\/#website","url":"https:\/\/www.megaguvenlik.com\/","name":"Mega G\u00fcvenlik Sistemleri","description":"Kamera | Yang\u0131n Alarm | Network | Acil Anons","potentialAction":[{"@type":"SearchAction","target":{"@type":"EntryPoint","urlTemplate":"https:\/\/www.megaguvenlik.com\/?s={search_term_string}"},"query-input":{"@type":"PropertyValueSpecification","valueRequired":true,"valueName":"search_term_string"}}],"inLanguage":"tr"}]}},"_links":{"self":[{"href":"https:\/\/www.megaguvenlik.com\/index.php?rest_route=\/wp\/v2\/product\/4594","targetHints":{"allow":["GET"]}}],"collection":[{"href":"https:\/\/www.megaguvenlik.com\/index.php?rest_route=\/wp\/v2\/product"}],"about":[{"href":"https:\/\/www.megaguvenlik.com\/index.php?rest_route=\/wp\/v2\/types\/product"}],"replies":[{"embeddable":true,"href":"https:\/\/www.megaguvenlik.com\/index.php?rest_route=%2Fwp%2Fv2%2Fcomments&post=4594"}],"wp:featuredmedia":[{"embeddable":true,"href":"https:\/\/www.megaguvenlik.com\/index.php?rest_route=\/wp\/v2\/media\/4595"}],"wp:attachment":[{"href":"https:\/\/www.megaguvenlik.com\/index.php?rest_route=%2Fwp%2Fv2%2Fmedia&parent=4594"}],"wp:term":[{"taxonomy":"product_brand","embeddable":true,"href":"https:\/\/www.megaguvenlik.com\/index.php?rest_route=%2Fwp%2Fv2%2Fproduct_brand&post=4594"},{"taxonomy":"product_cat","embeddable":true,"href":"https:\/\/www.megaguvenlik.com\/index.php?rest_route=%2Fwp%2Fv2%2Fproduct_cat&post=4594"},{"taxonomy":"product_tag","embeddable":true,"href":"https:\/\/www.megaguvenlik.com\/index.php?rest_route=%2Fwp%2Fv2%2Fproduct_tag&post=4594"}],"curies":[{"name":"wp","href":"https:\/\/api.w.org\/{rel}","templated":true}]}}