{"id":4597,"date":"2025-10-14T09:32:25","date_gmt":"2025-10-14T06:32:25","guid":{"rendered":"https:\/\/www.megaguvenlik.com\/?post_type=product&#038;p=4597"},"modified":"2025-10-14T09:32:27","modified_gmt":"2025-10-14T06:32:27","slug":"dahua-ipc-hf5241e-e","status":"publish","type":"product","link":"https:\/\/www.megaguvenlik.com\/?product=dahua-ipc-hf5241e-e","title":{"rendered":"DAHUA IPC-HF5241E-E"},"content":{"rendered":"<p>2 MP H.265+ AI Box Starlight Kamera 1 \/ 2.8 &#8221; CMOS, 0.002 L\u00fcx Renkli, ePoE destekli(800 metre mesafeli)BLC\/HLC\/WDR(120dB), 3DNR, AWB, AGC, ICR, ABF,EIS, Defog, SD-Kart Deste\u011fi(256GB)Yapay Zeka: Y\u00fcz Yakalama, 6 Farkl\u0131 Y\u00fcz \u00d6zelli\u011fi \u00c7\u0131kar\u0131m\u0131(Ya\u015f, Cinsiyet, Y\u00fcz \u0130fadesi, G\u00f6zl\u00fck, A\u011f\u0131zda Maske, Sakal&amp;B\u0131y\u0131k)\u00c7evre Korumas\u0131: Tripwire(Sanal S\u0131n\u0131r \u0130hlali), Intrusion(Alan \u0130hlali)-\u0130nsan ve Ara\u00e7 olarak s\u0131n\u0131fland\u0131rmaKi\u015fi Sayma: \u00c7izgisel Ki\u015fi Sayma, B\u00f6lgesel Ki\u015fi Sayma, Kuyruk Sayma-4 farkl\u0131 Alan Alg\u0131lamaKay\u0131p\/Terkedilmi\u015f Nesne Alg\u0131lama, Is\u0131 Haritas\u0131, H\u0131zl\u0131 Hareket\/Gezinme\/Park\/Kalabal\u0131k Toplanmas\u0131 Alg\u0131lamaPoE, 25fps@1080p, Alarm Giri\u015f\/\u00c7\u0131k\u0131\u015f: 2\/1, Ses Giri\u015f\/\u00c7\u0131k\u0131\u015f: 1\/1 ve Dahili Mikrofon, Metal Kasa<\/p>\n","protected":false},"excerpt":{"rendered":"<p>2 MP H.265+ AI Box Starlight Kamera 1 \/ 2.8 &#8221; CMOS, 0.002 L\u00fcx Renkli, ePoE destekli(800 metre mesafeli)BLC\/HLC\/WDR(120dB), 3DNR, AWB, AGC, ICR, ABF,EIS, Defog, SD-Kart Deste\u011fi(256GB)Yapay Zeka: Y\u00fcz Yakalama, 6 Farkl\u0131 Y\u00fcz \u00d6zelli\u011fi \u00c7\u0131kar\u0131m\u0131(Ya\u015f, Cinsiyet, Y\u00fcz \u0130fadesi, G\u00f6zl\u00fck, A\u011f\u0131zda Maske, Sakal&amp;B\u0131y\u0131k)\u00c7evre Korumas\u0131: Tripwire(Sanal S\u0131n\u0131r \u0130hlali), Intrusion(Alan \u0130hlali)-\u0130nsan ve Ara\u00e7 olarak s\u0131n\u0131fland\u0131rmaKi\u015fi Sayma: \u00c7izgisel Ki\u015fi Sayma, B\u00f6lgesel Ki\u015fi Sayma, Kuyruk Sayma-4 farkl\u0131 Alan Alg\u0131lamaKay\u0131p\/Terkedilmi\u015f Nesne Alg\u0131lama, Is\u0131 Haritas\u0131, H\u0131zl\u0131 Hareket\/Gezinme\/Park\/Kalabal\u0131k Toplanmas\u0131 Alg\u0131lamaPoE, 25fps@1080p, Alarm Giri\u015f\/\u00c7\u0131k\u0131\u015f: 2\/1, Ses Giri\u015f\/\u00c7\u0131k\u0131\u015f: 1\/1 ve Dahili Mikrofon, Metal Kasa<\/p>\n","protected":false},"featured_media":4598,"comment_status":"open","ping_status":"closed","template":"","meta":[],"product_brand":[],"product_cat":[338,236,199],"product_tag":[340,339,341],"class_list":{"0":"post-4597","1":"product","2":"type-product","3":"status-publish","4":"has-post-thumbnail","6":"product_cat-dahua","7":"product_cat-ip-kamera","8":"product_cat-kamera-sistemleri","9":"product_tag-alhua","10":"product_tag-dahua","11":"product_tag-ip-camera","13":"first","14":"instock","15":"taxable","16":"shipping-taxable","17":"product-type-simple"},"yoast_head":"<!-- This site is optimized with the Yoast SEO plugin v26.0 - https:\/\/yoast.com\/wordpress\/plugins\/seo\/ -->\n<title>DAHUA IPC-HF5241E-E - Mega G\u00fcvenlik Sistemleri<\/title>\n<meta name=\"description\" content=\"IPC-HF5241E-E, profesyonel g\u00fcvenlik \u00e7\u00f6z\u00fcmleri i\u00e7in geli\u015ftirilmi\u015f y\u00fcksek performansl\u0131 bir IP box kamerad\u0131r. Dahua\u2019n\u0131n yenilik\u00e7i teknolojilerini bar\u0131nd\u0131ran bu model, d\u00fc\u015f\u00fck \u0131\u015f\u0131k ko\u015fullar\u0131nda bile \u00fcst\u00fcn netlikte g\u00f6r\u00fcnt\u00fcler sunar. \u00d6zellikle bankalar, kamu kurumlar\u0131, ma\u011fazalar ve end\u00fcstriyel alanlarda tercih edilen IPC-HF5241E-E, 7\/24 kesintisiz g\u00fcvenlik i\u00e7in m\u00fckemmel bir se\u00e7imdir.\" \/>\n<meta name=\"robots\" content=\"index, follow, max-snippet:-1, max-image-preview:large, max-video-preview:-1\" \/>\n<link rel=\"canonical\" href=\"https:\/\/www.megaguvenlik.com\/?product=dahua-ipc-hf5241e-e\" \/>\n<meta property=\"og:locale\" content=\"tr_TR\" \/>\n<meta property=\"og:type\" content=\"article\" \/>\n<meta property=\"og:title\" content=\"DAHUA IPC-HF5241E-E - Mega G\u00fcvenlik Sistemleri\" \/>\n<meta property=\"og:description\" content=\"IPC-HF5241E-E, profesyonel g\u00fcvenlik \u00e7\u00f6z\u00fcmleri i\u00e7in geli\u015ftirilmi\u015f y\u00fcksek performansl\u0131 bir IP box kamerad\u0131r. Dahua\u2019n\u0131n yenilik\u00e7i teknolojilerini bar\u0131nd\u0131ran bu model, d\u00fc\u015f\u00fck \u0131\u015f\u0131k ko\u015fullar\u0131nda bile \u00fcst\u00fcn netlikte g\u00f6r\u00fcnt\u00fcler sunar. \u00d6zellikle bankalar, kamu kurumlar\u0131, ma\u011fazalar ve end\u00fcstriyel alanlarda tercih edilen IPC-HF5241E-E, 7\/24 kesintisiz g\u00fcvenlik i\u00e7in m\u00fckemmel bir se\u00e7imdir.\" \/>\n<meta property=\"og:url\" content=\"https:\/\/www.megaguvenlik.com\/?product=dahua-ipc-hf5241e-e\" \/>\n<meta property=\"og:site_name\" content=\"Mega G\u00fcvenlik Sistemleri\" \/>\n<meta property=\"article:modified_time\" content=\"2025-10-14T06:32:27+00:00\" \/>\n<meta property=\"og:image\" content=\"https:\/\/www.megaguvenlik.com\/wp-content\/uploads\/2025\/10\/IPC-HF5241E-E.jpeg\" \/>\n\t<meta property=\"og:image:width\" content=\"225\" \/>\n\t<meta property=\"og:image:height\" content=\"225\" \/>\n\t<meta property=\"og:image:type\" content=\"image\/jpeg\" \/>\n<meta name=\"twitter:card\" content=\"summary_large_image\" \/>\n<meta name=\"twitter:label1\" content=\"Tahmini okuma s\u00fcresi\" \/>\n\t<meta name=\"twitter:data1\" content=\"1 dakika\" \/>\n<script type=\"application\/ld+json\" class=\"yoast-schema-graph\">{\"@context\":\"https:\/\/schema.org\",\"@graph\":[{\"@type\":\"WebPage\",\"@id\":\"https:\/\/www.megaguvenlik.com\/?product=dahua-ipc-hf5241e-e\",\"url\":\"https:\/\/www.megaguvenlik.com\/?product=dahua-ipc-hf5241e-e\",\"name\":\"DAHUA IPC-HF5241E-E - Mega G\u00fcvenlik Sistemleri\",\"isPartOf\":{\"@id\":\"https:\/\/www.megaguvenlik.com\/#website\"},\"primaryImageOfPage\":{\"@id\":\"https:\/\/www.megaguvenlik.com\/?product=dahua-ipc-hf5241e-e#primaryimage\"},\"image\":{\"@id\":\"https:\/\/www.megaguvenlik.com\/?product=dahua-ipc-hf5241e-e#primaryimage\"},\"thumbnailUrl\":\"https:\/\/www.megaguvenlik.com\/wp-content\/uploads\/2025\/10\/IPC-HF5241E-E.jpeg\",\"datePublished\":\"2025-10-14T06:32:25+00:00\",\"dateModified\":\"2025-10-14T06:32:27+00:00\",\"description\":\"IPC-HF5241E-E, profesyonel g\u00fcvenlik \u00e7\u00f6z\u00fcmleri i\u00e7in geli\u015ftirilmi\u015f y\u00fcksek performansl\u0131 bir IP box kamerad\u0131r. Dahua\u2019n\u0131n yenilik\u00e7i teknolojilerini bar\u0131nd\u0131ran bu model, d\u00fc\u015f\u00fck \u0131\u015f\u0131k ko\u015fullar\u0131nda bile \u00fcst\u00fcn netlikte g\u00f6r\u00fcnt\u00fcler sunar. \u00d6zellikle bankalar, kamu kurumlar\u0131, ma\u011fazalar ve end\u00fcstriyel alanlarda tercih edilen IPC-HF5241E-E, 7\/24 kesintisiz g\u00fcvenlik i\u00e7in m\u00fckemmel bir se\u00e7imdir.\",\"breadcrumb\":{\"@id\":\"https:\/\/www.megaguvenlik.com\/?product=dahua-ipc-hf5241e-e#breadcrumb\"},\"inLanguage\":\"tr\",\"potentialAction\":[{\"@type\":\"ReadAction\",\"target\":[\"https:\/\/www.megaguvenlik.com\/?product=dahua-ipc-hf5241e-e\"]}]},{\"@type\":\"ImageObject\",\"inLanguage\":\"tr\",\"@id\":\"https:\/\/www.megaguvenlik.com\/?product=dahua-ipc-hf5241e-e#primaryimage\",\"url\":\"https:\/\/www.megaguvenlik.com\/wp-content\/uploads\/2025\/10\/IPC-HF5241E-E.jpeg\",\"contentUrl\":\"https:\/\/www.megaguvenlik.com\/wp-content\/uploads\/2025\/10\/IPC-HF5241E-E.jpeg\",\"width\":225,\"height\":225},{\"@type\":\"BreadcrumbList\",\"@id\":\"https:\/\/www.megaguvenlik.com\/?product=dahua-ipc-hf5241e-e#breadcrumb\",\"itemListElement\":[{\"@type\":\"ListItem\",\"position\":1,\"name\":\"Anasayfa\",\"item\":\"https:\/\/www.megaguvenlik.com\/\"},{\"@type\":\"ListItem\",\"position\":2,\"name\":\"Ma\u011faza\",\"item\":\"https:\/\/www.megaguvenlik.com\/?page_id=323\"},{\"@type\":\"ListItem\",\"position\":3,\"name\":\"DAHUA IPC-HF5241E-E\"}]},{\"@type\":\"WebSite\",\"@id\":\"https:\/\/www.megaguvenlik.com\/#website\",\"url\":\"https:\/\/www.megaguvenlik.com\/\",\"name\":\"Mega G\u00fcvenlik Sistemleri\",\"description\":\"Kamera | Yang\u0131n Alarm | Network | Acil Anons\",\"potentialAction\":[{\"@type\":\"SearchAction\",\"target\":{\"@type\":\"EntryPoint\",\"urlTemplate\":\"https:\/\/www.megaguvenlik.com\/?s={search_term_string}\"},\"query-input\":{\"@type\":\"PropertyValueSpecification\",\"valueRequired\":true,\"valueName\":\"search_term_string\"}}],\"inLanguage\":\"tr\"}]}<\/script>\n<!-- \/ Yoast SEO plugin. -->","yoast_head_json":{"title":"DAHUA IPC-HF5241E-E - Mega G\u00fcvenlik Sistemleri","description":"IPC-HF5241E-E, profesyonel g\u00fcvenlik \u00e7\u00f6z\u00fcmleri i\u00e7in geli\u015ftirilmi\u015f y\u00fcksek performansl\u0131 bir IP box kamerad\u0131r. Dahua\u2019n\u0131n yenilik\u00e7i teknolojilerini bar\u0131nd\u0131ran bu model, d\u00fc\u015f\u00fck \u0131\u015f\u0131k ko\u015fullar\u0131nda bile \u00fcst\u00fcn netlikte g\u00f6r\u00fcnt\u00fcler sunar. \u00d6zellikle bankalar, kamu kurumlar\u0131, ma\u011fazalar ve end\u00fcstriyel alanlarda tercih edilen IPC-HF5241E-E, 7\/24 kesintisiz g\u00fcvenlik i\u00e7in m\u00fckemmel bir se\u00e7imdir.","robots":{"index":"index","follow":"follow","max-snippet":"max-snippet:-1","max-image-preview":"max-image-preview:large","max-video-preview":"max-video-preview:-1"},"canonical":"https:\/\/www.megaguvenlik.com\/?product=dahua-ipc-hf5241e-e","og_locale":"tr_TR","og_type":"article","og_title":"DAHUA IPC-HF5241E-E - Mega G\u00fcvenlik Sistemleri","og_description":"IPC-HF5241E-E, profesyonel g\u00fcvenlik \u00e7\u00f6z\u00fcmleri i\u00e7in geli\u015ftirilmi\u015f y\u00fcksek performansl\u0131 bir IP box kamerad\u0131r. Dahua\u2019n\u0131n yenilik\u00e7i teknolojilerini bar\u0131nd\u0131ran bu model, d\u00fc\u015f\u00fck \u0131\u015f\u0131k ko\u015fullar\u0131nda bile \u00fcst\u00fcn netlikte g\u00f6r\u00fcnt\u00fcler sunar. \u00d6zellikle bankalar, kamu kurumlar\u0131, ma\u011fazalar ve end\u00fcstriyel alanlarda tercih edilen IPC-HF5241E-E, 7\/24 kesintisiz g\u00fcvenlik i\u00e7in m\u00fckemmel bir se\u00e7imdir.","og_url":"https:\/\/www.megaguvenlik.com\/?product=dahua-ipc-hf5241e-e","og_site_name":"Mega G\u00fcvenlik Sistemleri","article_modified_time":"2025-10-14T06:32:27+00:00","og_image":[{"width":225,"height":225,"url":"https:\/\/www.megaguvenlik.com\/wp-content\/uploads\/2025\/10\/IPC-HF5241E-E.jpeg","type":"image\/jpeg"}],"twitter_card":"summary_large_image","twitter_misc":{"Tahmini okuma s\u00fcresi":"1 dakika"},"schema":{"@context":"https:\/\/schema.org","@graph":[{"@type":"WebPage","@id":"https:\/\/www.megaguvenlik.com\/?product=dahua-ipc-hf5241e-e","url":"https:\/\/www.megaguvenlik.com\/?product=dahua-ipc-hf5241e-e","name":"DAHUA IPC-HF5241E-E - Mega G\u00fcvenlik Sistemleri","isPartOf":{"@id":"https:\/\/www.megaguvenlik.com\/#website"},"primaryImageOfPage":{"@id":"https:\/\/www.megaguvenlik.com\/?product=dahua-ipc-hf5241e-e#primaryimage"},"image":{"@id":"https:\/\/www.megaguvenlik.com\/?product=dahua-ipc-hf5241e-e#primaryimage"},"thumbnailUrl":"https:\/\/www.megaguvenlik.com\/wp-content\/uploads\/2025\/10\/IPC-HF5241E-E.jpeg","datePublished":"2025-10-14T06:32:25+00:00","dateModified":"2025-10-14T06:32:27+00:00","description":"IPC-HF5241E-E, profesyonel g\u00fcvenlik \u00e7\u00f6z\u00fcmleri i\u00e7in geli\u015ftirilmi\u015f y\u00fcksek performansl\u0131 bir IP box kamerad\u0131r. Dahua\u2019n\u0131n yenilik\u00e7i teknolojilerini bar\u0131nd\u0131ran bu model, d\u00fc\u015f\u00fck \u0131\u015f\u0131k ko\u015fullar\u0131nda bile \u00fcst\u00fcn netlikte g\u00f6r\u00fcnt\u00fcler sunar. \u00d6zellikle bankalar, kamu kurumlar\u0131, ma\u011fazalar ve end\u00fcstriyel alanlarda tercih edilen IPC-HF5241E-E, 7\/24 kesintisiz g\u00fcvenlik i\u00e7in m\u00fckemmel bir se\u00e7imdir.","breadcrumb":{"@id":"https:\/\/www.megaguvenlik.com\/?product=dahua-ipc-hf5241e-e#breadcrumb"},"inLanguage":"tr","potentialAction":[{"@type":"ReadAction","target":["https:\/\/www.megaguvenlik.com\/?product=dahua-ipc-hf5241e-e"]}]},{"@type":"ImageObject","inLanguage":"tr","@id":"https:\/\/www.megaguvenlik.com\/?product=dahua-ipc-hf5241e-e#primaryimage","url":"https:\/\/www.megaguvenlik.com\/wp-content\/uploads\/2025\/10\/IPC-HF5241E-E.jpeg","contentUrl":"https:\/\/www.megaguvenlik.com\/wp-content\/uploads\/2025\/10\/IPC-HF5241E-E.jpeg","width":225,"height":225},{"@type":"BreadcrumbList","@id":"https:\/\/www.megaguvenlik.com\/?product=dahua-ipc-hf5241e-e#breadcrumb","itemListElement":[{"@type":"ListItem","position":1,"name":"Anasayfa","item":"https:\/\/www.megaguvenlik.com\/"},{"@type":"ListItem","position":2,"name":"Ma\u011faza","item":"https:\/\/www.megaguvenlik.com\/?page_id=323"},{"@type":"ListItem","position":3,"name":"DAHUA IPC-HF5241E-E"}]},{"@type":"WebSite","@id":"https:\/\/www.megaguvenlik.com\/#website","url":"https:\/\/www.megaguvenlik.com\/","name":"Mega G\u00fcvenlik Sistemleri","description":"Kamera | Yang\u0131n Alarm | Network | Acil Anons","potentialAction":[{"@type":"SearchAction","target":{"@type":"EntryPoint","urlTemplate":"https:\/\/www.megaguvenlik.com\/?s={search_term_string}"},"query-input":{"@type":"PropertyValueSpecification","valueRequired":true,"valueName":"search_term_string"}}],"inLanguage":"tr"}]}},"_links":{"self":[{"href":"https:\/\/www.megaguvenlik.com\/index.php?rest_route=\/wp\/v2\/product\/4597","targetHints":{"allow":["GET"]}}],"collection":[{"href":"https:\/\/www.megaguvenlik.com\/index.php?rest_route=\/wp\/v2\/product"}],"about":[{"href":"https:\/\/www.megaguvenlik.com\/index.php?rest_route=\/wp\/v2\/types\/product"}],"replies":[{"embeddable":true,"href":"https:\/\/www.megaguvenlik.com\/index.php?rest_route=%2Fwp%2Fv2%2Fcomments&post=4597"}],"wp:featuredmedia":[{"embeddable":true,"href":"https:\/\/www.megaguvenlik.com\/index.php?rest_route=\/wp\/v2\/media\/4598"}],"wp:attachment":[{"href":"https:\/\/www.megaguvenlik.com\/index.php?rest_route=%2Fwp%2Fv2%2Fmedia&parent=4597"}],"wp:term":[{"taxonomy":"product_brand","embeddable":true,"href":"https:\/\/www.megaguvenlik.com\/index.php?rest_route=%2Fwp%2Fv2%2Fproduct_brand&post=4597"},{"taxonomy":"product_cat","embeddable":true,"href":"https:\/\/www.megaguvenlik.com\/index.php?rest_route=%2Fwp%2Fv2%2Fproduct_cat&post=4597"},{"taxonomy":"product_tag","embeddable":true,"href":"https:\/\/www.megaguvenlik.com\/index.php?rest_route=%2Fwp%2Fv2%2Fproduct_tag&post=4597"}],"curies":[{"name":"wp","href":"https:\/\/api.w.org\/{rel}","templated":true}]}}