{"id":4599,"date":"2025-10-14T09:34:12","date_gmt":"2025-10-14T06:34:12","guid":{"rendered":"https:\/\/www.megaguvenlik.com\/?post_type=product&#038;p=4599"},"modified":"2025-10-30T10:51:36","modified_gmt":"2025-10-30T07:51:36","slug":"dahua-ipc-ebw8630","status":"publish","type":"product","link":"https:\/\/www.megaguvenlik.com\/?product=dahua-ipc-ebw8630","title":{"rendered":"DAHUA IPC-EBW8630"},"content":{"rendered":"<p>6 MP H.265+ Panaromik Fisheye Starlight Kamera(10m IR)1 \/ 1.8 &#8221; CMOS, 1.7mm Sabit Lens, 0.002 L\u00fcx RenkliBLC\/HLC\/DWDR, 3DNR, AWB, AGC, ICR, SD-Kart Deste\u011fiTripwire(Sanal S\u0131n\u0131r), Intrusion(Alan \u0130hlali), Is\u0131 Haritas\u0131IP67, IK10, PoE, 25fps@6MP, Alarm Giri\u015f\/\u00c7\u0131k\u0131\u015f: 2\/2, Ses Giri\u015f\/\u00c7\u0131k\u0131\u015f: 1\/1 ve Dahili Mikrofon, Metal Kasa<\/p>\n","protected":false},"excerpt":{"rendered":"<p>6 MP H.265+ Panaromik Fisheye Starlight Kamera(10m IR)1 \/ 1.8 &#8221; CMOS, 1.7mm Sabit Lens, 0.002 L\u00fcx RenkliBLC\/HLC\/DWDR, 3DNR, AWB, AGC, ICR, SD-Kart Deste\u011fiTripwire(Sanal S\u0131n\u0131r), Intrusion(Alan \u0130hlali), Is\u0131 Haritas\u0131IP67, IK10, PoE, 25fps@6MP, Alarm Giri\u015f\/\u00c7\u0131k\u0131\u015f: 2\/2, Ses Giri\u015f\/\u00c7\u0131k\u0131\u015f: 1\/1 ve Dahili Mikrofon, Metal Kasa<\/p>\n","protected":false},"featured_media":4915,"comment_status":"open","ping_status":"closed","template":"","meta":[],"product_brand":[],"product_cat":[338,236,199],"product_tag":[340,339,341],"class_list":{"0":"post-4599","1":"product","2":"type-product","3":"status-publish","4":"has-post-thumbnail","6":"product_cat-dahua","7":"product_cat-ip-kamera","8":"product_cat-kamera-sistemleri","9":"product_tag-alhua","10":"product_tag-dahua","11":"product_tag-ip-camera","13":"first","14":"instock","15":"taxable","16":"shipping-taxable","17":"product-type-simple"},"yoast_head":"<!-- This site is optimized with the Yoast SEO plugin v26.0 - https:\/\/yoast.com\/wordpress\/plugins\/seo\/ -->\n<title>DAHUA IPC-EBW8630 - Mega G\u00fcvenlik Sistemleri<\/title>\n<meta name=\"description\" content=\"IPC-EBW8630, Dahua\u2019n\u0131n panoramik g\u00f6zetim ihtiya\u00e7lar\u0131 i\u00e7in geli\u015ftirdi\u011fi fisheye (bal\u0131k g\u00f6z\u00fc) IP kameralardan biridir. Geni\u015f a\u00e7\u0131l\u0131 g\u00f6r\u00fc\u015f\u00fc, ak\u0131ll\u0131 \u00f6zellikleri ve sa\u011flam yap\u0131s\u0131yla hem i\u00e7 mek\u00e2nlarda hem de d\u0131\u015f mek\u00e2nlarda g\u00fcvenli\u011fi art\u0131rmak isteyen kullan\u0131c\u0131lar i\u00e7in ideal bir se\u00e7enektir.\" \/>\n<meta name=\"robots\" content=\"index, follow, max-snippet:-1, max-image-preview:large, max-video-preview:-1\" \/>\n<link rel=\"canonical\" href=\"https:\/\/www.megaguvenlik.com\/?product=dahua-ipc-ebw8630\" \/>\n<meta property=\"og:locale\" content=\"tr_TR\" \/>\n<meta property=\"og:type\" content=\"article\" \/>\n<meta property=\"og:title\" content=\"DAHUA IPC-EBW8630 - Mega G\u00fcvenlik Sistemleri\" \/>\n<meta property=\"og:description\" content=\"IPC-EBW8630, Dahua\u2019n\u0131n panoramik g\u00f6zetim ihtiya\u00e7lar\u0131 i\u00e7in geli\u015ftirdi\u011fi fisheye (bal\u0131k g\u00f6z\u00fc) IP kameralardan biridir. Geni\u015f a\u00e7\u0131l\u0131 g\u00f6r\u00fc\u015f\u00fc, ak\u0131ll\u0131 \u00f6zellikleri ve sa\u011flam yap\u0131s\u0131yla hem i\u00e7 mek\u00e2nlarda hem de d\u0131\u015f mek\u00e2nlarda g\u00fcvenli\u011fi art\u0131rmak isteyen kullan\u0131c\u0131lar i\u00e7in ideal bir se\u00e7enektir.\" \/>\n<meta property=\"og:url\" content=\"https:\/\/www.megaguvenlik.com\/?product=dahua-ipc-ebw8630\" \/>\n<meta property=\"og:site_name\" content=\"Mega G\u00fcvenlik Sistemleri\" \/>\n<meta property=\"article:modified_time\" content=\"2025-10-30T07:51:36+00:00\" \/>\n<meta property=\"og:image\" content=\"https:\/\/www.megaguvenlik.com\/wp-content\/uploads\/2025\/10\/IPC-EBW8630-1.jpeg\" \/>\n\t<meta property=\"og:image:width\" content=\"225\" \/>\n\t<meta property=\"og:image:height\" content=\"225\" \/>\n\t<meta property=\"og:image:type\" content=\"image\/jpeg\" \/>\n<meta name=\"twitter:card\" content=\"summary_large_image\" \/>\n<meta name=\"twitter:label1\" content=\"Tahmini okuma s\u00fcresi\" \/>\n\t<meta name=\"twitter:data1\" content=\"1 dakika\" \/>\n<script type=\"application\/ld+json\" class=\"yoast-schema-graph\">{\"@context\":\"https:\/\/schema.org\",\"@graph\":[{\"@type\":\"WebPage\",\"@id\":\"https:\/\/www.megaguvenlik.com\/?product=dahua-ipc-ebw8630\",\"url\":\"https:\/\/www.megaguvenlik.com\/?product=dahua-ipc-ebw8630\",\"name\":\"DAHUA IPC-EBW8630 - Mega G\u00fcvenlik Sistemleri\",\"isPartOf\":{\"@id\":\"https:\/\/www.megaguvenlik.com\/#website\"},\"primaryImageOfPage\":{\"@id\":\"https:\/\/www.megaguvenlik.com\/?product=dahua-ipc-ebw8630#primaryimage\"},\"image\":{\"@id\":\"https:\/\/www.megaguvenlik.com\/?product=dahua-ipc-ebw8630#primaryimage\"},\"thumbnailUrl\":\"https:\/\/www.megaguvenlik.com\/wp-content\/uploads\/2025\/10\/IPC-EBW8630-1.jpeg\",\"datePublished\":\"2025-10-14T06:34:12+00:00\",\"dateModified\":\"2025-10-30T07:51:36+00:00\",\"description\":\"IPC-EBW8630, Dahua\u2019n\u0131n panoramik g\u00f6zetim ihtiya\u00e7lar\u0131 i\u00e7in geli\u015ftirdi\u011fi fisheye (bal\u0131k g\u00f6z\u00fc) IP kameralardan biridir. Geni\u015f a\u00e7\u0131l\u0131 g\u00f6r\u00fc\u015f\u00fc, ak\u0131ll\u0131 \u00f6zellikleri ve sa\u011flam yap\u0131s\u0131yla hem i\u00e7 mek\u00e2nlarda hem de d\u0131\u015f mek\u00e2nlarda g\u00fcvenli\u011fi art\u0131rmak isteyen kullan\u0131c\u0131lar i\u00e7in ideal bir se\u00e7enektir.\",\"breadcrumb\":{\"@id\":\"https:\/\/www.megaguvenlik.com\/?product=dahua-ipc-ebw8630#breadcrumb\"},\"inLanguage\":\"tr\",\"potentialAction\":[{\"@type\":\"ReadAction\",\"target\":[\"https:\/\/www.megaguvenlik.com\/?product=dahua-ipc-ebw8630\"]}]},{\"@type\":\"ImageObject\",\"inLanguage\":\"tr\",\"@id\":\"https:\/\/www.megaguvenlik.com\/?product=dahua-ipc-ebw8630#primaryimage\",\"url\":\"https:\/\/www.megaguvenlik.com\/wp-content\/uploads\/2025\/10\/IPC-EBW8630-1.jpeg\",\"contentUrl\":\"https:\/\/www.megaguvenlik.com\/wp-content\/uploads\/2025\/10\/IPC-EBW8630-1.jpeg\",\"width\":225,\"height\":225},{\"@type\":\"BreadcrumbList\",\"@id\":\"https:\/\/www.megaguvenlik.com\/?product=dahua-ipc-ebw8630#breadcrumb\",\"itemListElement\":[{\"@type\":\"ListItem\",\"position\":1,\"name\":\"Anasayfa\",\"item\":\"https:\/\/www.megaguvenlik.com\/\"},{\"@type\":\"ListItem\",\"position\":2,\"name\":\"Ma\u011faza\",\"item\":\"https:\/\/www.megaguvenlik.com\/?page_id=323\"},{\"@type\":\"ListItem\",\"position\":3,\"name\":\"DAHUA IPC-EBW8630\"}]},{\"@type\":\"WebSite\",\"@id\":\"https:\/\/www.megaguvenlik.com\/#website\",\"url\":\"https:\/\/www.megaguvenlik.com\/\",\"name\":\"Mega G\u00fcvenlik Sistemleri\",\"description\":\"Kamera | Yang\u0131n Alarm | Network | Acil Anons\",\"potentialAction\":[{\"@type\":\"SearchAction\",\"target\":{\"@type\":\"EntryPoint\",\"urlTemplate\":\"https:\/\/www.megaguvenlik.com\/?s={search_term_string}\"},\"query-input\":{\"@type\":\"PropertyValueSpecification\",\"valueRequired\":true,\"valueName\":\"search_term_string\"}}],\"inLanguage\":\"tr\"}]}<\/script>\n<!-- \/ Yoast SEO plugin. -->","yoast_head_json":{"title":"DAHUA IPC-EBW8630 - Mega G\u00fcvenlik Sistemleri","description":"IPC-EBW8630, Dahua\u2019n\u0131n panoramik g\u00f6zetim ihtiya\u00e7lar\u0131 i\u00e7in geli\u015ftirdi\u011fi fisheye (bal\u0131k g\u00f6z\u00fc) IP kameralardan biridir. Geni\u015f a\u00e7\u0131l\u0131 g\u00f6r\u00fc\u015f\u00fc, ak\u0131ll\u0131 \u00f6zellikleri ve sa\u011flam yap\u0131s\u0131yla hem i\u00e7 mek\u00e2nlarda hem de d\u0131\u015f mek\u00e2nlarda g\u00fcvenli\u011fi art\u0131rmak isteyen kullan\u0131c\u0131lar i\u00e7in ideal bir se\u00e7enektir.","robots":{"index":"index","follow":"follow","max-snippet":"max-snippet:-1","max-image-preview":"max-image-preview:large","max-video-preview":"max-video-preview:-1"},"canonical":"https:\/\/www.megaguvenlik.com\/?product=dahua-ipc-ebw8630","og_locale":"tr_TR","og_type":"article","og_title":"DAHUA IPC-EBW8630 - Mega G\u00fcvenlik Sistemleri","og_description":"IPC-EBW8630, Dahua\u2019n\u0131n panoramik g\u00f6zetim ihtiya\u00e7lar\u0131 i\u00e7in geli\u015ftirdi\u011fi fisheye (bal\u0131k g\u00f6z\u00fc) IP kameralardan biridir. Geni\u015f a\u00e7\u0131l\u0131 g\u00f6r\u00fc\u015f\u00fc, ak\u0131ll\u0131 \u00f6zellikleri ve sa\u011flam yap\u0131s\u0131yla hem i\u00e7 mek\u00e2nlarda hem de d\u0131\u015f mek\u00e2nlarda g\u00fcvenli\u011fi art\u0131rmak isteyen kullan\u0131c\u0131lar i\u00e7in ideal bir se\u00e7enektir.","og_url":"https:\/\/www.megaguvenlik.com\/?product=dahua-ipc-ebw8630","og_site_name":"Mega G\u00fcvenlik Sistemleri","article_modified_time":"2025-10-30T07:51:36+00:00","og_image":[{"width":225,"height":225,"url":"https:\/\/www.megaguvenlik.com\/wp-content\/uploads\/2025\/10\/IPC-EBW8630-1.jpeg","type":"image\/jpeg"}],"twitter_card":"summary_large_image","twitter_misc":{"Tahmini okuma s\u00fcresi":"1 dakika"},"schema":{"@context":"https:\/\/schema.org","@graph":[{"@type":"WebPage","@id":"https:\/\/www.megaguvenlik.com\/?product=dahua-ipc-ebw8630","url":"https:\/\/www.megaguvenlik.com\/?product=dahua-ipc-ebw8630","name":"DAHUA IPC-EBW8630 - Mega G\u00fcvenlik Sistemleri","isPartOf":{"@id":"https:\/\/www.megaguvenlik.com\/#website"},"primaryImageOfPage":{"@id":"https:\/\/www.megaguvenlik.com\/?product=dahua-ipc-ebw8630#primaryimage"},"image":{"@id":"https:\/\/www.megaguvenlik.com\/?product=dahua-ipc-ebw8630#primaryimage"},"thumbnailUrl":"https:\/\/www.megaguvenlik.com\/wp-content\/uploads\/2025\/10\/IPC-EBW8630-1.jpeg","datePublished":"2025-10-14T06:34:12+00:00","dateModified":"2025-10-30T07:51:36+00:00","description":"IPC-EBW8630, Dahua\u2019n\u0131n panoramik g\u00f6zetim ihtiya\u00e7lar\u0131 i\u00e7in geli\u015ftirdi\u011fi fisheye (bal\u0131k g\u00f6z\u00fc) IP kameralardan biridir. Geni\u015f a\u00e7\u0131l\u0131 g\u00f6r\u00fc\u015f\u00fc, ak\u0131ll\u0131 \u00f6zellikleri ve sa\u011flam yap\u0131s\u0131yla hem i\u00e7 mek\u00e2nlarda hem de d\u0131\u015f mek\u00e2nlarda g\u00fcvenli\u011fi art\u0131rmak isteyen kullan\u0131c\u0131lar i\u00e7in ideal bir se\u00e7enektir.","breadcrumb":{"@id":"https:\/\/www.megaguvenlik.com\/?product=dahua-ipc-ebw8630#breadcrumb"},"inLanguage":"tr","potentialAction":[{"@type":"ReadAction","target":["https:\/\/www.megaguvenlik.com\/?product=dahua-ipc-ebw8630"]}]},{"@type":"ImageObject","inLanguage":"tr","@id":"https:\/\/www.megaguvenlik.com\/?product=dahua-ipc-ebw8630#primaryimage","url":"https:\/\/www.megaguvenlik.com\/wp-content\/uploads\/2025\/10\/IPC-EBW8630-1.jpeg","contentUrl":"https:\/\/www.megaguvenlik.com\/wp-content\/uploads\/2025\/10\/IPC-EBW8630-1.jpeg","width":225,"height":225},{"@type":"BreadcrumbList","@id":"https:\/\/www.megaguvenlik.com\/?product=dahua-ipc-ebw8630#breadcrumb","itemListElement":[{"@type":"ListItem","position":1,"name":"Anasayfa","item":"https:\/\/www.megaguvenlik.com\/"},{"@type":"ListItem","position":2,"name":"Ma\u011faza","item":"https:\/\/www.megaguvenlik.com\/?page_id=323"},{"@type":"ListItem","position":3,"name":"DAHUA IPC-EBW8630"}]},{"@type":"WebSite","@id":"https:\/\/www.megaguvenlik.com\/#website","url":"https:\/\/www.megaguvenlik.com\/","name":"Mega G\u00fcvenlik Sistemleri","description":"Kamera | Yang\u0131n Alarm | Network | Acil Anons","potentialAction":[{"@type":"SearchAction","target":{"@type":"EntryPoint","urlTemplate":"https:\/\/www.megaguvenlik.com\/?s={search_term_string}"},"query-input":{"@type":"PropertyValueSpecification","valueRequired":true,"valueName":"search_term_string"}}],"inLanguage":"tr"}]}},"_links":{"self":[{"href":"https:\/\/www.megaguvenlik.com\/index.php?rest_route=\/wp\/v2\/product\/4599","targetHints":{"allow":["GET"]}}],"collection":[{"href":"https:\/\/www.megaguvenlik.com\/index.php?rest_route=\/wp\/v2\/product"}],"about":[{"href":"https:\/\/www.megaguvenlik.com\/index.php?rest_route=\/wp\/v2\/types\/product"}],"replies":[{"embeddable":true,"href":"https:\/\/www.megaguvenlik.com\/index.php?rest_route=%2Fwp%2Fv2%2Fcomments&post=4599"}],"wp:featuredmedia":[{"embeddable":true,"href":"https:\/\/www.megaguvenlik.com\/index.php?rest_route=\/wp\/v2\/media\/4915"}],"wp:attachment":[{"href":"https:\/\/www.megaguvenlik.com\/index.php?rest_route=%2Fwp%2Fv2%2Fmedia&parent=4599"}],"wp:term":[{"taxonomy":"product_brand","embeddable":true,"href":"https:\/\/www.megaguvenlik.com\/index.php?rest_route=%2Fwp%2Fv2%2Fproduct_brand&post=4599"},{"taxonomy":"product_cat","embeddable":true,"href":"https:\/\/www.megaguvenlik.com\/index.php?rest_route=%2Fwp%2Fv2%2Fproduct_cat&post=4599"},{"taxonomy":"product_tag","embeddable":true,"href":"https:\/\/www.megaguvenlik.com\/index.php?rest_route=%2Fwp%2Fv2%2Fproduct_tag&post=4599"}],"curies":[{"name":"wp","href":"https:\/\/api.w.org\/{rel}","templated":true}]}}