{"id":4612,"date":"2025-10-14T09:53:21","date_gmt":"2025-10-14T06:53:21","guid":{"rendered":"https:\/\/www.megaguvenlik.com\/?post_type=product&#038;p=4612"},"modified":"2025-10-14T09:53:23","modified_gmt":"2025-10-14T06:53:23","slug":"dahua-ipc-eb5541-as","status":"publish","type":"product","link":"https:\/\/www.megaguvenlik.com\/?product=dahua-ipc-eb5541-as","title":{"rendered":"DAHUA IPC-EB5541-AS"},"content":{"rendered":"<p>5 MP H.265+ Panaromik Fisheye Kamera(IR Bulunmamaktad\u0131r)1 \/ 2.7 &#8221; CMOS, 1.4mm Sabit Lens, 0.006 L\u00fcx RenkliBLC\/HLC\/WDR(120dB), 3DNR, AWB, AGC, Elektronik ICR, SD-Kart Deste\u011fiTripwire(Sanal S\u0131n\u0131r), Intrusion(Alan \u0130hlali), Is\u0131 Haritas\u0131IP67, IK10, PoE, 25fps@5MP, Dahili Mikrofon, Metal Kasa<\/p>\n","protected":false},"excerpt":{"rendered":"<p>5 MP H.265+ Panaromik Fisheye Kamera(IR Bulunmamaktad\u0131r)1 \/ 2.7 &#8221; CMOS, 1.4mm Sabit Lens, 0.006 L\u00fcx RenkliBLC\/HLC\/WDR(120dB), 3DNR, AWB, AGC, Elektronik ICR, SD-Kart Deste\u011fiTripwire(Sanal S\u0131n\u0131r), Intrusion(Alan \u0130hlali), Is\u0131 Haritas\u0131IP67, IK10, PoE, 25fps@5MP, Dahili Mikrofon, Metal Kasa<\/p>\n","protected":false},"featured_media":4613,"comment_status":"open","ping_status":"closed","template":"","meta":[],"product_brand":[],"product_cat":[338,236,199],"product_tag":[340,339,341],"class_list":{"0":"post-4612","1":"product","2":"type-product","3":"status-publish","4":"has-post-thumbnail","6":"product_cat-dahua","7":"product_cat-ip-kamera","8":"product_cat-kamera-sistemleri","9":"product_tag-alhua","10":"product_tag-dahua","11":"product_tag-ip-camera","13":"first","14":"instock","15":"taxable","16":"shipping-taxable","17":"product-type-simple"},"yoast_head":"<!-- This site is optimized with the Yoast SEO plugin v26.0 - https:\/\/yoast.com\/wordpress\/plugins\/seo\/ -->\n<title>DAHUA IPC-EB5541-AS - Mega G\u00fcvenlik Sistemleri<\/title>\n<meta name=\"description\" content=\"IPC-EB5541-AS, Dahua\u2019n\u0131n WizMind serisi i\u00e7inde yer alan 5 MP fisheye (bal\u0131k g\u00f6z\u00fc) IP kamera modelidir. Geni\u015f a\u00e7\u0131l\u0131 g\u00f6r\u00fcnt\u00fcleme kabiliyeti sayesinde tek bir kamerayla b\u00fcy\u00fck alanlar\u0131n izlenmesine imk\u00e2n sunar. Perakendeciler, ma\u011fazalar, ofis lobileri, banka \u015fubeleri ve benzeri alanlar i\u00e7in ideal bir \u00e7\u00f6z\u00fcm olarak \u00f6ne \u00e7\u0131kar.\" \/>\n<meta name=\"robots\" content=\"index, follow, max-snippet:-1, max-image-preview:large, max-video-preview:-1\" \/>\n<link rel=\"canonical\" href=\"https:\/\/www.megaguvenlik.com\/?product=dahua-ipc-eb5541-as\" \/>\n<meta property=\"og:locale\" content=\"tr_TR\" \/>\n<meta property=\"og:type\" content=\"article\" \/>\n<meta property=\"og:title\" content=\"DAHUA IPC-EB5541-AS - Mega G\u00fcvenlik Sistemleri\" \/>\n<meta property=\"og:description\" content=\"IPC-EB5541-AS, Dahua\u2019n\u0131n WizMind serisi i\u00e7inde yer alan 5 MP fisheye (bal\u0131k g\u00f6z\u00fc) IP kamera modelidir. Geni\u015f a\u00e7\u0131l\u0131 g\u00f6r\u00fcnt\u00fcleme kabiliyeti sayesinde tek bir kamerayla b\u00fcy\u00fck alanlar\u0131n izlenmesine imk\u00e2n sunar. Perakendeciler, ma\u011fazalar, ofis lobileri, banka \u015fubeleri ve benzeri alanlar i\u00e7in ideal bir \u00e7\u00f6z\u00fcm olarak \u00f6ne \u00e7\u0131kar.\" \/>\n<meta property=\"og:url\" content=\"https:\/\/www.megaguvenlik.com\/?product=dahua-ipc-eb5541-as\" \/>\n<meta property=\"og:site_name\" content=\"Mega G\u00fcvenlik Sistemleri\" \/>\n<meta property=\"article:modified_time\" content=\"2025-10-14T06:53:23+00:00\" \/>\n<meta property=\"og:image\" content=\"https:\/\/www.megaguvenlik.com\/wp-content\/uploads\/2025\/10\/IPC-EB5541-AS.jpeg\" \/>\n\t<meta property=\"og:image:width\" content=\"224\" \/>\n\t<meta property=\"og:image:height\" content=\"224\" \/>\n\t<meta property=\"og:image:type\" content=\"image\/jpeg\" \/>\n<meta name=\"twitter:card\" content=\"summary_large_image\" \/>\n<meta name=\"twitter:label1\" content=\"Tahmini okuma s\u00fcresi\" \/>\n\t<meta name=\"twitter:data1\" content=\"1 dakika\" \/>\n<script type=\"application\/ld+json\" class=\"yoast-schema-graph\">{\"@context\":\"https:\/\/schema.org\",\"@graph\":[{\"@type\":\"WebPage\",\"@id\":\"https:\/\/www.megaguvenlik.com\/?product=dahua-ipc-eb5541-as\",\"url\":\"https:\/\/www.megaguvenlik.com\/?product=dahua-ipc-eb5541-as\",\"name\":\"DAHUA IPC-EB5541-AS - Mega G\u00fcvenlik Sistemleri\",\"isPartOf\":{\"@id\":\"https:\/\/www.megaguvenlik.com\/#website\"},\"primaryImageOfPage\":{\"@id\":\"https:\/\/www.megaguvenlik.com\/?product=dahua-ipc-eb5541-as#primaryimage\"},\"image\":{\"@id\":\"https:\/\/www.megaguvenlik.com\/?product=dahua-ipc-eb5541-as#primaryimage\"},\"thumbnailUrl\":\"https:\/\/www.megaguvenlik.com\/wp-content\/uploads\/2025\/10\/IPC-EB5541-AS.jpeg\",\"datePublished\":\"2025-10-14T06:53:21+00:00\",\"dateModified\":\"2025-10-14T06:53:23+00:00\",\"description\":\"IPC-EB5541-AS, Dahua\u2019n\u0131n WizMind serisi i\u00e7inde yer alan 5 MP fisheye (bal\u0131k g\u00f6z\u00fc) IP kamera modelidir. Geni\u015f a\u00e7\u0131l\u0131 g\u00f6r\u00fcnt\u00fcleme kabiliyeti sayesinde tek bir kamerayla b\u00fcy\u00fck alanlar\u0131n izlenmesine imk\u00e2n sunar. Perakendeciler, ma\u011fazalar, ofis lobileri, banka \u015fubeleri ve benzeri alanlar i\u00e7in ideal bir \u00e7\u00f6z\u00fcm olarak \u00f6ne \u00e7\u0131kar.\",\"breadcrumb\":{\"@id\":\"https:\/\/www.megaguvenlik.com\/?product=dahua-ipc-eb5541-as#breadcrumb\"},\"inLanguage\":\"tr\",\"potentialAction\":[{\"@type\":\"ReadAction\",\"target\":[\"https:\/\/www.megaguvenlik.com\/?product=dahua-ipc-eb5541-as\"]}]},{\"@type\":\"ImageObject\",\"inLanguage\":\"tr\",\"@id\":\"https:\/\/www.megaguvenlik.com\/?product=dahua-ipc-eb5541-as#primaryimage\",\"url\":\"https:\/\/www.megaguvenlik.com\/wp-content\/uploads\/2025\/10\/IPC-EB5541-AS.jpeg\",\"contentUrl\":\"https:\/\/www.megaguvenlik.com\/wp-content\/uploads\/2025\/10\/IPC-EB5541-AS.jpeg\",\"width\":224,\"height\":224},{\"@type\":\"BreadcrumbList\",\"@id\":\"https:\/\/www.megaguvenlik.com\/?product=dahua-ipc-eb5541-as#breadcrumb\",\"itemListElement\":[{\"@type\":\"ListItem\",\"position\":1,\"name\":\"Anasayfa\",\"item\":\"https:\/\/www.megaguvenlik.com\/\"},{\"@type\":\"ListItem\",\"position\":2,\"name\":\"Ma\u011faza\",\"item\":\"https:\/\/www.megaguvenlik.com\/?page_id=323\"},{\"@type\":\"ListItem\",\"position\":3,\"name\":\"DAHUA IPC-EB5541-AS\"}]},{\"@type\":\"WebSite\",\"@id\":\"https:\/\/www.megaguvenlik.com\/#website\",\"url\":\"https:\/\/www.megaguvenlik.com\/\",\"name\":\"Mega G\u00fcvenlik Sistemleri\",\"description\":\"Kamera | Yang\u0131n Alarm | Network | Acil Anons\",\"potentialAction\":[{\"@type\":\"SearchAction\",\"target\":{\"@type\":\"EntryPoint\",\"urlTemplate\":\"https:\/\/www.megaguvenlik.com\/?s={search_term_string}\"},\"query-input\":{\"@type\":\"PropertyValueSpecification\",\"valueRequired\":true,\"valueName\":\"search_term_string\"}}],\"inLanguage\":\"tr\"}]}<\/script>\n<!-- \/ Yoast SEO plugin. -->","yoast_head_json":{"title":"DAHUA IPC-EB5541-AS - Mega G\u00fcvenlik Sistemleri","description":"IPC-EB5541-AS, Dahua\u2019n\u0131n WizMind serisi i\u00e7inde yer alan 5 MP fisheye (bal\u0131k g\u00f6z\u00fc) IP kamera modelidir. Geni\u015f a\u00e7\u0131l\u0131 g\u00f6r\u00fcnt\u00fcleme kabiliyeti sayesinde tek bir kamerayla b\u00fcy\u00fck alanlar\u0131n izlenmesine imk\u00e2n sunar. Perakendeciler, ma\u011fazalar, ofis lobileri, banka \u015fubeleri ve benzeri alanlar i\u00e7in ideal bir \u00e7\u00f6z\u00fcm olarak \u00f6ne \u00e7\u0131kar.","robots":{"index":"index","follow":"follow","max-snippet":"max-snippet:-1","max-image-preview":"max-image-preview:large","max-video-preview":"max-video-preview:-1"},"canonical":"https:\/\/www.megaguvenlik.com\/?product=dahua-ipc-eb5541-as","og_locale":"tr_TR","og_type":"article","og_title":"DAHUA IPC-EB5541-AS - Mega G\u00fcvenlik Sistemleri","og_description":"IPC-EB5541-AS, Dahua\u2019n\u0131n WizMind serisi i\u00e7inde yer alan 5 MP fisheye (bal\u0131k g\u00f6z\u00fc) IP kamera modelidir. Geni\u015f a\u00e7\u0131l\u0131 g\u00f6r\u00fcnt\u00fcleme kabiliyeti sayesinde tek bir kamerayla b\u00fcy\u00fck alanlar\u0131n izlenmesine imk\u00e2n sunar. Perakendeciler, ma\u011fazalar, ofis lobileri, banka \u015fubeleri ve benzeri alanlar i\u00e7in ideal bir \u00e7\u00f6z\u00fcm olarak \u00f6ne \u00e7\u0131kar.","og_url":"https:\/\/www.megaguvenlik.com\/?product=dahua-ipc-eb5541-as","og_site_name":"Mega G\u00fcvenlik Sistemleri","article_modified_time":"2025-10-14T06:53:23+00:00","og_image":[{"width":224,"height":224,"url":"https:\/\/www.megaguvenlik.com\/wp-content\/uploads\/2025\/10\/IPC-EB5541-AS.jpeg","type":"image\/jpeg"}],"twitter_card":"summary_large_image","twitter_misc":{"Tahmini okuma s\u00fcresi":"1 dakika"},"schema":{"@context":"https:\/\/schema.org","@graph":[{"@type":"WebPage","@id":"https:\/\/www.megaguvenlik.com\/?product=dahua-ipc-eb5541-as","url":"https:\/\/www.megaguvenlik.com\/?product=dahua-ipc-eb5541-as","name":"DAHUA IPC-EB5541-AS - Mega G\u00fcvenlik Sistemleri","isPartOf":{"@id":"https:\/\/www.megaguvenlik.com\/#website"},"primaryImageOfPage":{"@id":"https:\/\/www.megaguvenlik.com\/?product=dahua-ipc-eb5541-as#primaryimage"},"image":{"@id":"https:\/\/www.megaguvenlik.com\/?product=dahua-ipc-eb5541-as#primaryimage"},"thumbnailUrl":"https:\/\/www.megaguvenlik.com\/wp-content\/uploads\/2025\/10\/IPC-EB5541-AS.jpeg","datePublished":"2025-10-14T06:53:21+00:00","dateModified":"2025-10-14T06:53:23+00:00","description":"IPC-EB5541-AS, Dahua\u2019n\u0131n WizMind serisi i\u00e7inde yer alan 5 MP fisheye (bal\u0131k g\u00f6z\u00fc) IP kamera modelidir. Geni\u015f a\u00e7\u0131l\u0131 g\u00f6r\u00fcnt\u00fcleme kabiliyeti sayesinde tek bir kamerayla b\u00fcy\u00fck alanlar\u0131n izlenmesine imk\u00e2n sunar. Perakendeciler, ma\u011fazalar, ofis lobileri, banka \u015fubeleri ve benzeri alanlar i\u00e7in ideal bir \u00e7\u00f6z\u00fcm olarak \u00f6ne \u00e7\u0131kar.","breadcrumb":{"@id":"https:\/\/www.megaguvenlik.com\/?product=dahua-ipc-eb5541-as#breadcrumb"},"inLanguage":"tr","potentialAction":[{"@type":"ReadAction","target":["https:\/\/www.megaguvenlik.com\/?product=dahua-ipc-eb5541-as"]}]},{"@type":"ImageObject","inLanguage":"tr","@id":"https:\/\/www.megaguvenlik.com\/?product=dahua-ipc-eb5541-as#primaryimage","url":"https:\/\/www.megaguvenlik.com\/wp-content\/uploads\/2025\/10\/IPC-EB5541-AS.jpeg","contentUrl":"https:\/\/www.megaguvenlik.com\/wp-content\/uploads\/2025\/10\/IPC-EB5541-AS.jpeg","width":224,"height":224},{"@type":"BreadcrumbList","@id":"https:\/\/www.megaguvenlik.com\/?product=dahua-ipc-eb5541-as#breadcrumb","itemListElement":[{"@type":"ListItem","position":1,"name":"Anasayfa","item":"https:\/\/www.megaguvenlik.com\/"},{"@type":"ListItem","position":2,"name":"Ma\u011faza","item":"https:\/\/www.megaguvenlik.com\/?page_id=323"},{"@type":"ListItem","position":3,"name":"DAHUA IPC-EB5541-AS"}]},{"@type":"WebSite","@id":"https:\/\/www.megaguvenlik.com\/#website","url":"https:\/\/www.megaguvenlik.com\/","name":"Mega G\u00fcvenlik Sistemleri","description":"Kamera | Yang\u0131n Alarm | Network | Acil Anons","potentialAction":[{"@type":"SearchAction","target":{"@type":"EntryPoint","urlTemplate":"https:\/\/www.megaguvenlik.com\/?s={search_term_string}"},"query-input":{"@type":"PropertyValueSpecification","valueRequired":true,"valueName":"search_term_string"}}],"inLanguage":"tr"}]}},"_links":{"self":[{"href":"https:\/\/www.megaguvenlik.com\/index.php?rest_route=\/wp\/v2\/product\/4612","targetHints":{"allow":["GET"]}}],"collection":[{"href":"https:\/\/www.megaguvenlik.com\/index.php?rest_route=\/wp\/v2\/product"}],"about":[{"href":"https:\/\/www.megaguvenlik.com\/index.php?rest_route=\/wp\/v2\/types\/product"}],"replies":[{"embeddable":true,"href":"https:\/\/www.megaguvenlik.com\/index.php?rest_route=%2Fwp%2Fv2%2Fcomments&post=4612"}],"wp:featuredmedia":[{"embeddable":true,"href":"https:\/\/www.megaguvenlik.com\/index.php?rest_route=\/wp\/v2\/media\/4613"}],"wp:attachment":[{"href":"https:\/\/www.megaguvenlik.com\/index.php?rest_route=%2Fwp%2Fv2%2Fmedia&parent=4612"}],"wp:term":[{"taxonomy":"product_brand","embeddable":true,"href":"https:\/\/www.megaguvenlik.com\/index.php?rest_route=%2Fwp%2Fv2%2Fproduct_brand&post=4612"},{"taxonomy":"product_cat","embeddable":true,"href":"https:\/\/www.megaguvenlik.com\/index.php?rest_route=%2Fwp%2Fv2%2Fproduct_cat&post=4612"},{"taxonomy":"product_tag","embeddable":true,"href":"https:\/\/www.megaguvenlik.com\/index.php?rest_route=%2Fwp%2Fv2%2Fproduct_tag&post=4612"}],"curies":[{"name":"wp","href":"https:\/\/api.w.org\/{rel}","templated":true}]}}