{"id":4614,"date":"2025-10-14T09:55:08","date_gmt":"2025-10-14T06:55:08","guid":{"rendered":"https:\/\/www.megaguvenlik.com\/?post_type=product&#038;p=4614"},"modified":"2025-10-14T09:55:08","modified_gmt":"2025-10-14T06:55:08","slug":"dahua-ipc-ebw5641-as","status":"publish","type":"product","link":"https:\/\/www.megaguvenlik.com\/?product=dahua-ipc-ebw5641-as","title":{"rendered":"DAHUA IPC-EBW5641-AS"},"content":{"rendered":"<p>6 MP IR H.265+ Panaromik Fisheye WizMind Kamera 1 \/ 2.5 &#8221; CMOS sens\u00f6r. 1.68mm Sabit Lens, 0.006 L\u00fcx Renkli, Maks. 6MP (2560 \u00d7 2560) @25\/30 fps video \u00e7\u0131k\u0131\u015f\u0131. 360\u00b0 bal\u0131kg\u00f6z\u00fc izleme, k\u00f6r noktas\u0131z tam alan kapsama. \u00d6n ve arka dewarp deste\u011fi. Dahili IR LED, 15 metreye kadar gece g\u00f6r\u00fc\u015f. ROI, AI H.264\/H.265, esnek kodlama. WDR, 3D NR, HLC, BLC, dijital filigran deste\u011fi.Derin \u00f6\u011frenme ile \u00e7evre koruma, ki\u015fi sayma, \u0131s\u0131 haritas\u0131.1 alarm giri\u015fi\/\u00e7\u0131k\u0131\u015f\u0131, 1 ses giri\u015fi\/\u00e7\u0131k\u0131\u015f\u0131. 1TB Micro SD kart deste\u011fi. 12VDC veya PoE (802.3af). IP67 ve IK10. Dahili hoparl\u00f6r ve \u00e7ift mikrofon, \u00e7ift y\u00f6nl\u00fc konu\u015fma. Metal + Plastik Kasa<\/p>\n","protected":false},"excerpt":{"rendered":"<p>6 MP IR H.265+ Panaromik Fisheye WizMind Kamera 1 \/ 2.5 &#8221; CMOS sens\u00f6r. 1.68mm Sabit Lens, 0.006 L\u00fcx Renkli, Maks. 6MP (2560 \u00d7 2560) @25\/30 fps video \u00e7\u0131k\u0131\u015f\u0131. 360\u00b0 bal\u0131kg\u00f6z\u00fc izleme, k\u00f6r noktas\u0131z tam alan kapsama. \u00d6n ve arka dewarp deste\u011fi. Dahili IR LED, 15 metreye kadar gece g\u00f6r\u00fc\u015f. ROI, AI H.264\/H.265, esnek kodlama. WDR, 3D NR, HLC, BLC, dijital filigran deste\u011fi.Derin \u00f6\u011frenme ile \u00e7evre koruma, ki\u015fi sayma, \u0131s\u0131 haritas\u0131.1 alarm giri\u015fi\/\u00e7\u0131k\u0131\u015f\u0131, 1 ses giri\u015fi\/\u00e7\u0131k\u0131\u015f\u0131. 1TB Micro SD kart deste\u011fi. 12VDC veya PoE (802.3af). IP67 ve IK10. Dahili hoparl\u00f6r ve \u00e7ift mikrofon, \u00e7ift y\u00f6nl\u00fc konu\u015fma. Metal + Plastik Kasa<\/p>\n","protected":false},"featured_media":4615,"comment_status":"open","ping_status":"closed","template":"","meta":[],"product_brand":[],"product_cat":[338,236,199],"product_tag":[340,339,341],"class_list":{"0":"post-4614","1":"product","2":"type-product","3":"status-publish","4":"has-post-thumbnail","6":"product_cat-dahua","7":"product_cat-ip-kamera","8":"product_cat-kamera-sistemleri","9":"product_tag-alhua","10":"product_tag-dahua","11":"product_tag-ip-camera","13":"first","14":"instock","15":"taxable","16":"shipping-taxable","17":"product-type-simple"},"yoast_head":"<!-- This site is optimized with the Yoast SEO plugin v26.0 - https:\/\/yoast.com\/wordpress\/plugins\/seo\/ -->\n<title>DAHUA IPC-EBW5641-AS - Mega G\u00fcvenlik Sistemleri<\/title>\n<meta name=\"description\" content=\"IPC-EBW5641-AS, Dahua\u2019n\u0131n WizMind panoramik \/ fisheye serisinde yer alan y\u00fcksek performansl\u0131 6 MP \u00e7\u00f6z\u00fcn\u00fcrl\u00fckl\u00fc IR fisheye IP kameras\u0131d\u0131r. 360\u00b0 g\u00f6r\u00fc\u015f a\u00e7\u0131s\u0131, ak\u0131ll\u0131 analiz \u00f6zellikleri ve robust yap\u0131s\u0131yla i\u00e7 ve d\u0131\u015f mek\u00e2nlarda geni\u015f alan g\u00f6zetimi i\u00e7in ideal bir \u00e7\u00f6z\u00fcmd\u00fcr.\" \/>\n<meta name=\"robots\" content=\"index, follow, max-snippet:-1, max-image-preview:large, max-video-preview:-1\" \/>\n<link rel=\"canonical\" href=\"https:\/\/www.megaguvenlik.com\/?product=dahua-ipc-ebw5641-as\" \/>\n<meta property=\"og:locale\" content=\"tr_TR\" \/>\n<meta property=\"og:type\" content=\"article\" \/>\n<meta property=\"og:title\" content=\"DAHUA IPC-EBW5641-AS - Mega G\u00fcvenlik Sistemleri\" \/>\n<meta property=\"og:description\" content=\"IPC-EBW5641-AS, Dahua\u2019n\u0131n WizMind panoramik \/ fisheye serisinde yer alan y\u00fcksek performansl\u0131 6 MP \u00e7\u00f6z\u00fcn\u00fcrl\u00fckl\u00fc IR fisheye IP kameras\u0131d\u0131r. 360\u00b0 g\u00f6r\u00fc\u015f a\u00e7\u0131s\u0131, ak\u0131ll\u0131 analiz \u00f6zellikleri ve robust yap\u0131s\u0131yla i\u00e7 ve d\u0131\u015f mek\u00e2nlarda geni\u015f alan g\u00f6zetimi i\u00e7in ideal bir \u00e7\u00f6z\u00fcmd\u00fcr.\" \/>\n<meta property=\"og:url\" content=\"https:\/\/www.megaguvenlik.com\/?product=dahua-ipc-ebw5641-as\" \/>\n<meta property=\"og:site_name\" content=\"Mega G\u00fcvenlik Sistemleri\" \/>\n<meta property=\"og:image\" content=\"https:\/\/www.megaguvenlik.com\/wp-content\/uploads\/2025\/10\/IPC-EBW5641-AS.jpeg\" \/>\n\t<meta property=\"og:image:width\" content=\"225\" \/>\n\t<meta property=\"og:image:height\" content=\"225\" \/>\n\t<meta property=\"og:image:type\" content=\"image\/jpeg\" \/>\n<meta name=\"twitter:card\" content=\"summary_large_image\" \/>\n<meta name=\"twitter:label1\" content=\"Tahmini okuma s\u00fcresi\" \/>\n\t<meta name=\"twitter:data1\" content=\"1 dakika\" \/>\n<script type=\"application\/ld+json\" class=\"yoast-schema-graph\">{\"@context\":\"https:\/\/schema.org\",\"@graph\":[{\"@type\":\"WebPage\",\"@id\":\"https:\/\/www.megaguvenlik.com\/?product=dahua-ipc-ebw5641-as\",\"url\":\"https:\/\/www.megaguvenlik.com\/?product=dahua-ipc-ebw5641-as\",\"name\":\"DAHUA IPC-EBW5641-AS - Mega G\u00fcvenlik Sistemleri\",\"isPartOf\":{\"@id\":\"https:\/\/www.megaguvenlik.com\/#website\"},\"primaryImageOfPage\":{\"@id\":\"https:\/\/www.megaguvenlik.com\/?product=dahua-ipc-ebw5641-as#primaryimage\"},\"image\":{\"@id\":\"https:\/\/www.megaguvenlik.com\/?product=dahua-ipc-ebw5641-as#primaryimage\"},\"thumbnailUrl\":\"https:\/\/www.megaguvenlik.com\/wp-content\/uploads\/2025\/10\/IPC-EBW5641-AS.jpeg\",\"datePublished\":\"2025-10-14T06:55:08+00:00\",\"description\":\"IPC-EBW5641-AS, Dahua\u2019n\u0131n WizMind panoramik \/ fisheye serisinde yer alan y\u00fcksek performansl\u0131 6 MP \u00e7\u00f6z\u00fcn\u00fcrl\u00fckl\u00fc IR fisheye IP kameras\u0131d\u0131r. 360\u00b0 g\u00f6r\u00fc\u015f a\u00e7\u0131s\u0131, ak\u0131ll\u0131 analiz \u00f6zellikleri ve robust yap\u0131s\u0131yla i\u00e7 ve d\u0131\u015f mek\u00e2nlarda geni\u015f alan g\u00f6zetimi i\u00e7in ideal bir \u00e7\u00f6z\u00fcmd\u00fcr.\",\"breadcrumb\":{\"@id\":\"https:\/\/www.megaguvenlik.com\/?product=dahua-ipc-ebw5641-as#breadcrumb\"},\"inLanguage\":\"tr\",\"potentialAction\":[{\"@type\":\"ReadAction\",\"target\":[\"https:\/\/www.megaguvenlik.com\/?product=dahua-ipc-ebw5641-as\"]}]},{\"@type\":\"ImageObject\",\"inLanguage\":\"tr\",\"@id\":\"https:\/\/www.megaguvenlik.com\/?product=dahua-ipc-ebw5641-as#primaryimage\",\"url\":\"https:\/\/www.megaguvenlik.com\/wp-content\/uploads\/2025\/10\/IPC-EBW5641-AS.jpeg\",\"contentUrl\":\"https:\/\/www.megaguvenlik.com\/wp-content\/uploads\/2025\/10\/IPC-EBW5641-AS.jpeg\",\"width\":225,\"height\":225},{\"@type\":\"BreadcrumbList\",\"@id\":\"https:\/\/www.megaguvenlik.com\/?product=dahua-ipc-ebw5641-as#breadcrumb\",\"itemListElement\":[{\"@type\":\"ListItem\",\"position\":1,\"name\":\"Anasayfa\",\"item\":\"https:\/\/www.megaguvenlik.com\/\"},{\"@type\":\"ListItem\",\"position\":2,\"name\":\"Ma\u011faza\",\"item\":\"https:\/\/www.megaguvenlik.com\/?page_id=323\"},{\"@type\":\"ListItem\",\"position\":3,\"name\":\"DAHUA IPC-EBW5641-AS\"}]},{\"@type\":\"WebSite\",\"@id\":\"https:\/\/www.megaguvenlik.com\/#website\",\"url\":\"https:\/\/www.megaguvenlik.com\/\",\"name\":\"Mega G\u00fcvenlik Sistemleri\",\"description\":\"Kamera | Yang\u0131n Alarm | Network | Acil Anons\",\"potentialAction\":[{\"@type\":\"SearchAction\",\"target\":{\"@type\":\"EntryPoint\",\"urlTemplate\":\"https:\/\/www.megaguvenlik.com\/?s={search_term_string}\"},\"query-input\":{\"@type\":\"PropertyValueSpecification\",\"valueRequired\":true,\"valueName\":\"search_term_string\"}}],\"inLanguage\":\"tr\"}]}<\/script>\n<!-- \/ Yoast SEO plugin. -->","yoast_head_json":{"title":"DAHUA IPC-EBW5641-AS - Mega G\u00fcvenlik Sistemleri","description":"IPC-EBW5641-AS, Dahua\u2019n\u0131n WizMind panoramik \/ fisheye serisinde yer alan y\u00fcksek performansl\u0131 6 MP \u00e7\u00f6z\u00fcn\u00fcrl\u00fckl\u00fc IR fisheye IP kameras\u0131d\u0131r. 360\u00b0 g\u00f6r\u00fc\u015f a\u00e7\u0131s\u0131, ak\u0131ll\u0131 analiz \u00f6zellikleri ve robust yap\u0131s\u0131yla i\u00e7 ve d\u0131\u015f mek\u00e2nlarda geni\u015f alan g\u00f6zetimi i\u00e7in ideal bir \u00e7\u00f6z\u00fcmd\u00fcr.","robots":{"index":"index","follow":"follow","max-snippet":"max-snippet:-1","max-image-preview":"max-image-preview:large","max-video-preview":"max-video-preview:-1"},"canonical":"https:\/\/www.megaguvenlik.com\/?product=dahua-ipc-ebw5641-as","og_locale":"tr_TR","og_type":"article","og_title":"DAHUA IPC-EBW5641-AS - Mega G\u00fcvenlik Sistemleri","og_description":"IPC-EBW5641-AS, Dahua\u2019n\u0131n WizMind panoramik \/ fisheye serisinde yer alan y\u00fcksek performansl\u0131 6 MP \u00e7\u00f6z\u00fcn\u00fcrl\u00fckl\u00fc IR fisheye IP kameras\u0131d\u0131r. 360\u00b0 g\u00f6r\u00fc\u015f a\u00e7\u0131s\u0131, ak\u0131ll\u0131 analiz \u00f6zellikleri ve robust yap\u0131s\u0131yla i\u00e7 ve d\u0131\u015f mek\u00e2nlarda geni\u015f alan g\u00f6zetimi i\u00e7in ideal bir \u00e7\u00f6z\u00fcmd\u00fcr.","og_url":"https:\/\/www.megaguvenlik.com\/?product=dahua-ipc-ebw5641-as","og_site_name":"Mega G\u00fcvenlik Sistemleri","og_image":[{"width":225,"height":225,"url":"https:\/\/www.megaguvenlik.com\/wp-content\/uploads\/2025\/10\/IPC-EBW5641-AS.jpeg","type":"image\/jpeg"}],"twitter_card":"summary_large_image","twitter_misc":{"Tahmini okuma s\u00fcresi":"1 dakika"},"schema":{"@context":"https:\/\/schema.org","@graph":[{"@type":"WebPage","@id":"https:\/\/www.megaguvenlik.com\/?product=dahua-ipc-ebw5641-as","url":"https:\/\/www.megaguvenlik.com\/?product=dahua-ipc-ebw5641-as","name":"DAHUA IPC-EBW5641-AS - Mega G\u00fcvenlik Sistemleri","isPartOf":{"@id":"https:\/\/www.megaguvenlik.com\/#website"},"primaryImageOfPage":{"@id":"https:\/\/www.megaguvenlik.com\/?product=dahua-ipc-ebw5641-as#primaryimage"},"image":{"@id":"https:\/\/www.megaguvenlik.com\/?product=dahua-ipc-ebw5641-as#primaryimage"},"thumbnailUrl":"https:\/\/www.megaguvenlik.com\/wp-content\/uploads\/2025\/10\/IPC-EBW5641-AS.jpeg","datePublished":"2025-10-14T06:55:08+00:00","description":"IPC-EBW5641-AS, Dahua\u2019n\u0131n WizMind panoramik \/ fisheye serisinde yer alan y\u00fcksek performansl\u0131 6 MP \u00e7\u00f6z\u00fcn\u00fcrl\u00fckl\u00fc IR fisheye IP kameras\u0131d\u0131r. 360\u00b0 g\u00f6r\u00fc\u015f a\u00e7\u0131s\u0131, ak\u0131ll\u0131 analiz \u00f6zellikleri ve robust yap\u0131s\u0131yla i\u00e7 ve d\u0131\u015f mek\u00e2nlarda geni\u015f alan g\u00f6zetimi i\u00e7in ideal bir \u00e7\u00f6z\u00fcmd\u00fcr.","breadcrumb":{"@id":"https:\/\/www.megaguvenlik.com\/?product=dahua-ipc-ebw5641-as#breadcrumb"},"inLanguage":"tr","potentialAction":[{"@type":"ReadAction","target":["https:\/\/www.megaguvenlik.com\/?product=dahua-ipc-ebw5641-as"]}]},{"@type":"ImageObject","inLanguage":"tr","@id":"https:\/\/www.megaguvenlik.com\/?product=dahua-ipc-ebw5641-as#primaryimage","url":"https:\/\/www.megaguvenlik.com\/wp-content\/uploads\/2025\/10\/IPC-EBW5641-AS.jpeg","contentUrl":"https:\/\/www.megaguvenlik.com\/wp-content\/uploads\/2025\/10\/IPC-EBW5641-AS.jpeg","width":225,"height":225},{"@type":"BreadcrumbList","@id":"https:\/\/www.megaguvenlik.com\/?product=dahua-ipc-ebw5641-as#breadcrumb","itemListElement":[{"@type":"ListItem","position":1,"name":"Anasayfa","item":"https:\/\/www.megaguvenlik.com\/"},{"@type":"ListItem","position":2,"name":"Ma\u011faza","item":"https:\/\/www.megaguvenlik.com\/?page_id=323"},{"@type":"ListItem","position":3,"name":"DAHUA IPC-EBW5641-AS"}]},{"@type":"WebSite","@id":"https:\/\/www.megaguvenlik.com\/#website","url":"https:\/\/www.megaguvenlik.com\/","name":"Mega G\u00fcvenlik Sistemleri","description":"Kamera | Yang\u0131n Alarm | Network | Acil Anons","potentialAction":[{"@type":"SearchAction","target":{"@type":"EntryPoint","urlTemplate":"https:\/\/www.megaguvenlik.com\/?s={search_term_string}"},"query-input":{"@type":"PropertyValueSpecification","valueRequired":true,"valueName":"search_term_string"}}],"inLanguage":"tr"}]}},"_links":{"self":[{"href":"https:\/\/www.megaguvenlik.com\/index.php?rest_route=\/wp\/v2\/product\/4614","targetHints":{"allow":["GET"]}}],"collection":[{"href":"https:\/\/www.megaguvenlik.com\/index.php?rest_route=\/wp\/v2\/product"}],"about":[{"href":"https:\/\/www.megaguvenlik.com\/index.php?rest_route=\/wp\/v2\/types\/product"}],"replies":[{"embeddable":true,"href":"https:\/\/www.megaguvenlik.com\/index.php?rest_route=%2Fwp%2Fv2%2Fcomments&post=4614"}],"wp:featuredmedia":[{"embeddable":true,"href":"https:\/\/www.megaguvenlik.com\/index.php?rest_route=\/wp\/v2\/media\/4615"}],"wp:attachment":[{"href":"https:\/\/www.megaguvenlik.com\/index.php?rest_route=%2Fwp%2Fv2%2Fmedia&parent=4614"}],"wp:term":[{"taxonomy":"product_brand","embeddable":true,"href":"https:\/\/www.megaguvenlik.com\/index.php?rest_route=%2Fwp%2Fv2%2Fproduct_brand&post=4614"},{"taxonomy":"product_cat","embeddable":true,"href":"https:\/\/www.megaguvenlik.com\/index.php?rest_route=%2Fwp%2Fv2%2Fproduct_cat&post=4614"},{"taxonomy":"product_tag","embeddable":true,"href":"https:\/\/www.megaguvenlik.com\/index.php?rest_route=%2Fwp%2Fv2%2Fproduct_tag&post=4614"}],"curies":[{"name":"wp","href":"https:\/\/api.w.org\/{rel}","templated":true}]}}