{"id":4618,"date":"2025-10-14T09:59:27","date_gmt":"2025-10-14T06:59:27","guid":{"rendered":"https:\/\/www.megaguvenlik.com\/?post_type=product&#038;p=4618"},"modified":"2025-10-14T09:59:27","modified_gmt":"2025-10-14T06:59:27","slug":"dahua-psdw81642m-a360-d440-dc36v-s3","status":"publish","type":"product","link":"https:\/\/www.megaguvenlik.com\/?product=dahua-psdw81642m-a360-d440-dc36v-s3","title":{"rendered":"DAHUA PSDW81642M-A360-D440\u00ad DC36V-S3"},"content":{"rendered":"<p>16 MP H.265+ Panaromik + 40x Speed Dome Kamera Panaromik: 8x 1\/1.8 &#8221; 2MP CMOS , 2.8mm Sabit Lens, 0.0005 L\u00fcx Renkli, 360 Derece Panoramik G\u00f6r\u00fcnt\u00fcPTZ: 1x 1\/1.8 &#8221; 4MP CMOS, 5.5mm\u2013220mm Lens, 0.001 L\u00fcx Renkli, 40x Optik Zoom, Defog, 400m IRBLC\/WDR(120dB), 3DNR, AWB, AGC, ICR,<br \/>\nSD-Kart Deste\u011fi ( 512GB)Tripwire(Sanal S\u0131n\u0131r), Intrusion(Alan \u0130hlali), Ak\u0131ll\u0131 Takip, Y\u00fcz Tan\u0131ma, Ara\u00e7 Yo\u011funlu\u011fu, Kalabal\u0131k Haritas\u0131, MetadataIP66, 36VDC, 25fps@16MP, Alarm Giri\u015f\/\u00c7\u0131k\u0131\u015f: 7\/3, Ses Giri\u015f\/\u00c7\u0131k\u0131\u015f: 2\/2, Metal+Plastik Kasa<\/p>\n","protected":false},"excerpt":{"rendered":"<p>16 MP H.265+ Panaromik + 40x Speed Dome Kamera Panaromik: 8x 1\/1.8 &#8221; 2MP CMOS , 2.8mm Sabit Lens, 0.0005 L\u00fcx Renkli, 360 Derece Panoramik G\u00f6r\u00fcnt\u00fcPTZ: 1x 1\/1.8 &#8221; 4MP CMOS, 5.5mm\u2013220mm Lens, 0.001 L\u00fcx Renkli, 40x Optik Zoom, Defog, 400m IRBLC\/WDR(120dB), 3DNR, AWB, AGC, ICR,<br \/>\nSD-Kart Deste\u011fi ( 512GB)Tripwire(Sanal S\u0131n\u0131r), Intrusion(Alan \u0130hlali), Ak\u0131ll\u0131 Takip, Y\u00fcz Tan\u0131ma, Ara\u00e7 Yo\u011funlu\u011fu, Kalabal\u0131k Haritas\u0131, MetadataIP66, 36VDC, 25fps@16MP, Alarm Giri\u015f\/\u00c7\u0131k\u0131\u015f: 7\/3, Ses Giri\u015f\/\u00c7\u0131k\u0131\u015f: 2\/2, Metal+Plastik Kasa<\/p>\n","protected":false},"featured_media":4619,"comment_status":"open","ping_status":"closed","template":"","meta":[],"product_brand":[],"product_cat":[338,236,199],"product_tag":[340,339,341],"class_list":{"0":"post-4618","1":"product","2":"type-product","3":"status-publish","4":"has-post-thumbnail","6":"product_cat-dahua","7":"product_cat-ip-kamera","8":"product_cat-kamera-sistemleri","9":"product_tag-alhua","10":"product_tag-dahua","11":"product_tag-ip-camera","13":"first","14":"instock","15":"taxable","16":"shipping-taxable","17":"product-type-simple"},"yoast_head":"<!-- This site is optimized with the Yoast SEO plugin v26.0 - https:\/\/yoast.com\/wordpress\/plugins\/seo\/ -->\n<title>DAHUA PSDW81642M-A360-D440\u00ad DC36V-S3 - Mega G\u00fcvenlik Sistemleri<\/title>\n<meta name=\"description\" content=\"Dahua PSDW81642M-A360-D440-S3, Dahua&#039;n\u0131n WizMind Hubble serisinin \u00f6ne \u00e7\u0131kan 16 MP \u00e7\u00f6z\u00fcn\u00fcrl\u00fckl\u00fc, 360\u00b0 panoramik g\u00f6r\u00fc\u015f a\u00e7\u0131s\u0131na sahip PTZ kameras\u0131d\u0131r. Bu model, geni\u015f alanlar\u0131n y\u00fcksek \u00e7\u00f6z\u00fcn\u00fcrl\u00fckle izlenmesini sa\u011flayarak, \u00f6zellikle \u015fehir g\u00fcvenli\u011fi, havaalanlar\u0131, otogarlar ve kritik altyap\u0131lar\u0131n korunmas\u0131 i\u00e7in idealdir.\" \/>\n<meta name=\"robots\" content=\"index, follow, max-snippet:-1, max-image-preview:large, max-video-preview:-1\" \/>\n<link rel=\"canonical\" href=\"https:\/\/www.megaguvenlik.com\/?product=dahua-psdw81642m-a360-d440-dc36v-s3\" \/>\n<meta property=\"og:locale\" content=\"tr_TR\" \/>\n<meta property=\"og:type\" content=\"article\" \/>\n<meta property=\"og:title\" content=\"DAHUA PSDW81642M-A360-D440\u00ad DC36V-S3 - Mega G\u00fcvenlik Sistemleri\" \/>\n<meta property=\"og:description\" content=\"Dahua PSDW81642M-A360-D440-S3, Dahua&#039;n\u0131n WizMind Hubble serisinin \u00f6ne \u00e7\u0131kan 16 MP \u00e7\u00f6z\u00fcn\u00fcrl\u00fckl\u00fc, 360\u00b0 panoramik g\u00f6r\u00fc\u015f a\u00e7\u0131s\u0131na sahip PTZ kameras\u0131d\u0131r. Bu model, geni\u015f alanlar\u0131n y\u00fcksek \u00e7\u00f6z\u00fcn\u00fcrl\u00fckle izlenmesini sa\u011flayarak, \u00f6zellikle \u015fehir g\u00fcvenli\u011fi, havaalanlar\u0131, otogarlar ve kritik altyap\u0131lar\u0131n korunmas\u0131 i\u00e7in idealdir.\" \/>\n<meta property=\"og:url\" content=\"https:\/\/www.megaguvenlik.com\/?product=dahua-psdw81642m-a360-d440-dc36v-s3\" \/>\n<meta property=\"og:site_name\" content=\"Mega G\u00fcvenlik Sistemleri\" \/>\n<meta property=\"og:image\" content=\"https:\/\/www.megaguvenlik.com\/wp-content\/uploads\/2025\/10\/PSDW81642M-A360-D440\u00ad-DC36V-S3.jpeg\" \/>\n\t<meta property=\"og:image:width\" content=\"225\" \/>\n\t<meta property=\"og:image:height\" content=\"225\" \/>\n\t<meta property=\"og:image:type\" content=\"image\/jpeg\" \/>\n<meta name=\"twitter:card\" content=\"summary_large_image\" \/>\n<meta name=\"twitter:label1\" content=\"Tahmini okuma s\u00fcresi\" \/>\n\t<meta name=\"twitter:data1\" content=\"1 dakika\" \/>\n<script type=\"application\/ld+json\" class=\"yoast-schema-graph\">{\"@context\":\"https:\/\/schema.org\",\"@graph\":[{\"@type\":\"WebPage\",\"@id\":\"https:\/\/www.megaguvenlik.com\/?product=dahua-psdw81642m-a360-d440-dc36v-s3\",\"url\":\"https:\/\/www.megaguvenlik.com\/?product=dahua-psdw81642m-a360-d440-dc36v-s3\",\"name\":\"DAHUA PSDW81642M-A360-D440\u00ad DC36V-S3 - Mega G\u00fcvenlik Sistemleri\",\"isPartOf\":{\"@id\":\"https:\/\/www.megaguvenlik.com\/#website\"},\"primaryImageOfPage\":{\"@id\":\"https:\/\/www.megaguvenlik.com\/?product=dahua-psdw81642m-a360-d440-dc36v-s3#primaryimage\"},\"image\":{\"@id\":\"https:\/\/www.megaguvenlik.com\/?product=dahua-psdw81642m-a360-d440-dc36v-s3#primaryimage\"},\"thumbnailUrl\":\"https:\/\/www.megaguvenlik.com\/wp-content\/uploads\/2025\/10\/PSDW81642M-A360-D440\u00ad-DC36V-S3.jpeg\",\"datePublished\":\"2025-10-14T06:59:27+00:00\",\"description\":\"Dahua PSDW81642M-A360-D440-S3, Dahua'n\u0131n WizMind Hubble serisinin \u00f6ne \u00e7\u0131kan 16 MP \u00e7\u00f6z\u00fcn\u00fcrl\u00fckl\u00fc, 360\u00b0 panoramik g\u00f6r\u00fc\u015f a\u00e7\u0131s\u0131na sahip PTZ kameras\u0131d\u0131r. Bu model, geni\u015f alanlar\u0131n y\u00fcksek \u00e7\u00f6z\u00fcn\u00fcrl\u00fckle izlenmesini sa\u011flayarak, \u00f6zellikle \u015fehir g\u00fcvenli\u011fi, havaalanlar\u0131, otogarlar ve kritik altyap\u0131lar\u0131n korunmas\u0131 i\u00e7in idealdir.\",\"breadcrumb\":{\"@id\":\"https:\/\/www.megaguvenlik.com\/?product=dahua-psdw81642m-a360-d440-dc36v-s3#breadcrumb\"},\"inLanguage\":\"tr\",\"potentialAction\":[{\"@type\":\"ReadAction\",\"target\":[\"https:\/\/www.megaguvenlik.com\/?product=dahua-psdw81642m-a360-d440-dc36v-s3\"]}]},{\"@type\":\"ImageObject\",\"inLanguage\":\"tr\",\"@id\":\"https:\/\/www.megaguvenlik.com\/?product=dahua-psdw81642m-a360-d440-dc36v-s3#primaryimage\",\"url\":\"https:\/\/www.megaguvenlik.com\/wp-content\/uploads\/2025\/10\/PSDW81642M-A360-D440\u00ad-DC36V-S3.jpeg\",\"contentUrl\":\"https:\/\/www.megaguvenlik.com\/wp-content\/uploads\/2025\/10\/PSDW81642M-A360-D440\u00ad-DC36V-S3.jpeg\",\"width\":225,\"height\":225},{\"@type\":\"BreadcrumbList\",\"@id\":\"https:\/\/www.megaguvenlik.com\/?product=dahua-psdw81642m-a360-d440-dc36v-s3#breadcrumb\",\"itemListElement\":[{\"@type\":\"ListItem\",\"position\":1,\"name\":\"Anasayfa\",\"item\":\"https:\/\/www.megaguvenlik.com\/\"},{\"@type\":\"ListItem\",\"position\":2,\"name\":\"Ma\u011faza\",\"item\":\"https:\/\/www.megaguvenlik.com\/?page_id=323\"},{\"@type\":\"ListItem\",\"position\":3,\"name\":\"DAHUA PSDW81642M-A360-D440\u00ad DC36V-S3\"}]},{\"@type\":\"WebSite\",\"@id\":\"https:\/\/www.megaguvenlik.com\/#website\",\"url\":\"https:\/\/www.megaguvenlik.com\/\",\"name\":\"Mega G\u00fcvenlik Sistemleri\",\"description\":\"Kamera | Yang\u0131n Alarm | Network | Acil Anons\",\"potentialAction\":[{\"@type\":\"SearchAction\",\"target\":{\"@type\":\"EntryPoint\",\"urlTemplate\":\"https:\/\/www.megaguvenlik.com\/?s={search_term_string}\"},\"query-input\":{\"@type\":\"PropertyValueSpecification\",\"valueRequired\":true,\"valueName\":\"search_term_string\"}}],\"inLanguage\":\"tr\"}]}<\/script>\n<!-- \/ Yoast SEO plugin. -->","yoast_head_json":{"title":"DAHUA PSDW81642M-A360-D440\u00ad DC36V-S3 - Mega G\u00fcvenlik Sistemleri","description":"Dahua PSDW81642M-A360-D440-S3, Dahua'n\u0131n WizMind Hubble serisinin \u00f6ne \u00e7\u0131kan 16 MP \u00e7\u00f6z\u00fcn\u00fcrl\u00fckl\u00fc, 360\u00b0 panoramik g\u00f6r\u00fc\u015f a\u00e7\u0131s\u0131na sahip PTZ kameras\u0131d\u0131r. Bu model, geni\u015f alanlar\u0131n y\u00fcksek \u00e7\u00f6z\u00fcn\u00fcrl\u00fckle izlenmesini sa\u011flayarak, \u00f6zellikle \u015fehir g\u00fcvenli\u011fi, havaalanlar\u0131, otogarlar ve kritik altyap\u0131lar\u0131n korunmas\u0131 i\u00e7in idealdir.","robots":{"index":"index","follow":"follow","max-snippet":"max-snippet:-1","max-image-preview":"max-image-preview:large","max-video-preview":"max-video-preview:-1"},"canonical":"https:\/\/www.megaguvenlik.com\/?product=dahua-psdw81642m-a360-d440-dc36v-s3","og_locale":"tr_TR","og_type":"article","og_title":"DAHUA PSDW81642M-A360-D440\u00ad DC36V-S3 - Mega G\u00fcvenlik Sistemleri","og_description":"Dahua PSDW81642M-A360-D440-S3, Dahua'n\u0131n WizMind Hubble serisinin \u00f6ne \u00e7\u0131kan 16 MP \u00e7\u00f6z\u00fcn\u00fcrl\u00fckl\u00fc, 360\u00b0 panoramik g\u00f6r\u00fc\u015f a\u00e7\u0131s\u0131na sahip PTZ kameras\u0131d\u0131r. Bu model, geni\u015f alanlar\u0131n y\u00fcksek \u00e7\u00f6z\u00fcn\u00fcrl\u00fckle izlenmesini sa\u011flayarak, \u00f6zellikle \u015fehir g\u00fcvenli\u011fi, havaalanlar\u0131, otogarlar ve kritik altyap\u0131lar\u0131n korunmas\u0131 i\u00e7in idealdir.","og_url":"https:\/\/www.megaguvenlik.com\/?product=dahua-psdw81642m-a360-d440-dc36v-s3","og_site_name":"Mega G\u00fcvenlik Sistemleri","og_image":[{"width":225,"height":225,"url":"https:\/\/www.megaguvenlik.com\/wp-content\/uploads\/2025\/10\/PSDW81642M-A360-D440\u00ad-DC36V-S3.jpeg","type":"image\/jpeg"}],"twitter_card":"summary_large_image","twitter_misc":{"Tahmini okuma s\u00fcresi":"1 dakika"},"schema":{"@context":"https:\/\/schema.org","@graph":[{"@type":"WebPage","@id":"https:\/\/www.megaguvenlik.com\/?product=dahua-psdw81642m-a360-d440-dc36v-s3","url":"https:\/\/www.megaguvenlik.com\/?product=dahua-psdw81642m-a360-d440-dc36v-s3","name":"DAHUA PSDW81642M-A360-D440\u00ad DC36V-S3 - Mega G\u00fcvenlik Sistemleri","isPartOf":{"@id":"https:\/\/www.megaguvenlik.com\/#website"},"primaryImageOfPage":{"@id":"https:\/\/www.megaguvenlik.com\/?product=dahua-psdw81642m-a360-d440-dc36v-s3#primaryimage"},"image":{"@id":"https:\/\/www.megaguvenlik.com\/?product=dahua-psdw81642m-a360-d440-dc36v-s3#primaryimage"},"thumbnailUrl":"https:\/\/www.megaguvenlik.com\/wp-content\/uploads\/2025\/10\/PSDW81642M-A360-D440\u00ad-DC36V-S3.jpeg","datePublished":"2025-10-14T06:59:27+00:00","description":"Dahua PSDW81642M-A360-D440-S3, Dahua'n\u0131n WizMind Hubble serisinin \u00f6ne \u00e7\u0131kan 16 MP \u00e7\u00f6z\u00fcn\u00fcrl\u00fckl\u00fc, 360\u00b0 panoramik g\u00f6r\u00fc\u015f a\u00e7\u0131s\u0131na sahip PTZ kameras\u0131d\u0131r. Bu model, geni\u015f alanlar\u0131n y\u00fcksek \u00e7\u00f6z\u00fcn\u00fcrl\u00fckle izlenmesini sa\u011flayarak, \u00f6zellikle \u015fehir g\u00fcvenli\u011fi, havaalanlar\u0131, otogarlar ve kritik altyap\u0131lar\u0131n korunmas\u0131 i\u00e7in idealdir.","breadcrumb":{"@id":"https:\/\/www.megaguvenlik.com\/?product=dahua-psdw81642m-a360-d440-dc36v-s3#breadcrumb"},"inLanguage":"tr","potentialAction":[{"@type":"ReadAction","target":["https:\/\/www.megaguvenlik.com\/?product=dahua-psdw81642m-a360-d440-dc36v-s3"]}]},{"@type":"ImageObject","inLanguage":"tr","@id":"https:\/\/www.megaguvenlik.com\/?product=dahua-psdw81642m-a360-d440-dc36v-s3#primaryimage","url":"https:\/\/www.megaguvenlik.com\/wp-content\/uploads\/2025\/10\/PSDW81642M-A360-D440\u00ad-DC36V-S3.jpeg","contentUrl":"https:\/\/www.megaguvenlik.com\/wp-content\/uploads\/2025\/10\/PSDW81642M-A360-D440\u00ad-DC36V-S3.jpeg","width":225,"height":225},{"@type":"BreadcrumbList","@id":"https:\/\/www.megaguvenlik.com\/?product=dahua-psdw81642m-a360-d440-dc36v-s3#breadcrumb","itemListElement":[{"@type":"ListItem","position":1,"name":"Anasayfa","item":"https:\/\/www.megaguvenlik.com\/"},{"@type":"ListItem","position":2,"name":"Ma\u011faza","item":"https:\/\/www.megaguvenlik.com\/?page_id=323"},{"@type":"ListItem","position":3,"name":"DAHUA PSDW81642M-A360-D440\u00ad DC36V-S3"}]},{"@type":"WebSite","@id":"https:\/\/www.megaguvenlik.com\/#website","url":"https:\/\/www.megaguvenlik.com\/","name":"Mega G\u00fcvenlik Sistemleri","description":"Kamera | Yang\u0131n Alarm | Network | Acil Anons","potentialAction":[{"@type":"SearchAction","target":{"@type":"EntryPoint","urlTemplate":"https:\/\/www.megaguvenlik.com\/?s={search_term_string}"},"query-input":{"@type":"PropertyValueSpecification","valueRequired":true,"valueName":"search_term_string"}}],"inLanguage":"tr"}]}},"_links":{"self":[{"href":"https:\/\/www.megaguvenlik.com\/index.php?rest_route=\/wp\/v2\/product\/4618","targetHints":{"allow":["GET"]}}],"collection":[{"href":"https:\/\/www.megaguvenlik.com\/index.php?rest_route=\/wp\/v2\/product"}],"about":[{"href":"https:\/\/www.megaguvenlik.com\/index.php?rest_route=\/wp\/v2\/types\/product"}],"replies":[{"embeddable":true,"href":"https:\/\/www.megaguvenlik.com\/index.php?rest_route=%2Fwp%2Fv2%2Fcomments&post=4618"}],"wp:featuredmedia":[{"embeddable":true,"href":"https:\/\/www.megaguvenlik.com\/index.php?rest_route=\/wp\/v2\/media\/4619"}],"wp:attachment":[{"href":"https:\/\/www.megaguvenlik.com\/index.php?rest_route=%2Fwp%2Fv2%2Fmedia&parent=4618"}],"wp:term":[{"taxonomy":"product_brand","embeddable":true,"href":"https:\/\/www.megaguvenlik.com\/index.php?rest_route=%2Fwp%2Fv2%2Fproduct_brand&post=4618"},{"taxonomy":"product_cat","embeddable":true,"href":"https:\/\/www.megaguvenlik.com\/index.php?rest_route=%2Fwp%2Fv2%2Fproduct_cat&post=4618"},{"taxonomy":"product_tag","embeddable":true,"href":"https:\/\/www.megaguvenlik.com\/index.php?rest_route=%2Fwp%2Fv2%2Fproduct_tag&post=4618"}],"curies":[{"name":"wp","href":"https:\/\/api.w.org\/{rel}","templated":true}]}}