{"id":4626,"date":"2025-10-14T11:02:25","date_gmt":"2025-10-14T08:02:25","guid":{"rendered":"https:\/\/www.megaguvenlik.com\/?post_type=product&#038;p=4626"},"modified":"2025-10-14T11:02:26","modified_gmt":"2025-10-14T08:02:26","slug":"dahua-ipc-hum8241-e2","status":"publish","type":"product","link":"https:\/\/www.megaguvenlik.com\/?product=dahua-ipc-hum8241-e2","title":{"rendered":"DAHUA IPC-HUM8241-E2"},"content":{"rendered":"<p>2x2MP Pinhole Network Kamera Kutusu H.265+\/H.265\/H.264+\/H.264<br \/>\ns\u0131k\u0131\u015ft\u0131rma format\u0131, 1080P (1920\u00d71080)\/ 1.3M (1280&#215;960)\/ 720P (1280&#215;720)<br \/>\n\/D1 (704\u00d7576\/704&#215;480)\/ VGA (640&#215;480)\/ CIF (352\u00d7288\/342&#215;240)<br \/>\n\u00e7\u00f6z\u00fcn\u00fcrl\u00fck,Tripwire(Sanal S\u0131n\u0131r), Intrusion(Alan \u0130hlali), Kay\u0131p\/Terkedilmi\u015f Nesne Analizi, Alarm Giri\u015f\/\u00c7\u0131k\u0131\u015f: 2\/2, Ses Giri\u015f\/\u00c7\u0131k\u0131\u015f:1\/1,3D DNR, Micro SD kart , PoE, ONVIF<\/p>\n","protected":false},"excerpt":{"rendered":"<p>2x2MP Pinhole Network Kamera Kutusu H.265+\/H.265\/H.264+\/H.264<br \/>\ns\u0131k\u0131\u015ft\u0131rma format\u0131, 1080P (1920\u00d71080)\/ 1.3M (1280&#215;960)\/ 720P (1280&#215;720)<br \/>\n\/D1 (704\u00d7576\/704&#215;480)\/ VGA (640&#215;480)\/ CIF (352\u00d7288\/342&#215;240)<br \/>\n\u00e7\u00f6z\u00fcn\u00fcrl\u00fck,Tripwire(Sanal S\u0131n\u0131r), Intrusion(Alan \u0130hlali), Kay\u0131p\/Terkedilmi\u015f Nesne Analizi, Alarm Giri\u015f\/\u00c7\u0131k\u0131\u015f: 2\/2, Ses Giri\u015f\/\u00c7\u0131k\u0131\u015f:1\/1,3D DNR, Micro SD kart , PoE, ONVIF<\/p>\n","protected":false},"featured_media":4627,"comment_status":"open","ping_status":"closed","template":"","meta":[],"product_brand":[],"product_cat":[338,236,199],"product_tag":[340,339,341],"class_list":{"0":"post-4626","1":"product","2":"type-product","3":"status-publish","4":"has-post-thumbnail","6":"product_cat-dahua","7":"product_cat-ip-kamera","8":"product_cat-kamera-sistemleri","9":"product_tag-alhua","10":"product_tag-dahua","11":"product_tag-ip-camera","13":"first","14":"instock","15":"taxable","16":"shipping-taxable","17":"product-type-simple"},"yoast_head":"<!-- This site is optimized with the Yoast SEO plugin v26.0 - https:\/\/yoast.com\/wordpress\/plugins\/seo\/ -->\n<title>DAHUA IPC-HUM8241-E2 - Mega G\u00fcvenlik Sistemleri<\/title>\n<meta name=\"description\" content=\"IPC-HUM8241-E2, Dahua\u2019n\u0131n gizli (covert) kamera serisinde yer alan 2 megapiksel pinhole (gizli lens) IP kamera ana \u00fcnitesidir. K\u00fc\u00e7\u00fck boyutuyla i\u00e7 mek\u00e2nlarda (\u00f6rne\u011fin banka i\u00e7i, ATM alanlar\u0131, ma\u011faza kasa b\u00f6l\u00fcmleri) g\u00f6r\u00fcnmez g\u00f6zetim \u00e7\u00f6z\u00fcmleri sa\u011flayacak \u015fekilde tasarlanm\u0131\u015ft\u0131r. Starlight sens\u00f6r\u00fc, AI analiz \u00f6zellikleri ve esnek kurulum se\u00e7enekleri ile profesyonel g\u00fcvenlik projelerinde tercih edilir.\" \/>\n<meta name=\"robots\" content=\"index, follow, max-snippet:-1, max-image-preview:large, max-video-preview:-1\" \/>\n<link rel=\"canonical\" href=\"https:\/\/www.megaguvenlik.com\/?product=dahua-ipc-hum8241-e2\" \/>\n<meta property=\"og:locale\" content=\"tr_TR\" \/>\n<meta property=\"og:type\" content=\"article\" \/>\n<meta property=\"og:title\" content=\"DAHUA IPC-HUM8241-E2 - Mega G\u00fcvenlik Sistemleri\" \/>\n<meta property=\"og:description\" content=\"IPC-HUM8241-E2, Dahua\u2019n\u0131n gizli (covert) kamera serisinde yer alan 2 megapiksel pinhole (gizli lens) IP kamera ana \u00fcnitesidir. K\u00fc\u00e7\u00fck boyutuyla i\u00e7 mek\u00e2nlarda (\u00f6rne\u011fin banka i\u00e7i, ATM alanlar\u0131, ma\u011faza kasa b\u00f6l\u00fcmleri) g\u00f6r\u00fcnmez g\u00f6zetim \u00e7\u00f6z\u00fcmleri sa\u011flayacak \u015fekilde tasarlanm\u0131\u015ft\u0131r. Starlight sens\u00f6r\u00fc, AI analiz \u00f6zellikleri ve esnek kurulum se\u00e7enekleri ile profesyonel g\u00fcvenlik projelerinde tercih edilir.\" \/>\n<meta property=\"og:url\" content=\"https:\/\/www.megaguvenlik.com\/?product=dahua-ipc-hum8241-e2\" \/>\n<meta property=\"og:site_name\" content=\"Mega G\u00fcvenlik Sistemleri\" \/>\n<meta property=\"article:modified_time\" content=\"2025-10-14T08:02:26+00:00\" \/>\n<meta property=\"og:image\" content=\"https:\/\/www.megaguvenlik.com\/wp-content\/uploads\/2025\/10\/IPC-HUM8241-E2.jpeg\" \/>\n\t<meta property=\"og:image:width\" content=\"225\" \/>\n\t<meta property=\"og:image:height\" content=\"225\" \/>\n\t<meta property=\"og:image:type\" content=\"image\/jpeg\" \/>\n<meta name=\"twitter:card\" content=\"summary_large_image\" \/>\n<meta name=\"twitter:label1\" content=\"Tahmini okuma s\u00fcresi\" \/>\n\t<meta name=\"twitter:data1\" content=\"1 dakika\" \/>\n<script type=\"application\/ld+json\" class=\"yoast-schema-graph\">{\"@context\":\"https:\/\/schema.org\",\"@graph\":[{\"@type\":\"WebPage\",\"@id\":\"https:\/\/www.megaguvenlik.com\/?product=dahua-ipc-hum8241-e2\",\"url\":\"https:\/\/www.megaguvenlik.com\/?product=dahua-ipc-hum8241-e2\",\"name\":\"DAHUA IPC-HUM8241-E2 - Mega G\u00fcvenlik Sistemleri\",\"isPartOf\":{\"@id\":\"https:\/\/www.megaguvenlik.com\/#website\"},\"primaryImageOfPage\":{\"@id\":\"https:\/\/www.megaguvenlik.com\/?product=dahua-ipc-hum8241-e2#primaryimage\"},\"image\":{\"@id\":\"https:\/\/www.megaguvenlik.com\/?product=dahua-ipc-hum8241-e2#primaryimage\"},\"thumbnailUrl\":\"https:\/\/www.megaguvenlik.com\/wp-content\/uploads\/2025\/10\/IPC-HUM8241-E2.jpeg\",\"datePublished\":\"2025-10-14T08:02:25+00:00\",\"dateModified\":\"2025-10-14T08:02:26+00:00\",\"description\":\"IPC-HUM8241-E2, Dahua\u2019n\u0131n gizli (covert) kamera serisinde yer alan 2 megapiksel pinhole (gizli lens) IP kamera ana \u00fcnitesidir. K\u00fc\u00e7\u00fck boyutuyla i\u00e7 mek\u00e2nlarda (\u00f6rne\u011fin banka i\u00e7i, ATM alanlar\u0131, ma\u011faza kasa b\u00f6l\u00fcmleri) g\u00f6r\u00fcnmez g\u00f6zetim \u00e7\u00f6z\u00fcmleri sa\u011flayacak \u015fekilde tasarlanm\u0131\u015ft\u0131r. Starlight sens\u00f6r\u00fc, AI analiz \u00f6zellikleri ve esnek kurulum se\u00e7enekleri ile profesyonel g\u00fcvenlik projelerinde tercih edilir.\",\"breadcrumb\":{\"@id\":\"https:\/\/www.megaguvenlik.com\/?product=dahua-ipc-hum8241-e2#breadcrumb\"},\"inLanguage\":\"tr\",\"potentialAction\":[{\"@type\":\"ReadAction\",\"target\":[\"https:\/\/www.megaguvenlik.com\/?product=dahua-ipc-hum8241-e2\"]}]},{\"@type\":\"ImageObject\",\"inLanguage\":\"tr\",\"@id\":\"https:\/\/www.megaguvenlik.com\/?product=dahua-ipc-hum8241-e2#primaryimage\",\"url\":\"https:\/\/www.megaguvenlik.com\/wp-content\/uploads\/2025\/10\/IPC-HUM8241-E2.jpeg\",\"contentUrl\":\"https:\/\/www.megaguvenlik.com\/wp-content\/uploads\/2025\/10\/IPC-HUM8241-E2.jpeg\",\"width\":225,\"height\":225},{\"@type\":\"BreadcrumbList\",\"@id\":\"https:\/\/www.megaguvenlik.com\/?product=dahua-ipc-hum8241-e2#breadcrumb\",\"itemListElement\":[{\"@type\":\"ListItem\",\"position\":1,\"name\":\"Anasayfa\",\"item\":\"https:\/\/www.megaguvenlik.com\/\"},{\"@type\":\"ListItem\",\"position\":2,\"name\":\"Ma\u011faza\",\"item\":\"https:\/\/www.megaguvenlik.com\/?page_id=323\"},{\"@type\":\"ListItem\",\"position\":3,\"name\":\"DAHUA IPC-HUM8241-E2\"}]},{\"@type\":\"WebSite\",\"@id\":\"https:\/\/www.megaguvenlik.com\/#website\",\"url\":\"https:\/\/www.megaguvenlik.com\/\",\"name\":\"Mega G\u00fcvenlik Sistemleri\",\"description\":\"Kamera | Yang\u0131n Alarm | Network | Acil Anons\",\"potentialAction\":[{\"@type\":\"SearchAction\",\"target\":{\"@type\":\"EntryPoint\",\"urlTemplate\":\"https:\/\/www.megaguvenlik.com\/?s={search_term_string}\"},\"query-input\":{\"@type\":\"PropertyValueSpecification\",\"valueRequired\":true,\"valueName\":\"search_term_string\"}}],\"inLanguage\":\"tr\"}]}<\/script>\n<!-- \/ Yoast SEO plugin. -->","yoast_head_json":{"title":"DAHUA IPC-HUM8241-E2 - Mega G\u00fcvenlik Sistemleri","description":"IPC-HUM8241-E2, Dahua\u2019n\u0131n gizli (covert) kamera serisinde yer alan 2 megapiksel pinhole (gizli lens) IP kamera ana \u00fcnitesidir. K\u00fc\u00e7\u00fck boyutuyla i\u00e7 mek\u00e2nlarda (\u00f6rne\u011fin banka i\u00e7i, ATM alanlar\u0131, ma\u011faza kasa b\u00f6l\u00fcmleri) g\u00f6r\u00fcnmez g\u00f6zetim \u00e7\u00f6z\u00fcmleri sa\u011flayacak \u015fekilde tasarlanm\u0131\u015ft\u0131r. Starlight sens\u00f6r\u00fc, AI analiz \u00f6zellikleri ve esnek kurulum se\u00e7enekleri ile profesyonel g\u00fcvenlik projelerinde tercih edilir.","robots":{"index":"index","follow":"follow","max-snippet":"max-snippet:-1","max-image-preview":"max-image-preview:large","max-video-preview":"max-video-preview:-1"},"canonical":"https:\/\/www.megaguvenlik.com\/?product=dahua-ipc-hum8241-e2","og_locale":"tr_TR","og_type":"article","og_title":"DAHUA IPC-HUM8241-E2 - Mega G\u00fcvenlik Sistemleri","og_description":"IPC-HUM8241-E2, Dahua\u2019n\u0131n gizli (covert) kamera serisinde yer alan 2 megapiksel pinhole (gizli lens) IP kamera ana \u00fcnitesidir. K\u00fc\u00e7\u00fck boyutuyla i\u00e7 mek\u00e2nlarda (\u00f6rne\u011fin banka i\u00e7i, ATM alanlar\u0131, ma\u011faza kasa b\u00f6l\u00fcmleri) g\u00f6r\u00fcnmez g\u00f6zetim \u00e7\u00f6z\u00fcmleri sa\u011flayacak \u015fekilde tasarlanm\u0131\u015ft\u0131r. Starlight sens\u00f6r\u00fc, AI analiz \u00f6zellikleri ve esnek kurulum se\u00e7enekleri ile profesyonel g\u00fcvenlik projelerinde tercih edilir.","og_url":"https:\/\/www.megaguvenlik.com\/?product=dahua-ipc-hum8241-e2","og_site_name":"Mega G\u00fcvenlik Sistemleri","article_modified_time":"2025-10-14T08:02:26+00:00","og_image":[{"width":225,"height":225,"url":"https:\/\/www.megaguvenlik.com\/wp-content\/uploads\/2025\/10\/IPC-HUM8241-E2.jpeg","type":"image\/jpeg"}],"twitter_card":"summary_large_image","twitter_misc":{"Tahmini okuma s\u00fcresi":"1 dakika"},"schema":{"@context":"https:\/\/schema.org","@graph":[{"@type":"WebPage","@id":"https:\/\/www.megaguvenlik.com\/?product=dahua-ipc-hum8241-e2","url":"https:\/\/www.megaguvenlik.com\/?product=dahua-ipc-hum8241-e2","name":"DAHUA IPC-HUM8241-E2 - Mega G\u00fcvenlik Sistemleri","isPartOf":{"@id":"https:\/\/www.megaguvenlik.com\/#website"},"primaryImageOfPage":{"@id":"https:\/\/www.megaguvenlik.com\/?product=dahua-ipc-hum8241-e2#primaryimage"},"image":{"@id":"https:\/\/www.megaguvenlik.com\/?product=dahua-ipc-hum8241-e2#primaryimage"},"thumbnailUrl":"https:\/\/www.megaguvenlik.com\/wp-content\/uploads\/2025\/10\/IPC-HUM8241-E2.jpeg","datePublished":"2025-10-14T08:02:25+00:00","dateModified":"2025-10-14T08:02:26+00:00","description":"IPC-HUM8241-E2, Dahua\u2019n\u0131n gizli (covert) kamera serisinde yer alan 2 megapiksel pinhole (gizli lens) IP kamera ana \u00fcnitesidir. K\u00fc\u00e7\u00fck boyutuyla i\u00e7 mek\u00e2nlarda (\u00f6rne\u011fin banka i\u00e7i, ATM alanlar\u0131, ma\u011faza kasa b\u00f6l\u00fcmleri) g\u00f6r\u00fcnmez g\u00f6zetim \u00e7\u00f6z\u00fcmleri sa\u011flayacak \u015fekilde tasarlanm\u0131\u015ft\u0131r. Starlight sens\u00f6r\u00fc, AI analiz \u00f6zellikleri ve esnek kurulum se\u00e7enekleri ile profesyonel g\u00fcvenlik projelerinde tercih edilir.","breadcrumb":{"@id":"https:\/\/www.megaguvenlik.com\/?product=dahua-ipc-hum8241-e2#breadcrumb"},"inLanguage":"tr","potentialAction":[{"@type":"ReadAction","target":["https:\/\/www.megaguvenlik.com\/?product=dahua-ipc-hum8241-e2"]}]},{"@type":"ImageObject","inLanguage":"tr","@id":"https:\/\/www.megaguvenlik.com\/?product=dahua-ipc-hum8241-e2#primaryimage","url":"https:\/\/www.megaguvenlik.com\/wp-content\/uploads\/2025\/10\/IPC-HUM8241-E2.jpeg","contentUrl":"https:\/\/www.megaguvenlik.com\/wp-content\/uploads\/2025\/10\/IPC-HUM8241-E2.jpeg","width":225,"height":225},{"@type":"BreadcrumbList","@id":"https:\/\/www.megaguvenlik.com\/?product=dahua-ipc-hum8241-e2#breadcrumb","itemListElement":[{"@type":"ListItem","position":1,"name":"Anasayfa","item":"https:\/\/www.megaguvenlik.com\/"},{"@type":"ListItem","position":2,"name":"Ma\u011faza","item":"https:\/\/www.megaguvenlik.com\/?page_id=323"},{"@type":"ListItem","position":3,"name":"DAHUA IPC-HUM8241-E2"}]},{"@type":"WebSite","@id":"https:\/\/www.megaguvenlik.com\/#website","url":"https:\/\/www.megaguvenlik.com\/","name":"Mega G\u00fcvenlik Sistemleri","description":"Kamera | Yang\u0131n Alarm | Network | Acil Anons","potentialAction":[{"@type":"SearchAction","target":{"@type":"EntryPoint","urlTemplate":"https:\/\/www.megaguvenlik.com\/?s={search_term_string}"},"query-input":{"@type":"PropertyValueSpecification","valueRequired":true,"valueName":"search_term_string"}}],"inLanguage":"tr"}]}},"_links":{"self":[{"href":"https:\/\/www.megaguvenlik.com\/index.php?rest_route=\/wp\/v2\/product\/4626","targetHints":{"allow":["GET"]}}],"collection":[{"href":"https:\/\/www.megaguvenlik.com\/index.php?rest_route=\/wp\/v2\/product"}],"about":[{"href":"https:\/\/www.megaguvenlik.com\/index.php?rest_route=\/wp\/v2\/types\/product"}],"replies":[{"embeddable":true,"href":"https:\/\/www.megaguvenlik.com\/index.php?rest_route=%2Fwp%2Fv2%2Fcomments&post=4626"}],"wp:featuredmedia":[{"embeddable":true,"href":"https:\/\/www.megaguvenlik.com\/index.php?rest_route=\/wp\/v2\/media\/4627"}],"wp:attachment":[{"href":"https:\/\/www.megaguvenlik.com\/index.php?rest_route=%2Fwp%2Fv2%2Fmedia&parent=4626"}],"wp:term":[{"taxonomy":"product_brand","embeddable":true,"href":"https:\/\/www.megaguvenlik.com\/index.php?rest_route=%2Fwp%2Fv2%2Fproduct_brand&post=4626"},{"taxonomy":"product_cat","embeddable":true,"href":"https:\/\/www.megaguvenlik.com\/index.php?rest_route=%2Fwp%2Fv2%2Fproduct_cat&post=4626"},{"taxonomy":"product_tag","embeddable":true,"href":"https:\/\/www.megaguvenlik.com\/index.php?rest_route=%2Fwp%2Fv2%2Fproduct_tag&post=4626"}],"curies":[{"name":"wp","href":"https:\/\/api.w.org\/{rel}","templated":true}]}}