{"id":4628,"date":"2025-10-14T11:28:58","date_gmt":"2025-10-14T08:28:58","guid":{"rendered":"https:\/\/www.megaguvenlik.com\/?post_type=product&#038;p=4628"},"modified":"2025-10-14T11:28:58","modified_gmt":"2025-10-14T08:28:58","slug":"dahua-ipc-hum8441-l1-0280b","status":"publish","type":"product","link":"https:\/\/www.megaguvenlik.com\/?product=dahua-ipc-hum8441-l1-0280b","title":{"rendered":"DAHUA IPC-HUM8441-L1-0280B"},"content":{"rendered":"<p>4MP Pinhole Network Kamera Lens- \u00dcnitesi<br \/>\n1\/2.8\u201d 2MP CMOS, 2.8 mm Sabit Lens, 0.02 L\u00fcx renkli, WDR<\/p>\n","protected":false},"excerpt":{"rendered":"<p>4MP Pinhole Network Kamera Lens- \u00dcnitesi<br \/>\n1\/2.8\u201d 2MP CMOS, 2.8 mm Sabit Lens, 0.02 L\u00fcx renkli, WDR<\/p>\n","protected":false},"featured_media":4629,"comment_status":"open","ping_status":"closed","template":"","meta":[],"product_brand":[],"product_cat":[338,236,199],"product_tag":[340,339,341],"class_list":{"0":"post-4628","1":"product","2":"type-product","3":"status-publish","4":"has-post-thumbnail","6":"product_cat-dahua","7":"product_cat-ip-kamera","8":"product_cat-kamera-sistemleri","9":"product_tag-alhua","10":"product_tag-dahua","11":"product_tag-ip-camera","13":"first","14":"instock","15":"taxable","16":"shipping-taxable","17":"product-type-simple"},"yoast_head":"<!-- This site is optimized with the Yoast SEO plugin v26.0 - https:\/\/yoast.com\/wordpress\/plugins\/seo\/ -->\n<title>DAHUA IPC-HUM8441-L1-0280B - Mega G\u00fcvenlik Sistemleri<\/title>\n<meta name=\"description\" content=\"IPC-HUM8441-L1-0280B\u201d, Dahua\u2019n\u0131n gizli (covert \/ pinhole) kamera sistemlerinde kullan\u0131lan 4 MP lens \/ sens\u00f6r mod\u00fcl\u00fcd\u00fcr. Bu mod\u00fcl, ayr\u0131 bir kontrol \u00fcnitesiyle birlikte \u00e7al\u0131\u015f\u0131r ve gizli g\u00f6zetim uygulamalar\u0131nda esnek kurulum sa\u011flar.\" \/>\n<meta name=\"robots\" content=\"index, follow, max-snippet:-1, max-image-preview:large, max-video-preview:-1\" \/>\n<link rel=\"canonical\" href=\"https:\/\/www.megaguvenlik.com\/?product=dahua-ipc-hum8441-l1-0280b\" \/>\n<meta property=\"og:locale\" content=\"tr_TR\" \/>\n<meta property=\"og:type\" content=\"article\" \/>\n<meta property=\"og:title\" content=\"DAHUA IPC-HUM8441-L1-0280B - Mega G\u00fcvenlik Sistemleri\" \/>\n<meta property=\"og:description\" content=\"IPC-HUM8441-L1-0280B\u201d, Dahua\u2019n\u0131n gizli (covert \/ pinhole) kamera sistemlerinde kullan\u0131lan 4 MP lens \/ sens\u00f6r mod\u00fcl\u00fcd\u00fcr. Bu mod\u00fcl, ayr\u0131 bir kontrol \u00fcnitesiyle birlikte \u00e7al\u0131\u015f\u0131r ve gizli g\u00f6zetim uygulamalar\u0131nda esnek kurulum sa\u011flar.\" \/>\n<meta property=\"og:url\" content=\"https:\/\/www.megaguvenlik.com\/?product=dahua-ipc-hum8441-l1-0280b\" \/>\n<meta property=\"og:site_name\" content=\"Mega G\u00fcvenlik Sistemleri\" \/>\n<meta property=\"og:image\" content=\"https:\/\/www.megaguvenlik.com\/wp-content\/uploads\/2025\/10\/IPC-HUM8441-L1-0280B.jpeg\" \/>\n\t<meta property=\"og:image:width\" content=\"225\" \/>\n\t<meta property=\"og:image:height\" content=\"225\" \/>\n\t<meta property=\"og:image:type\" content=\"image\/jpeg\" \/>\n<meta name=\"twitter:card\" content=\"summary_large_image\" \/>\n<meta name=\"twitter:label1\" content=\"Tahmini okuma s\u00fcresi\" \/>\n\t<meta name=\"twitter:data1\" content=\"1 dakika\" \/>\n<script type=\"application\/ld+json\" class=\"yoast-schema-graph\">{\"@context\":\"https:\/\/schema.org\",\"@graph\":[{\"@type\":\"WebPage\",\"@id\":\"https:\/\/www.megaguvenlik.com\/?product=dahua-ipc-hum8441-l1-0280b\",\"url\":\"https:\/\/www.megaguvenlik.com\/?product=dahua-ipc-hum8441-l1-0280b\",\"name\":\"DAHUA IPC-HUM8441-L1-0280B - Mega G\u00fcvenlik Sistemleri\",\"isPartOf\":{\"@id\":\"https:\/\/www.megaguvenlik.com\/#website\"},\"primaryImageOfPage\":{\"@id\":\"https:\/\/www.megaguvenlik.com\/?product=dahua-ipc-hum8441-l1-0280b#primaryimage\"},\"image\":{\"@id\":\"https:\/\/www.megaguvenlik.com\/?product=dahua-ipc-hum8441-l1-0280b#primaryimage\"},\"thumbnailUrl\":\"https:\/\/www.megaguvenlik.com\/wp-content\/uploads\/2025\/10\/IPC-HUM8441-L1-0280B.jpeg\",\"datePublished\":\"2025-10-14T08:28:58+00:00\",\"description\":\"IPC-HUM8441-L1-0280B\u201d, Dahua\u2019n\u0131n gizli (covert \/ pinhole) kamera sistemlerinde kullan\u0131lan 4 MP lens \/ sens\u00f6r mod\u00fcl\u00fcd\u00fcr. Bu mod\u00fcl, ayr\u0131 bir kontrol \u00fcnitesiyle birlikte \u00e7al\u0131\u015f\u0131r ve gizli g\u00f6zetim uygulamalar\u0131nda esnek kurulum sa\u011flar.\",\"breadcrumb\":{\"@id\":\"https:\/\/www.megaguvenlik.com\/?product=dahua-ipc-hum8441-l1-0280b#breadcrumb\"},\"inLanguage\":\"tr\",\"potentialAction\":[{\"@type\":\"ReadAction\",\"target\":[\"https:\/\/www.megaguvenlik.com\/?product=dahua-ipc-hum8441-l1-0280b\"]}]},{\"@type\":\"ImageObject\",\"inLanguage\":\"tr\",\"@id\":\"https:\/\/www.megaguvenlik.com\/?product=dahua-ipc-hum8441-l1-0280b#primaryimage\",\"url\":\"https:\/\/www.megaguvenlik.com\/wp-content\/uploads\/2025\/10\/IPC-HUM8441-L1-0280B.jpeg\",\"contentUrl\":\"https:\/\/www.megaguvenlik.com\/wp-content\/uploads\/2025\/10\/IPC-HUM8441-L1-0280B.jpeg\",\"width\":225,\"height\":225},{\"@type\":\"BreadcrumbList\",\"@id\":\"https:\/\/www.megaguvenlik.com\/?product=dahua-ipc-hum8441-l1-0280b#breadcrumb\",\"itemListElement\":[{\"@type\":\"ListItem\",\"position\":1,\"name\":\"Anasayfa\",\"item\":\"https:\/\/www.megaguvenlik.com\/\"},{\"@type\":\"ListItem\",\"position\":2,\"name\":\"Ma\u011faza\",\"item\":\"https:\/\/www.megaguvenlik.com\/?page_id=323\"},{\"@type\":\"ListItem\",\"position\":3,\"name\":\"DAHUA IPC-HUM8441-L1-0280B\"}]},{\"@type\":\"WebSite\",\"@id\":\"https:\/\/www.megaguvenlik.com\/#website\",\"url\":\"https:\/\/www.megaguvenlik.com\/\",\"name\":\"Mega G\u00fcvenlik Sistemleri\",\"description\":\"Kamera | Yang\u0131n Alarm | Network | Acil Anons\",\"potentialAction\":[{\"@type\":\"SearchAction\",\"target\":{\"@type\":\"EntryPoint\",\"urlTemplate\":\"https:\/\/www.megaguvenlik.com\/?s={search_term_string}\"},\"query-input\":{\"@type\":\"PropertyValueSpecification\",\"valueRequired\":true,\"valueName\":\"search_term_string\"}}],\"inLanguage\":\"tr\"}]}<\/script>\n<!-- \/ Yoast SEO plugin. -->","yoast_head_json":{"title":"DAHUA IPC-HUM8441-L1-0280B - Mega G\u00fcvenlik Sistemleri","description":"IPC-HUM8441-L1-0280B\u201d, Dahua\u2019n\u0131n gizli (covert \/ pinhole) kamera sistemlerinde kullan\u0131lan 4 MP lens \/ sens\u00f6r mod\u00fcl\u00fcd\u00fcr. Bu mod\u00fcl, ayr\u0131 bir kontrol \u00fcnitesiyle birlikte \u00e7al\u0131\u015f\u0131r ve gizli g\u00f6zetim uygulamalar\u0131nda esnek kurulum sa\u011flar.","robots":{"index":"index","follow":"follow","max-snippet":"max-snippet:-1","max-image-preview":"max-image-preview:large","max-video-preview":"max-video-preview:-1"},"canonical":"https:\/\/www.megaguvenlik.com\/?product=dahua-ipc-hum8441-l1-0280b","og_locale":"tr_TR","og_type":"article","og_title":"DAHUA IPC-HUM8441-L1-0280B - Mega G\u00fcvenlik Sistemleri","og_description":"IPC-HUM8441-L1-0280B\u201d, Dahua\u2019n\u0131n gizli (covert \/ pinhole) kamera sistemlerinde kullan\u0131lan 4 MP lens \/ sens\u00f6r mod\u00fcl\u00fcd\u00fcr. Bu mod\u00fcl, ayr\u0131 bir kontrol \u00fcnitesiyle birlikte \u00e7al\u0131\u015f\u0131r ve gizli g\u00f6zetim uygulamalar\u0131nda esnek kurulum sa\u011flar.","og_url":"https:\/\/www.megaguvenlik.com\/?product=dahua-ipc-hum8441-l1-0280b","og_site_name":"Mega G\u00fcvenlik Sistemleri","og_image":[{"width":225,"height":225,"url":"https:\/\/www.megaguvenlik.com\/wp-content\/uploads\/2025\/10\/IPC-HUM8441-L1-0280B.jpeg","type":"image\/jpeg"}],"twitter_card":"summary_large_image","twitter_misc":{"Tahmini okuma s\u00fcresi":"1 dakika"},"schema":{"@context":"https:\/\/schema.org","@graph":[{"@type":"WebPage","@id":"https:\/\/www.megaguvenlik.com\/?product=dahua-ipc-hum8441-l1-0280b","url":"https:\/\/www.megaguvenlik.com\/?product=dahua-ipc-hum8441-l1-0280b","name":"DAHUA IPC-HUM8441-L1-0280B - Mega G\u00fcvenlik Sistemleri","isPartOf":{"@id":"https:\/\/www.megaguvenlik.com\/#website"},"primaryImageOfPage":{"@id":"https:\/\/www.megaguvenlik.com\/?product=dahua-ipc-hum8441-l1-0280b#primaryimage"},"image":{"@id":"https:\/\/www.megaguvenlik.com\/?product=dahua-ipc-hum8441-l1-0280b#primaryimage"},"thumbnailUrl":"https:\/\/www.megaguvenlik.com\/wp-content\/uploads\/2025\/10\/IPC-HUM8441-L1-0280B.jpeg","datePublished":"2025-10-14T08:28:58+00:00","description":"IPC-HUM8441-L1-0280B\u201d, Dahua\u2019n\u0131n gizli (covert \/ pinhole) kamera sistemlerinde kullan\u0131lan 4 MP lens \/ sens\u00f6r mod\u00fcl\u00fcd\u00fcr. Bu mod\u00fcl, ayr\u0131 bir kontrol \u00fcnitesiyle birlikte \u00e7al\u0131\u015f\u0131r ve gizli g\u00f6zetim uygulamalar\u0131nda esnek kurulum sa\u011flar.","breadcrumb":{"@id":"https:\/\/www.megaguvenlik.com\/?product=dahua-ipc-hum8441-l1-0280b#breadcrumb"},"inLanguage":"tr","potentialAction":[{"@type":"ReadAction","target":["https:\/\/www.megaguvenlik.com\/?product=dahua-ipc-hum8441-l1-0280b"]}]},{"@type":"ImageObject","inLanguage":"tr","@id":"https:\/\/www.megaguvenlik.com\/?product=dahua-ipc-hum8441-l1-0280b#primaryimage","url":"https:\/\/www.megaguvenlik.com\/wp-content\/uploads\/2025\/10\/IPC-HUM8441-L1-0280B.jpeg","contentUrl":"https:\/\/www.megaguvenlik.com\/wp-content\/uploads\/2025\/10\/IPC-HUM8441-L1-0280B.jpeg","width":225,"height":225},{"@type":"BreadcrumbList","@id":"https:\/\/www.megaguvenlik.com\/?product=dahua-ipc-hum8441-l1-0280b#breadcrumb","itemListElement":[{"@type":"ListItem","position":1,"name":"Anasayfa","item":"https:\/\/www.megaguvenlik.com\/"},{"@type":"ListItem","position":2,"name":"Ma\u011faza","item":"https:\/\/www.megaguvenlik.com\/?page_id=323"},{"@type":"ListItem","position":3,"name":"DAHUA IPC-HUM8441-L1-0280B"}]},{"@type":"WebSite","@id":"https:\/\/www.megaguvenlik.com\/#website","url":"https:\/\/www.megaguvenlik.com\/","name":"Mega G\u00fcvenlik Sistemleri","description":"Kamera | Yang\u0131n Alarm | Network | Acil Anons","potentialAction":[{"@type":"SearchAction","target":{"@type":"EntryPoint","urlTemplate":"https:\/\/www.megaguvenlik.com\/?s={search_term_string}"},"query-input":{"@type":"PropertyValueSpecification","valueRequired":true,"valueName":"search_term_string"}}],"inLanguage":"tr"}]}},"_links":{"self":[{"href":"https:\/\/www.megaguvenlik.com\/index.php?rest_route=\/wp\/v2\/product\/4628","targetHints":{"allow":["GET"]}}],"collection":[{"href":"https:\/\/www.megaguvenlik.com\/index.php?rest_route=\/wp\/v2\/product"}],"about":[{"href":"https:\/\/www.megaguvenlik.com\/index.php?rest_route=\/wp\/v2\/types\/product"}],"replies":[{"embeddable":true,"href":"https:\/\/www.megaguvenlik.com\/index.php?rest_route=%2Fwp%2Fv2%2Fcomments&post=4628"}],"wp:featuredmedia":[{"embeddable":true,"href":"https:\/\/www.megaguvenlik.com\/index.php?rest_route=\/wp\/v2\/media\/4629"}],"wp:attachment":[{"href":"https:\/\/www.megaguvenlik.com\/index.php?rest_route=%2Fwp%2Fv2%2Fmedia&parent=4628"}],"wp:term":[{"taxonomy":"product_brand","embeddable":true,"href":"https:\/\/www.megaguvenlik.com\/index.php?rest_route=%2Fwp%2Fv2%2Fproduct_brand&post=4628"},{"taxonomy":"product_cat","embeddable":true,"href":"https:\/\/www.megaguvenlik.com\/index.php?rest_route=%2Fwp%2Fv2%2Fproduct_cat&post=4628"},{"taxonomy":"product_tag","embeddable":true,"href":"https:\/\/www.megaguvenlik.com\/index.php?rest_route=%2Fwp%2Fv2%2Fproduct_tag&post=4628"}],"curies":[{"name":"wp","href":"https:\/\/api.w.org\/{rel}","templated":true}]}}