{"id":4630,"date":"2025-10-14T11:30:42","date_gmt":"2025-10-14T08:30:42","guid":{"rendered":"https:\/\/www.megaguvenlik.com\/?post_type=product&#038;p=4630"},"modified":"2025-10-30T10:49:19","modified_gmt":"2025-10-30T07:49:19","slug":"dahua-ipc-hum8441-e1","status":"publish","type":"product","link":"https:\/\/www.megaguvenlik.com\/?product=dahua-ipc-hum8441-e1","title":{"rendered":"DAHUA IPC-HUM8441-E1"},"content":{"rendered":"<p>4MP Pinhole Network Kamera Kutusu H.265+\/H.265\/H.264+\/H.264<br \/>\ns\u0131k\u0131\u015ft\u0131rma format\u0131, 1080P (1920\u00d71080)\/ 1.3M (1280&#215;960)\/ 720P (1280&#215;720)<br \/>\n\/D1 (704\u00d7576\/704&#215;480)\/ VGA (640&#215;480)\/ CIF (352\u00d7288\/342&#215;240)<br \/>\n\u00e7\u00f6z\u00fcn\u00fcrl\u00fck, Tripwire(Sanal S\u0131n\u0131r), Intrusion(Alan \u0130hlali), Kay\u0131p\/Terkedilmi\u015f Nesne Analizi, Alarm Giri\u015f\/\u00c7\u0131k\u0131\u015f: 2\/2, Ses Giri\u015f\/\u00c7\u0131k\u0131\u015f: 1\/1, 3D DNR, Micro SD kart , PoE, ONVIF<\/p>\n","protected":false},"excerpt":{"rendered":"<p>4MP Pinhole Network Kamera Kutusu H.265+\/H.265\/H.264+\/H.264<br \/>\ns\u0131k\u0131\u015ft\u0131rma format\u0131, 1080P (1920\u00d71080)\/ 1.3M (1280&#215;960)\/ 720P (1280&#215;720)<br \/>\n\/D1 (704\u00d7576\/704&#215;480)\/ VGA (640&#215;480)\/ CIF (352\u00d7288\/342&#215;240)<br \/>\n\u00e7\u00f6z\u00fcn\u00fcrl\u00fck, Tripwire(Sanal S\u0131n\u0131r), Intrusion(Alan \u0130hlali), Kay\u0131p\/Terkedilmi\u015f Nesne Analizi, Alarm Giri\u015f\/\u00c7\u0131k\u0131\u015f: 2\/2, Ses Giri\u015f\/\u00c7\u0131k\u0131\u015f: 1\/1, 3D DNR, Micro SD kart , PoE, ONVIF<\/p>\n","protected":false},"featured_media":4914,"comment_status":"open","ping_status":"closed","template":"","meta":[],"product_brand":[],"product_cat":[338,236,199],"product_tag":[340,339,341],"class_list":{"0":"post-4630","1":"product","2":"type-product","3":"status-publish","4":"has-post-thumbnail","6":"product_cat-dahua","7":"product_cat-ip-kamera","8":"product_cat-kamera-sistemleri","9":"product_tag-alhua","10":"product_tag-dahua","11":"product_tag-ip-camera","13":"first","14":"instock","15":"taxable","16":"shipping-taxable","17":"product-type-simple"},"yoast_head":"<!-- This site is optimized with the Yoast SEO plugin v26.0 - https:\/\/yoast.com\/wordpress\/plugins\/seo\/ -->\n<title>DAHUA IPC-HUM8441-E1 - Mega G\u00fcvenlik Sistemleri<\/title>\n<meta name=\"description\" content=\"IPC-HUM8441-E1, Dahua\u2019n\u0131n WizMind serisine ait covert \/ gizli montajl\u0131 4 megapiksel pinhole kamerad\u0131r. K\u00fc\u00e7\u00fck boyutuyla dikkat \u00e7eken bu model, g\u00f6r\u00fcnmez g\u00f6zetim ihtiya\u00e7lar\u0131 i\u00e7in idealdir. Bankalar, ATM kabinleri, ma\u011faza kasa arkalar\u0131 gibi alanlarda gizli g\u00fcvenlik sa\u011flamak amac\u0131yla tercih edilir.\" \/>\n<meta name=\"robots\" content=\"index, follow, max-snippet:-1, max-image-preview:large, max-video-preview:-1\" \/>\n<link rel=\"canonical\" href=\"https:\/\/www.megaguvenlik.com\/?product=dahua-ipc-hum8441-e1\" \/>\n<meta property=\"og:locale\" content=\"tr_TR\" \/>\n<meta property=\"og:type\" content=\"article\" \/>\n<meta property=\"og:title\" content=\"DAHUA IPC-HUM8441-E1 - Mega G\u00fcvenlik Sistemleri\" \/>\n<meta property=\"og:description\" content=\"IPC-HUM8441-E1, Dahua\u2019n\u0131n WizMind serisine ait covert \/ gizli montajl\u0131 4 megapiksel pinhole kamerad\u0131r. K\u00fc\u00e7\u00fck boyutuyla dikkat \u00e7eken bu model, g\u00f6r\u00fcnmez g\u00f6zetim ihtiya\u00e7lar\u0131 i\u00e7in idealdir. Bankalar, ATM kabinleri, ma\u011faza kasa arkalar\u0131 gibi alanlarda gizli g\u00fcvenlik sa\u011flamak amac\u0131yla tercih edilir.\" \/>\n<meta property=\"og:url\" content=\"https:\/\/www.megaguvenlik.com\/?product=dahua-ipc-hum8441-e1\" \/>\n<meta property=\"og:site_name\" content=\"Mega G\u00fcvenlik Sistemleri\" \/>\n<meta property=\"article:modified_time\" content=\"2025-10-30T07:49:19+00:00\" \/>\n<meta property=\"og:image\" content=\"https:\/\/www.megaguvenlik.com\/wp-content\/uploads\/2025\/10\/IPC-HUM8441-E1.png\" \/>\n\t<meta property=\"og:image:width\" content=\"225\" \/>\n\t<meta property=\"og:image:height\" content=\"225\" \/>\n\t<meta property=\"og:image:type\" content=\"image\/png\" \/>\n<meta name=\"twitter:card\" content=\"summary_large_image\" \/>\n<meta name=\"twitter:label1\" content=\"Tahmini okuma s\u00fcresi\" \/>\n\t<meta name=\"twitter:data1\" content=\"1 dakika\" \/>\n<script type=\"application\/ld+json\" class=\"yoast-schema-graph\">{\"@context\":\"https:\/\/schema.org\",\"@graph\":[{\"@type\":\"WebPage\",\"@id\":\"https:\/\/www.megaguvenlik.com\/?product=dahua-ipc-hum8441-e1\",\"url\":\"https:\/\/www.megaguvenlik.com\/?product=dahua-ipc-hum8441-e1\",\"name\":\"DAHUA IPC-HUM8441-E1 - Mega G\u00fcvenlik Sistemleri\",\"isPartOf\":{\"@id\":\"https:\/\/www.megaguvenlik.com\/#website\"},\"primaryImageOfPage\":{\"@id\":\"https:\/\/www.megaguvenlik.com\/?product=dahua-ipc-hum8441-e1#primaryimage\"},\"image\":{\"@id\":\"https:\/\/www.megaguvenlik.com\/?product=dahua-ipc-hum8441-e1#primaryimage\"},\"thumbnailUrl\":\"https:\/\/www.megaguvenlik.com\/wp-content\/uploads\/2025\/10\/IPC-HUM8441-E1.png\",\"datePublished\":\"2025-10-14T08:30:42+00:00\",\"dateModified\":\"2025-10-30T07:49:19+00:00\",\"description\":\"IPC-HUM8441-E1, Dahua\u2019n\u0131n WizMind serisine ait covert \/ gizli montajl\u0131 4 megapiksel pinhole kamerad\u0131r. K\u00fc\u00e7\u00fck boyutuyla dikkat \u00e7eken bu model, g\u00f6r\u00fcnmez g\u00f6zetim ihtiya\u00e7lar\u0131 i\u00e7in idealdir. Bankalar, ATM kabinleri, ma\u011faza kasa arkalar\u0131 gibi alanlarda gizli g\u00fcvenlik sa\u011flamak amac\u0131yla tercih edilir.\",\"breadcrumb\":{\"@id\":\"https:\/\/www.megaguvenlik.com\/?product=dahua-ipc-hum8441-e1#breadcrumb\"},\"inLanguage\":\"tr\",\"potentialAction\":[{\"@type\":\"ReadAction\",\"target\":[\"https:\/\/www.megaguvenlik.com\/?product=dahua-ipc-hum8441-e1\"]}]},{\"@type\":\"ImageObject\",\"inLanguage\":\"tr\",\"@id\":\"https:\/\/www.megaguvenlik.com\/?product=dahua-ipc-hum8441-e1#primaryimage\",\"url\":\"https:\/\/www.megaguvenlik.com\/wp-content\/uploads\/2025\/10\/IPC-HUM8441-E1.png\",\"contentUrl\":\"https:\/\/www.megaguvenlik.com\/wp-content\/uploads\/2025\/10\/IPC-HUM8441-E1.png\",\"width\":225,\"height\":225},{\"@type\":\"BreadcrumbList\",\"@id\":\"https:\/\/www.megaguvenlik.com\/?product=dahua-ipc-hum8441-e1#breadcrumb\",\"itemListElement\":[{\"@type\":\"ListItem\",\"position\":1,\"name\":\"Anasayfa\",\"item\":\"https:\/\/www.megaguvenlik.com\/\"},{\"@type\":\"ListItem\",\"position\":2,\"name\":\"Ma\u011faza\",\"item\":\"https:\/\/www.megaguvenlik.com\/?page_id=323\"},{\"@type\":\"ListItem\",\"position\":3,\"name\":\"DAHUA IPC-HUM8441-E1\"}]},{\"@type\":\"WebSite\",\"@id\":\"https:\/\/www.megaguvenlik.com\/#website\",\"url\":\"https:\/\/www.megaguvenlik.com\/\",\"name\":\"Mega G\u00fcvenlik Sistemleri\",\"description\":\"Kamera | Yang\u0131n Alarm | Network | Acil Anons\",\"potentialAction\":[{\"@type\":\"SearchAction\",\"target\":{\"@type\":\"EntryPoint\",\"urlTemplate\":\"https:\/\/www.megaguvenlik.com\/?s={search_term_string}\"},\"query-input\":{\"@type\":\"PropertyValueSpecification\",\"valueRequired\":true,\"valueName\":\"search_term_string\"}}],\"inLanguage\":\"tr\"}]}<\/script>\n<!-- \/ Yoast SEO plugin. -->","yoast_head_json":{"title":"DAHUA IPC-HUM8441-E1 - Mega G\u00fcvenlik Sistemleri","description":"IPC-HUM8441-E1, Dahua\u2019n\u0131n WizMind serisine ait covert \/ gizli montajl\u0131 4 megapiksel pinhole kamerad\u0131r. K\u00fc\u00e7\u00fck boyutuyla dikkat \u00e7eken bu model, g\u00f6r\u00fcnmez g\u00f6zetim ihtiya\u00e7lar\u0131 i\u00e7in idealdir. Bankalar, ATM kabinleri, ma\u011faza kasa arkalar\u0131 gibi alanlarda gizli g\u00fcvenlik sa\u011flamak amac\u0131yla tercih edilir.","robots":{"index":"index","follow":"follow","max-snippet":"max-snippet:-1","max-image-preview":"max-image-preview:large","max-video-preview":"max-video-preview:-1"},"canonical":"https:\/\/www.megaguvenlik.com\/?product=dahua-ipc-hum8441-e1","og_locale":"tr_TR","og_type":"article","og_title":"DAHUA IPC-HUM8441-E1 - Mega G\u00fcvenlik Sistemleri","og_description":"IPC-HUM8441-E1, Dahua\u2019n\u0131n WizMind serisine ait covert \/ gizli montajl\u0131 4 megapiksel pinhole kamerad\u0131r. K\u00fc\u00e7\u00fck boyutuyla dikkat \u00e7eken bu model, g\u00f6r\u00fcnmez g\u00f6zetim ihtiya\u00e7lar\u0131 i\u00e7in idealdir. Bankalar, ATM kabinleri, ma\u011faza kasa arkalar\u0131 gibi alanlarda gizli g\u00fcvenlik sa\u011flamak amac\u0131yla tercih edilir.","og_url":"https:\/\/www.megaguvenlik.com\/?product=dahua-ipc-hum8441-e1","og_site_name":"Mega G\u00fcvenlik Sistemleri","article_modified_time":"2025-10-30T07:49:19+00:00","og_image":[{"width":225,"height":225,"url":"https:\/\/www.megaguvenlik.com\/wp-content\/uploads\/2025\/10\/IPC-HUM8441-E1.png","type":"image\/png"}],"twitter_card":"summary_large_image","twitter_misc":{"Tahmini okuma s\u00fcresi":"1 dakika"},"schema":{"@context":"https:\/\/schema.org","@graph":[{"@type":"WebPage","@id":"https:\/\/www.megaguvenlik.com\/?product=dahua-ipc-hum8441-e1","url":"https:\/\/www.megaguvenlik.com\/?product=dahua-ipc-hum8441-e1","name":"DAHUA IPC-HUM8441-E1 - Mega G\u00fcvenlik Sistemleri","isPartOf":{"@id":"https:\/\/www.megaguvenlik.com\/#website"},"primaryImageOfPage":{"@id":"https:\/\/www.megaguvenlik.com\/?product=dahua-ipc-hum8441-e1#primaryimage"},"image":{"@id":"https:\/\/www.megaguvenlik.com\/?product=dahua-ipc-hum8441-e1#primaryimage"},"thumbnailUrl":"https:\/\/www.megaguvenlik.com\/wp-content\/uploads\/2025\/10\/IPC-HUM8441-E1.png","datePublished":"2025-10-14T08:30:42+00:00","dateModified":"2025-10-30T07:49:19+00:00","description":"IPC-HUM8441-E1, Dahua\u2019n\u0131n WizMind serisine ait covert \/ gizli montajl\u0131 4 megapiksel pinhole kamerad\u0131r. K\u00fc\u00e7\u00fck boyutuyla dikkat \u00e7eken bu model, g\u00f6r\u00fcnmez g\u00f6zetim ihtiya\u00e7lar\u0131 i\u00e7in idealdir. Bankalar, ATM kabinleri, ma\u011faza kasa arkalar\u0131 gibi alanlarda gizli g\u00fcvenlik sa\u011flamak amac\u0131yla tercih edilir.","breadcrumb":{"@id":"https:\/\/www.megaguvenlik.com\/?product=dahua-ipc-hum8441-e1#breadcrumb"},"inLanguage":"tr","potentialAction":[{"@type":"ReadAction","target":["https:\/\/www.megaguvenlik.com\/?product=dahua-ipc-hum8441-e1"]}]},{"@type":"ImageObject","inLanguage":"tr","@id":"https:\/\/www.megaguvenlik.com\/?product=dahua-ipc-hum8441-e1#primaryimage","url":"https:\/\/www.megaguvenlik.com\/wp-content\/uploads\/2025\/10\/IPC-HUM8441-E1.png","contentUrl":"https:\/\/www.megaguvenlik.com\/wp-content\/uploads\/2025\/10\/IPC-HUM8441-E1.png","width":225,"height":225},{"@type":"BreadcrumbList","@id":"https:\/\/www.megaguvenlik.com\/?product=dahua-ipc-hum8441-e1#breadcrumb","itemListElement":[{"@type":"ListItem","position":1,"name":"Anasayfa","item":"https:\/\/www.megaguvenlik.com\/"},{"@type":"ListItem","position":2,"name":"Ma\u011faza","item":"https:\/\/www.megaguvenlik.com\/?page_id=323"},{"@type":"ListItem","position":3,"name":"DAHUA IPC-HUM8441-E1"}]},{"@type":"WebSite","@id":"https:\/\/www.megaguvenlik.com\/#website","url":"https:\/\/www.megaguvenlik.com\/","name":"Mega G\u00fcvenlik Sistemleri","description":"Kamera | Yang\u0131n Alarm | Network | Acil Anons","potentialAction":[{"@type":"SearchAction","target":{"@type":"EntryPoint","urlTemplate":"https:\/\/www.megaguvenlik.com\/?s={search_term_string}"},"query-input":{"@type":"PropertyValueSpecification","valueRequired":true,"valueName":"search_term_string"}}],"inLanguage":"tr"}]}},"_links":{"self":[{"href":"https:\/\/www.megaguvenlik.com\/index.php?rest_route=\/wp\/v2\/product\/4630","targetHints":{"allow":["GET"]}}],"collection":[{"href":"https:\/\/www.megaguvenlik.com\/index.php?rest_route=\/wp\/v2\/product"}],"about":[{"href":"https:\/\/www.megaguvenlik.com\/index.php?rest_route=\/wp\/v2\/types\/product"}],"replies":[{"embeddable":true,"href":"https:\/\/www.megaguvenlik.com\/index.php?rest_route=%2Fwp%2Fv2%2Fcomments&post=4630"}],"wp:featuredmedia":[{"embeddable":true,"href":"https:\/\/www.megaguvenlik.com\/index.php?rest_route=\/wp\/v2\/media\/4914"}],"wp:attachment":[{"href":"https:\/\/www.megaguvenlik.com\/index.php?rest_route=%2Fwp%2Fv2%2Fmedia&parent=4630"}],"wp:term":[{"taxonomy":"product_brand","embeddable":true,"href":"https:\/\/www.megaguvenlik.com\/index.php?rest_route=%2Fwp%2Fv2%2Fproduct_brand&post=4630"},{"taxonomy":"product_cat","embeddable":true,"href":"https:\/\/www.megaguvenlik.com\/index.php?rest_route=%2Fwp%2Fv2%2Fproduct_cat&post=4630"},{"taxonomy":"product_tag","embeddable":true,"href":"https:\/\/www.megaguvenlik.com\/index.php?rest_route=%2Fwp%2Fv2%2Fproduct_tag&post=4630"}],"curies":[{"name":"wp","href":"https:\/\/api.w.org\/{rel}","templated":true}]}}