{"id":4632,"date":"2025-10-14T11:34:26","date_gmt":"2025-10-14T08:34:26","guid":{"rendered":"https:\/\/www.megaguvenlik.com\/?post_type=product&#038;p=4632"},"modified":"2025-10-14T11:35:40","modified_gmt":"2025-10-14T08:35:40","slug":"dahua-mxvr1004","status":"publish","type":"product","link":"https:\/\/www.megaguvenlik.com\/?product=dahua-mxvr1004","title":{"rendered":"DAHUA MXVR1004"},"content":{"rendered":"<p>4 Kanal H.265 Penta-brid 2 SD Mobil XVR Kay\u0131t Cihaz\u0131 Penta-brid (HDCVI \/ AHD \/ TVI \/ CVBS \/ IP) video giri\u015fi, H.265 \/ smart H.265 video s\u0131k\u0131\u015ft\u0131rma, 4 kanal 1080P \u00f6nizleme deste\u011fi, 2 SD kart deste\u011fi, Y\u00fcz alg\u0131lama, Aviation konekt\u00f6rleri, \u00c7oklu izleme: Web g\u00f6r\u00fcnt\u00fcleyici, CMS (DSS) ve DMSS<\/p>\n","protected":false},"excerpt":{"rendered":"<p>4 Kanal H.265 Penta-brid 2 SD Mobil XVR Kay\u0131t Cihaz\u0131 Penta-brid (HDCVI \/ AHD \/ TVI \/ CVBS \/ IP) video giri\u015fi, H.265 \/ smart H.265 video s\u0131k\u0131\u015ft\u0131rma, 4 kanal 1080P \u00f6nizleme deste\u011fi, 2 SD kart deste\u011fi, Y\u00fcz alg\u0131lama, Aviation konekt\u00f6rleri, \u00c7oklu izleme: Web g\u00f6r\u00fcnt\u00fcleyici, CMS (DSS) ve DMSS<\/p>\n","protected":false},"featured_media":4633,"comment_status":"open","ping_status":"closed","template":"","meta":[],"product_brand":[],"product_cat":[338,199,356],"product_tag":[340,339,357],"class_list":{"0":"post-4632","1":"product","2":"type-product","3":"status-publish","4":"has-post-thumbnail","6":"product_cat-dahua","7":"product_cat-kamera-sistemleri","8":"product_cat-mobile","9":"product_tag-alhua","10":"product_tag-dahua","11":"product_tag-mobile","13":"first","14":"instock","15":"taxable","16":"shipping-taxable","17":"product-type-simple"},"yoast_head":"<!-- This site is optimized with the Yoast SEO plugin v26.0 - https:\/\/yoast.com\/wordpress\/plugins\/seo\/ -->\n<title>DAHUA MXVR1004 - Mega G\u00fcvenlik Sistemleri<\/title>\n<meta name=\"description\" content=\"MXVR1004, Dahua\u2019n\u0131n mobil ortamlara \u00f6zel geli\u015ftirilen Mobile XVR \/ DVR serisinden bir \u00fcr\u00fcnd\u00fcr. Ara\u00e7 i\u00e7i g\u00fcvenlik, toplu ta\u015f\u0131ma, ara\u00e7 filolar\u0131, otob\u00fcs, lojistik ara\u00e7lar\u0131, polis \/ ambulans gibi mobil ara\u00e7 uygulamalar\u0131 i\u00e7in ideal kay\u0131t \u00e7\u00f6z\u00fcm\u00fcd\u00fcr. Penta-brid deste\u011fi sayesinde analog ve IP kameralar\u0131n kar\u0131\u015f\u0131k kullan\u0131m\u0131na olanak tan\u0131r.\" \/>\n<meta name=\"robots\" content=\"index, follow, max-snippet:-1, max-image-preview:large, max-video-preview:-1\" \/>\n<link rel=\"canonical\" href=\"https:\/\/www.megaguvenlik.com\/?product=dahua-mxvr1004\" \/>\n<meta property=\"og:locale\" content=\"tr_TR\" \/>\n<meta property=\"og:type\" content=\"article\" \/>\n<meta property=\"og:title\" content=\"DAHUA MXVR1004 - Mega G\u00fcvenlik Sistemleri\" \/>\n<meta property=\"og:description\" content=\"MXVR1004, Dahua\u2019n\u0131n mobil ortamlara \u00f6zel geli\u015ftirilen Mobile XVR \/ DVR serisinden bir \u00fcr\u00fcnd\u00fcr. Ara\u00e7 i\u00e7i g\u00fcvenlik, toplu ta\u015f\u0131ma, ara\u00e7 filolar\u0131, otob\u00fcs, lojistik ara\u00e7lar\u0131, polis \/ ambulans gibi mobil ara\u00e7 uygulamalar\u0131 i\u00e7in ideal kay\u0131t \u00e7\u00f6z\u00fcm\u00fcd\u00fcr. Penta-brid deste\u011fi sayesinde analog ve IP kameralar\u0131n kar\u0131\u015f\u0131k kullan\u0131m\u0131na olanak tan\u0131r.\" \/>\n<meta property=\"og:url\" content=\"https:\/\/www.megaguvenlik.com\/?product=dahua-mxvr1004\" \/>\n<meta property=\"og:site_name\" content=\"Mega G\u00fcvenlik Sistemleri\" \/>\n<meta property=\"article:modified_time\" content=\"2025-10-14T08:35:40+00:00\" \/>\n<meta property=\"og:image\" content=\"https:\/\/www.megaguvenlik.com\/wp-content\/uploads\/2025\/10\/MXVR10047.png\" \/>\n\t<meta property=\"og:image:width\" content=\"225\" \/>\n\t<meta property=\"og:image:height\" content=\"225\" \/>\n\t<meta property=\"og:image:type\" content=\"image\/png\" \/>\n<meta name=\"twitter:card\" content=\"summary_large_image\" \/>\n<meta name=\"twitter:label1\" content=\"Tahmini okuma s\u00fcresi\" \/>\n\t<meta name=\"twitter:data1\" content=\"1 dakika\" \/>\n<script type=\"application\/ld+json\" class=\"yoast-schema-graph\">{\"@context\":\"https:\/\/schema.org\",\"@graph\":[{\"@type\":\"WebPage\",\"@id\":\"https:\/\/www.megaguvenlik.com\/?product=dahua-mxvr1004\",\"url\":\"https:\/\/www.megaguvenlik.com\/?product=dahua-mxvr1004\",\"name\":\"DAHUA MXVR1004 - Mega G\u00fcvenlik Sistemleri\",\"isPartOf\":{\"@id\":\"https:\/\/www.megaguvenlik.com\/#website\"},\"primaryImageOfPage\":{\"@id\":\"https:\/\/www.megaguvenlik.com\/?product=dahua-mxvr1004#primaryimage\"},\"image\":{\"@id\":\"https:\/\/www.megaguvenlik.com\/?product=dahua-mxvr1004#primaryimage\"},\"thumbnailUrl\":\"https:\/\/www.megaguvenlik.com\/wp-content\/uploads\/2025\/10\/MXVR10047.png\",\"datePublished\":\"2025-10-14T08:34:26+00:00\",\"dateModified\":\"2025-10-14T08:35:40+00:00\",\"description\":\"MXVR1004, Dahua\u2019n\u0131n mobil ortamlara \u00f6zel geli\u015ftirilen Mobile XVR \/ DVR serisinden bir \u00fcr\u00fcnd\u00fcr. Ara\u00e7 i\u00e7i g\u00fcvenlik, toplu ta\u015f\u0131ma, ara\u00e7 filolar\u0131, otob\u00fcs, lojistik ara\u00e7lar\u0131, polis \/ ambulans gibi mobil ara\u00e7 uygulamalar\u0131 i\u00e7in ideal kay\u0131t \u00e7\u00f6z\u00fcm\u00fcd\u00fcr. Penta-brid deste\u011fi sayesinde analog ve IP kameralar\u0131n kar\u0131\u015f\u0131k kullan\u0131m\u0131na olanak tan\u0131r.\",\"breadcrumb\":{\"@id\":\"https:\/\/www.megaguvenlik.com\/?product=dahua-mxvr1004#breadcrumb\"},\"inLanguage\":\"tr\",\"potentialAction\":[{\"@type\":\"ReadAction\",\"target\":[\"https:\/\/www.megaguvenlik.com\/?product=dahua-mxvr1004\"]}]},{\"@type\":\"ImageObject\",\"inLanguage\":\"tr\",\"@id\":\"https:\/\/www.megaguvenlik.com\/?product=dahua-mxvr1004#primaryimage\",\"url\":\"https:\/\/www.megaguvenlik.com\/wp-content\/uploads\/2025\/10\/MXVR10047.png\",\"contentUrl\":\"https:\/\/www.megaguvenlik.com\/wp-content\/uploads\/2025\/10\/MXVR10047.png\",\"width\":225,\"height\":225},{\"@type\":\"BreadcrumbList\",\"@id\":\"https:\/\/www.megaguvenlik.com\/?product=dahua-mxvr1004#breadcrumb\",\"itemListElement\":[{\"@type\":\"ListItem\",\"position\":1,\"name\":\"Anasayfa\",\"item\":\"https:\/\/www.megaguvenlik.com\/\"},{\"@type\":\"ListItem\",\"position\":2,\"name\":\"Ma\u011faza\",\"item\":\"https:\/\/www.megaguvenlik.com\/?page_id=323\"},{\"@type\":\"ListItem\",\"position\":3,\"name\":\"DAHUA MXVR1004\"}]},{\"@type\":\"WebSite\",\"@id\":\"https:\/\/www.megaguvenlik.com\/#website\",\"url\":\"https:\/\/www.megaguvenlik.com\/\",\"name\":\"Mega G\u00fcvenlik Sistemleri\",\"description\":\"Kamera | Yang\u0131n Alarm | Network | Acil Anons\",\"potentialAction\":[{\"@type\":\"SearchAction\",\"target\":{\"@type\":\"EntryPoint\",\"urlTemplate\":\"https:\/\/www.megaguvenlik.com\/?s={search_term_string}\"},\"query-input\":{\"@type\":\"PropertyValueSpecification\",\"valueRequired\":true,\"valueName\":\"search_term_string\"}}],\"inLanguage\":\"tr\"}]}<\/script>\n<!-- \/ Yoast SEO plugin. -->","yoast_head_json":{"title":"DAHUA MXVR1004 - Mega G\u00fcvenlik Sistemleri","description":"MXVR1004, Dahua\u2019n\u0131n mobil ortamlara \u00f6zel geli\u015ftirilen Mobile XVR \/ DVR serisinden bir \u00fcr\u00fcnd\u00fcr. Ara\u00e7 i\u00e7i g\u00fcvenlik, toplu ta\u015f\u0131ma, ara\u00e7 filolar\u0131, otob\u00fcs, lojistik ara\u00e7lar\u0131, polis \/ ambulans gibi mobil ara\u00e7 uygulamalar\u0131 i\u00e7in ideal kay\u0131t \u00e7\u00f6z\u00fcm\u00fcd\u00fcr. Penta-brid deste\u011fi sayesinde analog ve IP kameralar\u0131n kar\u0131\u015f\u0131k kullan\u0131m\u0131na olanak tan\u0131r.","robots":{"index":"index","follow":"follow","max-snippet":"max-snippet:-1","max-image-preview":"max-image-preview:large","max-video-preview":"max-video-preview:-1"},"canonical":"https:\/\/www.megaguvenlik.com\/?product=dahua-mxvr1004","og_locale":"tr_TR","og_type":"article","og_title":"DAHUA MXVR1004 - Mega G\u00fcvenlik Sistemleri","og_description":"MXVR1004, Dahua\u2019n\u0131n mobil ortamlara \u00f6zel geli\u015ftirilen Mobile XVR \/ DVR serisinden bir \u00fcr\u00fcnd\u00fcr. Ara\u00e7 i\u00e7i g\u00fcvenlik, toplu ta\u015f\u0131ma, ara\u00e7 filolar\u0131, otob\u00fcs, lojistik ara\u00e7lar\u0131, polis \/ ambulans gibi mobil ara\u00e7 uygulamalar\u0131 i\u00e7in ideal kay\u0131t \u00e7\u00f6z\u00fcm\u00fcd\u00fcr. Penta-brid deste\u011fi sayesinde analog ve IP kameralar\u0131n kar\u0131\u015f\u0131k kullan\u0131m\u0131na olanak tan\u0131r.","og_url":"https:\/\/www.megaguvenlik.com\/?product=dahua-mxvr1004","og_site_name":"Mega G\u00fcvenlik Sistemleri","article_modified_time":"2025-10-14T08:35:40+00:00","og_image":[{"width":225,"height":225,"url":"https:\/\/www.megaguvenlik.com\/wp-content\/uploads\/2025\/10\/MXVR10047.png","type":"image\/png"}],"twitter_card":"summary_large_image","twitter_misc":{"Tahmini okuma s\u00fcresi":"1 dakika"},"schema":{"@context":"https:\/\/schema.org","@graph":[{"@type":"WebPage","@id":"https:\/\/www.megaguvenlik.com\/?product=dahua-mxvr1004","url":"https:\/\/www.megaguvenlik.com\/?product=dahua-mxvr1004","name":"DAHUA MXVR1004 - Mega G\u00fcvenlik Sistemleri","isPartOf":{"@id":"https:\/\/www.megaguvenlik.com\/#website"},"primaryImageOfPage":{"@id":"https:\/\/www.megaguvenlik.com\/?product=dahua-mxvr1004#primaryimage"},"image":{"@id":"https:\/\/www.megaguvenlik.com\/?product=dahua-mxvr1004#primaryimage"},"thumbnailUrl":"https:\/\/www.megaguvenlik.com\/wp-content\/uploads\/2025\/10\/MXVR10047.png","datePublished":"2025-10-14T08:34:26+00:00","dateModified":"2025-10-14T08:35:40+00:00","description":"MXVR1004, Dahua\u2019n\u0131n mobil ortamlara \u00f6zel geli\u015ftirilen Mobile XVR \/ DVR serisinden bir \u00fcr\u00fcnd\u00fcr. Ara\u00e7 i\u00e7i g\u00fcvenlik, toplu ta\u015f\u0131ma, ara\u00e7 filolar\u0131, otob\u00fcs, lojistik ara\u00e7lar\u0131, polis \/ ambulans gibi mobil ara\u00e7 uygulamalar\u0131 i\u00e7in ideal kay\u0131t \u00e7\u00f6z\u00fcm\u00fcd\u00fcr. Penta-brid deste\u011fi sayesinde analog ve IP kameralar\u0131n kar\u0131\u015f\u0131k kullan\u0131m\u0131na olanak tan\u0131r.","breadcrumb":{"@id":"https:\/\/www.megaguvenlik.com\/?product=dahua-mxvr1004#breadcrumb"},"inLanguage":"tr","potentialAction":[{"@type":"ReadAction","target":["https:\/\/www.megaguvenlik.com\/?product=dahua-mxvr1004"]}]},{"@type":"ImageObject","inLanguage":"tr","@id":"https:\/\/www.megaguvenlik.com\/?product=dahua-mxvr1004#primaryimage","url":"https:\/\/www.megaguvenlik.com\/wp-content\/uploads\/2025\/10\/MXVR10047.png","contentUrl":"https:\/\/www.megaguvenlik.com\/wp-content\/uploads\/2025\/10\/MXVR10047.png","width":225,"height":225},{"@type":"BreadcrumbList","@id":"https:\/\/www.megaguvenlik.com\/?product=dahua-mxvr1004#breadcrumb","itemListElement":[{"@type":"ListItem","position":1,"name":"Anasayfa","item":"https:\/\/www.megaguvenlik.com\/"},{"@type":"ListItem","position":2,"name":"Ma\u011faza","item":"https:\/\/www.megaguvenlik.com\/?page_id=323"},{"@type":"ListItem","position":3,"name":"DAHUA MXVR1004"}]},{"@type":"WebSite","@id":"https:\/\/www.megaguvenlik.com\/#website","url":"https:\/\/www.megaguvenlik.com\/","name":"Mega G\u00fcvenlik Sistemleri","description":"Kamera | Yang\u0131n Alarm | Network | Acil Anons","potentialAction":[{"@type":"SearchAction","target":{"@type":"EntryPoint","urlTemplate":"https:\/\/www.megaguvenlik.com\/?s={search_term_string}"},"query-input":{"@type":"PropertyValueSpecification","valueRequired":true,"valueName":"search_term_string"}}],"inLanguage":"tr"}]}},"_links":{"self":[{"href":"https:\/\/www.megaguvenlik.com\/index.php?rest_route=\/wp\/v2\/product\/4632","targetHints":{"allow":["GET"]}}],"collection":[{"href":"https:\/\/www.megaguvenlik.com\/index.php?rest_route=\/wp\/v2\/product"}],"about":[{"href":"https:\/\/www.megaguvenlik.com\/index.php?rest_route=\/wp\/v2\/types\/product"}],"replies":[{"embeddable":true,"href":"https:\/\/www.megaguvenlik.com\/index.php?rest_route=%2Fwp%2Fv2%2Fcomments&post=4632"}],"wp:featuredmedia":[{"embeddable":true,"href":"https:\/\/www.megaguvenlik.com\/index.php?rest_route=\/wp\/v2\/media\/4633"}],"wp:attachment":[{"href":"https:\/\/www.megaguvenlik.com\/index.php?rest_route=%2Fwp%2Fv2%2Fmedia&parent=4632"}],"wp:term":[{"taxonomy":"product_brand","embeddable":true,"href":"https:\/\/www.megaguvenlik.com\/index.php?rest_route=%2Fwp%2Fv2%2Fproduct_brand&post=4632"},{"taxonomy":"product_cat","embeddable":true,"href":"https:\/\/www.megaguvenlik.com\/index.php?rest_route=%2Fwp%2Fv2%2Fproduct_cat&post=4632"},{"taxonomy":"product_tag","embeddable":true,"href":"https:\/\/www.megaguvenlik.com\/index.php?rest_route=%2Fwp%2Fv2%2Fproduct_tag&post=4632"}],"curies":[{"name":"wp","href":"https:\/\/api.w.org\/{rel}","templated":true}]}}