{"id":4636,"date":"2025-10-14T11:41:05","date_gmt":"2025-10-14T08:41:05","guid":{"rendered":"https:\/\/www.megaguvenlik.com\/?post_type=product&#038;p=4636"},"modified":"2025-10-14T11:41:06","modified_gmt":"2025-10-14T08:41:06","slug":"dahua-mnvr4104-gfwi","status":"publish","type":"product","link":"https:\/\/www.megaguvenlik.com\/?product=dahua-mnvr4104-gfwi","title":{"rendered":"DAHUA MNVR4104-GFWI"},"content":{"rendered":"<p>4 Kanal H.265+ Mobil NVR (1x2TB SATA)4 Kanalda 4MP ger\u00e7ek-zamanl\u0131 kay\u0131t, 3G\/4G, GPS, Wifi Modul\u00fcP2P, SD-Kart deste\u011fi(256GB) 1 HDMI, 1 VGA, 2 TV, 3 USB,1 RJ45 port(10\/100Mbps), Alarm Giri\u015f\/\u00c7\u0131k\u0131\u015f: 9\/2, Ses Giri\u015f\/\u00c7\u0131k\u0131\u015f: 1\/1E-mark, EN50155, BIS, EN45545-2, ISO7637-2 Sertifikalar\u0131<\/p>\n","protected":false},"excerpt":{"rendered":"<p>4 Kanal H.265+ Mobil NVR (1x2TB SATA)4 Kanalda 4MP ger\u00e7ek-zamanl\u0131 kay\u0131t, 3G\/4G, GPS, Wifi Modul\u00fcP2P, SD-Kart deste\u011fi(256GB) 1 HDMI, 1 VGA, 2 TV, 3 USB,1 RJ45 port(10\/100Mbps), Alarm Giri\u015f\/\u00c7\u0131k\u0131\u015f: 9\/2, Ses Giri\u015f\/\u00c7\u0131k\u0131\u015f: 1\/1E-mark, EN50155, BIS, EN45545-2, ISO7637-2 Sertifikalar\u0131<\/p>\n","protected":false},"featured_media":4637,"comment_status":"open","ping_status":"closed","template":"","meta":[],"product_brand":[],"product_cat":[338,199,356],"product_tag":[340,339,357],"class_list":{"0":"post-4636","1":"product","2":"type-product","3":"status-publish","4":"has-post-thumbnail","6":"product_cat-dahua","7":"product_cat-kamera-sistemleri","8":"product_cat-mobile","9":"product_tag-alhua","10":"product_tag-dahua","11":"product_tag-mobile","13":"first","14":"instock","15":"taxable","16":"shipping-taxable","17":"product-type-simple"},"yoast_head":"<!-- This site is optimized with the Yoast SEO plugin v26.0 - https:\/\/yoast.com\/wordpress\/plugins\/seo\/ -->\n<title>DAHUA MNVR4104-GFWI - Mega G\u00fcvenlik Sistemleri<\/title>\n<meta name=\"description\" content=\"Dahua MNVR4104-GFWI, mobil \/ ara\u00e7 i\u00e7i g\u00fcvenlik uygulamalar\u0131 i\u00e7in tasarlanm\u0131\u015f g\u00fc\u00e7l\u00fc bir NVR cihaz\u0131d\u0131r. 4 adet PoE IP kamera giri\u015fi, H.265 s\u0131k\u0131\u015ft\u0131rma teknolojisi, AI destekli analiz \u00f6zellikleri ve geni\u015f s\u0131cakl\u0131k aral\u0131\u011f\u0131yla ara\u00e7 g\u00fcvenlik sistemleri, lojistik ara\u00e7lar\u0131, toplu ta\u015f\u0131ma ara\u00e7lar\u0131 veya mobil g\u00fcvenlik sistemleri i\u00e7in ideal bir \u00e7\u00f6z\u00fcm sunar.\" \/>\n<meta name=\"robots\" content=\"index, follow, max-snippet:-1, max-image-preview:large, max-video-preview:-1\" \/>\n<link rel=\"canonical\" href=\"https:\/\/www.megaguvenlik.com\/?product=dahua-mnvr4104-gfwi\" \/>\n<meta property=\"og:locale\" content=\"tr_TR\" \/>\n<meta property=\"og:type\" content=\"article\" \/>\n<meta property=\"og:title\" content=\"DAHUA MNVR4104-GFWI - Mega G\u00fcvenlik Sistemleri\" \/>\n<meta property=\"og:description\" content=\"Dahua MNVR4104-GFWI, mobil \/ ara\u00e7 i\u00e7i g\u00fcvenlik uygulamalar\u0131 i\u00e7in tasarlanm\u0131\u015f g\u00fc\u00e7l\u00fc bir NVR cihaz\u0131d\u0131r. 4 adet PoE IP kamera giri\u015fi, H.265 s\u0131k\u0131\u015ft\u0131rma teknolojisi, AI destekli analiz \u00f6zellikleri ve geni\u015f s\u0131cakl\u0131k aral\u0131\u011f\u0131yla ara\u00e7 g\u00fcvenlik sistemleri, lojistik ara\u00e7lar\u0131, toplu ta\u015f\u0131ma ara\u00e7lar\u0131 veya mobil g\u00fcvenlik sistemleri i\u00e7in ideal bir \u00e7\u00f6z\u00fcm sunar.\" \/>\n<meta property=\"og:url\" content=\"https:\/\/www.megaguvenlik.com\/?product=dahua-mnvr4104-gfwi\" \/>\n<meta property=\"og:site_name\" content=\"Mega G\u00fcvenlik Sistemleri\" \/>\n<meta property=\"article:modified_time\" content=\"2025-10-14T08:41:06+00:00\" \/>\n<meta property=\"og:image\" content=\"https:\/\/www.megaguvenlik.com\/wp-content\/uploads\/2025\/10\/MNVR4104-GFWI.jpeg\" \/>\n\t<meta property=\"og:image:width\" content=\"225\" \/>\n\t<meta property=\"og:image:height\" content=\"225\" \/>\n\t<meta property=\"og:image:type\" content=\"image\/jpeg\" \/>\n<meta name=\"twitter:card\" content=\"summary_large_image\" \/>\n<meta name=\"twitter:label1\" content=\"Tahmini okuma s\u00fcresi\" \/>\n\t<meta name=\"twitter:data1\" content=\"1 dakika\" \/>\n<script type=\"application\/ld+json\" class=\"yoast-schema-graph\">{\"@context\":\"https:\/\/schema.org\",\"@graph\":[{\"@type\":\"WebPage\",\"@id\":\"https:\/\/www.megaguvenlik.com\/?product=dahua-mnvr4104-gfwi\",\"url\":\"https:\/\/www.megaguvenlik.com\/?product=dahua-mnvr4104-gfwi\",\"name\":\"DAHUA MNVR4104-GFWI - Mega G\u00fcvenlik Sistemleri\",\"isPartOf\":{\"@id\":\"https:\/\/www.megaguvenlik.com\/#website\"},\"primaryImageOfPage\":{\"@id\":\"https:\/\/www.megaguvenlik.com\/?product=dahua-mnvr4104-gfwi#primaryimage\"},\"image\":{\"@id\":\"https:\/\/www.megaguvenlik.com\/?product=dahua-mnvr4104-gfwi#primaryimage\"},\"thumbnailUrl\":\"https:\/\/www.megaguvenlik.com\/wp-content\/uploads\/2025\/10\/MNVR4104-GFWI.jpeg\",\"datePublished\":\"2025-10-14T08:41:05+00:00\",\"dateModified\":\"2025-10-14T08:41:06+00:00\",\"description\":\"Dahua MNVR4104-GFWI, mobil \/ ara\u00e7 i\u00e7i g\u00fcvenlik uygulamalar\u0131 i\u00e7in tasarlanm\u0131\u015f g\u00fc\u00e7l\u00fc bir NVR cihaz\u0131d\u0131r. 4 adet PoE IP kamera giri\u015fi, H.265 s\u0131k\u0131\u015ft\u0131rma teknolojisi, AI destekli analiz \u00f6zellikleri ve geni\u015f s\u0131cakl\u0131k aral\u0131\u011f\u0131yla ara\u00e7 g\u00fcvenlik sistemleri, lojistik ara\u00e7lar\u0131, toplu ta\u015f\u0131ma ara\u00e7lar\u0131 veya mobil g\u00fcvenlik sistemleri i\u00e7in ideal bir \u00e7\u00f6z\u00fcm sunar.\",\"breadcrumb\":{\"@id\":\"https:\/\/www.megaguvenlik.com\/?product=dahua-mnvr4104-gfwi#breadcrumb\"},\"inLanguage\":\"tr\",\"potentialAction\":[{\"@type\":\"ReadAction\",\"target\":[\"https:\/\/www.megaguvenlik.com\/?product=dahua-mnvr4104-gfwi\"]}]},{\"@type\":\"ImageObject\",\"inLanguage\":\"tr\",\"@id\":\"https:\/\/www.megaguvenlik.com\/?product=dahua-mnvr4104-gfwi#primaryimage\",\"url\":\"https:\/\/www.megaguvenlik.com\/wp-content\/uploads\/2025\/10\/MNVR4104-GFWI.jpeg\",\"contentUrl\":\"https:\/\/www.megaguvenlik.com\/wp-content\/uploads\/2025\/10\/MNVR4104-GFWI.jpeg\",\"width\":225,\"height\":225},{\"@type\":\"BreadcrumbList\",\"@id\":\"https:\/\/www.megaguvenlik.com\/?product=dahua-mnvr4104-gfwi#breadcrumb\",\"itemListElement\":[{\"@type\":\"ListItem\",\"position\":1,\"name\":\"Anasayfa\",\"item\":\"https:\/\/www.megaguvenlik.com\/\"},{\"@type\":\"ListItem\",\"position\":2,\"name\":\"Ma\u011faza\",\"item\":\"https:\/\/www.megaguvenlik.com\/?page_id=323\"},{\"@type\":\"ListItem\",\"position\":3,\"name\":\"DAHUA MNVR4104-GFWI\"}]},{\"@type\":\"WebSite\",\"@id\":\"https:\/\/www.megaguvenlik.com\/#website\",\"url\":\"https:\/\/www.megaguvenlik.com\/\",\"name\":\"Mega G\u00fcvenlik Sistemleri\",\"description\":\"Kamera | Yang\u0131n Alarm | Network | Acil Anons\",\"potentialAction\":[{\"@type\":\"SearchAction\",\"target\":{\"@type\":\"EntryPoint\",\"urlTemplate\":\"https:\/\/www.megaguvenlik.com\/?s={search_term_string}\"},\"query-input\":{\"@type\":\"PropertyValueSpecification\",\"valueRequired\":true,\"valueName\":\"search_term_string\"}}],\"inLanguage\":\"tr\"}]}<\/script>\n<!-- \/ Yoast SEO plugin. -->","yoast_head_json":{"title":"DAHUA MNVR4104-GFWI - Mega G\u00fcvenlik Sistemleri","description":"Dahua MNVR4104-GFWI, mobil \/ ara\u00e7 i\u00e7i g\u00fcvenlik uygulamalar\u0131 i\u00e7in tasarlanm\u0131\u015f g\u00fc\u00e7l\u00fc bir NVR cihaz\u0131d\u0131r. 4 adet PoE IP kamera giri\u015fi, H.265 s\u0131k\u0131\u015ft\u0131rma teknolojisi, AI destekli analiz \u00f6zellikleri ve geni\u015f s\u0131cakl\u0131k aral\u0131\u011f\u0131yla ara\u00e7 g\u00fcvenlik sistemleri, lojistik ara\u00e7lar\u0131, toplu ta\u015f\u0131ma ara\u00e7lar\u0131 veya mobil g\u00fcvenlik sistemleri i\u00e7in ideal bir \u00e7\u00f6z\u00fcm sunar.","robots":{"index":"index","follow":"follow","max-snippet":"max-snippet:-1","max-image-preview":"max-image-preview:large","max-video-preview":"max-video-preview:-1"},"canonical":"https:\/\/www.megaguvenlik.com\/?product=dahua-mnvr4104-gfwi","og_locale":"tr_TR","og_type":"article","og_title":"DAHUA MNVR4104-GFWI - Mega G\u00fcvenlik Sistemleri","og_description":"Dahua MNVR4104-GFWI, mobil \/ ara\u00e7 i\u00e7i g\u00fcvenlik uygulamalar\u0131 i\u00e7in tasarlanm\u0131\u015f g\u00fc\u00e7l\u00fc bir NVR cihaz\u0131d\u0131r. 4 adet PoE IP kamera giri\u015fi, H.265 s\u0131k\u0131\u015ft\u0131rma teknolojisi, AI destekli analiz \u00f6zellikleri ve geni\u015f s\u0131cakl\u0131k aral\u0131\u011f\u0131yla ara\u00e7 g\u00fcvenlik sistemleri, lojistik ara\u00e7lar\u0131, toplu ta\u015f\u0131ma ara\u00e7lar\u0131 veya mobil g\u00fcvenlik sistemleri i\u00e7in ideal bir \u00e7\u00f6z\u00fcm sunar.","og_url":"https:\/\/www.megaguvenlik.com\/?product=dahua-mnvr4104-gfwi","og_site_name":"Mega G\u00fcvenlik Sistemleri","article_modified_time":"2025-10-14T08:41:06+00:00","og_image":[{"width":225,"height":225,"url":"https:\/\/www.megaguvenlik.com\/wp-content\/uploads\/2025\/10\/MNVR4104-GFWI.jpeg","type":"image\/jpeg"}],"twitter_card":"summary_large_image","twitter_misc":{"Tahmini okuma s\u00fcresi":"1 dakika"},"schema":{"@context":"https:\/\/schema.org","@graph":[{"@type":"WebPage","@id":"https:\/\/www.megaguvenlik.com\/?product=dahua-mnvr4104-gfwi","url":"https:\/\/www.megaguvenlik.com\/?product=dahua-mnvr4104-gfwi","name":"DAHUA MNVR4104-GFWI - Mega G\u00fcvenlik Sistemleri","isPartOf":{"@id":"https:\/\/www.megaguvenlik.com\/#website"},"primaryImageOfPage":{"@id":"https:\/\/www.megaguvenlik.com\/?product=dahua-mnvr4104-gfwi#primaryimage"},"image":{"@id":"https:\/\/www.megaguvenlik.com\/?product=dahua-mnvr4104-gfwi#primaryimage"},"thumbnailUrl":"https:\/\/www.megaguvenlik.com\/wp-content\/uploads\/2025\/10\/MNVR4104-GFWI.jpeg","datePublished":"2025-10-14T08:41:05+00:00","dateModified":"2025-10-14T08:41:06+00:00","description":"Dahua MNVR4104-GFWI, mobil \/ ara\u00e7 i\u00e7i g\u00fcvenlik uygulamalar\u0131 i\u00e7in tasarlanm\u0131\u015f g\u00fc\u00e7l\u00fc bir NVR cihaz\u0131d\u0131r. 4 adet PoE IP kamera giri\u015fi, H.265 s\u0131k\u0131\u015ft\u0131rma teknolojisi, AI destekli analiz \u00f6zellikleri ve geni\u015f s\u0131cakl\u0131k aral\u0131\u011f\u0131yla ara\u00e7 g\u00fcvenlik sistemleri, lojistik ara\u00e7lar\u0131, toplu ta\u015f\u0131ma ara\u00e7lar\u0131 veya mobil g\u00fcvenlik sistemleri i\u00e7in ideal bir \u00e7\u00f6z\u00fcm sunar.","breadcrumb":{"@id":"https:\/\/www.megaguvenlik.com\/?product=dahua-mnvr4104-gfwi#breadcrumb"},"inLanguage":"tr","potentialAction":[{"@type":"ReadAction","target":["https:\/\/www.megaguvenlik.com\/?product=dahua-mnvr4104-gfwi"]}]},{"@type":"ImageObject","inLanguage":"tr","@id":"https:\/\/www.megaguvenlik.com\/?product=dahua-mnvr4104-gfwi#primaryimage","url":"https:\/\/www.megaguvenlik.com\/wp-content\/uploads\/2025\/10\/MNVR4104-GFWI.jpeg","contentUrl":"https:\/\/www.megaguvenlik.com\/wp-content\/uploads\/2025\/10\/MNVR4104-GFWI.jpeg","width":225,"height":225},{"@type":"BreadcrumbList","@id":"https:\/\/www.megaguvenlik.com\/?product=dahua-mnvr4104-gfwi#breadcrumb","itemListElement":[{"@type":"ListItem","position":1,"name":"Anasayfa","item":"https:\/\/www.megaguvenlik.com\/"},{"@type":"ListItem","position":2,"name":"Ma\u011faza","item":"https:\/\/www.megaguvenlik.com\/?page_id=323"},{"@type":"ListItem","position":3,"name":"DAHUA MNVR4104-GFWI"}]},{"@type":"WebSite","@id":"https:\/\/www.megaguvenlik.com\/#website","url":"https:\/\/www.megaguvenlik.com\/","name":"Mega G\u00fcvenlik Sistemleri","description":"Kamera | Yang\u0131n Alarm | Network | Acil Anons","potentialAction":[{"@type":"SearchAction","target":{"@type":"EntryPoint","urlTemplate":"https:\/\/www.megaguvenlik.com\/?s={search_term_string}"},"query-input":{"@type":"PropertyValueSpecification","valueRequired":true,"valueName":"search_term_string"}}],"inLanguage":"tr"}]}},"_links":{"self":[{"href":"https:\/\/www.megaguvenlik.com\/index.php?rest_route=\/wp\/v2\/product\/4636","targetHints":{"allow":["GET"]}}],"collection":[{"href":"https:\/\/www.megaguvenlik.com\/index.php?rest_route=\/wp\/v2\/product"}],"about":[{"href":"https:\/\/www.megaguvenlik.com\/index.php?rest_route=\/wp\/v2\/types\/product"}],"replies":[{"embeddable":true,"href":"https:\/\/www.megaguvenlik.com\/index.php?rest_route=%2Fwp%2Fv2%2Fcomments&post=4636"}],"wp:featuredmedia":[{"embeddable":true,"href":"https:\/\/www.megaguvenlik.com\/index.php?rest_route=\/wp\/v2\/media\/4637"}],"wp:attachment":[{"href":"https:\/\/www.megaguvenlik.com\/index.php?rest_route=%2Fwp%2Fv2%2Fmedia&parent=4636"}],"wp:term":[{"taxonomy":"product_brand","embeddable":true,"href":"https:\/\/www.megaguvenlik.com\/index.php?rest_route=%2Fwp%2Fv2%2Fproduct_brand&post=4636"},{"taxonomy":"product_cat","embeddable":true,"href":"https:\/\/www.megaguvenlik.com\/index.php?rest_route=%2Fwp%2Fv2%2Fproduct_cat&post=4636"},{"taxonomy":"product_tag","embeddable":true,"href":"https:\/\/www.megaguvenlik.com\/index.php?rest_route=%2Fwp%2Fv2%2Fproduct_tag&post=4636"}],"curies":[{"name":"wp","href":"https:\/\/api.w.org\/{rel}","templated":true}]}}