{"id":4640,"date":"2025-10-14T13:47:41","date_gmt":"2025-10-14T10:47:41","guid":{"rendered":"https:\/\/www.megaguvenlik.com\/?post_type=product&#038;p=4640"},"modified":"2025-10-14T13:47:42","modified_gmt":"2025-10-14T10:47:42","slug":"dahua-ipc-mbw4231-as","status":"publish","type":"product","link":"https:\/\/www.megaguvenlik.com\/?product=dahua-ipc-mbw4231-as","title":{"rendered":"DAHUA IPC-MBW4231-AS"},"content":{"rendered":"<p>2MP IR Mobil Network Kamera ) 1 \/ 2.8 &#8221; 2 Megapiksel progressive scan STRAVIS\u2122 CMOS sens\u00f6r, H.265 &amp; H.264 \u00fc\u00e7l\u00fc ak\u0131\u015f kodlama, 50\/60 fps @ 1080p (1920\u00d71080) \u00e7\u00f6z\u00fcn\u00fcrl\u00fck, WDR (120dB), Gece\/G\u00fcnd\u00fcz (ICR), 3DNR, AWB, AGC, BLC, WDR (120dB), Gece\/G\u00fcnd\u00fcz (ICR), 3DNR, AWB, AGC, BLC,<br \/>\nMaksimum IR LED mesafesi 30 m, Micro SD haf\u0131za deste\u011fi, IP67, IK10, IP6K9K koruma s\u0131n\u0131flar\u0131, PoE deste\u011fi, E-MARK sertifikas\u0131 (ECE-Reg\u00fclasyon No.10).<\/p>\n","protected":false},"excerpt":{"rendered":"<p>2MP IR Mobil Network Kamera ) 1 \/ 2.8 &#8221; 2 Megapiksel progressive scan STRAVIS\u2122 CMOS sens\u00f6r, H.265 &amp; H.264 \u00fc\u00e7l\u00fc ak\u0131\u015f kodlama, 50\/60 fps @ 1080p (1920\u00d71080) \u00e7\u00f6z\u00fcn\u00fcrl\u00fck, WDR (120dB), Gece\/G\u00fcnd\u00fcz (ICR), 3DNR, AWB, AGC, BLC, WDR (120dB), Gece\/G\u00fcnd\u00fcz (ICR), 3DNR, AWB, AGC, BLC,<br \/>\nMaksimum IR LED mesafesi 30 m, Micro SD haf\u0131za deste\u011fi, IP67, IK10, IP6K9K koruma s\u0131n\u0131flar\u0131, PoE deste\u011fi, E-MARK sertifikas\u0131 (ECE-Reg\u00fclasyon No.10).<\/p>\n","protected":false},"featured_media":4641,"comment_status":"open","ping_status":"closed","template":"","meta":[],"product_brand":[],"product_cat":[338,199,356],"product_tag":[340,339,357],"class_list":{"0":"post-4640","1":"product","2":"type-product","3":"status-publish","4":"has-post-thumbnail","6":"product_cat-dahua","7":"product_cat-kamera-sistemleri","8":"product_cat-mobile","9":"product_tag-alhua","10":"product_tag-dahua","11":"product_tag-mobile","13":"first","14":"instock","15":"taxable","16":"shipping-taxable","17":"product-type-simple"},"yoast_head":"<!-- This site is optimized with the Yoast SEO plugin v26.0 - https:\/\/yoast.com\/wordpress\/plugins\/seo\/ -->\n<title>DAHUA IPC-MBW4231-AS - Mega G\u00fcvenlik Sistemleri<\/title>\n<meta name=\"description\" content=\"Dahua IPC-MBW4231-AS\/M12, \u00f6zellikle ara\u00e7 i\u00e7i g\u00fcvenlik ve mobil izleme uygulamalar\u0131 i\u00e7in tasarlanm\u0131\u015f bir 2MP IR IP kamerad\u0131r. EN50155 ve ECE R10 (E-Mark) sertifikalar\u0131 sayesinde zorlu \u00e7evresel ko\u015fullarda g\u00fcvenilir performans sunar.\" \/>\n<meta name=\"robots\" content=\"index, follow, max-snippet:-1, max-image-preview:large, max-video-preview:-1\" \/>\n<link rel=\"canonical\" href=\"https:\/\/www.megaguvenlik.com\/?product=dahua-ipc-mbw4231-as\" \/>\n<meta property=\"og:locale\" content=\"tr_TR\" \/>\n<meta property=\"og:type\" content=\"article\" \/>\n<meta property=\"og:title\" content=\"DAHUA IPC-MBW4231-AS - Mega G\u00fcvenlik Sistemleri\" \/>\n<meta property=\"og:description\" content=\"Dahua IPC-MBW4231-AS\/M12, \u00f6zellikle ara\u00e7 i\u00e7i g\u00fcvenlik ve mobil izleme uygulamalar\u0131 i\u00e7in tasarlanm\u0131\u015f bir 2MP IR IP kamerad\u0131r. EN50155 ve ECE R10 (E-Mark) sertifikalar\u0131 sayesinde zorlu \u00e7evresel ko\u015fullarda g\u00fcvenilir performans sunar.\" \/>\n<meta property=\"og:url\" content=\"https:\/\/www.megaguvenlik.com\/?product=dahua-ipc-mbw4231-as\" \/>\n<meta property=\"og:site_name\" content=\"Mega G\u00fcvenlik Sistemleri\" \/>\n<meta property=\"article:modified_time\" content=\"2025-10-14T10:47:42+00:00\" \/>\n<meta property=\"og:image\" content=\"https:\/\/www.megaguvenlik.com\/wp-content\/uploads\/2025\/10\/IPC-MBW4231-AS.jpeg\" \/>\n\t<meta property=\"og:image:width\" content=\"225\" \/>\n\t<meta property=\"og:image:height\" content=\"225\" \/>\n\t<meta property=\"og:image:type\" content=\"image\/jpeg\" \/>\n<meta name=\"twitter:card\" content=\"summary_large_image\" \/>\n<meta name=\"twitter:label1\" content=\"Tahmini okuma s\u00fcresi\" \/>\n\t<meta name=\"twitter:data1\" content=\"1 dakika\" \/>\n<script type=\"application\/ld+json\" class=\"yoast-schema-graph\">{\"@context\":\"https:\/\/schema.org\",\"@graph\":[{\"@type\":\"WebPage\",\"@id\":\"https:\/\/www.megaguvenlik.com\/?product=dahua-ipc-mbw4231-as\",\"url\":\"https:\/\/www.megaguvenlik.com\/?product=dahua-ipc-mbw4231-as\",\"name\":\"DAHUA IPC-MBW4231-AS - Mega G\u00fcvenlik Sistemleri\",\"isPartOf\":{\"@id\":\"https:\/\/www.megaguvenlik.com\/#website\"},\"primaryImageOfPage\":{\"@id\":\"https:\/\/www.megaguvenlik.com\/?product=dahua-ipc-mbw4231-as#primaryimage\"},\"image\":{\"@id\":\"https:\/\/www.megaguvenlik.com\/?product=dahua-ipc-mbw4231-as#primaryimage\"},\"thumbnailUrl\":\"https:\/\/www.megaguvenlik.com\/wp-content\/uploads\/2025\/10\/IPC-MBW4231-AS.jpeg\",\"datePublished\":\"2025-10-14T10:47:41+00:00\",\"dateModified\":\"2025-10-14T10:47:42+00:00\",\"description\":\"Dahua IPC-MBW4231-AS\/M12, \u00f6zellikle ara\u00e7 i\u00e7i g\u00fcvenlik ve mobil izleme uygulamalar\u0131 i\u00e7in tasarlanm\u0131\u015f bir 2MP IR IP kamerad\u0131r. EN50155 ve ECE R10 (E-Mark) sertifikalar\u0131 sayesinde zorlu \u00e7evresel ko\u015fullarda g\u00fcvenilir performans sunar.\",\"breadcrumb\":{\"@id\":\"https:\/\/www.megaguvenlik.com\/?product=dahua-ipc-mbw4231-as#breadcrumb\"},\"inLanguage\":\"tr\",\"potentialAction\":[{\"@type\":\"ReadAction\",\"target\":[\"https:\/\/www.megaguvenlik.com\/?product=dahua-ipc-mbw4231-as\"]}]},{\"@type\":\"ImageObject\",\"inLanguage\":\"tr\",\"@id\":\"https:\/\/www.megaguvenlik.com\/?product=dahua-ipc-mbw4231-as#primaryimage\",\"url\":\"https:\/\/www.megaguvenlik.com\/wp-content\/uploads\/2025\/10\/IPC-MBW4231-AS.jpeg\",\"contentUrl\":\"https:\/\/www.megaguvenlik.com\/wp-content\/uploads\/2025\/10\/IPC-MBW4231-AS.jpeg\",\"width\":225,\"height\":225},{\"@type\":\"BreadcrumbList\",\"@id\":\"https:\/\/www.megaguvenlik.com\/?product=dahua-ipc-mbw4231-as#breadcrumb\",\"itemListElement\":[{\"@type\":\"ListItem\",\"position\":1,\"name\":\"Anasayfa\",\"item\":\"https:\/\/www.megaguvenlik.com\/\"},{\"@type\":\"ListItem\",\"position\":2,\"name\":\"Ma\u011faza\",\"item\":\"https:\/\/www.megaguvenlik.com\/?page_id=323\"},{\"@type\":\"ListItem\",\"position\":3,\"name\":\"DAHUA IPC-MBW4231-AS\"}]},{\"@type\":\"WebSite\",\"@id\":\"https:\/\/www.megaguvenlik.com\/#website\",\"url\":\"https:\/\/www.megaguvenlik.com\/\",\"name\":\"Mega G\u00fcvenlik Sistemleri\",\"description\":\"Kamera | Yang\u0131n Alarm | Network | Acil Anons\",\"potentialAction\":[{\"@type\":\"SearchAction\",\"target\":{\"@type\":\"EntryPoint\",\"urlTemplate\":\"https:\/\/www.megaguvenlik.com\/?s={search_term_string}\"},\"query-input\":{\"@type\":\"PropertyValueSpecification\",\"valueRequired\":true,\"valueName\":\"search_term_string\"}}],\"inLanguage\":\"tr\"}]}<\/script>\n<!-- \/ Yoast SEO plugin. -->","yoast_head_json":{"title":"DAHUA IPC-MBW4231-AS - Mega G\u00fcvenlik Sistemleri","description":"Dahua IPC-MBW4231-AS\/M12, \u00f6zellikle ara\u00e7 i\u00e7i g\u00fcvenlik ve mobil izleme uygulamalar\u0131 i\u00e7in tasarlanm\u0131\u015f bir 2MP IR IP kamerad\u0131r. EN50155 ve ECE R10 (E-Mark) sertifikalar\u0131 sayesinde zorlu \u00e7evresel ko\u015fullarda g\u00fcvenilir performans sunar.","robots":{"index":"index","follow":"follow","max-snippet":"max-snippet:-1","max-image-preview":"max-image-preview:large","max-video-preview":"max-video-preview:-1"},"canonical":"https:\/\/www.megaguvenlik.com\/?product=dahua-ipc-mbw4231-as","og_locale":"tr_TR","og_type":"article","og_title":"DAHUA IPC-MBW4231-AS - Mega G\u00fcvenlik Sistemleri","og_description":"Dahua IPC-MBW4231-AS\/M12, \u00f6zellikle ara\u00e7 i\u00e7i g\u00fcvenlik ve mobil izleme uygulamalar\u0131 i\u00e7in tasarlanm\u0131\u015f bir 2MP IR IP kamerad\u0131r. EN50155 ve ECE R10 (E-Mark) sertifikalar\u0131 sayesinde zorlu \u00e7evresel ko\u015fullarda g\u00fcvenilir performans sunar.","og_url":"https:\/\/www.megaguvenlik.com\/?product=dahua-ipc-mbw4231-as","og_site_name":"Mega G\u00fcvenlik Sistemleri","article_modified_time":"2025-10-14T10:47:42+00:00","og_image":[{"width":225,"height":225,"url":"https:\/\/www.megaguvenlik.com\/wp-content\/uploads\/2025\/10\/IPC-MBW4231-AS.jpeg","type":"image\/jpeg"}],"twitter_card":"summary_large_image","twitter_misc":{"Tahmini okuma s\u00fcresi":"1 dakika"},"schema":{"@context":"https:\/\/schema.org","@graph":[{"@type":"WebPage","@id":"https:\/\/www.megaguvenlik.com\/?product=dahua-ipc-mbw4231-as","url":"https:\/\/www.megaguvenlik.com\/?product=dahua-ipc-mbw4231-as","name":"DAHUA IPC-MBW4231-AS - Mega G\u00fcvenlik Sistemleri","isPartOf":{"@id":"https:\/\/www.megaguvenlik.com\/#website"},"primaryImageOfPage":{"@id":"https:\/\/www.megaguvenlik.com\/?product=dahua-ipc-mbw4231-as#primaryimage"},"image":{"@id":"https:\/\/www.megaguvenlik.com\/?product=dahua-ipc-mbw4231-as#primaryimage"},"thumbnailUrl":"https:\/\/www.megaguvenlik.com\/wp-content\/uploads\/2025\/10\/IPC-MBW4231-AS.jpeg","datePublished":"2025-10-14T10:47:41+00:00","dateModified":"2025-10-14T10:47:42+00:00","description":"Dahua IPC-MBW4231-AS\/M12, \u00f6zellikle ara\u00e7 i\u00e7i g\u00fcvenlik ve mobil izleme uygulamalar\u0131 i\u00e7in tasarlanm\u0131\u015f bir 2MP IR IP kamerad\u0131r. EN50155 ve ECE R10 (E-Mark) sertifikalar\u0131 sayesinde zorlu \u00e7evresel ko\u015fullarda g\u00fcvenilir performans sunar.","breadcrumb":{"@id":"https:\/\/www.megaguvenlik.com\/?product=dahua-ipc-mbw4231-as#breadcrumb"},"inLanguage":"tr","potentialAction":[{"@type":"ReadAction","target":["https:\/\/www.megaguvenlik.com\/?product=dahua-ipc-mbw4231-as"]}]},{"@type":"ImageObject","inLanguage":"tr","@id":"https:\/\/www.megaguvenlik.com\/?product=dahua-ipc-mbw4231-as#primaryimage","url":"https:\/\/www.megaguvenlik.com\/wp-content\/uploads\/2025\/10\/IPC-MBW4231-AS.jpeg","contentUrl":"https:\/\/www.megaguvenlik.com\/wp-content\/uploads\/2025\/10\/IPC-MBW4231-AS.jpeg","width":225,"height":225},{"@type":"BreadcrumbList","@id":"https:\/\/www.megaguvenlik.com\/?product=dahua-ipc-mbw4231-as#breadcrumb","itemListElement":[{"@type":"ListItem","position":1,"name":"Anasayfa","item":"https:\/\/www.megaguvenlik.com\/"},{"@type":"ListItem","position":2,"name":"Ma\u011faza","item":"https:\/\/www.megaguvenlik.com\/?page_id=323"},{"@type":"ListItem","position":3,"name":"DAHUA IPC-MBW4231-AS"}]},{"@type":"WebSite","@id":"https:\/\/www.megaguvenlik.com\/#website","url":"https:\/\/www.megaguvenlik.com\/","name":"Mega G\u00fcvenlik Sistemleri","description":"Kamera | Yang\u0131n Alarm | Network | Acil Anons","potentialAction":[{"@type":"SearchAction","target":{"@type":"EntryPoint","urlTemplate":"https:\/\/www.megaguvenlik.com\/?s={search_term_string}"},"query-input":{"@type":"PropertyValueSpecification","valueRequired":true,"valueName":"search_term_string"}}],"inLanguage":"tr"}]}},"_links":{"self":[{"href":"https:\/\/www.megaguvenlik.com\/index.php?rest_route=\/wp\/v2\/product\/4640","targetHints":{"allow":["GET"]}}],"collection":[{"href":"https:\/\/www.megaguvenlik.com\/index.php?rest_route=\/wp\/v2\/product"}],"about":[{"href":"https:\/\/www.megaguvenlik.com\/index.php?rest_route=\/wp\/v2\/types\/product"}],"replies":[{"embeddable":true,"href":"https:\/\/www.megaguvenlik.com\/index.php?rest_route=%2Fwp%2Fv2%2Fcomments&post=4640"}],"wp:featuredmedia":[{"embeddable":true,"href":"https:\/\/www.megaguvenlik.com\/index.php?rest_route=\/wp\/v2\/media\/4641"}],"wp:attachment":[{"href":"https:\/\/www.megaguvenlik.com\/index.php?rest_route=%2Fwp%2Fv2%2Fmedia&parent=4640"}],"wp:term":[{"taxonomy":"product_brand","embeddable":true,"href":"https:\/\/www.megaguvenlik.com\/index.php?rest_route=%2Fwp%2Fv2%2Fproduct_brand&post=4640"},{"taxonomy":"product_cat","embeddable":true,"href":"https:\/\/www.megaguvenlik.com\/index.php?rest_route=%2Fwp%2Fv2%2Fproduct_cat&post=4640"},{"taxonomy":"product_tag","embeddable":true,"href":"https:\/\/www.megaguvenlik.com\/index.php?rest_route=%2Fwp%2Fv2%2Fproduct_tag&post=4640"}],"curies":[{"name":"wp","href":"https:\/\/api.w.org\/{rel}","templated":true}]}}