{"id":4642,"date":"2025-10-14T13:56:19","date_gmt":"2025-10-14T10:56:19","guid":{"rendered":"https:\/\/www.megaguvenlik.com\/?post_type=product&#038;p=4642"},"modified":"2025-10-14T13:56:42","modified_gmt":"2025-10-14T10:56:42","slug":"tpc-bf1241-b3f4","status":"publish","type":"product","link":"https:\/\/www.megaguvenlik.com\/?product=tpc-bf1241-b3f4","title":{"rendered":"DAHUA TPC-BF1241-B3F4"},"content":{"rendered":"<p>4MP Termal Network Mini Hibrit Bullet Kamera Vanadyum oksit so\u011futmas\u0131z odak d\u00fczlem dedekt\u00f6r\u00fc, 4MP progressive scan CMOS sens\u00f6r, Yapay zeka i\u015flevleri: \u0131s\u0131 alg\u0131lama, tetikleyici (tripwire), insan\/ara\u00e7 s\u0131n\u0131fland\u0131rmas\u0131, duman alg\u0131lama ve \u00e7a\u011fr\u0131 alg\u0131lama. Dahili beyaz \u0131\u015f\u0131k ve sesli alarm, Uzaktan yard\u0131mc\u0131 y\u00f6netim, \u00c7ift g\u00f6r\u00fcnt\u00fc f\u00fczyonu (g\u00f6rsel + termal), 12 VDC \u00b1%20 geni\u015f voltaj aral\u0131\u011f\u0131 ve PoE deste\u011fi, IP67 koruma s\u0131n\u0131f\u0131.<\/p>\n","protected":false},"excerpt":{"rendered":"<p>4MP Termal Network Mini Hibrit Bullet Kamera Vanadyum oksit so\u011futmas\u0131z odak d\u00fczlem dedekt\u00f6r\u00fc, 4MP progressive scan CMOS sens\u00f6r, Yapay zeka i\u015flevleri: \u0131s\u0131 alg\u0131lama, tetikleyici (tripwire), insan\/ara\u00e7 s\u0131n\u0131fland\u0131rmas\u0131, duman alg\u0131lama ve \u00e7a\u011fr\u0131 alg\u0131lama. Dahili beyaz \u0131\u015f\u0131k ve sesli alarm, Uzaktan yard\u0131mc\u0131 y\u00f6netim, \u00c7ift g\u00f6r\u00fcnt\u00fc f\u00fczyonu (g\u00f6rsel + termal), 12 VDC \u00b1%20 geni\u015f voltaj aral\u0131\u011f\u0131 ve PoE deste\u011fi, IP67 koruma s\u0131n\u0131f\u0131.<\/p>\n","protected":false},"featured_media":4643,"comment_status":"open","ping_status":"closed","template":"","meta":[],"product_brand":[],"product_cat":[338,199,358],"product_tag":[340,339,359],"class_list":{"0":"post-4642","1":"product","2":"type-product","3":"status-publish","4":"has-post-thumbnail","6":"product_cat-dahua","7":"product_cat-kamera-sistemleri","8":"product_cat-thermal-camera","9":"product_tag-alhua","10":"product_tag-dahua","11":"product_tag-thermal-camera","13":"first","14":"instock","15":"taxable","16":"shipping-taxable","17":"product-type-simple"},"yoast_head":"<!-- This site is optimized with the Yoast SEO plugin v26.0 - https:\/\/yoast.com\/wordpress\/plugins\/seo\/ -->\n<title>DAHUA TPC-BF1241-B3F4 - Mega G\u00fcvenlik Sistemleri<\/title>\n<meta name=\"description\" content=\"TPC-BF1241-B3F4-S2, Dahua\u2019n\u0131n Eureka Serisi \u00fcr\u00fcnlerinden biri olan, hem termal hem de optik g\u00f6r\u00fcnt\u00fcleme yapabilen hibrit bullet kamerad\u0131r. \u00d6zellikle \u00e7evre g\u00fcvenli\u011fi, tesis s\u0131n\u0131rlar\u0131 ve k\u0131sa mesafe izleme i\u00e7in idealdir. Yapay zek\u00e2 destekli analiz \u00f6zellikleri sayesinde hem g\u00fcnd\u00fcz hem gece ko\u015fullar\u0131nda y\u00fcksek g\u00fcvenlik sa\u011flar.\" \/>\n<meta name=\"robots\" content=\"index, follow, max-snippet:-1, max-image-preview:large, max-video-preview:-1\" \/>\n<link rel=\"canonical\" href=\"https:\/\/www.megaguvenlik.com\/?product=tpc-bf1241-b3f4\" \/>\n<meta property=\"og:locale\" content=\"tr_TR\" \/>\n<meta property=\"og:type\" content=\"article\" \/>\n<meta property=\"og:title\" content=\"DAHUA TPC-BF1241-B3F4 - Mega G\u00fcvenlik Sistemleri\" \/>\n<meta property=\"og:description\" content=\"TPC-BF1241-B3F4-S2, Dahua\u2019n\u0131n Eureka Serisi \u00fcr\u00fcnlerinden biri olan, hem termal hem de optik g\u00f6r\u00fcnt\u00fcleme yapabilen hibrit bullet kamerad\u0131r. \u00d6zellikle \u00e7evre g\u00fcvenli\u011fi, tesis s\u0131n\u0131rlar\u0131 ve k\u0131sa mesafe izleme i\u00e7in idealdir. Yapay zek\u00e2 destekli analiz \u00f6zellikleri sayesinde hem g\u00fcnd\u00fcz hem gece ko\u015fullar\u0131nda y\u00fcksek g\u00fcvenlik sa\u011flar.\" \/>\n<meta property=\"og:url\" content=\"https:\/\/www.megaguvenlik.com\/?product=tpc-bf1241-b3f4\" \/>\n<meta property=\"og:site_name\" content=\"Mega G\u00fcvenlik Sistemleri\" \/>\n<meta property=\"article:modified_time\" content=\"2025-10-14T10:56:42+00:00\" \/>\n<meta property=\"og:image\" content=\"https:\/\/www.megaguvenlik.com\/wp-content\/uploads\/2025\/10\/TPC-BF1241-B3F4.jpeg\" \/>\n\t<meta property=\"og:image:width\" content=\"225\" \/>\n\t<meta property=\"og:image:height\" content=\"225\" \/>\n\t<meta property=\"og:image:type\" content=\"image\/jpeg\" \/>\n<meta name=\"twitter:card\" content=\"summary_large_image\" \/>\n<meta name=\"twitter:label1\" content=\"Tahmini okuma s\u00fcresi\" \/>\n\t<meta name=\"twitter:data1\" content=\"1 dakika\" \/>\n<script type=\"application\/ld+json\" class=\"yoast-schema-graph\">{\"@context\":\"https:\/\/schema.org\",\"@graph\":[{\"@type\":\"WebPage\",\"@id\":\"https:\/\/www.megaguvenlik.com\/?product=tpc-bf1241-b3f4\",\"url\":\"https:\/\/www.megaguvenlik.com\/?product=tpc-bf1241-b3f4\",\"name\":\"DAHUA TPC-BF1241-B3F4 - Mega G\u00fcvenlik Sistemleri\",\"isPartOf\":{\"@id\":\"https:\/\/www.megaguvenlik.com\/#website\"},\"primaryImageOfPage\":{\"@id\":\"https:\/\/www.megaguvenlik.com\/?product=tpc-bf1241-b3f4#primaryimage\"},\"image\":{\"@id\":\"https:\/\/www.megaguvenlik.com\/?product=tpc-bf1241-b3f4#primaryimage\"},\"thumbnailUrl\":\"https:\/\/www.megaguvenlik.com\/wp-content\/uploads\/2025\/10\/TPC-BF1241-B3F4.jpeg\",\"datePublished\":\"2025-10-14T10:56:19+00:00\",\"dateModified\":\"2025-10-14T10:56:42+00:00\",\"description\":\"TPC-BF1241-B3F4-S2, Dahua\u2019n\u0131n Eureka Serisi \u00fcr\u00fcnlerinden biri olan, hem termal hem de optik g\u00f6r\u00fcnt\u00fcleme yapabilen hibrit bullet kamerad\u0131r. \u00d6zellikle \u00e7evre g\u00fcvenli\u011fi, tesis s\u0131n\u0131rlar\u0131 ve k\u0131sa mesafe izleme i\u00e7in idealdir. Yapay zek\u00e2 destekli analiz \u00f6zellikleri sayesinde hem g\u00fcnd\u00fcz hem gece ko\u015fullar\u0131nda y\u00fcksek g\u00fcvenlik sa\u011flar.\",\"breadcrumb\":{\"@id\":\"https:\/\/www.megaguvenlik.com\/?product=tpc-bf1241-b3f4#breadcrumb\"},\"inLanguage\":\"tr\",\"potentialAction\":[{\"@type\":\"ReadAction\",\"target\":[\"https:\/\/www.megaguvenlik.com\/?product=tpc-bf1241-b3f4\"]}]},{\"@type\":\"ImageObject\",\"inLanguage\":\"tr\",\"@id\":\"https:\/\/www.megaguvenlik.com\/?product=tpc-bf1241-b3f4#primaryimage\",\"url\":\"https:\/\/www.megaguvenlik.com\/wp-content\/uploads\/2025\/10\/TPC-BF1241-B3F4.jpeg\",\"contentUrl\":\"https:\/\/www.megaguvenlik.com\/wp-content\/uploads\/2025\/10\/TPC-BF1241-B3F4.jpeg\",\"width\":225,\"height\":225},{\"@type\":\"BreadcrumbList\",\"@id\":\"https:\/\/www.megaguvenlik.com\/?product=tpc-bf1241-b3f4#breadcrumb\",\"itemListElement\":[{\"@type\":\"ListItem\",\"position\":1,\"name\":\"Anasayfa\",\"item\":\"https:\/\/www.megaguvenlik.com\/\"},{\"@type\":\"ListItem\",\"position\":2,\"name\":\"Ma\u011faza\",\"item\":\"https:\/\/www.megaguvenlik.com\/?page_id=323\"},{\"@type\":\"ListItem\",\"position\":3,\"name\":\"DAHUA TPC-BF1241-B3F4\"}]},{\"@type\":\"WebSite\",\"@id\":\"https:\/\/www.megaguvenlik.com\/#website\",\"url\":\"https:\/\/www.megaguvenlik.com\/\",\"name\":\"Mega G\u00fcvenlik Sistemleri\",\"description\":\"Kamera | Yang\u0131n Alarm | Network | Acil Anons\",\"potentialAction\":[{\"@type\":\"SearchAction\",\"target\":{\"@type\":\"EntryPoint\",\"urlTemplate\":\"https:\/\/www.megaguvenlik.com\/?s={search_term_string}\"},\"query-input\":{\"@type\":\"PropertyValueSpecification\",\"valueRequired\":true,\"valueName\":\"search_term_string\"}}],\"inLanguage\":\"tr\"}]}<\/script>\n<!-- \/ Yoast SEO plugin. -->","yoast_head_json":{"title":"DAHUA TPC-BF1241-B3F4 - Mega G\u00fcvenlik Sistemleri","description":"TPC-BF1241-B3F4-S2, Dahua\u2019n\u0131n Eureka Serisi \u00fcr\u00fcnlerinden biri olan, hem termal hem de optik g\u00f6r\u00fcnt\u00fcleme yapabilen hibrit bullet kamerad\u0131r. \u00d6zellikle \u00e7evre g\u00fcvenli\u011fi, tesis s\u0131n\u0131rlar\u0131 ve k\u0131sa mesafe izleme i\u00e7in idealdir. Yapay zek\u00e2 destekli analiz \u00f6zellikleri sayesinde hem g\u00fcnd\u00fcz hem gece ko\u015fullar\u0131nda y\u00fcksek g\u00fcvenlik sa\u011flar.","robots":{"index":"index","follow":"follow","max-snippet":"max-snippet:-1","max-image-preview":"max-image-preview:large","max-video-preview":"max-video-preview:-1"},"canonical":"https:\/\/www.megaguvenlik.com\/?product=tpc-bf1241-b3f4","og_locale":"tr_TR","og_type":"article","og_title":"DAHUA TPC-BF1241-B3F4 - Mega G\u00fcvenlik Sistemleri","og_description":"TPC-BF1241-B3F4-S2, Dahua\u2019n\u0131n Eureka Serisi \u00fcr\u00fcnlerinden biri olan, hem termal hem de optik g\u00f6r\u00fcnt\u00fcleme yapabilen hibrit bullet kamerad\u0131r. \u00d6zellikle \u00e7evre g\u00fcvenli\u011fi, tesis s\u0131n\u0131rlar\u0131 ve k\u0131sa mesafe izleme i\u00e7in idealdir. Yapay zek\u00e2 destekli analiz \u00f6zellikleri sayesinde hem g\u00fcnd\u00fcz hem gece ko\u015fullar\u0131nda y\u00fcksek g\u00fcvenlik sa\u011flar.","og_url":"https:\/\/www.megaguvenlik.com\/?product=tpc-bf1241-b3f4","og_site_name":"Mega G\u00fcvenlik Sistemleri","article_modified_time":"2025-10-14T10:56:42+00:00","og_image":[{"width":225,"height":225,"url":"https:\/\/www.megaguvenlik.com\/wp-content\/uploads\/2025\/10\/TPC-BF1241-B3F4.jpeg","type":"image\/jpeg"}],"twitter_card":"summary_large_image","twitter_misc":{"Tahmini okuma s\u00fcresi":"1 dakika"},"schema":{"@context":"https:\/\/schema.org","@graph":[{"@type":"WebPage","@id":"https:\/\/www.megaguvenlik.com\/?product=tpc-bf1241-b3f4","url":"https:\/\/www.megaguvenlik.com\/?product=tpc-bf1241-b3f4","name":"DAHUA TPC-BF1241-B3F4 - Mega G\u00fcvenlik Sistemleri","isPartOf":{"@id":"https:\/\/www.megaguvenlik.com\/#website"},"primaryImageOfPage":{"@id":"https:\/\/www.megaguvenlik.com\/?product=tpc-bf1241-b3f4#primaryimage"},"image":{"@id":"https:\/\/www.megaguvenlik.com\/?product=tpc-bf1241-b3f4#primaryimage"},"thumbnailUrl":"https:\/\/www.megaguvenlik.com\/wp-content\/uploads\/2025\/10\/TPC-BF1241-B3F4.jpeg","datePublished":"2025-10-14T10:56:19+00:00","dateModified":"2025-10-14T10:56:42+00:00","description":"TPC-BF1241-B3F4-S2, Dahua\u2019n\u0131n Eureka Serisi \u00fcr\u00fcnlerinden biri olan, hem termal hem de optik g\u00f6r\u00fcnt\u00fcleme yapabilen hibrit bullet kamerad\u0131r. \u00d6zellikle \u00e7evre g\u00fcvenli\u011fi, tesis s\u0131n\u0131rlar\u0131 ve k\u0131sa mesafe izleme i\u00e7in idealdir. Yapay zek\u00e2 destekli analiz \u00f6zellikleri sayesinde hem g\u00fcnd\u00fcz hem gece ko\u015fullar\u0131nda y\u00fcksek g\u00fcvenlik sa\u011flar.","breadcrumb":{"@id":"https:\/\/www.megaguvenlik.com\/?product=tpc-bf1241-b3f4#breadcrumb"},"inLanguage":"tr","potentialAction":[{"@type":"ReadAction","target":["https:\/\/www.megaguvenlik.com\/?product=tpc-bf1241-b3f4"]}]},{"@type":"ImageObject","inLanguage":"tr","@id":"https:\/\/www.megaguvenlik.com\/?product=tpc-bf1241-b3f4#primaryimage","url":"https:\/\/www.megaguvenlik.com\/wp-content\/uploads\/2025\/10\/TPC-BF1241-B3F4.jpeg","contentUrl":"https:\/\/www.megaguvenlik.com\/wp-content\/uploads\/2025\/10\/TPC-BF1241-B3F4.jpeg","width":225,"height":225},{"@type":"BreadcrumbList","@id":"https:\/\/www.megaguvenlik.com\/?product=tpc-bf1241-b3f4#breadcrumb","itemListElement":[{"@type":"ListItem","position":1,"name":"Anasayfa","item":"https:\/\/www.megaguvenlik.com\/"},{"@type":"ListItem","position":2,"name":"Ma\u011faza","item":"https:\/\/www.megaguvenlik.com\/?page_id=323"},{"@type":"ListItem","position":3,"name":"DAHUA TPC-BF1241-B3F4"}]},{"@type":"WebSite","@id":"https:\/\/www.megaguvenlik.com\/#website","url":"https:\/\/www.megaguvenlik.com\/","name":"Mega G\u00fcvenlik Sistemleri","description":"Kamera | Yang\u0131n Alarm | Network | Acil Anons","potentialAction":[{"@type":"SearchAction","target":{"@type":"EntryPoint","urlTemplate":"https:\/\/www.megaguvenlik.com\/?s={search_term_string}"},"query-input":{"@type":"PropertyValueSpecification","valueRequired":true,"valueName":"search_term_string"}}],"inLanguage":"tr"}]}},"_links":{"self":[{"href":"https:\/\/www.megaguvenlik.com\/index.php?rest_route=\/wp\/v2\/product\/4642","targetHints":{"allow":["GET"]}}],"collection":[{"href":"https:\/\/www.megaguvenlik.com\/index.php?rest_route=\/wp\/v2\/product"}],"about":[{"href":"https:\/\/www.megaguvenlik.com\/index.php?rest_route=\/wp\/v2\/types\/product"}],"replies":[{"embeddable":true,"href":"https:\/\/www.megaguvenlik.com\/index.php?rest_route=%2Fwp%2Fv2%2Fcomments&post=4642"}],"wp:featuredmedia":[{"embeddable":true,"href":"https:\/\/www.megaguvenlik.com\/index.php?rest_route=\/wp\/v2\/media\/4643"}],"wp:attachment":[{"href":"https:\/\/www.megaguvenlik.com\/index.php?rest_route=%2Fwp%2Fv2%2Fmedia&parent=4642"}],"wp:term":[{"taxonomy":"product_brand","embeddable":true,"href":"https:\/\/www.megaguvenlik.com\/index.php?rest_route=%2Fwp%2Fv2%2Fproduct_brand&post=4642"},{"taxonomy":"product_cat","embeddable":true,"href":"https:\/\/www.megaguvenlik.com\/index.php?rest_route=%2Fwp%2Fv2%2Fproduct_cat&post=4642"},{"taxonomy":"product_tag","embeddable":true,"href":"https:\/\/www.megaguvenlik.com\/index.php?rest_route=%2Fwp%2Fv2%2Fproduct_tag&post=4642"}],"curies":[{"name":"wp","href":"https:\/\/api.w.org\/{rel}","templated":true}]}}