{"id":4644,"date":"2025-10-14T14:22:48","date_gmt":"2025-10-14T11:22:48","guid":{"rendered":"https:\/\/www.megaguvenlik.com\/?post_type=product&#038;p=4644"},"modified":"2025-10-14T14:22:49","modified_gmt":"2025-10-14T11:22:49","slug":"dahua-tpc-bf1241-s2","status":"publish","type":"product","link":"https:\/\/www.megaguvenlik.com\/?product=dahua-tpc-bf1241-s2","title":{"rendered":"DAHUA TPC-BF1241-S2"},"content":{"rendered":"<p>3.5mm 4 MP Termal Network Bullet Kamera (256*192)VOx so\u011futmas\u0131z termal sens\u00f6r teknolojisi, Athermalized Lens (termal),1 \/ 2.7 &#8221; CMOS 4MP, Odaks\u0131z, Yang\u0131n Alg\u0131lama ve Alarm mevcut, Sigara ve \u00e7a\u011fr\u0131 davran\u0131\u015f\u0131 tespiti, \u0130nsan ve ara\u00e7 s\u0131n\u0131fland\u0131r\u0131lmas\u0131, 1\/1 alarm giri\u015fi \/ \u00e7\u0131k\u0131\u015f\u0131,Ak\u0131ll\u0131 Video Analiz Fonksyonlar\u0131, Micro SD (256GB), IP67, PoE\u0130nsan Alg\u0131lama: 146m<br \/>\n,Tan\u0131ma:38m, Kimlik: 19mAra\u00e7 Alg\u0131lama : 389m,Tan\u0131ma: 97m,Tan\u0131mlama: 49mIP67, Strobe \u0131\u015f\u0131kl\u0131 ve sesli ak\u0131ll\u0131 ba\u011flant\u0131<\/p>\n","protected":false},"excerpt":{"rendered":"<p>3.5mm 4 MP Termal Network Bullet Kamera (256*192)VOx so\u011futmas\u0131z termal sens\u00f6r teknolojisi, Athermalized Lens (termal),1 \/ 2.7 &#8221; CMOS 4MP, Odaks\u0131z, Yang\u0131n Alg\u0131lama ve Alarm mevcut, Sigara ve \u00e7a\u011fr\u0131 davran\u0131\u015f\u0131 tespiti, \u0130nsan ve ara\u00e7 s\u0131n\u0131fland\u0131r\u0131lmas\u0131, 1\/1 alarm giri\u015fi \/ \u00e7\u0131k\u0131\u015f\u0131,Ak\u0131ll\u0131 Video Analiz Fonksyonlar\u0131, Micro SD (256GB), IP67, PoE\u0130nsan Alg\u0131lama: 146m<br \/>\n,Tan\u0131ma:38m, Kimlik: 19mAra\u00e7 Alg\u0131lama : 389m,Tan\u0131ma: 97m,Tan\u0131mlama: 49mIP67, Strobe \u0131\u015f\u0131kl\u0131 ve sesli ak\u0131ll\u0131 ba\u011flant\u0131<\/p>\n","protected":false},"featured_media":4645,"comment_status":"open","ping_status":"closed","template":"","meta":[],"product_brand":[],"product_cat":[338,236,199],"product_tag":[340,339,359],"class_list":{"0":"post-4644","1":"product","2":"type-product","3":"status-publish","4":"has-post-thumbnail","6":"product_cat-dahua","7":"product_cat-ip-kamera","8":"product_cat-kamera-sistemleri","9":"product_tag-alhua","10":"product_tag-dahua","11":"product_tag-thermal-camera","13":"first","14":"instock","15":"taxable","16":"shipping-taxable","17":"product-type-simple"},"yoast_head":"<!-- This site is optimized with the Yoast SEO plugin v26.0 - https:\/\/yoast.com\/wordpress\/plugins\/seo\/ -->\n<title>DAHUA TPC-BF1241-S2 - Mega G\u00fcvenlik Sistemleri<\/title>\n<meta name=\"description\" content=\"Dahua TPC-BF1241-S2, Dahua&#039;n\u0131n Eureka Serisi&#039;ne ait, hem termal hem de optik g\u00f6r\u00fcnt\u00fcleme sunan hibrit bir IP bullet kamerad\u0131r. Bu model, \u00f6zellikle \u00e7evre g\u00fcvenli\u011fi, tesis s\u0131n\u0131rlar\u0131 ve k\u0131sa mesafe izleme gibi uygulamalar i\u00e7in tasarlanm\u0131\u015ft\u0131r.\" \/>\n<meta name=\"robots\" content=\"index, follow, max-snippet:-1, max-image-preview:large, max-video-preview:-1\" \/>\n<link rel=\"canonical\" href=\"https:\/\/www.megaguvenlik.com\/?product=dahua-tpc-bf1241-s2\" \/>\n<meta property=\"og:locale\" content=\"tr_TR\" \/>\n<meta property=\"og:type\" content=\"article\" \/>\n<meta property=\"og:title\" content=\"DAHUA TPC-BF1241-S2 - Mega G\u00fcvenlik Sistemleri\" \/>\n<meta property=\"og:description\" content=\"Dahua TPC-BF1241-S2, Dahua&#039;n\u0131n Eureka Serisi&#039;ne ait, hem termal hem de optik g\u00f6r\u00fcnt\u00fcleme sunan hibrit bir IP bullet kamerad\u0131r. Bu model, \u00f6zellikle \u00e7evre g\u00fcvenli\u011fi, tesis s\u0131n\u0131rlar\u0131 ve k\u0131sa mesafe izleme gibi uygulamalar i\u00e7in tasarlanm\u0131\u015ft\u0131r.\" \/>\n<meta property=\"og:url\" content=\"https:\/\/www.megaguvenlik.com\/?product=dahua-tpc-bf1241-s2\" \/>\n<meta property=\"og:site_name\" content=\"Mega G\u00fcvenlik Sistemleri\" \/>\n<meta property=\"article:modified_time\" content=\"2025-10-14T11:22:49+00:00\" \/>\n<meta property=\"og:image\" content=\"https:\/\/www.megaguvenlik.com\/wp-content\/uploads\/2025\/10\/TPC-BF1241-S2.jpeg\" \/>\n\t<meta property=\"og:image:width\" content=\"225\" \/>\n\t<meta property=\"og:image:height\" content=\"225\" \/>\n\t<meta property=\"og:image:type\" content=\"image\/jpeg\" \/>\n<meta name=\"twitter:card\" content=\"summary_large_image\" \/>\n<meta name=\"twitter:label1\" content=\"Tahmini okuma s\u00fcresi\" \/>\n\t<meta name=\"twitter:data1\" content=\"1 dakika\" \/>\n<script type=\"application\/ld+json\" class=\"yoast-schema-graph\">{\"@context\":\"https:\/\/schema.org\",\"@graph\":[{\"@type\":\"WebPage\",\"@id\":\"https:\/\/www.megaguvenlik.com\/?product=dahua-tpc-bf1241-s2\",\"url\":\"https:\/\/www.megaguvenlik.com\/?product=dahua-tpc-bf1241-s2\",\"name\":\"DAHUA TPC-BF1241-S2 - Mega G\u00fcvenlik Sistemleri\",\"isPartOf\":{\"@id\":\"https:\/\/www.megaguvenlik.com\/#website\"},\"primaryImageOfPage\":{\"@id\":\"https:\/\/www.megaguvenlik.com\/?product=dahua-tpc-bf1241-s2#primaryimage\"},\"image\":{\"@id\":\"https:\/\/www.megaguvenlik.com\/?product=dahua-tpc-bf1241-s2#primaryimage\"},\"thumbnailUrl\":\"https:\/\/www.megaguvenlik.com\/wp-content\/uploads\/2025\/10\/TPC-BF1241-S2.jpeg\",\"datePublished\":\"2025-10-14T11:22:48+00:00\",\"dateModified\":\"2025-10-14T11:22:49+00:00\",\"description\":\"Dahua TPC-BF1241-S2, Dahua'n\u0131n Eureka Serisi'ne ait, hem termal hem de optik g\u00f6r\u00fcnt\u00fcleme sunan hibrit bir IP bullet kamerad\u0131r. Bu model, \u00f6zellikle \u00e7evre g\u00fcvenli\u011fi, tesis s\u0131n\u0131rlar\u0131 ve k\u0131sa mesafe izleme gibi uygulamalar i\u00e7in tasarlanm\u0131\u015ft\u0131r.\",\"breadcrumb\":{\"@id\":\"https:\/\/www.megaguvenlik.com\/?product=dahua-tpc-bf1241-s2#breadcrumb\"},\"inLanguage\":\"tr\",\"potentialAction\":[{\"@type\":\"ReadAction\",\"target\":[\"https:\/\/www.megaguvenlik.com\/?product=dahua-tpc-bf1241-s2\"]}]},{\"@type\":\"ImageObject\",\"inLanguage\":\"tr\",\"@id\":\"https:\/\/www.megaguvenlik.com\/?product=dahua-tpc-bf1241-s2#primaryimage\",\"url\":\"https:\/\/www.megaguvenlik.com\/wp-content\/uploads\/2025\/10\/TPC-BF1241-S2.jpeg\",\"contentUrl\":\"https:\/\/www.megaguvenlik.com\/wp-content\/uploads\/2025\/10\/TPC-BF1241-S2.jpeg\",\"width\":225,\"height\":225},{\"@type\":\"BreadcrumbList\",\"@id\":\"https:\/\/www.megaguvenlik.com\/?product=dahua-tpc-bf1241-s2#breadcrumb\",\"itemListElement\":[{\"@type\":\"ListItem\",\"position\":1,\"name\":\"Anasayfa\",\"item\":\"https:\/\/www.megaguvenlik.com\/\"},{\"@type\":\"ListItem\",\"position\":2,\"name\":\"Ma\u011faza\",\"item\":\"https:\/\/www.megaguvenlik.com\/?page_id=323\"},{\"@type\":\"ListItem\",\"position\":3,\"name\":\"DAHUA TPC-BF1241-S2\"}]},{\"@type\":\"WebSite\",\"@id\":\"https:\/\/www.megaguvenlik.com\/#website\",\"url\":\"https:\/\/www.megaguvenlik.com\/\",\"name\":\"Mega G\u00fcvenlik Sistemleri\",\"description\":\"Kamera | Yang\u0131n Alarm | Network | Acil Anons\",\"potentialAction\":[{\"@type\":\"SearchAction\",\"target\":{\"@type\":\"EntryPoint\",\"urlTemplate\":\"https:\/\/www.megaguvenlik.com\/?s={search_term_string}\"},\"query-input\":{\"@type\":\"PropertyValueSpecification\",\"valueRequired\":true,\"valueName\":\"search_term_string\"}}],\"inLanguage\":\"tr\"}]}<\/script>\n<!-- \/ Yoast SEO plugin. -->","yoast_head_json":{"title":"DAHUA TPC-BF1241-S2 - Mega G\u00fcvenlik Sistemleri","description":"Dahua TPC-BF1241-S2, Dahua'n\u0131n Eureka Serisi'ne ait, hem termal hem de optik g\u00f6r\u00fcnt\u00fcleme sunan hibrit bir IP bullet kamerad\u0131r. Bu model, \u00f6zellikle \u00e7evre g\u00fcvenli\u011fi, tesis s\u0131n\u0131rlar\u0131 ve k\u0131sa mesafe izleme gibi uygulamalar i\u00e7in tasarlanm\u0131\u015ft\u0131r.","robots":{"index":"index","follow":"follow","max-snippet":"max-snippet:-1","max-image-preview":"max-image-preview:large","max-video-preview":"max-video-preview:-1"},"canonical":"https:\/\/www.megaguvenlik.com\/?product=dahua-tpc-bf1241-s2","og_locale":"tr_TR","og_type":"article","og_title":"DAHUA TPC-BF1241-S2 - Mega G\u00fcvenlik Sistemleri","og_description":"Dahua TPC-BF1241-S2, Dahua'n\u0131n Eureka Serisi'ne ait, hem termal hem de optik g\u00f6r\u00fcnt\u00fcleme sunan hibrit bir IP bullet kamerad\u0131r. Bu model, \u00f6zellikle \u00e7evre g\u00fcvenli\u011fi, tesis s\u0131n\u0131rlar\u0131 ve k\u0131sa mesafe izleme gibi uygulamalar i\u00e7in tasarlanm\u0131\u015ft\u0131r.","og_url":"https:\/\/www.megaguvenlik.com\/?product=dahua-tpc-bf1241-s2","og_site_name":"Mega G\u00fcvenlik Sistemleri","article_modified_time":"2025-10-14T11:22:49+00:00","og_image":[{"width":225,"height":225,"url":"https:\/\/www.megaguvenlik.com\/wp-content\/uploads\/2025\/10\/TPC-BF1241-S2.jpeg","type":"image\/jpeg"}],"twitter_card":"summary_large_image","twitter_misc":{"Tahmini okuma s\u00fcresi":"1 dakika"},"schema":{"@context":"https:\/\/schema.org","@graph":[{"@type":"WebPage","@id":"https:\/\/www.megaguvenlik.com\/?product=dahua-tpc-bf1241-s2","url":"https:\/\/www.megaguvenlik.com\/?product=dahua-tpc-bf1241-s2","name":"DAHUA TPC-BF1241-S2 - Mega G\u00fcvenlik Sistemleri","isPartOf":{"@id":"https:\/\/www.megaguvenlik.com\/#website"},"primaryImageOfPage":{"@id":"https:\/\/www.megaguvenlik.com\/?product=dahua-tpc-bf1241-s2#primaryimage"},"image":{"@id":"https:\/\/www.megaguvenlik.com\/?product=dahua-tpc-bf1241-s2#primaryimage"},"thumbnailUrl":"https:\/\/www.megaguvenlik.com\/wp-content\/uploads\/2025\/10\/TPC-BF1241-S2.jpeg","datePublished":"2025-10-14T11:22:48+00:00","dateModified":"2025-10-14T11:22:49+00:00","description":"Dahua TPC-BF1241-S2, Dahua'n\u0131n Eureka Serisi'ne ait, hem termal hem de optik g\u00f6r\u00fcnt\u00fcleme sunan hibrit bir IP bullet kamerad\u0131r. Bu model, \u00f6zellikle \u00e7evre g\u00fcvenli\u011fi, tesis s\u0131n\u0131rlar\u0131 ve k\u0131sa mesafe izleme gibi uygulamalar i\u00e7in tasarlanm\u0131\u015ft\u0131r.","breadcrumb":{"@id":"https:\/\/www.megaguvenlik.com\/?product=dahua-tpc-bf1241-s2#breadcrumb"},"inLanguage":"tr","potentialAction":[{"@type":"ReadAction","target":["https:\/\/www.megaguvenlik.com\/?product=dahua-tpc-bf1241-s2"]}]},{"@type":"ImageObject","inLanguage":"tr","@id":"https:\/\/www.megaguvenlik.com\/?product=dahua-tpc-bf1241-s2#primaryimage","url":"https:\/\/www.megaguvenlik.com\/wp-content\/uploads\/2025\/10\/TPC-BF1241-S2.jpeg","contentUrl":"https:\/\/www.megaguvenlik.com\/wp-content\/uploads\/2025\/10\/TPC-BF1241-S2.jpeg","width":225,"height":225},{"@type":"BreadcrumbList","@id":"https:\/\/www.megaguvenlik.com\/?product=dahua-tpc-bf1241-s2#breadcrumb","itemListElement":[{"@type":"ListItem","position":1,"name":"Anasayfa","item":"https:\/\/www.megaguvenlik.com\/"},{"@type":"ListItem","position":2,"name":"Ma\u011faza","item":"https:\/\/www.megaguvenlik.com\/?page_id=323"},{"@type":"ListItem","position":3,"name":"DAHUA TPC-BF1241-S2"}]},{"@type":"WebSite","@id":"https:\/\/www.megaguvenlik.com\/#website","url":"https:\/\/www.megaguvenlik.com\/","name":"Mega G\u00fcvenlik Sistemleri","description":"Kamera | Yang\u0131n Alarm | Network | Acil Anons","potentialAction":[{"@type":"SearchAction","target":{"@type":"EntryPoint","urlTemplate":"https:\/\/www.megaguvenlik.com\/?s={search_term_string}"},"query-input":{"@type":"PropertyValueSpecification","valueRequired":true,"valueName":"search_term_string"}}],"inLanguage":"tr"}]}},"_links":{"self":[{"href":"https:\/\/www.megaguvenlik.com\/index.php?rest_route=\/wp\/v2\/product\/4644","targetHints":{"allow":["GET"]}}],"collection":[{"href":"https:\/\/www.megaguvenlik.com\/index.php?rest_route=\/wp\/v2\/product"}],"about":[{"href":"https:\/\/www.megaguvenlik.com\/index.php?rest_route=\/wp\/v2\/types\/product"}],"replies":[{"embeddable":true,"href":"https:\/\/www.megaguvenlik.com\/index.php?rest_route=%2Fwp%2Fv2%2Fcomments&post=4644"}],"wp:featuredmedia":[{"embeddable":true,"href":"https:\/\/www.megaguvenlik.com\/index.php?rest_route=\/wp\/v2\/media\/4645"}],"wp:attachment":[{"href":"https:\/\/www.megaguvenlik.com\/index.php?rest_route=%2Fwp%2Fv2%2Fmedia&parent=4644"}],"wp:term":[{"taxonomy":"product_brand","embeddable":true,"href":"https:\/\/www.megaguvenlik.com\/index.php?rest_route=%2Fwp%2Fv2%2Fproduct_brand&post=4644"},{"taxonomy":"product_cat","embeddable":true,"href":"https:\/\/www.megaguvenlik.com\/index.php?rest_route=%2Fwp%2Fv2%2Fproduct_cat&post=4644"},{"taxonomy":"product_tag","embeddable":true,"href":"https:\/\/www.megaguvenlik.com\/index.php?rest_route=%2Fwp%2Fv2%2Fproduct_tag&post=4644"}],"curies":[{"name":"wp","href":"https:\/\/api.w.org\/{rel}","templated":true}]}}