{"id":4679,"date":"2025-10-21T15:14:37","date_gmt":"2025-10-21T12:14:37","guid":{"rendered":"https:\/\/www.megaguvenlik.com\/?post_type=product&#038;p=4679"},"modified":"2025-10-21T15:14:38","modified_gmt":"2025-10-21T12:14:38","slug":"dahua-nvr5208-8p-ei","status":"publish","type":"product","link":"https:\/\/www.megaguvenlik.com\/?product=dahua-nvr5208-8p-ei","title":{"rendered":"DAHUA NVR5208-8P-EI"},"content":{"rendered":"<p>8 Kanal H.265 Pro NVR Smart H.265+\/H.265\/Smart H.264+\/H.264\/MJPEG \u00e7\u00f6zme deste\u011fi, Maks. \u00e7\u00f6zme kapasitesi: 32 \u00d7 1080p@30fps veya 8 \u00d7 8MP@30fps, Maks. 384 Mbps giri\u015f\/kay\u0131t\/\u00e7\u0131k\u0131\u015f bant geni\u015fli\u011fi, Maks. 16 kanal AcuPick deste\u011fi, N+M k\u00fcmeleme deste\u011fi, Kay\u0131t cihaz\u0131 \u00fczerinden AI: 2 kanal y\u00fcz tan\u0131ma, 4 kanal \u00e7evre koruma, 8 kanal SMD Plus, Kamera \u00fczerinden AI: Y\u00fcz tan\u0131ma, \u00e7evre koruma, SMD Plus, meta veri, plaka tan\u0131ma (ANPR), stereo analiz, \u0131s\u0131 haritas\u0131, ki\u015fi say\u0131m\u0131, G\u00fcvenlik seviyesi: Baseline 2.3<\/p>\n","protected":false},"excerpt":{"rendered":"<p>8 Kanal H.265 Pro NVR Smart H.265+\/H.265\/Smart H.264+\/H.264\/MJPEG \u00e7\u00f6zme deste\u011fi, Maks. \u00e7\u00f6zme kapasitesi: 32 \u00d7 1080p@30fps veya 8 \u00d7 8MP@30fps, Maks. 384 Mbps giri\u015f\/kay\u0131t\/\u00e7\u0131k\u0131\u015f bant geni\u015fli\u011fi, Maks. 16 kanal AcuPick deste\u011fi, N+M k\u00fcmeleme deste\u011fi, Kay\u0131t cihaz\u0131 \u00fczerinden AI: 2 kanal y\u00fcz tan\u0131ma, 4 kanal \u00e7evre koruma, 8 kanal SMD Plus, Kamera \u00fczerinden AI: Y\u00fcz tan\u0131ma, \u00e7evre koruma, SMD Plus, meta veri, plaka tan\u0131ma (ANPR), stereo analiz, \u0131s\u0131 haritas\u0131, ki\u015fi say\u0131m\u0131, G\u00fcvenlik seviyesi: Baseline 2.3<\/p>\n","protected":false},"featured_media":4680,"comment_status":"open","ping_status":"closed","template":"","meta":[],"product_brand":[],"product_cat":[338,199,275],"product_tag":[340,339,278],"class_list":{"0":"post-4679","1":"product","2":"type-product","3":"status-publish","4":"has-post-thumbnail","6":"product_cat-dahua","7":"product_cat-kamera-sistemleri","8":"product_cat-kayit-cihazlari","9":"product_tag-alhua","10":"product_tag-dahua","11":"product_tag-kayit-cihazi","13":"first","14":"instock","15":"taxable","16":"shipping-taxable","17":"product-type-simple"},"yoast_head":"<!-- This site is optimized with the Yoast SEO plugin v26.0 - https:\/\/yoast.com\/wordpress\/plugins\/seo\/ -->\n<title>DAHUA NVR5208-8P-EI - Mega G\u00fcvenlik Sistemleri<\/title>\n<meta name=\"description\" content=\"NVR5208-8P-EI, ileri seviye g\u00fcvenlik ihtiya\u00e7lar\u0131 i\u00e7in geli\u015ftirilmi\u015f yapay zek\u00e2 (AI) destekli 8 kanall\u0131 PoE a\u011f kay\u0131t cihaz\u0131d\u0131r. Dahili 8 PoE portu sayesinde IP kameralar\u0131 tek kablo \u00fczerinden hem besler hem de veri aktar\u0131m\u0131 yapar. 4K \u00e7\u00f6z\u00fcn\u00fcrl\u00fck, g\u00fc\u00e7l\u00fc i\u015flemci performans\u0131 ve ak\u0131ll\u0131 analiz \u00f6zellikleriyle profesyonel g\u00fcvenlik sistemleri i\u00e7in m\u00fckemmel bir \u00e7\u00f6z\u00fcmd\u00fcr.\" \/>\n<meta name=\"robots\" content=\"index, follow, max-snippet:-1, max-image-preview:large, max-video-preview:-1\" \/>\n<link rel=\"canonical\" href=\"https:\/\/www.megaguvenlik.com\/?product=dahua-nvr5208-8p-ei\" \/>\n<meta property=\"og:locale\" content=\"tr_TR\" \/>\n<meta property=\"og:type\" content=\"article\" \/>\n<meta property=\"og:title\" content=\"DAHUA NVR5208-8P-EI - Mega G\u00fcvenlik Sistemleri\" \/>\n<meta property=\"og:description\" content=\"NVR5208-8P-EI, ileri seviye g\u00fcvenlik ihtiya\u00e7lar\u0131 i\u00e7in geli\u015ftirilmi\u015f yapay zek\u00e2 (AI) destekli 8 kanall\u0131 PoE a\u011f kay\u0131t cihaz\u0131d\u0131r. Dahili 8 PoE portu sayesinde IP kameralar\u0131 tek kablo \u00fczerinden hem besler hem de veri aktar\u0131m\u0131 yapar. 4K \u00e7\u00f6z\u00fcn\u00fcrl\u00fck, g\u00fc\u00e7l\u00fc i\u015flemci performans\u0131 ve ak\u0131ll\u0131 analiz \u00f6zellikleriyle profesyonel g\u00fcvenlik sistemleri i\u00e7in m\u00fckemmel bir \u00e7\u00f6z\u00fcmd\u00fcr.\" \/>\n<meta property=\"og:url\" content=\"https:\/\/www.megaguvenlik.com\/?product=dahua-nvr5208-8p-ei\" \/>\n<meta property=\"og:site_name\" content=\"Mega G\u00fcvenlik Sistemleri\" \/>\n<meta property=\"article:modified_time\" content=\"2025-10-21T12:14:38+00:00\" \/>\n<meta property=\"og:image\" content=\"https:\/\/www.megaguvenlik.com\/wp-content\/uploads\/2025\/10\/NVR5208-8P-EI.jpeg\" \/>\n\t<meta property=\"og:image:width\" content=\"225\" \/>\n\t<meta property=\"og:image:height\" content=\"225\" \/>\n\t<meta property=\"og:image:type\" content=\"image\/jpeg\" \/>\n<meta name=\"twitter:card\" content=\"summary_large_image\" \/>\n<meta name=\"twitter:label1\" content=\"Tahmini okuma s\u00fcresi\" \/>\n\t<meta name=\"twitter:data1\" content=\"1 dakika\" \/>\n<script type=\"application\/ld+json\" class=\"yoast-schema-graph\">{\"@context\":\"https:\/\/schema.org\",\"@graph\":[{\"@type\":\"WebPage\",\"@id\":\"https:\/\/www.megaguvenlik.com\/?product=dahua-nvr5208-8p-ei\",\"url\":\"https:\/\/www.megaguvenlik.com\/?product=dahua-nvr5208-8p-ei\",\"name\":\"DAHUA NVR5208-8P-EI - Mega G\u00fcvenlik Sistemleri\",\"isPartOf\":{\"@id\":\"https:\/\/www.megaguvenlik.com\/#website\"},\"primaryImageOfPage\":{\"@id\":\"https:\/\/www.megaguvenlik.com\/?product=dahua-nvr5208-8p-ei#primaryimage\"},\"image\":{\"@id\":\"https:\/\/www.megaguvenlik.com\/?product=dahua-nvr5208-8p-ei#primaryimage\"},\"thumbnailUrl\":\"https:\/\/www.megaguvenlik.com\/wp-content\/uploads\/2025\/10\/NVR5208-8P-EI.jpeg\",\"datePublished\":\"2025-10-21T12:14:37+00:00\",\"dateModified\":\"2025-10-21T12:14:38+00:00\",\"description\":\"NVR5208-8P-EI, ileri seviye g\u00fcvenlik ihtiya\u00e7lar\u0131 i\u00e7in geli\u015ftirilmi\u015f yapay zek\u00e2 (AI) destekli 8 kanall\u0131 PoE a\u011f kay\u0131t cihaz\u0131d\u0131r. Dahili 8 PoE portu sayesinde IP kameralar\u0131 tek kablo \u00fczerinden hem besler hem de veri aktar\u0131m\u0131 yapar. 4K \u00e7\u00f6z\u00fcn\u00fcrl\u00fck, g\u00fc\u00e7l\u00fc i\u015flemci performans\u0131 ve ak\u0131ll\u0131 analiz \u00f6zellikleriyle profesyonel g\u00fcvenlik sistemleri i\u00e7in m\u00fckemmel bir \u00e7\u00f6z\u00fcmd\u00fcr.\",\"breadcrumb\":{\"@id\":\"https:\/\/www.megaguvenlik.com\/?product=dahua-nvr5208-8p-ei#breadcrumb\"},\"inLanguage\":\"tr\",\"potentialAction\":[{\"@type\":\"ReadAction\",\"target\":[\"https:\/\/www.megaguvenlik.com\/?product=dahua-nvr5208-8p-ei\"]}]},{\"@type\":\"ImageObject\",\"inLanguage\":\"tr\",\"@id\":\"https:\/\/www.megaguvenlik.com\/?product=dahua-nvr5208-8p-ei#primaryimage\",\"url\":\"https:\/\/www.megaguvenlik.com\/wp-content\/uploads\/2025\/10\/NVR5208-8P-EI.jpeg\",\"contentUrl\":\"https:\/\/www.megaguvenlik.com\/wp-content\/uploads\/2025\/10\/NVR5208-8P-EI.jpeg\",\"width\":225,\"height\":225},{\"@type\":\"BreadcrumbList\",\"@id\":\"https:\/\/www.megaguvenlik.com\/?product=dahua-nvr5208-8p-ei#breadcrumb\",\"itemListElement\":[{\"@type\":\"ListItem\",\"position\":1,\"name\":\"Anasayfa\",\"item\":\"https:\/\/www.megaguvenlik.com\/\"},{\"@type\":\"ListItem\",\"position\":2,\"name\":\"Ma\u011faza\",\"item\":\"https:\/\/www.megaguvenlik.com\/?page_id=323\"},{\"@type\":\"ListItem\",\"position\":3,\"name\":\"DAHUA NVR5208-8P-EI\"}]},{\"@type\":\"WebSite\",\"@id\":\"https:\/\/www.megaguvenlik.com\/#website\",\"url\":\"https:\/\/www.megaguvenlik.com\/\",\"name\":\"Mega G\u00fcvenlik Sistemleri\",\"description\":\"Kamera | Yang\u0131n Alarm | Network | Acil Anons\",\"potentialAction\":[{\"@type\":\"SearchAction\",\"target\":{\"@type\":\"EntryPoint\",\"urlTemplate\":\"https:\/\/www.megaguvenlik.com\/?s={search_term_string}\"},\"query-input\":{\"@type\":\"PropertyValueSpecification\",\"valueRequired\":true,\"valueName\":\"search_term_string\"}}],\"inLanguage\":\"tr\"}]}<\/script>\n<!-- \/ Yoast SEO plugin. -->","yoast_head_json":{"title":"DAHUA NVR5208-8P-EI - Mega G\u00fcvenlik Sistemleri","description":"NVR5208-8P-EI, ileri seviye g\u00fcvenlik ihtiya\u00e7lar\u0131 i\u00e7in geli\u015ftirilmi\u015f yapay zek\u00e2 (AI) destekli 8 kanall\u0131 PoE a\u011f kay\u0131t cihaz\u0131d\u0131r. Dahili 8 PoE portu sayesinde IP kameralar\u0131 tek kablo \u00fczerinden hem besler hem de veri aktar\u0131m\u0131 yapar. 4K \u00e7\u00f6z\u00fcn\u00fcrl\u00fck, g\u00fc\u00e7l\u00fc i\u015flemci performans\u0131 ve ak\u0131ll\u0131 analiz \u00f6zellikleriyle profesyonel g\u00fcvenlik sistemleri i\u00e7in m\u00fckemmel bir \u00e7\u00f6z\u00fcmd\u00fcr.","robots":{"index":"index","follow":"follow","max-snippet":"max-snippet:-1","max-image-preview":"max-image-preview:large","max-video-preview":"max-video-preview:-1"},"canonical":"https:\/\/www.megaguvenlik.com\/?product=dahua-nvr5208-8p-ei","og_locale":"tr_TR","og_type":"article","og_title":"DAHUA NVR5208-8P-EI - Mega G\u00fcvenlik Sistemleri","og_description":"NVR5208-8P-EI, ileri seviye g\u00fcvenlik ihtiya\u00e7lar\u0131 i\u00e7in geli\u015ftirilmi\u015f yapay zek\u00e2 (AI) destekli 8 kanall\u0131 PoE a\u011f kay\u0131t cihaz\u0131d\u0131r. Dahili 8 PoE portu sayesinde IP kameralar\u0131 tek kablo \u00fczerinden hem besler hem de veri aktar\u0131m\u0131 yapar. 4K \u00e7\u00f6z\u00fcn\u00fcrl\u00fck, g\u00fc\u00e7l\u00fc i\u015flemci performans\u0131 ve ak\u0131ll\u0131 analiz \u00f6zellikleriyle profesyonel g\u00fcvenlik sistemleri i\u00e7in m\u00fckemmel bir \u00e7\u00f6z\u00fcmd\u00fcr.","og_url":"https:\/\/www.megaguvenlik.com\/?product=dahua-nvr5208-8p-ei","og_site_name":"Mega G\u00fcvenlik Sistemleri","article_modified_time":"2025-10-21T12:14:38+00:00","og_image":[{"width":225,"height":225,"url":"https:\/\/www.megaguvenlik.com\/wp-content\/uploads\/2025\/10\/NVR5208-8P-EI.jpeg","type":"image\/jpeg"}],"twitter_card":"summary_large_image","twitter_misc":{"Tahmini okuma s\u00fcresi":"1 dakika"},"schema":{"@context":"https:\/\/schema.org","@graph":[{"@type":"WebPage","@id":"https:\/\/www.megaguvenlik.com\/?product=dahua-nvr5208-8p-ei","url":"https:\/\/www.megaguvenlik.com\/?product=dahua-nvr5208-8p-ei","name":"DAHUA NVR5208-8P-EI - Mega G\u00fcvenlik Sistemleri","isPartOf":{"@id":"https:\/\/www.megaguvenlik.com\/#website"},"primaryImageOfPage":{"@id":"https:\/\/www.megaguvenlik.com\/?product=dahua-nvr5208-8p-ei#primaryimage"},"image":{"@id":"https:\/\/www.megaguvenlik.com\/?product=dahua-nvr5208-8p-ei#primaryimage"},"thumbnailUrl":"https:\/\/www.megaguvenlik.com\/wp-content\/uploads\/2025\/10\/NVR5208-8P-EI.jpeg","datePublished":"2025-10-21T12:14:37+00:00","dateModified":"2025-10-21T12:14:38+00:00","description":"NVR5208-8P-EI, ileri seviye g\u00fcvenlik ihtiya\u00e7lar\u0131 i\u00e7in geli\u015ftirilmi\u015f yapay zek\u00e2 (AI) destekli 8 kanall\u0131 PoE a\u011f kay\u0131t cihaz\u0131d\u0131r. Dahili 8 PoE portu sayesinde IP kameralar\u0131 tek kablo \u00fczerinden hem besler hem de veri aktar\u0131m\u0131 yapar. 4K \u00e7\u00f6z\u00fcn\u00fcrl\u00fck, g\u00fc\u00e7l\u00fc i\u015flemci performans\u0131 ve ak\u0131ll\u0131 analiz \u00f6zellikleriyle profesyonel g\u00fcvenlik sistemleri i\u00e7in m\u00fckemmel bir \u00e7\u00f6z\u00fcmd\u00fcr.","breadcrumb":{"@id":"https:\/\/www.megaguvenlik.com\/?product=dahua-nvr5208-8p-ei#breadcrumb"},"inLanguage":"tr","potentialAction":[{"@type":"ReadAction","target":["https:\/\/www.megaguvenlik.com\/?product=dahua-nvr5208-8p-ei"]}]},{"@type":"ImageObject","inLanguage":"tr","@id":"https:\/\/www.megaguvenlik.com\/?product=dahua-nvr5208-8p-ei#primaryimage","url":"https:\/\/www.megaguvenlik.com\/wp-content\/uploads\/2025\/10\/NVR5208-8P-EI.jpeg","contentUrl":"https:\/\/www.megaguvenlik.com\/wp-content\/uploads\/2025\/10\/NVR5208-8P-EI.jpeg","width":225,"height":225},{"@type":"BreadcrumbList","@id":"https:\/\/www.megaguvenlik.com\/?product=dahua-nvr5208-8p-ei#breadcrumb","itemListElement":[{"@type":"ListItem","position":1,"name":"Anasayfa","item":"https:\/\/www.megaguvenlik.com\/"},{"@type":"ListItem","position":2,"name":"Ma\u011faza","item":"https:\/\/www.megaguvenlik.com\/?page_id=323"},{"@type":"ListItem","position":3,"name":"DAHUA NVR5208-8P-EI"}]},{"@type":"WebSite","@id":"https:\/\/www.megaguvenlik.com\/#website","url":"https:\/\/www.megaguvenlik.com\/","name":"Mega G\u00fcvenlik Sistemleri","description":"Kamera | Yang\u0131n Alarm | Network | Acil Anons","potentialAction":[{"@type":"SearchAction","target":{"@type":"EntryPoint","urlTemplate":"https:\/\/www.megaguvenlik.com\/?s={search_term_string}"},"query-input":{"@type":"PropertyValueSpecification","valueRequired":true,"valueName":"search_term_string"}}],"inLanguage":"tr"}]}},"_links":{"self":[{"href":"https:\/\/www.megaguvenlik.com\/index.php?rest_route=\/wp\/v2\/product\/4679","targetHints":{"allow":["GET"]}}],"collection":[{"href":"https:\/\/www.megaguvenlik.com\/index.php?rest_route=\/wp\/v2\/product"}],"about":[{"href":"https:\/\/www.megaguvenlik.com\/index.php?rest_route=\/wp\/v2\/types\/product"}],"replies":[{"embeddable":true,"href":"https:\/\/www.megaguvenlik.com\/index.php?rest_route=%2Fwp%2Fv2%2Fcomments&post=4679"}],"wp:featuredmedia":[{"embeddable":true,"href":"https:\/\/www.megaguvenlik.com\/index.php?rest_route=\/wp\/v2\/media\/4680"}],"wp:attachment":[{"href":"https:\/\/www.megaguvenlik.com\/index.php?rest_route=%2Fwp%2Fv2%2Fmedia&parent=4679"}],"wp:term":[{"taxonomy":"product_brand","embeddable":true,"href":"https:\/\/www.megaguvenlik.com\/index.php?rest_route=%2Fwp%2Fv2%2Fproduct_brand&post=4679"},{"taxonomy":"product_cat","embeddable":true,"href":"https:\/\/www.megaguvenlik.com\/index.php?rest_route=%2Fwp%2Fv2%2Fproduct_cat&post=4679"},{"taxonomy":"product_tag","embeddable":true,"href":"https:\/\/www.megaguvenlik.com\/index.php?rest_route=%2Fwp%2Fv2%2Fproduct_tag&post=4679"}],"curies":[{"name":"wp","href":"https:\/\/api.w.org\/{rel}","templated":true}]}}