{"id":4693,"date":"2025-10-21T16:06:05","date_gmt":"2025-10-21T13:06:05","guid":{"rendered":"https:\/\/www.megaguvenlik.com\/?post_type=product&#038;p=4693"},"modified":"2025-10-21T16:06:06","modified_gmt":"2025-10-21T13:06:06","slug":"dahua-nvr4216-16p-4ks2-l","status":"publish","type":"product","link":"https:\/\/www.megaguvenlik.com\/?product=dahua-nvr4216-16p-4ks2-l","title":{"rendered":"DAHUA NVR4216-16P-4KS2\/L"},"content":{"rendered":"<p>16 Kanal H.265 NVR (2x6TB SATA)\u0130zleme\/Kay\u0131t Bant Geni\u015fli\u011fi: 160Mbps\/160Mbps, 16 Port PoE(Tak-\u00c7al\u0131\u015ft\u0131r)8 MP&#8217;ye kadar \u00e7\u00f6z\u00fcn\u00fcrl\u00fck, 2Kanal@8MP\/8Kanal@1080p Kod \u00c7\u00f6z\u00fcmleme(Decoding)\u00c7ift Y\u00f6nl\u00fc Konu\u015fma, P2P, IVS, Y\u00fcz Alg\u0131lama, Ki\u015fi Sayma, Is\u0131 Haritas\u0131 destekli kameralar ile uyumlu1 HDMI, 1 VGA, 2 USB, Alarm Giri\u015f\/\u00c7\u0131k\u0131\u015f: 4\/2, 1 RJ45 port(10\/100\/1000Mbps)<\/p>\n","protected":false},"excerpt":{"rendered":"<p>16 Kanal H.265 NVR (2x6TB SATA)\u0130zleme\/Kay\u0131t Bant Geni\u015fli\u011fi: 160Mbps\/160Mbps, 16 Port PoE(Tak-\u00c7al\u0131\u015ft\u0131r)8 MP&#8217;ye kadar \u00e7\u00f6z\u00fcn\u00fcrl\u00fck, 2Kanal@8MP\/8Kanal@1080p Kod \u00c7\u00f6z\u00fcmleme(Decoding)\u00c7ift Y\u00f6nl\u00fc Konu\u015fma, P2P, IVS, Y\u00fcz Alg\u0131lama, Ki\u015fi Sayma, Is\u0131 Haritas\u0131 destekli kameralar ile uyumlu1 HDMI, 1 VGA, 2 USB, Alarm Giri\u015f\/\u00c7\u0131k\u0131\u015f: 4\/2, 1 RJ45 port(10\/100\/1000Mbps)<\/p>\n","protected":false},"featured_media":4694,"comment_status":"open","ping_status":"closed","template":"","meta":[],"product_brand":[],"product_cat":[338,199,275],"product_tag":[340,339,278],"class_list":{"0":"post-4693","1":"product","2":"type-product","3":"status-publish","4":"has-post-thumbnail","6":"product_cat-dahua","7":"product_cat-kamera-sistemleri","8":"product_cat-kayit-cihazlari","9":"product_tag-alhua","10":"product_tag-dahua","11":"product_tag-kayit-cihazi","13":"first","14":"instock","15":"taxable","16":"shipping-taxable","17":"product-type-simple"},"yoast_head":"<!-- This site is optimized with the Yoast SEO plugin v26.0 - https:\/\/yoast.com\/wordpress\/plugins\/seo\/ -->\n<title>DAHUA NVR4216-16P-4KS2\/L - Mega G\u00fcvenlik Sistemleri<\/title>\n<meta name=\"description\" content=\"NVR4216-16P-4KS2\/L, y\u00fcksek performansl\u0131 ve PoE destekli 16 kanall\u0131 a\u011f kay\u0131t cihaz\u0131d\u0131r. Dahili 16 PoE portu sayesinde IP kameralar\u0131n\u0131z\u0131 ekstra adapt\u00f6r veya g\u00fc\u00e7 kablosu olmadan \u00e7al\u0131\u015ft\u0131rabilir, tek kablo \u00fczerinden hem enerji hem de veri aktar\u0131m\u0131 sa\u011flayabilirsiniz. 4K Ultra HD \u00e7\u00f6z\u00fcn\u00fcrl\u00fck ve ak\u0131ll\u0131 video analiz \u00f6zellikleri ile geni\u015f alanlarda g\u00fcvenli\u011fi \u00fcst seviyeye ta\u015f\u0131r.\" \/>\n<meta name=\"robots\" content=\"index, follow, max-snippet:-1, max-image-preview:large, max-video-preview:-1\" \/>\n<link rel=\"canonical\" href=\"https:\/\/www.megaguvenlik.com\/?product=dahua-nvr4216-16p-4ks2-l\" \/>\n<meta property=\"og:locale\" content=\"tr_TR\" \/>\n<meta property=\"og:type\" content=\"article\" \/>\n<meta property=\"og:title\" content=\"DAHUA NVR4216-16P-4KS2\/L - Mega G\u00fcvenlik Sistemleri\" \/>\n<meta property=\"og:description\" content=\"NVR4216-16P-4KS2\/L, y\u00fcksek performansl\u0131 ve PoE destekli 16 kanall\u0131 a\u011f kay\u0131t cihaz\u0131d\u0131r. Dahili 16 PoE portu sayesinde IP kameralar\u0131n\u0131z\u0131 ekstra adapt\u00f6r veya g\u00fc\u00e7 kablosu olmadan \u00e7al\u0131\u015ft\u0131rabilir, tek kablo \u00fczerinden hem enerji hem de veri aktar\u0131m\u0131 sa\u011flayabilirsiniz. 4K Ultra HD \u00e7\u00f6z\u00fcn\u00fcrl\u00fck ve ak\u0131ll\u0131 video analiz \u00f6zellikleri ile geni\u015f alanlarda g\u00fcvenli\u011fi \u00fcst seviyeye ta\u015f\u0131r.\" \/>\n<meta property=\"og:url\" content=\"https:\/\/www.megaguvenlik.com\/?product=dahua-nvr4216-16p-4ks2-l\" \/>\n<meta property=\"og:site_name\" content=\"Mega G\u00fcvenlik Sistemleri\" \/>\n<meta property=\"article:modified_time\" content=\"2025-10-21T13:06:06+00:00\" \/>\n<meta property=\"og:image\" content=\"https:\/\/www.megaguvenlik.com\/wp-content\/uploads\/2025\/10\/NVR4216-16P.jpeg\" \/>\n\t<meta property=\"og:image:width\" content=\"225\" \/>\n\t<meta property=\"og:image:height\" content=\"225\" \/>\n\t<meta property=\"og:image:type\" content=\"image\/jpeg\" \/>\n<meta name=\"twitter:card\" content=\"summary_large_image\" \/>\n<meta name=\"twitter:label1\" content=\"Tahmini okuma s\u00fcresi\" \/>\n\t<meta name=\"twitter:data1\" content=\"1 dakika\" \/>\n<script type=\"application\/ld+json\" class=\"yoast-schema-graph\">{\"@context\":\"https:\/\/schema.org\",\"@graph\":[{\"@type\":\"WebPage\",\"@id\":\"https:\/\/www.megaguvenlik.com\/?product=dahua-nvr4216-16p-4ks2-l\",\"url\":\"https:\/\/www.megaguvenlik.com\/?product=dahua-nvr4216-16p-4ks2-l\",\"name\":\"DAHUA NVR4216-16P-4KS2\/L - Mega G\u00fcvenlik Sistemleri\",\"isPartOf\":{\"@id\":\"https:\/\/www.megaguvenlik.com\/#website\"},\"primaryImageOfPage\":{\"@id\":\"https:\/\/www.megaguvenlik.com\/?product=dahua-nvr4216-16p-4ks2-l#primaryimage\"},\"image\":{\"@id\":\"https:\/\/www.megaguvenlik.com\/?product=dahua-nvr4216-16p-4ks2-l#primaryimage\"},\"thumbnailUrl\":\"https:\/\/www.megaguvenlik.com\/wp-content\/uploads\/2025\/10\/NVR4216-16P.jpeg\",\"datePublished\":\"2025-10-21T13:06:05+00:00\",\"dateModified\":\"2025-10-21T13:06:06+00:00\",\"description\":\"NVR4216-16P-4KS2\/L, y\u00fcksek performansl\u0131 ve PoE destekli 16 kanall\u0131 a\u011f kay\u0131t cihaz\u0131d\u0131r. Dahili 16 PoE portu sayesinde IP kameralar\u0131n\u0131z\u0131 ekstra adapt\u00f6r veya g\u00fc\u00e7 kablosu olmadan \u00e7al\u0131\u015ft\u0131rabilir, tek kablo \u00fczerinden hem enerji hem de veri aktar\u0131m\u0131 sa\u011flayabilirsiniz. 4K Ultra HD \u00e7\u00f6z\u00fcn\u00fcrl\u00fck ve ak\u0131ll\u0131 video analiz \u00f6zellikleri ile geni\u015f alanlarda g\u00fcvenli\u011fi \u00fcst seviyeye ta\u015f\u0131r.\",\"breadcrumb\":{\"@id\":\"https:\/\/www.megaguvenlik.com\/?product=dahua-nvr4216-16p-4ks2-l#breadcrumb\"},\"inLanguage\":\"tr\",\"potentialAction\":[{\"@type\":\"ReadAction\",\"target\":[\"https:\/\/www.megaguvenlik.com\/?product=dahua-nvr4216-16p-4ks2-l\"]}]},{\"@type\":\"ImageObject\",\"inLanguage\":\"tr\",\"@id\":\"https:\/\/www.megaguvenlik.com\/?product=dahua-nvr4216-16p-4ks2-l#primaryimage\",\"url\":\"https:\/\/www.megaguvenlik.com\/wp-content\/uploads\/2025\/10\/NVR4216-16P.jpeg\",\"contentUrl\":\"https:\/\/www.megaguvenlik.com\/wp-content\/uploads\/2025\/10\/NVR4216-16P.jpeg\",\"width\":225,\"height\":225},{\"@type\":\"BreadcrumbList\",\"@id\":\"https:\/\/www.megaguvenlik.com\/?product=dahua-nvr4216-16p-4ks2-l#breadcrumb\",\"itemListElement\":[{\"@type\":\"ListItem\",\"position\":1,\"name\":\"Anasayfa\",\"item\":\"https:\/\/www.megaguvenlik.com\/\"},{\"@type\":\"ListItem\",\"position\":2,\"name\":\"Ma\u011faza\",\"item\":\"https:\/\/www.megaguvenlik.com\/?page_id=323\"},{\"@type\":\"ListItem\",\"position\":3,\"name\":\"DAHUA NVR4216-16P-4KS2\/L\"}]},{\"@type\":\"WebSite\",\"@id\":\"https:\/\/www.megaguvenlik.com\/#website\",\"url\":\"https:\/\/www.megaguvenlik.com\/\",\"name\":\"Mega G\u00fcvenlik Sistemleri\",\"description\":\"Kamera | Yang\u0131n Alarm | Network | Acil Anons\",\"potentialAction\":[{\"@type\":\"SearchAction\",\"target\":{\"@type\":\"EntryPoint\",\"urlTemplate\":\"https:\/\/www.megaguvenlik.com\/?s={search_term_string}\"},\"query-input\":{\"@type\":\"PropertyValueSpecification\",\"valueRequired\":true,\"valueName\":\"search_term_string\"}}],\"inLanguage\":\"tr\"}]}<\/script>\n<!-- \/ Yoast SEO plugin. -->","yoast_head_json":{"title":"DAHUA NVR4216-16P-4KS2\/L - Mega G\u00fcvenlik Sistemleri","description":"NVR4216-16P-4KS2\/L, y\u00fcksek performansl\u0131 ve PoE destekli 16 kanall\u0131 a\u011f kay\u0131t cihaz\u0131d\u0131r. Dahili 16 PoE portu sayesinde IP kameralar\u0131n\u0131z\u0131 ekstra adapt\u00f6r veya g\u00fc\u00e7 kablosu olmadan \u00e7al\u0131\u015ft\u0131rabilir, tek kablo \u00fczerinden hem enerji hem de veri aktar\u0131m\u0131 sa\u011flayabilirsiniz. 4K Ultra HD \u00e7\u00f6z\u00fcn\u00fcrl\u00fck ve ak\u0131ll\u0131 video analiz \u00f6zellikleri ile geni\u015f alanlarda g\u00fcvenli\u011fi \u00fcst seviyeye ta\u015f\u0131r.","robots":{"index":"index","follow":"follow","max-snippet":"max-snippet:-1","max-image-preview":"max-image-preview:large","max-video-preview":"max-video-preview:-1"},"canonical":"https:\/\/www.megaguvenlik.com\/?product=dahua-nvr4216-16p-4ks2-l","og_locale":"tr_TR","og_type":"article","og_title":"DAHUA NVR4216-16P-4KS2\/L - Mega G\u00fcvenlik Sistemleri","og_description":"NVR4216-16P-4KS2\/L, y\u00fcksek performansl\u0131 ve PoE destekli 16 kanall\u0131 a\u011f kay\u0131t cihaz\u0131d\u0131r. Dahili 16 PoE portu sayesinde IP kameralar\u0131n\u0131z\u0131 ekstra adapt\u00f6r veya g\u00fc\u00e7 kablosu olmadan \u00e7al\u0131\u015ft\u0131rabilir, tek kablo \u00fczerinden hem enerji hem de veri aktar\u0131m\u0131 sa\u011flayabilirsiniz. 4K Ultra HD \u00e7\u00f6z\u00fcn\u00fcrl\u00fck ve ak\u0131ll\u0131 video analiz \u00f6zellikleri ile geni\u015f alanlarda g\u00fcvenli\u011fi \u00fcst seviyeye ta\u015f\u0131r.","og_url":"https:\/\/www.megaguvenlik.com\/?product=dahua-nvr4216-16p-4ks2-l","og_site_name":"Mega G\u00fcvenlik Sistemleri","article_modified_time":"2025-10-21T13:06:06+00:00","og_image":[{"width":225,"height":225,"url":"https:\/\/www.megaguvenlik.com\/wp-content\/uploads\/2025\/10\/NVR4216-16P.jpeg","type":"image\/jpeg"}],"twitter_card":"summary_large_image","twitter_misc":{"Tahmini okuma s\u00fcresi":"1 dakika"},"schema":{"@context":"https:\/\/schema.org","@graph":[{"@type":"WebPage","@id":"https:\/\/www.megaguvenlik.com\/?product=dahua-nvr4216-16p-4ks2-l","url":"https:\/\/www.megaguvenlik.com\/?product=dahua-nvr4216-16p-4ks2-l","name":"DAHUA NVR4216-16P-4KS2\/L - Mega G\u00fcvenlik Sistemleri","isPartOf":{"@id":"https:\/\/www.megaguvenlik.com\/#website"},"primaryImageOfPage":{"@id":"https:\/\/www.megaguvenlik.com\/?product=dahua-nvr4216-16p-4ks2-l#primaryimage"},"image":{"@id":"https:\/\/www.megaguvenlik.com\/?product=dahua-nvr4216-16p-4ks2-l#primaryimage"},"thumbnailUrl":"https:\/\/www.megaguvenlik.com\/wp-content\/uploads\/2025\/10\/NVR4216-16P.jpeg","datePublished":"2025-10-21T13:06:05+00:00","dateModified":"2025-10-21T13:06:06+00:00","description":"NVR4216-16P-4KS2\/L, y\u00fcksek performansl\u0131 ve PoE destekli 16 kanall\u0131 a\u011f kay\u0131t cihaz\u0131d\u0131r. Dahili 16 PoE portu sayesinde IP kameralar\u0131n\u0131z\u0131 ekstra adapt\u00f6r veya g\u00fc\u00e7 kablosu olmadan \u00e7al\u0131\u015ft\u0131rabilir, tek kablo \u00fczerinden hem enerji hem de veri aktar\u0131m\u0131 sa\u011flayabilirsiniz. 4K Ultra HD \u00e7\u00f6z\u00fcn\u00fcrl\u00fck ve ak\u0131ll\u0131 video analiz \u00f6zellikleri ile geni\u015f alanlarda g\u00fcvenli\u011fi \u00fcst seviyeye ta\u015f\u0131r.","breadcrumb":{"@id":"https:\/\/www.megaguvenlik.com\/?product=dahua-nvr4216-16p-4ks2-l#breadcrumb"},"inLanguage":"tr","potentialAction":[{"@type":"ReadAction","target":["https:\/\/www.megaguvenlik.com\/?product=dahua-nvr4216-16p-4ks2-l"]}]},{"@type":"ImageObject","inLanguage":"tr","@id":"https:\/\/www.megaguvenlik.com\/?product=dahua-nvr4216-16p-4ks2-l#primaryimage","url":"https:\/\/www.megaguvenlik.com\/wp-content\/uploads\/2025\/10\/NVR4216-16P.jpeg","contentUrl":"https:\/\/www.megaguvenlik.com\/wp-content\/uploads\/2025\/10\/NVR4216-16P.jpeg","width":225,"height":225},{"@type":"BreadcrumbList","@id":"https:\/\/www.megaguvenlik.com\/?product=dahua-nvr4216-16p-4ks2-l#breadcrumb","itemListElement":[{"@type":"ListItem","position":1,"name":"Anasayfa","item":"https:\/\/www.megaguvenlik.com\/"},{"@type":"ListItem","position":2,"name":"Ma\u011faza","item":"https:\/\/www.megaguvenlik.com\/?page_id=323"},{"@type":"ListItem","position":3,"name":"DAHUA NVR4216-16P-4KS2\/L"}]},{"@type":"WebSite","@id":"https:\/\/www.megaguvenlik.com\/#website","url":"https:\/\/www.megaguvenlik.com\/","name":"Mega G\u00fcvenlik Sistemleri","description":"Kamera | Yang\u0131n Alarm | Network | Acil Anons","potentialAction":[{"@type":"SearchAction","target":{"@type":"EntryPoint","urlTemplate":"https:\/\/www.megaguvenlik.com\/?s={search_term_string}"},"query-input":{"@type":"PropertyValueSpecification","valueRequired":true,"valueName":"search_term_string"}}],"inLanguage":"tr"}]}},"_links":{"self":[{"href":"https:\/\/www.megaguvenlik.com\/index.php?rest_route=\/wp\/v2\/product\/4693","targetHints":{"allow":["GET"]}}],"collection":[{"href":"https:\/\/www.megaguvenlik.com\/index.php?rest_route=\/wp\/v2\/product"}],"about":[{"href":"https:\/\/www.megaguvenlik.com\/index.php?rest_route=\/wp\/v2\/types\/product"}],"replies":[{"embeddable":true,"href":"https:\/\/www.megaguvenlik.com\/index.php?rest_route=%2Fwp%2Fv2%2Fcomments&post=4693"}],"wp:featuredmedia":[{"embeddable":true,"href":"https:\/\/www.megaguvenlik.com\/index.php?rest_route=\/wp\/v2\/media\/4694"}],"wp:attachment":[{"href":"https:\/\/www.megaguvenlik.com\/index.php?rest_route=%2Fwp%2Fv2%2Fmedia&parent=4693"}],"wp:term":[{"taxonomy":"product_brand","embeddable":true,"href":"https:\/\/www.megaguvenlik.com\/index.php?rest_route=%2Fwp%2Fv2%2Fproduct_brand&post=4693"},{"taxonomy":"product_cat","embeddable":true,"href":"https:\/\/www.megaguvenlik.com\/index.php?rest_route=%2Fwp%2Fv2%2Fproduct_cat&post=4693"},{"taxonomy":"product_tag","embeddable":true,"href":"https:\/\/www.megaguvenlik.com\/index.php?rest_route=%2Fwp%2Fv2%2Fproduct_tag&post=4693"}],"curies":[{"name":"wp","href":"https:\/\/api.w.org\/{rel}","templated":true}]}}