{"id":4708,"date":"2025-10-21T16:27:33","date_gmt":"2025-10-21T13:27:33","guid":{"rendered":"https:\/\/www.megaguvenlik.com\/?post_type=product&#038;p=4708"},"modified":"2025-10-21T16:27:33","modified_gmt":"2025-10-21T13:27:33","slug":"dahua-nvr5816-16p-ei","status":"publish","type":"product","link":"https:\/\/www.megaguvenlik.com\/?product=dahua-nvr5816-16p-ei","title":{"rendered":"DAHUA NVR5816-16P-EI"},"content":{"rendered":"<p>16 Kanal H.265 NVR (8x16TB SATA) \u0130zleme\/Kay\u0131t Bant Geni\u015fli\u011fi: 384Mbps\/384Mbps, 16 Port PoE, \u0130lk 8 Port ePoE(800 Metre destekli)32 MP&#8217;ye kadar \u00e7\u00f6z\u00fcn\u00fcrl\u00fck,RAID 0\/1\/5\/6\/10, Hot Stanby(Yedekli \u00c7al\u0131\u015fma, N+M)2Kanal@32Mp\/4Kanal@16MP\/16Kanal@1080p Kod \u00c7\u00f6z\u00fcmleme(Decoding)\u00c7ift Y\u00f6nl\u00fc Konu\u015fma, P2P, 16 Kanala Kadar \u00c7evre Korumas\u0131(\u00c7izgi\/Alan \u0130hlali ile \u0130nsan&amp;Ara\u00e7 Ayr\u0131m\u0131), Hedefe g\u00f6re Ak\u0131ll\u0131Arama,Normal Kamera ile 4\/ Y\u00fcz Tan\u0131ma Kameras\u0131 ile 16 Kanala Kadar Y\u00fcz Tan\u0131ma,2 HDMI, 2 VGA, 4 USB, RS232(PC ve Klavye), RS485(PTZ), Alarm Giri\u015f\/\u00c7\u0131k\u0131\u015f: 16\/8, 1 RJ45 port(10\/100\/1000Mbps)<\/p>\n","protected":false},"excerpt":{"rendered":"<p>16 Kanal H.265 NVR (8x16TB SATA) \u0130zleme\/Kay\u0131t Bant Geni\u015fli\u011fi: 384Mbps\/384Mbps, 16 Port PoE, \u0130lk 8 Port ePoE(800 Metre destekli)32 MP&#8217;ye kadar \u00e7\u00f6z\u00fcn\u00fcrl\u00fck,RAID 0\/1\/5\/6\/10, Hot Stanby(Yedekli \u00c7al\u0131\u015fma, N+M)2Kanal@32Mp\/4Kanal@16MP\/16Kanal@1080p Kod \u00c7\u00f6z\u00fcmleme(Decoding)\u00c7ift Y\u00f6nl\u00fc Konu\u015fma, P2P, 16 Kanala Kadar \u00c7evre Korumas\u0131(\u00c7izgi\/Alan \u0130hlali ile \u0130nsan&amp;Ara\u00e7 Ayr\u0131m\u0131), Hedefe g\u00f6re Ak\u0131ll\u0131Arama,Normal Kamera ile 4\/ Y\u00fcz Tan\u0131ma Kameras\u0131 ile 16 Kanala Kadar Y\u00fcz Tan\u0131ma,2 HDMI, 2 VGA, 4 USB, RS232(PC ve Klavye), RS485(PTZ), Alarm Giri\u015f\/\u00c7\u0131k\u0131\u015f: 16\/8, 1 RJ45 port(10\/100\/1000Mbps)<\/p>\n","protected":false},"featured_media":4709,"comment_status":"open","ping_status":"closed","template":"","meta":[],"product_brand":[],"product_cat":[338,199,275],"product_tag":[340,339,278],"class_list":{"0":"post-4708","1":"product","2":"type-product","3":"status-publish","4":"has-post-thumbnail","6":"product_cat-dahua","7":"product_cat-kamera-sistemleri","8":"product_cat-kayit-cihazlari","9":"product_tag-alhua","10":"product_tag-dahua","11":"product_tag-kayit-cihazi","13":"first","14":"instock","15":"taxable","16":"shipping-taxable","17":"product-type-simple"},"yoast_head":"<!-- This site is optimized with the Yoast SEO plugin v26.0 - https:\/\/yoast.com\/wordpress\/plugins\/seo\/ -->\n<title>DAHUA NVR5816-16P-EI - Mega G\u00fcvenlik Sistemleri<\/title>\n<meta name=\"description\" content=\"NVR5816-16P-EI, yapay zek\u00e2 (AI) destekli y\u00fcksek performansl\u0131 16 kanall\u0131 PoE a\u011f kay\u0131t cihaz\u0131d\u0131r. Dahili 16 PoE portu sayesinde IP kameralar\u0131n\u0131z\u0131 tek kablo \u00fczerinden hem besler hem veri aktar\u0131m\u0131 yapar. 4K Ultra HD \u00e7\u00f6z\u00fcn\u00fcrl\u00fck ve ak\u0131ll\u0131 video analiz \u00f6zellikleri ile geni\u015f alanlarda \u00fcst\u00fcn g\u00fcvenlik sa\u011flar.\" \/>\n<meta name=\"robots\" content=\"index, follow, max-snippet:-1, max-image-preview:large, max-video-preview:-1\" \/>\n<link rel=\"canonical\" href=\"https:\/\/www.megaguvenlik.com\/?product=dahua-nvr5816-16p-ei\" \/>\n<meta property=\"og:locale\" content=\"tr_TR\" \/>\n<meta property=\"og:type\" content=\"article\" \/>\n<meta property=\"og:title\" content=\"DAHUA NVR5816-16P-EI - Mega G\u00fcvenlik Sistemleri\" \/>\n<meta property=\"og:description\" content=\"NVR5816-16P-EI, yapay zek\u00e2 (AI) destekli y\u00fcksek performansl\u0131 16 kanall\u0131 PoE a\u011f kay\u0131t cihaz\u0131d\u0131r. Dahili 16 PoE portu sayesinde IP kameralar\u0131n\u0131z\u0131 tek kablo \u00fczerinden hem besler hem veri aktar\u0131m\u0131 yapar. 4K Ultra HD \u00e7\u00f6z\u00fcn\u00fcrl\u00fck ve ak\u0131ll\u0131 video analiz \u00f6zellikleri ile geni\u015f alanlarda \u00fcst\u00fcn g\u00fcvenlik sa\u011flar.\" \/>\n<meta property=\"og:url\" content=\"https:\/\/www.megaguvenlik.com\/?product=dahua-nvr5816-16p-ei\" \/>\n<meta property=\"og:site_name\" content=\"Mega G\u00fcvenlik Sistemleri\" \/>\n<meta property=\"og:image\" content=\"https:\/\/www.megaguvenlik.com\/wp-content\/uploads\/2025\/10\/NVR5816-EI-1.jpeg\" \/>\n\t<meta property=\"og:image:width\" content=\"225\" \/>\n\t<meta property=\"og:image:height\" content=\"225\" \/>\n\t<meta property=\"og:image:type\" content=\"image\/jpeg\" \/>\n<meta name=\"twitter:card\" content=\"summary_large_image\" \/>\n<meta name=\"twitter:label1\" content=\"Tahmini okuma s\u00fcresi\" \/>\n\t<meta name=\"twitter:data1\" content=\"1 dakika\" \/>\n<script type=\"application\/ld+json\" class=\"yoast-schema-graph\">{\"@context\":\"https:\/\/schema.org\",\"@graph\":[{\"@type\":\"WebPage\",\"@id\":\"https:\/\/www.megaguvenlik.com\/?product=dahua-nvr5816-16p-ei\",\"url\":\"https:\/\/www.megaguvenlik.com\/?product=dahua-nvr5816-16p-ei\",\"name\":\"DAHUA NVR5816-16P-EI - Mega G\u00fcvenlik Sistemleri\",\"isPartOf\":{\"@id\":\"https:\/\/www.megaguvenlik.com\/#website\"},\"primaryImageOfPage\":{\"@id\":\"https:\/\/www.megaguvenlik.com\/?product=dahua-nvr5816-16p-ei#primaryimage\"},\"image\":{\"@id\":\"https:\/\/www.megaguvenlik.com\/?product=dahua-nvr5816-16p-ei#primaryimage\"},\"thumbnailUrl\":\"https:\/\/www.megaguvenlik.com\/wp-content\/uploads\/2025\/10\/NVR5816-EI-1.jpeg\",\"datePublished\":\"2025-10-21T13:27:33+00:00\",\"description\":\"NVR5816-16P-EI, yapay zek\u00e2 (AI) destekli y\u00fcksek performansl\u0131 16 kanall\u0131 PoE a\u011f kay\u0131t cihaz\u0131d\u0131r. Dahili 16 PoE portu sayesinde IP kameralar\u0131n\u0131z\u0131 tek kablo \u00fczerinden hem besler hem veri aktar\u0131m\u0131 yapar. 4K Ultra HD \u00e7\u00f6z\u00fcn\u00fcrl\u00fck ve ak\u0131ll\u0131 video analiz \u00f6zellikleri ile geni\u015f alanlarda \u00fcst\u00fcn g\u00fcvenlik sa\u011flar.\",\"breadcrumb\":{\"@id\":\"https:\/\/www.megaguvenlik.com\/?product=dahua-nvr5816-16p-ei#breadcrumb\"},\"inLanguage\":\"tr\",\"potentialAction\":[{\"@type\":\"ReadAction\",\"target\":[\"https:\/\/www.megaguvenlik.com\/?product=dahua-nvr5816-16p-ei\"]}]},{\"@type\":\"ImageObject\",\"inLanguage\":\"tr\",\"@id\":\"https:\/\/www.megaguvenlik.com\/?product=dahua-nvr5816-16p-ei#primaryimage\",\"url\":\"https:\/\/www.megaguvenlik.com\/wp-content\/uploads\/2025\/10\/NVR5816-EI-1.jpeg\",\"contentUrl\":\"https:\/\/www.megaguvenlik.com\/wp-content\/uploads\/2025\/10\/NVR5816-EI-1.jpeg\",\"width\":225,\"height\":225},{\"@type\":\"BreadcrumbList\",\"@id\":\"https:\/\/www.megaguvenlik.com\/?product=dahua-nvr5816-16p-ei#breadcrumb\",\"itemListElement\":[{\"@type\":\"ListItem\",\"position\":1,\"name\":\"Anasayfa\",\"item\":\"https:\/\/www.megaguvenlik.com\/\"},{\"@type\":\"ListItem\",\"position\":2,\"name\":\"Ma\u011faza\",\"item\":\"https:\/\/www.megaguvenlik.com\/?page_id=323\"},{\"@type\":\"ListItem\",\"position\":3,\"name\":\"DAHUA NVR5816-16P-EI\"}]},{\"@type\":\"WebSite\",\"@id\":\"https:\/\/www.megaguvenlik.com\/#website\",\"url\":\"https:\/\/www.megaguvenlik.com\/\",\"name\":\"Mega G\u00fcvenlik Sistemleri\",\"description\":\"Kamera | Yang\u0131n Alarm | Network | Acil Anons\",\"potentialAction\":[{\"@type\":\"SearchAction\",\"target\":{\"@type\":\"EntryPoint\",\"urlTemplate\":\"https:\/\/www.megaguvenlik.com\/?s={search_term_string}\"},\"query-input\":{\"@type\":\"PropertyValueSpecification\",\"valueRequired\":true,\"valueName\":\"search_term_string\"}}],\"inLanguage\":\"tr\"}]}<\/script>\n<!-- \/ Yoast SEO plugin. -->","yoast_head_json":{"title":"DAHUA NVR5816-16P-EI - Mega G\u00fcvenlik Sistemleri","description":"NVR5816-16P-EI, yapay zek\u00e2 (AI) destekli y\u00fcksek performansl\u0131 16 kanall\u0131 PoE a\u011f kay\u0131t cihaz\u0131d\u0131r. Dahili 16 PoE portu sayesinde IP kameralar\u0131n\u0131z\u0131 tek kablo \u00fczerinden hem besler hem veri aktar\u0131m\u0131 yapar. 4K Ultra HD \u00e7\u00f6z\u00fcn\u00fcrl\u00fck ve ak\u0131ll\u0131 video analiz \u00f6zellikleri ile geni\u015f alanlarda \u00fcst\u00fcn g\u00fcvenlik sa\u011flar.","robots":{"index":"index","follow":"follow","max-snippet":"max-snippet:-1","max-image-preview":"max-image-preview:large","max-video-preview":"max-video-preview:-1"},"canonical":"https:\/\/www.megaguvenlik.com\/?product=dahua-nvr5816-16p-ei","og_locale":"tr_TR","og_type":"article","og_title":"DAHUA NVR5816-16P-EI - Mega G\u00fcvenlik Sistemleri","og_description":"NVR5816-16P-EI, yapay zek\u00e2 (AI) destekli y\u00fcksek performansl\u0131 16 kanall\u0131 PoE a\u011f kay\u0131t cihaz\u0131d\u0131r. Dahili 16 PoE portu sayesinde IP kameralar\u0131n\u0131z\u0131 tek kablo \u00fczerinden hem besler hem veri aktar\u0131m\u0131 yapar. 4K Ultra HD \u00e7\u00f6z\u00fcn\u00fcrl\u00fck ve ak\u0131ll\u0131 video analiz \u00f6zellikleri ile geni\u015f alanlarda \u00fcst\u00fcn g\u00fcvenlik sa\u011flar.","og_url":"https:\/\/www.megaguvenlik.com\/?product=dahua-nvr5816-16p-ei","og_site_name":"Mega G\u00fcvenlik Sistemleri","og_image":[{"width":225,"height":225,"url":"https:\/\/www.megaguvenlik.com\/wp-content\/uploads\/2025\/10\/NVR5816-EI-1.jpeg","type":"image\/jpeg"}],"twitter_card":"summary_large_image","twitter_misc":{"Tahmini okuma s\u00fcresi":"1 dakika"},"schema":{"@context":"https:\/\/schema.org","@graph":[{"@type":"WebPage","@id":"https:\/\/www.megaguvenlik.com\/?product=dahua-nvr5816-16p-ei","url":"https:\/\/www.megaguvenlik.com\/?product=dahua-nvr5816-16p-ei","name":"DAHUA NVR5816-16P-EI - Mega G\u00fcvenlik Sistemleri","isPartOf":{"@id":"https:\/\/www.megaguvenlik.com\/#website"},"primaryImageOfPage":{"@id":"https:\/\/www.megaguvenlik.com\/?product=dahua-nvr5816-16p-ei#primaryimage"},"image":{"@id":"https:\/\/www.megaguvenlik.com\/?product=dahua-nvr5816-16p-ei#primaryimage"},"thumbnailUrl":"https:\/\/www.megaguvenlik.com\/wp-content\/uploads\/2025\/10\/NVR5816-EI-1.jpeg","datePublished":"2025-10-21T13:27:33+00:00","description":"NVR5816-16P-EI, yapay zek\u00e2 (AI) destekli y\u00fcksek performansl\u0131 16 kanall\u0131 PoE a\u011f kay\u0131t cihaz\u0131d\u0131r. Dahili 16 PoE portu sayesinde IP kameralar\u0131n\u0131z\u0131 tek kablo \u00fczerinden hem besler hem veri aktar\u0131m\u0131 yapar. 4K Ultra HD \u00e7\u00f6z\u00fcn\u00fcrl\u00fck ve ak\u0131ll\u0131 video analiz \u00f6zellikleri ile geni\u015f alanlarda \u00fcst\u00fcn g\u00fcvenlik sa\u011flar.","breadcrumb":{"@id":"https:\/\/www.megaguvenlik.com\/?product=dahua-nvr5816-16p-ei#breadcrumb"},"inLanguage":"tr","potentialAction":[{"@type":"ReadAction","target":["https:\/\/www.megaguvenlik.com\/?product=dahua-nvr5816-16p-ei"]}]},{"@type":"ImageObject","inLanguage":"tr","@id":"https:\/\/www.megaguvenlik.com\/?product=dahua-nvr5816-16p-ei#primaryimage","url":"https:\/\/www.megaguvenlik.com\/wp-content\/uploads\/2025\/10\/NVR5816-EI-1.jpeg","contentUrl":"https:\/\/www.megaguvenlik.com\/wp-content\/uploads\/2025\/10\/NVR5816-EI-1.jpeg","width":225,"height":225},{"@type":"BreadcrumbList","@id":"https:\/\/www.megaguvenlik.com\/?product=dahua-nvr5816-16p-ei#breadcrumb","itemListElement":[{"@type":"ListItem","position":1,"name":"Anasayfa","item":"https:\/\/www.megaguvenlik.com\/"},{"@type":"ListItem","position":2,"name":"Ma\u011faza","item":"https:\/\/www.megaguvenlik.com\/?page_id=323"},{"@type":"ListItem","position":3,"name":"DAHUA NVR5816-16P-EI"}]},{"@type":"WebSite","@id":"https:\/\/www.megaguvenlik.com\/#website","url":"https:\/\/www.megaguvenlik.com\/","name":"Mega G\u00fcvenlik Sistemleri","description":"Kamera | Yang\u0131n Alarm | Network | Acil Anons","potentialAction":[{"@type":"SearchAction","target":{"@type":"EntryPoint","urlTemplate":"https:\/\/www.megaguvenlik.com\/?s={search_term_string}"},"query-input":{"@type":"PropertyValueSpecification","valueRequired":true,"valueName":"search_term_string"}}],"inLanguage":"tr"}]}},"_links":{"self":[{"href":"https:\/\/www.megaguvenlik.com\/index.php?rest_route=\/wp\/v2\/product\/4708","targetHints":{"allow":["GET"]}}],"collection":[{"href":"https:\/\/www.megaguvenlik.com\/index.php?rest_route=\/wp\/v2\/product"}],"about":[{"href":"https:\/\/www.megaguvenlik.com\/index.php?rest_route=\/wp\/v2\/types\/product"}],"replies":[{"embeddable":true,"href":"https:\/\/www.megaguvenlik.com\/index.php?rest_route=%2Fwp%2Fv2%2Fcomments&post=4708"}],"wp:featuredmedia":[{"embeddable":true,"href":"https:\/\/www.megaguvenlik.com\/index.php?rest_route=\/wp\/v2\/media\/4709"}],"wp:attachment":[{"href":"https:\/\/www.megaguvenlik.com\/index.php?rest_route=%2Fwp%2Fv2%2Fmedia&parent=4708"}],"wp:term":[{"taxonomy":"product_brand","embeddable":true,"href":"https:\/\/www.megaguvenlik.com\/index.php?rest_route=%2Fwp%2Fv2%2Fproduct_brand&post=4708"},{"taxonomy":"product_cat","embeddable":true,"href":"https:\/\/www.megaguvenlik.com\/index.php?rest_route=%2Fwp%2Fv2%2Fproduct_cat&post=4708"},{"taxonomy":"product_tag","embeddable":true,"href":"https:\/\/www.megaguvenlik.com\/index.php?rest_route=%2Fwp%2Fv2%2Fproduct_tag&post=4708"}],"curies":[{"name":"wp","href":"https:\/\/api.w.org\/{rel}","templated":true}]}}