{"id":4714,"date":"2025-10-21T16:34:55","date_gmt":"2025-10-21T13:34:55","guid":{"rendered":"https:\/\/www.megaguvenlik.com\/?post_type=product&#038;p=4714"},"modified":"2025-10-21T16:34:55","modified_gmt":"2025-10-21T13:34:55","slug":"dahua-nvr5232-ei","status":"publish","type":"product","link":"https:\/\/www.megaguvenlik.com\/?product=dahua-nvr5232-ei","title":{"rendered":"DAHUA NVR5232-EI"},"content":{"rendered":"<p>32 Kanal H.265 NVR (2x16TB SATA) \u0130zleme\/Kay\u0131t Bant Geni\u015fli\u011fi: 384Mbps\/384Mbps 32 MP&#8217;ye kadar \u00e7\u00f6z\u00fcn\u00fcrl\u00fck, 2Kanal @32Mp\/ 4Kanal@16MP\/ 32Kanal@1080p Kod \u00c7\u00f6z\u00fcmleme (Decoding) \u00c7ift Y\u00f6nl\u00fc Konu\u015fma, P2P, IVS,SMD, Y\u00fcz Alg\u0131lama,Y\u00fcz Tan\u0131ma, Ki\u015fi Sayma, Is\u0131 Haritas\u0131 destekli kameralar ile uyumlu Plaka Tan\u0131ma Kameralar\u0131, Fisheye Kameralar\u0131(B\u00f6l\u00fcmleme), POS Cihazlar\u0131 ile uyumlu 1 HDMI, 1 VGA, 2 USB,<\/p>\n","protected":false},"excerpt":{"rendered":"<p>32 Kanal H.265 NVR (2x16TB SATA) \u0130zleme\/Kay\u0131t Bant Geni\u015fli\u011fi: 384Mbps\/384Mbps 32 MP&#8217;ye kadar \u00e7\u00f6z\u00fcn\u00fcrl\u00fck, 2Kanal @32Mp\/ 4Kanal@16MP\/ 32Kanal@1080p Kod \u00c7\u00f6z\u00fcmleme (Decoding) \u00c7ift Y\u00f6nl\u00fc Konu\u015fma, P2P, IVS,SMD, Y\u00fcz Alg\u0131lama,Y\u00fcz Tan\u0131ma, Ki\u015fi Sayma, Is\u0131 Haritas\u0131 destekli kameralar ile uyumlu Plaka Tan\u0131ma Kameralar\u0131, Fisheye Kameralar\u0131(B\u00f6l\u00fcmleme), POS Cihazlar\u0131 ile uyumlu 1 HDMI, 1 VGA, 2 USB,<\/p>\n","protected":false},"featured_media":4715,"comment_status":"open","ping_status":"closed","template":"","meta":[],"product_brand":[],"product_cat":[338,199,275],"product_tag":[340,339,278],"class_list":{"0":"post-4714","1":"product","2":"type-product","3":"status-publish","4":"has-post-thumbnail","6":"product_cat-dahua","7":"product_cat-kamera-sistemleri","8":"product_cat-kayit-cihazlari","9":"product_tag-alhua","10":"product_tag-dahua","11":"product_tag-kayit-cihazi","13":"first","14":"instock","15":"taxable","16":"shipping-taxable","17":"product-type-simple"},"yoast_head":"<!-- This site is optimized with the Yoast SEO plugin v26.0 - https:\/\/yoast.com\/wordpress\/plugins\/seo\/ -->\n<title>DAHUA NVR5232-EI - Mega G\u00fcvenlik Sistemleri<\/title>\n<meta name=\"description\" content=\"NVR5232-EI, yapay zek\u00e2 (AI) destekli y\u00fcksek performansl\u0131 32 kanall\u0131 a\u011f kay\u0131t cihaz\u0131d\u0131r. Geli\u015fmi\u015f y\u00fcz tan\u0131ma, insan ve ara\u00e7 alg\u0131lama \u00f6zellikleri sayesinde sahte alarmlar\u0131 azalt\u0131r ve olaylar\u0131 ak\u0131ll\u0131 \u015fekilde analiz eder. 4K Ultra HD \u00e7\u00f6z\u00fcn\u00fcrl\u00fck ve g\u00fc\u00e7l\u00fc i\u015flemcisi ile b\u00fcy\u00fck \u00f6l\u00e7ekli g\u00fcvenlik sistemleri i\u00e7in ideal bir \u00e7\u00f6z\u00fcmd\u00fcr.\" \/>\n<meta name=\"robots\" content=\"index, follow, max-snippet:-1, max-image-preview:large, max-video-preview:-1\" \/>\n<link rel=\"canonical\" href=\"https:\/\/www.megaguvenlik.com\/?product=dahua-nvr5232-ei\" \/>\n<meta property=\"og:locale\" content=\"tr_TR\" \/>\n<meta property=\"og:type\" content=\"article\" \/>\n<meta property=\"og:title\" content=\"DAHUA NVR5232-EI - Mega G\u00fcvenlik Sistemleri\" \/>\n<meta property=\"og:description\" content=\"NVR5232-EI, yapay zek\u00e2 (AI) destekli y\u00fcksek performansl\u0131 32 kanall\u0131 a\u011f kay\u0131t cihaz\u0131d\u0131r. Geli\u015fmi\u015f y\u00fcz tan\u0131ma, insan ve ara\u00e7 alg\u0131lama \u00f6zellikleri sayesinde sahte alarmlar\u0131 azalt\u0131r ve olaylar\u0131 ak\u0131ll\u0131 \u015fekilde analiz eder. 4K Ultra HD \u00e7\u00f6z\u00fcn\u00fcrl\u00fck ve g\u00fc\u00e7l\u00fc i\u015flemcisi ile b\u00fcy\u00fck \u00f6l\u00e7ekli g\u00fcvenlik sistemleri i\u00e7in ideal bir \u00e7\u00f6z\u00fcmd\u00fcr.\" \/>\n<meta property=\"og:url\" content=\"https:\/\/www.megaguvenlik.com\/?product=dahua-nvr5232-ei\" \/>\n<meta property=\"og:site_name\" content=\"Mega G\u00fcvenlik Sistemleri\" \/>\n<meta property=\"og:image\" content=\"https:\/\/www.megaguvenlik.com\/wp-content\/uploads\/2025\/10\/NVR5232-EI.jpeg\" \/>\n\t<meta property=\"og:image:width\" content=\"225\" \/>\n\t<meta property=\"og:image:height\" content=\"225\" \/>\n\t<meta property=\"og:image:type\" content=\"image\/jpeg\" \/>\n<meta name=\"twitter:card\" content=\"summary_large_image\" \/>\n<meta name=\"twitter:label1\" content=\"Tahmini okuma s\u00fcresi\" \/>\n\t<meta name=\"twitter:data1\" content=\"1 dakika\" \/>\n<script type=\"application\/ld+json\" class=\"yoast-schema-graph\">{\"@context\":\"https:\/\/schema.org\",\"@graph\":[{\"@type\":\"WebPage\",\"@id\":\"https:\/\/www.megaguvenlik.com\/?product=dahua-nvr5232-ei\",\"url\":\"https:\/\/www.megaguvenlik.com\/?product=dahua-nvr5232-ei\",\"name\":\"DAHUA NVR5232-EI - Mega G\u00fcvenlik Sistemleri\",\"isPartOf\":{\"@id\":\"https:\/\/www.megaguvenlik.com\/#website\"},\"primaryImageOfPage\":{\"@id\":\"https:\/\/www.megaguvenlik.com\/?product=dahua-nvr5232-ei#primaryimage\"},\"image\":{\"@id\":\"https:\/\/www.megaguvenlik.com\/?product=dahua-nvr5232-ei#primaryimage\"},\"thumbnailUrl\":\"https:\/\/www.megaguvenlik.com\/wp-content\/uploads\/2025\/10\/NVR5232-EI.jpeg\",\"datePublished\":\"2025-10-21T13:34:55+00:00\",\"description\":\"NVR5232-EI, yapay zek\u00e2 (AI) destekli y\u00fcksek performansl\u0131 32 kanall\u0131 a\u011f kay\u0131t cihaz\u0131d\u0131r. Geli\u015fmi\u015f y\u00fcz tan\u0131ma, insan ve ara\u00e7 alg\u0131lama \u00f6zellikleri sayesinde sahte alarmlar\u0131 azalt\u0131r ve olaylar\u0131 ak\u0131ll\u0131 \u015fekilde analiz eder. 4K Ultra HD \u00e7\u00f6z\u00fcn\u00fcrl\u00fck ve g\u00fc\u00e7l\u00fc i\u015flemcisi ile b\u00fcy\u00fck \u00f6l\u00e7ekli g\u00fcvenlik sistemleri i\u00e7in ideal bir \u00e7\u00f6z\u00fcmd\u00fcr.\",\"breadcrumb\":{\"@id\":\"https:\/\/www.megaguvenlik.com\/?product=dahua-nvr5232-ei#breadcrumb\"},\"inLanguage\":\"tr\",\"potentialAction\":[{\"@type\":\"ReadAction\",\"target\":[\"https:\/\/www.megaguvenlik.com\/?product=dahua-nvr5232-ei\"]}]},{\"@type\":\"ImageObject\",\"inLanguage\":\"tr\",\"@id\":\"https:\/\/www.megaguvenlik.com\/?product=dahua-nvr5232-ei#primaryimage\",\"url\":\"https:\/\/www.megaguvenlik.com\/wp-content\/uploads\/2025\/10\/NVR5232-EI.jpeg\",\"contentUrl\":\"https:\/\/www.megaguvenlik.com\/wp-content\/uploads\/2025\/10\/NVR5232-EI.jpeg\",\"width\":225,\"height\":225},{\"@type\":\"BreadcrumbList\",\"@id\":\"https:\/\/www.megaguvenlik.com\/?product=dahua-nvr5232-ei#breadcrumb\",\"itemListElement\":[{\"@type\":\"ListItem\",\"position\":1,\"name\":\"Anasayfa\",\"item\":\"https:\/\/www.megaguvenlik.com\/\"},{\"@type\":\"ListItem\",\"position\":2,\"name\":\"Ma\u011faza\",\"item\":\"https:\/\/www.megaguvenlik.com\/?page_id=323\"},{\"@type\":\"ListItem\",\"position\":3,\"name\":\"DAHUA NVR5232-EI\"}]},{\"@type\":\"WebSite\",\"@id\":\"https:\/\/www.megaguvenlik.com\/#website\",\"url\":\"https:\/\/www.megaguvenlik.com\/\",\"name\":\"Mega G\u00fcvenlik Sistemleri\",\"description\":\"Kamera | Yang\u0131n Alarm | Network | Acil Anons\",\"potentialAction\":[{\"@type\":\"SearchAction\",\"target\":{\"@type\":\"EntryPoint\",\"urlTemplate\":\"https:\/\/www.megaguvenlik.com\/?s={search_term_string}\"},\"query-input\":{\"@type\":\"PropertyValueSpecification\",\"valueRequired\":true,\"valueName\":\"search_term_string\"}}],\"inLanguage\":\"tr\"}]}<\/script>\n<!-- \/ Yoast SEO plugin. -->","yoast_head_json":{"title":"DAHUA NVR5232-EI - Mega G\u00fcvenlik Sistemleri","description":"NVR5232-EI, yapay zek\u00e2 (AI) destekli y\u00fcksek performansl\u0131 32 kanall\u0131 a\u011f kay\u0131t cihaz\u0131d\u0131r. Geli\u015fmi\u015f y\u00fcz tan\u0131ma, insan ve ara\u00e7 alg\u0131lama \u00f6zellikleri sayesinde sahte alarmlar\u0131 azalt\u0131r ve olaylar\u0131 ak\u0131ll\u0131 \u015fekilde analiz eder. 4K Ultra HD \u00e7\u00f6z\u00fcn\u00fcrl\u00fck ve g\u00fc\u00e7l\u00fc i\u015flemcisi ile b\u00fcy\u00fck \u00f6l\u00e7ekli g\u00fcvenlik sistemleri i\u00e7in ideal bir \u00e7\u00f6z\u00fcmd\u00fcr.","robots":{"index":"index","follow":"follow","max-snippet":"max-snippet:-1","max-image-preview":"max-image-preview:large","max-video-preview":"max-video-preview:-1"},"canonical":"https:\/\/www.megaguvenlik.com\/?product=dahua-nvr5232-ei","og_locale":"tr_TR","og_type":"article","og_title":"DAHUA NVR5232-EI - Mega G\u00fcvenlik Sistemleri","og_description":"NVR5232-EI, yapay zek\u00e2 (AI) destekli y\u00fcksek performansl\u0131 32 kanall\u0131 a\u011f kay\u0131t cihaz\u0131d\u0131r. Geli\u015fmi\u015f y\u00fcz tan\u0131ma, insan ve ara\u00e7 alg\u0131lama \u00f6zellikleri sayesinde sahte alarmlar\u0131 azalt\u0131r ve olaylar\u0131 ak\u0131ll\u0131 \u015fekilde analiz eder. 4K Ultra HD \u00e7\u00f6z\u00fcn\u00fcrl\u00fck ve g\u00fc\u00e7l\u00fc i\u015flemcisi ile b\u00fcy\u00fck \u00f6l\u00e7ekli g\u00fcvenlik sistemleri i\u00e7in ideal bir \u00e7\u00f6z\u00fcmd\u00fcr.","og_url":"https:\/\/www.megaguvenlik.com\/?product=dahua-nvr5232-ei","og_site_name":"Mega G\u00fcvenlik Sistemleri","og_image":[{"width":225,"height":225,"url":"https:\/\/www.megaguvenlik.com\/wp-content\/uploads\/2025\/10\/NVR5232-EI.jpeg","type":"image\/jpeg"}],"twitter_card":"summary_large_image","twitter_misc":{"Tahmini okuma s\u00fcresi":"1 dakika"},"schema":{"@context":"https:\/\/schema.org","@graph":[{"@type":"WebPage","@id":"https:\/\/www.megaguvenlik.com\/?product=dahua-nvr5232-ei","url":"https:\/\/www.megaguvenlik.com\/?product=dahua-nvr5232-ei","name":"DAHUA NVR5232-EI - Mega G\u00fcvenlik Sistemleri","isPartOf":{"@id":"https:\/\/www.megaguvenlik.com\/#website"},"primaryImageOfPage":{"@id":"https:\/\/www.megaguvenlik.com\/?product=dahua-nvr5232-ei#primaryimage"},"image":{"@id":"https:\/\/www.megaguvenlik.com\/?product=dahua-nvr5232-ei#primaryimage"},"thumbnailUrl":"https:\/\/www.megaguvenlik.com\/wp-content\/uploads\/2025\/10\/NVR5232-EI.jpeg","datePublished":"2025-10-21T13:34:55+00:00","description":"NVR5232-EI, yapay zek\u00e2 (AI) destekli y\u00fcksek performansl\u0131 32 kanall\u0131 a\u011f kay\u0131t cihaz\u0131d\u0131r. Geli\u015fmi\u015f y\u00fcz tan\u0131ma, insan ve ara\u00e7 alg\u0131lama \u00f6zellikleri sayesinde sahte alarmlar\u0131 azalt\u0131r ve olaylar\u0131 ak\u0131ll\u0131 \u015fekilde analiz eder. 4K Ultra HD \u00e7\u00f6z\u00fcn\u00fcrl\u00fck ve g\u00fc\u00e7l\u00fc i\u015flemcisi ile b\u00fcy\u00fck \u00f6l\u00e7ekli g\u00fcvenlik sistemleri i\u00e7in ideal bir \u00e7\u00f6z\u00fcmd\u00fcr.","breadcrumb":{"@id":"https:\/\/www.megaguvenlik.com\/?product=dahua-nvr5232-ei#breadcrumb"},"inLanguage":"tr","potentialAction":[{"@type":"ReadAction","target":["https:\/\/www.megaguvenlik.com\/?product=dahua-nvr5232-ei"]}]},{"@type":"ImageObject","inLanguage":"tr","@id":"https:\/\/www.megaguvenlik.com\/?product=dahua-nvr5232-ei#primaryimage","url":"https:\/\/www.megaguvenlik.com\/wp-content\/uploads\/2025\/10\/NVR5232-EI.jpeg","contentUrl":"https:\/\/www.megaguvenlik.com\/wp-content\/uploads\/2025\/10\/NVR5232-EI.jpeg","width":225,"height":225},{"@type":"BreadcrumbList","@id":"https:\/\/www.megaguvenlik.com\/?product=dahua-nvr5232-ei#breadcrumb","itemListElement":[{"@type":"ListItem","position":1,"name":"Anasayfa","item":"https:\/\/www.megaguvenlik.com\/"},{"@type":"ListItem","position":2,"name":"Ma\u011faza","item":"https:\/\/www.megaguvenlik.com\/?page_id=323"},{"@type":"ListItem","position":3,"name":"DAHUA NVR5232-EI"}]},{"@type":"WebSite","@id":"https:\/\/www.megaguvenlik.com\/#website","url":"https:\/\/www.megaguvenlik.com\/","name":"Mega G\u00fcvenlik Sistemleri","description":"Kamera | Yang\u0131n Alarm | Network | Acil Anons","potentialAction":[{"@type":"SearchAction","target":{"@type":"EntryPoint","urlTemplate":"https:\/\/www.megaguvenlik.com\/?s={search_term_string}"},"query-input":{"@type":"PropertyValueSpecification","valueRequired":true,"valueName":"search_term_string"}}],"inLanguage":"tr"}]}},"_links":{"self":[{"href":"https:\/\/www.megaguvenlik.com\/index.php?rest_route=\/wp\/v2\/product\/4714","targetHints":{"allow":["GET"]}}],"collection":[{"href":"https:\/\/www.megaguvenlik.com\/index.php?rest_route=\/wp\/v2\/product"}],"about":[{"href":"https:\/\/www.megaguvenlik.com\/index.php?rest_route=\/wp\/v2\/types\/product"}],"replies":[{"embeddable":true,"href":"https:\/\/www.megaguvenlik.com\/index.php?rest_route=%2Fwp%2Fv2%2Fcomments&post=4714"}],"wp:featuredmedia":[{"embeddable":true,"href":"https:\/\/www.megaguvenlik.com\/index.php?rest_route=\/wp\/v2\/media\/4715"}],"wp:attachment":[{"href":"https:\/\/www.megaguvenlik.com\/index.php?rest_route=%2Fwp%2Fv2%2Fmedia&parent=4714"}],"wp:term":[{"taxonomy":"product_brand","embeddable":true,"href":"https:\/\/www.megaguvenlik.com\/index.php?rest_route=%2Fwp%2Fv2%2Fproduct_brand&post=4714"},{"taxonomy":"product_cat","embeddable":true,"href":"https:\/\/www.megaguvenlik.com\/index.php?rest_route=%2Fwp%2Fv2%2Fproduct_cat&post=4714"},{"taxonomy":"product_tag","embeddable":true,"href":"https:\/\/www.megaguvenlik.com\/index.php?rest_route=%2Fwp%2Fv2%2Fproduct_tag&post=4714"}],"curies":[{"name":"wp","href":"https:\/\/api.w.org\/{rel}","templated":true}]}}